{"id":2922,"date":"2024-01-16T11:04:52","date_gmt":"2024-01-16T10:04:52","guid":{"rendered":"https:\/\/stagpartynight.com\/fr\/?post_type=product&#038;p=2922"},"modified":"2024-01-23T10:22:00","modified_gmt":"2024-01-23T09:22:00","slug":"beach-club-biere-illimitee-benidorm","status":"publish","type":"product","link":"https:\/\/stagpartynight.com\/fr\/product\/beach-club-biere-illimitee-benidorm\/","title":{"rendered":"Beach Club Bi\u00e8re illimit\u00e9e Benidorm"},"content":{"rendered":"<p><span style=\"vertical-align: inherit;\"><span style=\"vertical-align: inherit;\">Beach Club Ilimitado Cerveza Benidorm. <\/span><span style=\"vertical-align: inherit;\">Dos c\u00f3cteles, m\u00fasica y dos horas de cerveza\/cava ilimitados.<\/span><\/span><\/p>\n<p><span style=\"vertical-align: inherit;\"><span style=\"vertical-align: inherit;\">Las mejores despedidas de soltero con <\/span><\/span><a href=\"https:\/\/stagpartynight.com\/\"><span style=\"vertical-align: inherit;\"><span style=\"vertical-align: inherit;\">Stagparty<\/span><\/span><\/a><span style=\"vertical-align: inherit;\"><span style=\"vertical-align: inherit;\"> !<\/span><\/span><\/p>\n<h2 style=\"text-align: center;\"><span style=\"vertical-align: inherit;\"><span style=\"vertical-align: inherit;\">Beach Club Cerveza ilimitada Benidorm <\/span><\/span><strong style=\"color: #666666; font-size: 14px;\"><span style=\"vertical-align: inherit;\"><span style=\"vertical-align: inherit;\">\ud83c\udf7b<\/span><\/span><\/strong><\/h2>\n<p><strong><span style=\"vertical-align: inherit;\"><span style=\"vertical-align: inherit;\">Divi\u00e9rtete junto al mar\ud83c\udf0a<\/span><\/span><\/strong><\/p>\n<p><span style=\"vertical-align: inherit;\"><span style=\"vertical-align: inherit;\">\u00a1Bienvenido al para\u00edso de relajaci\u00f3n de <\/span><\/span><a href=\"https:\/\/es.wikipedia.org\/wiki\/Benidorm\"><span style=\"vertical-align: inherit;\"><span style=\"vertical-align: inherit;\">Benidorm<\/span><\/span><\/a><span style=\"vertical-align: inherit;\"><span style=\"vertical-align: inherit;\"> , donde el sol se encuentra con la arena y la fiesta nunca termina! <\/span><span style=\"vertical-align: inherit;\">\ud83c\udfd6\ufe0f \u00danase a nosotros en el exclusivo Beach Club para vivir una experiencia inolvidable: \u00a1Dos horas de celebraci\u00f3n con cerveza fr\u00eda ilimitada o un delicioso cava espa\u00f1ol! <\/span><span style=\"vertical-align: inherit;\">\ud83c\udf7b\ud83e\udd42<\/span><\/span><\/p>\n<p><strong><span style=\"vertical-align: inherit;\"><span style=\"vertical-align: inherit;\">Detalles del evento:<\/span><\/span><\/strong><\/p>\n<p><span style=\"vertical-align: inherit;\"><span style=\"vertical-align: inherit;\">\ud83c\udfb5 <\/span><\/span><strong><span style=\"vertical-align: inherit;\"><span style=\"vertical-align: inherit;\">Ambiente musical:<\/span><\/span><\/strong><span style=\"vertical-align: inherit;\"><span style=\"vertical-align: inherit;\"> D\u00e9jate llevar por la m\u00fasica cautivadora que acaricia tus o\u00eddos mientras te relajas con el sonido de las olas.<\/span><\/span><\/p>\n<p><span style=\"vertical-align: inherit;\"><span style=\"vertical-align: inherit;\">\ud83d\udc83\ud83d\udd7a <\/span><\/span><strong><span style=\"vertical-align: inherit;\"><span style=\"vertical-align: inherit;\">Bailarines sensacionales:<\/span><\/span><\/strong><span style=\"vertical-align: inherit;\"><span style=\"vertical-align: inherit;\"> \u00a1los fines de semana y el verano adquieren una dimensi\u00f3n completamente nueva con espect\u00e1culos de baile ardientes que elevar\u00e1n la temperatura!<\/span><\/span><\/p>\n<p><span style=\"vertical-align: inherit;\"><span style=\"vertical-align: inherit;\">\ud83c\udfd6\ufe0f <\/span><\/span><strong><span style=\"vertical-align: inherit;\"><span style=\"vertical-align: inherit;\">Impresionante vista:<\/span><\/span><\/strong><span style=\"vertical-align: inherit;\"><span style=\"vertical-align: inherit;\"> nuestra ubicaci\u00f3n en primera l\u00ednea de playa le ofrece una vista impresionante. <\/span><span style=\"vertical-align: inherit;\">Disfruta del atardecer mientras tomas tu bebida favorita.<\/span><\/span><\/p>\n<p><span style=\"vertical-align: inherit;\"><span style=\"vertical-align: inherit;\">\ud83c\udf79 <\/span><\/span><strong><span style=\"vertical-align: inherit;\"><span style=\"vertical-align: inherit;\">Opci\u00f3n Jacuzzi (Adici\u00f3n Opcional):<\/span><\/span><\/strong><span style=\"vertical-align: inherit;\"><span style=\"vertical-align: inherit;\"> Transforma tu experiencia agregando dos horas de pura felicidad en nuestro exclusivo jacuzzi. <\/span><span style=\"vertical-align: inherit;\">\u00a1Un lujo a\u00f1adido para un d\u00eda ya perfecto!<\/span><\/span><\/p>\n<p><strong><span style=\"vertical-align: inherit;\"><span style=\"vertical-align: inherit;\">\u00bfPor qu\u00e9 elegirnos?<\/span><\/span><\/strong><\/p>\n<p><span style=\"vertical-align: inherit;\"><span style=\"vertical-align: inherit;\">\u2728 <\/span><\/span><strong><span style=\"vertical-align: inherit;\"><span style=\"vertical-align: inherit;\">Relajaci\u00f3n Absoluta:<\/span><\/span><\/strong><span style=\"vertical-align: inherit;\"><span style=\"vertical-align: inherit;\"> Olv\u00eddate del estr\u00e9s cotidiano y sum\u00e9rgete en el relajante ambiente de nuestro Beach Club.<\/span><\/span><\/p>\n<p><span style=\"vertical-align: inherit;\"><span style=\"vertical-align: inherit;\">\ud83c\udf7b <\/span><\/span><strong><span style=\"vertical-align: inherit;\"><span style=\"vertical-align: inherit;\">Bebidas ilimitadas:<\/span><\/span><\/strong><span style=\"vertical-align: inherit;\"><span style=\"vertical-align: inherit;\"> Dos horas de felicidad l\u00edquida! <\/span><span style=\"vertical-align: inherit;\">Disfruta de tanta cerveza o cava como quieras sin l\u00edmites.<\/span><\/span><\/p>\n<p><span style=\"vertical-align: inherit;\"><span style=\"vertical-align: inherit;\">\ud83e\udd3f <\/span><\/span><strong><span style=\"vertical-align: inherit;\"><span style=\"vertical-align: inherit;\">Diversi\u00f3n extra:<\/span><\/span><\/strong><span style=\"vertical-align: inherit;\"><span style=\"vertical-align: inherit;\"> La opci\u00f3n de jacuzzi agrega un toque de lujo a tu experiencia. <\/span><span style=\"vertical-align: inherit;\">\u00a1Rel\u00e1jate, divi\u00e9rtete y recarga tus bater\u00edas!<\/span><\/span><\/p>\n<p><span style=\"vertical-align: inherit;\"><span style=\"vertical-align: inherit;\">\u00a1Reserva ahora para vivir un d\u00eda excepcional bajo el sol espa\u00f1ol! <\/span><span style=\"vertical-align: inherit;\">\ud83c\udf1e<\/span><\/span><\/p>\n<p><span style=\"vertical-align: inherit;\"><span style=\"vertical-align: inherit;\">\ud83c\udf89 D\u00e9jate llevar por la energ\u00eda positiva, la buena m\u00fasica y las bebidas refrescantes. <\/span><span style=\"vertical-align: inherit;\">\u00a1\u00danete a nosotros en el Beach Club y crea recuerdos inolvidables!<\/span><\/span><\/p>\n<p style=\"text-align: center;\"><span style=\"vertical-align: inherit;\"><span style=\"vertical-align: inherit;\">\ud83c\udfdd\ufe0fReservar Beach Club Unlimited Beer Benidorm\ud83c\udfdd\ufe0f<\/span><\/span><\/p>\n","protected":false},"excerpt":{"rendered":"<p>Beach Club Ilimitado Cerveza Benidorm. Dos c\u00f3cteles, m\u00fasica y dos horas de cerveza\/cava ilimitados. Las mejores despedidas de soltero con Stagparty ! Beach Club Cerveza ilimitada Benidorm \ud83c\udf7b Divi\u00e9rtete junto al mar\ud83c\udf0a \u00a1Bienvenido al para\u00edso de relajaci\u00f3n de Benidorm , donde el sol se encuentra con la arena y la fiesta nunca termina! \ud83c\udfd6\ufe0f \u00danase [&hellip;]<\/p>\n","protected":false},"featured_media":2923,"comment_status":"open","ping_status":"closed","template":"","meta":{"_et_pb_use_builder":"","_et_pb_old_content":"","_et_gb_content_width":""},"product_brand":[],"product_cat":[600],"product_tag":[661,666,667,665],"class_list":{"0":"post-2922","1":"product","2":"type-product","3":"status-publish","4":"has-post-thumbnail","6":"product_cat-benidorm","7":"product_tag-beach-club-benidorm","8":"product_tag-beach-club-biere-illimitee-benidorm","9":"product_tag-biere-illimitee-benidorm","10":"product_tag-club-de-plage-a-benidorm","12":"first","13":"instock","14":"shipping-taxable","15":"product-type-simple"},"yoast_head":"<!-- This site is optimized with the Yoast SEO Premium plugin v27.5 (Yoast SEO v27.5) - https:\/\/yoast.com\/product\/yoast-seo-premium-wordpress\/ -->\n<title>Beach Club Bi\u00e8re illimit\u00e9e Benidorm<\/title>\n<meta name=\"description\" content=\"Beach Club Bi\u00e8re illimit\u00e9e Benidorm. Deux cocktails, de la musique et deux heures de bi\u00e8re\/sangria \u00e0 volont\u00e9. Benidorm, Spagne.\" \/>\n<meta name=\"robots\" content=\"index, follow, max-snippet:-1, max-image-preview:large, max-video-preview:-1\" \/>\n<link rel=\"canonical\" href=\"https:\/\/stagpartynight.com\/fr\/product\/beach-club-biere-illimitee-benidorm\/\" \/>\n<meta property=\"og:locale\" content=\"en_GB\" \/>\n<meta property=\"og:type\" content=\"article\" \/>\n<meta property=\"og:title\" content=\"Beach Club Bi\u00e8re illimit\u00e9e Benidorm\" \/>\n<meta property=\"og:description\" content=\"Beach Club Bi\u00e8re illimit\u00e9e Benidorm. Deux cocktails, de la musique et deux heures de bi\u00e8re\/sangria \u00e0 volont\u00e9. Benidorm, Spagne.\" \/>\n<meta property=\"og:url\" content=\"https:\/\/stagpartynight.com\/fr\/product\/beach-club-biere-illimitee-benidorm\/\" \/>\n<meta property=\"og:site_name\" content=\"Nuit de f\u00eate de cerf\" \/>\n<meta property=\"article:modified_time\" content=\"2024-01-23T09:22:00+00:00\" \/>\n<meta property=\"og:image\" content=\"https:\/\/stagpartynight.com\/fr\/wp-content\/uploads\/sites\/3\/2024\/01\/Beach-Club-Biere-illimitee-Benidorm.jpg\" \/>\n\t<meta property=\"og:image:width\" content=\"680\" \/>\n\t<meta property=\"og:image:height\" content=\"510\" \/>\n\t<meta property=\"og:image:type\" content=\"image\/jpeg\" \/>\n<meta name=\"twitter:card\" content=\"summary_large_image\" \/>\n<meta name=\"twitter:label1\" content=\"Estimated reading time\" \/>\n\t<meta name=\"twitter:data1\" content=\"2 minutes\" \/>\n<script type=\"application\/ld+json\" class=\"yoast-schema-graph\">{\"@context\":\"https:\\\/\\\/schema.org\",\"@graph\":[{\"@type\":\"WebPage\",\"@id\":\"https:\\\/\\\/stagpartynight.com\\\/fr\\\/product\\\/beach-club-biere-illimitee-benidorm\\\/\",\"url\":\"https:\\\/\\\/stagpartynight.com\\\/fr\\\/product\\\/beach-club-biere-illimitee-benidorm\\\/\",\"name\":\"Beach Club Bi\u00e8re illimit\u00e9e Benidorm\",\"isPartOf\":{\"@id\":\"https:\\\/\\\/stagpartynight.com\\\/fr\\\/#website\"},\"primaryImageOfPage\":{\"@id\":\"https:\\\/\\\/stagpartynight.com\\\/fr\\\/product\\\/beach-club-biere-illimitee-benidorm\\\/#primaryimage\"},\"image\":{\"@id\":\"https:\\\/\\\/stagpartynight.com\\\/fr\\\/product\\\/beach-club-biere-illimitee-benidorm\\\/#primaryimage\"},\"thumbnailUrl\":\"https:\\\/\\\/stagpartynight.com\\\/fr\\\/wp-content\\\/uploads\\\/sites\\\/3\\\/2024\\\/01\\\/Beach-Club-Biere-illimitee-Benidorm.jpg\",\"datePublished\":\"2024-01-16T10:04:52+00:00\",\"dateModified\":\"2024-01-23T09:22:00+00:00\",\"description\":\"Beach Club Bi\u00e8re illimit\u00e9e Benidorm. Deux cocktails, de la musique et deux heures de bi\u00e8re\\\/sangria \u00e0 volont\u00e9. Benidorm, Spagne.\",\"breadcrumb\":{\"@id\":\"https:\\\/\\\/stagpartynight.com\\\/fr\\\/product\\\/beach-club-biere-illimitee-benidorm\\\/#breadcrumb\"},\"inLanguage\":\"en-GB\",\"potentialAction\":[{\"@type\":\"ReadAction\",\"target\":[\"https:\\\/\\\/stagpartynight.com\\\/fr\\\/product\\\/beach-club-biere-illimitee-benidorm\\\/\"]}]},{\"@type\":\"ImageObject\",\"inLanguage\":\"en-GB\",\"@id\":\"https:\\\/\\\/stagpartynight.com\\\/fr\\\/product\\\/beach-club-biere-illimitee-benidorm\\\/#primaryimage\",\"url\":\"https:\\\/\\\/stagpartynight.com\\\/fr\\\/wp-content\\\/uploads\\\/sites\\\/3\\\/2024\\\/01\\\/Beach-Club-Biere-illimitee-Benidorm.jpg\",\"contentUrl\":\"https:\\\/\\\/stagpartynight.com\\\/fr\\\/wp-content\\\/uploads\\\/sites\\\/3\\\/2024\\\/01\\\/Beach-Club-Biere-illimitee-Benidorm.jpg\",\"width\":680,\"height\":510,\"caption\":\"Beach Club Bi\u00e8re illimit\u00e9e Benidorm\"},{\"@type\":\"BreadcrumbList\",\"@id\":\"https:\\\/\\\/stagpartynight.com\\\/fr\\\/product\\\/beach-club-biere-illimitee-benidorm\\\/#breadcrumb\",\"itemListElement\":[{\"@type\":\"ListItem\",\"position\":1,\"name\":\"Home\",\"item\":\"https:\\\/\\\/stagpartynight.com\\\/fr\\\/\"},{\"@type\":\"ListItem\",\"position\":2,\"name\":\"Tienda\",\"item\":\"https:\\\/\\\/stagpartynight.com\\\/fr\\\/tienda\\\/\"},{\"@type\":\"ListItem\",\"position\":3,\"name\":\"Beach Club Bi\u00e8re illimit\u00e9e Benidorm\"}]},{\"@type\":\"WebSite\",\"@id\":\"https:\\\/\\\/stagpartynight.com\\\/fr\\\/#website\",\"url\":\"https:\\\/\\\/stagpartynight.com\\\/fr\\\/\",\"name\":\"Stag Party Night\",\"description\":\"Your Stag Party Customized\",\"publisher\":{\"@id\":\"https:\\\/\\\/stagpartynight.com\\\/fr\\\/#organization\"},\"potentialAction\":[{\"@type\":\"SearchAction\",\"target\":{\"@type\":\"EntryPoint\",\"urlTemplate\":\"https:\\\/\\\/stagpartynight.com\\\/fr\\\/?s={search_term_string}\"},\"query-input\":{\"@type\":\"PropertyValueSpecification\",\"valueRequired\":true,\"valueName\":\"search_term_string\"}}],\"inLanguage\":\"en-GB\"},{\"@type\":\"Organization\",\"@id\":\"https:\\\/\\\/stagpartynight.com\\\/fr\\\/#organization\",\"name\":\"Stag Party Night\",\"url\":\"https:\\\/\\\/stagpartynight.com\\\/fr\\\/\",\"logo\":{\"@type\":\"ImageObject\",\"inLanguage\":\"en-GB\",\"@id\":\"https:\\\/\\\/stagpartynight.com\\\/fr\\\/#\\\/schema\\\/logo\\\/image\\\/\",\"url\":\"https:\\\/\\\/stagpartynight.com\\\/fr\\\/wp-content\\\/uploads\\\/sites\\\/3\\\/2019\\\/12\\\/stagpartynight-e1578565505687.png\",\"contentUrl\":\"https:\\\/\\\/stagpartynight.com\\\/fr\\\/wp-content\\\/uploads\\\/sites\\\/3\\\/2019\\\/12\\\/stagpartynight-e1578565505687.png\",\"width\":400,\"height\":400,\"caption\":\"Stag Party Night\"},\"image\":{\"@id\":\"https:\\\/\\\/stagpartynight.com\\\/fr\\\/#\\\/schema\\\/logo\\\/image\\\/\"}}]}<\/script>\n<!-- \/ Yoast SEO Premium plugin. -->","yoast_head_json":{"title":"Beach Club Bi\u00e8re illimit\u00e9e Benidorm","description":"Beach Club Bi\u00e8re illimit\u00e9e Benidorm. Deux cocktails, de la musique et deux heures de bi\u00e8re\/sangria \u00e0 volont\u00e9. Benidorm, Spagne.","robots":{"index":"index","follow":"follow","max-snippet":"max-snippet:-1","max-image-preview":"max-image-preview:large","max-video-preview":"max-video-preview:-1"},"canonical":"https:\/\/stagpartynight.com\/fr\/product\/beach-club-biere-illimitee-benidorm\/","og_locale":"en_GB","og_type":"article","og_title":"Beach Club Bi\u00e8re illimit\u00e9e Benidorm","og_description":"Beach Club Bi\u00e8re illimit\u00e9e Benidorm. Deux cocktails, de la musique et deux heures de bi\u00e8re\/sangria \u00e0 volont\u00e9. Benidorm, Spagne.","og_url":"https:\/\/stagpartynight.com\/fr\/product\/beach-club-biere-illimitee-benidorm\/","og_site_name":"Nuit de f\u00eate de cerf","article_modified_time":"2024-01-23T09:22:00+00:00","og_image":[{"width":680,"height":510,"url":"https:\/\/stagpartynight.com\/fr\/wp-content\/uploads\/sites\/3\/2024\/01\/Beach-Club-Biere-illimitee-Benidorm.jpg","type":"image\/jpeg"}],"twitter_card":"summary_large_image","twitter_misc":{"Estimated reading time":"2 minutes"},"schema":{"@context":"https:\/\/schema.org","@graph":[{"@type":"WebPage","@id":"https:\/\/stagpartynight.com\/fr\/product\/beach-club-biere-illimitee-benidorm\/","url":"https:\/\/stagpartynight.com\/fr\/product\/beach-club-biere-illimitee-benidorm\/","name":"Beach Club Bi\u00e8re illimit\u00e9e Benidorm","isPartOf":{"@id":"https:\/\/stagpartynight.com\/fr\/#website"},"primaryImageOfPage":{"@id":"https:\/\/stagpartynight.com\/fr\/product\/beach-club-biere-illimitee-benidorm\/#primaryimage"},"image":{"@id":"https:\/\/stagpartynight.com\/fr\/product\/beach-club-biere-illimitee-benidorm\/#primaryimage"},"thumbnailUrl":"https:\/\/stagpartynight.com\/fr\/wp-content\/uploads\/sites\/3\/2024\/01\/Beach-Club-Biere-illimitee-Benidorm.jpg","datePublished":"2024-01-16T10:04:52+00:00","dateModified":"2024-01-23T09:22:00+00:00","description":"Beach Club Bi\u00e8re illimit\u00e9e Benidorm. Deux cocktails, de la musique et deux heures de bi\u00e8re\/sangria \u00e0 volont\u00e9. Benidorm, Spagne.","breadcrumb":{"@id":"https:\/\/stagpartynight.com\/fr\/product\/beach-club-biere-illimitee-benidorm\/#breadcrumb"},"inLanguage":"en-GB","potentialAction":[{"@type":"ReadAction","target":["https:\/\/stagpartynight.com\/fr\/product\/beach-club-biere-illimitee-benidorm\/"]}]},{"@type":"ImageObject","inLanguage":"en-GB","@id":"https:\/\/stagpartynight.com\/fr\/product\/beach-club-biere-illimitee-benidorm\/#primaryimage","url":"https:\/\/stagpartynight.com\/fr\/wp-content\/uploads\/sites\/3\/2024\/01\/Beach-Club-Biere-illimitee-Benidorm.jpg","contentUrl":"https:\/\/stagpartynight.com\/fr\/wp-content\/uploads\/sites\/3\/2024\/01\/Beach-Club-Biere-illimitee-Benidorm.jpg","width":680,"height":510,"caption":"Beach Club Bi\u00e8re illimit\u00e9e Benidorm"},{"@type":"BreadcrumbList","@id":"https:\/\/stagpartynight.com\/fr\/product\/beach-club-biere-illimitee-benidorm\/#breadcrumb","itemListElement":[{"@type":"ListItem","position":1,"name":"Home","item":"https:\/\/stagpartynight.com\/fr\/"},{"@type":"ListItem","position":2,"name":"Tienda","item":"https:\/\/stagpartynight.com\/fr\/tienda\/"},{"@type":"ListItem","position":3,"name":"Beach Club Bi\u00e8re illimit\u00e9e Benidorm"}]},{"@type":"WebSite","@id":"https:\/\/stagpartynight.com\/fr\/#website","url":"https:\/\/stagpartynight.com\/fr\/","name":"Stag Party Night","description":"Your Stag Party Customized","publisher":{"@id":"https:\/\/stagpartynight.com\/fr\/#organization"},"potentialAction":[{"@type":"SearchAction","target":{"@type":"EntryPoint","urlTemplate":"https:\/\/stagpartynight.com\/fr\/?s={search_term_string}"},"query-input":{"@type":"PropertyValueSpecification","valueRequired":true,"valueName":"search_term_string"}}],"inLanguage":"en-GB"},{"@type":"Organization","@id":"https:\/\/stagpartynight.com\/fr\/#organization","name":"Stag Party Night","url":"https:\/\/stagpartynight.com\/fr\/","logo":{"@type":"ImageObject","inLanguage":"en-GB","@id":"https:\/\/stagpartynight.com\/fr\/#\/schema\/logo\/image\/","url":"https:\/\/stagpartynight.com\/fr\/wp-content\/uploads\/sites\/3\/2019\/12\/stagpartynight-e1578565505687.png","contentUrl":"https:\/\/stagpartynight.com\/fr\/wp-content\/uploads\/sites\/3\/2019\/12\/stagpartynight-e1578565505687.png","width":400,"height":400,"caption":"Stag Party Night"},"image":{"@id":"https:\/\/stagpartynight.com\/fr\/#\/schema\/logo\/image\/"}}]}},"_links":{"self":[{"href":"https:\/\/stagpartynight.com\/fr\/wp-json\/wp\/v2\/product\/2922","targetHints":{"allow":["GET"]}}],"collection":[{"href":"https:\/\/stagpartynight.com\/fr\/wp-json\/wp\/v2\/product"}],"about":[{"href":"https:\/\/stagpartynight.com\/fr\/wp-json\/wp\/v2\/types\/product"}],"replies":[{"embeddable":true,"href":"https:\/\/stagpartynight.com\/fr\/wp-json\/wp\/v2\/comments?post=2922"}],"wp:featuredmedia":[{"embeddable":true,"href":"https:\/\/stagpartynight.com\/fr\/wp-json\/wp\/v2\/media\/2923"}],"wp:attachment":[{"href":"https:\/\/stagpartynight.com\/fr\/wp-json\/wp\/v2\/media?parent=2922"}],"wp:term":[{"taxonomy":"product_brand","embeddable":true,"href":"https:\/\/stagpartynight.com\/fr\/wp-json\/wp\/v2\/product_brand?post=2922"},{"taxonomy":"product_cat","embeddable":true,"href":"https:\/\/stagpartynight.com\/fr\/wp-json\/wp\/v2\/product_cat?post=2922"},{"taxonomy":"product_tag","embeddable":true,"href":"https:\/\/stagpartynight.com\/fr\/wp-json\/wp\/v2\/product_tag?post=2922"}],"curies":[{"name":"wp","href":"https:\/\/api.w.org\/{rel}","templated":true}]}}