{"id":293,"date":"2020-01-08T15:18:47","date_gmt":"2020-01-08T14:18:47","guid":{"rendered":"https:\/\/stagpartynight.com\/fr\/?post_type=product&#038;p=293"},"modified":"2021-01-29T15:19:54","modified_gmt":"2021-01-29T14:19:54","slug":"search-for-the-lisbon-treasure","status":"publish","type":"product","link":"https:\/\/stagpartynight.com\/fr\/product\/search-for-the-lisbon-treasure\/","title":{"rendered":"Chasse au tr\u00e9sor \u00e0 Lisbonne"},"content":{"rendered":"<p>Cherchez le tr\u00e9sor, d\u00e9couvrez les lieux historiques de la ville. Nous vous donnons un plan et vous laissons des indices pour d\u00e9couvrir le tr\u00e9sor. Activit\u00e9 avec des guides qui vous aideront \u00e0 trouver les eaux du tr\u00e9sor inclus. Dur\u00e9e approximative de 3 heures.<\/p>\n","protected":false},"excerpt":{"rendered":"<p>Cherchez le tr\u00e9sor, d\u00e9couvrez les lieux historiques de la ville. Nous vous donnons un plan et vous laissons des indices pour d\u00e9couvrir le tr\u00e9sor. Activit\u00e9 avec des guides qui vous aideront \u00e0 trouver les eaux du tr\u00e9sor inclus. Dur\u00e9e approximative de 3 heures<\/p>\n","protected":false},"featured_media":164,"comment_status":"open","ping_status":"closed","template":"","meta":{"_et_pb_use_builder":"","_et_pb_old_content":"","_et_gb_content_width":""},"product_brand":[],"product_cat":[148],"product_tag":[296,155],"class_list":{"0":"post-293","1":"product","2":"type-product","3":"status-publish","4":"has-post-thumbnail","6":"product_cat-lisboa","7":"product_tag-chasse-au-tresor-a-lisbonne","8":"product_tag-search-for-the-lisbon-treasure","10":"first","11":"instock","12":"virtual","13":"product-type-simple"},"yoast_head":"<!-- This site is optimized with the Yoast SEO plugin v26.4 - https:\/\/yoast.com\/wordpress\/plugins\/seo\/ -->\n<title>Chasse au tr\u00e9sor \u00e0 Lisbonne -<\/title>\n<meta name=\"description\" content=\"Chasse au tr\u00e9sor \u00e0 Lisbonne - Cherchez le tr\u00e9sor, d\u00e9couvrez les lieux historiques de la ville. Nous vous donnons un plan et vous laissons des indices pour d\u00e9couvrir le tr\u00e9sor. Activit\u00e9 avec des guides qui vous aideront \u00e0 trouver les eaux du tr\u00e9sor inclus. Dur\u00e9e approximative de 3 heures.\" \/>\n<meta name=\"robots\" content=\"index, follow, max-snippet:-1, max-image-preview:large, max-video-preview:-1\" \/>\n<link rel=\"canonical\" href=\"https:\/\/stagpartynight.com\/fr\/product\/search-for-the-lisbon-treasure\/\" \/>\n<meta property=\"og:locale\" content=\"en_GB\" \/>\n<meta property=\"og:type\" content=\"article\" \/>\n<meta property=\"og:title\" content=\"Chasse au tr\u00e9sor \u00e0 Lisbonne -\" \/>\n<meta property=\"og:description\" content=\"Chasse au tr\u00e9sor \u00e0 Lisbonne - Cherchez le tr\u00e9sor, d\u00e9couvrez les lieux historiques de la ville. Nous vous donnons un plan et vous laissons des indices pour d\u00e9couvrir le tr\u00e9sor. Activit\u00e9 avec des guides qui vous aideront \u00e0 trouver les eaux du tr\u00e9sor inclus. Dur\u00e9e approximative de 3 heures.\" \/>\n<meta property=\"og:url\" content=\"https:\/\/stagpartynight.com\/fr\/product\/search-for-the-lisbon-treasure\/\" \/>\n<meta property=\"og:site_name\" content=\"Nuit de f\u00eate de cerf\" \/>\n<meta property=\"article:modified_time\" content=\"2021-01-29T14:19:54+00:00\" \/>\n<meta property=\"og:image\" content=\"https:\/\/stagpartynight.com\/fr\/wp-content\/uploads\/sites\/3\/2020\/01\/Discovery-Treasure-Hunt-Oporto.jpg\" \/>\n\t<meta property=\"og:image:width\" content=\"600\" \/>\n\t<meta property=\"og:image:height\" content=\"400\" \/>\n\t<meta property=\"og:image:type\" content=\"image\/jpeg\" \/>\n<meta name=\"twitter:card\" content=\"summary_large_image\" \/>\n<script type=\"application\/ld+json\" class=\"yoast-schema-graph\">{\"@context\":\"https:\/\/schema.org\",\"@graph\":[{\"@type\":\"WebPage\",\"@id\":\"https:\/\/stagpartynight.com\/fr\/product\/search-for-the-lisbon-treasure\/\",\"url\":\"https:\/\/stagpartynight.com\/fr\/product\/search-for-the-lisbon-treasure\/\",\"name\":\"Chasse au tr\u00e9sor \u00e0 Lisbonne -\",\"isPartOf\":{\"@id\":\"https:\/\/stagpartynight.com\/fr\/#website\"},\"primaryImageOfPage\":{\"@id\":\"https:\/\/stagpartynight.com\/fr\/product\/search-for-the-lisbon-treasure\/#primaryimage\"},\"image\":{\"@id\":\"https:\/\/stagpartynight.com\/fr\/product\/search-for-the-lisbon-treasure\/#primaryimage\"},\"thumbnailUrl\":\"https:\/\/stagpartynight.com\/fr\/wp-content\/uploads\/sites\/3\/2020\/01\/Discovery-Treasure-Hunt-Oporto.jpg\",\"datePublished\":\"2020-01-08T14:18:47+00:00\",\"dateModified\":\"2021-01-29T14:19:54+00:00\",\"description\":\"Chasse au tr\u00e9sor \u00e0 Lisbonne - Cherchez le tr\u00e9sor, d\u00e9couvrez les lieux historiques de la ville. Nous vous donnons un plan et vous laissons des indices pour d\u00e9couvrir le tr\u00e9sor. Activit\u00e9 avec des guides qui vous aideront \u00e0 trouver les eaux du tr\u00e9sor inclus. Dur\u00e9e approximative de 3 heures.\",\"breadcrumb\":{\"@id\":\"https:\/\/stagpartynight.com\/fr\/product\/search-for-the-lisbon-treasure\/#breadcrumb\"},\"inLanguage\":\"en-GB\",\"potentialAction\":[{\"@type\":\"ReadAction\",\"target\":[\"https:\/\/stagpartynight.com\/fr\/product\/search-for-the-lisbon-treasure\/\"]}]},{\"@type\":\"ImageObject\",\"inLanguage\":\"en-GB\",\"@id\":\"https:\/\/stagpartynight.com\/fr\/product\/search-for-the-lisbon-treasure\/#primaryimage\",\"url\":\"https:\/\/stagpartynight.com\/fr\/wp-content\/uploads\/sites\/3\/2020\/01\/Discovery-Treasure-Hunt-Oporto.jpg\",\"contentUrl\":\"https:\/\/stagpartynight.com\/fr\/wp-content\/uploads\/sites\/3\/2020\/01\/Discovery-Treasure-Hunt-Oporto.jpg\",\"width\":600,\"height\":400},{\"@type\":\"BreadcrumbList\",\"@id\":\"https:\/\/stagpartynight.com\/fr\/product\/search-for-the-lisbon-treasure\/#breadcrumb\",\"itemListElement\":[{\"@type\":\"ListItem\",\"position\":1,\"name\":\"Home\",\"item\":\"https:\/\/stagpartynight.com\/fr\/\"},{\"@type\":\"ListItem\",\"position\":2,\"name\":\"Tienda\",\"item\":\"https:\/\/stagpartynight.com\/fr\/tienda\/\"},{\"@type\":\"ListItem\",\"position\":3,\"name\":\"Chasse au tr\u00e9sor \u00e0 Lisbonne\"}]},{\"@type\":\"WebSite\",\"@id\":\"https:\/\/stagpartynight.com\/fr\/#website\",\"url\":\"https:\/\/stagpartynight.com\/fr\/\",\"name\":\"Stag Party Night\",\"description\":\"Your Stag Party Customized\",\"publisher\":{\"@id\":\"https:\/\/stagpartynight.com\/fr\/#organization\"},\"potentialAction\":[{\"@type\":\"SearchAction\",\"target\":{\"@type\":\"EntryPoint\",\"urlTemplate\":\"https:\/\/stagpartynight.com\/fr\/?s={search_term_string}\"},\"query-input\":{\"@type\":\"PropertyValueSpecification\",\"valueRequired\":true,\"valueName\":\"search_term_string\"}}],\"inLanguage\":\"en-GB\"},{\"@type\":\"Organization\",\"@id\":\"https:\/\/stagpartynight.com\/fr\/#organization\",\"name\":\"Stag Party Night\",\"url\":\"https:\/\/stagpartynight.com\/fr\/\",\"logo\":{\"@type\":\"ImageObject\",\"inLanguage\":\"en-GB\",\"@id\":\"https:\/\/stagpartynight.com\/fr\/#\/schema\/logo\/image\/\",\"url\":\"https:\/\/stagpartynight.com\/fr\/wp-content\/uploads\/sites\/3\/2019\/12\/stagpartynight-e1578565505687.png\",\"contentUrl\":\"https:\/\/stagpartynight.com\/fr\/wp-content\/uploads\/sites\/3\/2019\/12\/stagpartynight-e1578565505687.png\",\"width\":400,\"height\":400,\"caption\":\"Stag Party Night\"},\"image\":{\"@id\":\"https:\/\/stagpartynight.com\/fr\/#\/schema\/logo\/image\/\"}}]}<\/script>\n<!-- \/ Yoast SEO plugin. -->","yoast_head_json":{"title":"Chasse au tr\u00e9sor \u00e0 Lisbonne -","description":"Chasse au tr\u00e9sor \u00e0 Lisbonne - Cherchez le tr\u00e9sor, d\u00e9couvrez les lieux historiques de la ville. Nous vous donnons un plan et vous laissons des indices pour d\u00e9couvrir le tr\u00e9sor. Activit\u00e9 avec des guides qui vous aideront \u00e0 trouver les eaux du tr\u00e9sor inclus. Dur\u00e9e approximative de 3 heures.","robots":{"index":"index","follow":"follow","max-snippet":"max-snippet:-1","max-image-preview":"max-image-preview:large","max-video-preview":"max-video-preview:-1"},"canonical":"https:\/\/stagpartynight.com\/fr\/product\/search-for-the-lisbon-treasure\/","og_locale":"en_GB","og_type":"article","og_title":"Chasse au tr\u00e9sor \u00e0 Lisbonne -","og_description":"Chasse au tr\u00e9sor \u00e0 Lisbonne - Cherchez le tr\u00e9sor, d\u00e9couvrez les lieux historiques de la ville. Nous vous donnons un plan et vous laissons des indices pour d\u00e9couvrir le tr\u00e9sor. Activit\u00e9 avec des guides qui vous aideront \u00e0 trouver les eaux du tr\u00e9sor inclus. Dur\u00e9e approximative de 3 heures.","og_url":"https:\/\/stagpartynight.com\/fr\/product\/search-for-the-lisbon-treasure\/","og_site_name":"Nuit de f\u00eate de cerf","article_modified_time":"2021-01-29T14:19:54+00:00","og_image":[{"width":600,"height":400,"url":"https:\/\/stagpartynight.com\/fr\/wp-content\/uploads\/sites\/3\/2020\/01\/Discovery-Treasure-Hunt-Oporto.jpg","type":"image\/jpeg"}],"twitter_card":"summary_large_image","schema":{"@context":"https:\/\/schema.org","@graph":[{"@type":"WebPage","@id":"https:\/\/stagpartynight.com\/fr\/product\/search-for-the-lisbon-treasure\/","url":"https:\/\/stagpartynight.com\/fr\/product\/search-for-the-lisbon-treasure\/","name":"Chasse au tr\u00e9sor \u00e0 Lisbonne -","isPartOf":{"@id":"https:\/\/stagpartynight.com\/fr\/#website"},"primaryImageOfPage":{"@id":"https:\/\/stagpartynight.com\/fr\/product\/search-for-the-lisbon-treasure\/#primaryimage"},"image":{"@id":"https:\/\/stagpartynight.com\/fr\/product\/search-for-the-lisbon-treasure\/#primaryimage"},"thumbnailUrl":"https:\/\/stagpartynight.com\/fr\/wp-content\/uploads\/sites\/3\/2020\/01\/Discovery-Treasure-Hunt-Oporto.jpg","datePublished":"2020-01-08T14:18:47+00:00","dateModified":"2021-01-29T14:19:54+00:00","description":"Chasse au tr\u00e9sor \u00e0 Lisbonne - Cherchez le tr\u00e9sor, d\u00e9couvrez les lieux historiques de la ville. Nous vous donnons un plan et vous laissons des indices pour d\u00e9couvrir le tr\u00e9sor. Activit\u00e9 avec des guides qui vous aideront \u00e0 trouver les eaux du tr\u00e9sor inclus. Dur\u00e9e approximative de 3 heures.","breadcrumb":{"@id":"https:\/\/stagpartynight.com\/fr\/product\/search-for-the-lisbon-treasure\/#breadcrumb"},"inLanguage":"en-GB","potentialAction":[{"@type":"ReadAction","target":["https:\/\/stagpartynight.com\/fr\/product\/search-for-the-lisbon-treasure\/"]}]},{"@type":"ImageObject","inLanguage":"en-GB","@id":"https:\/\/stagpartynight.com\/fr\/product\/search-for-the-lisbon-treasure\/#primaryimage","url":"https:\/\/stagpartynight.com\/fr\/wp-content\/uploads\/sites\/3\/2020\/01\/Discovery-Treasure-Hunt-Oporto.jpg","contentUrl":"https:\/\/stagpartynight.com\/fr\/wp-content\/uploads\/sites\/3\/2020\/01\/Discovery-Treasure-Hunt-Oporto.jpg","width":600,"height":400},{"@type":"BreadcrumbList","@id":"https:\/\/stagpartynight.com\/fr\/product\/search-for-the-lisbon-treasure\/#breadcrumb","itemListElement":[{"@type":"ListItem","position":1,"name":"Home","item":"https:\/\/stagpartynight.com\/fr\/"},{"@type":"ListItem","position":2,"name":"Tienda","item":"https:\/\/stagpartynight.com\/fr\/tienda\/"},{"@type":"ListItem","position":3,"name":"Chasse au tr\u00e9sor \u00e0 Lisbonne"}]},{"@type":"WebSite","@id":"https:\/\/stagpartynight.com\/fr\/#website","url":"https:\/\/stagpartynight.com\/fr\/","name":"Stag Party Night","description":"Your Stag Party Customized","publisher":{"@id":"https:\/\/stagpartynight.com\/fr\/#organization"},"potentialAction":[{"@type":"SearchAction","target":{"@type":"EntryPoint","urlTemplate":"https:\/\/stagpartynight.com\/fr\/?s={search_term_string}"},"query-input":{"@type":"PropertyValueSpecification","valueRequired":true,"valueName":"search_term_string"}}],"inLanguage":"en-GB"},{"@type":"Organization","@id":"https:\/\/stagpartynight.com\/fr\/#organization","name":"Stag Party Night","url":"https:\/\/stagpartynight.com\/fr\/","logo":{"@type":"ImageObject","inLanguage":"en-GB","@id":"https:\/\/stagpartynight.com\/fr\/#\/schema\/logo\/image\/","url":"https:\/\/stagpartynight.com\/fr\/wp-content\/uploads\/sites\/3\/2019\/12\/stagpartynight-e1578565505687.png","contentUrl":"https:\/\/stagpartynight.com\/fr\/wp-content\/uploads\/sites\/3\/2019\/12\/stagpartynight-e1578565505687.png","width":400,"height":400,"caption":"Stag Party Night"},"image":{"@id":"https:\/\/stagpartynight.com\/fr\/#\/schema\/logo\/image\/"}}]}},"_links":{"self":[{"href":"https:\/\/stagpartynight.com\/fr\/wp-json\/wp\/v2\/product\/293","targetHints":{"allow":["GET"]}}],"collection":[{"href":"https:\/\/stagpartynight.com\/fr\/wp-json\/wp\/v2\/product"}],"about":[{"href":"https:\/\/stagpartynight.com\/fr\/wp-json\/wp\/v2\/types\/product"}],"replies":[{"embeddable":true,"href":"https:\/\/stagpartynight.com\/fr\/wp-json\/wp\/v2\/comments?post=293"}],"wp:featuredmedia":[{"embeddable":true,"href":"https:\/\/stagpartynight.com\/fr\/wp-json\/wp\/v2\/media\/164"}],"wp:attachment":[{"href":"https:\/\/stagpartynight.com\/fr\/wp-json\/wp\/v2\/media?parent=293"}],"wp:term":[{"taxonomy":"product_brand","embeddable":true,"href":"https:\/\/stagpartynight.com\/fr\/wp-json\/wp\/v2\/product_brand?post=293"},{"taxonomy":"product_cat","embeddable":true,"href":"https:\/\/stagpartynight.com\/fr\/wp-json\/wp\/v2\/product_cat?post=293"},{"taxonomy":"product_tag","embeddable":true,"href":"https:\/\/stagpartynight.com\/fr\/wp-json\/wp\/v2\/product_tag?post=293"}],"curies":[{"name":"wp","href":"https:\/\/api.w.org\/{rel}","templated":true}]}}