{"id":2933,"date":"2024-01-18T12:49:03","date_gmt":"2024-01-18T11:49:03","guid":{"rendered":"https:\/\/stagpartynight.com\/fr\/?post_type=product&#038;p=2933"},"modified":"2024-09-29T12:43:52","modified_gmt":"2024-09-29T10:43:52","slug":"limousine-striptease-majorque","status":"publish","type":"product","link":"https:\/\/stagpartynight.com\/fr\/product\/limousine-striptease-majorque\/","title":{"rendered":"Limousine &#038; Striptease Majorque"},"content":{"rendered":"<div>Limousine &amp; Striptease Majorque. Service d&#8217;une heure en limousine avec 2 bouteilles de cava incluses et striptease \u00e0 l&#8217;int\u00e9rieur &#8220;maximum 12 places&#8221;. Sensualit\u00e9 et luxe.<\/div>\n<div><\/div>\n<div>Les meilleurs enterrements de vie de gar\u00e7on avec <a href=\"https:\/\/stagpartynight.com\/\">StagParty<\/a> !<\/div>\n<div><\/div>\n<h2 style=\"text-align: center;\">Limousine &amp; Striptease Majorque<\/h2>\n<div><\/div>\n<div>\u00a0\ud83d\ude97 Vivez le luxe avec notre service de limousine et de strip-teaseuse \u00e0 Majorque ! \ud83c\udf7e<\/div>\n<div><\/div>\n<div>Faites l&#8217;exp\u00e9rience du glamour et du confort en explorant la belle \u00eele de Majorque avec notre service exclusif de limousine. Pendant une heure, vous ne vous sentirez pas seulement luxueux dans la limousine spacieuse et \u00e9l\u00e9gante, mais il y aura une fille \u00e0 l&#8217;int\u00e9rieur pour vous faire profiter pleinement du voyage&#8230;\u2728<\/div>\n<div><\/div>\n<div>Si voyager dans une limousine est d\u00e9j\u00e0 une exp\u00e9rience qui vous fait vous sentir puissant, imaginez-vous avec un spectacle \u00e9rotique \u00e0 l&#8217;int\u00e9rieur. Avec deux bouteilles de cava incluses et une belle fille l\u00e9g\u00e8rement v\u00eatue&#8230; le voyage devient une f\u00eate de luxe ! D\u00e9tendez-vous, profitez de la compagnie et trinquez avec style en vous dirigeant vers vos destinations pr\u00e9f\u00e9r\u00e9es. \ud83d\udd25<\/div>\n<div><\/div>\n<div>Notre service de limousine est con\u00e7u pour rendre votre exp\u00e9rience \u00e0 Majorque inoubliable. Qu&#8217;il s&#8217;agisse d&#8217;une occasion sp\u00e9ciale, d&#8217;un enterrement de vie de gar\u00e7on ou de jeune fille ou simplement d&#8217;un voyage de classe, nous sommes l\u00e0 pour r\u00e9aliser vos r\u00eaves de luxe sur l&#8217;\u00eele. Profitez du p\u00e9ch\u00e9 sur l&#8217;\u00eele avec la carri\u00e8re et une femme sexy.\ud83c\udf34<\/div>\n<div><\/div>\n<div>\n<div><\/div>\n<div>R\u00e9servez d\u00e8s maintenant et laissez-nous vous emmener au niveau suivant de sensualit\u00e9 et de plaisir \u00e0 Majorque et d\u00e9couvrez le plaisir de l&#8217;exclusivit\u00e9 en fl\u00e2nant dans les rues de Palma de Majorque et de Magaluf!<\/div>\n<div style=\"text-align: center;\"><\/div>\n<div style=\"text-align: center;\">Choisissez la sensualit\u00e9, choisissez le luxe<\/div>\n<div style=\"text-align: center;\">R\u00e9servez d\u00e8s maintenant Limousine &amp; Striptease <a href=\"https:\/\/es.wikipedia.org\/wiki\/Mallorca\">Majorque<\/a>. \ud83d\udd25<\/div>\n<\/div>\n","protected":false},"excerpt":{"rendered":"<p>Limousine &amp; Striptease Majorque. Service d&#8217;une heure en limousine avec 2 bouteilles de cava incluses et striptease \u00e0 l&#8217;int\u00e9rieur &#8220;maximum 12 places&#8221;. Sensualit\u00e9 et luxe.<\/p>\n","protected":false},"featured_media":3152,"comment_status":"open","ping_status":"closed","template":"","meta":{"_et_pb_use_builder":"","_et_pb_old_content":"","_et_gb_content_width":""},"product_brand":[],"product_cat":[504],"product_tag":[521,671,670],"class_list":{"0":"post-2933","1":"product","2":"type-product","3":"status-publish","4":"has-post-thumbnail","6":"product_cat-mallorca","7":"product_tag-limousine-striptease-majorque","8":"product_tag-limousine-majorque","9":"product_tag-striptease-majorque","11":"first","12":"instock","13":"shipping-taxable","14":"product-type-simple"},"yoast_head":"<!-- This site is optimized with the Yoast SEO plugin v26.4 - https:\/\/yoast.com\/wordpress\/plugins\/seo\/ -->\n<title>Limousine &amp; Striptease Majorque<\/title>\n<meta name=\"description\" content=\"Limousine &amp; Striptease Majorque. Service d&#039;une heure en limousine avec 2 bouteilles de cava incluses et striptease \u00e0 l&#039;int\u00e9rieur &quot;maximum 12 places&quot;.\" \/>\n<meta name=\"robots\" content=\"index, follow, max-snippet:-1, max-image-preview:large, max-video-preview:-1\" \/>\n<link rel=\"canonical\" href=\"https:\/\/stagpartynight.com\/fr\/product\/limousine-striptease-majorque\/\" \/>\n<meta property=\"og:locale\" content=\"en_GB\" \/>\n<meta property=\"og:type\" content=\"article\" \/>\n<meta property=\"og:title\" content=\"Limousine &amp; Striptease Majorque\" \/>\n<meta property=\"og:description\" content=\"Limousine &amp; Striptease Majorque. Service d&#039;une heure en limousine avec 2 bouteilles de cava incluses et striptease \u00e0 l&#039;int\u00e9rieur &quot;maximum 12 places&quot;.\" \/>\n<meta property=\"og:url\" content=\"https:\/\/stagpartynight.com\/fr\/product\/limousine-striptease-majorque\/\" \/>\n<meta property=\"og:site_name\" content=\"Nuit de f\u00eate de cerf\" \/>\n<meta property=\"article:modified_time\" content=\"2024-09-29T10:43:52+00:00\" \/>\n<meta property=\"og:image\" content=\"https:\/\/stagpartynight.com\/fr\/wp-content\/uploads\/sites\/3\/2024\/01\/Limousine-Striptease-Majorque.jpg\" \/>\n\t<meta property=\"og:image:width\" content=\"640\" \/>\n\t<meta property=\"og:image:height\" content=\"1140\" \/>\n\t<meta property=\"og:image:type\" content=\"image\/jpeg\" \/>\n<meta name=\"twitter:card\" content=\"summary_large_image\" \/>\n<meta name=\"twitter:label1\" content=\"Estimated reading time\" \/>\n\t<meta name=\"twitter:data1\" content=\"2 minutes\" \/>\n<script type=\"application\/ld+json\" class=\"yoast-schema-graph\">{\"@context\":\"https:\/\/schema.org\",\"@graph\":[{\"@type\":\"WebPage\",\"@id\":\"https:\/\/stagpartynight.com\/fr\/product\/limousine-striptease-majorque\/\",\"url\":\"https:\/\/stagpartynight.com\/fr\/product\/limousine-striptease-majorque\/\",\"name\":\"Limousine & Striptease Majorque\",\"isPartOf\":{\"@id\":\"https:\/\/stagpartynight.com\/fr\/#website\"},\"primaryImageOfPage\":{\"@id\":\"https:\/\/stagpartynight.com\/fr\/product\/limousine-striptease-majorque\/#primaryimage\"},\"image\":{\"@id\":\"https:\/\/stagpartynight.com\/fr\/product\/limousine-striptease-majorque\/#primaryimage\"},\"thumbnailUrl\":\"https:\/\/stagpartynight.com\/fr\/wp-content\/uploads\/sites\/3\/2024\/01\/Limousine-Striptease-Majorque.jpg\",\"datePublished\":\"2024-01-18T11:49:03+00:00\",\"dateModified\":\"2024-09-29T10:43:52+00:00\",\"description\":\"Limousine & Striptease Majorque. Service d'une heure en limousine avec 2 bouteilles de cava incluses et striptease \u00e0 l'int\u00e9rieur \\\"maximum 12 places\\\".\",\"breadcrumb\":{\"@id\":\"https:\/\/stagpartynight.com\/fr\/product\/limousine-striptease-majorque\/#breadcrumb\"},\"inLanguage\":\"en-GB\",\"potentialAction\":[{\"@type\":\"ReadAction\",\"target\":[\"https:\/\/stagpartynight.com\/fr\/product\/limousine-striptease-majorque\/\"]}]},{\"@type\":\"ImageObject\",\"inLanguage\":\"en-GB\",\"@id\":\"https:\/\/stagpartynight.com\/fr\/product\/limousine-striptease-majorque\/#primaryimage\",\"url\":\"https:\/\/stagpartynight.com\/fr\/wp-content\/uploads\/sites\/3\/2024\/01\/Limousine-Striptease-Majorque.jpg\",\"contentUrl\":\"https:\/\/stagpartynight.com\/fr\/wp-content\/uploads\/sites\/3\/2024\/01\/Limousine-Striptease-Majorque.jpg\",\"width\":640,\"height\":1140,\"caption\":\"Limousine & Striptease Majorque\"},{\"@type\":\"BreadcrumbList\",\"@id\":\"https:\/\/stagpartynight.com\/fr\/product\/limousine-striptease-majorque\/#breadcrumb\",\"itemListElement\":[{\"@type\":\"ListItem\",\"position\":1,\"name\":\"Home\",\"item\":\"https:\/\/stagpartynight.com\/fr\/\"},{\"@type\":\"ListItem\",\"position\":2,\"name\":\"Tienda\",\"item\":\"https:\/\/stagpartynight.com\/fr\/tienda\/\"},{\"@type\":\"ListItem\",\"position\":3,\"name\":\"Limousine &#038; Striptease Majorque\"}]},{\"@type\":\"WebSite\",\"@id\":\"https:\/\/stagpartynight.com\/fr\/#website\",\"url\":\"https:\/\/stagpartynight.com\/fr\/\",\"name\":\"Stag Party Night\",\"description\":\"Your Stag Party Customized\",\"publisher\":{\"@id\":\"https:\/\/stagpartynight.com\/fr\/#organization\"},\"potentialAction\":[{\"@type\":\"SearchAction\",\"target\":{\"@type\":\"EntryPoint\",\"urlTemplate\":\"https:\/\/stagpartynight.com\/fr\/?s={search_term_string}\"},\"query-input\":{\"@type\":\"PropertyValueSpecification\",\"valueRequired\":true,\"valueName\":\"search_term_string\"}}],\"inLanguage\":\"en-GB\"},{\"@type\":\"Organization\",\"@id\":\"https:\/\/stagpartynight.com\/fr\/#organization\",\"name\":\"Stag Party Night\",\"url\":\"https:\/\/stagpartynight.com\/fr\/\",\"logo\":{\"@type\":\"ImageObject\",\"inLanguage\":\"en-GB\",\"@id\":\"https:\/\/stagpartynight.com\/fr\/#\/schema\/logo\/image\/\",\"url\":\"https:\/\/stagpartynight.com\/fr\/wp-content\/uploads\/sites\/3\/2019\/12\/stagpartynight-e1578565505687.png\",\"contentUrl\":\"https:\/\/stagpartynight.com\/fr\/wp-content\/uploads\/sites\/3\/2019\/12\/stagpartynight-e1578565505687.png\",\"width\":400,\"height\":400,\"caption\":\"Stag Party Night\"},\"image\":{\"@id\":\"https:\/\/stagpartynight.com\/fr\/#\/schema\/logo\/image\/\"}}]}<\/script>\n<!-- \/ Yoast SEO plugin. -->","yoast_head_json":{"title":"Limousine & Striptease Majorque","description":"Limousine & Striptease Majorque. Service d'une heure en limousine avec 2 bouteilles de cava incluses et striptease \u00e0 l'int\u00e9rieur \"maximum 12 places\".","robots":{"index":"index","follow":"follow","max-snippet":"max-snippet:-1","max-image-preview":"max-image-preview:large","max-video-preview":"max-video-preview:-1"},"canonical":"https:\/\/stagpartynight.com\/fr\/product\/limousine-striptease-majorque\/","og_locale":"en_GB","og_type":"article","og_title":"Limousine & Striptease Majorque","og_description":"Limousine & Striptease Majorque. Service d'une heure en limousine avec 2 bouteilles de cava incluses et striptease \u00e0 l'int\u00e9rieur \"maximum 12 places\".","og_url":"https:\/\/stagpartynight.com\/fr\/product\/limousine-striptease-majorque\/","og_site_name":"Nuit de f\u00eate de cerf","article_modified_time":"2024-09-29T10:43:52+00:00","og_image":[{"width":640,"height":1140,"url":"https:\/\/stagpartynight.com\/fr\/wp-content\/uploads\/sites\/3\/2024\/01\/Limousine-Striptease-Majorque.jpg","type":"image\/jpeg"}],"twitter_card":"summary_large_image","twitter_misc":{"Estimated reading time":"2 minutes"},"schema":{"@context":"https:\/\/schema.org","@graph":[{"@type":"WebPage","@id":"https:\/\/stagpartynight.com\/fr\/product\/limousine-striptease-majorque\/","url":"https:\/\/stagpartynight.com\/fr\/product\/limousine-striptease-majorque\/","name":"Limousine & Striptease Majorque","isPartOf":{"@id":"https:\/\/stagpartynight.com\/fr\/#website"},"primaryImageOfPage":{"@id":"https:\/\/stagpartynight.com\/fr\/product\/limousine-striptease-majorque\/#primaryimage"},"image":{"@id":"https:\/\/stagpartynight.com\/fr\/product\/limousine-striptease-majorque\/#primaryimage"},"thumbnailUrl":"https:\/\/stagpartynight.com\/fr\/wp-content\/uploads\/sites\/3\/2024\/01\/Limousine-Striptease-Majorque.jpg","datePublished":"2024-01-18T11:49:03+00:00","dateModified":"2024-09-29T10:43:52+00:00","description":"Limousine & Striptease Majorque. Service d'une heure en limousine avec 2 bouteilles de cava incluses et striptease \u00e0 l'int\u00e9rieur \"maximum 12 places\".","breadcrumb":{"@id":"https:\/\/stagpartynight.com\/fr\/product\/limousine-striptease-majorque\/#breadcrumb"},"inLanguage":"en-GB","potentialAction":[{"@type":"ReadAction","target":["https:\/\/stagpartynight.com\/fr\/product\/limousine-striptease-majorque\/"]}]},{"@type":"ImageObject","inLanguage":"en-GB","@id":"https:\/\/stagpartynight.com\/fr\/product\/limousine-striptease-majorque\/#primaryimage","url":"https:\/\/stagpartynight.com\/fr\/wp-content\/uploads\/sites\/3\/2024\/01\/Limousine-Striptease-Majorque.jpg","contentUrl":"https:\/\/stagpartynight.com\/fr\/wp-content\/uploads\/sites\/3\/2024\/01\/Limousine-Striptease-Majorque.jpg","width":640,"height":1140,"caption":"Limousine & Striptease Majorque"},{"@type":"BreadcrumbList","@id":"https:\/\/stagpartynight.com\/fr\/product\/limousine-striptease-majorque\/#breadcrumb","itemListElement":[{"@type":"ListItem","position":1,"name":"Home","item":"https:\/\/stagpartynight.com\/fr\/"},{"@type":"ListItem","position":2,"name":"Tienda","item":"https:\/\/stagpartynight.com\/fr\/tienda\/"},{"@type":"ListItem","position":3,"name":"Limousine &#038; Striptease Majorque"}]},{"@type":"WebSite","@id":"https:\/\/stagpartynight.com\/fr\/#website","url":"https:\/\/stagpartynight.com\/fr\/","name":"Stag Party Night","description":"Your Stag Party Customized","publisher":{"@id":"https:\/\/stagpartynight.com\/fr\/#organization"},"potentialAction":[{"@type":"SearchAction","target":{"@type":"EntryPoint","urlTemplate":"https:\/\/stagpartynight.com\/fr\/?s={search_term_string}"},"query-input":{"@type":"PropertyValueSpecification","valueRequired":true,"valueName":"search_term_string"}}],"inLanguage":"en-GB"},{"@type":"Organization","@id":"https:\/\/stagpartynight.com\/fr\/#organization","name":"Stag Party Night","url":"https:\/\/stagpartynight.com\/fr\/","logo":{"@type":"ImageObject","inLanguage":"en-GB","@id":"https:\/\/stagpartynight.com\/fr\/#\/schema\/logo\/image\/","url":"https:\/\/stagpartynight.com\/fr\/wp-content\/uploads\/sites\/3\/2019\/12\/stagpartynight-e1578565505687.png","contentUrl":"https:\/\/stagpartynight.com\/fr\/wp-content\/uploads\/sites\/3\/2019\/12\/stagpartynight-e1578565505687.png","width":400,"height":400,"caption":"Stag Party Night"},"image":{"@id":"https:\/\/stagpartynight.com\/fr\/#\/schema\/logo\/image\/"}}]}},"_links":{"self":[{"href":"https:\/\/stagpartynight.com\/fr\/wp-json\/wp\/v2\/product\/2933","targetHints":{"allow":["GET"]}}],"collection":[{"href":"https:\/\/stagpartynight.com\/fr\/wp-json\/wp\/v2\/product"}],"about":[{"href":"https:\/\/stagpartynight.com\/fr\/wp-json\/wp\/v2\/types\/product"}],"replies":[{"embeddable":true,"href":"https:\/\/stagpartynight.com\/fr\/wp-json\/wp\/v2\/comments?post=2933"}],"wp:featuredmedia":[{"embeddable":true,"href":"https:\/\/stagpartynight.com\/fr\/wp-json\/wp\/v2\/media\/3152"}],"wp:attachment":[{"href":"https:\/\/stagpartynight.com\/fr\/wp-json\/wp\/v2\/media?parent=2933"}],"wp:term":[{"taxonomy":"product_brand","embeddable":true,"href":"https:\/\/stagpartynight.com\/fr\/wp-json\/wp\/v2\/product_brand?post=2933"},{"taxonomy":"product_cat","embeddable":true,"href":"https:\/\/stagpartynight.com\/fr\/wp-json\/wp\/v2\/product_cat?post=2933"},{"taxonomy":"product_tag","embeddable":true,"href":"https:\/\/stagpartynight.com\/fr\/wp-json\/wp\/v2\/product_tag?post=2933"}],"curies":[{"name":"wp","href":"https:\/\/api.w.org\/{rel}","templated":true}]}}