{"id":2941,"date":"2024-01-23T10:48:33","date_gmt":"2024-01-23T09:48:33","guid":{"rendered":"https:\/\/stagpartynight.com\/fr\/?post_type=product&#038;p=2941"},"modified":"2024-01-23T10:57:33","modified_gmt":"2024-01-23T09:57:33","slug":"bateau-au-coucher-du-soleil-a-valence","status":"publish","type":"product","link":"https:\/\/stagpartynight.com\/fr\/product\/bateau-au-coucher-du-soleil-a-valence\/","title":{"rendered":"Bateau au coucher du soleil \u00e0 Valence"},"content":{"rendered":"<div>Bateau au coucher du soleil \u00e0 Valence. Comprend un DJ et un cocktail de bienvenue : &#8220;Agua de Valencia&#8221;.<\/div>\n<div><\/div>\n<div>Les meilleurs enterrements de vie de gar\u00e7on avec <a href=\"https:\/\/stagpartynight.com\/\">Stagparty<\/a>!<\/div>\n<div><\/div>\n<h2 style=\"text-align: center;\">Bateau au coucher du soleil \u00e0 Valence<\/h2>\n<h4>\u26f5\ufe0f Coucher de soleil enchant\u00e9 \u00e0 Valence : une incroyable aventure marine.<\/h4>\n<div><\/div>\n<div>Embarquez pour une exp\u00e9rience inoubliable \u00e0 Valence avec notre excursion. Cette excursion offre un m\u00e9lange parfait de d\u00e9tente et d&#8217;aventure, avec des moments magiques \u00e0 chaque tournant.<\/div>\n<div><\/div>\n<div>Explorez la M\u00e9diterran\u00e9e lors de deux escales en haute mer, en d\u00e9couvrant des criques isol\u00e9es et des eaux cristallines. D\u00e9connectez-vous du monde pendant une heure et demie.<\/div>\n<div><\/div>\n<div>Le meilleur de Valence ? Le coucher de soleil.\u00a0 Une pause spectaculaire pour admirer le coucher de soleil valencien. Savourez toutes les nuances du ciel alors que le soleil se fond dans l&#8217;horizon m\u00e9diterran\u00e9en.<\/div>\n<div><\/div>\n<div>Et comme si cela ne suffisait pas, profitez de notre &#8220;Agua de Valencia&#8221; et de la possibilit\u00e9 de commander des boissons \u00e0 bord, comme du cava p\u00e9tillant, de la bi\u00e8re rafra\u00eechissante, de la sangria espagnole, du Fanta fruit\u00e9 ou simplement de l&#8217;eau pour \u00e9tancher votre soif.<\/div>\n<div><\/div>\n<div>Naviguez \u00e0 bord de notre bateau confortable, sentez la brise marine et impr\u00e9gnez-vous de l&#8217;atmosph\u00e8re relaxante. Cr\u00e9ez des souvenirs inoubliables avec vos proches, partagez des rires et immortalisez des moments magiques tout au long de cette exp\u00e9rience marine exceptionnelle.<\/div>\n<div><\/div>\n<div style=\"text-align: center;\">R\u00e9servez\u00a0 coucher du soleil \u00e0 <a href=\"https:\/\/es.wikipedia.org\/wiki\/Valencia\">Valence<\/a><span style=\"color: #333333; font-size: 18px;\">\u26f5\ufe0f<\/span><\/div>\n<div><\/div>\n","protected":false},"excerpt":{"rendered":"<p>Bateau au coucher du soleil \u00e0 Valence. Comprend un DJ et un cocktail de bienvenue : &#8220;Agua de Valencia&#8221;.<\/p>\n","protected":false},"featured_media":2942,"comment_status":"open","ping_status":"closed","template":"","meta":{"_et_pb_use_builder":"","_et_pb_old_content":"","_et_gb_content_width":""},"product_brand":[],"product_cat":[218,531],"product_tag":[672,673],"class_list":{"0":"post-2941","1":"product","2":"type-product","3":"status-publish","4":"has-post-thumbnail","6":"product_cat-uncategorised","7":"product_cat-valencia","8":"product_tag-bateau-au-coucher-du-soleil-a-valence","9":"product_tag-bateau-valence","11":"first","12":"instock","13":"shipping-taxable","14":"product-type-simple"},"yoast_head":"<!-- This site is optimized with the Yoast SEO plugin v26.4 - https:\/\/yoast.com\/wordpress\/plugins\/seo\/ -->\n<title>Bateau au coucher du soleil \u00e0 Valence<\/title>\n<meta name=\"description\" content=\"Bateau au coucher du soleil \u00e0 Valence. Comprend un DJ et un cocktail de bienvenue : &quot;Agua de Valencia&quot;.\u00a0Valencia, SPAIN. SUNSET CATAMARAN.\" \/>\n<meta name=\"robots\" content=\"index, follow, max-snippet:-1, max-image-preview:large, max-video-preview:-1\" \/>\n<link rel=\"canonical\" href=\"https:\/\/stagpartynight.com\/fr\/product\/bateau-au-coucher-du-soleil-a-valence\/\" \/>\n<meta property=\"og:locale\" content=\"en_GB\" \/>\n<meta property=\"og:type\" content=\"article\" \/>\n<meta property=\"og:title\" content=\"Bateau au coucher du soleil \u00e0 Valence\" \/>\n<meta property=\"og:description\" content=\"Bateau au coucher du soleil \u00e0 Valence. Comprend un DJ et un cocktail de bienvenue : &quot;Agua de Valencia&quot;.\u00a0Valencia, SPAIN. SUNSET CATAMARAN.\" \/>\n<meta property=\"og:url\" content=\"https:\/\/stagpartynight.com\/fr\/product\/bateau-au-coucher-du-soleil-a-valence\/\" \/>\n<meta property=\"og:site_name\" content=\"Nuit de f\u00eate de cerf\" \/>\n<meta property=\"article:modified_time\" content=\"2024-01-23T09:57:33+00:00\" \/>\n<meta property=\"og:image\" content=\"https:\/\/stagpartynight.com\/fr\/wp-content\/uploads\/sites\/3\/2024\/01\/Bateau-au-coucher-du-soleil-a-Valence.jpg\" \/>\n\t<meta property=\"og:image:width\" content=\"640\" \/>\n\t<meta property=\"og:image:height\" content=\"800\" \/>\n\t<meta property=\"og:image:type\" content=\"image\/jpeg\" \/>\n<meta name=\"twitter:card\" content=\"summary_large_image\" \/>\n<meta name=\"twitter:label1\" content=\"Estimated reading time\" \/>\n\t<meta name=\"twitter:data1\" content=\"2 minutes\" \/>\n<script type=\"application\/ld+json\" class=\"yoast-schema-graph\">{\"@context\":\"https:\/\/schema.org\",\"@graph\":[{\"@type\":\"WebPage\",\"@id\":\"https:\/\/stagpartynight.com\/fr\/product\/bateau-au-coucher-du-soleil-a-valence\/\",\"url\":\"https:\/\/stagpartynight.com\/fr\/product\/bateau-au-coucher-du-soleil-a-valence\/\",\"name\":\"Bateau au coucher du soleil \u00e0 Valence\",\"isPartOf\":{\"@id\":\"https:\/\/stagpartynight.com\/fr\/#website\"},\"primaryImageOfPage\":{\"@id\":\"https:\/\/stagpartynight.com\/fr\/product\/bateau-au-coucher-du-soleil-a-valence\/#primaryimage\"},\"image\":{\"@id\":\"https:\/\/stagpartynight.com\/fr\/product\/bateau-au-coucher-du-soleil-a-valence\/#primaryimage\"},\"thumbnailUrl\":\"https:\/\/stagpartynight.com\/fr\/wp-content\/uploads\/sites\/3\/2024\/01\/Bateau-au-coucher-du-soleil-a-Valence.jpg\",\"datePublished\":\"2024-01-23T09:48:33+00:00\",\"dateModified\":\"2024-01-23T09:57:33+00:00\",\"description\":\"Bateau au coucher du soleil \u00e0 Valence. Comprend un DJ et un cocktail de bienvenue : \\\"Agua de Valencia\\\".\u00a0Valencia, SPAIN. SUNSET CATAMARAN.\",\"breadcrumb\":{\"@id\":\"https:\/\/stagpartynight.com\/fr\/product\/bateau-au-coucher-du-soleil-a-valence\/#breadcrumb\"},\"inLanguage\":\"en-GB\",\"potentialAction\":[{\"@type\":\"ReadAction\",\"target\":[\"https:\/\/stagpartynight.com\/fr\/product\/bateau-au-coucher-du-soleil-a-valence\/\"]}]},{\"@type\":\"ImageObject\",\"inLanguage\":\"en-GB\",\"@id\":\"https:\/\/stagpartynight.com\/fr\/product\/bateau-au-coucher-du-soleil-a-valence\/#primaryimage\",\"url\":\"https:\/\/stagpartynight.com\/fr\/wp-content\/uploads\/sites\/3\/2024\/01\/Bateau-au-coucher-du-soleil-a-Valence.jpg\",\"contentUrl\":\"https:\/\/stagpartynight.com\/fr\/wp-content\/uploads\/sites\/3\/2024\/01\/Bateau-au-coucher-du-soleil-a-Valence.jpg\",\"width\":640,\"height\":800,\"caption\":\"Bateau au coucher du soleil \u00e0 Valence\"},{\"@type\":\"BreadcrumbList\",\"@id\":\"https:\/\/stagpartynight.com\/fr\/product\/bateau-au-coucher-du-soleil-a-valence\/#breadcrumb\",\"itemListElement\":[{\"@type\":\"ListItem\",\"position\":1,\"name\":\"Home\",\"item\":\"https:\/\/stagpartynight.com\/fr\/\"},{\"@type\":\"ListItem\",\"position\":2,\"name\":\"Tienda\",\"item\":\"https:\/\/stagpartynight.com\/fr\/tienda\/\"},{\"@type\":\"ListItem\",\"position\":3,\"name\":\"Bateau au coucher du soleil \u00e0 Valence\"}]},{\"@type\":\"WebSite\",\"@id\":\"https:\/\/stagpartynight.com\/fr\/#website\",\"url\":\"https:\/\/stagpartynight.com\/fr\/\",\"name\":\"Stag Party Night\",\"description\":\"Your Stag Party Customized\",\"publisher\":{\"@id\":\"https:\/\/stagpartynight.com\/fr\/#organization\"},\"potentialAction\":[{\"@type\":\"SearchAction\",\"target\":{\"@type\":\"EntryPoint\",\"urlTemplate\":\"https:\/\/stagpartynight.com\/fr\/?s={search_term_string}\"},\"query-input\":{\"@type\":\"PropertyValueSpecification\",\"valueRequired\":true,\"valueName\":\"search_term_string\"}}],\"inLanguage\":\"en-GB\"},{\"@type\":\"Organization\",\"@id\":\"https:\/\/stagpartynight.com\/fr\/#organization\",\"name\":\"Stag Party Night\",\"url\":\"https:\/\/stagpartynight.com\/fr\/\",\"logo\":{\"@type\":\"ImageObject\",\"inLanguage\":\"en-GB\",\"@id\":\"https:\/\/stagpartynight.com\/fr\/#\/schema\/logo\/image\/\",\"url\":\"https:\/\/stagpartynight.com\/fr\/wp-content\/uploads\/sites\/3\/2019\/12\/stagpartynight-e1578565505687.png\",\"contentUrl\":\"https:\/\/stagpartynight.com\/fr\/wp-content\/uploads\/sites\/3\/2019\/12\/stagpartynight-e1578565505687.png\",\"width\":400,\"height\":400,\"caption\":\"Stag Party Night\"},\"image\":{\"@id\":\"https:\/\/stagpartynight.com\/fr\/#\/schema\/logo\/image\/\"}}]}<\/script>\n<!-- \/ Yoast SEO plugin. -->","yoast_head_json":{"title":"Bateau au coucher du soleil \u00e0 Valence","description":"Bateau au coucher du soleil \u00e0 Valence. Comprend un DJ et un cocktail de bienvenue : \"Agua de Valencia\".\u00a0Valencia, SPAIN. SUNSET CATAMARAN.","robots":{"index":"index","follow":"follow","max-snippet":"max-snippet:-1","max-image-preview":"max-image-preview:large","max-video-preview":"max-video-preview:-1"},"canonical":"https:\/\/stagpartynight.com\/fr\/product\/bateau-au-coucher-du-soleil-a-valence\/","og_locale":"en_GB","og_type":"article","og_title":"Bateau au coucher du soleil \u00e0 Valence","og_description":"Bateau au coucher du soleil \u00e0 Valence. Comprend un DJ et un cocktail de bienvenue : \"Agua de Valencia\".\u00a0Valencia, SPAIN. SUNSET CATAMARAN.","og_url":"https:\/\/stagpartynight.com\/fr\/product\/bateau-au-coucher-du-soleil-a-valence\/","og_site_name":"Nuit de f\u00eate de cerf","article_modified_time":"2024-01-23T09:57:33+00:00","og_image":[{"width":640,"height":800,"url":"https:\/\/stagpartynight.com\/fr\/wp-content\/uploads\/sites\/3\/2024\/01\/Bateau-au-coucher-du-soleil-a-Valence.jpg","type":"image\/jpeg"}],"twitter_card":"summary_large_image","twitter_misc":{"Estimated reading time":"2 minutes"},"schema":{"@context":"https:\/\/schema.org","@graph":[{"@type":"WebPage","@id":"https:\/\/stagpartynight.com\/fr\/product\/bateau-au-coucher-du-soleil-a-valence\/","url":"https:\/\/stagpartynight.com\/fr\/product\/bateau-au-coucher-du-soleil-a-valence\/","name":"Bateau au coucher du soleil \u00e0 Valence","isPartOf":{"@id":"https:\/\/stagpartynight.com\/fr\/#website"},"primaryImageOfPage":{"@id":"https:\/\/stagpartynight.com\/fr\/product\/bateau-au-coucher-du-soleil-a-valence\/#primaryimage"},"image":{"@id":"https:\/\/stagpartynight.com\/fr\/product\/bateau-au-coucher-du-soleil-a-valence\/#primaryimage"},"thumbnailUrl":"https:\/\/stagpartynight.com\/fr\/wp-content\/uploads\/sites\/3\/2024\/01\/Bateau-au-coucher-du-soleil-a-Valence.jpg","datePublished":"2024-01-23T09:48:33+00:00","dateModified":"2024-01-23T09:57:33+00:00","description":"Bateau au coucher du soleil \u00e0 Valence. Comprend un DJ et un cocktail de bienvenue : \"Agua de Valencia\".\u00a0Valencia, SPAIN. SUNSET CATAMARAN.","breadcrumb":{"@id":"https:\/\/stagpartynight.com\/fr\/product\/bateau-au-coucher-du-soleil-a-valence\/#breadcrumb"},"inLanguage":"en-GB","potentialAction":[{"@type":"ReadAction","target":["https:\/\/stagpartynight.com\/fr\/product\/bateau-au-coucher-du-soleil-a-valence\/"]}]},{"@type":"ImageObject","inLanguage":"en-GB","@id":"https:\/\/stagpartynight.com\/fr\/product\/bateau-au-coucher-du-soleil-a-valence\/#primaryimage","url":"https:\/\/stagpartynight.com\/fr\/wp-content\/uploads\/sites\/3\/2024\/01\/Bateau-au-coucher-du-soleil-a-Valence.jpg","contentUrl":"https:\/\/stagpartynight.com\/fr\/wp-content\/uploads\/sites\/3\/2024\/01\/Bateau-au-coucher-du-soleil-a-Valence.jpg","width":640,"height":800,"caption":"Bateau au coucher du soleil \u00e0 Valence"},{"@type":"BreadcrumbList","@id":"https:\/\/stagpartynight.com\/fr\/product\/bateau-au-coucher-du-soleil-a-valence\/#breadcrumb","itemListElement":[{"@type":"ListItem","position":1,"name":"Home","item":"https:\/\/stagpartynight.com\/fr\/"},{"@type":"ListItem","position":2,"name":"Tienda","item":"https:\/\/stagpartynight.com\/fr\/tienda\/"},{"@type":"ListItem","position":3,"name":"Bateau au coucher du soleil \u00e0 Valence"}]},{"@type":"WebSite","@id":"https:\/\/stagpartynight.com\/fr\/#website","url":"https:\/\/stagpartynight.com\/fr\/","name":"Stag Party Night","description":"Your Stag Party Customized","publisher":{"@id":"https:\/\/stagpartynight.com\/fr\/#organization"},"potentialAction":[{"@type":"SearchAction","target":{"@type":"EntryPoint","urlTemplate":"https:\/\/stagpartynight.com\/fr\/?s={search_term_string}"},"query-input":{"@type":"PropertyValueSpecification","valueRequired":true,"valueName":"search_term_string"}}],"inLanguage":"en-GB"},{"@type":"Organization","@id":"https:\/\/stagpartynight.com\/fr\/#organization","name":"Stag Party Night","url":"https:\/\/stagpartynight.com\/fr\/","logo":{"@type":"ImageObject","inLanguage":"en-GB","@id":"https:\/\/stagpartynight.com\/fr\/#\/schema\/logo\/image\/","url":"https:\/\/stagpartynight.com\/fr\/wp-content\/uploads\/sites\/3\/2019\/12\/stagpartynight-e1578565505687.png","contentUrl":"https:\/\/stagpartynight.com\/fr\/wp-content\/uploads\/sites\/3\/2019\/12\/stagpartynight-e1578565505687.png","width":400,"height":400,"caption":"Stag Party Night"},"image":{"@id":"https:\/\/stagpartynight.com\/fr\/#\/schema\/logo\/image\/"}}]}},"_links":{"self":[{"href":"https:\/\/stagpartynight.com\/fr\/wp-json\/wp\/v2\/product\/2941","targetHints":{"allow":["GET"]}}],"collection":[{"href":"https:\/\/stagpartynight.com\/fr\/wp-json\/wp\/v2\/product"}],"about":[{"href":"https:\/\/stagpartynight.com\/fr\/wp-json\/wp\/v2\/types\/product"}],"replies":[{"embeddable":true,"href":"https:\/\/stagpartynight.com\/fr\/wp-json\/wp\/v2\/comments?post=2941"}],"wp:featuredmedia":[{"embeddable":true,"href":"https:\/\/stagpartynight.com\/fr\/wp-json\/wp\/v2\/media\/2942"}],"wp:attachment":[{"href":"https:\/\/stagpartynight.com\/fr\/wp-json\/wp\/v2\/media?parent=2941"}],"wp:term":[{"taxonomy":"product_brand","embeddable":true,"href":"https:\/\/stagpartynight.com\/fr\/wp-json\/wp\/v2\/product_brand?post=2941"},{"taxonomy":"product_cat","embeddable":true,"href":"https:\/\/stagpartynight.com\/fr\/wp-json\/wp\/v2\/product_cat?post=2941"},{"taxonomy":"product_tag","embeddable":true,"href":"https:\/\/stagpartynight.com\/fr\/wp-json\/wp\/v2\/product_tag?post=2941"}],"curies":[{"name":"wp","href":"https:\/\/api.w.org\/{rel}","templated":true}]}}