{"id":2945,"date":"2024-01-23T11:20:46","date_gmt":"2024-01-23T10:20:46","guid":{"rendered":"https:\/\/stagpartynight.com\/fr\/?post_type=product&#038;p=2945"},"modified":"2024-01-23T11:22:30","modified_gmt":"2024-01-23T10:22:30","slug":"transport-prive-valence","status":"publish","type":"product","link":"https:\/\/stagpartynight.com\/fr\/product\/transport-prive-valence\/","title":{"rendered":"Transport Priv\u00e9 Valence"},"content":{"rendered":"<p>Transport Priv\u00e9 Valence. Transport priv\u00e9 pour votre groupe \u00e0 Valence. Possibilit\u00e9 de faire plus de services.<\/p>\n<p>Les meilleurs enterrements de vie de gar\u00e7on\u00a0 avec <a href=\"https:\/\/stagpartynight.com\/\">StagParty<\/a>!<\/p>\n<h2 style=\"text-align: center;\">\ud83c\udf1f Transport Priv\u00e9 Valence<\/h2>\n<h4 style=\"text-align: left;\">Voyagez avec Style \u00e0 Valence! \ud83d\ude97<\/h4>\n<p>Marre du stress de la conduite en vacances? Laissez-nous prendre le volant! Avec notre agence, d\u00e9couvrez les meilleurs transports priv\u00e9s pour vous et votre groupe \u00e0 Valence.<\/p>\n<p>\ud83c\udf34 Oubliez le Stress de la Conduite: Les vacances sont faites pour se d\u00e9tendre, pas pour s&#8217;inqui\u00e9ter du trafic. R\u00e9servez nos transferts priv\u00e9s et laissez-nous vous conduire, que ce soit depuis l&#8217;a\u00e9roport de Valence jusqu&#8217;\u00e0 votre h\u00e9bergement ou vers les bo\u00eetes de nuit et les activit\u00e9s incontournables de l&#8217;\u00eele.<\/p>\n<p>\u2708\ufe0fDu Terminal \u00e0 Votre Destination: D\u00e8s le moment o\u00f9 vous atterrissez, notre \u00e9quipe d\u00e9vou\u00e9e est pr\u00eate \u00e0 vous accueillir. \u00c9vitez les tracas et laissez-nous organiser votre transport, qu&#8217;il s&#8217;agisse de voitures \u00e9l\u00e9gantes ou de spacieux autobus, selon la taille de votre groupe.<\/p>\n<p>\ud83c\udf1f Confort et Commodit\u00e9: Ne vous souciez plus de la logistique. Avec nos services de transport priv\u00e9, vous pouvez vous concentrer sur ce qui compte vraiment: profiter de vos vacances. R\u00e9servez d\u00e8s maintenant pour un voyage sans stress \u00e0 Valence!<\/p>\n<p>\ud83d\ude97 Des V\u00e9hicules Adapt\u00e9s \u00e0 Vos Besoins: Que vous voyagiez en petit comit\u00e9 ou avec un grand groupe, nous avons la solution parfaite. Optez pour le confort et la tranquillit\u00e9 d&#8217;esprit avec nos transports priv\u00e9s.<\/p>\n<p>Pr\u00e9parez-vous \u00e0 explorer Valence en toute s\u00e9r\u00e9nit\u00e9!<\/p>\n<p>R\u00e9servez d\u00e8s aujourd&#8217;hui et vivez des vacances sans souci avec nos services de transport priv\u00e9 de qualit\u00e9. \ud83c\udf34<\/p>\n<p style=\"text-align: center;\">R\u00e9servez Transport Priv\u00e9 Valence!<\/p>\n<p>&nbsp;<\/p>\n<p>&nbsp;<\/p>\n","protected":false},"excerpt":{"rendered":"<p>Transport Priv\u00e9 Valence. Transport priv\u00e9 pour votre groupe \u00e0 Valence. Possibilit\u00e9 de faire plus de services.<\/p>\n","protected":false},"featured_media":49,"comment_status":"open","ping_status":"closed","template":"","meta":{"_et_pb_use_builder":"","_et_pb_old_content":"","_et_gb_content_width":""},"product_brand":[],"product_cat":[531],"product_tag":[676,675],"class_list":{"0":"post-2945","1":"product","2":"type-product","3":"status-publish","4":"has-post-thumbnail","6":"product_cat-valencia","7":"product_tag-transfer-valence","8":"product_tag-transport-prive-valence","10":"first","11":"instock","12":"virtual","13":"product-type-simple"},"yoast_head":"<!-- This site is optimized with the Yoast SEO plugin v26.4 - https:\/\/yoast.com\/wordpress\/plugins\/seo\/ -->\n<title>Transport Priv\u00e9 Valence<\/title>\n<meta name=\"description\" content=\"Transport Priv\u00e9 Valence. Transport priv\u00e9 pour votre groupe \u00e0 Valence. Possibilit\u00e9 de faire plus de services. Transfer Valence.\" \/>\n<meta name=\"robots\" content=\"index, follow, max-snippet:-1, max-image-preview:large, max-video-preview:-1\" \/>\n<link rel=\"canonical\" href=\"https:\/\/stagpartynight.com\/fr\/product\/transport-prive-valence\/\" \/>\n<meta property=\"og:locale\" content=\"en_GB\" \/>\n<meta property=\"og:type\" content=\"article\" \/>\n<meta property=\"og:title\" content=\"Transport Priv\u00e9 Valence\" \/>\n<meta property=\"og:description\" content=\"Transport Priv\u00e9 Valence. Transport priv\u00e9 pour votre groupe \u00e0 Valence. Possibilit\u00e9 de faire plus de services. Transfer Valence.\" \/>\n<meta property=\"og:url\" content=\"https:\/\/stagpartynight.com\/fr\/product\/transport-prive-valence\/\" \/>\n<meta property=\"og:site_name\" content=\"Nuit de f\u00eate de cerf\" \/>\n<meta property=\"article:modified_time\" content=\"2024-01-23T10:22:30+00:00\" \/>\n<meta property=\"og:image\" content=\"https:\/\/stagpartynight.com\/fr\/wp-content\/uploads\/sites\/3\/2019\/12\/transportation-services-09.png\" \/>\n\t<meta property=\"og:image:width\" content=\"1920\" \/>\n\t<meta property=\"og:image:height\" content=\"796\" \/>\n\t<meta property=\"og:image:type\" content=\"image\/png\" \/>\n<meta name=\"twitter:card\" content=\"summary_large_image\" \/>\n<meta name=\"twitter:label1\" content=\"Estimated reading time\" \/>\n\t<meta name=\"twitter:data1\" content=\"2 minutes\" \/>\n<script type=\"application\/ld+json\" class=\"yoast-schema-graph\">{\"@context\":\"https:\/\/schema.org\",\"@graph\":[{\"@type\":\"WebPage\",\"@id\":\"https:\/\/stagpartynight.com\/fr\/product\/transport-prive-valence\/\",\"url\":\"https:\/\/stagpartynight.com\/fr\/product\/transport-prive-valence\/\",\"name\":\"Transport Priv\u00e9 Valence\",\"isPartOf\":{\"@id\":\"https:\/\/stagpartynight.com\/fr\/#website\"},\"primaryImageOfPage\":{\"@id\":\"https:\/\/stagpartynight.com\/fr\/product\/transport-prive-valence\/#primaryimage\"},\"image\":{\"@id\":\"https:\/\/stagpartynight.com\/fr\/product\/transport-prive-valence\/#primaryimage\"},\"thumbnailUrl\":\"https:\/\/stagpartynight.com\/fr\/wp-content\/uploads\/sites\/3\/2019\/12\/transportation-services-09.png\",\"datePublished\":\"2024-01-23T10:20:46+00:00\",\"dateModified\":\"2024-01-23T10:22:30+00:00\",\"description\":\"Transport Priv\u00e9 Valence. Transport priv\u00e9 pour votre groupe \u00e0 Valence. Possibilit\u00e9 de faire plus de services. Transfer Valence.\",\"breadcrumb\":{\"@id\":\"https:\/\/stagpartynight.com\/fr\/product\/transport-prive-valence\/#breadcrumb\"},\"inLanguage\":\"en-GB\",\"potentialAction\":[{\"@type\":\"ReadAction\",\"target\":[\"https:\/\/stagpartynight.com\/fr\/product\/transport-prive-valence\/\"]}]},{\"@type\":\"ImageObject\",\"inLanguage\":\"en-GB\",\"@id\":\"https:\/\/stagpartynight.com\/fr\/product\/transport-prive-valence\/#primaryimage\",\"url\":\"https:\/\/stagpartynight.com\/fr\/wp-content\/uploads\/sites\/3\/2019\/12\/transportation-services-09.png\",\"contentUrl\":\"https:\/\/stagpartynight.com\/fr\/wp-content\/uploads\/sites\/3\/2019\/12\/transportation-services-09.png\",\"width\":1920,\"height\":796,\"caption\":\"Transport Priv\u00e9 Valence\"},{\"@type\":\"BreadcrumbList\",\"@id\":\"https:\/\/stagpartynight.com\/fr\/product\/transport-prive-valence\/#breadcrumb\",\"itemListElement\":[{\"@type\":\"ListItem\",\"position\":1,\"name\":\"Home\",\"item\":\"https:\/\/stagpartynight.com\/fr\/\"},{\"@type\":\"ListItem\",\"position\":2,\"name\":\"Tienda\",\"item\":\"https:\/\/stagpartynight.com\/fr\/tienda\/\"},{\"@type\":\"ListItem\",\"position\":3,\"name\":\"Transport Priv\u00e9 Valence\"}]},{\"@type\":\"WebSite\",\"@id\":\"https:\/\/stagpartynight.com\/fr\/#website\",\"url\":\"https:\/\/stagpartynight.com\/fr\/\",\"name\":\"Stag Party Night\",\"description\":\"Your Stag Party Customized\",\"publisher\":{\"@id\":\"https:\/\/stagpartynight.com\/fr\/#organization\"},\"potentialAction\":[{\"@type\":\"SearchAction\",\"target\":{\"@type\":\"EntryPoint\",\"urlTemplate\":\"https:\/\/stagpartynight.com\/fr\/?s={search_term_string}\"},\"query-input\":{\"@type\":\"PropertyValueSpecification\",\"valueRequired\":true,\"valueName\":\"search_term_string\"}}],\"inLanguage\":\"en-GB\"},{\"@type\":\"Organization\",\"@id\":\"https:\/\/stagpartynight.com\/fr\/#organization\",\"name\":\"Stag Party Night\",\"url\":\"https:\/\/stagpartynight.com\/fr\/\",\"logo\":{\"@type\":\"ImageObject\",\"inLanguage\":\"en-GB\",\"@id\":\"https:\/\/stagpartynight.com\/fr\/#\/schema\/logo\/image\/\",\"url\":\"https:\/\/stagpartynight.com\/fr\/wp-content\/uploads\/sites\/3\/2019\/12\/stagpartynight-e1578565505687.png\",\"contentUrl\":\"https:\/\/stagpartynight.com\/fr\/wp-content\/uploads\/sites\/3\/2019\/12\/stagpartynight-e1578565505687.png\",\"width\":400,\"height\":400,\"caption\":\"Stag Party Night\"},\"image\":{\"@id\":\"https:\/\/stagpartynight.com\/fr\/#\/schema\/logo\/image\/\"}}]}<\/script>\n<!-- \/ Yoast SEO plugin. -->","yoast_head_json":{"title":"Transport Priv\u00e9 Valence","description":"Transport Priv\u00e9 Valence. Transport priv\u00e9 pour votre groupe \u00e0 Valence. Possibilit\u00e9 de faire plus de services. Transfer Valence.","robots":{"index":"index","follow":"follow","max-snippet":"max-snippet:-1","max-image-preview":"max-image-preview:large","max-video-preview":"max-video-preview:-1"},"canonical":"https:\/\/stagpartynight.com\/fr\/product\/transport-prive-valence\/","og_locale":"en_GB","og_type":"article","og_title":"Transport Priv\u00e9 Valence","og_description":"Transport Priv\u00e9 Valence. Transport priv\u00e9 pour votre groupe \u00e0 Valence. Possibilit\u00e9 de faire plus de services. Transfer Valence.","og_url":"https:\/\/stagpartynight.com\/fr\/product\/transport-prive-valence\/","og_site_name":"Nuit de f\u00eate de cerf","article_modified_time":"2024-01-23T10:22:30+00:00","og_image":[{"width":1920,"height":796,"url":"https:\/\/stagpartynight.com\/fr\/wp-content\/uploads\/sites\/3\/2019\/12\/transportation-services-09.png","type":"image\/png"}],"twitter_card":"summary_large_image","twitter_misc":{"Estimated reading time":"2 minutes"},"schema":{"@context":"https:\/\/schema.org","@graph":[{"@type":"WebPage","@id":"https:\/\/stagpartynight.com\/fr\/product\/transport-prive-valence\/","url":"https:\/\/stagpartynight.com\/fr\/product\/transport-prive-valence\/","name":"Transport Priv\u00e9 Valence","isPartOf":{"@id":"https:\/\/stagpartynight.com\/fr\/#website"},"primaryImageOfPage":{"@id":"https:\/\/stagpartynight.com\/fr\/product\/transport-prive-valence\/#primaryimage"},"image":{"@id":"https:\/\/stagpartynight.com\/fr\/product\/transport-prive-valence\/#primaryimage"},"thumbnailUrl":"https:\/\/stagpartynight.com\/fr\/wp-content\/uploads\/sites\/3\/2019\/12\/transportation-services-09.png","datePublished":"2024-01-23T10:20:46+00:00","dateModified":"2024-01-23T10:22:30+00:00","description":"Transport Priv\u00e9 Valence. Transport priv\u00e9 pour votre groupe \u00e0 Valence. Possibilit\u00e9 de faire plus de services. Transfer Valence.","breadcrumb":{"@id":"https:\/\/stagpartynight.com\/fr\/product\/transport-prive-valence\/#breadcrumb"},"inLanguage":"en-GB","potentialAction":[{"@type":"ReadAction","target":["https:\/\/stagpartynight.com\/fr\/product\/transport-prive-valence\/"]}]},{"@type":"ImageObject","inLanguage":"en-GB","@id":"https:\/\/stagpartynight.com\/fr\/product\/transport-prive-valence\/#primaryimage","url":"https:\/\/stagpartynight.com\/fr\/wp-content\/uploads\/sites\/3\/2019\/12\/transportation-services-09.png","contentUrl":"https:\/\/stagpartynight.com\/fr\/wp-content\/uploads\/sites\/3\/2019\/12\/transportation-services-09.png","width":1920,"height":796,"caption":"Transport Priv\u00e9 Valence"},{"@type":"BreadcrumbList","@id":"https:\/\/stagpartynight.com\/fr\/product\/transport-prive-valence\/#breadcrumb","itemListElement":[{"@type":"ListItem","position":1,"name":"Home","item":"https:\/\/stagpartynight.com\/fr\/"},{"@type":"ListItem","position":2,"name":"Tienda","item":"https:\/\/stagpartynight.com\/fr\/tienda\/"},{"@type":"ListItem","position":3,"name":"Transport Priv\u00e9 Valence"}]},{"@type":"WebSite","@id":"https:\/\/stagpartynight.com\/fr\/#website","url":"https:\/\/stagpartynight.com\/fr\/","name":"Stag Party Night","description":"Your Stag Party Customized","publisher":{"@id":"https:\/\/stagpartynight.com\/fr\/#organization"},"potentialAction":[{"@type":"SearchAction","target":{"@type":"EntryPoint","urlTemplate":"https:\/\/stagpartynight.com\/fr\/?s={search_term_string}"},"query-input":{"@type":"PropertyValueSpecification","valueRequired":true,"valueName":"search_term_string"}}],"inLanguage":"en-GB"},{"@type":"Organization","@id":"https:\/\/stagpartynight.com\/fr\/#organization","name":"Stag Party Night","url":"https:\/\/stagpartynight.com\/fr\/","logo":{"@type":"ImageObject","inLanguage":"en-GB","@id":"https:\/\/stagpartynight.com\/fr\/#\/schema\/logo\/image\/","url":"https:\/\/stagpartynight.com\/fr\/wp-content\/uploads\/sites\/3\/2019\/12\/stagpartynight-e1578565505687.png","contentUrl":"https:\/\/stagpartynight.com\/fr\/wp-content\/uploads\/sites\/3\/2019\/12\/stagpartynight-e1578565505687.png","width":400,"height":400,"caption":"Stag Party Night"},"image":{"@id":"https:\/\/stagpartynight.com\/fr\/#\/schema\/logo\/image\/"}}]}},"_links":{"self":[{"href":"https:\/\/stagpartynight.com\/fr\/wp-json\/wp\/v2\/product\/2945","targetHints":{"allow":["GET"]}}],"collection":[{"href":"https:\/\/stagpartynight.com\/fr\/wp-json\/wp\/v2\/product"}],"about":[{"href":"https:\/\/stagpartynight.com\/fr\/wp-json\/wp\/v2\/types\/product"}],"replies":[{"embeddable":true,"href":"https:\/\/stagpartynight.com\/fr\/wp-json\/wp\/v2\/comments?post=2945"}],"wp:featuredmedia":[{"embeddable":true,"href":"https:\/\/stagpartynight.com\/fr\/wp-json\/wp\/v2\/media\/49"}],"wp:attachment":[{"href":"https:\/\/stagpartynight.com\/fr\/wp-json\/wp\/v2\/media?parent=2945"}],"wp:term":[{"taxonomy":"product_brand","embeddable":true,"href":"https:\/\/stagpartynight.com\/fr\/wp-json\/wp\/v2\/product_brand?post=2945"},{"taxonomy":"product_cat","embeddable":true,"href":"https:\/\/stagpartynight.com\/fr\/wp-json\/wp\/v2\/product_cat?post=2945"},{"taxonomy":"product_tag","embeddable":true,"href":"https:\/\/stagpartynight.com\/fr\/wp-json\/wp\/v2\/product_tag?post=2945"}],"curies":[{"name":"wp","href":"https:\/\/api.w.org\/{rel}","templated":true}]}}