{"id":295,"date":"2020-01-08T15:20:50","date_gmt":"2020-01-08T14:20:50","guid":{"rendered":"https:\/\/stagpartynight.com\/fr\/?post_type=product&#038;p=295"},"modified":"2021-01-29T15:12:18","modified_gmt":"2021-01-29T14:12:18","slug":"portuguese-cooking-class","status":"publish","type":"product","link":"https:\/\/stagpartynight.com\/fr\/product\/portuguese-cooking-class\/","title":{"rendered":"Classe de coke Portugais"},"content":{"rendered":"<p>Apprenez \u00e0 cuisiner le portugais typique. Ingr\u00e9dients, leur \u00e9laboration et leur pr\u00e9sentation en 3 heures de cours. Possibilit\u00e9 de le faire en priv\u00e9 pour votre groupe.<\/p>\n","protected":false},"excerpt":{"rendered":"<p>Apprenez \u00e0 cuisiner le portugais typique. Ingr\u00e9dients, leur \u00e9laboration et leur pr\u00e9sentation en 3 heures de cours. Possibilit\u00e9 de le faire en priv\u00e9 pour votre groupe.<\/p>\n","protected":false},"featured_media":1797,"comment_status":"open","ping_status":"closed","template":"","meta":{"_et_pb_use_builder":"","_et_pb_old_content":"","_et_gb_content_width":""},"product_brand":[],"product_cat":[148],"product_tag":[291,292,26],"class_list":{"0":"post-295","1":"product","2":"type-product","3":"status-publish","4":"has-post-thumbnail","6":"product_cat-lisboa","7":"product_tag-classe-de-coke-portugais","8":"product_tag-cours-de-cuisine-a-lisbonne","9":"product_tag-portuguese-cooking-class","11":"first","12":"instock","13":"virtual","14":"product-type-simple"},"yoast_head":"<!-- This site is optimized with the Yoast SEO plugin v26.4 - https:\/\/yoast.com\/wordpress\/plugins\/seo\/ -->\n<title>Classe de coke Portugais - Cours de cuisine \u00e0 Lisbonne - Cooking Class<\/title>\n<meta name=\"description\" content=\"Classe de coke Portugais - Apprenez \u00e0 cuisiner le portugais typique. Ingr\u00e9dients, leur \u00e9laboration et leur pr\u00e9sentation en 3 heures de cours. Possibilit\u00e9 de le faire en priv\u00e9 pour votre groupe.\" \/>\n<meta name=\"robots\" content=\"index, follow, max-snippet:-1, max-image-preview:large, max-video-preview:-1\" \/>\n<link rel=\"canonical\" href=\"https:\/\/stagpartynight.com\/fr\/product\/portuguese-cooking-class\/\" \/>\n<meta property=\"og:locale\" content=\"en_GB\" \/>\n<meta property=\"og:type\" content=\"article\" \/>\n<meta property=\"og:title\" content=\"Classe de coke Portugais - Cours de cuisine \u00e0 Lisbonne - Cooking Class\" \/>\n<meta property=\"og:description\" content=\"Classe de coke Portugais - Apprenez \u00e0 cuisiner le portugais typique. Ingr\u00e9dients, leur \u00e9laboration et leur pr\u00e9sentation en 3 heures de cours. Possibilit\u00e9 de le faire en priv\u00e9 pour votre groupe.\" \/>\n<meta property=\"og:url\" content=\"https:\/\/stagpartynight.com\/fr\/product\/portuguese-cooking-class\/\" \/>\n<meta property=\"og:site_name\" content=\"Nuit de f\u00eate de cerf\" \/>\n<meta property=\"article:modified_time\" content=\"2021-01-29T14:12:18+00:00\" \/>\n<meta property=\"og:image\" content=\"https:\/\/stagpartynight.com\/fr\/wp-content\/uploads\/sites\/3\/2020\/01\/cooking-class.jpg\" \/>\n\t<meta property=\"og:image:width\" content=\"640\" \/>\n\t<meta property=\"og:image:height\" content=\"960\" \/>\n\t<meta property=\"og:image:type\" content=\"image\/jpeg\" \/>\n<meta name=\"twitter:card\" content=\"summary_large_image\" \/>\n<script type=\"application\/ld+json\" class=\"yoast-schema-graph\">{\"@context\":\"https:\/\/schema.org\",\"@graph\":[{\"@type\":\"WebPage\",\"@id\":\"https:\/\/stagpartynight.com\/fr\/product\/portuguese-cooking-class\/\",\"url\":\"https:\/\/stagpartynight.com\/fr\/product\/portuguese-cooking-class\/\",\"name\":\"Classe de coke Portugais - Cours de cuisine \u00e0 Lisbonne - Cooking Class\",\"isPartOf\":{\"@id\":\"https:\/\/stagpartynight.com\/fr\/#website\"},\"primaryImageOfPage\":{\"@id\":\"https:\/\/stagpartynight.com\/fr\/product\/portuguese-cooking-class\/#primaryimage\"},\"image\":{\"@id\":\"https:\/\/stagpartynight.com\/fr\/product\/portuguese-cooking-class\/#primaryimage\"},\"thumbnailUrl\":\"https:\/\/stagpartynight.com\/fr\/wp-content\/uploads\/sites\/3\/2020\/01\/cooking-class.jpg\",\"datePublished\":\"2020-01-08T14:20:50+00:00\",\"dateModified\":\"2021-01-29T14:12:18+00:00\",\"description\":\"Classe de coke Portugais - Apprenez \u00e0 cuisiner le portugais typique. Ingr\u00e9dients, leur \u00e9laboration et leur pr\u00e9sentation en 3 heures de cours. Possibilit\u00e9 de le faire en priv\u00e9 pour votre groupe.\",\"breadcrumb\":{\"@id\":\"https:\/\/stagpartynight.com\/fr\/product\/portuguese-cooking-class\/#breadcrumb\"},\"inLanguage\":\"en-GB\",\"potentialAction\":[{\"@type\":\"ReadAction\",\"target\":[\"https:\/\/stagpartynight.com\/fr\/product\/portuguese-cooking-class\/\"]}]},{\"@type\":\"ImageObject\",\"inLanguage\":\"en-GB\",\"@id\":\"https:\/\/stagpartynight.com\/fr\/product\/portuguese-cooking-class\/#primaryimage\",\"url\":\"https:\/\/stagpartynight.com\/fr\/wp-content\/uploads\/sites\/3\/2020\/01\/cooking-class.jpg\",\"contentUrl\":\"https:\/\/stagpartynight.com\/fr\/wp-content\/uploads\/sites\/3\/2020\/01\/cooking-class.jpg\",\"width\":640,\"height\":960},{\"@type\":\"BreadcrumbList\",\"@id\":\"https:\/\/stagpartynight.com\/fr\/product\/portuguese-cooking-class\/#breadcrumb\",\"itemListElement\":[{\"@type\":\"ListItem\",\"position\":1,\"name\":\"Home\",\"item\":\"https:\/\/stagpartynight.com\/fr\/\"},{\"@type\":\"ListItem\",\"position\":2,\"name\":\"Tienda\",\"item\":\"https:\/\/stagpartynight.com\/fr\/tienda\/\"},{\"@type\":\"ListItem\",\"position\":3,\"name\":\"Classe de coke Portugais\"}]},{\"@type\":\"WebSite\",\"@id\":\"https:\/\/stagpartynight.com\/fr\/#website\",\"url\":\"https:\/\/stagpartynight.com\/fr\/\",\"name\":\"Stag Party Night\",\"description\":\"Your Stag Party Customized\",\"publisher\":{\"@id\":\"https:\/\/stagpartynight.com\/fr\/#organization\"},\"potentialAction\":[{\"@type\":\"SearchAction\",\"target\":{\"@type\":\"EntryPoint\",\"urlTemplate\":\"https:\/\/stagpartynight.com\/fr\/?s={search_term_string}\"},\"query-input\":{\"@type\":\"PropertyValueSpecification\",\"valueRequired\":true,\"valueName\":\"search_term_string\"}}],\"inLanguage\":\"en-GB\"},{\"@type\":\"Organization\",\"@id\":\"https:\/\/stagpartynight.com\/fr\/#organization\",\"name\":\"Stag Party Night\",\"url\":\"https:\/\/stagpartynight.com\/fr\/\",\"logo\":{\"@type\":\"ImageObject\",\"inLanguage\":\"en-GB\",\"@id\":\"https:\/\/stagpartynight.com\/fr\/#\/schema\/logo\/image\/\",\"url\":\"https:\/\/stagpartynight.com\/fr\/wp-content\/uploads\/sites\/3\/2019\/12\/stagpartynight-e1578565505687.png\",\"contentUrl\":\"https:\/\/stagpartynight.com\/fr\/wp-content\/uploads\/sites\/3\/2019\/12\/stagpartynight-e1578565505687.png\",\"width\":400,\"height\":400,\"caption\":\"Stag Party Night\"},\"image\":{\"@id\":\"https:\/\/stagpartynight.com\/fr\/#\/schema\/logo\/image\/\"}}]}<\/script>\n<!-- \/ Yoast SEO plugin. -->","yoast_head_json":{"title":"Classe de coke Portugais - Cours de cuisine \u00e0 Lisbonne - Cooking Class","description":"Classe de coke Portugais - Apprenez \u00e0 cuisiner le portugais typique. Ingr\u00e9dients, leur \u00e9laboration et leur pr\u00e9sentation en 3 heures de cours. Possibilit\u00e9 de le faire en priv\u00e9 pour votre groupe.","robots":{"index":"index","follow":"follow","max-snippet":"max-snippet:-1","max-image-preview":"max-image-preview:large","max-video-preview":"max-video-preview:-1"},"canonical":"https:\/\/stagpartynight.com\/fr\/product\/portuguese-cooking-class\/","og_locale":"en_GB","og_type":"article","og_title":"Classe de coke Portugais - Cours de cuisine \u00e0 Lisbonne - Cooking Class","og_description":"Classe de coke Portugais - Apprenez \u00e0 cuisiner le portugais typique. Ingr\u00e9dients, leur \u00e9laboration et leur pr\u00e9sentation en 3 heures de cours. Possibilit\u00e9 de le faire en priv\u00e9 pour votre groupe.","og_url":"https:\/\/stagpartynight.com\/fr\/product\/portuguese-cooking-class\/","og_site_name":"Nuit de f\u00eate de cerf","article_modified_time":"2021-01-29T14:12:18+00:00","og_image":[{"width":640,"height":960,"url":"https:\/\/stagpartynight.com\/fr\/wp-content\/uploads\/sites\/3\/2020\/01\/cooking-class.jpg","type":"image\/jpeg"}],"twitter_card":"summary_large_image","schema":{"@context":"https:\/\/schema.org","@graph":[{"@type":"WebPage","@id":"https:\/\/stagpartynight.com\/fr\/product\/portuguese-cooking-class\/","url":"https:\/\/stagpartynight.com\/fr\/product\/portuguese-cooking-class\/","name":"Classe de coke Portugais - Cours de cuisine \u00e0 Lisbonne - Cooking Class","isPartOf":{"@id":"https:\/\/stagpartynight.com\/fr\/#website"},"primaryImageOfPage":{"@id":"https:\/\/stagpartynight.com\/fr\/product\/portuguese-cooking-class\/#primaryimage"},"image":{"@id":"https:\/\/stagpartynight.com\/fr\/product\/portuguese-cooking-class\/#primaryimage"},"thumbnailUrl":"https:\/\/stagpartynight.com\/fr\/wp-content\/uploads\/sites\/3\/2020\/01\/cooking-class.jpg","datePublished":"2020-01-08T14:20:50+00:00","dateModified":"2021-01-29T14:12:18+00:00","description":"Classe de coke Portugais - Apprenez \u00e0 cuisiner le portugais typique. Ingr\u00e9dients, leur \u00e9laboration et leur pr\u00e9sentation en 3 heures de cours. Possibilit\u00e9 de le faire en priv\u00e9 pour votre groupe.","breadcrumb":{"@id":"https:\/\/stagpartynight.com\/fr\/product\/portuguese-cooking-class\/#breadcrumb"},"inLanguage":"en-GB","potentialAction":[{"@type":"ReadAction","target":["https:\/\/stagpartynight.com\/fr\/product\/portuguese-cooking-class\/"]}]},{"@type":"ImageObject","inLanguage":"en-GB","@id":"https:\/\/stagpartynight.com\/fr\/product\/portuguese-cooking-class\/#primaryimage","url":"https:\/\/stagpartynight.com\/fr\/wp-content\/uploads\/sites\/3\/2020\/01\/cooking-class.jpg","contentUrl":"https:\/\/stagpartynight.com\/fr\/wp-content\/uploads\/sites\/3\/2020\/01\/cooking-class.jpg","width":640,"height":960},{"@type":"BreadcrumbList","@id":"https:\/\/stagpartynight.com\/fr\/product\/portuguese-cooking-class\/#breadcrumb","itemListElement":[{"@type":"ListItem","position":1,"name":"Home","item":"https:\/\/stagpartynight.com\/fr\/"},{"@type":"ListItem","position":2,"name":"Tienda","item":"https:\/\/stagpartynight.com\/fr\/tienda\/"},{"@type":"ListItem","position":3,"name":"Classe de coke Portugais"}]},{"@type":"WebSite","@id":"https:\/\/stagpartynight.com\/fr\/#website","url":"https:\/\/stagpartynight.com\/fr\/","name":"Stag Party Night","description":"Your Stag Party Customized","publisher":{"@id":"https:\/\/stagpartynight.com\/fr\/#organization"},"potentialAction":[{"@type":"SearchAction","target":{"@type":"EntryPoint","urlTemplate":"https:\/\/stagpartynight.com\/fr\/?s={search_term_string}"},"query-input":{"@type":"PropertyValueSpecification","valueRequired":true,"valueName":"search_term_string"}}],"inLanguage":"en-GB"},{"@type":"Organization","@id":"https:\/\/stagpartynight.com\/fr\/#organization","name":"Stag Party Night","url":"https:\/\/stagpartynight.com\/fr\/","logo":{"@type":"ImageObject","inLanguage":"en-GB","@id":"https:\/\/stagpartynight.com\/fr\/#\/schema\/logo\/image\/","url":"https:\/\/stagpartynight.com\/fr\/wp-content\/uploads\/sites\/3\/2019\/12\/stagpartynight-e1578565505687.png","contentUrl":"https:\/\/stagpartynight.com\/fr\/wp-content\/uploads\/sites\/3\/2019\/12\/stagpartynight-e1578565505687.png","width":400,"height":400,"caption":"Stag Party Night"},"image":{"@id":"https:\/\/stagpartynight.com\/fr\/#\/schema\/logo\/image\/"}}]}},"_links":{"self":[{"href":"https:\/\/stagpartynight.com\/fr\/wp-json\/wp\/v2\/product\/295","targetHints":{"allow":["GET"]}}],"collection":[{"href":"https:\/\/stagpartynight.com\/fr\/wp-json\/wp\/v2\/product"}],"about":[{"href":"https:\/\/stagpartynight.com\/fr\/wp-json\/wp\/v2\/types\/product"}],"replies":[{"embeddable":true,"href":"https:\/\/stagpartynight.com\/fr\/wp-json\/wp\/v2\/comments?post=295"}],"wp:featuredmedia":[{"embeddable":true,"href":"https:\/\/stagpartynight.com\/fr\/wp-json\/wp\/v2\/media\/1797"}],"wp:attachment":[{"href":"https:\/\/stagpartynight.com\/fr\/wp-json\/wp\/v2\/media?parent=295"}],"wp:term":[{"taxonomy":"product_brand","embeddable":true,"href":"https:\/\/stagpartynight.com\/fr\/wp-json\/wp\/v2\/product_brand?post=295"},{"taxonomy":"product_cat","embeddable":true,"href":"https:\/\/stagpartynight.com\/fr\/wp-json\/wp\/v2\/product_cat?post=295"},{"taxonomy":"product_tag","embeddable":true,"href":"https:\/\/stagpartynight.com\/fr\/wp-json\/wp\/v2\/product_tag?post=295"}],"curies":[{"name":"wp","href":"https:\/\/api.w.org\/{rel}","templated":true}]}}