{"id":2950,"date":"2024-01-23T12:11:40","date_gmt":"2024-01-23T11:11:40","guid":{"rendered":"https:\/\/stagpartynight.com\/fr\/?post_type=product&#038;p=2950"},"modified":"2024-01-23T12:11:41","modified_gmt":"2024-01-23T11:11:41","slug":"diner-casino-a-valence","status":"publish","type":"product","link":"https:\/\/stagpartynight.com\/fr\/product\/diner-casino-a-valence\/","title":{"rendered":"D\u00eener-Casino \u00e0 Valence"},"content":{"rendered":"<p>D\u00eener-Casino \u00e0 Valence.Comprend l&#8217;entr\u00e9e au casino, un kit de bienvenue avec des instructions, 15 \u20ac de jetons, un menu pour le d\u00eener et une boisson.<\/p>\n<div><\/div>\n<div>Les meilleurs enterrements de vie de gar\u00e7on avec <a href=\"https:\/\/stagpartynight.com\/\">StagParty<\/a>!<\/div>\n<p>&nbsp;<\/p>\n<h2 style=\"text-align: center;\">D\u00eener-Casino \u00e0 Valence<strong style=\"font-size: 14px;\">\ud83c\udf1f<\/strong><\/h2>\n<h4><strong>\ud83c\udfb0 Vivez l&#8217;Excitation \u00e0 Valence! \ud83c\udf7d\ufe0f<\/strong><\/h4>\n<p>D\u00e9couvrez une exp\u00e9rience unique qui combine l&#8217;\u00e9motion du casino avec un d\u00eener exquis dans la magnifique ville de <a href=\"https:\/\/es.wikipedia.org\/wiki\/Valencia\">Valence<\/a>. Plongez dans la magie du jeu et profitez d&#8217;une soir\u00e9e inoubliable pleine de divertissement, de lumi\u00e8res \u00e9tincelantes et de saveurs d\u00e9licieuses.<\/p>\n<h6><strong>\ud83c\udf1f Exclusivit\u00e9 d\u00e8s le D\u00e9but\u00a0<\/strong><\/h6>\n<p>En achetant votre billet, notre \u00e9quipe d&#8217;accueil vous r\u00e9serve un accueil chaleureux, pr\u00eate \u00e0 vous offrir une exp\u00e9rience inoubliable. Nous vous guiderons \u00e0 travers l&#8217;atmosph\u00e8re fascinante du casino, nous assurant que vous vous sentiez \u00e0 l&#8217;aise et pr\u00eat \u00e0 profiter au maximum.<\/p>\n<p><strong>\ud83c\udfab Entr\u00e9e dans le Monde du Divertissement \ud83c\udf08<\/strong><\/p>\n<p>Votre billet vous donne acc\u00e8s \u00e0 un monde de divertissement in\u00e9gal\u00e9. Vous recevrez 15\u20ac en jetons pour que vous puissiez tenter votre chance dans la vari\u00e9t\u00e9 passionnante de jeux disponibles. La chance sera de votre c\u00f4t\u00e9 ce soir!<\/p>\n<p><strong>\ud83c\udf7d\ufe0f D\u00eener Gourmet pour Satisfaire vos Sens \ud83c\udf77<\/strong><\/p>\n<p>Apr\u00e8s une session passionnante au casino, nous vous invitons \u00e0 r\u00e9galer vos sens avec notre menu de d\u00eener exquis. Notre chef a soigneusement pr\u00e9par\u00e9 une s\u00e9lection de plats gastronomiques qui fusionnent des saveurs locales et internationales. Des entr\u00e9es tentantes aux plats principaux irr\u00e9sistibles, chaque bouch\u00e9e sera une exp\u00e9rience culinaire unique.<\/p>\n<h6><strong>\ud83e\udd42 Une Boisson pour Trinquer \u00e0 la Nuit \ud83e\udd42<\/strong><\/h6>\n<p>Pour compl\u00e9ter votre d\u00eener, nous vous offrons une boisson de courtoisie. Que ce soit un d\u00e9licieux vin, un cocktail rafra\u00eechissant ou une boisson non alcoolis\u00e9e, nous nous engageons \u00e0 faire de votre soir\u00e9e une c\u00e9l\u00e9bration inoubliable.<\/p>\n<p><strong>\ud83c\udf03 Une Nuit Pleine d&#8217;\u00c9motion et de Saveur \ud83c\udf1f<\/strong><\/p>\n<p>En r\u00e9sum\u00e9, cette exp\u00e9rience unique \u00e0 Valence vous plongera dans l&#8217;excitation du casino, vous captivera avec un d\u00eener gastronomique et vous offrira une soir\u00e9e pleine de moments m\u00e9morables. Ne manquez pas l&#8217;occasion de vivre cette combinaison parfaite de plaisir et de raffinement dans l&#8217;une des villes les plus charmantes d&#8217;Espagne!<\/p>\n<p style=\"text-align: center;\">\ud83c\udf7eNous vous attendons pour une soir\u00e9e qui restera grav\u00e9e dans votre m\u00e9moire! \ud83c\udf7e<\/p>\n<p>&nbsp;<\/p>\n","protected":false},"excerpt":{"rendered":"<p>D\u00eener-Casino \u00e0 Valence.Comprend l&#8217;entr\u00e9e au casino, un kit de bienvenue avec des instructions, 15 \u20ac de jetons, un menu pour le d\u00eener et une boisson.<\/p>\n","protected":false},"featured_media":2951,"comment_status":"open","ping_status":"closed","template":"","meta":{"_et_pb_use_builder":"","_et_pb_old_content":"","_et_gb_content_width":""},"product_brand":[],"product_cat":[531],"product_tag":[684,683,682],"class_list":{"0":"post-2950","1":"product","2":"type-product","3":"status-publish","4":"has-post-thumbnail","6":"product_cat-valencia","7":"product_tag-casino-a-valence","8":"product_tag-diner-a-valence","9":"product_tag-diner-casino-a-valence","11":"first","12":"instock","13":"shipping-taxable","14":"product-type-simple"},"yoast_head":"<!-- This site is optimized with the Yoast SEO plugin v26.4 - https:\/\/yoast.com\/wordpress\/plugins\/seo\/ -->\n<title>D\u00eener-Casino \u00e0 Valence<\/title>\n<meta name=\"description\" content=\"D\u00eener-Casino \u00e0 Valence.Comprend l&#039;entr\u00e9e au casino, un kit de bienvenue avec des instructions, 15 \u20ac de jetons, un menu pour le d\u00eener et une boisson.\u00a0\" \/>\n<meta name=\"robots\" content=\"index, follow, max-snippet:-1, max-image-preview:large, max-video-preview:-1\" \/>\n<link rel=\"canonical\" href=\"https:\/\/stagpartynight.com\/fr\/product\/diner-casino-a-valence\/\" \/>\n<meta property=\"og:locale\" content=\"en_GB\" \/>\n<meta property=\"og:type\" content=\"article\" \/>\n<meta property=\"og:title\" content=\"D\u00eener-Casino \u00e0 Valence\" \/>\n<meta property=\"og:description\" content=\"D\u00eener-Casino \u00e0 Valence.Comprend l&#039;entr\u00e9e au casino, un kit de bienvenue avec des instructions, 15 \u20ac de jetons, un menu pour le d\u00eener et une boisson.\u00a0\" \/>\n<meta property=\"og:url\" content=\"https:\/\/stagpartynight.com\/fr\/product\/diner-casino-a-valence\/\" \/>\n<meta property=\"og:site_name\" content=\"Nuit de f\u00eate de cerf\" \/>\n<meta property=\"article:modified_time\" content=\"2024-01-23T11:11:41+00:00\" \/>\n<meta property=\"og:image\" content=\"https:\/\/stagpartynight.com\/fr\/wp-content\/uploads\/sites\/3\/2024\/01\/Diner-Casino-a-Valence.jpg\" \/>\n\t<meta property=\"og:image:width\" content=\"640\" \/>\n\t<meta property=\"og:image:height\" content=\"402\" \/>\n\t<meta property=\"og:image:type\" content=\"image\/jpeg\" \/>\n<meta name=\"twitter:card\" content=\"summary_large_image\" \/>\n<meta name=\"twitter:label1\" content=\"Estimated reading time\" \/>\n\t<meta name=\"twitter:data1\" content=\"2 minutes\" \/>\n<script type=\"application\/ld+json\" class=\"yoast-schema-graph\">{\"@context\":\"https:\/\/schema.org\",\"@graph\":[{\"@type\":\"WebPage\",\"@id\":\"https:\/\/stagpartynight.com\/fr\/product\/diner-casino-a-valence\/\",\"url\":\"https:\/\/stagpartynight.com\/fr\/product\/diner-casino-a-valence\/\",\"name\":\"D\u00eener-Casino \u00e0 Valence\",\"isPartOf\":{\"@id\":\"https:\/\/stagpartynight.com\/fr\/#website\"},\"primaryImageOfPage\":{\"@id\":\"https:\/\/stagpartynight.com\/fr\/product\/diner-casino-a-valence\/#primaryimage\"},\"image\":{\"@id\":\"https:\/\/stagpartynight.com\/fr\/product\/diner-casino-a-valence\/#primaryimage\"},\"thumbnailUrl\":\"https:\/\/stagpartynight.com\/fr\/wp-content\/uploads\/sites\/3\/2024\/01\/Diner-Casino-a-Valence.jpg\",\"datePublished\":\"2024-01-23T11:11:40+00:00\",\"dateModified\":\"2024-01-23T11:11:41+00:00\",\"description\":\"D\u00eener-Casino \u00e0 Valence.Comprend l'entr\u00e9e au casino, un kit de bienvenue avec des instructions, 15 \u20ac de jetons, un menu pour le d\u00eener et une boisson.\u00a0\",\"breadcrumb\":{\"@id\":\"https:\/\/stagpartynight.com\/fr\/product\/diner-casino-a-valence\/#breadcrumb\"},\"inLanguage\":\"en-GB\",\"potentialAction\":[{\"@type\":\"ReadAction\",\"target\":[\"https:\/\/stagpartynight.com\/fr\/product\/diner-casino-a-valence\/\"]}]},{\"@type\":\"ImageObject\",\"inLanguage\":\"en-GB\",\"@id\":\"https:\/\/stagpartynight.com\/fr\/product\/diner-casino-a-valence\/#primaryimage\",\"url\":\"https:\/\/stagpartynight.com\/fr\/wp-content\/uploads\/sites\/3\/2024\/01\/Diner-Casino-a-Valence.jpg\",\"contentUrl\":\"https:\/\/stagpartynight.com\/fr\/wp-content\/uploads\/sites\/3\/2024\/01\/Diner-Casino-a-Valence.jpg\",\"width\":640,\"height\":402,\"caption\":\"D\u00eener-Casino \u00e0 Valence\"},{\"@type\":\"BreadcrumbList\",\"@id\":\"https:\/\/stagpartynight.com\/fr\/product\/diner-casino-a-valence\/#breadcrumb\",\"itemListElement\":[{\"@type\":\"ListItem\",\"position\":1,\"name\":\"Home\",\"item\":\"https:\/\/stagpartynight.com\/fr\/\"},{\"@type\":\"ListItem\",\"position\":2,\"name\":\"Tienda\",\"item\":\"https:\/\/stagpartynight.com\/fr\/tienda\/\"},{\"@type\":\"ListItem\",\"position\":3,\"name\":\"D\u00eener-Casino \u00e0 Valence\"}]},{\"@type\":\"WebSite\",\"@id\":\"https:\/\/stagpartynight.com\/fr\/#website\",\"url\":\"https:\/\/stagpartynight.com\/fr\/\",\"name\":\"Stag Party Night\",\"description\":\"Your Stag Party Customized\",\"publisher\":{\"@id\":\"https:\/\/stagpartynight.com\/fr\/#organization\"},\"potentialAction\":[{\"@type\":\"SearchAction\",\"target\":{\"@type\":\"EntryPoint\",\"urlTemplate\":\"https:\/\/stagpartynight.com\/fr\/?s={search_term_string}\"},\"query-input\":{\"@type\":\"PropertyValueSpecification\",\"valueRequired\":true,\"valueName\":\"search_term_string\"}}],\"inLanguage\":\"en-GB\"},{\"@type\":\"Organization\",\"@id\":\"https:\/\/stagpartynight.com\/fr\/#organization\",\"name\":\"Stag Party Night\",\"url\":\"https:\/\/stagpartynight.com\/fr\/\",\"logo\":{\"@type\":\"ImageObject\",\"inLanguage\":\"en-GB\",\"@id\":\"https:\/\/stagpartynight.com\/fr\/#\/schema\/logo\/image\/\",\"url\":\"https:\/\/stagpartynight.com\/fr\/wp-content\/uploads\/sites\/3\/2019\/12\/stagpartynight-e1578565505687.png\",\"contentUrl\":\"https:\/\/stagpartynight.com\/fr\/wp-content\/uploads\/sites\/3\/2019\/12\/stagpartynight-e1578565505687.png\",\"width\":400,\"height\":400,\"caption\":\"Stag Party Night\"},\"image\":{\"@id\":\"https:\/\/stagpartynight.com\/fr\/#\/schema\/logo\/image\/\"}}]}<\/script>\n<!-- \/ Yoast SEO plugin. -->","yoast_head_json":{"title":"D\u00eener-Casino \u00e0 Valence","description":"D\u00eener-Casino \u00e0 Valence.Comprend l'entr\u00e9e au casino, un kit de bienvenue avec des instructions, 15 \u20ac de jetons, un menu pour le d\u00eener et une boisson.\u00a0","robots":{"index":"index","follow":"follow","max-snippet":"max-snippet:-1","max-image-preview":"max-image-preview:large","max-video-preview":"max-video-preview:-1"},"canonical":"https:\/\/stagpartynight.com\/fr\/product\/diner-casino-a-valence\/","og_locale":"en_GB","og_type":"article","og_title":"D\u00eener-Casino \u00e0 Valence","og_description":"D\u00eener-Casino \u00e0 Valence.Comprend l'entr\u00e9e au casino, un kit de bienvenue avec des instructions, 15 \u20ac de jetons, un menu pour le d\u00eener et une boisson.\u00a0","og_url":"https:\/\/stagpartynight.com\/fr\/product\/diner-casino-a-valence\/","og_site_name":"Nuit de f\u00eate de cerf","article_modified_time":"2024-01-23T11:11:41+00:00","og_image":[{"width":640,"height":402,"url":"https:\/\/stagpartynight.com\/fr\/wp-content\/uploads\/sites\/3\/2024\/01\/Diner-Casino-a-Valence.jpg","type":"image\/jpeg"}],"twitter_card":"summary_large_image","twitter_misc":{"Estimated reading time":"2 minutes"},"schema":{"@context":"https:\/\/schema.org","@graph":[{"@type":"WebPage","@id":"https:\/\/stagpartynight.com\/fr\/product\/diner-casino-a-valence\/","url":"https:\/\/stagpartynight.com\/fr\/product\/diner-casino-a-valence\/","name":"D\u00eener-Casino \u00e0 Valence","isPartOf":{"@id":"https:\/\/stagpartynight.com\/fr\/#website"},"primaryImageOfPage":{"@id":"https:\/\/stagpartynight.com\/fr\/product\/diner-casino-a-valence\/#primaryimage"},"image":{"@id":"https:\/\/stagpartynight.com\/fr\/product\/diner-casino-a-valence\/#primaryimage"},"thumbnailUrl":"https:\/\/stagpartynight.com\/fr\/wp-content\/uploads\/sites\/3\/2024\/01\/Diner-Casino-a-Valence.jpg","datePublished":"2024-01-23T11:11:40+00:00","dateModified":"2024-01-23T11:11:41+00:00","description":"D\u00eener-Casino \u00e0 Valence.Comprend l'entr\u00e9e au casino, un kit de bienvenue avec des instructions, 15 \u20ac de jetons, un menu pour le d\u00eener et une boisson.\u00a0","breadcrumb":{"@id":"https:\/\/stagpartynight.com\/fr\/product\/diner-casino-a-valence\/#breadcrumb"},"inLanguage":"en-GB","potentialAction":[{"@type":"ReadAction","target":["https:\/\/stagpartynight.com\/fr\/product\/diner-casino-a-valence\/"]}]},{"@type":"ImageObject","inLanguage":"en-GB","@id":"https:\/\/stagpartynight.com\/fr\/product\/diner-casino-a-valence\/#primaryimage","url":"https:\/\/stagpartynight.com\/fr\/wp-content\/uploads\/sites\/3\/2024\/01\/Diner-Casino-a-Valence.jpg","contentUrl":"https:\/\/stagpartynight.com\/fr\/wp-content\/uploads\/sites\/3\/2024\/01\/Diner-Casino-a-Valence.jpg","width":640,"height":402,"caption":"D\u00eener-Casino \u00e0 Valence"},{"@type":"BreadcrumbList","@id":"https:\/\/stagpartynight.com\/fr\/product\/diner-casino-a-valence\/#breadcrumb","itemListElement":[{"@type":"ListItem","position":1,"name":"Home","item":"https:\/\/stagpartynight.com\/fr\/"},{"@type":"ListItem","position":2,"name":"Tienda","item":"https:\/\/stagpartynight.com\/fr\/tienda\/"},{"@type":"ListItem","position":3,"name":"D\u00eener-Casino \u00e0 Valence"}]},{"@type":"WebSite","@id":"https:\/\/stagpartynight.com\/fr\/#website","url":"https:\/\/stagpartynight.com\/fr\/","name":"Stag Party Night","description":"Your Stag Party Customized","publisher":{"@id":"https:\/\/stagpartynight.com\/fr\/#organization"},"potentialAction":[{"@type":"SearchAction","target":{"@type":"EntryPoint","urlTemplate":"https:\/\/stagpartynight.com\/fr\/?s={search_term_string}"},"query-input":{"@type":"PropertyValueSpecification","valueRequired":true,"valueName":"search_term_string"}}],"inLanguage":"en-GB"},{"@type":"Organization","@id":"https:\/\/stagpartynight.com\/fr\/#organization","name":"Stag Party Night","url":"https:\/\/stagpartynight.com\/fr\/","logo":{"@type":"ImageObject","inLanguage":"en-GB","@id":"https:\/\/stagpartynight.com\/fr\/#\/schema\/logo\/image\/","url":"https:\/\/stagpartynight.com\/fr\/wp-content\/uploads\/sites\/3\/2019\/12\/stagpartynight-e1578565505687.png","contentUrl":"https:\/\/stagpartynight.com\/fr\/wp-content\/uploads\/sites\/3\/2019\/12\/stagpartynight-e1578565505687.png","width":400,"height":400,"caption":"Stag Party Night"},"image":{"@id":"https:\/\/stagpartynight.com\/fr\/#\/schema\/logo\/image\/"}}]}},"_links":{"self":[{"href":"https:\/\/stagpartynight.com\/fr\/wp-json\/wp\/v2\/product\/2950","targetHints":{"allow":["GET"]}}],"collection":[{"href":"https:\/\/stagpartynight.com\/fr\/wp-json\/wp\/v2\/product"}],"about":[{"href":"https:\/\/stagpartynight.com\/fr\/wp-json\/wp\/v2\/types\/product"}],"replies":[{"embeddable":true,"href":"https:\/\/stagpartynight.com\/fr\/wp-json\/wp\/v2\/comments?post=2950"}],"wp:featuredmedia":[{"embeddable":true,"href":"https:\/\/stagpartynight.com\/fr\/wp-json\/wp\/v2\/media\/2951"}],"wp:attachment":[{"href":"https:\/\/stagpartynight.com\/fr\/wp-json\/wp\/v2\/media?parent=2950"}],"wp:term":[{"taxonomy":"product_brand","embeddable":true,"href":"https:\/\/stagpartynight.com\/fr\/wp-json\/wp\/v2\/product_brand?post=2950"},{"taxonomy":"product_cat","embeddable":true,"href":"https:\/\/stagpartynight.com\/fr\/wp-json\/wp\/v2\/product_cat?post=2950"},{"taxonomy":"product_tag","embeddable":true,"href":"https:\/\/stagpartynight.com\/fr\/wp-json\/wp\/v2\/product_tag?post=2950"}],"curies":[{"name":"wp","href":"https:\/\/api.w.org\/{rel}","templated":true}]}}