{"id":2952,"date":"2024-01-23T12:17:55","date_gmt":"2024-01-23T11:17:55","guid":{"rendered":"https:\/\/stagpartynight.com\/fr\/?post_type=product&#038;p=2952"},"modified":"2024-01-23T12:49:36","modified_gmt":"2024-01-23T11:49:36","slug":"fete-du-bateau-paella-valence","status":"publish","type":"product","link":"https:\/\/stagpartynight.com\/fr\/product\/fete-du-bateau-paella-valence\/","title":{"rendered":"F\u00eate du bateau &#038; Paella Valence"},"content":{"rendered":"<p>F\u00eate du bateau &amp; Paella Valence. Comprend un DJ, un arr\u00eat au bord de la mer pour une baignade, une salade, une paella, une bi\u00e8re et une boisson. Cocktail de bienvenue.<\/p>\n<div>Les meilleurs enterrements de vie de gar\u00e7on avec <a href=\"https:\/\/stagpartynight.com\/\">Stagparty<\/a> !<\/div>\n<p>&nbsp;<\/p>\n<h2 style=\"text-align: center;\">F\u00eate du bateau &amp; Paella Valence<strong style=\"color: #666666; font-size: 14px;\">\ud83d\udea2<\/strong><\/h2>\n<h4><strong>\ud83c\udf0a Vivez l&#8217;Exp\u00e9rience Ultime: F\u00eate en Bateau \u00e0 Valence avec un Festin Paella!\u00a0<\/strong><\/h4>\n<p>Plongez dans l&#8217;aventure d&#8217;une soir\u00e9e inoubliable \u00e0 bord d&#8217;un bateau exclusif \u00e0 Valence! Notre &#8220;F\u00eate en Bateau + Menu Paella&#8221; est la formule parfaite pour ceux qui recherchent une combinaison parfaite de plaisir.\u00a0 Gastronomie et de vues spectaculaires sur la mer M\u00e9diterran\u00e9e.<\/p>\n<h6><strong>\ud83d\udea2 Embarquement vers l&#8217;Inoubliable \ud83d\udea2<\/strong><\/h6>\n<p>D\u00e8s que vous montez \u00e0 bord, l&#8217;excitation commence! La soir\u00e9e promet d&#8217;\u00eatre \u00e9pique avec notre DJ qui cr\u00e9era l&#8217;ambiance parfaite pour danser sous les \u00e9toiles et le doux murmure des vagues.<\/p>\n<p><strong>\ud83c\udf7d\ufe0f Le Festin de la Mer M\u00e9diterran\u00e9e \ud83e\udd58<\/strong><\/p>\n<p>Une pause sp\u00e9ciale en mer vous permettra de vous rafra\u00eechir et de plonger dans les eaux cristallines avant de vous r\u00e9galer avec un menu gastronomique. Commencez par une d\u00e9licieuse salade rafra\u00eechissante, suivi de la star de la soir\u00e9e &#8211; notre d\u00e9licieuse Paella, pr\u00e9par\u00e9e avec les meilleurs ingr\u00e9dients m\u00e9diterran\u00e9ens. Accompagn\u00e9e de cerveza espagnole authentique et d&#8217;une boisson de votre choix, chaque bouch\u00e9e sera une explosion de saveurs.<\/p>\n<p><strong>\ud83c\udf79 Cocktail de Bienvenue pour D\u00e9marrer la F\u00eate \ud83c\udf79<\/strong><\/p>\n<p>La f\u00eate commence d\u00e8s que vous mettez le pied \u00e0 bord avec notre Cocktail de Bienvenue &#8211; une fa\u00e7on rafra\u00eechissante de lancer la c\u00e9l\u00e9bration en beaut\u00e9!<\/p>\n<h6><strong>\ud83c\udf05 Vues \u00c0 Couper le Souffle \ud83c\udf05<\/strong><\/h6>\n<p>Naviguez le long des c\u00f4tes de <a href=\"https:\/\/es.wikipedia.org\/wiki\/Valencia\">Valence<\/a> avec des vues \u00e0 couper le souffle sur la ville illumin\u00e9e et le reflet des \u00e9toiles dans la mer. Notre arr\u00eat en mer pour une baignade ajoute une touche rafra\u00eechissante \u00e0 cette soir\u00e9e m\u00e9morable.<\/p>\n<p><strong>\ud83d\udc83 R\u00e9servez Votre Place Pour une Soir\u00e9e Inoubliable! \ud83d\udc83<\/strong><\/p>\n<p>Rejoignez-nous pour une soir\u00e9e qui combine l&#8217;\u00e9l\u00e9gance d&#8217;une croisi\u00e8re avec l&#8217;\u00e9nergie \u00e9lectrisante d&#8217;une f\u00eate sur l&#8217;eau. R\u00e9servez d\u00e8s maintenant pour garantir votre place \u00e0 bord de cette exp\u00e9rience unique \u00e0 Valence. Pr\u00e9parez-vous \u00e0 danser, \u00e0 savourer des saveurs m\u00e9diterran\u00e9ennes exquises et \u00e0 cr\u00e9er des souvenirs qui dureront toute une vie!<\/p>\n<p style=\"text-align: center;\">\ud83c\udf0aR\u00e9servez votre billet et pr\u00e9parez-vous \u00e0 vivre la f\u00eate en bateau ! \ud83c\udf0a<\/p>\n","protected":false},"excerpt":{"rendered":"<p>F\u00eate du bateau &amp; Paella Valence. Comprend un DJ, un arr\u00eat au bord de la mer pour une baignade, une salade, une paella, une bi\u00e8re et une boisson. Cocktail de bienvenue.<\/p>\n","protected":false},"featured_media":2953,"comment_status":"open","ping_status":"closed","template":"","meta":{"_et_pb_use_builder":"","_et_pb_old_content":"","_et_gb_content_width":""},"product_brand":[],"product_cat":[531],"product_tag":[685,686,687],"class_list":{"0":"post-2952","1":"product","2":"type-product","3":"status-publish","4":"has-post-thumbnail","6":"product_cat-valencia","7":"product_tag-fete-du-bateau-paella-valence","8":"product_tag-fete-du-bateauvalence","9":"product_tag-paella-valence","11":"first","12":"instock","13":"shipping-taxable","14":"product-type-simple"},"yoast_head":"<!-- This site is optimized with the Yoast SEO plugin v26.4 - https:\/\/yoast.com\/wordpress\/plugins\/seo\/ -->\n<title>F\u00eate du bateau &amp; Paella Valence<\/title>\n<meta name=\"description\" content=\"F\u00eate du bateau &amp; Paella Valence. Comprend un DJ, un arr\u00eat au bord de la mer pour une baignade, une salade, une paella, une bi\u00e8re et une boisson.\" \/>\n<meta name=\"robots\" content=\"index, follow, max-snippet:-1, max-image-preview:large, max-video-preview:-1\" \/>\n<link rel=\"canonical\" href=\"https:\/\/stagpartynight.com\/fr\/product\/fete-du-bateau-paella-valence\/\" \/>\n<meta property=\"og:locale\" content=\"en_GB\" \/>\n<meta property=\"og:type\" content=\"article\" \/>\n<meta property=\"og:title\" content=\"F\u00eate du bateau &amp; Paella Valence\" \/>\n<meta property=\"og:description\" content=\"F\u00eate du bateau &amp; Paella Valence. Comprend un DJ, un arr\u00eat au bord de la mer pour une baignade, une salade, une paella, une bi\u00e8re et une boisson.\" \/>\n<meta property=\"og:url\" content=\"https:\/\/stagpartynight.com\/fr\/product\/fete-du-bateau-paella-valence\/\" \/>\n<meta property=\"og:site_name\" content=\"Nuit de f\u00eate de cerf\" \/>\n<meta property=\"article:modified_time\" content=\"2024-01-23T11:49:36+00:00\" \/>\n<meta property=\"og:image\" content=\"https:\/\/stagpartynight.com\/fr\/wp-content\/uploads\/sites\/3\/2024\/01\/Fete-du-bateau-Paella-Valence.jpg\" \/>\n\t<meta property=\"og:image:width\" content=\"640\" \/>\n\t<meta property=\"og:image:height\" content=\"853\" \/>\n\t<meta property=\"og:image:type\" content=\"image\/jpeg\" \/>\n<meta name=\"twitter:card\" content=\"summary_large_image\" \/>\n<meta name=\"twitter:label1\" content=\"Estimated reading time\" \/>\n\t<meta name=\"twitter:data1\" content=\"2 minutes\" \/>\n<script type=\"application\/ld+json\" class=\"yoast-schema-graph\">{\"@context\":\"https:\/\/schema.org\",\"@graph\":[{\"@type\":\"WebPage\",\"@id\":\"https:\/\/stagpartynight.com\/fr\/product\/fete-du-bateau-paella-valence\/\",\"url\":\"https:\/\/stagpartynight.com\/fr\/product\/fete-du-bateau-paella-valence\/\",\"name\":\"F\u00eate du bateau & Paella Valence\",\"isPartOf\":{\"@id\":\"https:\/\/stagpartynight.com\/fr\/#website\"},\"primaryImageOfPage\":{\"@id\":\"https:\/\/stagpartynight.com\/fr\/product\/fete-du-bateau-paella-valence\/#primaryimage\"},\"image\":{\"@id\":\"https:\/\/stagpartynight.com\/fr\/product\/fete-du-bateau-paella-valence\/#primaryimage\"},\"thumbnailUrl\":\"https:\/\/stagpartynight.com\/fr\/wp-content\/uploads\/sites\/3\/2024\/01\/Fete-du-bateau-Paella-Valence.jpg\",\"datePublished\":\"2024-01-23T11:17:55+00:00\",\"dateModified\":\"2024-01-23T11:49:36+00:00\",\"description\":\"F\u00eate du bateau & Paella Valence. Comprend un DJ, un arr\u00eat au bord de la mer pour une baignade, une salade, une paella, une bi\u00e8re et une boisson.\",\"breadcrumb\":{\"@id\":\"https:\/\/stagpartynight.com\/fr\/product\/fete-du-bateau-paella-valence\/#breadcrumb\"},\"inLanguage\":\"en-GB\",\"potentialAction\":[{\"@type\":\"ReadAction\",\"target\":[\"https:\/\/stagpartynight.com\/fr\/product\/fete-du-bateau-paella-valence\/\"]}]},{\"@type\":\"ImageObject\",\"inLanguage\":\"en-GB\",\"@id\":\"https:\/\/stagpartynight.com\/fr\/product\/fete-du-bateau-paella-valence\/#primaryimage\",\"url\":\"https:\/\/stagpartynight.com\/fr\/wp-content\/uploads\/sites\/3\/2024\/01\/Fete-du-bateau-Paella-Valence.jpg\",\"contentUrl\":\"https:\/\/stagpartynight.com\/fr\/wp-content\/uploads\/sites\/3\/2024\/01\/Fete-du-bateau-Paella-Valence.jpg\",\"width\":640,\"height\":853,\"caption\":\"F\u00eate du bateau & Paella Valence\"},{\"@type\":\"BreadcrumbList\",\"@id\":\"https:\/\/stagpartynight.com\/fr\/product\/fete-du-bateau-paella-valence\/#breadcrumb\",\"itemListElement\":[{\"@type\":\"ListItem\",\"position\":1,\"name\":\"Home\",\"item\":\"https:\/\/stagpartynight.com\/fr\/\"},{\"@type\":\"ListItem\",\"position\":2,\"name\":\"Tienda\",\"item\":\"https:\/\/stagpartynight.com\/fr\/tienda\/\"},{\"@type\":\"ListItem\",\"position\":3,\"name\":\"F\u00eate du bateau &#038; Paella Valence\"}]},{\"@type\":\"WebSite\",\"@id\":\"https:\/\/stagpartynight.com\/fr\/#website\",\"url\":\"https:\/\/stagpartynight.com\/fr\/\",\"name\":\"Stag Party Night\",\"description\":\"Your Stag Party Customized\",\"publisher\":{\"@id\":\"https:\/\/stagpartynight.com\/fr\/#organization\"},\"potentialAction\":[{\"@type\":\"SearchAction\",\"target\":{\"@type\":\"EntryPoint\",\"urlTemplate\":\"https:\/\/stagpartynight.com\/fr\/?s={search_term_string}\"},\"query-input\":{\"@type\":\"PropertyValueSpecification\",\"valueRequired\":true,\"valueName\":\"search_term_string\"}}],\"inLanguage\":\"en-GB\"},{\"@type\":\"Organization\",\"@id\":\"https:\/\/stagpartynight.com\/fr\/#organization\",\"name\":\"Stag Party Night\",\"url\":\"https:\/\/stagpartynight.com\/fr\/\",\"logo\":{\"@type\":\"ImageObject\",\"inLanguage\":\"en-GB\",\"@id\":\"https:\/\/stagpartynight.com\/fr\/#\/schema\/logo\/image\/\",\"url\":\"https:\/\/stagpartynight.com\/fr\/wp-content\/uploads\/sites\/3\/2019\/12\/stagpartynight-e1578565505687.png\",\"contentUrl\":\"https:\/\/stagpartynight.com\/fr\/wp-content\/uploads\/sites\/3\/2019\/12\/stagpartynight-e1578565505687.png\",\"width\":400,\"height\":400,\"caption\":\"Stag Party Night\"},\"image\":{\"@id\":\"https:\/\/stagpartynight.com\/fr\/#\/schema\/logo\/image\/\"}}]}<\/script>\n<!-- \/ Yoast SEO plugin. -->","yoast_head_json":{"title":"F\u00eate du bateau & Paella Valence","description":"F\u00eate du bateau & Paella Valence. Comprend un DJ, un arr\u00eat au bord de la mer pour une baignade, une salade, une paella, une bi\u00e8re et une boisson.","robots":{"index":"index","follow":"follow","max-snippet":"max-snippet:-1","max-image-preview":"max-image-preview:large","max-video-preview":"max-video-preview:-1"},"canonical":"https:\/\/stagpartynight.com\/fr\/product\/fete-du-bateau-paella-valence\/","og_locale":"en_GB","og_type":"article","og_title":"F\u00eate du bateau & Paella Valence","og_description":"F\u00eate du bateau & Paella Valence. Comprend un DJ, un arr\u00eat au bord de la mer pour une baignade, une salade, une paella, une bi\u00e8re et une boisson.","og_url":"https:\/\/stagpartynight.com\/fr\/product\/fete-du-bateau-paella-valence\/","og_site_name":"Nuit de f\u00eate de cerf","article_modified_time":"2024-01-23T11:49:36+00:00","og_image":[{"width":640,"height":853,"url":"https:\/\/stagpartynight.com\/fr\/wp-content\/uploads\/sites\/3\/2024\/01\/Fete-du-bateau-Paella-Valence.jpg","type":"image\/jpeg"}],"twitter_card":"summary_large_image","twitter_misc":{"Estimated reading time":"2 minutes"},"schema":{"@context":"https:\/\/schema.org","@graph":[{"@type":"WebPage","@id":"https:\/\/stagpartynight.com\/fr\/product\/fete-du-bateau-paella-valence\/","url":"https:\/\/stagpartynight.com\/fr\/product\/fete-du-bateau-paella-valence\/","name":"F\u00eate du bateau & Paella Valence","isPartOf":{"@id":"https:\/\/stagpartynight.com\/fr\/#website"},"primaryImageOfPage":{"@id":"https:\/\/stagpartynight.com\/fr\/product\/fete-du-bateau-paella-valence\/#primaryimage"},"image":{"@id":"https:\/\/stagpartynight.com\/fr\/product\/fete-du-bateau-paella-valence\/#primaryimage"},"thumbnailUrl":"https:\/\/stagpartynight.com\/fr\/wp-content\/uploads\/sites\/3\/2024\/01\/Fete-du-bateau-Paella-Valence.jpg","datePublished":"2024-01-23T11:17:55+00:00","dateModified":"2024-01-23T11:49:36+00:00","description":"F\u00eate du bateau & Paella Valence. Comprend un DJ, un arr\u00eat au bord de la mer pour une baignade, une salade, une paella, une bi\u00e8re et une boisson.","breadcrumb":{"@id":"https:\/\/stagpartynight.com\/fr\/product\/fete-du-bateau-paella-valence\/#breadcrumb"},"inLanguage":"en-GB","potentialAction":[{"@type":"ReadAction","target":["https:\/\/stagpartynight.com\/fr\/product\/fete-du-bateau-paella-valence\/"]}]},{"@type":"ImageObject","inLanguage":"en-GB","@id":"https:\/\/stagpartynight.com\/fr\/product\/fete-du-bateau-paella-valence\/#primaryimage","url":"https:\/\/stagpartynight.com\/fr\/wp-content\/uploads\/sites\/3\/2024\/01\/Fete-du-bateau-Paella-Valence.jpg","contentUrl":"https:\/\/stagpartynight.com\/fr\/wp-content\/uploads\/sites\/3\/2024\/01\/Fete-du-bateau-Paella-Valence.jpg","width":640,"height":853,"caption":"F\u00eate du bateau & Paella Valence"},{"@type":"BreadcrumbList","@id":"https:\/\/stagpartynight.com\/fr\/product\/fete-du-bateau-paella-valence\/#breadcrumb","itemListElement":[{"@type":"ListItem","position":1,"name":"Home","item":"https:\/\/stagpartynight.com\/fr\/"},{"@type":"ListItem","position":2,"name":"Tienda","item":"https:\/\/stagpartynight.com\/fr\/tienda\/"},{"@type":"ListItem","position":3,"name":"F\u00eate du bateau &#038; Paella Valence"}]},{"@type":"WebSite","@id":"https:\/\/stagpartynight.com\/fr\/#website","url":"https:\/\/stagpartynight.com\/fr\/","name":"Stag Party Night","description":"Your Stag Party Customized","publisher":{"@id":"https:\/\/stagpartynight.com\/fr\/#organization"},"potentialAction":[{"@type":"SearchAction","target":{"@type":"EntryPoint","urlTemplate":"https:\/\/stagpartynight.com\/fr\/?s={search_term_string}"},"query-input":{"@type":"PropertyValueSpecification","valueRequired":true,"valueName":"search_term_string"}}],"inLanguage":"en-GB"},{"@type":"Organization","@id":"https:\/\/stagpartynight.com\/fr\/#organization","name":"Stag Party Night","url":"https:\/\/stagpartynight.com\/fr\/","logo":{"@type":"ImageObject","inLanguage":"en-GB","@id":"https:\/\/stagpartynight.com\/fr\/#\/schema\/logo\/image\/","url":"https:\/\/stagpartynight.com\/fr\/wp-content\/uploads\/sites\/3\/2019\/12\/stagpartynight-e1578565505687.png","contentUrl":"https:\/\/stagpartynight.com\/fr\/wp-content\/uploads\/sites\/3\/2019\/12\/stagpartynight-e1578565505687.png","width":400,"height":400,"caption":"Stag Party Night"},"image":{"@id":"https:\/\/stagpartynight.com\/fr\/#\/schema\/logo\/image\/"}}]}},"_links":{"self":[{"href":"https:\/\/stagpartynight.com\/fr\/wp-json\/wp\/v2\/product\/2952","targetHints":{"allow":["GET"]}}],"collection":[{"href":"https:\/\/stagpartynight.com\/fr\/wp-json\/wp\/v2\/product"}],"about":[{"href":"https:\/\/stagpartynight.com\/fr\/wp-json\/wp\/v2\/types\/product"}],"replies":[{"embeddable":true,"href":"https:\/\/stagpartynight.com\/fr\/wp-json\/wp\/v2\/comments?post=2952"}],"wp:featuredmedia":[{"embeddable":true,"href":"https:\/\/stagpartynight.com\/fr\/wp-json\/wp\/v2\/media\/2953"}],"wp:attachment":[{"href":"https:\/\/stagpartynight.com\/fr\/wp-json\/wp\/v2\/media?parent=2952"}],"wp:term":[{"taxonomy":"product_brand","embeddable":true,"href":"https:\/\/stagpartynight.com\/fr\/wp-json\/wp\/v2\/product_brand?post=2952"},{"taxonomy":"product_cat","embeddable":true,"href":"https:\/\/stagpartynight.com\/fr\/wp-json\/wp\/v2\/product_cat?post=2952"},{"taxonomy":"product_tag","embeddable":true,"href":"https:\/\/stagpartynight.com\/fr\/wp-json\/wp\/v2\/product_tag?post=2952"}],"curies":[{"name":"wp","href":"https:\/\/api.w.org\/{rel}","templated":true}]}}