{"id":296,"date":"2020-01-08T15:22:11","date_gmt":"2020-01-08T14:22:11","guid":{"rendered":"https:\/\/stagpartynight.com\/fr\/?post_type=product&#038;p=296"},"modified":"2021-01-29T15:02:04","modified_gmt":"2021-01-29T14:02:04","slug":"wine-tour-lisboa","status":"publish","type":"product","link":"https:\/\/stagpartynight.com\/fr\/product\/wine-tour-lisboa\/","title":{"rendered":"Tour du vin \u00e0 Lisbonne"},"content":{"rendered":"<p>Visite guid\u00e9e avec un expert en vins. D\u00e9gustation des vari\u00e9t\u00e9s de vins portugais typiques, rouges, blancs, verts, ros\u00e9s, porto et muscat. Visite de 3 bars \u00e0 vin traditionnels ou plus et des caves de la tarte Portugala et d\u00e9gustation de leurs vari\u00e9t\u00e9s de vin. Activit\u00e9 recommand\u00e9e.<\/p>\n","protected":false},"excerpt":{"rendered":"<p>Visite guid\u00e9e avec un expert en vins. D\u00e9gustation des vari\u00e9t\u00e9s de vins portugais typiques, rouges, blancs, verts, ros\u00e9s, porto et muscat. Visite de 3 bars \u00e0 vin traditionnels ou plus et des caves de la tarte Portugala et d\u00e9gustation de leurs vari\u00e9t\u00e9s de vin. Activit\u00e9 recommand\u00e9e.<\/p>\n","protected":false},"featured_media":145,"comment_status":"open","ping_status":"closed","template":"","meta":{"_et_pb_use_builder":"","_et_pb_old_content":"","_et_gb_content_width":""},"product_brand":[],"product_cat":[148],"product_tag":[288,290,31,289],"class_list":{"0":"post-296","1":"product","2":"type-product","3":"status-publish","4":"has-post-thumbnail","6":"product_cat-lisboa","7":"product_tag-tour-du-vin-a-lisbonne","8":"product_tag-visite-guidee-des-vins-a-lisbonne","9":"product_tag-wine-tour","10":"product_tag-wine-tour-a-lisbonne","12":"first","13":"instock","14":"virtual","15":"product-type-simple"},"yoast_head":"<!-- This site is optimized with the Yoast SEO plugin v26.4 - https:\/\/yoast.com\/wordpress\/plugins\/seo\/ -->\n<title>Tour du vin \u00e0 Lisbonne - Wine tour \u00e0 Lisbonne - Visite guid\u00e9e des vins<\/title>\n<meta name=\"description\" content=\"Tour du vin \u00e0 Lisbonne - Visite guid\u00e9e avec un expert en vins. D\u00e9gustation des vari\u00e9t\u00e9s de vins portugais typiques, rouges, blancs, verts, ros\u00e9s, porto et muscat. Visite de 3 bars \u00e0 vin traditionnels ou plus et des caves de la tarte Portugala et d\u00e9gustation de leurs vari\u00e9t\u00e9s de vin. Activit\u00e9 recommand\u00e9e.\" \/>\n<meta name=\"robots\" content=\"index, follow, max-snippet:-1, max-image-preview:large, max-video-preview:-1\" \/>\n<link rel=\"canonical\" href=\"https:\/\/stagpartynight.com\/fr\/product\/wine-tour-lisboa\/\" \/>\n<meta property=\"og:locale\" content=\"en_GB\" \/>\n<meta property=\"og:type\" content=\"article\" \/>\n<meta property=\"og:title\" content=\"Tour du vin \u00e0 Lisbonne - Wine tour \u00e0 Lisbonne - Visite guid\u00e9e des vins\" \/>\n<meta property=\"og:description\" content=\"Tour du vin \u00e0 Lisbonne - Visite guid\u00e9e avec un expert en vins. D\u00e9gustation des vari\u00e9t\u00e9s de vins portugais typiques, rouges, blancs, verts, ros\u00e9s, porto et muscat. Visite de 3 bars \u00e0 vin traditionnels ou plus et des caves de la tarte Portugala et d\u00e9gustation de leurs vari\u00e9t\u00e9s de vin. Activit\u00e9 recommand\u00e9e.\" \/>\n<meta property=\"og:url\" content=\"https:\/\/stagpartynight.com\/fr\/product\/wine-tour-lisboa\/\" \/>\n<meta property=\"og:site_name\" content=\"Nuit de f\u00eate de cerf\" \/>\n<meta property=\"article:modified_time\" content=\"2021-01-29T14:02:04+00:00\" \/>\n<meta property=\"og:image\" content=\"https:\/\/stagpartynight.com\/fr\/wp-content\/uploads\/sites\/3\/2020\/01\/wine-1761613_1280.jpg\" \/>\n\t<meta property=\"og:image:width\" content=\"1280\" \/>\n\t<meta property=\"og:image:height\" content=\"854\" \/>\n\t<meta property=\"og:image:type\" content=\"image\/jpeg\" \/>\n<meta name=\"twitter:card\" content=\"summary_large_image\" \/>\n<script type=\"application\/ld+json\" class=\"yoast-schema-graph\">{\"@context\":\"https:\/\/schema.org\",\"@graph\":[{\"@type\":\"WebPage\",\"@id\":\"https:\/\/stagpartynight.com\/fr\/product\/wine-tour-lisboa\/\",\"url\":\"https:\/\/stagpartynight.com\/fr\/product\/wine-tour-lisboa\/\",\"name\":\"Tour du vin \u00e0 Lisbonne - Wine tour \u00e0 Lisbonne - Visite guid\u00e9e des vins\",\"isPartOf\":{\"@id\":\"https:\/\/stagpartynight.com\/fr\/#website\"},\"primaryImageOfPage\":{\"@id\":\"https:\/\/stagpartynight.com\/fr\/product\/wine-tour-lisboa\/#primaryimage\"},\"image\":{\"@id\":\"https:\/\/stagpartynight.com\/fr\/product\/wine-tour-lisboa\/#primaryimage\"},\"thumbnailUrl\":\"https:\/\/stagpartynight.com\/fr\/wp-content\/uploads\/sites\/3\/2020\/01\/wine-1761613_1280.jpg\",\"datePublished\":\"2020-01-08T14:22:11+00:00\",\"dateModified\":\"2021-01-29T14:02:04+00:00\",\"description\":\"Tour du vin \u00e0 Lisbonne - Visite guid\u00e9e avec un expert en vins. D\u00e9gustation des vari\u00e9t\u00e9s de vins portugais typiques, rouges, blancs, verts, ros\u00e9s, porto et muscat. Visite de 3 bars \u00e0 vin traditionnels ou plus et des caves de la tarte Portugala et d\u00e9gustation de leurs vari\u00e9t\u00e9s de vin. Activit\u00e9 recommand\u00e9e.\",\"breadcrumb\":{\"@id\":\"https:\/\/stagpartynight.com\/fr\/product\/wine-tour-lisboa\/#breadcrumb\"},\"inLanguage\":\"en-GB\",\"potentialAction\":[{\"@type\":\"ReadAction\",\"target\":[\"https:\/\/stagpartynight.com\/fr\/product\/wine-tour-lisboa\/\"]}]},{\"@type\":\"ImageObject\",\"inLanguage\":\"en-GB\",\"@id\":\"https:\/\/stagpartynight.com\/fr\/product\/wine-tour-lisboa\/#primaryimage\",\"url\":\"https:\/\/stagpartynight.com\/fr\/wp-content\/uploads\/sites\/3\/2020\/01\/wine-1761613_1280.jpg\",\"contentUrl\":\"https:\/\/stagpartynight.com\/fr\/wp-content\/uploads\/sites\/3\/2020\/01\/wine-1761613_1280.jpg\",\"width\":1280,\"height\":854},{\"@type\":\"BreadcrumbList\",\"@id\":\"https:\/\/stagpartynight.com\/fr\/product\/wine-tour-lisboa\/#breadcrumb\",\"itemListElement\":[{\"@type\":\"ListItem\",\"position\":1,\"name\":\"Home\",\"item\":\"https:\/\/stagpartynight.com\/fr\/\"},{\"@type\":\"ListItem\",\"position\":2,\"name\":\"Tienda\",\"item\":\"https:\/\/stagpartynight.com\/fr\/tienda\/\"},{\"@type\":\"ListItem\",\"position\":3,\"name\":\"Tour du vin \u00e0 Lisbonne\"}]},{\"@type\":\"WebSite\",\"@id\":\"https:\/\/stagpartynight.com\/fr\/#website\",\"url\":\"https:\/\/stagpartynight.com\/fr\/\",\"name\":\"Stag Party Night\",\"description\":\"Your Stag Party Customized\",\"publisher\":{\"@id\":\"https:\/\/stagpartynight.com\/fr\/#organization\"},\"potentialAction\":[{\"@type\":\"SearchAction\",\"target\":{\"@type\":\"EntryPoint\",\"urlTemplate\":\"https:\/\/stagpartynight.com\/fr\/?s={search_term_string}\"},\"query-input\":{\"@type\":\"PropertyValueSpecification\",\"valueRequired\":true,\"valueName\":\"search_term_string\"}}],\"inLanguage\":\"en-GB\"},{\"@type\":\"Organization\",\"@id\":\"https:\/\/stagpartynight.com\/fr\/#organization\",\"name\":\"Stag Party Night\",\"url\":\"https:\/\/stagpartynight.com\/fr\/\",\"logo\":{\"@type\":\"ImageObject\",\"inLanguage\":\"en-GB\",\"@id\":\"https:\/\/stagpartynight.com\/fr\/#\/schema\/logo\/image\/\",\"url\":\"https:\/\/stagpartynight.com\/fr\/wp-content\/uploads\/sites\/3\/2019\/12\/stagpartynight-e1578565505687.png\",\"contentUrl\":\"https:\/\/stagpartynight.com\/fr\/wp-content\/uploads\/sites\/3\/2019\/12\/stagpartynight-e1578565505687.png\",\"width\":400,\"height\":400,\"caption\":\"Stag Party Night\"},\"image\":{\"@id\":\"https:\/\/stagpartynight.com\/fr\/#\/schema\/logo\/image\/\"}}]}<\/script>\n<!-- \/ Yoast SEO plugin. -->","yoast_head_json":{"title":"Tour du vin \u00e0 Lisbonne - Wine tour \u00e0 Lisbonne - Visite guid\u00e9e des vins","description":"Tour du vin \u00e0 Lisbonne - Visite guid\u00e9e avec un expert en vins. D\u00e9gustation des vari\u00e9t\u00e9s de vins portugais typiques, rouges, blancs, verts, ros\u00e9s, porto et muscat. Visite de 3 bars \u00e0 vin traditionnels ou plus et des caves de la tarte Portugala et d\u00e9gustation de leurs vari\u00e9t\u00e9s de vin. Activit\u00e9 recommand\u00e9e.","robots":{"index":"index","follow":"follow","max-snippet":"max-snippet:-1","max-image-preview":"max-image-preview:large","max-video-preview":"max-video-preview:-1"},"canonical":"https:\/\/stagpartynight.com\/fr\/product\/wine-tour-lisboa\/","og_locale":"en_GB","og_type":"article","og_title":"Tour du vin \u00e0 Lisbonne - Wine tour \u00e0 Lisbonne - Visite guid\u00e9e des vins","og_description":"Tour du vin \u00e0 Lisbonne - Visite guid\u00e9e avec un expert en vins. D\u00e9gustation des vari\u00e9t\u00e9s de vins portugais typiques, rouges, blancs, verts, ros\u00e9s, porto et muscat. Visite de 3 bars \u00e0 vin traditionnels ou plus et des caves de la tarte Portugala et d\u00e9gustation de leurs vari\u00e9t\u00e9s de vin. Activit\u00e9 recommand\u00e9e.","og_url":"https:\/\/stagpartynight.com\/fr\/product\/wine-tour-lisboa\/","og_site_name":"Nuit de f\u00eate de cerf","article_modified_time":"2021-01-29T14:02:04+00:00","og_image":[{"width":1280,"height":854,"url":"https:\/\/stagpartynight.com\/fr\/wp-content\/uploads\/sites\/3\/2020\/01\/wine-1761613_1280.jpg","type":"image\/jpeg"}],"twitter_card":"summary_large_image","schema":{"@context":"https:\/\/schema.org","@graph":[{"@type":"WebPage","@id":"https:\/\/stagpartynight.com\/fr\/product\/wine-tour-lisboa\/","url":"https:\/\/stagpartynight.com\/fr\/product\/wine-tour-lisboa\/","name":"Tour du vin \u00e0 Lisbonne - Wine tour \u00e0 Lisbonne - Visite guid\u00e9e des vins","isPartOf":{"@id":"https:\/\/stagpartynight.com\/fr\/#website"},"primaryImageOfPage":{"@id":"https:\/\/stagpartynight.com\/fr\/product\/wine-tour-lisboa\/#primaryimage"},"image":{"@id":"https:\/\/stagpartynight.com\/fr\/product\/wine-tour-lisboa\/#primaryimage"},"thumbnailUrl":"https:\/\/stagpartynight.com\/fr\/wp-content\/uploads\/sites\/3\/2020\/01\/wine-1761613_1280.jpg","datePublished":"2020-01-08T14:22:11+00:00","dateModified":"2021-01-29T14:02:04+00:00","description":"Tour du vin \u00e0 Lisbonne - Visite guid\u00e9e avec un expert en vins. D\u00e9gustation des vari\u00e9t\u00e9s de vins portugais typiques, rouges, blancs, verts, ros\u00e9s, porto et muscat. Visite de 3 bars \u00e0 vin traditionnels ou plus et des caves de la tarte Portugala et d\u00e9gustation de leurs vari\u00e9t\u00e9s de vin. Activit\u00e9 recommand\u00e9e.","breadcrumb":{"@id":"https:\/\/stagpartynight.com\/fr\/product\/wine-tour-lisboa\/#breadcrumb"},"inLanguage":"en-GB","potentialAction":[{"@type":"ReadAction","target":["https:\/\/stagpartynight.com\/fr\/product\/wine-tour-lisboa\/"]}]},{"@type":"ImageObject","inLanguage":"en-GB","@id":"https:\/\/stagpartynight.com\/fr\/product\/wine-tour-lisboa\/#primaryimage","url":"https:\/\/stagpartynight.com\/fr\/wp-content\/uploads\/sites\/3\/2020\/01\/wine-1761613_1280.jpg","contentUrl":"https:\/\/stagpartynight.com\/fr\/wp-content\/uploads\/sites\/3\/2020\/01\/wine-1761613_1280.jpg","width":1280,"height":854},{"@type":"BreadcrumbList","@id":"https:\/\/stagpartynight.com\/fr\/product\/wine-tour-lisboa\/#breadcrumb","itemListElement":[{"@type":"ListItem","position":1,"name":"Home","item":"https:\/\/stagpartynight.com\/fr\/"},{"@type":"ListItem","position":2,"name":"Tienda","item":"https:\/\/stagpartynight.com\/fr\/tienda\/"},{"@type":"ListItem","position":3,"name":"Tour du vin \u00e0 Lisbonne"}]},{"@type":"WebSite","@id":"https:\/\/stagpartynight.com\/fr\/#website","url":"https:\/\/stagpartynight.com\/fr\/","name":"Stag Party Night","description":"Your Stag Party Customized","publisher":{"@id":"https:\/\/stagpartynight.com\/fr\/#organization"},"potentialAction":[{"@type":"SearchAction","target":{"@type":"EntryPoint","urlTemplate":"https:\/\/stagpartynight.com\/fr\/?s={search_term_string}"},"query-input":{"@type":"PropertyValueSpecification","valueRequired":true,"valueName":"search_term_string"}}],"inLanguage":"en-GB"},{"@type":"Organization","@id":"https:\/\/stagpartynight.com\/fr\/#organization","name":"Stag Party Night","url":"https:\/\/stagpartynight.com\/fr\/","logo":{"@type":"ImageObject","inLanguage":"en-GB","@id":"https:\/\/stagpartynight.com\/fr\/#\/schema\/logo\/image\/","url":"https:\/\/stagpartynight.com\/fr\/wp-content\/uploads\/sites\/3\/2019\/12\/stagpartynight-e1578565505687.png","contentUrl":"https:\/\/stagpartynight.com\/fr\/wp-content\/uploads\/sites\/3\/2019\/12\/stagpartynight-e1578565505687.png","width":400,"height":400,"caption":"Stag Party Night"},"image":{"@id":"https:\/\/stagpartynight.com\/fr\/#\/schema\/logo\/image\/"}}]}},"_links":{"self":[{"href":"https:\/\/stagpartynight.com\/fr\/wp-json\/wp\/v2\/product\/296","targetHints":{"allow":["GET"]}}],"collection":[{"href":"https:\/\/stagpartynight.com\/fr\/wp-json\/wp\/v2\/product"}],"about":[{"href":"https:\/\/stagpartynight.com\/fr\/wp-json\/wp\/v2\/types\/product"}],"replies":[{"embeddable":true,"href":"https:\/\/stagpartynight.com\/fr\/wp-json\/wp\/v2\/comments?post=296"}],"wp:featuredmedia":[{"embeddable":true,"href":"https:\/\/stagpartynight.com\/fr\/wp-json\/wp\/v2\/media\/145"}],"wp:attachment":[{"href":"https:\/\/stagpartynight.com\/fr\/wp-json\/wp\/v2\/media?parent=296"}],"wp:term":[{"taxonomy":"product_brand","embeddable":true,"href":"https:\/\/stagpartynight.com\/fr\/wp-json\/wp\/v2\/product_brand?post=296"},{"taxonomy":"product_cat","embeddable":true,"href":"https:\/\/stagpartynight.com\/fr\/wp-json\/wp\/v2\/product_cat?post=296"},{"taxonomy":"product_tag","embeddable":true,"href":"https:\/\/stagpartynight.com\/fr\/wp-json\/wp\/v2\/product_tag?post=296"}],"curies":[{"name":"wp","href":"https:\/\/api.w.org\/{rel}","templated":true}]}}