{"id":2961,"date":"2024-01-23T13:08:40","date_gmt":"2024-01-23T12:08:40","guid":{"rendered":"https:\/\/stagpartynight.com\/fr\/?post_type=product&#038;p=2961"},"modified":"2024-01-23T13:11:30","modified_gmt":"2024-01-23T12:11:30","slug":"segway-tour-valence","status":"publish","type":"product","link":"https:\/\/stagpartynight.com\/fr\/product\/segway-tour-valence\/","title":{"rendered":"Segway Tour Valence"},"content":{"rendered":"<p>Segway Tour Valence. Visite en Segway \u00e0 Valence. Profitez d&#8217;une visite de 60 minutes pleine de plaisir et d&#8217;adr\u00e9naline en Segway.<\/p>\n<p>Les meilleurs enterrements de vie de gar\u00e7on avec <a href=\"https:\/\/stagpartynight.com\/\">StagParty<\/a>!<\/p>\n<h2 style=\"text-align: center;\">Segway Tour Valence\ud83d\udef4<\/h2>\n<h4>Explorez Valence avec Style! \ud83c\udf04<\/h4>\n<p>D\u00e9couvrez les sensations ultimes de l&#8217;exploration \u00e0 Valence avec notre incroyable tour en Segway des majestueuses montagnes de la r\u00e9gion. Pendant une heure, plongez dans l&#8217;aventure ! Notre guide expert vous emm\u00e8ne le long de sentiers pittoresques, offrant des vues \u00e0 couper le souffle de la beaut\u00e9 naturelle de Valence. Vous avez le choix entre six circuits diff\u00e9rents (dont certains de deux heures et deux de nuit).<\/p>\n<p>\u00c0 bord de nos Segways modernes et \u00e9cologiques, vivez une exp\u00e9rience unique et divertissante, glissant sans effort \u00e0 travers les chemins sinueux de la montagne. Nos guides locaux passionn\u00e9s veilleront \u00e0 ce que votre exp\u00e9rience soit non seulement amusante mais aussi instructive. \u00c0 chaque arr\u00eat, ils partageront des anecdotes fascinantes sur l&#8217;histoire, la culture et la biodiversit\u00e9 de la r\u00e9gion, enrichissant ainsi votre aventure.\ud83d\ude80<\/p>\n<p>Profitez pleinement de 90 minutes de pur plaisir en Segway, d\u00e9couvrant des panoramas spectaculaires que seul Valence peut offrir. Les moments d&#8217;arr\u00eat planifi\u00e9s permettront \u00e0 votre guide de partager des faits int\u00e9ressants et de r\u00e9pondre \u00e0 toutes vos questions. Laissez-vous s\u00e9duire par la sensation de libert\u00e9 tout en explorant les coins les plus recul\u00e9s de la montagne.<\/p>\n<p>Que vous soyez d\u00e9butant ou habitu\u00e9 du Segway, notre tour est con\u00e7u pour tous les niveaux de comp\u00e9tence. Rejoignez-nous pour une exp\u00e9rience inoubliable, alliant aventure, d\u00e9couverte et amusement. R\u00e9servez d\u00e8s maintenant votre place pour une escapade m\u00e9morable dans les montagnes de Valence, et pr\u00e9parez-vous \u00e0 \u00eatre \u00e9bloui par la nature \u00e0 chaque virage. \ud83c\udf1f<\/p>\n<p style=\"text-align: center;\">\u00a0\ud83c\udf1fR\u00e9servez Segway Tour Valence\ud83c\udf1f<\/p>\n","protected":false},"excerpt":{"rendered":"<p>Segway Tour Valence. Visite en Segway \u00e0 Valence. Profitez d&#8217;une visite de 90 minutes pleine de plaisir et d&#8217;adr\u00e9naline en Segway.<\/p>\n","protected":false},"featured_media":2962,"comment_status":"open","ping_status":"closed","template":"","meta":{"_et_pb_use_builder":"","_et_pb_old_content":"","_et_gb_content_width":""},"product_brand":[],"product_cat":[531],"product_tag":[693],"class_list":{"0":"post-2961","1":"product","2":"type-product","3":"status-publish","4":"has-post-thumbnail","6":"product_cat-valencia","7":"product_tag-segway-tour-valence","9":"first","10":"instock","11":"shipping-taxable","12":"product-type-simple"},"yoast_head":"<!-- This site is optimized with the Yoast SEO plugin v26.4 - https:\/\/yoast.com\/wordpress\/plugins\/seo\/ -->\n<title>Segway Tour Valence<\/title>\n<meta name=\"description\" content=\"Segway Tour Valence. Visite en Segway \u00e0 Valence. Profitez d&#039;une visite de 90 minutes pleine de plaisir et d&#039;adr\u00e9naline en Segway.\" \/>\n<meta name=\"robots\" content=\"index, follow, max-snippet:-1, max-image-preview:large, max-video-preview:-1\" \/>\n<link rel=\"canonical\" href=\"https:\/\/stagpartynight.com\/fr\/product\/segway-tour-valence\/\" \/>\n<meta property=\"og:locale\" content=\"en_GB\" \/>\n<meta property=\"og:type\" content=\"article\" \/>\n<meta property=\"og:title\" content=\"Segway Tour Valence\" \/>\n<meta property=\"og:description\" content=\"Segway Tour Valence. Visite en Segway \u00e0 Valence. Profitez d&#039;une visite de 90 minutes pleine de plaisir et d&#039;adr\u00e9naline en Segway.\" \/>\n<meta property=\"og:url\" content=\"https:\/\/stagpartynight.com\/fr\/product\/segway-tour-valence\/\" \/>\n<meta property=\"og:site_name\" content=\"Nuit de f\u00eate de cerf\" \/>\n<meta property=\"article:modified_time\" content=\"2024-01-23T12:11:30+00:00\" \/>\n<meta property=\"og:image\" content=\"https:\/\/stagpartynight.com\/fr\/wp-content\/uploads\/sites\/3\/2024\/01\/Segway-Tour-Valence.jpg\" \/>\n\t<meta property=\"og:image:width\" content=\"640\" \/>\n\t<meta property=\"og:image:height\" content=\"480\" \/>\n\t<meta property=\"og:image:type\" content=\"image\/jpeg\" \/>\n<meta name=\"twitter:card\" content=\"summary_large_image\" \/>\n<meta name=\"twitter:label1\" content=\"Estimated reading time\" \/>\n\t<meta name=\"twitter:data1\" content=\"2 minutes\" \/>\n<script type=\"application\/ld+json\" class=\"yoast-schema-graph\">{\"@context\":\"https:\/\/schema.org\",\"@graph\":[{\"@type\":\"WebPage\",\"@id\":\"https:\/\/stagpartynight.com\/fr\/product\/segway-tour-valence\/\",\"url\":\"https:\/\/stagpartynight.com\/fr\/product\/segway-tour-valence\/\",\"name\":\"Segway Tour Valence\",\"isPartOf\":{\"@id\":\"https:\/\/stagpartynight.com\/fr\/#website\"},\"primaryImageOfPage\":{\"@id\":\"https:\/\/stagpartynight.com\/fr\/product\/segway-tour-valence\/#primaryimage\"},\"image\":{\"@id\":\"https:\/\/stagpartynight.com\/fr\/product\/segway-tour-valence\/#primaryimage\"},\"thumbnailUrl\":\"https:\/\/stagpartynight.com\/fr\/wp-content\/uploads\/sites\/3\/2024\/01\/Segway-Tour-Valence.jpg\",\"datePublished\":\"2024-01-23T12:08:40+00:00\",\"dateModified\":\"2024-01-23T12:11:30+00:00\",\"description\":\"Segway Tour Valence. Visite en Segway \u00e0 Valence. Profitez d'une visite de 90 minutes pleine de plaisir et d'adr\u00e9naline en Segway.\",\"breadcrumb\":{\"@id\":\"https:\/\/stagpartynight.com\/fr\/product\/segway-tour-valence\/#breadcrumb\"},\"inLanguage\":\"en-GB\",\"potentialAction\":[{\"@type\":\"ReadAction\",\"target\":[\"https:\/\/stagpartynight.com\/fr\/product\/segway-tour-valence\/\"]}]},{\"@type\":\"ImageObject\",\"inLanguage\":\"en-GB\",\"@id\":\"https:\/\/stagpartynight.com\/fr\/product\/segway-tour-valence\/#primaryimage\",\"url\":\"https:\/\/stagpartynight.com\/fr\/wp-content\/uploads\/sites\/3\/2024\/01\/Segway-Tour-Valence.jpg\",\"contentUrl\":\"https:\/\/stagpartynight.com\/fr\/wp-content\/uploads\/sites\/3\/2024\/01\/Segway-Tour-Valence.jpg\",\"width\":640,\"height\":480,\"caption\":\"Segway Tour Valence\"},{\"@type\":\"BreadcrumbList\",\"@id\":\"https:\/\/stagpartynight.com\/fr\/product\/segway-tour-valence\/#breadcrumb\",\"itemListElement\":[{\"@type\":\"ListItem\",\"position\":1,\"name\":\"Home\",\"item\":\"https:\/\/stagpartynight.com\/fr\/\"},{\"@type\":\"ListItem\",\"position\":2,\"name\":\"Tienda\",\"item\":\"https:\/\/stagpartynight.com\/fr\/tienda\/\"},{\"@type\":\"ListItem\",\"position\":3,\"name\":\"Segway Tour Valence\"}]},{\"@type\":\"WebSite\",\"@id\":\"https:\/\/stagpartynight.com\/fr\/#website\",\"url\":\"https:\/\/stagpartynight.com\/fr\/\",\"name\":\"Stag Party Night\",\"description\":\"Your Stag Party Customized\",\"publisher\":{\"@id\":\"https:\/\/stagpartynight.com\/fr\/#organization\"},\"potentialAction\":[{\"@type\":\"SearchAction\",\"target\":{\"@type\":\"EntryPoint\",\"urlTemplate\":\"https:\/\/stagpartynight.com\/fr\/?s={search_term_string}\"},\"query-input\":{\"@type\":\"PropertyValueSpecification\",\"valueRequired\":true,\"valueName\":\"search_term_string\"}}],\"inLanguage\":\"en-GB\"},{\"@type\":\"Organization\",\"@id\":\"https:\/\/stagpartynight.com\/fr\/#organization\",\"name\":\"Stag Party Night\",\"url\":\"https:\/\/stagpartynight.com\/fr\/\",\"logo\":{\"@type\":\"ImageObject\",\"inLanguage\":\"en-GB\",\"@id\":\"https:\/\/stagpartynight.com\/fr\/#\/schema\/logo\/image\/\",\"url\":\"https:\/\/stagpartynight.com\/fr\/wp-content\/uploads\/sites\/3\/2019\/12\/stagpartynight-e1578565505687.png\",\"contentUrl\":\"https:\/\/stagpartynight.com\/fr\/wp-content\/uploads\/sites\/3\/2019\/12\/stagpartynight-e1578565505687.png\",\"width\":400,\"height\":400,\"caption\":\"Stag Party Night\"},\"image\":{\"@id\":\"https:\/\/stagpartynight.com\/fr\/#\/schema\/logo\/image\/\"}}]}<\/script>\n<!-- \/ Yoast SEO plugin. -->","yoast_head_json":{"title":"Segway Tour Valence","description":"Segway Tour Valence. Visite en Segway \u00e0 Valence. Profitez d'une visite de 90 minutes pleine de plaisir et d'adr\u00e9naline en Segway.","robots":{"index":"index","follow":"follow","max-snippet":"max-snippet:-1","max-image-preview":"max-image-preview:large","max-video-preview":"max-video-preview:-1"},"canonical":"https:\/\/stagpartynight.com\/fr\/product\/segway-tour-valence\/","og_locale":"en_GB","og_type":"article","og_title":"Segway Tour Valence","og_description":"Segway Tour Valence. Visite en Segway \u00e0 Valence. Profitez d'une visite de 90 minutes pleine de plaisir et d'adr\u00e9naline en Segway.","og_url":"https:\/\/stagpartynight.com\/fr\/product\/segway-tour-valence\/","og_site_name":"Nuit de f\u00eate de cerf","article_modified_time":"2024-01-23T12:11:30+00:00","og_image":[{"width":640,"height":480,"url":"https:\/\/stagpartynight.com\/fr\/wp-content\/uploads\/sites\/3\/2024\/01\/Segway-Tour-Valence.jpg","type":"image\/jpeg"}],"twitter_card":"summary_large_image","twitter_misc":{"Estimated reading time":"2 minutes"},"schema":{"@context":"https:\/\/schema.org","@graph":[{"@type":"WebPage","@id":"https:\/\/stagpartynight.com\/fr\/product\/segway-tour-valence\/","url":"https:\/\/stagpartynight.com\/fr\/product\/segway-tour-valence\/","name":"Segway Tour Valence","isPartOf":{"@id":"https:\/\/stagpartynight.com\/fr\/#website"},"primaryImageOfPage":{"@id":"https:\/\/stagpartynight.com\/fr\/product\/segway-tour-valence\/#primaryimage"},"image":{"@id":"https:\/\/stagpartynight.com\/fr\/product\/segway-tour-valence\/#primaryimage"},"thumbnailUrl":"https:\/\/stagpartynight.com\/fr\/wp-content\/uploads\/sites\/3\/2024\/01\/Segway-Tour-Valence.jpg","datePublished":"2024-01-23T12:08:40+00:00","dateModified":"2024-01-23T12:11:30+00:00","description":"Segway Tour Valence. Visite en Segway \u00e0 Valence. Profitez d'une visite de 90 minutes pleine de plaisir et d'adr\u00e9naline en Segway.","breadcrumb":{"@id":"https:\/\/stagpartynight.com\/fr\/product\/segway-tour-valence\/#breadcrumb"},"inLanguage":"en-GB","potentialAction":[{"@type":"ReadAction","target":["https:\/\/stagpartynight.com\/fr\/product\/segway-tour-valence\/"]}]},{"@type":"ImageObject","inLanguage":"en-GB","@id":"https:\/\/stagpartynight.com\/fr\/product\/segway-tour-valence\/#primaryimage","url":"https:\/\/stagpartynight.com\/fr\/wp-content\/uploads\/sites\/3\/2024\/01\/Segway-Tour-Valence.jpg","contentUrl":"https:\/\/stagpartynight.com\/fr\/wp-content\/uploads\/sites\/3\/2024\/01\/Segway-Tour-Valence.jpg","width":640,"height":480,"caption":"Segway Tour Valence"},{"@type":"BreadcrumbList","@id":"https:\/\/stagpartynight.com\/fr\/product\/segway-tour-valence\/#breadcrumb","itemListElement":[{"@type":"ListItem","position":1,"name":"Home","item":"https:\/\/stagpartynight.com\/fr\/"},{"@type":"ListItem","position":2,"name":"Tienda","item":"https:\/\/stagpartynight.com\/fr\/tienda\/"},{"@type":"ListItem","position":3,"name":"Segway Tour Valence"}]},{"@type":"WebSite","@id":"https:\/\/stagpartynight.com\/fr\/#website","url":"https:\/\/stagpartynight.com\/fr\/","name":"Stag Party Night","description":"Your Stag Party Customized","publisher":{"@id":"https:\/\/stagpartynight.com\/fr\/#organization"},"potentialAction":[{"@type":"SearchAction","target":{"@type":"EntryPoint","urlTemplate":"https:\/\/stagpartynight.com\/fr\/?s={search_term_string}"},"query-input":{"@type":"PropertyValueSpecification","valueRequired":true,"valueName":"search_term_string"}}],"inLanguage":"en-GB"},{"@type":"Organization","@id":"https:\/\/stagpartynight.com\/fr\/#organization","name":"Stag Party Night","url":"https:\/\/stagpartynight.com\/fr\/","logo":{"@type":"ImageObject","inLanguage":"en-GB","@id":"https:\/\/stagpartynight.com\/fr\/#\/schema\/logo\/image\/","url":"https:\/\/stagpartynight.com\/fr\/wp-content\/uploads\/sites\/3\/2019\/12\/stagpartynight-e1578565505687.png","contentUrl":"https:\/\/stagpartynight.com\/fr\/wp-content\/uploads\/sites\/3\/2019\/12\/stagpartynight-e1578565505687.png","width":400,"height":400,"caption":"Stag Party Night"},"image":{"@id":"https:\/\/stagpartynight.com\/fr\/#\/schema\/logo\/image\/"}}]}},"_links":{"self":[{"href":"https:\/\/stagpartynight.com\/fr\/wp-json\/wp\/v2\/product\/2961","targetHints":{"allow":["GET"]}}],"collection":[{"href":"https:\/\/stagpartynight.com\/fr\/wp-json\/wp\/v2\/product"}],"about":[{"href":"https:\/\/stagpartynight.com\/fr\/wp-json\/wp\/v2\/types\/product"}],"replies":[{"embeddable":true,"href":"https:\/\/stagpartynight.com\/fr\/wp-json\/wp\/v2\/comments?post=2961"}],"wp:featuredmedia":[{"embeddable":true,"href":"https:\/\/stagpartynight.com\/fr\/wp-json\/wp\/v2\/media\/2962"}],"wp:attachment":[{"href":"https:\/\/stagpartynight.com\/fr\/wp-json\/wp\/v2\/media?parent=2961"}],"wp:term":[{"taxonomy":"product_brand","embeddable":true,"href":"https:\/\/stagpartynight.com\/fr\/wp-json\/wp\/v2\/product_brand?post=2961"},{"taxonomy":"product_cat","embeddable":true,"href":"https:\/\/stagpartynight.com\/fr\/wp-json\/wp\/v2\/product_cat?post=2961"},{"taxonomy":"product_tag","embeddable":true,"href":"https:\/\/stagpartynight.com\/fr\/wp-json\/wp\/v2\/product_tag?post=2961"}],"curies":[{"name":"wp","href":"https:\/\/api.w.org\/{rel}","templated":true}]}}