{"id":2963,"date":"2024-01-23T13:11:52","date_gmt":"2024-01-23T12:11:52","guid":{"rendered":"https:\/\/stagpartynight.com\/fr\/?post_type=product&#038;p=2963"},"modified":"2024-01-23T13:15:49","modified_gmt":"2024-01-23T12:15:49","slug":"degustation-de-vin-valence","status":"publish","type":"product","link":"https:\/\/stagpartynight.com\/fr\/product\/degustation-de-vin-valence\/","title":{"rendered":"D\u00e9gustation de Vin Valence"},"content":{"rendered":"<p>D\u00e9gustation de Vin Valence. Profitez au maximum de Valence avec cette d\u00e9gustation de vins et tour.<\/p>\n<p>Les meilleurs enterrements de vie de gar\u00e7on avec <a href=\"https:\/\/stagpartynight.com\/\">Stagparty<\/a>!<\/p>\n<h2 style=\"text-align: center;\">D\u00e9gustation de Vin Valence\ud83c\udf77<\/h2>\n<h4>\ud83c\udf47 Voyage \u0152nologique \u00e0 Valence: D\u00e9gustation de Vins et Tapas Espagnoles\ud83c\udf77<\/h4>\n<p>Explorez les d\u00e9lices vinicoles de Valence au travers de notre exp\u00e9rience de d\u00e9gustation de vins! Une occasion unique de d\u00e9couvrir les tr\u00e9sors \u0153nologiques de Valence en accompagnement de d\u00e9licieuses tapas espagnoles.<\/p>\n<div>Plongez dans l&#8217;art de la d\u00e9gustation, entour\u00e9 des paysages m\u00e9diterran\u00e9ens de <a href=\"https:\/\/es.wikipedia.org\/wiki\/Valencia\">Valence<\/a>. Nos experts en vin vous guideront \u00e0 travers un voyage sensoriel, vous faisant d\u00e9couvrir quatre vins locaux exceptionnels, chacun racontant une histoire unique de terroir et de tradition viticole. \ud83c\udf3f<\/div>\n<div><\/div>\n<div>Notre int\u00e9ressante visite de d\u00e9gustation de vins est disponible le matin ou l&#8217;apr\u00e8s-midi, sur demande. La dur\u00e9e de l&#8217;activit\u00e9 est de deux heures.<\/div>\n<div><\/div>\n<div>Que vous soyez connaisseur ou simplement avide de nouvelles exp\u00e9riences gustatives, cette d\u00e9gustation promet d&#8217;\u00eatre une aventure inoubliable. R\u00e9servez d\u00e8s maintenant et laissez-vous emporter dans un voyage o\u00f9 le vin est \u00e0 l&#8217;honneur.<\/div>\n<p style=\"text-align: center;\">\u00c0 votre sant\u00e9 !\ud83c\udf77<\/p>\n<p style=\"text-align: center;\">R\u00e9servez D\u00e9gustation de Vin Valence!<\/p>\n","protected":false},"excerpt":{"rendered":"<p>D\u00e9gustation de Vin Valence. Profitez au maximum de Valence avec cette d\u00e9gustation de quatre verres de vin et de tapas \u00e0 d\u00e9guster.!<\/p>\n","protected":false},"featured_media":2964,"comment_status":"open","ping_status":"closed","template":"","meta":{"_et_pb_use_builder":"","_et_pb_old_content":"","_et_gb_content_width":""},"product_brand":[],"product_cat":[218,531],"product_tag":[694],"class_list":{"0":"post-2963","1":"product","2":"type-product","3":"status-publish","4":"has-post-thumbnail","6":"product_cat-uncategorised","7":"product_cat-valencia","8":"product_tag-degustation-de-vin-valence","10":"first","11":"instock","12":"shipping-taxable","13":"product-type-simple"},"yoast_head":"<!-- This site is optimized with the Yoast SEO plugin v26.4 - https:\/\/yoast.com\/wordpress\/plugins\/seo\/ -->\n<title>D\u00e9gustation de Vin Valence<\/title>\n<meta name=\"description\" content=\"D\u00e9gustation de Vin Valence. Profitez au maximum de Valence avec cette d\u00e9gustation de quatre verres de vin et de tapas \u00e0 d\u00e9guster.!\" \/>\n<meta name=\"robots\" content=\"index, follow, max-snippet:-1, max-image-preview:large, max-video-preview:-1\" \/>\n<link rel=\"canonical\" href=\"https:\/\/stagpartynight.com\/fr\/product\/degustation-de-vin-valence\/\" \/>\n<meta property=\"og:locale\" content=\"en_GB\" \/>\n<meta property=\"og:type\" content=\"article\" \/>\n<meta property=\"og:title\" content=\"D\u00e9gustation de Vin Valence\" \/>\n<meta property=\"og:description\" content=\"D\u00e9gustation de Vin Valence. Profitez au maximum de Valence avec cette d\u00e9gustation de quatre verres de vin et de tapas \u00e0 d\u00e9guster.!\" \/>\n<meta property=\"og:url\" content=\"https:\/\/stagpartynight.com\/fr\/product\/degustation-de-vin-valence\/\" \/>\n<meta property=\"og:site_name\" content=\"Nuit de f\u00eate de cerf\" \/>\n<meta property=\"article:modified_time\" content=\"2024-01-23T12:15:49+00:00\" \/>\n<meta property=\"og:image\" content=\"https:\/\/stagpartynight.com\/fr\/wp-content\/uploads\/sites\/3\/2024\/01\/Degustation-de-Vin-Valence.jpg\" \/>\n\t<meta property=\"og:image:width\" content=\"640\" \/>\n\t<meta property=\"og:image:height\" content=\"727\" \/>\n\t<meta property=\"og:image:type\" content=\"image\/jpeg\" \/>\n<meta name=\"twitter:card\" content=\"summary_large_image\" \/>\n<meta name=\"twitter:label1\" content=\"Estimated reading time\" \/>\n\t<meta name=\"twitter:data1\" content=\"1 minute\" \/>\n<script type=\"application\/ld+json\" class=\"yoast-schema-graph\">{\"@context\":\"https:\/\/schema.org\",\"@graph\":[{\"@type\":\"WebPage\",\"@id\":\"https:\/\/stagpartynight.com\/fr\/product\/degustation-de-vin-valence\/\",\"url\":\"https:\/\/stagpartynight.com\/fr\/product\/degustation-de-vin-valence\/\",\"name\":\"D\u00e9gustation de Vin Valence\",\"isPartOf\":{\"@id\":\"https:\/\/stagpartynight.com\/fr\/#website\"},\"primaryImageOfPage\":{\"@id\":\"https:\/\/stagpartynight.com\/fr\/product\/degustation-de-vin-valence\/#primaryimage\"},\"image\":{\"@id\":\"https:\/\/stagpartynight.com\/fr\/product\/degustation-de-vin-valence\/#primaryimage\"},\"thumbnailUrl\":\"https:\/\/stagpartynight.com\/fr\/wp-content\/uploads\/sites\/3\/2024\/01\/Degustation-de-Vin-Valence.jpg\",\"datePublished\":\"2024-01-23T12:11:52+00:00\",\"dateModified\":\"2024-01-23T12:15:49+00:00\",\"description\":\"D\u00e9gustation de Vin Valence. Profitez au maximum de Valence avec cette d\u00e9gustation de quatre verres de vin et de tapas \u00e0 d\u00e9guster.!\",\"breadcrumb\":{\"@id\":\"https:\/\/stagpartynight.com\/fr\/product\/degustation-de-vin-valence\/#breadcrumb\"},\"inLanguage\":\"en-GB\",\"potentialAction\":[{\"@type\":\"ReadAction\",\"target\":[\"https:\/\/stagpartynight.com\/fr\/product\/degustation-de-vin-valence\/\"]}]},{\"@type\":\"ImageObject\",\"inLanguage\":\"en-GB\",\"@id\":\"https:\/\/stagpartynight.com\/fr\/product\/degustation-de-vin-valence\/#primaryimage\",\"url\":\"https:\/\/stagpartynight.com\/fr\/wp-content\/uploads\/sites\/3\/2024\/01\/Degustation-de-Vin-Valence.jpg\",\"contentUrl\":\"https:\/\/stagpartynight.com\/fr\/wp-content\/uploads\/sites\/3\/2024\/01\/Degustation-de-Vin-Valence.jpg\",\"width\":640,\"height\":727,\"caption\":\"D\u00e9gustation de Vin Valence\"},{\"@type\":\"BreadcrumbList\",\"@id\":\"https:\/\/stagpartynight.com\/fr\/product\/degustation-de-vin-valence\/#breadcrumb\",\"itemListElement\":[{\"@type\":\"ListItem\",\"position\":1,\"name\":\"Home\",\"item\":\"https:\/\/stagpartynight.com\/fr\/\"},{\"@type\":\"ListItem\",\"position\":2,\"name\":\"Tienda\",\"item\":\"https:\/\/stagpartynight.com\/fr\/tienda\/\"},{\"@type\":\"ListItem\",\"position\":3,\"name\":\"D\u00e9gustation de Vin Valence\"}]},{\"@type\":\"WebSite\",\"@id\":\"https:\/\/stagpartynight.com\/fr\/#website\",\"url\":\"https:\/\/stagpartynight.com\/fr\/\",\"name\":\"Stag Party Night\",\"description\":\"Your Stag Party Customized\",\"publisher\":{\"@id\":\"https:\/\/stagpartynight.com\/fr\/#organization\"},\"potentialAction\":[{\"@type\":\"SearchAction\",\"target\":{\"@type\":\"EntryPoint\",\"urlTemplate\":\"https:\/\/stagpartynight.com\/fr\/?s={search_term_string}\"},\"query-input\":{\"@type\":\"PropertyValueSpecification\",\"valueRequired\":true,\"valueName\":\"search_term_string\"}}],\"inLanguage\":\"en-GB\"},{\"@type\":\"Organization\",\"@id\":\"https:\/\/stagpartynight.com\/fr\/#organization\",\"name\":\"Stag Party Night\",\"url\":\"https:\/\/stagpartynight.com\/fr\/\",\"logo\":{\"@type\":\"ImageObject\",\"inLanguage\":\"en-GB\",\"@id\":\"https:\/\/stagpartynight.com\/fr\/#\/schema\/logo\/image\/\",\"url\":\"https:\/\/stagpartynight.com\/fr\/wp-content\/uploads\/sites\/3\/2019\/12\/stagpartynight-e1578565505687.png\",\"contentUrl\":\"https:\/\/stagpartynight.com\/fr\/wp-content\/uploads\/sites\/3\/2019\/12\/stagpartynight-e1578565505687.png\",\"width\":400,\"height\":400,\"caption\":\"Stag Party Night\"},\"image\":{\"@id\":\"https:\/\/stagpartynight.com\/fr\/#\/schema\/logo\/image\/\"}}]}<\/script>\n<!-- \/ Yoast SEO plugin. -->","yoast_head_json":{"title":"D\u00e9gustation de Vin Valence","description":"D\u00e9gustation de Vin Valence. Profitez au maximum de Valence avec cette d\u00e9gustation de quatre verres de vin et de tapas \u00e0 d\u00e9guster.!","robots":{"index":"index","follow":"follow","max-snippet":"max-snippet:-1","max-image-preview":"max-image-preview:large","max-video-preview":"max-video-preview:-1"},"canonical":"https:\/\/stagpartynight.com\/fr\/product\/degustation-de-vin-valence\/","og_locale":"en_GB","og_type":"article","og_title":"D\u00e9gustation de Vin Valence","og_description":"D\u00e9gustation de Vin Valence. Profitez au maximum de Valence avec cette d\u00e9gustation de quatre verres de vin et de tapas \u00e0 d\u00e9guster.!","og_url":"https:\/\/stagpartynight.com\/fr\/product\/degustation-de-vin-valence\/","og_site_name":"Nuit de f\u00eate de cerf","article_modified_time":"2024-01-23T12:15:49+00:00","og_image":[{"width":640,"height":727,"url":"https:\/\/stagpartynight.com\/fr\/wp-content\/uploads\/sites\/3\/2024\/01\/Degustation-de-Vin-Valence.jpg","type":"image\/jpeg"}],"twitter_card":"summary_large_image","twitter_misc":{"Estimated reading time":"1 minute"},"schema":{"@context":"https:\/\/schema.org","@graph":[{"@type":"WebPage","@id":"https:\/\/stagpartynight.com\/fr\/product\/degustation-de-vin-valence\/","url":"https:\/\/stagpartynight.com\/fr\/product\/degustation-de-vin-valence\/","name":"D\u00e9gustation de Vin Valence","isPartOf":{"@id":"https:\/\/stagpartynight.com\/fr\/#website"},"primaryImageOfPage":{"@id":"https:\/\/stagpartynight.com\/fr\/product\/degustation-de-vin-valence\/#primaryimage"},"image":{"@id":"https:\/\/stagpartynight.com\/fr\/product\/degustation-de-vin-valence\/#primaryimage"},"thumbnailUrl":"https:\/\/stagpartynight.com\/fr\/wp-content\/uploads\/sites\/3\/2024\/01\/Degustation-de-Vin-Valence.jpg","datePublished":"2024-01-23T12:11:52+00:00","dateModified":"2024-01-23T12:15:49+00:00","description":"D\u00e9gustation de Vin Valence. Profitez au maximum de Valence avec cette d\u00e9gustation de quatre verres de vin et de tapas \u00e0 d\u00e9guster.!","breadcrumb":{"@id":"https:\/\/stagpartynight.com\/fr\/product\/degustation-de-vin-valence\/#breadcrumb"},"inLanguage":"en-GB","potentialAction":[{"@type":"ReadAction","target":["https:\/\/stagpartynight.com\/fr\/product\/degustation-de-vin-valence\/"]}]},{"@type":"ImageObject","inLanguage":"en-GB","@id":"https:\/\/stagpartynight.com\/fr\/product\/degustation-de-vin-valence\/#primaryimage","url":"https:\/\/stagpartynight.com\/fr\/wp-content\/uploads\/sites\/3\/2024\/01\/Degustation-de-Vin-Valence.jpg","contentUrl":"https:\/\/stagpartynight.com\/fr\/wp-content\/uploads\/sites\/3\/2024\/01\/Degustation-de-Vin-Valence.jpg","width":640,"height":727,"caption":"D\u00e9gustation de Vin Valence"},{"@type":"BreadcrumbList","@id":"https:\/\/stagpartynight.com\/fr\/product\/degustation-de-vin-valence\/#breadcrumb","itemListElement":[{"@type":"ListItem","position":1,"name":"Home","item":"https:\/\/stagpartynight.com\/fr\/"},{"@type":"ListItem","position":2,"name":"Tienda","item":"https:\/\/stagpartynight.com\/fr\/tienda\/"},{"@type":"ListItem","position":3,"name":"D\u00e9gustation de Vin Valence"}]},{"@type":"WebSite","@id":"https:\/\/stagpartynight.com\/fr\/#website","url":"https:\/\/stagpartynight.com\/fr\/","name":"Stag Party Night","description":"Your Stag Party Customized","publisher":{"@id":"https:\/\/stagpartynight.com\/fr\/#organization"},"potentialAction":[{"@type":"SearchAction","target":{"@type":"EntryPoint","urlTemplate":"https:\/\/stagpartynight.com\/fr\/?s={search_term_string}"},"query-input":{"@type":"PropertyValueSpecification","valueRequired":true,"valueName":"search_term_string"}}],"inLanguage":"en-GB"},{"@type":"Organization","@id":"https:\/\/stagpartynight.com\/fr\/#organization","name":"Stag Party Night","url":"https:\/\/stagpartynight.com\/fr\/","logo":{"@type":"ImageObject","inLanguage":"en-GB","@id":"https:\/\/stagpartynight.com\/fr\/#\/schema\/logo\/image\/","url":"https:\/\/stagpartynight.com\/fr\/wp-content\/uploads\/sites\/3\/2019\/12\/stagpartynight-e1578565505687.png","contentUrl":"https:\/\/stagpartynight.com\/fr\/wp-content\/uploads\/sites\/3\/2019\/12\/stagpartynight-e1578565505687.png","width":400,"height":400,"caption":"Stag Party Night"},"image":{"@id":"https:\/\/stagpartynight.com\/fr\/#\/schema\/logo\/image\/"}}]}},"_links":{"self":[{"href":"https:\/\/stagpartynight.com\/fr\/wp-json\/wp\/v2\/product\/2963","targetHints":{"allow":["GET"]}}],"collection":[{"href":"https:\/\/stagpartynight.com\/fr\/wp-json\/wp\/v2\/product"}],"about":[{"href":"https:\/\/stagpartynight.com\/fr\/wp-json\/wp\/v2\/types\/product"}],"replies":[{"embeddable":true,"href":"https:\/\/stagpartynight.com\/fr\/wp-json\/wp\/v2\/comments?post=2963"}],"wp:featuredmedia":[{"embeddable":true,"href":"https:\/\/stagpartynight.com\/fr\/wp-json\/wp\/v2\/media\/2964"}],"wp:attachment":[{"href":"https:\/\/stagpartynight.com\/fr\/wp-json\/wp\/v2\/media?parent=2963"}],"wp:term":[{"taxonomy":"product_brand","embeddable":true,"href":"https:\/\/stagpartynight.com\/fr\/wp-json\/wp\/v2\/product_brand?post=2963"},{"taxonomy":"product_cat","embeddable":true,"href":"https:\/\/stagpartynight.com\/fr\/wp-json\/wp\/v2\/product_cat?post=2963"},{"taxonomy":"product_tag","embeddable":true,"href":"https:\/\/stagpartynight.com\/fr\/wp-json\/wp\/v2\/product_tag?post=2963"}],"curies":[{"name":"wp","href":"https:\/\/api.w.org\/{rel}","templated":true}]}}