{"id":2965,"date":"2024-01-23T13:16:08","date_gmt":"2024-01-23T12:16:08","guid":{"rendered":"https:\/\/stagpartynight.com\/fr\/?post_type=product&#038;p=2965"},"modified":"2024-01-23T13:19:58","modified_gmt":"2024-01-23T12:19:58","slug":"bateau-banane-valence","status":"publish","type":"product","link":"https:\/\/stagpartynight.com\/fr\/product\/bateau-banane-valence\/","title":{"rendered":"Bateau Banane Valence"},"content":{"rendered":"<p>Bateau Banane Valence. Une exp\u00e9rience aquatique amusante &#8211; parviendrez-vous \u00e0 ne pas tomber \u00e0 l&#8217;eau?<\/p>\n<p>Les meilleurs enterrements de vie de gar\u00e7on avec <a href=\"https:\/\/stagpartynight.com\/\">Stagparty<\/a>!<\/p>\n<h2 style=\"text-align: center;\">Bateau Banane Valence\ud83c\udf4c<\/h2>\n<h4>\ud83c\udf0a <strong>Banana Boat \u00e0 Valence : \u00c9clatez-vous sur les Vagues Cristallines !<\/strong> \ud83c\udf4c<\/h4>\n<p>Pr\u00e9parez-vous \u00e0 une aventure aquatique inoubliable \u00e0 Valence avec notre exp\u00e9rience de Banana Boat ! \ud83d\udea4<\/p>\n<p>Rejoignez-nous pour une aventure pleine de rires et de d\u00e9fis alors que vous essayez de maintenir l&#8217;\u00e9quilibre sur notre banane gonflable tout en glissant sur les eaux cristallines de Valence.<\/p>\n<p>Embarquez avec vos amis pour une exp\u00e9rience palpitante, o\u00f9 le plaisir et l&#8217;excitation se rencontrent au rythme des vagues m\u00e9diterran\u00e9ennes. La question est : pourrez-vous tenir bon et \u00e9viter la chute dans les eaux rafra\u00eechissantes de Valence? \ud83c\udf1e<\/p>\n<p>Notre \u00e9quipe exp\u00e9riment\u00e9e veille \u00e0 votre s\u00e9curit\u00e9 tout en garantissant une dose maximale de plaisir. Que vous soyez en famille, entre amis ou en groupe, le Banana Boat offre une aventure aquatique adapt\u00e9e \u00e0 tous les niveaux d&#8217;habilet\u00e9.<\/p>\n<p>R\u00e9servez d\u00e8s maintenant pour une journ\u00e9e de rires, de comp\u00e9tition amicale et de souvenirs inoubliables. Ne manquez pas cette opportunit\u00e9 de vous \u00e9clater avec vos proches sur les eaux p\u00e9tillantes de Valence. Pr\u00e9parez-vous \u00e0 des \u00e9clats de rire et \u00e0 des sensations fortes sur notre Banana Boat ! \ud83c\udf0a\ud83c\udf4c<\/p>\n<p style=\"text-align: center;\">R\u00e9servez l&#8217;exp\u00e9rience Bateau Banane <a href=\"https:\/\/es.wikipedia.org\/wiki\/Valencia\">Valence<\/a> d\u00e8s maintenant!<\/p>\n<p>&nbsp;<\/p>\n","protected":false},"excerpt":{"rendered":"<p>Bateau Banane Valence. Une exp\u00e9rience aquatique amusante &#8211; parviendrez-vous \u00e0 ne pas tomber \u00e0 l&#8217;eau?<\/p>\n","protected":false},"featured_media":2966,"comment_status":"open","ping_status":"closed","template":"","meta":{"_et_pb_use_builder":"","_et_pb_old_content":"","_et_gb_content_width":""},"product_brand":[],"product_cat":[218,531],"product_tag":[695],"class_list":{"0":"post-2965","1":"product","2":"type-product","3":"status-publish","4":"has-post-thumbnail","6":"product_cat-uncategorised","7":"product_cat-valencia","8":"product_tag-bateau-banane-valence","10":"first","11":"instock","12":"shipping-taxable","13":"product-type-simple"},"yoast_head":"<!-- This site is optimized with the Yoast SEO plugin v26.4 - https:\/\/yoast.com\/wordpress\/plugins\/seo\/ -->\n<title>Bateau Banane Valence<\/title>\n<meta name=\"description\" content=\"Bateau Banane Valence. Une exp\u00e9rience aquatique amusante - parviendrez-vous \u00e0 ne pas tomber \u00e0 l&#039;eau? Banana Boat Valencia, Spain.\" \/>\n<meta name=\"robots\" content=\"index, follow, max-snippet:-1, max-image-preview:large, max-video-preview:-1\" \/>\n<link rel=\"canonical\" href=\"https:\/\/stagpartynight.com\/fr\/product\/bateau-banane-valence\/\" \/>\n<meta property=\"og:locale\" content=\"en_GB\" \/>\n<meta property=\"og:type\" content=\"article\" \/>\n<meta property=\"og:title\" content=\"Bateau Banane Valence\" \/>\n<meta property=\"og:description\" content=\"Bateau Banane Valence. Une exp\u00e9rience aquatique amusante - parviendrez-vous \u00e0 ne pas tomber \u00e0 l&#039;eau? Banana Boat Valencia, Spain.\" \/>\n<meta property=\"og:url\" content=\"https:\/\/stagpartynight.com\/fr\/product\/bateau-banane-valence\/\" \/>\n<meta property=\"og:site_name\" content=\"Nuit de f\u00eate de cerf\" \/>\n<meta property=\"article:modified_time\" content=\"2024-01-23T12:19:58+00:00\" \/>\n<meta property=\"og:image\" content=\"https:\/\/stagpartynight.com\/fr\/wp-content\/uploads\/sites\/3\/2024\/01\/Bateau-Banane-Valence-scaled.jpg\" \/>\n\t<meta property=\"og:image:width\" content=\"2560\" \/>\n\t<meta property=\"og:image:height\" content=\"1008\" \/>\n\t<meta property=\"og:image:type\" content=\"image\/jpeg\" \/>\n<meta name=\"twitter:card\" content=\"summary_large_image\" \/>\n<meta name=\"twitter:label1\" content=\"Estimated reading time\" \/>\n\t<meta name=\"twitter:data1\" content=\"2 minutes\" \/>\n<script type=\"application\/ld+json\" class=\"yoast-schema-graph\">{\"@context\":\"https:\/\/schema.org\",\"@graph\":[{\"@type\":\"WebPage\",\"@id\":\"https:\/\/stagpartynight.com\/fr\/product\/bateau-banane-valence\/\",\"url\":\"https:\/\/stagpartynight.com\/fr\/product\/bateau-banane-valence\/\",\"name\":\"Bateau Banane Valence\",\"isPartOf\":{\"@id\":\"https:\/\/stagpartynight.com\/fr\/#website\"},\"primaryImageOfPage\":{\"@id\":\"https:\/\/stagpartynight.com\/fr\/product\/bateau-banane-valence\/#primaryimage\"},\"image\":{\"@id\":\"https:\/\/stagpartynight.com\/fr\/product\/bateau-banane-valence\/#primaryimage\"},\"thumbnailUrl\":\"https:\/\/stagpartynight.com\/fr\/wp-content\/uploads\/sites\/3\/2024\/01\/Bateau-Banane-Valence-scaled.jpg\",\"datePublished\":\"2024-01-23T12:16:08+00:00\",\"dateModified\":\"2024-01-23T12:19:58+00:00\",\"description\":\"Bateau Banane Valence. Une exp\u00e9rience aquatique amusante - parviendrez-vous \u00e0 ne pas tomber \u00e0 l'eau? Banana Boat Valencia, Spain.\",\"breadcrumb\":{\"@id\":\"https:\/\/stagpartynight.com\/fr\/product\/bateau-banane-valence\/#breadcrumb\"},\"inLanguage\":\"en-GB\",\"potentialAction\":[{\"@type\":\"ReadAction\",\"target\":[\"https:\/\/stagpartynight.com\/fr\/product\/bateau-banane-valence\/\"]}]},{\"@type\":\"ImageObject\",\"inLanguage\":\"en-GB\",\"@id\":\"https:\/\/stagpartynight.com\/fr\/product\/bateau-banane-valence\/#primaryimage\",\"url\":\"https:\/\/stagpartynight.com\/fr\/wp-content\/uploads\/sites\/3\/2024\/01\/Bateau-Banane-Valence-scaled.jpg\",\"contentUrl\":\"https:\/\/stagpartynight.com\/fr\/wp-content\/uploads\/sites\/3\/2024\/01\/Bateau-Banane-Valence-scaled.jpg\",\"width\":2560,\"height\":1008,\"caption\":\"Bateau Banane Valence\"},{\"@type\":\"BreadcrumbList\",\"@id\":\"https:\/\/stagpartynight.com\/fr\/product\/bateau-banane-valence\/#breadcrumb\",\"itemListElement\":[{\"@type\":\"ListItem\",\"position\":1,\"name\":\"Home\",\"item\":\"https:\/\/stagpartynight.com\/fr\/\"},{\"@type\":\"ListItem\",\"position\":2,\"name\":\"Tienda\",\"item\":\"https:\/\/stagpartynight.com\/fr\/tienda\/\"},{\"@type\":\"ListItem\",\"position\":3,\"name\":\"Bateau Banane Valence\"}]},{\"@type\":\"WebSite\",\"@id\":\"https:\/\/stagpartynight.com\/fr\/#website\",\"url\":\"https:\/\/stagpartynight.com\/fr\/\",\"name\":\"Stag Party Night\",\"description\":\"Your Stag Party Customized\",\"publisher\":{\"@id\":\"https:\/\/stagpartynight.com\/fr\/#organization\"},\"potentialAction\":[{\"@type\":\"SearchAction\",\"target\":{\"@type\":\"EntryPoint\",\"urlTemplate\":\"https:\/\/stagpartynight.com\/fr\/?s={search_term_string}\"},\"query-input\":{\"@type\":\"PropertyValueSpecification\",\"valueRequired\":true,\"valueName\":\"search_term_string\"}}],\"inLanguage\":\"en-GB\"},{\"@type\":\"Organization\",\"@id\":\"https:\/\/stagpartynight.com\/fr\/#organization\",\"name\":\"Stag Party Night\",\"url\":\"https:\/\/stagpartynight.com\/fr\/\",\"logo\":{\"@type\":\"ImageObject\",\"inLanguage\":\"en-GB\",\"@id\":\"https:\/\/stagpartynight.com\/fr\/#\/schema\/logo\/image\/\",\"url\":\"https:\/\/stagpartynight.com\/fr\/wp-content\/uploads\/sites\/3\/2019\/12\/stagpartynight-e1578565505687.png\",\"contentUrl\":\"https:\/\/stagpartynight.com\/fr\/wp-content\/uploads\/sites\/3\/2019\/12\/stagpartynight-e1578565505687.png\",\"width\":400,\"height\":400,\"caption\":\"Stag Party Night\"},\"image\":{\"@id\":\"https:\/\/stagpartynight.com\/fr\/#\/schema\/logo\/image\/\"}}]}<\/script>\n<!-- \/ Yoast SEO plugin. -->","yoast_head_json":{"title":"Bateau Banane Valence","description":"Bateau Banane Valence. Une exp\u00e9rience aquatique amusante - parviendrez-vous \u00e0 ne pas tomber \u00e0 l'eau? Banana Boat Valencia, Spain.","robots":{"index":"index","follow":"follow","max-snippet":"max-snippet:-1","max-image-preview":"max-image-preview:large","max-video-preview":"max-video-preview:-1"},"canonical":"https:\/\/stagpartynight.com\/fr\/product\/bateau-banane-valence\/","og_locale":"en_GB","og_type":"article","og_title":"Bateau Banane Valence","og_description":"Bateau Banane Valence. Une exp\u00e9rience aquatique amusante - parviendrez-vous \u00e0 ne pas tomber \u00e0 l'eau? Banana Boat Valencia, Spain.","og_url":"https:\/\/stagpartynight.com\/fr\/product\/bateau-banane-valence\/","og_site_name":"Nuit de f\u00eate de cerf","article_modified_time":"2024-01-23T12:19:58+00:00","og_image":[{"width":2560,"height":1008,"url":"https:\/\/stagpartynight.com\/fr\/wp-content\/uploads\/sites\/3\/2024\/01\/Bateau-Banane-Valence-scaled.jpg","type":"image\/jpeg"}],"twitter_card":"summary_large_image","twitter_misc":{"Estimated reading time":"2 minutes"},"schema":{"@context":"https:\/\/schema.org","@graph":[{"@type":"WebPage","@id":"https:\/\/stagpartynight.com\/fr\/product\/bateau-banane-valence\/","url":"https:\/\/stagpartynight.com\/fr\/product\/bateau-banane-valence\/","name":"Bateau Banane Valence","isPartOf":{"@id":"https:\/\/stagpartynight.com\/fr\/#website"},"primaryImageOfPage":{"@id":"https:\/\/stagpartynight.com\/fr\/product\/bateau-banane-valence\/#primaryimage"},"image":{"@id":"https:\/\/stagpartynight.com\/fr\/product\/bateau-banane-valence\/#primaryimage"},"thumbnailUrl":"https:\/\/stagpartynight.com\/fr\/wp-content\/uploads\/sites\/3\/2024\/01\/Bateau-Banane-Valence-scaled.jpg","datePublished":"2024-01-23T12:16:08+00:00","dateModified":"2024-01-23T12:19:58+00:00","description":"Bateau Banane Valence. Une exp\u00e9rience aquatique amusante - parviendrez-vous \u00e0 ne pas tomber \u00e0 l'eau? Banana Boat Valencia, Spain.","breadcrumb":{"@id":"https:\/\/stagpartynight.com\/fr\/product\/bateau-banane-valence\/#breadcrumb"},"inLanguage":"en-GB","potentialAction":[{"@type":"ReadAction","target":["https:\/\/stagpartynight.com\/fr\/product\/bateau-banane-valence\/"]}]},{"@type":"ImageObject","inLanguage":"en-GB","@id":"https:\/\/stagpartynight.com\/fr\/product\/bateau-banane-valence\/#primaryimage","url":"https:\/\/stagpartynight.com\/fr\/wp-content\/uploads\/sites\/3\/2024\/01\/Bateau-Banane-Valence-scaled.jpg","contentUrl":"https:\/\/stagpartynight.com\/fr\/wp-content\/uploads\/sites\/3\/2024\/01\/Bateau-Banane-Valence-scaled.jpg","width":2560,"height":1008,"caption":"Bateau Banane Valence"},{"@type":"BreadcrumbList","@id":"https:\/\/stagpartynight.com\/fr\/product\/bateau-banane-valence\/#breadcrumb","itemListElement":[{"@type":"ListItem","position":1,"name":"Home","item":"https:\/\/stagpartynight.com\/fr\/"},{"@type":"ListItem","position":2,"name":"Tienda","item":"https:\/\/stagpartynight.com\/fr\/tienda\/"},{"@type":"ListItem","position":3,"name":"Bateau Banane Valence"}]},{"@type":"WebSite","@id":"https:\/\/stagpartynight.com\/fr\/#website","url":"https:\/\/stagpartynight.com\/fr\/","name":"Stag Party Night","description":"Your Stag Party Customized","publisher":{"@id":"https:\/\/stagpartynight.com\/fr\/#organization"},"potentialAction":[{"@type":"SearchAction","target":{"@type":"EntryPoint","urlTemplate":"https:\/\/stagpartynight.com\/fr\/?s={search_term_string}"},"query-input":{"@type":"PropertyValueSpecification","valueRequired":true,"valueName":"search_term_string"}}],"inLanguage":"en-GB"},{"@type":"Organization","@id":"https:\/\/stagpartynight.com\/fr\/#organization","name":"Stag Party Night","url":"https:\/\/stagpartynight.com\/fr\/","logo":{"@type":"ImageObject","inLanguage":"en-GB","@id":"https:\/\/stagpartynight.com\/fr\/#\/schema\/logo\/image\/","url":"https:\/\/stagpartynight.com\/fr\/wp-content\/uploads\/sites\/3\/2019\/12\/stagpartynight-e1578565505687.png","contentUrl":"https:\/\/stagpartynight.com\/fr\/wp-content\/uploads\/sites\/3\/2019\/12\/stagpartynight-e1578565505687.png","width":400,"height":400,"caption":"Stag Party Night"},"image":{"@id":"https:\/\/stagpartynight.com\/fr\/#\/schema\/logo\/image\/"}}]}},"_links":{"self":[{"href":"https:\/\/stagpartynight.com\/fr\/wp-json\/wp\/v2\/product\/2965","targetHints":{"allow":["GET"]}}],"collection":[{"href":"https:\/\/stagpartynight.com\/fr\/wp-json\/wp\/v2\/product"}],"about":[{"href":"https:\/\/stagpartynight.com\/fr\/wp-json\/wp\/v2\/types\/product"}],"replies":[{"embeddable":true,"href":"https:\/\/stagpartynight.com\/fr\/wp-json\/wp\/v2\/comments?post=2965"}],"wp:featuredmedia":[{"embeddable":true,"href":"https:\/\/stagpartynight.com\/fr\/wp-json\/wp\/v2\/media\/2966"}],"wp:attachment":[{"href":"https:\/\/stagpartynight.com\/fr\/wp-json\/wp\/v2\/media?parent=2965"}],"wp:term":[{"taxonomy":"product_brand","embeddable":true,"href":"https:\/\/stagpartynight.com\/fr\/wp-json\/wp\/v2\/product_brand?post=2965"},{"taxonomy":"product_cat","embeddable":true,"href":"https:\/\/stagpartynight.com\/fr\/wp-json\/wp\/v2\/product_cat?post=2965"},{"taxonomy":"product_tag","embeddable":true,"href":"https:\/\/stagpartynight.com\/fr\/wp-json\/wp\/v2\/product_tag?post=2965"}],"curies":[{"name":"wp","href":"https:\/\/api.w.org\/{rel}","templated":true}]}}