{"id":2975,"date":"2024-01-23T13:30:49","date_gmt":"2024-01-23T12:30:49","guid":{"rendered":"https:\/\/stagpartynight.com\/fr\/?post_type=product&#038;p=2975"},"modified":"2024-01-23T13:33:13","modified_gmt":"2024-01-23T12:33:13","slug":"striper-girl-valence","status":"publish","type":"product","link":"https:\/\/stagpartynight.com\/fr\/product\/striper-girl-valence\/","title":{"rendered":"Striper Girl Valence"},"content":{"rendered":"<p><span style=\"vertical-align: inherit;\"><span style=\"vertical-align: inherit;\">Striper Girl Valence. Spectacle priv\u00e9. La stripteaseuse vient dans votre appartement\/villa \u00e0 votre convenance si vous le souhaitez. Possibilit\u00e9 de choisir la s<\/span><\/span><span style=\"vertical-align: inherit;\"><span style=\"vertical-align: inherit;\">tripteaseuse.<\/span><\/span><\/p>\n<p>Les meilleurs enterrements de vie de gar\u00e7on et de jeune fille avec <a href=\"https:\/\/stagpartynight.com\/\">StagParty<\/a><\/p>\n<h2 style=\"text-align: center;\">Striper Girl <span style=\"vertical-align: inherit;\">Valence<\/span><\/h2>\n<p>Vivre la sensualit\u00e9 et le divertissement : un spectacle de danse sensuelle de quinze minutes ! \ud83d\udc83\ud83c\udfb6\ud83d\udd25<\/p>\n<p>R\u00e9servez un moment de pur \u00e9rotisme et de plaisir avec notre spectacle exclusif de danse sensuelle de quinze minutes. Une danseuse professionnelle se produira exclusivement pour vous, apportant une touche de sensualit\u00e9 et de divertissement l\u00e0 o\u00f9 vous le souhaitez, accompagn\u00e9e de sa musique choisie pour l&#8217;occasion.<\/p>\n<p>\ud83c\udf1f Un spectacle sensuel de haut niveau :<\/p>\n<p>Profitez de quinze minutes intenses de pur spectacle sensuel pendant qu&#8217;une danseuse exp\u00e9riment\u00e9e divertit et enchante par son talent et sa gr\u00e2ce. Chaque mouvement est un art, chaque pas une invitation \u00e0 la passion et au plaisir.<\/p>\n<p>\ud83c\udfb6 Votre musique, son rythme :<\/p>\n<p>Laissez la danseuse apporter son charme et son \u00e9nergie en se produisant au rythme de votre musique pr\u00e9f\u00e9r\u00e9e. Vous pouvez personnaliser l&#8217;exp\u00e9rience en choisissant la bande-son parfaite pour accompagner sa performance, rendant chaque moment encore plus sp\u00e9cial.<\/p>\n<p>\ud83d\udc83 Une exp\u00e9rience sur mesure :<\/p>\n<p>Ce spectacle est enti\u00e8rement tourn\u00e9 vers vous. La danseuse se d\u00e9placera o\u00f9 vous le souhaitez, vous garantissant ainsi une exp\u00e9rience personnalis\u00e9e et unique. Que vous soyez dans un cadre intime \u00e0 la maison ou dans un endroit sp\u00e9cial, pr\u00e9parez-vous \u00e0 \u00eatre la star d&#8217;un spectacle inoubliable.<\/p>\n<h6>\ud83d\udd25 Un spectacle qui laisse des traces :<\/h6>\n<p>L&#8217;atmosph\u00e8re sensuelle et le talent artistique du danseur cr\u00e9ent une exp\u00e9rience qui va au-del\u00e0 du divertissement traditionnel. Chaque mouvement est con\u00e7u pour susciter des \u00e9motions, cr\u00e9ant un lien unique entre le spectateur et l&#8217;interpr\u00e8te.<\/p>\n<p>\ud83d\udcf8 Moments \u00e0 immortaliser :<\/p>\n<p>Capturez l&#8217;essence de l&#8217;exp\u00e9rience en ayant la possibilit\u00e9 d&#8217;immortaliser les moments les plus m\u00e9morables. Prenez des photos pour vous rem\u00e9morer ce spectacle unique et garder des souvenirs ind\u00e9l\u00e9biles.<\/p>\n<p>\ud83c\udf89 R\u00e9servez d\u00e8s maintenant votre spectacle de danse sensuelle :<\/p>\n<p>Si vous souhaitez vivre une exp\u00e9rience de divertissement sensuelle et personnalis\u00e9e, r\u00e9servez d\u00e8s maintenant votre spectacle de danse de quinze minutes. Laissez-vous transporter dans un monde de sensualit\u00e9, d&#8217;art et de plaisir, o\u00f9 la star, c&#8217;est vous ! \ud83d\udc8b\ud83d\udcab #Sensual Dancing #<a href=\"https:\/\/es.wikipedia.org\/wiki\/Valencia\"><span style=\"vertical-align: inherit;\">Valence<\/span><\/a><\/p>\n","protected":false},"excerpt":{"rendered":"<p><span style=\"vertical-align: inherit;\">Striper Girl Valence. Spectacle priv\u00e9. La stripteaseuse vient dans votre appartement\/villa \u00e0 votre convenance si vous le souhaitez. Possibilit\u00e9 de choisir la s<\/span><span style=\"vertical-align: inherit;\">tripteaseuse.<\/span><\/p>\n","protected":false},"featured_media":2976,"comment_status":"open","ping_status":"closed","template":"","meta":{"_et_pb_use_builder":"","_et_pb_old_content":"","_et_gb_content_width":""},"product_brand":[],"product_cat":[531],"product_tag":[702,701,703],"class_list":{"0":"post-2975","1":"product","2":"type-product","3":"status-publish","4":"has-post-thumbnail","6":"product_cat-valencia","7":"product_tag-girls-valencce","8":"product_tag-striper-girl-valence","9":"product_tag-striper-valence","11":"first","12":"instock","13":"virtual","14":"product-type-simple"},"yoast_head":"<!-- This site is optimized with the Yoast SEO plugin v26.4 - https:\/\/yoast.com\/wordpress\/plugins\/seo\/ -->\n<title>Striper Girl Valence<\/title>\n<meta name=\"description\" content=\"Striper Girl Valence. Spectacle priv\u00e9. La stripteaseuse vient dans votre appartement\/villa \u00e0 votre convenance. Possibilit\u00e9 de choisir la stripteaseuse.\" \/>\n<meta name=\"robots\" content=\"index, follow, max-snippet:-1, max-image-preview:large, max-video-preview:-1\" \/>\n<link rel=\"canonical\" href=\"https:\/\/stagpartynight.com\/fr\/product\/striper-girl-valence\/\" \/>\n<meta property=\"og:locale\" content=\"en_GB\" \/>\n<meta property=\"og:type\" content=\"article\" \/>\n<meta property=\"og:title\" content=\"Striper Girl Valence\" \/>\n<meta property=\"og:description\" content=\"Striper Girl Valence. Spectacle priv\u00e9. La stripteaseuse vient dans votre appartement\/villa \u00e0 votre convenance. Possibilit\u00e9 de choisir la stripteaseuse.\" \/>\n<meta property=\"og:url\" content=\"https:\/\/stagpartynight.com\/fr\/product\/striper-girl-valence\/\" \/>\n<meta property=\"og:site_name\" content=\"Nuit de f\u00eate de cerf\" \/>\n<meta property=\"article:modified_time\" content=\"2024-01-23T12:33:13+00:00\" \/>\n<meta property=\"og:image\" content=\"https:\/\/stagpartynight.com\/fr\/wp-content\/uploads\/sites\/3\/2024\/01\/Striper-Girl-Valence.jpg\" \/>\n\t<meta property=\"og:image:width\" content=\"960\" \/>\n\t<meta property=\"og:image:height\" content=\"540\" \/>\n\t<meta property=\"og:image:type\" content=\"image\/jpeg\" \/>\n<meta name=\"twitter:card\" content=\"summary_large_image\" \/>\n<meta name=\"twitter:label1\" content=\"Estimated reading time\" \/>\n\t<meta name=\"twitter:data1\" content=\"2 minutes\" \/>\n<script type=\"application\/ld+json\" class=\"yoast-schema-graph\">{\"@context\":\"https:\/\/schema.org\",\"@graph\":[{\"@type\":\"WebPage\",\"@id\":\"https:\/\/stagpartynight.com\/fr\/product\/striper-girl-valence\/\",\"url\":\"https:\/\/stagpartynight.com\/fr\/product\/striper-girl-valence\/\",\"name\":\"Striper Girl Valence\",\"isPartOf\":{\"@id\":\"https:\/\/stagpartynight.com\/fr\/#website\"},\"primaryImageOfPage\":{\"@id\":\"https:\/\/stagpartynight.com\/fr\/product\/striper-girl-valence\/#primaryimage\"},\"image\":{\"@id\":\"https:\/\/stagpartynight.com\/fr\/product\/striper-girl-valence\/#primaryimage\"},\"thumbnailUrl\":\"https:\/\/stagpartynight.com\/fr\/wp-content\/uploads\/sites\/3\/2024\/01\/Striper-Girl-Valence.jpg\",\"datePublished\":\"2024-01-23T12:30:49+00:00\",\"dateModified\":\"2024-01-23T12:33:13+00:00\",\"description\":\"Striper Girl Valence. Spectacle priv\u00e9. La stripteaseuse vient dans votre appartement\/villa \u00e0 votre convenance. Possibilit\u00e9 de choisir la stripteaseuse.\",\"breadcrumb\":{\"@id\":\"https:\/\/stagpartynight.com\/fr\/product\/striper-girl-valence\/#breadcrumb\"},\"inLanguage\":\"en-GB\",\"potentialAction\":[{\"@type\":\"ReadAction\",\"target\":[\"https:\/\/stagpartynight.com\/fr\/product\/striper-girl-valence\/\"]}]},{\"@type\":\"ImageObject\",\"inLanguage\":\"en-GB\",\"@id\":\"https:\/\/stagpartynight.com\/fr\/product\/striper-girl-valence\/#primaryimage\",\"url\":\"https:\/\/stagpartynight.com\/fr\/wp-content\/uploads\/sites\/3\/2024\/01\/Striper-Girl-Valence.jpg\",\"contentUrl\":\"https:\/\/stagpartynight.com\/fr\/wp-content\/uploads\/sites\/3\/2024\/01\/Striper-Girl-Valence.jpg\",\"width\":960,\"height\":540,\"caption\":\"Striper Girl Valence\"},{\"@type\":\"BreadcrumbList\",\"@id\":\"https:\/\/stagpartynight.com\/fr\/product\/striper-girl-valence\/#breadcrumb\",\"itemListElement\":[{\"@type\":\"ListItem\",\"position\":1,\"name\":\"Home\",\"item\":\"https:\/\/stagpartynight.com\/fr\/\"},{\"@type\":\"ListItem\",\"position\":2,\"name\":\"Tienda\",\"item\":\"https:\/\/stagpartynight.com\/fr\/tienda\/\"},{\"@type\":\"ListItem\",\"position\":3,\"name\":\"Striper Girl Valence\"}]},{\"@type\":\"WebSite\",\"@id\":\"https:\/\/stagpartynight.com\/fr\/#website\",\"url\":\"https:\/\/stagpartynight.com\/fr\/\",\"name\":\"Stag Party Night\",\"description\":\"Your Stag Party Customized\",\"publisher\":{\"@id\":\"https:\/\/stagpartynight.com\/fr\/#organization\"},\"potentialAction\":[{\"@type\":\"SearchAction\",\"target\":{\"@type\":\"EntryPoint\",\"urlTemplate\":\"https:\/\/stagpartynight.com\/fr\/?s={search_term_string}\"},\"query-input\":{\"@type\":\"PropertyValueSpecification\",\"valueRequired\":true,\"valueName\":\"search_term_string\"}}],\"inLanguage\":\"en-GB\"},{\"@type\":\"Organization\",\"@id\":\"https:\/\/stagpartynight.com\/fr\/#organization\",\"name\":\"Stag Party Night\",\"url\":\"https:\/\/stagpartynight.com\/fr\/\",\"logo\":{\"@type\":\"ImageObject\",\"inLanguage\":\"en-GB\",\"@id\":\"https:\/\/stagpartynight.com\/fr\/#\/schema\/logo\/image\/\",\"url\":\"https:\/\/stagpartynight.com\/fr\/wp-content\/uploads\/sites\/3\/2019\/12\/stagpartynight-e1578565505687.png\",\"contentUrl\":\"https:\/\/stagpartynight.com\/fr\/wp-content\/uploads\/sites\/3\/2019\/12\/stagpartynight-e1578565505687.png\",\"width\":400,\"height\":400,\"caption\":\"Stag Party Night\"},\"image\":{\"@id\":\"https:\/\/stagpartynight.com\/fr\/#\/schema\/logo\/image\/\"}}]}<\/script>\n<!-- \/ Yoast SEO plugin. -->","yoast_head_json":{"title":"Striper Girl Valence","description":"Striper Girl Valence. Spectacle priv\u00e9. La stripteaseuse vient dans votre appartement\/villa \u00e0 votre convenance. Possibilit\u00e9 de choisir la stripteaseuse.","robots":{"index":"index","follow":"follow","max-snippet":"max-snippet:-1","max-image-preview":"max-image-preview:large","max-video-preview":"max-video-preview:-1"},"canonical":"https:\/\/stagpartynight.com\/fr\/product\/striper-girl-valence\/","og_locale":"en_GB","og_type":"article","og_title":"Striper Girl Valence","og_description":"Striper Girl Valence. Spectacle priv\u00e9. La stripteaseuse vient dans votre appartement\/villa \u00e0 votre convenance. Possibilit\u00e9 de choisir la stripteaseuse.","og_url":"https:\/\/stagpartynight.com\/fr\/product\/striper-girl-valence\/","og_site_name":"Nuit de f\u00eate de cerf","article_modified_time":"2024-01-23T12:33:13+00:00","og_image":[{"width":960,"height":540,"url":"https:\/\/stagpartynight.com\/fr\/wp-content\/uploads\/sites\/3\/2024\/01\/Striper-Girl-Valence.jpg","type":"image\/jpeg"}],"twitter_card":"summary_large_image","twitter_misc":{"Estimated reading time":"2 minutes"},"schema":{"@context":"https:\/\/schema.org","@graph":[{"@type":"WebPage","@id":"https:\/\/stagpartynight.com\/fr\/product\/striper-girl-valence\/","url":"https:\/\/stagpartynight.com\/fr\/product\/striper-girl-valence\/","name":"Striper Girl Valence","isPartOf":{"@id":"https:\/\/stagpartynight.com\/fr\/#website"},"primaryImageOfPage":{"@id":"https:\/\/stagpartynight.com\/fr\/product\/striper-girl-valence\/#primaryimage"},"image":{"@id":"https:\/\/stagpartynight.com\/fr\/product\/striper-girl-valence\/#primaryimage"},"thumbnailUrl":"https:\/\/stagpartynight.com\/fr\/wp-content\/uploads\/sites\/3\/2024\/01\/Striper-Girl-Valence.jpg","datePublished":"2024-01-23T12:30:49+00:00","dateModified":"2024-01-23T12:33:13+00:00","description":"Striper Girl Valence. Spectacle priv\u00e9. La stripteaseuse vient dans votre appartement\/villa \u00e0 votre convenance. Possibilit\u00e9 de choisir la stripteaseuse.","breadcrumb":{"@id":"https:\/\/stagpartynight.com\/fr\/product\/striper-girl-valence\/#breadcrumb"},"inLanguage":"en-GB","potentialAction":[{"@type":"ReadAction","target":["https:\/\/stagpartynight.com\/fr\/product\/striper-girl-valence\/"]}]},{"@type":"ImageObject","inLanguage":"en-GB","@id":"https:\/\/stagpartynight.com\/fr\/product\/striper-girl-valence\/#primaryimage","url":"https:\/\/stagpartynight.com\/fr\/wp-content\/uploads\/sites\/3\/2024\/01\/Striper-Girl-Valence.jpg","contentUrl":"https:\/\/stagpartynight.com\/fr\/wp-content\/uploads\/sites\/3\/2024\/01\/Striper-Girl-Valence.jpg","width":960,"height":540,"caption":"Striper Girl Valence"},{"@type":"BreadcrumbList","@id":"https:\/\/stagpartynight.com\/fr\/product\/striper-girl-valence\/#breadcrumb","itemListElement":[{"@type":"ListItem","position":1,"name":"Home","item":"https:\/\/stagpartynight.com\/fr\/"},{"@type":"ListItem","position":2,"name":"Tienda","item":"https:\/\/stagpartynight.com\/fr\/tienda\/"},{"@type":"ListItem","position":3,"name":"Striper Girl Valence"}]},{"@type":"WebSite","@id":"https:\/\/stagpartynight.com\/fr\/#website","url":"https:\/\/stagpartynight.com\/fr\/","name":"Stag Party Night","description":"Your Stag Party Customized","publisher":{"@id":"https:\/\/stagpartynight.com\/fr\/#organization"},"potentialAction":[{"@type":"SearchAction","target":{"@type":"EntryPoint","urlTemplate":"https:\/\/stagpartynight.com\/fr\/?s={search_term_string}"},"query-input":{"@type":"PropertyValueSpecification","valueRequired":true,"valueName":"search_term_string"}}],"inLanguage":"en-GB"},{"@type":"Organization","@id":"https:\/\/stagpartynight.com\/fr\/#organization","name":"Stag Party Night","url":"https:\/\/stagpartynight.com\/fr\/","logo":{"@type":"ImageObject","inLanguage":"en-GB","@id":"https:\/\/stagpartynight.com\/fr\/#\/schema\/logo\/image\/","url":"https:\/\/stagpartynight.com\/fr\/wp-content\/uploads\/sites\/3\/2019\/12\/stagpartynight-e1578565505687.png","contentUrl":"https:\/\/stagpartynight.com\/fr\/wp-content\/uploads\/sites\/3\/2019\/12\/stagpartynight-e1578565505687.png","width":400,"height":400,"caption":"Stag Party Night"},"image":{"@id":"https:\/\/stagpartynight.com\/fr\/#\/schema\/logo\/image\/"}}]}},"_links":{"self":[{"href":"https:\/\/stagpartynight.com\/fr\/wp-json\/wp\/v2\/product\/2975","targetHints":{"allow":["GET"]}}],"collection":[{"href":"https:\/\/stagpartynight.com\/fr\/wp-json\/wp\/v2\/product"}],"about":[{"href":"https:\/\/stagpartynight.com\/fr\/wp-json\/wp\/v2\/types\/product"}],"replies":[{"embeddable":true,"href":"https:\/\/stagpartynight.com\/fr\/wp-json\/wp\/v2\/comments?post=2975"}],"wp:featuredmedia":[{"embeddable":true,"href":"https:\/\/stagpartynight.com\/fr\/wp-json\/wp\/v2\/media\/2976"}],"wp:attachment":[{"href":"https:\/\/stagpartynight.com\/fr\/wp-json\/wp\/v2\/media?parent=2975"}],"wp:term":[{"taxonomy":"product_brand","embeddable":true,"href":"https:\/\/stagpartynight.com\/fr\/wp-json\/wp\/v2\/product_brand?post=2975"},{"taxonomy":"product_cat","embeddable":true,"href":"https:\/\/stagpartynight.com\/fr\/wp-json\/wp\/v2\/product_cat?post=2975"},{"taxonomy":"product_tag","embeddable":true,"href":"https:\/\/stagpartynight.com\/fr\/wp-json\/wp\/v2\/product_tag?post=2975"}],"curies":[{"name":"wp","href":"https:\/\/api.w.org\/{rel}","templated":true}]}}