{"id":2977,"date":"2024-01-23T13:33:41","date_gmt":"2024-01-23T12:33:41","guid":{"rendered":"https:\/\/stagpartynight.com\/fr\/?post_type=product&#038;p=2977"},"modified":"2024-01-23T13:36:26","modified_gmt":"2024-01-23T12:36:26","slug":"striper-man-valence","status":"publish","type":"product","link":"https:\/\/stagpartynight.com\/fr\/product\/striper-man-valence\/","title":{"rendered":"Striper Man Valence"},"content":{"rendered":"<p>Striper Man Valence. Strip-tease masculin. Strip-teaseur Valence. Faites monter la temp\u00e9rature avec le danseur sexy qui fera penser \u00e0 la mari\u00e9e \u00e0 se marier. Du muscle et du feu \u00e0 l&#8217;\u00e9tat pur.<\/p>\n<p>Les meilleurs enterrements de vie de gar\u00e7on et de jeune fille avec <a href=\"https:\/\/stagpartynight.com\/\">StagParty<\/a><\/p>\n<h2 style=\"text-align: center;\"><a href=\"https:\/\/es.wikipedia.org\/wiki\/Valencia\">Striper Man Valence<\/a><\/h2>\n<p>Faites l&#8217;exp\u00e9rience de la sensualit\u00e9 et de l&#8217;amusement : un homme vraiment sexy pr\u00eat \u00e0 s\u00e9duire sa fianc\u00e9e ! \ud83d\udc83\ud83c\udfb6\ud83d\udd25<\/p>\n<p>R\u00e9servez un moment de pur \u00e9rotisme et de plaisir avec notre spectacle de danse sensuelle exclusif de quinze minutes. Un homme avec un corps de tueur pr\u00eat \u00e0 montrer \u00e0 la mari\u00e9e que peut-\u00eatre se marier n&#8217;est pas la meilleure id\u00e9e&#8230;..<\/p>\n<p>\ud83c\udf1f L&#8217;\u00e9rotisme \u00e0 l&#8217;\u00e9tat pur :<\/p>\n<p>Notre homme ne se contentera pas d&#8217;utiliser une chaise pour accueillir la mari\u00e9e, il la fera aussi danser au rythme de la musique la plus sensuelle. La temp\u00e9rature montera tellement qu&#8217;il devra commencer \u00e0 se d\u00e9shabiller&#8230;.<\/p>\n<p>\ud83d\udc83 Une exp\u00e9rience sur mesure :<\/p>\n<p>Ce spectacle tourne autour de la mari\u00e9e. La danseuse se d\u00e9placera o\u00f9 vous le souhaitez, garantissant une exp\u00e9rience personnalis\u00e9e et unique. Dans un cadre intime \u00e0 la maison ou dans un lieu sp\u00e9cial, pr\u00e9parez-vous \u00e0 \u00eatre la star d&#8217;un spectacle inoubliable.<\/p>\n<p>\ud83d\udd25 Un spectacle qui marque les esprits :<\/p>\n<p>L&#8217;atmosph\u00e8re sensuelle, la temp\u00e9rature qui monte et toutes vos copines qui regardent les mouvements sexy du mec. Chaque mouvement est con\u00e7u pour exciter&#8230;<br \/>\nProfitez du p\u00e9ch\u00e9 \u00e0 <a href=\"https:\/\/es.wikipedia.org\/wiki\/Valencia\">Valence<\/a><\/p>\n<p>&nbsp;<\/p>\n","protected":false},"excerpt":{"rendered":"<p>Striper Man Valence. Strip-tease masculin. Strip-teaseur Valence. Faites monter la temp\u00e9rature avec le danseur sexy qui fera penser \u00e0 la mari\u00e9e \u00e0 se marier. Du muscle et du feu \u00e0 l&#8217;\u00e9tat pur.<\/p>\n","protected":false},"featured_media":2978,"comment_status":"open","ping_status":"closed","template":"","meta":{"_et_pb_use_builder":"","_et_pb_old_content":"","_et_gb_content_width":""},"product_brand":[],"product_cat":[218,531],"product_tag":[705,704],"class_list":{"0":"post-2977","1":"product","2":"type-product","3":"status-publish","4":"has-post-thumbnail","6":"product_cat-uncategorised","7":"product_cat-valencia","8":"product_tag-boys-valence","9":"product_tag-striper-man-valence","11":"first","12":"instock","13":"shipping-taxable","14":"product-type-simple"},"yoast_head":"<!-- This site is optimized with the Yoast SEO plugin v26.4 - https:\/\/yoast.com\/wordpress\/plugins\/seo\/ -->\n<title>Striper Man Valence<\/title>\n<meta name=\"description\" content=\"Striper Man Valence. Strip-tease masculin. Strip-teaseur Valence. Faites monter la temp\u00e9rature. Du muscle et du feu \u00e0 l&#039;\u00e9tat pur.\" \/>\n<meta name=\"robots\" content=\"index, follow, max-snippet:-1, max-image-preview:large, max-video-preview:-1\" \/>\n<link rel=\"canonical\" href=\"https:\/\/stagpartynight.com\/fr\/product\/striper-man-valence\/\" \/>\n<meta property=\"og:locale\" content=\"en_GB\" \/>\n<meta property=\"og:type\" content=\"article\" \/>\n<meta property=\"og:title\" content=\"Striper Man Valence\" \/>\n<meta property=\"og:description\" content=\"Striper Man Valence. Strip-tease masculin. Strip-teaseur Valence. Faites monter la temp\u00e9rature. Du muscle et du feu \u00e0 l&#039;\u00e9tat pur.\" \/>\n<meta property=\"og:url\" content=\"https:\/\/stagpartynight.com\/fr\/product\/striper-man-valence\/\" \/>\n<meta property=\"og:site_name\" content=\"Nuit de f\u00eate de cerf\" \/>\n<meta property=\"article:modified_time\" content=\"2024-01-23T12:36:26+00:00\" \/>\n<meta property=\"og:image\" content=\"https:\/\/stagpartynight.com\/fr\/wp-content\/uploads\/sites\/3\/2024\/01\/Striper-Man-Valence.jpg\" \/>\n\t<meta property=\"og:image:width\" content=\"750\" \/>\n\t<meta property=\"og:image:height\" content=\"1334\" \/>\n\t<meta property=\"og:image:type\" content=\"image\/jpeg\" \/>\n<meta name=\"twitter:card\" content=\"summary_large_image\" \/>\n<meta name=\"twitter:label1\" content=\"Estimated reading time\" \/>\n\t<meta name=\"twitter:data1\" content=\"2 minutes\" \/>\n<script type=\"application\/ld+json\" class=\"yoast-schema-graph\">{\"@context\":\"https:\/\/schema.org\",\"@graph\":[{\"@type\":\"WebPage\",\"@id\":\"https:\/\/stagpartynight.com\/fr\/product\/striper-man-valence\/\",\"url\":\"https:\/\/stagpartynight.com\/fr\/product\/striper-man-valence\/\",\"name\":\"Striper Man Valence\",\"isPartOf\":{\"@id\":\"https:\/\/stagpartynight.com\/fr\/#website\"},\"primaryImageOfPage\":{\"@id\":\"https:\/\/stagpartynight.com\/fr\/product\/striper-man-valence\/#primaryimage\"},\"image\":{\"@id\":\"https:\/\/stagpartynight.com\/fr\/product\/striper-man-valence\/#primaryimage\"},\"thumbnailUrl\":\"https:\/\/stagpartynight.com\/fr\/wp-content\/uploads\/sites\/3\/2024\/01\/Striper-Man-Valence.jpg\",\"datePublished\":\"2024-01-23T12:33:41+00:00\",\"dateModified\":\"2024-01-23T12:36:26+00:00\",\"description\":\"Striper Man Valence. Strip-tease masculin. Strip-teaseur Valence. Faites monter la temp\u00e9rature. Du muscle et du feu \u00e0 l'\u00e9tat pur.\",\"breadcrumb\":{\"@id\":\"https:\/\/stagpartynight.com\/fr\/product\/striper-man-valence\/#breadcrumb\"},\"inLanguage\":\"en-GB\",\"potentialAction\":[{\"@type\":\"ReadAction\",\"target\":[\"https:\/\/stagpartynight.com\/fr\/product\/striper-man-valence\/\"]}]},{\"@type\":\"ImageObject\",\"inLanguage\":\"en-GB\",\"@id\":\"https:\/\/stagpartynight.com\/fr\/product\/striper-man-valence\/#primaryimage\",\"url\":\"https:\/\/stagpartynight.com\/fr\/wp-content\/uploads\/sites\/3\/2024\/01\/Striper-Man-Valence.jpg\",\"contentUrl\":\"https:\/\/stagpartynight.com\/fr\/wp-content\/uploads\/sites\/3\/2024\/01\/Striper-Man-Valence.jpg\",\"width\":750,\"height\":1334,\"caption\":\"Striper Man Valence\"},{\"@type\":\"BreadcrumbList\",\"@id\":\"https:\/\/stagpartynight.com\/fr\/product\/striper-man-valence\/#breadcrumb\",\"itemListElement\":[{\"@type\":\"ListItem\",\"position\":1,\"name\":\"Home\",\"item\":\"https:\/\/stagpartynight.com\/fr\/\"},{\"@type\":\"ListItem\",\"position\":2,\"name\":\"Tienda\",\"item\":\"https:\/\/stagpartynight.com\/fr\/tienda\/\"},{\"@type\":\"ListItem\",\"position\":3,\"name\":\"Striper Man Valence\"}]},{\"@type\":\"WebSite\",\"@id\":\"https:\/\/stagpartynight.com\/fr\/#website\",\"url\":\"https:\/\/stagpartynight.com\/fr\/\",\"name\":\"Stag Party Night\",\"description\":\"Your Stag Party Customized\",\"publisher\":{\"@id\":\"https:\/\/stagpartynight.com\/fr\/#organization\"},\"potentialAction\":[{\"@type\":\"SearchAction\",\"target\":{\"@type\":\"EntryPoint\",\"urlTemplate\":\"https:\/\/stagpartynight.com\/fr\/?s={search_term_string}\"},\"query-input\":{\"@type\":\"PropertyValueSpecification\",\"valueRequired\":true,\"valueName\":\"search_term_string\"}}],\"inLanguage\":\"en-GB\"},{\"@type\":\"Organization\",\"@id\":\"https:\/\/stagpartynight.com\/fr\/#organization\",\"name\":\"Stag Party Night\",\"url\":\"https:\/\/stagpartynight.com\/fr\/\",\"logo\":{\"@type\":\"ImageObject\",\"inLanguage\":\"en-GB\",\"@id\":\"https:\/\/stagpartynight.com\/fr\/#\/schema\/logo\/image\/\",\"url\":\"https:\/\/stagpartynight.com\/fr\/wp-content\/uploads\/sites\/3\/2019\/12\/stagpartynight-e1578565505687.png\",\"contentUrl\":\"https:\/\/stagpartynight.com\/fr\/wp-content\/uploads\/sites\/3\/2019\/12\/stagpartynight-e1578565505687.png\",\"width\":400,\"height\":400,\"caption\":\"Stag Party Night\"},\"image\":{\"@id\":\"https:\/\/stagpartynight.com\/fr\/#\/schema\/logo\/image\/\"}}]}<\/script>\n<!-- \/ Yoast SEO plugin. -->","yoast_head_json":{"title":"Striper Man Valence","description":"Striper Man Valence. Strip-tease masculin. Strip-teaseur Valence. Faites monter la temp\u00e9rature. Du muscle et du feu \u00e0 l'\u00e9tat pur.","robots":{"index":"index","follow":"follow","max-snippet":"max-snippet:-1","max-image-preview":"max-image-preview:large","max-video-preview":"max-video-preview:-1"},"canonical":"https:\/\/stagpartynight.com\/fr\/product\/striper-man-valence\/","og_locale":"en_GB","og_type":"article","og_title":"Striper Man Valence","og_description":"Striper Man Valence. Strip-tease masculin. Strip-teaseur Valence. Faites monter la temp\u00e9rature. Du muscle et du feu \u00e0 l'\u00e9tat pur.","og_url":"https:\/\/stagpartynight.com\/fr\/product\/striper-man-valence\/","og_site_name":"Nuit de f\u00eate de cerf","article_modified_time":"2024-01-23T12:36:26+00:00","og_image":[{"width":750,"height":1334,"url":"https:\/\/stagpartynight.com\/fr\/wp-content\/uploads\/sites\/3\/2024\/01\/Striper-Man-Valence.jpg","type":"image\/jpeg"}],"twitter_card":"summary_large_image","twitter_misc":{"Estimated reading time":"2 minutes"},"schema":{"@context":"https:\/\/schema.org","@graph":[{"@type":"WebPage","@id":"https:\/\/stagpartynight.com\/fr\/product\/striper-man-valence\/","url":"https:\/\/stagpartynight.com\/fr\/product\/striper-man-valence\/","name":"Striper Man Valence","isPartOf":{"@id":"https:\/\/stagpartynight.com\/fr\/#website"},"primaryImageOfPage":{"@id":"https:\/\/stagpartynight.com\/fr\/product\/striper-man-valence\/#primaryimage"},"image":{"@id":"https:\/\/stagpartynight.com\/fr\/product\/striper-man-valence\/#primaryimage"},"thumbnailUrl":"https:\/\/stagpartynight.com\/fr\/wp-content\/uploads\/sites\/3\/2024\/01\/Striper-Man-Valence.jpg","datePublished":"2024-01-23T12:33:41+00:00","dateModified":"2024-01-23T12:36:26+00:00","description":"Striper Man Valence. Strip-tease masculin. Strip-teaseur Valence. Faites monter la temp\u00e9rature. Du muscle et du feu \u00e0 l'\u00e9tat pur.","breadcrumb":{"@id":"https:\/\/stagpartynight.com\/fr\/product\/striper-man-valence\/#breadcrumb"},"inLanguage":"en-GB","potentialAction":[{"@type":"ReadAction","target":["https:\/\/stagpartynight.com\/fr\/product\/striper-man-valence\/"]}]},{"@type":"ImageObject","inLanguage":"en-GB","@id":"https:\/\/stagpartynight.com\/fr\/product\/striper-man-valence\/#primaryimage","url":"https:\/\/stagpartynight.com\/fr\/wp-content\/uploads\/sites\/3\/2024\/01\/Striper-Man-Valence.jpg","contentUrl":"https:\/\/stagpartynight.com\/fr\/wp-content\/uploads\/sites\/3\/2024\/01\/Striper-Man-Valence.jpg","width":750,"height":1334,"caption":"Striper Man Valence"},{"@type":"BreadcrumbList","@id":"https:\/\/stagpartynight.com\/fr\/product\/striper-man-valence\/#breadcrumb","itemListElement":[{"@type":"ListItem","position":1,"name":"Home","item":"https:\/\/stagpartynight.com\/fr\/"},{"@type":"ListItem","position":2,"name":"Tienda","item":"https:\/\/stagpartynight.com\/fr\/tienda\/"},{"@type":"ListItem","position":3,"name":"Striper Man Valence"}]},{"@type":"WebSite","@id":"https:\/\/stagpartynight.com\/fr\/#website","url":"https:\/\/stagpartynight.com\/fr\/","name":"Stag Party Night","description":"Your Stag Party Customized","publisher":{"@id":"https:\/\/stagpartynight.com\/fr\/#organization"},"potentialAction":[{"@type":"SearchAction","target":{"@type":"EntryPoint","urlTemplate":"https:\/\/stagpartynight.com\/fr\/?s={search_term_string}"},"query-input":{"@type":"PropertyValueSpecification","valueRequired":true,"valueName":"search_term_string"}}],"inLanguage":"en-GB"},{"@type":"Organization","@id":"https:\/\/stagpartynight.com\/fr\/#organization","name":"Stag Party Night","url":"https:\/\/stagpartynight.com\/fr\/","logo":{"@type":"ImageObject","inLanguage":"en-GB","@id":"https:\/\/stagpartynight.com\/fr\/#\/schema\/logo\/image\/","url":"https:\/\/stagpartynight.com\/fr\/wp-content\/uploads\/sites\/3\/2019\/12\/stagpartynight-e1578565505687.png","contentUrl":"https:\/\/stagpartynight.com\/fr\/wp-content\/uploads\/sites\/3\/2019\/12\/stagpartynight-e1578565505687.png","width":400,"height":400,"caption":"Stag Party Night"},"image":{"@id":"https:\/\/stagpartynight.com\/fr\/#\/schema\/logo\/image\/"}}]}},"_links":{"self":[{"href":"https:\/\/stagpartynight.com\/fr\/wp-json\/wp\/v2\/product\/2977","targetHints":{"allow":["GET"]}}],"collection":[{"href":"https:\/\/stagpartynight.com\/fr\/wp-json\/wp\/v2\/product"}],"about":[{"href":"https:\/\/stagpartynight.com\/fr\/wp-json\/wp\/v2\/types\/product"}],"replies":[{"embeddable":true,"href":"https:\/\/stagpartynight.com\/fr\/wp-json\/wp\/v2\/comments?post=2977"}],"wp:featuredmedia":[{"embeddable":true,"href":"https:\/\/stagpartynight.com\/fr\/wp-json\/wp\/v2\/media\/2978"}],"wp:attachment":[{"href":"https:\/\/stagpartynight.com\/fr\/wp-json\/wp\/v2\/media?parent=2977"}],"wp:term":[{"taxonomy":"product_brand","embeddable":true,"href":"https:\/\/stagpartynight.com\/fr\/wp-json\/wp\/v2\/product_brand?post=2977"},{"taxonomy":"product_cat","embeddable":true,"href":"https:\/\/stagpartynight.com\/fr\/wp-json\/wp\/v2\/product_cat?post=2977"},{"taxonomy":"product_tag","embeddable":true,"href":"https:\/\/stagpartynight.com\/fr\/wp-json\/wp\/v2\/product_tag?post=2977"}],"curies":[{"name":"wp","href":"https:\/\/api.w.org\/{rel}","templated":true}]}}