{"id":2979,"date":"2024-01-23T13:36:48","date_gmt":"2024-01-23T12:36:48","guid":{"rendered":"https:\/\/stagpartynight.com\/fr\/?post_type=product&#038;p=2979"},"modified":"2024-01-23T13:41:39","modified_gmt":"2024-01-23T12:41:39","slug":"striptease-lesbien-a-valence","status":"publish","type":"product","link":"https:\/\/stagpartynight.com\/fr\/product\/striptease-lesbien-a-valence\/","title":{"rendered":"Striptease lesbien \u00e0 Valence"},"content":{"rendered":"<p>Striptease lesbien \u00e0 Valence. Strip-teaseuses lesbiennes \u00e0 Valence . Surprenez le mari\u00e9 avec un spectacle lesbien unique et sp\u00e9cial. Spectacle \u00e9rotique, amusant et participatif. Possibilit\u00e9 de choisir les stripteaseuses. Disponibilit\u00e9 pour se rendre sur place dans votre appartement, villa, restaurant, bar avec salle priv\u00e9e ou m\u00eame en limousine.<\/p>\n<h2 style=\"text-align: center;\">Striptease lesbien \u00e0 Valence<\/h2>\n<p>Faites l&#8217;exp\u00e9rience de la sensualit\u00e9 et de l&#8217;amusement : un strip-tease non pas par une fille mais par deux ! \ud83d\udc83\ud83c\udfb6\ud83d\udd25<\/p>\n<p>R\u00e9servez un moment de pur \u00e9rotisme et de plaisir avec notre spectacle exclusif de danse sensuelle de quinze minutes. Deux danseuses exclusivement pour vous, apportant une touche de sensualit\u00e9 et de plaisir o\u00f9 vous le souhaitez, accompagn\u00e9es de leur musique choisie pour l&#8217;occasion.<\/p>\n<p>\ud83c\udf1fSi l&#8217;une est sexy, les deux ensemble sont de l&#8217;\u00e9rotisme \u00e0 l&#8217;\u00e9tat pur :<\/p>\n<p>Nous savons tous \u00e0 quel point un strip-tease est sexy et fait monter la temp\u00e9rature avec la danseuse, imaginez ce qu&#8217;il en sera \u00e0 deux. Entre eux, ils sont tr\u00e8s affectueux, se touchent, se frottent, s&#8217;aident m\u00eame \u00e0 se d\u00e9shabiller&#8230;.<\/p>\n<p>\ud83d\udc83 Une exp\u00e9rience sur mesure :<\/p>\n<p>Ce spectacle tourne autour du mari\u00e9. Les danseurs se d\u00e9placent o\u00f9 vous le souhaitez, garantissant une exp\u00e9rience personnalis\u00e9e et unique. Dans un cadre intime \u00e0 la maison ou dans un lieu sp\u00e9cial, pr\u00e9parez-vous \u00e0 \u00eatre la star d&#8217;un spectacle inoubliable.<\/p>\n<p>\ud83d\udd25 Un spectacle qui marque les esprits :<\/p>\n<p>L&#8217;ambiance sensuelle, la temp\u00e9rature qui monte et tous vos amis qui s&#8217;\u00e9merveillent de la qualit\u00e9 de la danse et de l&#8217;affection des danseurs. Chaque mouvement est con\u00e7u pour \u00e9veiller&#8230;<br \/>\nProfitez du p\u00e9ch\u00e9 \u00e0 <a href=\"https:\/\/es.wikipedia.org\/wiki\/Valencia\">Valence<\/a><\/p>\n","protected":false},"excerpt":{"rendered":"<p>Striptease lesbien \u00e0 Valence. Strip-teaseuses lesbiennes \u00e0 Valence . Surprenez le mari\u00e9 avec un spectacle lesbien unique et sp\u00e9cial. Spectacle \u00e9rotique, amusant et participatif. Possibilit\u00e9 de choisir les stripteaseuses. Disponibilit\u00e9 pour se rendre sur place dans votre appartement, villa, restaurant, bar avec salle priv\u00e9e ou m\u00eame en limousine.<\/p>\n","protected":false},"featured_media":2980,"comment_status":"open","ping_status":"closed","template":"","meta":{"_et_pb_use_builder":"","_et_pb_old_content":"","_et_gb_content_width":""},"product_brand":[],"product_cat":[531],"product_tag":[707,708,706],"class_list":{"0":"post-2979","1":"product","2":"type-product","3":"status-publish","4":"has-post-thumbnail","6":"product_cat-valencia","7":"product_tag-girls-valence","8":"product_tag-lesbian-girls-valence","9":"product_tag-striptease-lesbien-a-valence","11":"first","12":"instock","13":"virtual","14":"product-type-simple"},"yoast_head":"<!-- This site is optimized with the Yoast SEO plugin v26.4 - https:\/\/yoast.com\/wordpress\/plugins\/seo\/ -->\n<title>Striptease lesbien \u00e0 Valence<\/title>\n<meta name=\"description\" content=\"Striptease lesbien \u00e0 Valence. Strip-teaseuses lesbiennes \u00e0 Valence . Surprenez le mari\u00e9 avec un spectacle lesbien unique et sp\u00e9cial\" \/>\n<meta name=\"robots\" content=\"index, follow, max-snippet:-1, max-image-preview:large, max-video-preview:-1\" \/>\n<link rel=\"canonical\" href=\"https:\/\/stagpartynight.com\/fr\/product\/striptease-lesbien-a-valence\/\" \/>\n<meta property=\"og:locale\" content=\"en_GB\" \/>\n<meta property=\"og:type\" content=\"article\" \/>\n<meta property=\"og:title\" content=\"Striptease lesbien \u00e0 Valence\" \/>\n<meta property=\"og:description\" content=\"Striptease lesbien \u00e0 Valence. Strip-teaseuses lesbiennes \u00e0 Valence . Surprenez le mari\u00e9 avec un spectacle lesbien unique et sp\u00e9cial\" \/>\n<meta property=\"og:url\" content=\"https:\/\/stagpartynight.com\/fr\/product\/striptease-lesbien-a-valence\/\" \/>\n<meta property=\"og:site_name\" content=\"Nuit de f\u00eate de cerf\" \/>\n<meta property=\"article:modified_time\" content=\"2024-01-23T12:41:39+00:00\" \/>\n<meta property=\"og:image\" content=\"https:\/\/stagpartynight.com\/fr\/wp-content\/uploads\/sites\/3\/2024\/01\/Striptease-lesbien-a-Valence.jpg\" \/>\n\t<meta property=\"og:image:width\" content=\"1024\" \/>\n\t<meta property=\"og:image:height\" content=\"768\" \/>\n\t<meta property=\"og:image:type\" content=\"image\/jpeg\" \/>\n<meta name=\"twitter:card\" content=\"summary_large_image\" \/>\n<meta name=\"twitter:label1\" content=\"Estimated reading time\" \/>\n\t<meta name=\"twitter:data1\" content=\"2 minutes\" \/>\n<script type=\"application\/ld+json\" class=\"yoast-schema-graph\">{\"@context\":\"https:\/\/schema.org\",\"@graph\":[{\"@type\":\"WebPage\",\"@id\":\"https:\/\/stagpartynight.com\/fr\/product\/striptease-lesbien-a-valence\/\",\"url\":\"https:\/\/stagpartynight.com\/fr\/product\/striptease-lesbien-a-valence\/\",\"name\":\"Striptease lesbien \u00e0 Valence\",\"isPartOf\":{\"@id\":\"https:\/\/stagpartynight.com\/fr\/#website\"},\"primaryImageOfPage\":{\"@id\":\"https:\/\/stagpartynight.com\/fr\/product\/striptease-lesbien-a-valence\/#primaryimage\"},\"image\":{\"@id\":\"https:\/\/stagpartynight.com\/fr\/product\/striptease-lesbien-a-valence\/#primaryimage\"},\"thumbnailUrl\":\"https:\/\/stagpartynight.com\/fr\/wp-content\/uploads\/sites\/3\/2024\/01\/Striptease-lesbien-a-Valence.jpg\",\"datePublished\":\"2024-01-23T12:36:48+00:00\",\"dateModified\":\"2024-01-23T12:41:39+00:00\",\"description\":\"Striptease lesbien \u00e0 Valence. Strip-teaseuses lesbiennes \u00e0 Valence . Surprenez le mari\u00e9 avec un spectacle lesbien unique et sp\u00e9cial\",\"breadcrumb\":{\"@id\":\"https:\/\/stagpartynight.com\/fr\/product\/striptease-lesbien-a-valence\/#breadcrumb\"},\"inLanguage\":\"en-GB\",\"potentialAction\":[{\"@type\":\"ReadAction\",\"target\":[\"https:\/\/stagpartynight.com\/fr\/product\/striptease-lesbien-a-valence\/\"]}]},{\"@type\":\"ImageObject\",\"inLanguage\":\"en-GB\",\"@id\":\"https:\/\/stagpartynight.com\/fr\/product\/striptease-lesbien-a-valence\/#primaryimage\",\"url\":\"https:\/\/stagpartynight.com\/fr\/wp-content\/uploads\/sites\/3\/2024\/01\/Striptease-lesbien-a-Valence.jpg\",\"contentUrl\":\"https:\/\/stagpartynight.com\/fr\/wp-content\/uploads\/sites\/3\/2024\/01\/Striptease-lesbien-a-Valence.jpg\",\"width\":1024,\"height\":768,\"caption\":\"Striptease lesbien \u00e0 Valence\"},{\"@type\":\"BreadcrumbList\",\"@id\":\"https:\/\/stagpartynight.com\/fr\/product\/striptease-lesbien-a-valence\/#breadcrumb\",\"itemListElement\":[{\"@type\":\"ListItem\",\"position\":1,\"name\":\"Home\",\"item\":\"https:\/\/stagpartynight.com\/fr\/\"},{\"@type\":\"ListItem\",\"position\":2,\"name\":\"Tienda\",\"item\":\"https:\/\/stagpartynight.com\/fr\/tienda\/\"},{\"@type\":\"ListItem\",\"position\":3,\"name\":\"Striptease lesbien \u00e0 Valence\"}]},{\"@type\":\"WebSite\",\"@id\":\"https:\/\/stagpartynight.com\/fr\/#website\",\"url\":\"https:\/\/stagpartynight.com\/fr\/\",\"name\":\"Stag Party Night\",\"description\":\"Your Stag Party Customized\",\"publisher\":{\"@id\":\"https:\/\/stagpartynight.com\/fr\/#organization\"},\"potentialAction\":[{\"@type\":\"SearchAction\",\"target\":{\"@type\":\"EntryPoint\",\"urlTemplate\":\"https:\/\/stagpartynight.com\/fr\/?s={search_term_string}\"},\"query-input\":{\"@type\":\"PropertyValueSpecification\",\"valueRequired\":true,\"valueName\":\"search_term_string\"}}],\"inLanguage\":\"en-GB\"},{\"@type\":\"Organization\",\"@id\":\"https:\/\/stagpartynight.com\/fr\/#organization\",\"name\":\"Stag Party Night\",\"url\":\"https:\/\/stagpartynight.com\/fr\/\",\"logo\":{\"@type\":\"ImageObject\",\"inLanguage\":\"en-GB\",\"@id\":\"https:\/\/stagpartynight.com\/fr\/#\/schema\/logo\/image\/\",\"url\":\"https:\/\/stagpartynight.com\/fr\/wp-content\/uploads\/sites\/3\/2019\/12\/stagpartynight-e1578565505687.png\",\"contentUrl\":\"https:\/\/stagpartynight.com\/fr\/wp-content\/uploads\/sites\/3\/2019\/12\/stagpartynight-e1578565505687.png\",\"width\":400,\"height\":400,\"caption\":\"Stag Party Night\"},\"image\":{\"@id\":\"https:\/\/stagpartynight.com\/fr\/#\/schema\/logo\/image\/\"}}]}<\/script>\n<!-- \/ Yoast SEO plugin. -->","yoast_head_json":{"title":"Striptease lesbien \u00e0 Valence","description":"Striptease lesbien \u00e0 Valence. Strip-teaseuses lesbiennes \u00e0 Valence . Surprenez le mari\u00e9 avec un spectacle lesbien unique et sp\u00e9cial","robots":{"index":"index","follow":"follow","max-snippet":"max-snippet:-1","max-image-preview":"max-image-preview:large","max-video-preview":"max-video-preview:-1"},"canonical":"https:\/\/stagpartynight.com\/fr\/product\/striptease-lesbien-a-valence\/","og_locale":"en_GB","og_type":"article","og_title":"Striptease lesbien \u00e0 Valence","og_description":"Striptease lesbien \u00e0 Valence. Strip-teaseuses lesbiennes \u00e0 Valence . Surprenez le mari\u00e9 avec un spectacle lesbien unique et sp\u00e9cial","og_url":"https:\/\/stagpartynight.com\/fr\/product\/striptease-lesbien-a-valence\/","og_site_name":"Nuit de f\u00eate de cerf","article_modified_time":"2024-01-23T12:41:39+00:00","og_image":[{"width":1024,"height":768,"url":"https:\/\/stagpartynight.com\/fr\/wp-content\/uploads\/sites\/3\/2024\/01\/Striptease-lesbien-a-Valence.jpg","type":"image\/jpeg"}],"twitter_card":"summary_large_image","twitter_misc":{"Estimated reading time":"2 minutes"},"schema":{"@context":"https:\/\/schema.org","@graph":[{"@type":"WebPage","@id":"https:\/\/stagpartynight.com\/fr\/product\/striptease-lesbien-a-valence\/","url":"https:\/\/stagpartynight.com\/fr\/product\/striptease-lesbien-a-valence\/","name":"Striptease lesbien \u00e0 Valence","isPartOf":{"@id":"https:\/\/stagpartynight.com\/fr\/#website"},"primaryImageOfPage":{"@id":"https:\/\/stagpartynight.com\/fr\/product\/striptease-lesbien-a-valence\/#primaryimage"},"image":{"@id":"https:\/\/stagpartynight.com\/fr\/product\/striptease-lesbien-a-valence\/#primaryimage"},"thumbnailUrl":"https:\/\/stagpartynight.com\/fr\/wp-content\/uploads\/sites\/3\/2024\/01\/Striptease-lesbien-a-Valence.jpg","datePublished":"2024-01-23T12:36:48+00:00","dateModified":"2024-01-23T12:41:39+00:00","description":"Striptease lesbien \u00e0 Valence. Strip-teaseuses lesbiennes \u00e0 Valence . Surprenez le mari\u00e9 avec un spectacle lesbien unique et sp\u00e9cial","breadcrumb":{"@id":"https:\/\/stagpartynight.com\/fr\/product\/striptease-lesbien-a-valence\/#breadcrumb"},"inLanguage":"en-GB","potentialAction":[{"@type":"ReadAction","target":["https:\/\/stagpartynight.com\/fr\/product\/striptease-lesbien-a-valence\/"]}]},{"@type":"ImageObject","inLanguage":"en-GB","@id":"https:\/\/stagpartynight.com\/fr\/product\/striptease-lesbien-a-valence\/#primaryimage","url":"https:\/\/stagpartynight.com\/fr\/wp-content\/uploads\/sites\/3\/2024\/01\/Striptease-lesbien-a-Valence.jpg","contentUrl":"https:\/\/stagpartynight.com\/fr\/wp-content\/uploads\/sites\/3\/2024\/01\/Striptease-lesbien-a-Valence.jpg","width":1024,"height":768,"caption":"Striptease lesbien \u00e0 Valence"},{"@type":"BreadcrumbList","@id":"https:\/\/stagpartynight.com\/fr\/product\/striptease-lesbien-a-valence\/#breadcrumb","itemListElement":[{"@type":"ListItem","position":1,"name":"Home","item":"https:\/\/stagpartynight.com\/fr\/"},{"@type":"ListItem","position":2,"name":"Tienda","item":"https:\/\/stagpartynight.com\/fr\/tienda\/"},{"@type":"ListItem","position":3,"name":"Striptease lesbien \u00e0 Valence"}]},{"@type":"WebSite","@id":"https:\/\/stagpartynight.com\/fr\/#website","url":"https:\/\/stagpartynight.com\/fr\/","name":"Stag Party Night","description":"Your Stag Party Customized","publisher":{"@id":"https:\/\/stagpartynight.com\/fr\/#organization"},"potentialAction":[{"@type":"SearchAction","target":{"@type":"EntryPoint","urlTemplate":"https:\/\/stagpartynight.com\/fr\/?s={search_term_string}"},"query-input":{"@type":"PropertyValueSpecification","valueRequired":true,"valueName":"search_term_string"}}],"inLanguage":"en-GB"},{"@type":"Organization","@id":"https:\/\/stagpartynight.com\/fr\/#organization","name":"Stag Party Night","url":"https:\/\/stagpartynight.com\/fr\/","logo":{"@type":"ImageObject","inLanguage":"en-GB","@id":"https:\/\/stagpartynight.com\/fr\/#\/schema\/logo\/image\/","url":"https:\/\/stagpartynight.com\/fr\/wp-content\/uploads\/sites\/3\/2019\/12\/stagpartynight-e1578565505687.png","contentUrl":"https:\/\/stagpartynight.com\/fr\/wp-content\/uploads\/sites\/3\/2019\/12\/stagpartynight-e1578565505687.png","width":400,"height":400,"caption":"Stag Party Night"},"image":{"@id":"https:\/\/stagpartynight.com\/fr\/#\/schema\/logo\/image\/"}}]}},"_links":{"self":[{"href":"https:\/\/stagpartynight.com\/fr\/wp-json\/wp\/v2\/product\/2979","targetHints":{"allow":["GET"]}}],"collection":[{"href":"https:\/\/stagpartynight.com\/fr\/wp-json\/wp\/v2\/product"}],"about":[{"href":"https:\/\/stagpartynight.com\/fr\/wp-json\/wp\/v2\/types\/product"}],"replies":[{"embeddable":true,"href":"https:\/\/stagpartynight.com\/fr\/wp-json\/wp\/v2\/comments?post=2979"}],"wp:featuredmedia":[{"embeddable":true,"href":"https:\/\/stagpartynight.com\/fr\/wp-json\/wp\/v2\/media\/2980"}],"wp:attachment":[{"href":"https:\/\/stagpartynight.com\/fr\/wp-json\/wp\/v2\/media?parent=2979"}],"wp:term":[{"taxonomy":"product_brand","embeddable":true,"href":"https:\/\/stagpartynight.com\/fr\/wp-json\/wp\/v2\/product_brand?post=2979"},{"taxonomy":"product_cat","embeddable":true,"href":"https:\/\/stagpartynight.com\/fr\/wp-json\/wp\/v2\/product_cat?post=2979"},{"taxonomy":"product_tag","embeddable":true,"href":"https:\/\/stagpartynight.com\/fr\/wp-json\/wp\/v2\/product_tag?post=2979"}],"curies":[{"name":"wp","href":"https:\/\/api.w.org\/{rel}","templated":true}]}}