{"id":298,"date":"2020-01-08T15:25:51","date_gmt":"2020-01-08T14:25:51","guid":{"rendered":"https:\/\/stagpartynight.com\/fr\/?post_type=product&#038;p=298"},"modified":"2021-01-29T14:49:47","modified_gmt":"2021-01-29T13:49:47","slug":"beer-tour-lisbon","status":"publish","type":"product","link":"https:\/\/stagpartynight.com\/fr\/product\/beer-tour-lisbon\/","title":{"rendered":"Tour de la bi\u00e8re \u00e0 Lisbonne"},"content":{"rendered":"<p>Visite guid\u00e9e de 3 heures, o\u00f9 vous apprendrez tous les secrets de la bi\u00e8re traditionnelle et artisanale de Lisbonne. Apprenez et go\u00fbtez sa saveur, son odeur et sa forme.<\/p>\n","protected":false},"excerpt":{"rendered":"<p style=\"font-weight: 400;\">Visite guid\u00e9e de 3 heures, o\u00f9 vous apprendrez tous les secrets de la bi\u00e8re traditionnelle et artisanale de Lisbonne. Apprenez et go\u00fbtez sa saveur, son odeur et sa forme.<\/p>\n","protected":false},"featured_media":544,"comment_status":"open","ping_status":"closed","template":"","meta":{"_et_pb_use_builder":"","_et_pb_old_content":"","_et_gb_content_width":""},"product_brand":[],"product_cat":[148],"product_tag":[284,285],"class_list":{"0":"post-298","1":"product","2":"type-product","3":"status-publish","4":"has-post-thumbnail","6":"product_cat-lisboa","7":"product_tag-tour-de-la-biere-a-lisbonne","8":"product_tag-tournee-de-la-biere-a-lisbonne","10":"first","11":"instock","12":"virtual","13":"product-type-simple"},"yoast_head":"<!-- This site is optimized with the Yoast SEO plugin v26.4 - https:\/\/yoast.com\/wordpress\/plugins\/seo\/ -->\n<title>Tour de la bi\u00e8re \u00e0 Lisbonne - Tourn\u00e9e de la bi\u00e8re \u00e0 Lisbonne<\/title>\n<meta name=\"description\" content=\"Tour de la bi\u00e8re \u00e0 Lisbonne - Visite guid\u00e9e de 3 heures, o\u00f9 vous apprendrez tous les secrets de la bi\u00e8re traditionnelle et artisanale de Lisbonne. Apprenez et go\u00fbtez sa saveur, son odeur et sa forme.\" \/>\n<meta name=\"robots\" content=\"index, follow, max-snippet:-1, max-image-preview:large, max-video-preview:-1\" \/>\n<link rel=\"canonical\" href=\"https:\/\/stagpartynight.com\/fr\/product\/beer-tour-lisbon\/\" \/>\n<meta property=\"og:locale\" content=\"en_GB\" \/>\n<meta property=\"og:type\" content=\"article\" \/>\n<meta property=\"og:title\" content=\"Tour de la bi\u00e8re \u00e0 Lisbonne - Tourn\u00e9e de la bi\u00e8re \u00e0 Lisbonne\" \/>\n<meta property=\"og:description\" content=\"Tour de la bi\u00e8re \u00e0 Lisbonne - Visite guid\u00e9e de 3 heures, o\u00f9 vous apprendrez tous les secrets de la bi\u00e8re traditionnelle et artisanale de Lisbonne. Apprenez et go\u00fbtez sa saveur, son odeur et sa forme.\" \/>\n<meta property=\"og:url\" content=\"https:\/\/stagpartynight.com\/fr\/product\/beer-tour-lisbon\/\" \/>\n<meta property=\"og:site_name\" content=\"Nuit de f\u00eate de cerf\" \/>\n<meta property=\"article:modified_time\" content=\"2021-01-29T13:49:47+00:00\" \/>\n<meta property=\"og:image\" content=\"https:\/\/stagpartynight.com\/fr\/wp-content\/uploads\/sites\/3\/2020\/04\/Beers.jpg\" \/>\n\t<meta property=\"og:image:width\" content=\"800\" \/>\n\t<meta property=\"og:image:height\" content=\"533\" \/>\n\t<meta property=\"og:image:type\" content=\"image\/jpeg\" \/>\n<meta name=\"twitter:card\" content=\"summary_large_image\" \/>\n<script type=\"application\/ld+json\" class=\"yoast-schema-graph\">{\"@context\":\"https:\/\/schema.org\",\"@graph\":[{\"@type\":\"WebPage\",\"@id\":\"https:\/\/stagpartynight.com\/fr\/product\/beer-tour-lisbon\/\",\"url\":\"https:\/\/stagpartynight.com\/fr\/product\/beer-tour-lisbon\/\",\"name\":\"Tour de la bi\u00e8re \u00e0 Lisbonne - Tourn\u00e9e de la bi\u00e8re \u00e0 Lisbonne\",\"isPartOf\":{\"@id\":\"https:\/\/stagpartynight.com\/fr\/#website\"},\"primaryImageOfPage\":{\"@id\":\"https:\/\/stagpartynight.com\/fr\/product\/beer-tour-lisbon\/#primaryimage\"},\"image\":{\"@id\":\"https:\/\/stagpartynight.com\/fr\/product\/beer-tour-lisbon\/#primaryimage\"},\"thumbnailUrl\":\"https:\/\/stagpartynight.com\/fr\/wp-content\/uploads\/sites\/3\/2020\/04\/Beers.jpg\",\"datePublished\":\"2020-01-08T14:25:51+00:00\",\"dateModified\":\"2021-01-29T13:49:47+00:00\",\"description\":\"Tour de la bi\u00e8re \u00e0 Lisbonne - Visite guid\u00e9e de 3 heures, o\u00f9 vous apprendrez tous les secrets de la bi\u00e8re traditionnelle et artisanale de Lisbonne. Apprenez et go\u00fbtez sa saveur, son odeur et sa forme.\",\"breadcrumb\":{\"@id\":\"https:\/\/stagpartynight.com\/fr\/product\/beer-tour-lisbon\/#breadcrumb\"},\"inLanguage\":\"en-GB\",\"potentialAction\":[{\"@type\":\"ReadAction\",\"target\":[\"https:\/\/stagpartynight.com\/fr\/product\/beer-tour-lisbon\/\"]}]},{\"@type\":\"ImageObject\",\"inLanguage\":\"en-GB\",\"@id\":\"https:\/\/stagpartynight.com\/fr\/product\/beer-tour-lisbon\/#primaryimage\",\"url\":\"https:\/\/stagpartynight.com\/fr\/wp-content\/uploads\/sites\/3\/2020\/04\/Beers.jpg\",\"contentUrl\":\"https:\/\/stagpartynight.com\/fr\/wp-content\/uploads\/sites\/3\/2020\/04\/Beers.jpg\",\"width\":800,\"height\":533},{\"@type\":\"BreadcrumbList\",\"@id\":\"https:\/\/stagpartynight.com\/fr\/product\/beer-tour-lisbon\/#breadcrumb\",\"itemListElement\":[{\"@type\":\"ListItem\",\"position\":1,\"name\":\"Home\",\"item\":\"https:\/\/stagpartynight.com\/fr\/\"},{\"@type\":\"ListItem\",\"position\":2,\"name\":\"Tienda\",\"item\":\"https:\/\/stagpartynight.com\/fr\/tienda\/\"},{\"@type\":\"ListItem\",\"position\":3,\"name\":\"Tour de la bi\u00e8re \u00e0 Lisbonne\"}]},{\"@type\":\"WebSite\",\"@id\":\"https:\/\/stagpartynight.com\/fr\/#website\",\"url\":\"https:\/\/stagpartynight.com\/fr\/\",\"name\":\"Stag Party Night\",\"description\":\"Your Stag Party Customized\",\"publisher\":{\"@id\":\"https:\/\/stagpartynight.com\/fr\/#organization\"},\"potentialAction\":[{\"@type\":\"SearchAction\",\"target\":{\"@type\":\"EntryPoint\",\"urlTemplate\":\"https:\/\/stagpartynight.com\/fr\/?s={search_term_string}\"},\"query-input\":{\"@type\":\"PropertyValueSpecification\",\"valueRequired\":true,\"valueName\":\"search_term_string\"}}],\"inLanguage\":\"en-GB\"},{\"@type\":\"Organization\",\"@id\":\"https:\/\/stagpartynight.com\/fr\/#organization\",\"name\":\"Stag Party Night\",\"url\":\"https:\/\/stagpartynight.com\/fr\/\",\"logo\":{\"@type\":\"ImageObject\",\"inLanguage\":\"en-GB\",\"@id\":\"https:\/\/stagpartynight.com\/fr\/#\/schema\/logo\/image\/\",\"url\":\"https:\/\/stagpartynight.com\/fr\/wp-content\/uploads\/sites\/3\/2019\/12\/stagpartynight-e1578565505687.png\",\"contentUrl\":\"https:\/\/stagpartynight.com\/fr\/wp-content\/uploads\/sites\/3\/2019\/12\/stagpartynight-e1578565505687.png\",\"width\":400,\"height\":400,\"caption\":\"Stag Party Night\"},\"image\":{\"@id\":\"https:\/\/stagpartynight.com\/fr\/#\/schema\/logo\/image\/\"}}]}<\/script>\n<!-- \/ Yoast SEO plugin. -->","yoast_head_json":{"title":"Tour de la bi\u00e8re \u00e0 Lisbonne - Tourn\u00e9e de la bi\u00e8re \u00e0 Lisbonne","description":"Tour de la bi\u00e8re \u00e0 Lisbonne - Visite guid\u00e9e de 3 heures, o\u00f9 vous apprendrez tous les secrets de la bi\u00e8re traditionnelle et artisanale de Lisbonne. Apprenez et go\u00fbtez sa saveur, son odeur et sa forme.","robots":{"index":"index","follow":"follow","max-snippet":"max-snippet:-1","max-image-preview":"max-image-preview:large","max-video-preview":"max-video-preview:-1"},"canonical":"https:\/\/stagpartynight.com\/fr\/product\/beer-tour-lisbon\/","og_locale":"en_GB","og_type":"article","og_title":"Tour de la bi\u00e8re \u00e0 Lisbonne - Tourn\u00e9e de la bi\u00e8re \u00e0 Lisbonne","og_description":"Tour de la bi\u00e8re \u00e0 Lisbonne - Visite guid\u00e9e de 3 heures, o\u00f9 vous apprendrez tous les secrets de la bi\u00e8re traditionnelle et artisanale de Lisbonne. Apprenez et go\u00fbtez sa saveur, son odeur et sa forme.","og_url":"https:\/\/stagpartynight.com\/fr\/product\/beer-tour-lisbon\/","og_site_name":"Nuit de f\u00eate de cerf","article_modified_time":"2021-01-29T13:49:47+00:00","og_image":[{"width":800,"height":533,"url":"https:\/\/stagpartynight.com\/fr\/wp-content\/uploads\/sites\/3\/2020\/04\/Beers.jpg","type":"image\/jpeg"}],"twitter_card":"summary_large_image","schema":{"@context":"https:\/\/schema.org","@graph":[{"@type":"WebPage","@id":"https:\/\/stagpartynight.com\/fr\/product\/beer-tour-lisbon\/","url":"https:\/\/stagpartynight.com\/fr\/product\/beer-tour-lisbon\/","name":"Tour de la bi\u00e8re \u00e0 Lisbonne - Tourn\u00e9e de la bi\u00e8re \u00e0 Lisbonne","isPartOf":{"@id":"https:\/\/stagpartynight.com\/fr\/#website"},"primaryImageOfPage":{"@id":"https:\/\/stagpartynight.com\/fr\/product\/beer-tour-lisbon\/#primaryimage"},"image":{"@id":"https:\/\/stagpartynight.com\/fr\/product\/beer-tour-lisbon\/#primaryimage"},"thumbnailUrl":"https:\/\/stagpartynight.com\/fr\/wp-content\/uploads\/sites\/3\/2020\/04\/Beers.jpg","datePublished":"2020-01-08T14:25:51+00:00","dateModified":"2021-01-29T13:49:47+00:00","description":"Tour de la bi\u00e8re \u00e0 Lisbonne - Visite guid\u00e9e de 3 heures, o\u00f9 vous apprendrez tous les secrets de la bi\u00e8re traditionnelle et artisanale de Lisbonne. Apprenez et go\u00fbtez sa saveur, son odeur et sa forme.","breadcrumb":{"@id":"https:\/\/stagpartynight.com\/fr\/product\/beer-tour-lisbon\/#breadcrumb"},"inLanguage":"en-GB","potentialAction":[{"@type":"ReadAction","target":["https:\/\/stagpartynight.com\/fr\/product\/beer-tour-lisbon\/"]}]},{"@type":"ImageObject","inLanguage":"en-GB","@id":"https:\/\/stagpartynight.com\/fr\/product\/beer-tour-lisbon\/#primaryimage","url":"https:\/\/stagpartynight.com\/fr\/wp-content\/uploads\/sites\/3\/2020\/04\/Beers.jpg","contentUrl":"https:\/\/stagpartynight.com\/fr\/wp-content\/uploads\/sites\/3\/2020\/04\/Beers.jpg","width":800,"height":533},{"@type":"BreadcrumbList","@id":"https:\/\/stagpartynight.com\/fr\/product\/beer-tour-lisbon\/#breadcrumb","itemListElement":[{"@type":"ListItem","position":1,"name":"Home","item":"https:\/\/stagpartynight.com\/fr\/"},{"@type":"ListItem","position":2,"name":"Tienda","item":"https:\/\/stagpartynight.com\/fr\/tienda\/"},{"@type":"ListItem","position":3,"name":"Tour de la bi\u00e8re \u00e0 Lisbonne"}]},{"@type":"WebSite","@id":"https:\/\/stagpartynight.com\/fr\/#website","url":"https:\/\/stagpartynight.com\/fr\/","name":"Stag Party Night","description":"Your Stag Party Customized","publisher":{"@id":"https:\/\/stagpartynight.com\/fr\/#organization"},"potentialAction":[{"@type":"SearchAction","target":{"@type":"EntryPoint","urlTemplate":"https:\/\/stagpartynight.com\/fr\/?s={search_term_string}"},"query-input":{"@type":"PropertyValueSpecification","valueRequired":true,"valueName":"search_term_string"}}],"inLanguage":"en-GB"},{"@type":"Organization","@id":"https:\/\/stagpartynight.com\/fr\/#organization","name":"Stag Party Night","url":"https:\/\/stagpartynight.com\/fr\/","logo":{"@type":"ImageObject","inLanguage":"en-GB","@id":"https:\/\/stagpartynight.com\/fr\/#\/schema\/logo\/image\/","url":"https:\/\/stagpartynight.com\/fr\/wp-content\/uploads\/sites\/3\/2019\/12\/stagpartynight-e1578565505687.png","contentUrl":"https:\/\/stagpartynight.com\/fr\/wp-content\/uploads\/sites\/3\/2019\/12\/stagpartynight-e1578565505687.png","width":400,"height":400,"caption":"Stag Party Night"},"image":{"@id":"https:\/\/stagpartynight.com\/fr\/#\/schema\/logo\/image\/"}}]}},"_links":{"self":[{"href":"https:\/\/stagpartynight.com\/fr\/wp-json\/wp\/v2\/product\/298","targetHints":{"allow":["GET"]}}],"collection":[{"href":"https:\/\/stagpartynight.com\/fr\/wp-json\/wp\/v2\/product"}],"about":[{"href":"https:\/\/stagpartynight.com\/fr\/wp-json\/wp\/v2\/types\/product"}],"replies":[{"embeddable":true,"href":"https:\/\/stagpartynight.com\/fr\/wp-json\/wp\/v2\/comments?post=298"}],"wp:featuredmedia":[{"embeddable":true,"href":"https:\/\/stagpartynight.com\/fr\/wp-json\/wp\/v2\/media\/544"}],"wp:attachment":[{"href":"https:\/\/stagpartynight.com\/fr\/wp-json\/wp\/v2\/media?parent=298"}],"wp:term":[{"taxonomy":"product_brand","embeddable":true,"href":"https:\/\/stagpartynight.com\/fr\/wp-json\/wp\/v2\/product_brand?post=298"},{"taxonomy":"product_cat","embeddable":true,"href":"https:\/\/stagpartynight.com\/fr\/wp-json\/wp\/v2\/product_cat?post=298"},{"taxonomy":"product_tag","embeddable":true,"href":"https:\/\/stagpartynight.com\/fr\/wp-json\/wp\/v2\/product_tag?post=298"}],"curies":[{"name":"wp","href":"https:\/\/api.w.org\/{rel}","templated":true}]}}