{"id":2984,"date":"2024-01-24T10:16:15","date_gmt":"2024-01-24T09:16:15","guid":{"rendered":"https:\/\/stagpartynight.com\/fr\/?post_type=product&#038;p=2984"},"modified":"2024-01-24T10:20:00","modified_gmt":"2024-01-24T09:20:00","slug":"combat-sexy-a-valence","status":"publish","type":"product","link":"https:\/\/stagpartynight.com\/fr\/product\/combat-sexy-a-valence\/","title":{"rendered":"Combat sexy \u00e0 Valence"},"content":{"rendered":"<p>Combat sexy \u00e0 Valence. Une bagarre dans une piscine pleine de chocolat entre deux strip-teaseuses en bikini et le fianc\u00e9. A la fin, les filles se retrouvent dans le top less. Animation amusante et collaborative.<\/p>\n<p>Les meilleurs enterrements de vie de gar\u00e7on\u00a0 avec <a href=\"https:\/\/stagpartynight.com\/\">StagParty<\/a>!<\/p>\n<h2 style=\"text-align: center;\">Combat sexy \u00e0 Valence\ud83d\udd25<\/h2>\n<p>Imaginez vivre le r\u00eave de tous les hommes. Deux femmes belles et audacieuses s&#8217;affrontent dans un combat sans merci. La boue les recouvre, les rendant encore plus sexy et provocantes. Un combat entre deux filles explosives en bikini dans une piscine d&#8217;eau et de chocolat. Le mari\u00e9, notre protagoniste de l&#8217;enterrement de vie de gar\u00e7on, sera \u00e0 l&#8217;int\u00e9rieur de la piscine. Bien que le combat commence avec les deux filles en bikini, il se terminera sans le haut.<\/p>\n<p>Nous savons tous que dans un combat, il y a beaucoup d&#8217;attouchements, beaucoup de frottements&#8230;. Quoi de mieux que de voir ces superbes filles se frotter l&#8217;une contre l&#8217;autre ?<br \/>\nR\u00e9servez avec votre groupe et ne manquez pas cette exp\u00e9rience \u00e9rotique et divertissante.<\/p>\n<p>Le combat est intense et passionn\u00e9. Les deux femmes se battent de toutes leurs forces, cr\u00e9ant un spectacle spectaculaire et plein d&#8217;adr\u00e9naline,<\/p>\n<p>La lutte dans la boue est un spectacle unique et sauvage. Pensez-y avant de partir, vous en aurez le souffle coup\u00e9.<\/p>\n<p>Pouvez-vous imaginer une meilleure fa\u00e7on de c\u00e9l\u00e9brer votre enterrement de vie de gar\u00e7on que cette rencontre sexy a Valence?<\/p>\n<p style=\"text-align: center;\">\ud83d\udd25R\u00e9servez d\u00e8s maintenant votre combat sexy \u00e0 Valence\ud83d\udd25<\/p>\n<p>&nbsp;<\/p>\n","protected":false},"excerpt":{"rendered":"<p>Combat sexy \u00e0 Valence. Une bagarre dans une piscine pleine de chocolat entre deux strip-teaseuses en bikini et le fianc\u00e9. A la fin, les filles se retrouvent dans le top less. Animation amusante et collaborative.<\/p>\n","protected":false},"featured_media":2985,"comment_status":"open","ping_status":"closed","template":"","meta":{"_et_pb_use_builder":"","_et_pb_old_content":"","_et_gb_content_width":""},"product_brand":[],"product_cat":[531],"product_tag":[545],"class_list":{"0":"post-2984","1":"product","2":"type-product","3":"status-publish","4":"has-post-thumbnail","6":"product_cat-valencia","7":"product_tag-combat-sexy-a-valence","9":"first","10":"instock","11":"virtual","12":"product-type-simple"},"yoast_head":"<!-- This site is optimized with the Yoast SEO plugin v26.4 - https:\/\/yoast.com\/wordpress\/plugins\/seo\/ -->\n<title>Combat sexy \u00e0 Valence<\/title>\n<meta name=\"description\" content=\"Combat sexy \u00e0 Valence. Une bagarre dans une piscine pleine de chocolat entre deux strip-teaseuses en bikini et le fianc\u00e9. Wrestling in the mud.\" \/>\n<meta name=\"robots\" content=\"index, follow, max-snippet:-1, max-image-preview:large, max-video-preview:-1\" \/>\n<link rel=\"canonical\" href=\"https:\/\/stagpartynight.com\/fr\/product\/combat-sexy-a-valence\/\" \/>\n<meta property=\"og:locale\" content=\"en_GB\" \/>\n<meta property=\"og:type\" content=\"article\" \/>\n<meta property=\"og:title\" content=\"Combat sexy \u00e0 Valence\" \/>\n<meta property=\"og:description\" content=\"Combat sexy \u00e0 Valence. Une bagarre dans une piscine pleine de chocolat entre deux strip-teaseuses en bikini et le fianc\u00e9. Wrestling in the mud.\" \/>\n<meta property=\"og:url\" content=\"https:\/\/stagpartynight.com\/fr\/product\/combat-sexy-a-valence\/\" \/>\n<meta property=\"og:site_name\" content=\"Nuit de f\u00eate de cerf\" \/>\n<meta property=\"article:modified_time\" content=\"2024-01-24T09:20:00+00:00\" \/>\n<meta property=\"og:image\" content=\"https:\/\/stagpartynight.com\/fr\/wp-content\/uploads\/sites\/3\/2024\/01\/Combat-sexy-a-Valence.jpg\" \/>\n\t<meta property=\"og:image:width\" content=\"700\" \/>\n\t<meta property=\"og:image:height\" content=\"466\" \/>\n\t<meta property=\"og:image:type\" content=\"image\/jpeg\" \/>\n<meta name=\"twitter:card\" content=\"summary_large_image\" \/>\n<meta name=\"twitter:label1\" content=\"Estimated reading time\" \/>\n\t<meta name=\"twitter:data1\" content=\"2 minutes\" \/>\n<script type=\"application\/ld+json\" class=\"yoast-schema-graph\">{\"@context\":\"https:\/\/schema.org\",\"@graph\":[{\"@type\":\"WebPage\",\"@id\":\"https:\/\/stagpartynight.com\/fr\/product\/combat-sexy-a-valence\/\",\"url\":\"https:\/\/stagpartynight.com\/fr\/product\/combat-sexy-a-valence\/\",\"name\":\"Combat sexy \u00e0 Valence\",\"isPartOf\":{\"@id\":\"https:\/\/stagpartynight.com\/fr\/#website\"},\"primaryImageOfPage\":{\"@id\":\"https:\/\/stagpartynight.com\/fr\/product\/combat-sexy-a-valence\/#primaryimage\"},\"image\":{\"@id\":\"https:\/\/stagpartynight.com\/fr\/product\/combat-sexy-a-valence\/#primaryimage\"},\"thumbnailUrl\":\"https:\/\/stagpartynight.com\/fr\/wp-content\/uploads\/sites\/3\/2024\/01\/Combat-sexy-a-Valence.jpg\",\"datePublished\":\"2024-01-24T09:16:15+00:00\",\"dateModified\":\"2024-01-24T09:20:00+00:00\",\"description\":\"Combat sexy \u00e0 Valence. Une bagarre dans une piscine pleine de chocolat entre deux strip-teaseuses en bikini et le fianc\u00e9. Wrestling in the mud.\",\"breadcrumb\":{\"@id\":\"https:\/\/stagpartynight.com\/fr\/product\/combat-sexy-a-valence\/#breadcrumb\"},\"inLanguage\":\"en-GB\",\"potentialAction\":[{\"@type\":\"ReadAction\",\"target\":[\"https:\/\/stagpartynight.com\/fr\/product\/combat-sexy-a-valence\/\"]}]},{\"@type\":\"ImageObject\",\"inLanguage\":\"en-GB\",\"@id\":\"https:\/\/stagpartynight.com\/fr\/product\/combat-sexy-a-valence\/#primaryimage\",\"url\":\"https:\/\/stagpartynight.com\/fr\/wp-content\/uploads\/sites\/3\/2024\/01\/Combat-sexy-a-Valence.jpg\",\"contentUrl\":\"https:\/\/stagpartynight.com\/fr\/wp-content\/uploads\/sites\/3\/2024\/01\/Combat-sexy-a-Valence.jpg\",\"width\":700,\"height\":466,\"caption\":\"Combat sexy \u00e0 Valence\"},{\"@type\":\"BreadcrumbList\",\"@id\":\"https:\/\/stagpartynight.com\/fr\/product\/combat-sexy-a-valence\/#breadcrumb\",\"itemListElement\":[{\"@type\":\"ListItem\",\"position\":1,\"name\":\"Home\",\"item\":\"https:\/\/stagpartynight.com\/fr\/\"},{\"@type\":\"ListItem\",\"position\":2,\"name\":\"Tienda\",\"item\":\"https:\/\/stagpartynight.com\/fr\/tienda\/\"},{\"@type\":\"ListItem\",\"position\":3,\"name\":\"Combat sexy \u00e0 Valence\"}]},{\"@type\":\"WebSite\",\"@id\":\"https:\/\/stagpartynight.com\/fr\/#website\",\"url\":\"https:\/\/stagpartynight.com\/fr\/\",\"name\":\"Stag Party Night\",\"description\":\"Your Stag Party Customized\",\"publisher\":{\"@id\":\"https:\/\/stagpartynight.com\/fr\/#organization\"},\"potentialAction\":[{\"@type\":\"SearchAction\",\"target\":{\"@type\":\"EntryPoint\",\"urlTemplate\":\"https:\/\/stagpartynight.com\/fr\/?s={search_term_string}\"},\"query-input\":{\"@type\":\"PropertyValueSpecification\",\"valueRequired\":true,\"valueName\":\"search_term_string\"}}],\"inLanguage\":\"en-GB\"},{\"@type\":\"Organization\",\"@id\":\"https:\/\/stagpartynight.com\/fr\/#organization\",\"name\":\"Stag Party Night\",\"url\":\"https:\/\/stagpartynight.com\/fr\/\",\"logo\":{\"@type\":\"ImageObject\",\"inLanguage\":\"en-GB\",\"@id\":\"https:\/\/stagpartynight.com\/fr\/#\/schema\/logo\/image\/\",\"url\":\"https:\/\/stagpartynight.com\/fr\/wp-content\/uploads\/sites\/3\/2019\/12\/stagpartynight-e1578565505687.png\",\"contentUrl\":\"https:\/\/stagpartynight.com\/fr\/wp-content\/uploads\/sites\/3\/2019\/12\/stagpartynight-e1578565505687.png\",\"width\":400,\"height\":400,\"caption\":\"Stag Party Night\"},\"image\":{\"@id\":\"https:\/\/stagpartynight.com\/fr\/#\/schema\/logo\/image\/\"}}]}<\/script>\n<!-- \/ Yoast SEO plugin. -->","yoast_head_json":{"title":"Combat sexy \u00e0 Valence","description":"Combat sexy \u00e0 Valence. Une bagarre dans une piscine pleine de chocolat entre deux strip-teaseuses en bikini et le fianc\u00e9. Wrestling in the mud.","robots":{"index":"index","follow":"follow","max-snippet":"max-snippet:-1","max-image-preview":"max-image-preview:large","max-video-preview":"max-video-preview:-1"},"canonical":"https:\/\/stagpartynight.com\/fr\/product\/combat-sexy-a-valence\/","og_locale":"en_GB","og_type":"article","og_title":"Combat sexy \u00e0 Valence","og_description":"Combat sexy \u00e0 Valence. Une bagarre dans une piscine pleine de chocolat entre deux strip-teaseuses en bikini et le fianc\u00e9. Wrestling in the mud.","og_url":"https:\/\/stagpartynight.com\/fr\/product\/combat-sexy-a-valence\/","og_site_name":"Nuit de f\u00eate de cerf","article_modified_time":"2024-01-24T09:20:00+00:00","og_image":[{"width":700,"height":466,"url":"https:\/\/stagpartynight.com\/fr\/wp-content\/uploads\/sites\/3\/2024\/01\/Combat-sexy-a-Valence.jpg","type":"image\/jpeg"}],"twitter_card":"summary_large_image","twitter_misc":{"Estimated reading time":"2 minutes"},"schema":{"@context":"https:\/\/schema.org","@graph":[{"@type":"WebPage","@id":"https:\/\/stagpartynight.com\/fr\/product\/combat-sexy-a-valence\/","url":"https:\/\/stagpartynight.com\/fr\/product\/combat-sexy-a-valence\/","name":"Combat sexy \u00e0 Valence","isPartOf":{"@id":"https:\/\/stagpartynight.com\/fr\/#website"},"primaryImageOfPage":{"@id":"https:\/\/stagpartynight.com\/fr\/product\/combat-sexy-a-valence\/#primaryimage"},"image":{"@id":"https:\/\/stagpartynight.com\/fr\/product\/combat-sexy-a-valence\/#primaryimage"},"thumbnailUrl":"https:\/\/stagpartynight.com\/fr\/wp-content\/uploads\/sites\/3\/2024\/01\/Combat-sexy-a-Valence.jpg","datePublished":"2024-01-24T09:16:15+00:00","dateModified":"2024-01-24T09:20:00+00:00","description":"Combat sexy \u00e0 Valence. Une bagarre dans une piscine pleine de chocolat entre deux strip-teaseuses en bikini et le fianc\u00e9. Wrestling in the mud.","breadcrumb":{"@id":"https:\/\/stagpartynight.com\/fr\/product\/combat-sexy-a-valence\/#breadcrumb"},"inLanguage":"en-GB","potentialAction":[{"@type":"ReadAction","target":["https:\/\/stagpartynight.com\/fr\/product\/combat-sexy-a-valence\/"]}]},{"@type":"ImageObject","inLanguage":"en-GB","@id":"https:\/\/stagpartynight.com\/fr\/product\/combat-sexy-a-valence\/#primaryimage","url":"https:\/\/stagpartynight.com\/fr\/wp-content\/uploads\/sites\/3\/2024\/01\/Combat-sexy-a-Valence.jpg","contentUrl":"https:\/\/stagpartynight.com\/fr\/wp-content\/uploads\/sites\/3\/2024\/01\/Combat-sexy-a-Valence.jpg","width":700,"height":466,"caption":"Combat sexy \u00e0 Valence"},{"@type":"BreadcrumbList","@id":"https:\/\/stagpartynight.com\/fr\/product\/combat-sexy-a-valence\/#breadcrumb","itemListElement":[{"@type":"ListItem","position":1,"name":"Home","item":"https:\/\/stagpartynight.com\/fr\/"},{"@type":"ListItem","position":2,"name":"Tienda","item":"https:\/\/stagpartynight.com\/fr\/tienda\/"},{"@type":"ListItem","position":3,"name":"Combat sexy \u00e0 Valence"}]},{"@type":"WebSite","@id":"https:\/\/stagpartynight.com\/fr\/#website","url":"https:\/\/stagpartynight.com\/fr\/","name":"Stag Party Night","description":"Your Stag Party Customized","publisher":{"@id":"https:\/\/stagpartynight.com\/fr\/#organization"},"potentialAction":[{"@type":"SearchAction","target":{"@type":"EntryPoint","urlTemplate":"https:\/\/stagpartynight.com\/fr\/?s={search_term_string}"},"query-input":{"@type":"PropertyValueSpecification","valueRequired":true,"valueName":"search_term_string"}}],"inLanguage":"en-GB"},{"@type":"Organization","@id":"https:\/\/stagpartynight.com\/fr\/#organization","name":"Stag Party Night","url":"https:\/\/stagpartynight.com\/fr\/","logo":{"@type":"ImageObject","inLanguage":"en-GB","@id":"https:\/\/stagpartynight.com\/fr\/#\/schema\/logo\/image\/","url":"https:\/\/stagpartynight.com\/fr\/wp-content\/uploads\/sites\/3\/2019\/12\/stagpartynight-e1578565505687.png","contentUrl":"https:\/\/stagpartynight.com\/fr\/wp-content\/uploads\/sites\/3\/2019\/12\/stagpartynight-e1578565505687.png","width":400,"height":400,"caption":"Stag Party Night"},"image":{"@id":"https:\/\/stagpartynight.com\/fr\/#\/schema\/logo\/image\/"}}]}},"_links":{"self":[{"href":"https:\/\/stagpartynight.com\/fr\/wp-json\/wp\/v2\/product\/2984","targetHints":{"allow":["GET"]}}],"collection":[{"href":"https:\/\/stagpartynight.com\/fr\/wp-json\/wp\/v2\/product"}],"about":[{"href":"https:\/\/stagpartynight.com\/fr\/wp-json\/wp\/v2\/types\/product"}],"replies":[{"embeddable":true,"href":"https:\/\/stagpartynight.com\/fr\/wp-json\/wp\/v2\/comments?post=2984"}],"wp:featuredmedia":[{"embeddable":true,"href":"https:\/\/stagpartynight.com\/fr\/wp-json\/wp\/v2\/media\/2985"}],"wp:attachment":[{"href":"https:\/\/stagpartynight.com\/fr\/wp-json\/wp\/v2\/media?parent=2984"}],"wp:term":[{"taxonomy":"product_brand","embeddable":true,"href":"https:\/\/stagpartynight.com\/fr\/wp-json\/wp\/v2\/product_brand?post=2984"},{"taxonomy":"product_cat","embeddable":true,"href":"https:\/\/stagpartynight.com\/fr\/wp-json\/wp\/v2\/product_cat?post=2984"},{"taxonomy":"product_tag","embeddable":true,"href":"https:\/\/stagpartynight.com\/fr\/wp-json\/wp\/v2\/product_tag?post=2984"}],"curies":[{"name":"wp","href":"https:\/\/api.w.org\/{rel}","templated":true}]}}