{"id":2998,"date":"2024-01-29T13:42:15","date_gmt":"2024-01-29T12:42:15","guid":{"rendered":"https:\/\/stagpartynight.com\/fr\/?post_type=product&#038;p=2998"},"modified":"2024-01-29T13:42:16","modified_gmt":"2024-01-29T12:42:16","slug":"karting-valence","status":"publish","type":"product","link":"https:\/\/stagpartynight.com\/fr\/product\/karting-valence\/","title":{"rendered":"Karting Valence"},"content":{"rendered":"<p>Karting Valence. Osez le karting ! Tours d&#8217;essai, qualifications, course finale, m\u00e9dailles, podium&#8230; Osez.<\/p>\n<p>Les meilleurs enterrements de vie de gar\u00e7on avec <a href=\"https:\/\/stagpartynight.com\/\">Stagparty<\/a> !<\/p>\n<h2 style=\"text-align: center;\">Karting Valence<\/h2>\n<h4><strong>Vivez l&#8217;Excitation du Karting \u00e0 Valence! \ud83c\udfce\ufe0f\ud83d\udd25<\/strong><\/h4>\n<p>D\u00e9couvrez la vitesse et l&#8217;\u00e9motion sur nos pistes de karting de classe mondiale \u00e0 Valence. Trois options palpitantes pour satisfaire votre soif de vitesse et de comp\u00e9tition !<\/p>\n<p><strong>Option 1: Course d&#8217;Essai \u00c9pique<\/strong> \ud83c\udfc1 Vivez l&#8217;adr\u00e9naline avec une course d&#8217;essai comprenant six minutes de qualification suivies d&#8217;une course finale passionnante de 10 minutes. Ressentez l&#8217;\u00e9motion de la piste et comp\u00e9titionnez pour la victoire !<\/p>\n<p><strong>Option 2: Duel de Champions<\/strong> \ud83c\udfc6 Doublez le plaisir avec deux courses d&#8217;essai, six minutes de course libre, une qualification de huit minutes et une course finale de 10 minutes. Avec des m\u00e9dailles et un podium qui vous attendent, d\u00e9fiez vos amis et votre famille pour devenir le meilleur pilote !<\/p>\n<p><strong>Option 3: D\u00e9fi au Niveau Sup\u00e9rieur<\/strong> \ud83c\udfc5\ud83d\ude80 L&#8217;option ultime pour les amateurs de vitesse. Deux courses d&#8217;essai, six minutes de course libre, une qualification de huit minutes et deux courses finales de huit minutes chacune. C\u00e9l\u00e9brez vos victoires avec des troph\u00e9es et montez sur le podium comme un v\u00e9ritable champion !<\/p>\n<p><strong>Associez votre Exp\u00e9rience \u00e0 un D\u00e9licieux Menu de Sandwichs ! \ud83c\udf54\ud83c\udfc1<\/strong> Ajoutez \u00e0 n&#8217;importe quelle option un festin de saveurs avec notre menu de sandwichs. Rechargez vos \u00e9nergies et partagez des anecdotes de course tout en d\u00e9gustant de d\u00e9licieuses options.<\/p>\n<p>R\u00e9servez d\u00e8s maintenant et vivez l&#8217;excitation du karting \u00e0 <a href=\"https:\/\/es.wikipedia.org\/wiki\/Valencia\">Valence<\/a> !<\/p>\n<p style=\"text-align: center;\">\ud83c\udf1f Pas seulement une activit\u00e9, mais une exp\u00e9rience que vous n&#8217;oublierez jamais ! \ud83d\udea6\ud83d\udca8<\/p>\n","protected":false},"excerpt":{"rendered":"<p>Karting Valence. Osez le karting ! Tours d&#8217;essai, qualifications, course finale, m\u00e9dailles, podium&#8230; Osez.\u00a0 Karting Valence, Spagne.<\/p>\n","protected":false},"featured_media":2999,"comment_status":"open","ping_status":"closed","template":"","meta":{"_et_pb_use_builder":"","_et_pb_old_content":"","_et_gb_content_width":""},"product_brand":[],"product_cat":[531],"product_tag":[],"class_list":{"0":"post-2998","1":"product","2":"type-product","3":"status-publish","4":"has-post-thumbnail","6":"product_cat-valencia","8":"first","9":"instock","10":"shipping-taxable","11":"product-type-simple"},"yoast_head":"<!-- This site is optimized with the Yoast SEO plugin v26.4 - https:\/\/yoast.com\/wordpress\/plugins\/seo\/ -->\n<title>Karting Valence<\/title>\n<meta name=\"description\" content=\"Karting Valence. Osez le karting ! Tours d&#039;essai, qualifications, course finale, m\u00e9dailles, podium... Osez.\u00a0 Karting Valence, Spagne.\" \/>\n<meta name=\"robots\" content=\"index, follow, max-snippet:-1, max-image-preview:large, max-video-preview:-1\" \/>\n<link rel=\"canonical\" href=\"https:\/\/stagpartynight.com\/fr\/product\/karting-valence\/\" \/>\n<meta property=\"og:locale\" content=\"en_GB\" \/>\n<meta property=\"og:type\" content=\"article\" \/>\n<meta property=\"og:title\" content=\"Karting Valence\" \/>\n<meta property=\"og:description\" content=\"Karting Valence. Osez le karting ! Tours d&#039;essai, qualifications, course finale, m\u00e9dailles, podium... Osez.\u00a0 Karting Valence, Spagne.\" \/>\n<meta property=\"og:url\" content=\"https:\/\/stagpartynight.com\/fr\/product\/karting-valence\/\" \/>\n<meta property=\"og:site_name\" content=\"Nuit de f\u00eate de cerf\" \/>\n<meta property=\"article:modified_time\" content=\"2024-01-29T12:42:16+00:00\" \/>\n<meta property=\"og:image\" content=\"https:\/\/stagpartynight.com\/fr\/wp-content\/uploads\/sites\/3\/2024\/01\/Karting-Valence.jpg\" \/>\n\t<meta property=\"og:image:width\" content=\"640\" \/>\n\t<meta property=\"og:image:height\" content=\"426\" \/>\n\t<meta property=\"og:image:type\" content=\"image\/jpeg\" \/>\n<meta name=\"twitter:card\" content=\"summary_large_image\" \/>\n<meta name=\"twitter:label1\" content=\"Estimated reading time\" \/>\n\t<meta name=\"twitter:data1\" content=\"2 minutes\" \/>\n<script type=\"application\/ld+json\" class=\"yoast-schema-graph\">{\"@context\":\"https:\/\/schema.org\",\"@graph\":[{\"@type\":\"WebPage\",\"@id\":\"https:\/\/stagpartynight.com\/fr\/product\/karting-valence\/\",\"url\":\"https:\/\/stagpartynight.com\/fr\/product\/karting-valence\/\",\"name\":\"Karting Valence\",\"isPartOf\":{\"@id\":\"https:\/\/stagpartynight.com\/fr\/#website\"},\"primaryImageOfPage\":{\"@id\":\"https:\/\/stagpartynight.com\/fr\/product\/karting-valence\/#primaryimage\"},\"image\":{\"@id\":\"https:\/\/stagpartynight.com\/fr\/product\/karting-valence\/#primaryimage\"},\"thumbnailUrl\":\"https:\/\/stagpartynight.com\/fr\/wp-content\/uploads\/sites\/3\/2024\/01\/Karting-Valence.jpg\",\"datePublished\":\"2024-01-29T12:42:15+00:00\",\"dateModified\":\"2024-01-29T12:42:16+00:00\",\"description\":\"Karting Valence. Osez le karting ! Tours d'essai, qualifications, course finale, m\u00e9dailles, podium... Osez.\u00a0 Karting Valence, Spagne.\",\"breadcrumb\":{\"@id\":\"https:\/\/stagpartynight.com\/fr\/product\/karting-valence\/#breadcrumb\"},\"inLanguage\":\"en-GB\",\"potentialAction\":[{\"@type\":\"ReadAction\",\"target\":[\"https:\/\/stagpartynight.com\/fr\/product\/karting-valence\/\"]}]},{\"@type\":\"ImageObject\",\"inLanguage\":\"en-GB\",\"@id\":\"https:\/\/stagpartynight.com\/fr\/product\/karting-valence\/#primaryimage\",\"url\":\"https:\/\/stagpartynight.com\/fr\/wp-content\/uploads\/sites\/3\/2024\/01\/Karting-Valence.jpg\",\"contentUrl\":\"https:\/\/stagpartynight.com\/fr\/wp-content\/uploads\/sites\/3\/2024\/01\/Karting-Valence.jpg\",\"width\":640,\"height\":426,\"caption\":\"Karting Valence\"},{\"@type\":\"BreadcrumbList\",\"@id\":\"https:\/\/stagpartynight.com\/fr\/product\/karting-valence\/#breadcrumb\",\"itemListElement\":[{\"@type\":\"ListItem\",\"position\":1,\"name\":\"Home\",\"item\":\"https:\/\/stagpartynight.com\/fr\/\"},{\"@type\":\"ListItem\",\"position\":2,\"name\":\"Tienda\",\"item\":\"https:\/\/stagpartynight.com\/fr\/tienda\/\"},{\"@type\":\"ListItem\",\"position\":3,\"name\":\"Karting Valence\"}]},{\"@type\":\"WebSite\",\"@id\":\"https:\/\/stagpartynight.com\/fr\/#website\",\"url\":\"https:\/\/stagpartynight.com\/fr\/\",\"name\":\"Stag Party Night\",\"description\":\"Your Stag Party Customized\",\"publisher\":{\"@id\":\"https:\/\/stagpartynight.com\/fr\/#organization\"},\"potentialAction\":[{\"@type\":\"SearchAction\",\"target\":{\"@type\":\"EntryPoint\",\"urlTemplate\":\"https:\/\/stagpartynight.com\/fr\/?s={search_term_string}\"},\"query-input\":{\"@type\":\"PropertyValueSpecification\",\"valueRequired\":true,\"valueName\":\"search_term_string\"}}],\"inLanguage\":\"en-GB\"},{\"@type\":\"Organization\",\"@id\":\"https:\/\/stagpartynight.com\/fr\/#organization\",\"name\":\"Stag Party Night\",\"url\":\"https:\/\/stagpartynight.com\/fr\/\",\"logo\":{\"@type\":\"ImageObject\",\"inLanguage\":\"en-GB\",\"@id\":\"https:\/\/stagpartynight.com\/fr\/#\/schema\/logo\/image\/\",\"url\":\"https:\/\/stagpartynight.com\/fr\/wp-content\/uploads\/sites\/3\/2019\/12\/stagpartynight-e1578565505687.png\",\"contentUrl\":\"https:\/\/stagpartynight.com\/fr\/wp-content\/uploads\/sites\/3\/2019\/12\/stagpartynight-e1578565505687.png\",\"width\":400,\"height\":400,\"caption\":\"Stag Party Night\"},\"image\":{\"@id\":\"https:\/\/stagpartynight.com\/fr\/#\/schema\/logo\/image\/\"}}]}<\/script>\n<!-- \/ Yoast SEO plugin. -->","yoast_head_json":{"title":"Karting Valence","description":"Karting Valence. Osez le karting ! Tours d'essai, qualifications, course finale, m\u00e9dailles, podium... Osez.\u00a0 Karting Valence, Spagne.","robots":{"index":"index","follow":"follow","max-snippet":"max-snippet:-1","max-image-preview":"max-image-preview:large","max-video-preview":"max-video-preview:-1"},"canonical":"https:\/\/stagpartynight.com\/fr\/product\/karting-valence\/","og_locale":"en_GB","og_type":"article","og_title":"Karting Valence","og_description":"Karting Valence. Osez le karting ! Tours d'essai, qualifications, course finale, m\u00e9dailles, podium... Osez.\u00a0 Karting Valence, Spagne.","og_url":"https:\/\/stagpartynight.com\/fr\/product\/karting-valence\/","og_site_name":"Nuit de f\u00eate de cerf","article_modified_time":"2024-01-29T12:42:16+00:00","og_image":[{"width":640,"height":426,"url":"https:\/\/stagpartynight.com\/fr\/wp-content\/uploads\/sites\/3\/2024\/01\/Karting-Valence.jpg","type":"image\/jpeg"}],"twitter_card":"summary_large_image","twitter_misc":{"Estimated reading time":"2 minutes"},"schema":{"@context":"https:\/\/schema.org","@graph":[{"@type":"WebPage","@id":"https:\/\/stagpartynight.com\/fr\/product\/karting-valence\/","url":"https:\/\/stagpartynight.com\/fr\/product\/karting-valence\/","name":"Karting Valence","isPartOf":{"@id":"https:\/\/stagpartynight.com\/fr\/#website"},"primaryImageOfPage":{"@id":"https:\/\/stagpartynight.com\/fr\/product\/karting-valence\/#primaryimage"},"image":{"@id":"https:\/\/stagpartynight.com\/fr\/product\/karting-valence\/#primaryimage"},"thumbnailUrl":"https:\/\/stagpartynight.com\/fr\/wp-content\/uploads\/sites\/3\/2024\/01\/Karting-Valence.jpg","datePublished":"2024-01-29T12:42:15+00:00","dateModified":"2024-01-29T12:42:16+00:00","description":"Karting Valence. Osez le karting ! Tours d'essai, qualifications, course finale, m\u00e9dailles, podium... Osez.\u00a0 Karting Valence, Spagne.","breadcrumb":{"@id":"https:\/\/stagpartynight.com\/fr\/product\/karting-valence\/#breadcrumb"},"inLanguage":"en-GB","potentialAction":[{"@type":"ReadAction","target":["https:\/\/stagpartynight.com\/fr\/product\/karting-valence\/"]}]},{"@type":"ImageObject","inLanguage":"en-GB","@id":"https:\/\/stagpartynight.com\/fr\/product\/karting-valence\/#primaryimage","url":"https:\/\/stagpartynight.com\/fr\/wp-content\/uploads\/sites\/3\/2024\/01\/Karting-Valence.jpg","contentUrl":"https:\/\/stagpartynight.com\/fr\/wp-content\/uploads\/sites\/3\/2024\/01\/Karting-Valence.jpg","width":640,"height":426,"caption":"Karting Valence"},{"@type":"BreadcrumbList","@id":"https:\/\/stagpartynight.com\/fr\/product\/karting-valence\/#breadcrumb","itemListElement":[{"@type":"ListItem","position":1,"name":"Home","item":"https:\/\/stagpartynight.com\/fr\/"},{"@type":"ListItem","position":2,"name":"Tienda","item":"https:\/\/stagpartynight.com\/fr\/tienda\/"},{"@type":"ListItem","position":3,"name":"Karting Valence"}]},{"@type":"WebSite","@id":"https:\/\/stagpartynight.com\/fr\/#website","url":"https:\/\/stagpartynight.com\/fr\/","name":"Stag Party Night","description":"Your Stag Party Customized","publisher":{"@id":"https:\/\/stagpartynight.com\/fr\/#organization"},"potentialAction":[{"@type":"SearchAction","target":{"@type":"EntryPoint","urlTemplate":"https:\/\/stagpartynight.com\/fr\/?s={search_term_string}"},"query-input":{"@type":"PropertyValueSpecification","valueRequired":true,"valueName":"search_term_string"}}],"inLanguage":"en-GB"},{"@type":"Organization","@id":"https:\/\/stagpartynight.com\/fr\/#organization","name":"Stag Party Night","url":"https:\/\/stagpartynight.com\/fr\/","logo":{"@type":"ImageObject","inLanguage":"en-GB","@id":"https:\/\/stagpartynight.com\/fr\/#\/schema\/logo\/image\/","url":"https:\/\/stagpartynight.com\/fr\/wp-content\/uploads\/sites\/3\/2019\/12\/stagpartynight-e1578565505687.png","contentUrl":"https:\/\/stagpartynight.com\/fr\/wp-content\/uploads\/sites\/3\/2019\/12\/stagpartynight-e1578565505687.png","width":400,"height":400,"caption":"Stag Party Night"},"image":{"@id":"https:\/\/stagpartynight.com\/fr\/#\/schema\/logo\/image\/"}}]}},"_links":{"self":[{"href":"https:\/\/stagpartynight.com\/fr\/wp-json\/wp\/v2\/product\/2998","targetHints":{"allow":["GET"]}}],"collection":[{"href":"https:\/\/stagpartynight.com\/fr\/wp-json\/wp\/v2\/product"}],"about":[{"href":"https:\/\/stagpartynight.com\/fr\/wp-json\/wp\/v2\/types\/product"}],"replies":[{"embeddable":true,"href":"https:\/\/stagpartynight.com\/fr\/wp-json\/wp\/v2\/comments?post=2998"}],"wp:featuredmedia":[{"embeddable":true,"href":"https:\/\/stagpartynight.com\/fr\/wp-json\/wp\/v2\/media\/2999"}],"wp:attachment":[{"href":"https:\/\/stagpartynight.com\/fr\/wp-json\/wp\/v2\/media?parent=2998"}],"wp:term":[{"taxonomy":"product_brand","embeddable":true,"href":"https:\/\/stagpartynight.com\/fr\/wp-json\/wp\/v2\/product_brand?post=2998"},{"taxonomy":"product_cat","embeddable":true,"href":"https:\/\/stagpartynight.com\/fr\/wp-json\/wp\/v2\/product_cat?post=2998"},{"taxonomy":"product_tag","embeddable":true,"href":"https:\/\/stagpartynight.com\/fr\/wp-json\/wp\/v2\/product_tag?post=2998"}],"curies":[{"name":"wp","href":"https:\/\/api.w.org\/{rel}","templated":true}]}}