{"id":3002,"date":"2024-01-30T13:21:38","date_gmt":"2024-01-30T12:21:38","guid":{"rendered":"https:\/\/stagpartynight.com\/fr\/?post_type=product&#038;p=3002"},"modified":"2024-01-30T13:21:38","modified_gmt":"2024-01-30T12:21:38","slug":"visite-dun-vignoble-valence","status":"publish","type":"product","link":"https:\/\/stagpartynight.com\/fr\/product\/visite-dun-vignoble-valence\/","title":{"rendered":"Visite d&#8217;un Vignoble Valence"},"content":{"rendered":"<p>Visite d&#8217;un Vignoble Valence. Si vous pr\u00e9f\u00e9rez vous \u00e9loigner de la ville et faire une d\u00e9gustation de cinq vins avec visite d&#8217;un vignoble espagnol original, c&#8217;est l&#8217;option qu&#8217;il vous faut.<\/p>\n<p>Les meilleurs enterrements de vie de gar\u00e7on avec <a href=\"https:\/\/stagpartynight.com\/\">Stagparty<\/a>!<\/p>\n<h3 style=\"text-align: center;\">Visite d&#8217;un Vignoble Valence\ud83c\udf47<\/h3>\n<p>Explorez les d\u00e9lices viticoles de Valence! Avec notre incroyable visite guid\u00e9e et d\u00e9gustation de vins dans un authentique vignoble espagnol. <span style=\"text-align: center;\">\ud83c\udf1e<\/span><\/p>\n<p>Rejoignez-nous pour une exp\u00e9rience immersive! O\u00f9 vous d\u00e9couvrirez les secrets du processus de vinification dans la pittoresque r\u00e9gion viticole de Valence.<\/p>\n<p>\ud83c\udf77Votre aventure commence par une visite guid\u00e9e \u00e0 travers les vignes. Vous serez transport\u00e9 au c\u0153ur m\u00eame du processus de culture des raisins. Marchez entre les rang\u00e9es de vignes baign\u00e9es de soleil et respirez l&#8217;air pur de la campagne espagnole tout en apprenant les subtilit\u00e9s de la viticulture de notre vigneron expert<\/p>\n<p>\ud83c\udf3fLa v\u00e9ritable magie commence lors de la d\u00e9gustation de cinq vins exquis. Chacun soigneusement s\u00e9lectionn\u00e9 pour vous offrir une palette diversifi\u00e9e de saveurs. Des c\u00e9pages locaux uniques aux assemblages complexes, chaque verre est une ode \u00e0 la richesse des terroirs de Valence. Laissez-vous guider par nos sommeliers passionn\u00e9s qui partageront leurs connaissances et leurs anecdotes sur chaque vin, vous offrant ainsi une exp\u00e9rience sensorielle inoubliable. \ud83d\udc68\u200d\ud83c\udf73<\/p>\n<p>\ud83c\udf77Et parce qu&#8217;aucune exp\u00e9rience vinicole n&#8217;est compl\u00e8te! Une d\u00e9licieuse pause gourmande, notre visite comprend \u00e9galement une petite d\u00e9gustation d&#8217;embutidos ib\u00e9riques espagnols. D\u00e9couvrez l&#8217;harmonie parfaite entre le vin et les saveurs authentiques des charcuteries ib\u00e9riques, cr\u00e9ant une combinaison irr\u00e9sistible qui \u00e9veillera vos sens. \ud83e\uddc0\ud83c\udf56<\/p>\n<p>Si vous recherchez une escapade authentique loin de l&#8217;agitation de la ville et que vous souhaitez plonger dans l&#8217;essence m\u00eame du vin, notre visite est l&#8217;option id\u00e9ale. Rejoignez-nous pour une exp\u00e9rience m\u00e9morable, o\u00f9 chaque gorg\u00e9e raconte l&#8217;histoire unique de Valence, une r\u00e9gion c\u00e9l\u00e8bre pour ses vins exceptionnels. R\u00e9servez d\u00e8s maintenant et laissez-vous emporter par l&#8217;\u00e9l\u00e9gance et la tradition de la vinification espagnole.<\/p>\n<p style=\"text-align: center;\">Sant\u00e9! Visite d&#8217;un Vignoble <a href=\"https:\/\/es.wikipedia.org\/wiki\/Valencia\">Valence<\/a> \ud83e\udd42<\/p>\n","protected":false},"excerpt":{"rendered":"<p>Si vous pr\u00e9f\u00e9rez vous \u00e9loigner de la ville et faire une d\u00e9gustation de cinq vins avec visite d&#8217;un vignoble espagnol original, c&#8217;est l&#8217;option qu&#8217;il vous faut.<\/p>\n","protected":false},"featured_media":3003,"comment_status":"open","ping_status":"closed","template":"","meta":{"_et_pb_use_builder":"","_et_pb_old_content":"","_et_gb_content_width":""},"product_brand":[],"product_cat":[531],"product_tag":[714],"class_list":{"0":"post-3002","1":"product","2":"type-product","3":"status-publish","4":"has-post-thumbnail","6":"product_cat-valencia","7":"product_tag-visite-dun-vignoble-valence","9":"first","10":"instock","11":"shipping-taxable","12":"product-type-simple"},"yoast_head":"<!-- This site is optimized with the Yoast SEO plugin v26.4 - https:\/\/yoast.com\/wordpress\/plugins\/seo\/ -->\n<title>Visite d&#039;un Vignoble Valence<\/title>\n<meta name=\"description\" content=\"Visite d&#039;un Vignoble Valence. Si vous pr\u00e9f\u00e9rez vous \u00e9loigner de la ville et faire une d\u00e9gustation de cinq vins avec visite d&#039;un vignoble espagnol original.\" \/>\n<meta name=\"robots\" content=\"index, follow, max-snippet:-1, max-image-preview:large, max-video-preview:-1\" \/>\n<link rel=\"canonical\" href=\"https:\/\/stagpartynight.com\/fr\/product\/visite-dun-vignoble-valence\/\" \/>\n<meta property=\"og:locale\" content=\"en_GB\" \/>\n<meta property=\"og:type\" content=\"article\" \/>\n<meta property=\"og:title\" content=\"Visite d&#039;un Vignoble Valence\" \/>\n<meta property=\"og:description\" content=\"Visite d&#039;un Vignoble Valence. Si vous pr\u00e9f\u00e9rez vous \u00e9loigner de la ville et faire une d\u00e9gustation de cinq vins avec visite d&#039;un vignoble espagnol original.\" \/>\n<meta property=\"og:url\" content=\"https:\/\/stagpartynight.com\/fr\/product\/visite-dun-vignoble-valence\/\" \/>\n<meta property=\"og:site_name\" content=\"Nuit de f\u00eate de cerf\" \/>\n<meta property=\"og:image\" content=\"https:\/\/stagpartynight.com\/fr\/wp-content\/uploads\/sites\/3\/2024\/01\/Visite-dun-Vignoble-Valence.jpg\" \/>\n\t<meta property=\"og:image:width\" content=\"640\" \/>\n\t<meta property=\"og:image:height\" content=\"427\" \/>\n\t<meta property=\"og:image:type\" content=\"image\/jpeg\" \/>\n<meta name=\"twitter:card\" content=\"summary_large_image\" \/>\n<meta name=\"twitter:label1\" content=\"Estimated reading time\" \/>\n\t<meta name=\"twitter:data1\" content=\"2 minutes\" \/>\n<script type=\"application\/ld+json\" class=\"yoast-schema-graph\">{\"@context\":\"https:\/\/schema.org\",\"@graph\":[{\"@type\":\"WebPage\",\"@id\":\"https:\/\/stagpartynight.com\/fr\/product\/visite-dun-vignoble-valence\/\",\"url\":\"https:\/\/stagpartynight.com\/fr\/product\/visite-dun-vignoble-valence\/\",\"name\":\"Visite d'un Vignoble Valence\",\"isPartOf\":{\"@id\":\"https:\/\/stagpartynight.com\/fr\/#website\"},\"primaryImageOfPage\":{\"@id\":\"https:\/\/stagpartynight.com\/fr\/product\/visite-dun-vignoble-valence\/#primaryimage\"},\"image\":{\"@id\":\"https:\/\/stagpartynight.com\/fr\/product\/visite-dun-vignoble-valence\/#primaryimage\"},\"thumbnailUrl\":\"https:\/\/stagpartynight.com\/fr\/wp-content\/uploads\/sites\/3\/2024\/01\/Visite-dun-Vignoble-Valence.jpg\",\"datePublished\":\"2024-01-30T12:21:38+00:00\",\"description\":\"Visite d'un Vignoble Valence. Si vous pr\u00e9f\u00e9rez vous \u00e9loigner de la ville et faire une d\u00e9gustation de cinq vins avec visite d'un vignoble espagnol original.\",\"breadcrumb\":{\"@id\":\"https:\/\/stagpartynight.com\/fr\/product\/visite-dun-vignoble-valence\/#breadcrumb\"},\"inLanguage\":\"en-GB\",\"potentialAction\":[{\"@type\":\"ReadAction\",\"target\":[\"https:\/\/stagpartynight.com\/fr\/product\/visite-dun-vignoble-valence\/\"]}]},{\"@type\":\"ImageObject\",\"inLanguage\":\"en-GB\",\"@id\":\"https:\/\/stagpartynight.com\/fr\/product\/visite-dun-vignoble-valence\/#primaryimage\",\"url\":\"https:\/\/stagpartynight.com\/fr\/wp-content\/uploads\/sites\/3\/2024\/01\/Visite-dun-Vignoble-Valence.jpg\",\"contentUrl\":\"https:\/\/stagpartynight.com\/fr\/wp-content\/uploads\/sites\/3\/2024\/01\/Visite-dun-Vignoble-Valence.jpg\",\"width\":640,\"height\":427,\"caption\":\"Visite d'un Vignoble Valence\"},{\"@type\":\"BreadcrumbList\",\"@id\":\"https:\/\/stagpartynight.com\/fr\/product\/visite-dun-vignoble-valence\/#breadcrumb\",\"itemListElement\":[{\"@type\":\"ListItem\",\"position\":1,\"name\":\"Home\",\"item\":\"https:\/\/stagpartynight.com\/fr\/\"},{\"@type\":\"ListItem\",\"position\":2,\"name\":\"Tienda\",\"item\":\"https:\/\/stagpartynight.com\/fr\/tienda\/\"},{\"@type\":\"ListItem\",\"position\":3,\"name\":\"Visite d&#8217;un Vignoble Valence\"}]},{\"@type\":\"WebSite\",\"@id\":\"https:\/\/stagpartynight.com\/fr\/#website\",\"url\":\"https:\/\/stagpartynight.com\/fr\/\",\"name\":\"Stag Party Night\",\"description\":\"Your Stag Party Customized\",\"publisher\":{\"@id\":\"https:\/\/stagpartynight.com\/fr\/#organization\"},\"potentialAction\":[{\"@type\":\"SearchAction\",\"target\":{\"@type\":\"EntryPoint\",\"urlTemplate\":\"https:\/\/stagpartynight.com\/fr\/?s={search_term_string}\"},\"query-input\":{\"@type\":\"PropertyValueSpecification\",\"valueRequired\":true,\"valueName\":\"search_term_string\"}}],\"inLanguage\":\"en-GB\"},{\"@type\":\"Organization\",\"@id\":\"https:\/\/stagpartynight.com\/fr\/#organization\",\"name\":\"Stag Party Night\",\"url\":\"https:\/\/stagpartynight.com\/fr\/\",\"logo\":{\"@type\":\"ImageObject\",\"inLanguage\":\"en-GB\",\"@id\":\"https:\/\/stagpartynight.com\/fr\/#\/schema\/logo\/image\/\",\"url\":\"https:\/\/stagpartynight.com\/fr\/wp-content\/uploads\/sites\/3\/2019\/12\/stagpartynight-e1578565505687.png\",\"contentUrl\":\"https:\/\/stagpartynight.com\/fr\/wp-content\/uploads\/sites\/3\/2019\/12\/stagpartynight-e1578565505687.png\",\"width\":400,\"height\":400,\"caption\":\"Stag Party Night\"},\"image\":{\"@id\":\"https:\/\/stagpartynight.com\/fr\/#\/schema\/logo\/image\/\"}}]}<\/script>\n<!-- \/ Yoast SEO plugin. -->","yoast_head_json":{"title":"Visite d'un Vignoble Valence","description":"Visite d'un Vignoble Valence. Si vous pr\u00e9f\u00e9rez vous \u00e9loigner de la ville et faire une d\u00e9gustation de cinq vins avec visite d'un vignoble espagnol original.","robots":{"index":"index","follow":"follow","max-snippet":"max-snippet:-1","max-image-preview":"max-image-preview:large","max-video-preview":"max-video-preview:-1"},"canonical":"https:\/\/stagpartynight.com\/fr\/product\/visite-dun-vignoble-valence\/","og_locale":"en_GB","og_type":"article","og_title":"Visite d'un Vignoble Valence","og_description":"Visite d'un Vignoble Valence. Si vous pr\u00e9f\u00e9rez vous \u00e9loigner de la ville et faire une d\u00e9gustation de cinq vins avec visite d'un vignoble espagnol original.","og_url":"https:\/\/stagpartynight.com\/fr\/product\/visite-dun-vignoble-valence\/","og_site_name":"Nuit de f\u00eate de cerf","og_image":[{"width":640,"height":427,"url":"https:\/\/stagpartynight.com\/fr\/wp-content\/uploads\/sites\/3\/2024\/01\/Visite-dun-Vignoble-Valence.jpg","type":"image\/jpeg"}],"twitter_card":"summary_large_image","twitter_misc":{"Estimated reading time":"2 minutes"},"schema":{"@context":"https:\/\/schema.org","@graph":[{"@type":"WebPage","@id":"https:\/\/stagpartynight.com\/fr\/product\/visite-dun-vignoble-valence\/","url":"https:\/\/stagpartynight.com\/fr\/product\/visite-dun-vignoble-valence\/","name":"Visite d'un Vignoble Valence","isPartOf":{"@id":"https:\/\/stagpartynight.com\/fr\/#website"},"primaryImageOfPage":{"@id":"https:\/\/stagpartynight.com\/fr\/product\/visite-dun-vignoble-valence\/#primaryimage"},"image":{"@id":"https:\/\/stagpartynight.com\/fr\/product\/visite-dun-vignoble-valence\/#primaryimage"},"thumbnailUrl":"https:\/\/stagpartynight.com\/fr\/wp-content\/uploads\/sites\/3\/2024\/01\/Visite-dun-Vignoble-Valence.jpg","datePublished":"2024-01-30T12:21:38+00:00","description":"Visite d'un Vignoble Valence. Si vous pr\u00e9f\u00e9rez vous \u00e9loigner de la ville et faire une d\u00e9gustation de cinq vins avec visite d'un vignoble espagnol original.","breadcrumb":{"@id":"https:\/\/stagpartynight.com\/fr\/product\/visite-dun-vignoble-valence\/#breadcrumb"},"inLanguage":"en-GB","potentialAction":[{"@type":"ReadAction","target":["https:\/\/stagpartynight.com\/fr\/product\/visite-dun-vignoble-valence\/"]}]},{"@type":"ImageObject","inLanguage":"en-GB","@id":"https:\/\/stagpartynight.com\/fr\/product\/visite-dun-vignoble-valence\/#primaryimage","url":"https:\/\/stagpartynight.com\/fr\/wp-content\/uploads\/sites\/3\/2024\/01\/Visite-dun-Vignoble-Valence.jpg","contentUrl":"https:\/\/stagpartynight.com\/fr\/wp-content\/uploads\/sites\/3\/2024\/01\/Visite-dun-Vignoble-Valence.jpg","width":640,"height":427,"caption":"Visite d'un Vignoble Valence"},{"@type":"BreadcrumbList","@id":"https:\/\/stagpartynight.com\/fr\/product\/visite-dun-vignoble-valence\/#breadcrumb","itemListElement":[{"@type":"ListItem","position":1,"name":"Home","item":"https:\/\/stagpartynight.com\/fr\/"},{"@type":"ListItem","position":2,"name":"Tienda","item":"https:\/\/stagpartynight.com\/fr\/tienda\/"},{"@type":"ListItem","position":3,"name":"Visite d&#8217;un Vignoble Valence"}]},{"@type":"WebSite","@id":"https:\/\/stagpartynight.com\/fr\/#website","url":"https:\/\/stagpartynight.com\/fr\/","name":"Stag Party Night","description":"Your Stag Party Customized","publisher":{"@id":"https:\/\/stagpartynight.com\/fr\/#organization"},"potentialAction":[{"@type":"SearchAction","target":{"@type":"EntryPoint","urlTemplate":"https:\/\/stagpartynight.com\/fr\/?s={search_term_string}"},"query-input":{"@type":"PropertyValueSpecification","valueRequired":true,"valueName":"search_term_string"}}],"inLanguage":"en-GB"},{"@type":"Organization","@id":"https:\/\/stagpartynight.com\/fr\/#organization","name":"Stag Party Night","url":"https:\/\/stagpartynight.com\/fr\/","logo":{"@type":"ImageObject","inLanguage":"en-GB","@id":"https:\/\/stagpartynight.com\/fr\/#\/schema\/logo\/image\/","url":"https:\/\/stagpartynight.com\/fr\/wp-content\/uploads\/sites\/3\/2019\/12\/stagpartynight-e1578565505687.png","contentUrl":"https:\/\/stagpartynight.com\/fr\/wp-content\/uploads\/sites\/3\/2019\/12\/stagpartynight-e1578565505687.png","width":400,"height":400,"caption":"Stag Party Night"},"image":{"@id":"https:\/\/stagpartynight.com\/fr\/#\/schema\/logo\/image\/"}}]}},"_links":{"self":[{"href":"https:\/\/stagpartynight.com\/fr\/wp-json\/wp\/v2\/product\/3002","targetHints":{"allow":["GET"]}}],"collection":[{"href":"https:\/\/stagpartynight.com\/fr\/wp-json\/wp\/v2\/product"}],"about":[{"href":"https:\/\/stagpartynight.com\/fr\/wp-json\/wp\/v2\/types\/product"}],"replies":[{"embeddable":true,"href":"https:\/\/stagpartynight.com\/fr\/wp-json\/wp\/v2\/comments?post=3002"}],"wp:featuredmedia":[{"embeddable":true,"href":"https:\/\/stagpartynight.com\/fr\/wp-json\/wp\/v2\/media\/3003"}],"wp:attachment":[{"href":"https:\/\/stagpartynight.com\/fr\/wp-json\/wp\/v2\/media?parent=3002"}],"wp:term":[{"taxonomy":"product_brand","embeddable":true,"href":"https:\/\/stagpartynight.com\/fr\/wp-json\/wp\/v2\/product_brand?post=3002"},{"taxonomy":"product_cat","embeddable":true,"href":"https:\/\/stagpartynight.com\/fr\/wp-json\/wp\/v2\/product_cat?post=3002"},{"taxonomy":"product_tag","embeddable":true,"href":"https:\/\/stagpartynight.com\/fr\/wp-json\/wp\/v2\/product_tag?post=3002"}],"curies":[{"name":"wp","href":"https:\/\/api.w.org\/{rel}","templated":true}]}}