{"id":3008,"date":"2024-01-30T13:42:33","date_gmt":"2024-01-30T12:42:33","guid":{"rendered":"https:\/\/stagpartynight.com\/fr\/?post_type=product&#038;p=3008"},"modified":"2024-01-30T13:42:34","modified_gmt":"2024-01-30T12:42:34","slug":"le-blob-jump-valence","status":"publish","type":"product","link":"https:\/\/stagpartynight.com\/fr\/product\/le-blob-jump-valence\/","title":{"rendered":"Le Blob Jump Valence"},"content":{"rendered":"<p>Le Blob Jump Valence. Un ami est sur le blob, trois autres sautent d&#8217;une tour situ\u00e9e \u00e0 cinq m\u00e8tres au-dessus du blob. Seront-ils tous assez forts pour le catapulter dans l&#8217;eau ?<\/p>\n<p>Les meilleurs enterrements de vie de gar\u00e7on avec <a href=\"https:\/\/stagpartynight.com\/\">Stagparty<\/a>!<\/p>\n<h2 style=\"text-align: center;\">Le Blob Jump Valence\ud83d\ude80<\/h2>\n<p>Plongez dans l&#8217;excitation pure avec le Blob Jump \u00e0 Valence! Une exp\u00e9rience \u00e0 couper le souffle qui m\u00eale aventure, rires et adr\u00e9naline! \ud83c\udf0a<\/p>\n<p>Imaginez-vous au sommet d&#8217;une tour de cinq m\u00e8tres, pr\u00eat \u00e0 vous lancer dans les airs avec un, deux ou trois amis. Ces intr\u00e9pides &#8220;saltadores&#8221; sont les h\u00e9ros du jour, sautant courageusement sur le Blob Jump pour une aventure palpitante qui les propulsera dans les cieux avant de plonger dans les eaux rafra\u00eechissantes. \ud83d\udca6<\/p>\n<p>L&#8217;action commence lorsque le premier &#8220;saltador&#8221; s&#8217;\u00e9lance, cr\u00e9ant une r\u00e9action en cha\u00eene qui se termine par un spectaculaire \u00e9claboussement. L&#8217;adr\u00e9naline monte \u00e0 mesure que vous atteignez le sommet du Blob, pr\u00eat \u00e0 \u00eatre catapult\u00e9 par la puissance du saut. C&#8217;est une explosion d&#8217;\u00e9motions, entre le frisson de l&#8217;ascension et le d\u00e9lice de la descente vertigineuse dans l&#8217;eau. \ud83e\udd29\ud83c\udf08<\/p>\n<p>Cette exp\u00e9rience unique est parfaite pour les amis avides de sensations fortes cherchant une aventure inoubliable \u00e0 Valence. Les \u00e9clats de rire fusent, l&#8217;excitation est \u00e0 son comble et les souvenirs cr\u00e9\u00e9s sont aussi m\u00e9morables que le saut lui-m\u00eame. \ud83e\udd23\ud83c\udf1f<\/p>\n<p>Le Blob Jump \u00e0 <a href=\"https:\/\/es.wikipedia.org\/wiki\/Valencia\">Valence<\/a> offre une escapade id\u00e9ale pour les amoureux de l&#8217;adr\u00e9naline, les groupes d&#8217;amis en qu\u00eate d&#8217;aventures palpitantes et ceux qui veulent ajouter une dose de courage \u00e0 leur journ\u00e9e.\ud83d\udc6b<\/p>\n<p>R\u00e9servez d\u00e8s maintenant et pr\u00e9parez-vous \u00e0 un saut \u00e9pique qui restera grav\u00e9 dans vos souvenirs comme une exp\u00e9rience inoubliable. Pr\u00eat \u00e0 d\u00e9fier la gravit\u00e9? \ud83c\udf0a<\/p>\n","protected":false},"excerpt":{"rendered":"<p>Le Blob Jump Valence. Un ami est sur le blob, trois autres sautent d&#8217;une tour situ\u00e9e \u00e0 cinq m\u00e8tres au-dessus du blob. Seront-ils tous assez forts pour le catapulter dans l&#8217;eau ?<\/p>\n","protected":false},"featured_media":3009,"comment_status":"open","ping_status":"closed","template":"","meta":{"_et_pb_use_builder":"","_et_pb_old_content":"","_et_gb_content_width":""},"product_brand":[],"product_cat":[531],"product_tag":[],"class_list":{"0":"post-3008","1":"product","2":"type-product","3":"status-publish","4":"has-post-thumbnail","6":"product_cat-valencia","8":"first","9":"instock","10":"shipping-taxable","11":"product-type-simple"},"yoast_head":"<!-- This site is optimized with the Yoast SEO plugin v26.4 - https:\/\/yoast.com\/wordpress\/plugins\/seo\/ -->\n<title>Le Blob Jump Valence<\/title>\n<meta name=\"description\" content=\"Le Blob Jump Valence. Le Blob Jump Valence. Un ami est sur le blob, trois autres sautent d&#039;une tour situ\u00e9e \u00e0 cinq m\u00e8tres au-dessus du blob.\" \/>\n<meta name=\"robots\" content=\"index, follow, max-snippet:-1, max-image-preview:large, max-video-preview:-1\" \/>\n<link rel=\"canonical\" href=\"https:\/\/stagpartynight.com\/fr\/product\/le-blob-jump-valence\/\" \/>\n<meta property=\"og:locale\" content=\"en_GB\" \/>\n<meta property=\"og:type\" content=\"article\" \/>\n<meta property=\"og:title\" content=\"Le Blob Jump Valence\" \/>\n<meta property=\"og:description\" content=\"Le Blob Jump Valence. Le Blob Jump Valence. Un ami est sur le blob, trois autres sautent d&#039;une tour situ\u00e9e \u00e0 cinq m\u00e8tres au-dessus du blob.\" \/>\n<meta property=\"og:url\" content=\"https:\/\/stagpartynight.com\/fr\/product\/le-blob-jump-valence\/\" \/>\n<meta property=\"og:site_name\" content=\"Nuit de f\u00eate de cerf\" \/>\n<meta property=\"article:modified_time\" content=\"2024-01-30T12:42:34+00:00\" \/>\n<meta property=\"og:image\" content=\"https:\/\/stagpartynight.com\/fr\/wp-content\/uploads\/sites\/3\/2024\/01\/Le-Blob-Jump-Valence.jpeg\" \/>\n\t<meta property=\"og:image:width\" content=\"1382\" \/>\n\t<meta property=\"og:image:height\" content=\"742\" \/>\n\t<meta property=\"og:image:type\" content=\"image\/jpeg\" \/>\n<meta name=\"twitter:card\" content=\"summary_large_image\" \/>\n<meta name=\"twitter:label1\" content=\"Estimated reading time\" \/>\n\t<meta name=\"twitter:data1\" content=\"2 minutes\" \/>\n<script type=\"application\/ld+json\" class=\"yoast-schema-graph\">{\"@context\":\"https:\/\/schema.org\",\"@graph\":[{\"@type\":\"WebPage\",\"@id\":\"https:\/\/stagpartynight.com\/fr\/product\/le-blob-jump-valence\/\",\"url\":\"https:\/\/stagpartynight.com\/fr\/product\/le-blob-jump-valence\/\",\"name\":\"Le Blob Jump Valence\",\"isPartOf\":{\"@id\":\"https:\/\/stagpartynight.com\/fr\/#website\"},\"primaryImageOfPage\":{\"@id\":\"https:\/\/stagpartynight.com\/fr\/product\/le-blob-jump-valence\/#primaryimage\"},\"image\":{\"@id\":\"https:\/\/stagpartynight.com\/fr\/product\/le-blob-jump-valence\/#primaryimage\"},\"thumbnailUrl\":\"https:\/\/stagpartynight.com\/fr\/wp-content\/uploads\/sites\/3\/2024\/01\/Le-Blob-Jump-Valence.jpeg\",\"datePublished\":\"2024-01-30T12:42:33+00:00\",\"dateModified\":\"2024-01-30T12:42:34+00:00\",\"description\":\"Le Blob Jump Valence. Le Blob Jump Valence. Un ami est sur le blob, trois autres sautent d'une tour situ\u00e9e \u00e0 cinq m\u00e8tres au-dessus du blob.\",\"breadcrumb\":{\"@id\":\"https:\/\/stagpartynight.com\/fr\/product\/le-blob-jump-valence\/#breadcrumb\"},\"inLanguage\":\"en-GB\",\"potentialAction\":[{\"@type\":\"ReadAction\",\"target\":[\"https:\/\/stagpartynight.com\/fr\/product\/le-blob-jump-valence\/\"]}]},{\"@type\":\"ImageObject\",\"inLanguage\":\"en-GB\",\"@id\":\"https:\/\/stagpartynight.com\/fr\/product\/le-blob-jump-valence\/#primaryimage\",\"url\":\"https:\/\/stagpartynight.com\/fr\/wp-content\/uploads\/sites\/3\/2024\/01\/Le-Blob-Jump-Valence.jpeg\",\"contentUrl\":\"https:\/\/stagpartynight.com\/fr\/wp-content\/uploads\/sites\/3\/2024\/01\/Le-Blob-Jump-Valence.jpeg\",\"width\":1382,\"height\":742,\"caption\":\"Le Blob Jump Valence\"},{\"@type\":\"BreadcrumbList\",\"@id\":\"https:\/\/stagpartynight.com\/fr\/product\/le-blob-jump-valence\/#breadcrumb\",\"itemListElement\":[{\"@type\":\"ListItem\",\"position\":1,\"name\":\"Home\",\"item\":\"https:\/\/stagpartynight.com\/fr\/\"},{\"@type\":\"ListItem\",\"position\":2,\"name\":\"Tienda\",\"item\":\"https:\/\/stagpartynight.com\/fr\/tienda\/\"},{\"@type\":\"ListItem\",\"position\":3,\"name\":\"Le Blob Jump Valence\"}]},{\"@type\":\"WebSite\",\"@id\":\"https:\/\/stagpartynight.com\/fr\/#website\",\"url\":\"https:\/\/stagpartynight.com\/fr\/\",\"name\":\"Stag Party Night\",\"description\":\"Your Stag Party Customized\",\"publisher\":{\"@id\":\"https:\/\/stagpartynight.com\/fr\/#organization\"},\"potentialAction\":[{\"@type\":\"SearchAction\",\"target\":{\"@type\":\"EntryPoint\",\"urlTemplate\":\"https:\/\/stagpartynight.com\/fr\/?s={search_term_string}\"},\"query-input\":{\"@type\":\"PropertyValueSpecification\",\"valueRequired\":true,\"valueName\":\"search_term_string\"}}],\"inLanguage\":\"en-GB\"},{\"@type\":\"Organization\",\"@id\":\"https:\/\/stagpartynight.com\/fr\/#organization\",\"name\":\"Stag Party Night\",\"url\":\"https:\/\/stagpartynight.com\/fr\/\",\"logo\":{\"@type\":\"ImageObject\",\"inLanguage\":\"en-GB\",\"@id\":\"https:\/\/stagpartynight.com\/fr\/#\/schema\/logo\/image\/\",\"url\":\"https:\/\/stagpartynight.com\/fr\/wp-content\/uploads\/sites\/3\/2019\/12\/stagpartynight-e1578565505687.png\",\"contentUrl\":\"https:\/\/stagpartynight.com\/fr\/wp-content\/uploads\/sites\/3\/2019\/12\/stagpartynight-e1578565505687.png\",\"width\":400,\"height\":400,\"caption\":\"Stag Party Night\"},\"image\":{\"@id\":\"https:\/\/stagpartynight.com\/fr\/#\/schema\/logo\/image\/\"}}]}<\/script>\n<!-- \/ Yoast SEO plugin. -->","yoast_head_json":{"title":"Le Blob Jump Valence","description":"Le Blob Jump Valence. Le Blob Jump Valence. Un ami est sur le blob, trois autres sautent d'une tour situ\u00e9e \u00e0 cinq m\u00e8tres au-dessus du blob.","robots":{"index":"index","follow":"follow","max-snippet":"max-snippet:-1","max-image-preview":"max-image-preview:large","max-video-preview":"max-video-preview:-1"},"canonical":"https:\/\/stagpartynight.com\/fr\/product\/le-blob-jump-valence\/","og_locale":"en_GB","og_type":"article","og_title":"Le Blob Jump Valence","og_description":"Le Blob Jump Valence. Le Blob Jump Valence. Un ami est sur le blob, trois autres sautent d'une tour situ\u00e9e \u00e0 cinq m\u00e8tres au-dessus du blob.","og_url":"https:\/\/stagpartynight.com\/fr\/product\/le-blob-jump-valence\/","og_site_name":"Nuit de f\u00eate de cerf","article_modified_time":"2024-01-30T12:42:34+00:00","og_image":[{"width":1382,"height":742,"url":"https:\/\/stagpartynight.com\/fr\/wp-content\/uploads\/sites\/3\/2024\/01\/Le-Blob-Jump-Valence.jpeg","type":"image\/jpeg"}],"twitter_card":"summary_large_image","twitter_misc":{"Estimated reading time":"2 minutes"},"schema":{"@context":"https:\/\/schema.org","@graph":[{"@type":"WebPage","@id":"https:\/\/stagpartynight.com\/fr\/product\/le-blob-jump-valence\/","url":"https:\/\/stagpartynight.com\/fr\/product\/le-blob-jump-valence\/","name":"Le Blob Jump Valence","isPartOf":{"@id":"https:\/\/stagpartynight.com\/fr\/#website"},"primaryImageOfPage":{"@id":"https:\/\/stagpartynight.com\/fr\/product\/le-blob-jump-valence\/#primaryimage"},"image":{"@id":"https:\/\/stagpartynight.com\/fr\/product\/le-blob-jump-valence\/#primaryimage"},"thumbnailUrl":"https:\/\/stagpartynight.com\/fr\/wp-content\/uploads\/sites\/3\/2024\/01\/Le-Blob-Jump-Valence.jpeg","datePublished":"2024-01-30T12:42:33+00:00","dateModified":"2024-01-30T12:42:34+00:00","description":"Le Blob Jump Valence. Le Blob Jump Valence. Un ami est sur le blob, trois autres sautent d'une tour situ\u00e9e \u00e0 cinq m\u00e8tres au-dessus du blob.","breadcrumb":{"@id":"https:\/\/stagpartynight.com\/fr\/product\/le-blob-jump-valence\/#breadcrumb"},"inLanguage":"en-GB","potentialAction":[{"@type":"ReadAction","target":["https:\/\/stagpartynight.com\/fr\/product\/le-blob-jump-valence\/"]}]},{"@type":"ImageObject","inLanguage":"en-GB","@id":"https:\/\/stagpartynight.com\/fr\/product\/le-blob-jump-valence\/#primaryimage","url":"https:\/\/stagpartynight.com\/fr\/wp-content\/uploads\/sites\/3\/2024\/01\/Le-Blob-Jump-Valence.jpeg","contentUrl":"https:\/\/stagpartynight.com\/fr\/wp-content\/uploads\/sites\/3\/2024\/01\/Le-Blob-Jump-Valence.jpeg","width":1382,"height":742,"caption":"Le Blob Jump Valence"},{"@type":"BreadcrumbList","@id":"https:\/\/stagpartynight.com\/fr\/product\/le-blob-jump-valence\/#breadcrumb","itemListElement":[{"@type":"ListItem","position":1,"name":"Home","item":"https:\/\/stagpartynight.com\/fr\/"},{"@type":"ListItem","position":2,"name":"Tienda","item":"https:\/\/stagpartynight.com\/fr\/tienda\/"},{"@type":"ListItem","position":3,"name":"Le Blob Jump Valence"}]},{"@type":"WebSite","@id":"https:\/\/stagpartynight.com\/fr\/#website","url":"https:\/\/stagpartynight.com\/fr\/","name":"Stag Party Night","description":"Your Stag Party Customized","publisher":{"@id":"https:\/\/stagpartynight.com\/fr\/#organization"},"potentialAction":[{"@type":"SearchAction","target":{"@type":"EntryPoint","urlTemplate":"https:\/\/stagpartynight.com\/fr\/?s={search_term_string}"},"query-input":{"@type":"PropertyValueSpecification","valueRequired":true,"valueName":"search_term_string"}}],"inLanguage":"en-GB"},{"@type":"Organization","@id":"https:\/\/stagpartynight.com\/fr\/#organization","name":"Stag Party Night","url":"https:\/\/stagpartynight.com\/fr\/","logo":{"@type":"ImageObject","inLanguage":"en-GB","@id":"https:\/\/stagpartynight.com\/fr\/#\/schema\/logo\/image\/","url":"https:\/\/stagpartynight.com\/fr\/wp-content\/uploads\/sites\/3\/2019\/12\/stagpartynight-e1578565505687.png","contentUrl":"https:\/\/stagpartynight.com\/fr\/wp-content\/uploads\/sites\/3\/2019\/12\/stagpartynight-e1578565505687.png","width":400,"height":400,"caption":"Stag Party Night"},"image":{"@id":"https:\/\/stagpartynight.com\/fr\/#\/schema\/logo\/image\/"}}]}},"_links":{"self":[{"href":"https:\/\/stagpartynight.com\/fr\/wp-json\/wp\/v2\/product\/3008","targetHints":{"allow":["GET"]}}],"collection":[{"href":"https:\/\/stagpartynight.com\/fr\/wp-json\/wp\/v2\/product"}],"about":[{"href":"https:\/\/stagpartynight.com\/fr\/wp-json\/wp\/v2\/types\/product"}],"replies":[{"embeddable":true,"href":"https:\/\/stagpartynight.com\/fr\/wp-json\/wp\/v2\/comments?post=3008"}],"wp:featuredmedia":[{"embeddable":true,"href":"https:\/\/stagpartynight.com\/fr\/wp-json\/wp\/v2\/media\/3009"}],"wp:attachment":[{"href":"https:\/\/stagpartynight.com\/fr\/wp-json\/wp\/v2\/media?parent=3008"}],"wp:term":[{"taxonomy":"product_brand","embeddable":true,"href":"https:\/\/stagpartynight.com\/fr\/wp-json\/wp\/v2\/product_brand?post=3008"},{"taxonomy":"product_cat","embeddable":true,"href":"https:\/\/stagpartynight.com\/fr\/wp-json\/wp\/v2\/product_cat?post=3008"},{"taxonomy":"product_tag","embeddable":true,"href":"https:\/\/stagpartynight.com\/fr\/wp-json\/wp\/v2\/product_tag?post=3008"}],"curies":[{"name":"wp","href":"https:\/\/api.w.org\/{rel}","templated":true}]}}