{"id":3010,"date":"2024-01-30T13:54:30","date_gmt":"2024-01-30T12:54:30","guid":{"rendered":"https:\/\/stagpartynight.com\/fr\/?post_type=product&#038;p=3010"},"modified":"2024-01-30T13:54:31","modified_gmt":"2024-01-30T12:54:31","slug":"sushi-sur-corps-nu-valence","status":"publish","type":"product","link":"https:\/\/stagpartynight.com\/fr\/product\/sushi-sur-corps-nu-valence\/","title":{"rendered":"Sushi sur Corps Nu Valence"},"content":{"rendered":"<p>Sushi sur Corps Nu Valence. Achetez vos sushis pr\u00e9f\u00e9r\u00e9s \u00e0 Valence et mangez-les sur le corps incroyablement nu d&#8217;une belle femme.<\/p>\n<p>Les meilleurs enterrements de vie de gar\u00e7on avec <a href=\"https:\/\/stagpartynight.com\/\">Stagparty<\/a>!<\/p>\n<h2 style=\"text-align: center;\">Sushi sur Corps Nu Valence\ud83c\udf63<\/h2>\n<p>Quoi de mieux que de manger des sushis sur le corps d&#8217;une femme nue ?\ud83d\udd25<\/p>\n<p>Nous sommes tous des amateurs de sushis, cet aliment excentrique qui \u00e9veille en nous de nombreux sentiments, mais imaginez combien il en \u00e9veille d&#8217;autres si vous le mangez dans un endroit aussi incroyable&#8230;<br \/>\nEt non, nous ne parlons pas d&#8217;un restaurant, mais du corps nu d&#8217;une femme belle et \u00e9rotique.<\/p>\n<p>La premi\u00e8re \u00e9tape consiste \u00e0 acheter les sushis, ce qui n&#8217;est pas inclus dans notre tarif. Trouvez le restaurant de Valence qui vous pla\u00eet le plus, commandez les sushis \u00e0 emporter et apportez-les \u00e0 l&#8217;appartement\/h\u00f4tel. Notre beau mod\u00e8le vous y attendra d\u00e9j\u00e0, pr\u00eat \u00e0 s&#8217;allonger et \u00e0 envelopper tout son corps de sushis.<\/p>\n<p>Ce n&#8217;est pas une exp\u00e9rience typique, et peut-\u00eatre que tout le monde n&#8217;est pas pr\u00eat pour cette sensation incroyable, cette activit\u00e9 n&#8217;est r\u00e9serv\u00e9e qu&#8217;aux plus courageux. Montrez \u00e0 quel point vous \u00eates courageux, sensuel et audacieux avec notre activit\u00e9 : Sushi sur Corps Nu Valence.<\/p>\n<p style=\"text-align: center;\">\ud83d\udd25R\u00e9servez d\u00e8s maintenant pour manger des sushis sur le corps nu d&#8217;une femme.\ud83d\udd25<br \/>\n\ud83c\udf63R\u00e9servez d\u00e8s maintenant pour vivre cette exp\u00e9rience incroyable \u00e0 <a href=\"https:\/\/es.wikipedia.org\/wiki\/Valencia\">Valence<\/a>.\ud83c\udf63<\/p>\n<p>&nbsp;<\/p>\n","protected":false},"excerpt":{"rendered":"<p>Sushi sur Corps Nu Valence. Achetez vos sushis pr\u00e9f\u00e9r\u00e9s \u00e0 Valence et mangez-les sur le corps incroyablement nu d&#8217;une belle femme.<\/p>\n","protected":false},"featured_media":3011,"comment_status":"open","ping_status":"closed","template":"","meta":{"_et_pb_use_builder":"","_et_pb_old_content":"","_et_gb_content_width":""},"product_brand":[],"product_cat":[531],"product_tag":[715],"class_list":{"0":"post-3010","1":"product","2":"type-product","3":"status-publish","4":"has-post-thumbnail","6":"product_cat-valencia","7":"product_tag-sushi-sur-corps-nu-valence","9":"first","10":"instock","11":"shipping-taxable","12":"product-type-simple"},"yoast_head":"<!-- This site is optimized with the Yoast SEO plugin v26.4 - https:\/\/yoast.com\/wordpress\/plugins\/seo\/ -->\n<title>Sushi sur Corps Nu Valence<\/title>\n<meta name=\"description\" content=\"Sushi sur Corps Nu Valence. Achetez vos sushis pr\u00e9f\u00e9r\u00e9s \u00e0 Valence et mangez-les sur le corps incroyablement nu d&#039;une belle femme.\" \/>\n<meta name=\"robots\" content=\"index, follow, max-snippet:-1, max-image-preview:large, max-video-preview:-1\" \/>\n<link rel=\"canonical\" href=\"https:\/\/stagpartynight.com\/fr\/product\/sushi-sur-corps-nu-valence\/\" \/>\n<meta property=\"og:locale\" content=\"en_GB\" \/>\n<meta property=\"og:type\" content=\"article\" \/>\n<meta property=\"og:title\" content=\"Sushi sur Corps Nu Valence\" \/>\n<meta property=\"og:description\" content=\"Sushi sur Corps Nu Valence. Achetez vos sushis pr\u00e9f\u00e9r\u00e9s \u00e0 Valence et mangez-les sur le corps incroyablement nu d&#039;une belle femme.\" \/>\n<meta property=\"og:url\" content=\"https:\/\/stagpartynight.com\/fr\/product\/sushi-sur-corps-nu-valence\/\" \/>\n<meta property=\"og:site_name\" content=\"Nuit de f\u00eate de cerf\" \/>\n<meta property=\"article:modified_time\" content=\"2024-01-30T12:54:31+00:00\" \/>\n<meta property=\"og:image\" content=\"https:\/\/stagpartynight.com\/fr\/wp-content\/uploads\/sites\/3\/2024\/01\/Sushi-sur-Corps-Nu-Valence.jpg\" \/>\n\t<meta property=\"og:image:width\" content=\"800\" \/>\n\t<meta property=\"og:image:height\" content=\"472\" \/>\n\t<meta property=\"og:image:type\" content=\"image\/jpeg\" \/>\n<meta name=\"twitter:card\" content=\"summary_large_image\" \/>\n<meta name=\"twitter:label1\" content=\"Estimated reading time\" \/>\n\t<meta name=\"twitter:data1\" content=\"2 minutes\" \/>\n<script type=\"application\/ld+json\" class=\"yoast-schema-graph\">{\"@context\":\"https:\/\/schema.org\",\"@graph\":[{\"@type\":\"WebPage\",\"@id\":\"https:\/\/stagpartynight.com\/fr\/product\/sushi-sur-corps-nu-valence\/\",\"url\":\"https:\/\/stagpartynight.com\/fr\/product\/sushi-sur-corps-nu-valence\/\",\"name\":\"Sushi sur Corps Nu Valence\",\"isPartOf\":{\"@id\":\"https:\/\/stagpartynight.com\/fr\/#website\"},\"primaryImageOfPage\":{\"@id\":\"https:\/\/stagpartynight.com\/fr\/product\/sushi-sur-corps-nu-valence\/#primaryimage\"},\"image\":{\"@id\":\"https:\/\/stagpartynight.com\/fr\/product\/sushi-sur-corps-nu-valence\/#primaryimage\"},\"thumbnailUrl\":\"https:\/\/stagpartynight.com\/fr\/wp-content\/uploads\/sites\/3\/2024\/01\/Sushi-sur-Corps-Nu-Valence.jpg\",\"datePublished\":\"2024-01-30T12:54:30+00:00\",\"dateModified\":\"2024-01-30T12:54:31+00:00\",\"description\":\"Sushi sur Corps Nu Valence. Achetez vos sushis pr\u00e9f\u00e9r\u00e9s \u00e0 Valence et mangez-les sur le corps incroyablement nu d'une belle femme.\",\"breadcrumb\":{\"@id\":\"https:\/\/stagpartynight.com\/fr\/product\/sushi-sur-corps-nu-valence\/#breadcrumb\"},\"inLanguage\":\"en-GB\",\"potentialAction\":[{\"@type\":\"ReadAction\",\"target\":[\"https:\/\/stagpartynight.com\/fr\/product\/sushi-sur-corps-nu-valence\/\"]}]},{\"@type\":\"ImageObject\",\"inLanguage\":\"en-GB\",\"@id\":\"https:\/\/stagpartynight.com\/fr\/product\/sushi-sur-corps-nu-valence\/#primaryimage\",\"url\":\"https:\/\/stagpartynight.com\/fr\/wp-content\/uploads\/sites\/3\/2024\/01\/Sushi-sur-Corps-Nu-Valence.jpg\",\"contentUrl\":\"https:\/\/stagpartynight.com\/fr\/wp-content\/uploads\/sites\/3\/2024\/01\/Sushi-sur-Corps-Nu-Valence.jpg\",\"width\":800,\"height\":472,\"caption\":\"Sushi sur Corps Nu Valence\"},{\"@type\":\"BreadcrumbList\",\"@id\":\"https:\/\/stagpartynight.com\/fr\/product\/sushi-sur-corps-nu-valence\/#breadcrumb\",\"itemListElement\":[{\"@type\":\"ListItem\",\"position\":1,\"name\":\"Home\",\"item\":\"https:\/\/stagpartynight.com\/fr\/\"},{\"@type\":\"ListItem\",\"position\":2,\"name\":\"Tienda\",\"item\":\"https:\/\/stagpartynight.com\/fr\/tienda\/\"},{\"@type\":\"ListItem\",\"position\":3,\"name\":\"Sushi sur Corps Nu Valence\"}]},{\"@type\":\"WebSite\",\"@id\":\"https:\/\/stagpartynight.com\/fr\/#website\",\"url\":\"https:\/\/stagpartynight.com\/fr\/\",\"name\":\"Stag Party Night\",\"description\":\"Your Stag Party Customized\",\"publisher\":{\"@id\":\"https:\/\/stagpartynight.com\/fr\/#organization\"},\"potentialAction\":[{\"@type\":\"SearchAction\",\"target\":{\"@type\":\"EntryPoint\",\"urlTemplate\":\"https:\/\/stagpartynight.com\/fr\/?s={search_term_string}\"},\"query-input\":{\"@type\":\"PropertyValueSpecification\",\"valueRequired\":true,\"valueName\":\"search_term_string\"}}],\"inLanguage\":\"en-GB\"},{\"@type\":\"Organization\",\"@id\":\"https:\/\/stagpartynight.com\/fr\/#organization\",\"name\":\"Stag Party Night\",\"url\":\"https:\/\/stagpartynight.com\/fr\/\",\"logo\":{\"@type\":\"ImageObject\",\"inLanguage\":\"en-GB\",\"@id\":\"https:\/\/stagpartynight.com\/fr\/#\/schema\/logo\/image\/\",\"url\":\"https:\/\/stagpartynight.com\/fr\/wp-content\/uploads\/sites\/3\/2019\/12\/stagpartynight-e1578565505687.png\",\"contentUrl\":\"https:\/\/stagpartynight.com\/fr\/wp-content\/uploads\/sites\/3\/2019\/12\/stagpartynight-e1578565505687.png\",\"width\":400,\"height\":400,\"caption\":\"Stag Party Night\"},\"image\":{\"@id\":\"https:\/\/stagpartynight.com\/fr\/#\/schema\/logo\/image\/\"}}]}<\/script>\n<!-- \/ Yoast SEO plugin. -->","yoast_head_json":{"title":"Sushi sur Corps Nu Valence","description":"Sushi sur Corps Nu Valence. Achetez vos sushis pr\u00e9f\u00e9r\u00e9s \u00e0 Valence et mangez-les sur le corps incroyablement nu d'une belle femme.","robots":{"index":"index","follow":"follow","max-snippet":"max-snippet:-1","max-image-preview":"max-image-preview:large","max-video-preview":"max-video-preview:-1"},"canonical":"https:\/\/stagpartynight.com\/fr\/product\/sushi-sur-corps-nu-valence\/","og_locale":"en_GB","og_type":"article","og_title":"Sushi sur Corps Nu Valence","og_description":"Sushi sur Corps Nu Valence. Achetez vos sushis pr\u00e9f\u00e9r\u00e9s \u00e0 Valence et mangez-les sur le corps incroyablement nu d'une belle femme.","og_url":"https:\/\/stagpartynight.com\/fr\/product\/sushi-sur-corps-nu-valence\/","og_site_name":"Nuit de f\u00eate de cerf","article_modified_time":"2024-01-30T12:54:31+00:00","og_image":[{"width":800,"height":472,"url":"https:\/\/stagpartynight.com\/fr\/wp-content\/uploads\/sites\/3\/2024\/01\/Sushi-sur-Corps-Nu-Valence.jpg","type":"image\/jpeg"}],"twitter_card":"summary_large_image","twitter_misc":{"Estimated reading time":"2 minutes"},"schema":{"@context":"https:\/\/schema.org","@graph":[{"@type":"WebPage","@id":"https:\/\/stagpartynight.com\/fr\/product\/sushi-sur-corps-nu-valence\/","url":"https:\/\/stagpartynight.com\/fr\/product\/sushi-sur-corps-nu-valence\/","name":"Sushi sur Corps Nu Valence","isPartOf":{"@id":"https:\/\/stagpartynight.com\/fr\/#website"},"primaryImageOfPage":{"@id":"https:\/\/stagpartynight.com\/fr\/product\/sushi-sur-corps-nu-valence\/#primaryimage"},"image":{"@id":"https:\/\/stagpartynight.com\/fr\/product\/sushi-sur-corps-nu-valence\/#primaryimage"},"thumbnailUrl":"https:\/\/stagpartynight.com\/fr\/wp-content\/uploads\/sites\/3\/2024\/01\/Sushi-sur-Corps-Nu-Valence.jpg","datePublished":"2024-01-30T12:54:30+00:00","dateModified":"2024-01-30T12:54:31+00:00","description":"Sushi sur Corps Nu Valence. Achetez vos sushis pr\u00e9f\u00e9r\u00e9s \u00e0 Valence et mangez-les sur le corps incroyablement nu d'une belle femme.","breadcrumb":{"@id":"https:\/\/stagpartynight.com\/fr\/product\/sushi-sur-corps-nu-valence\/#breadcrumb"},"inLanguage":"en-GB","potentialAction":[{"@type":"ReadAction","target":["https:\/\/stagpartynight.com\/fr\/product\/sushi-sur-corps-nu-valence\/"]}]},{"@type":"ImageObject","inLanguage":"en-GB","@id":"https:\/\/stagpartynight.com\/fr\/product\/sushi-sur-corps-nu-valence\/#primaryimage","url":"https:\/\/stagpartynight.com\/fr\/wp-content\/uploads\/sites\/3\/2024\/01\/Sushi-sur-Corps-Nu-Valence.jpg","contentUrl":"https:\/\/stagpartynight.com\/fr\/wp-content\/uploads\/sites\/3\/2024\/01\/Sushi-sur-Corps-Nu-Valence.jpg","width":800,"height":472,"caption":"Sushi sur Corps Nu Valence"},{"@type":"BreadcrumbList","@id":"https:\/\/stagpartynight.com\/fr\/product\/sushi-sur-corps-nu-valence\/#breadcrumb","itemListElement":[{"@type":"ListItem","position":1,"name":"Home","item":"https:\/\/stagpartynight.com\/fr\/"},{"@type":"ListItem","position":2,"name":"Tienda","item":"https:\/\/stagpartynight.com\/fr\/tienda\/"},{"@type":"ListItem","position":3,"name":"Sushi sur Corps Nu Valence"}]},{"@type":"WebSite","@id":"https:\/\/stagpartynight.com\/fr\/#website","url":"https:\/\/stagpartynight.com\/fr\/","name":"Stag Party Night","description":"Your Stag Party Customized","publisher":{"@id":"https:\/\/stagpartynight.com\/fr\/#organization"},"potentialAction":[{"@type":"SearchAction","target":{"@type":"EntryPoint","urlTemplate":"https:\/\/stagpartynight.com\/fr\/?s={search_term_string}"},"query-input":{"@type":"PropertyValueSpecification","valueRequired":true,"valueName":"search_term_string"}}],"inLanguage":"en-GB"},{"@type":"Organization","@id":"https:\/\/stagpartynight.com\/fr\/#organization","name":"Stag Party Night","url":"https:\/\/stagpartynight.com\/fr\/","logo":{"@type":"ImageObject","inLanguage":"en-GB","@id":"https:\/\/stagpartynight.com\/fr\/#\/schema\/logo\/image\/","url":"https:\/\/stagpartynight.com\/fr\/wp-content\/uploads\/sites\/3\/2019\/12\/stagpartynight-e1578565505687.png","contentUrl":"https:\/\/stagpartynight.com\/fr\/wp-content\/uploads\/sites\/3\/2019\/12\/stagpartynight-e1578565505687.png","width":400,"height":400,"caption":"Stag Party Night"},"image":{"@id":"https:\/\/stagpartynight.com\/fr\/#\/schema\/logo\/image\/"}}]}},"_links":{"self":[{"href":"https:\/\/stagpartynight.com\/fr\/wp-json\/wp\/v2\/product\/3010","targetHints":{"allow":["GET"]}}],"collection":[{"href":"https:\/\/stagpartynight.com\/fr\/wp-json\/wp\/v2\/product"}],"about":[{"href":"https:\/\/stagpartynight.com\/fr\/wp-json\/wp\/v2\/types\/product"}],"replies":[{"embeddable":true,"href":"https:\/\/stagpartynight.com\/fr\/wp-json\/wp\/v2\/comments?post=3010"}],"wp:featuredmedia":[{"embeddable":true,"href":"https:\/\/stagpartynight.com\/fr\/wp-json\/wp\/v2\/media\/3011"}],"wp:attachment":[{"href":"https:\/\/stagpartynight.com\/fr\/wp-json\/wp\/v2\/media?parent=3010"}],"wp:term":[{"taxonomy":"product_brand","embeddable":true,"href":"https:\/\/stagpartynight.com\/fr\/wp-json\/wp\/v2\/product_brand?post=3010"},{"taxonomy":"product_cat","embeddable":true,"href":"https:\/\/stagpartynight.com\/fr\/wp-json\/wp\/v2\/product_cat?post=3010"},{"taxonomy":"product_tag","embeddable":true,"href":"https:\/\/stagpartynight.com\/fr\/wp-json\/wp\/v2\/product_tag?post=3010"}],"curies":[{"name":"wp","href":"https:\/\/api.w.org\/{rel}","templated":true}]}}