{"id":3013,"date":"2024-01-31T12:41:19","date_gmt":"2024-01-31T11:41:19","guid":{"rendered":"https:\/\/stagpartynight.com\/fr\/?post_type=product&#038;p=3013"},"modified":"2024-01-31T12:41:19","modified_gmt":"2024-01-31T11:41:19","slug":"saut-a-lelastique-valence","status":"publish","type":"product","link":"https:\/\/stagpartynight.com\/fr\/product\/saut-a-lelastique-valence\/","title":{"rendered":"Saut \u00e0 L&#8217;\u00e9lastique Valence"},"content":{"rendered":"<p>Saut \u00e0 L&#8217;\u00e9lastique Valence. A cinquante minutes du centre ville, un saut de pont en pleine nature. Deux sauts inclus.<\/p>\n<p>Les meilleurs enterrements de vie de gar\u00e7on avec <a href=\"https:\/\/stagpartynight.com\/\">Stagparty<\/a> !<\/p>\n<h2 style=\"text-align: center;\">Saut \u00e0 L&#8217;\u00e9lastique Valence<strong>\ud83e\udd38\u200d\u2642\ufe0f<\/strong><\/h2>\n<h4><strong>Exp\u00e9rience Extr\u00eame \u00e0 Valence: Saut \u00e0 l&#8217;\u00e9lastique dans la Nature \ud83c\udf3f<\/strong><\/h4>\n<p><em>Vivez l&#8217;adr\u00e9naline pure avec notre exp\u00e9rience de puenting \u00e0 Valence!<\/em><\/p>\n<p>Bienvenue dans l&#8217;aventure ultime au c\u0153ur de la nature valencienne. Oubliez le quotidien stressant de la ville et plongez dans l&#8217;excitation pure du saut \u00e0 l&#8217;\u00e9lastique. \ud83c\udfde\ufe0f<\/p>\n<h6><strong>Le D\u00e9fi Audacieux: Deux Sauts, Une Exp\u00e9rience Inoubliable \ud83c\udf08<\/strong><\/h6>\n<p>Nous sommes situ\u00e9s loin de l&#8217;agitation urbaine, dans une zone naturelle et rurale \u00e0 couper le souffle. D\u00e9couvrez la beaut\u00e9 sauvage qui entoure notre site de saut \u00e0 l&#8217;\u00e9lastique, cr\u00e9ant le d\u00e9cor parfait pour une aventure m\u00e9morable.<\/p>\n<p>Le package exclusif comprend non pas un, mais deux sauts \u00e0 l&#8217;\u00e9lastique, offrant une dose suppl\u00e9mentaire d&#8217;adr\u00e9naline pour les vrais aventuriers. Choisissez entre une chute rafra\u00eechissante dans l&#8217;eau ou atterrissez avec style dans une cano\u00eb pour une exp\u00e9rience tout aussi excitante, mais plus s\u00e8che! \ud83d\udea3\u200d\u2642\ufe0f\ud83d\udca6<\/p>\n<h6><strong>R\u00e9serv\u00e9 aux Audacieux \ud83d\udcaa<\/strong><\/h6>\n<p>Seuls les plus courageux oseront relever ce d\u00e9fi. Si vous recherchez une exp\u00e9rience qui restera grav\u00e9e dans votre m\u00e9moire, c&#8217;est le moment de sauter dans l&#8217;inconnu avec notre puenting exceptionnel \u00e0 <a href=\"https:\/\/fr.wikipedia.org\/wiki\/Valence_(Espagne)\">Valence<\/a>.\u2728<\/p>\n<p><strong>R\u00e9servez Votre Aventure Aujourd&#8217;hui! \ud83c\udf9f\ufe0f<\/strong><\/p>\n<p>\u00cates-vous pr\u00eat \u00e0 d\u00e9fier vos limites? Ne manquez pas cette occasion unique de vivre une aventure inoubliable. R\u00e9servez d\u00e8s maintenant et pr\u00e9parez-vous \u00e0 vivre une mont\u00e9e d&#8217;adr\u00e9naline comme jamais auparavant! \ud83d\ude80<\/p>\n<p>&nbsp;<\/p>\n","protected":false},"excerpt":{"rendered":"<p>Saut \u00e0 L&#8217;\u00e9lastique Valence. A cinquante minutes du centre ville, un saut de pont en pleine nature. Deux sauts inclus.<\/p>\n","protected":false},"featured_media":3014,"comment_status":"open","ping_status":"closed","template":"","meta":{"_et_pb_use_builder":"","_et_pb_old_content":"","_et_gb_content_width":""},"product_brand":[],"product_cat":[531],"product_tag":[716],"class_list":{"0":"post-3013","1":"product","2":"type-product","3":"status-publish","4":"has-post-thumbnail","6":"product_cat-valencia","7":"product_tag-saut-a-lelastique-valence","9":"first","10":"instock","11":"shipping-taxable","12":"product-type-simple"},"yoast_head":"<!-- This site is optimized with the Yoast SEO plugin v26.4 - https:\/\/yoast.com\/wordpress\/plugins\/seo\/ -->\n<title>Saut \u00e0 L&#039;\u00e9lastique Valence<\/title>\n<meta name=\"description\" content=\"Saut \u00e0 L&#039;\u00e9lastique Valence. A cinquante minutes du centre ville, un saut de pont en pleine nature. Deux sauts inclus.\u00a0L&#039;adr\u00e9naline \u00e0 Valence.\" \/>\n<meta name=\"robots\" content=\"index, follow, max-snippet:-1, max-image-preview:large, max-video-preview:-1\" \/>\n<link rel=\"canonical\" href=\"https:\/\/stagpartynight.com\/fr\/product\/saut-a-lelastique-valence\/\" \/>\n<meta property=\"og:locale\" content=\"en_GB\" \/>\n<meta property=\"og:type\" content=\"article\" \/>\n<meta property=\"og:title\" content=\"Saut \u00e0 L&#039;\u00e9lastique Valence\" \/>\n<meta property=\"og:description\" content=\"Saut \u00e0 L&#039;\u00e9lastique Valence. A cinquante minutes du centre ville, un saut de pont en pleine nature. Deux sauts inclus.\u00a0L&#039;adr\u00e9naline \u00e0 Valence.\" \/>\n<meta property=\"og:url\" content=\"https:\/\/stagpartynight.com\/fr\/product\/saut-a-lelastique-valence\/\" \/>\n<meta property=\"og:site_name\" content=\"Nuit de f\u00eate de cerf\" \/>\n<meta property=\"og:image\" content=\"https:\/\/stagpartynight.com\/fr\/wp-content\/uploads\/sites\/3\/2024\/01\/Saut-a-Lelastique-Valence.jpg\" \/>\n\t<meta property=\"og:image:width\" content=\"426\" \/>\n\t<meta property=\"og:image:height\" content=\"640\" \/>\n\t<meta property=\"og:image:type\" content=\"image\/jpeg\" \/>\n<meta name=\"twitter:card\" content=\"summary_large_image\" \/>\n<meta name=\"twitter:label1\" content=\"Estimated reading time\" \/>\n\t<meta name=\"twitter:data1\" content=\"2 minutes\" \/>\n<script type=\"application\/ld+json\" class=\"yoast-schema-graph\">{\"@context\":\"https:\/\/schema.org\",\"@graph\":[{\"@type\":\"WebPage\",\"@id\":\"https:\/\/stagpartynight.com\/fr\/product\/saut-a-lelastique-valence\/\",\"url\":\"https:\/\/stagpartynight.com\/fr\/product\/saut-a-lelastique-valence\/\",\"name\":\"Saut \u00e0 L'\u00e9lastique Valence\",\"isPartOf\":{\"@id\":\"https:\/\/stagpartynight.com\/fr\/#website\"},\"primaryImageOfPage\":{\"@id\":\"https:\/\/stagpartynight.com\/fr\/product\/saut-a-lelastique-valence\/#primaryimage\"},\"image\":{\"@id\":\"https:\/\/stagpartynight.com\/fr\/product\/saut-a-lelastique-valence\/#primaryimage\"},\"thumbnailUrl\":\"https:\/\/stagpartynight.com\/fr\/wp-content\/uploads\/sites\/3\/2024\/01\/Saut-a-Lelastique-Valence.jpg\",\"datePublished\":\"2024-01-31T11:41:19+00:00\",\"description\":\"Saut \u00e0 L'\u00e9lastique Valence. A cinquante minutes du centre ville, un saut de pont en pleine nature. Deux sauts inclus.\u00a0L'adr\u00e9naline \u00e0 Valence.\",\"breadcrumb\":{\"@id\":\"https:\/\/stagpartynight.com\/fr\/product\/saut-a-lelastique-valence\/#breadcrumb\"},\"inLanguage\":\"en-GB\",\"potentialAction\":[{\"@type\":\"ReadAction\",\"target\":[\"https:\/\/stagpartynight.com\/fr\/product\/saut-a-lelastique-valence\/\"]}]},{\"@type\":\"ImageObject\",\"inLanguage\":\"en-GB\",\"@id\":\"https:\/\/stagpartynight.com\/fr\/product\/saut-a-lelastique-valence\/#primaryimage\",\"url\":\"https:\/\/stagpartynight.com\/fr\/wp-content\/uploads\/sites\/3\/2024\/01\/Saut-a-Lelastique-Valence.jpg\",\"contentUrl\":\"https:\/\/stagpartynight.com\/fr\/wp-content\/uploads\/sites\/3\/2024\/01\/Saut-a-Lelastique-Valence.jpg\",\"width\":426,\"height\":640,\"caption\":\"Saut \u00e0 L'\u00e9lastique Valence\"},{\"@type\":\"BreadcrumbList\",\"@id\":\"https:\/\/stagpartynight.com\/fr\/product\/saut-a-lelastique-valence\/#breadcrumb\",\"itemListElement\":[{\"@type\":\"ListItem\",\"position\":1,\"name\":\"Home\",\"item\":\"https:\/\/stagpartynight.com\/fr\/\"},{\"@type\":\"ListItem\",\"position\":2,\"name\":\"Tienda\",\"item\":\"https:\/\/stagpartynight.com\/fr\/tienda\/\"},{\"@type\":\"ListItem\",\"position\":3,\"name\":\"Saut \u00e0 L&#8217;\u00e9lastique Valence\"}]},{\"@type\":\"WebSite\",\"@id\":\"https:\/\/stagpartynight.com\/fr\/#website\",\"url\":\"https:\/\/stagpartynight.com\/fr\/\",\"name\":\"Stag Party Night\",\"description\":\"Your Stag Party Customized\",\"publisher\":{\"@id\":\"https:\/\/stagpartynight.com\/fr\/#organization\"},\"potentialAction\":[{\"@type\":\"SearchAction\",\"target\":{\"@type\":\"EntryPoint\",\"urlTemplate\":\"https:\/\/stagpartynight.com\/fr\/?s={search_term_string}\"},\"query-input\":{\"@type\":\"PropertyValueSpecification\",\"valueRequired\":true,\"valueName\":\"search_term_string\"}}],\"inLanguage\":\"en-GB\"},{\"@type\":\"Organization\",\"@id\":\"https:\/\/stagpartynight.com\/fr\/#organization\",\"name\":\"Stag Party Night\",\"url\":\"https:\/\/stagpartynight.com\/fr\/\",\"logo\":{\"@type\":\"ImageObject\",\"inLanguage\":\"en-GB\",\"@id\":\"https:\/\/stagpartynight.com\/fr\/#\/schema\/logo\/image\/\",\"url\":\"https:\/\/stagpartynight.com\/fr\/wp-content\/uploads\/sites\/3\/2019\/12\/stagpartynight-e1578565505687.png\",\"contentUrl\":\"https:\/\/stagpartynight.com\/fr\/wp-content\/uploads\/sites\/3\/2019\/12\/stagpartynight-e1578565505687.png\",\"width\":400,\"height\":400,\"caption\":\"Stag Party Night\"},\"image\":{\"@id\":\"https:\/\/stagpartynight.com\/fr\/#\/schema\/logo\/image\/\"}}]}<\/script>\n<!-- \/ Yoast SEO plugin. -->","yoast_head_json":{"title":"Saut \u00e0 L'\u00e9lastique Valence","description":"Saut \u00e0 L'\u00e9lastique Valence. A cinquante minutes du centre ville, un saut de pont en pleine nature. Deux sauts inclus.\u00a0L'adr\u00e9naline \u00e0 Valence.","robots":{"index":"index","follow":"follow","max-snippet":"max-snippet:-1","max-image-preview":"max-image-preview:large","max-video-preview":"max-video-preview:-1"},"canonical":"https:\/\/stagpartynight.com\/fr\/product\/saut-a-lelastique-valence\/","og_locale":"en_GB","og_type":"article","og_title":"Saut \u00e0 L'\u00e9lastique Valence","og_description":"Saut \u00e0 L'\u00e9lastique Valence. A cinquante minutes du centre ville, un saut de pont en pleine nature. Deux sauts inclus.\u00a0L'adr\u00e9naline \u00e0 Valence.","og_url":"https:\/\/stagpartynight.com\/fr\/product\/saut-a-lelastique-valence\/","og_site_name":"Nuit de f\u00eate de cerf","og_image":[{"width":426,"height":640,"url":"https:\/\/stagpartynight.com\/fr\/wp-content\/uploads\/sites\/3\/2024\/01\/Saut-a-Lelastique-Valence.jpg","type":"image\/jpeg"}],"twitter_card":"summary_large_image","twitter_misc":{"Estimated reading time":"2 minutes"},"schema":{"@context":"https:\/\/schema.org","@graph":[{"@type":"WebPage","@id":"https:\/\/stagpartynight.com\/fr\/product\/saut-a-lelastique-valence\/","url":"https:\/\/stagpartynight.com\/fr\/product\/saut-a-lelastique-valence\/","name":"Saut \u00e0 L'\u00e9lastique Valence","isPartOf":{"@id":"https:\/\/stagpartynight.com\/fr\/#website"},"primaryImageOfPage":{"@id":"https:\/\/stagpartynight.com\/fr\/product\/saut-a-lelastique-valence\/#primaryimage"},"image":{"@id":"https:\/\/stagpartynight.com\/fr\/product\/saut-a-lelastique-valence\/#primaryimage"},"thumbnailUrl":"https:\/\/stagpartynight.com\/fr\/wp-content\/uploads\/sites\/3\/2024\/01\/Saut-a-Lelastique-Valence.jpg","datePublished":"2024-01-31T11:41:19+00:00","description":"Saut \u00e0 L'\u00e9lastique Valence. A cinquante minutes du centre ville, un saut de pont en pleine nature. Deux sauts inclus.\u00a0L'adr\u00e9naline \u00e0 Valence.","breadcrumb":{"@id":"https:\/\/stagpartynight.com\/fr\/product\/saut-a-lelastique-valence\/#breadcrumb"},"inLanguage":"en-GB","potentialAction":[{"@type":"ReadAction","target":["https:\/\/stagpartynight.com\/fr\/product\/saut-a-lelastique-valence\/"]}]},{"@type":"ImageObject","inLanguage":"en-GB","@id":"https:\/\/stagpartynight.com\/fr\/product\/saut-a-lelastique-valence\/#primaryimage","url":"https:\/\/stagpartynight.com\/fr\/wp-content\/uploads\/sites\/3\/2024\/01\/Saut-a-Lelastique-Valence.jpg","contentUrl":"https:\/\/stagpartynight.com\/fr\/wp-content\/uploads\/sites\/3\/2024\/01\/Saut-a-Lelastique-Valence.jpg","width":426,"height":640,"caption":"Saut \u00e0 L'\u00e9lastique Valence"},{"@type":"BreadcrumbList","@id":"https:\/\/stagpartynight.com\/fr\/product\/saut-a-lelastique-valence\/#breadcrumb","itemListElement":[{"@type":"ListItem","position":1,"name":"Home","item":"https:\/\/stagpartynight.com\/fr\/"},{"@type":"ListItem","position":2,"name":"Tienda","item":"https:\/\/stagpartynight.com\/fr\/tienda\/"},{"@type":"ListItem","position":3,"name":"Saut \u00e0 L&#8217;\u00e9lastique Valence"}]},{"@type":"WebSite","@id":"https:\/\/stagpartynight.com\/fr\/#website","url":"https:\/\/stagpartynight.com\/fr\/","name":"Stag Party Night","description":"Your Stag Party Customized","publisher":{"@id":"https:\/\/stagpartynight.com\/fr\/#organization"},"potentialAction":[{"@type":"SearchAction","target":{"@type":"EntryPoint","urlTemplate":"https:\/\/stagpartynight.com\/fr\/?s={search_term_string}"},"query-input":{"@type":"PropertyValueSpecification","valueRequired":true,"valueName":"search_term_string"}}],"inLanguage":"en-GB"},{"@type":"Organization","@id":"https:\/\/stagpartynight.com\/fr\/#organization","name":"Stag Party Night","url":"https:\/\/stagpartynight.com\/fr\/","logo":{"@type":"ImageObject","inLanguage":"en-GB","@id":"https:\/\/stagpartynight.com\/fr\/#\/schema\/logo\/image\/","url":"https:\/\/stagpartynight.com\/fr\/wp-content\/uploads\/sites\/3\/2019\/12\/stagpartynight-e1578565505687.png","contentUrl":"https:\/\/stagpartynight.com\/fr\/wp-content\/uploads\/sites\/3\/2019\/12\/stagpartynight-e1578565505687.png","width":400,"height":400,"caption":"Stag Party Night"},"image":{"@id":"https:\/\/stagpartynight.com\/fr\/#\/schema\/logo\/image\/"}}]}},"_links":{"self":[{"href":"https:\/\/stagpartynight.com\/fr\/wp-json\/wp\/v2\/product\/3013","targetHints":{"allow":["GET"]}}],"collection":[{"href":"https:\/\/stagpartynight.com\/fr\/wp-json\/wp\/v2\/product"}],"about":[{"href":"https:\/\/stagpartynight.com\/fr\/wp-json\/wp\/v2\/types\/product"}],"replies":[{"embeddable":true,"href":"https:\/\/stagpartynight.com\/fr\/wp-json\/wp\/v2\/comments?post=3013"}],"wp:featuredmedia":[{"embeddable":true,"href":"https:\/\/stagpartynight.com\/fr\/wp-json\/wp\/v2\/media\/3014"}],"wp:attachment":[{"href":"https:\/\/stagpartynight.com\/fr\/wp-json\/wp\/v2\/media?parent=3013"}],"wp:term":[{"taxonomy":"product_brand","embeddable":true,"href":"https:\/\/stagpartynight.com\/fr\/wp-json\/wp\/v2\/product_brand?post=3013"},{"taxonomy":"product_cat","embeddable":true,"href":"https:\/\/stagpartynight.com\/fr\/wp-json\/wp\/v2\/product_cat?post=3013"},{"taxonomy":"product_tag","embeddable":true,"href":"https:\/\/stagpartynight.com\/fr\/wp-json\/wp\/v2\/product_tag?post=3013"}],"curies":[{"name":"wp","href":"https:\/\/api.w.org\/{rel}","templated":true}]}}