{"id":3015,"date":"2024-01-31T12:51:22","date_gmt":"2024-01-31T11:51:22","guid":{"rendered":"https:\/\/stagpartynight.com\/fr\/?post_type=product&#038;p=3015"},"modified":"2024-01-31T12:51:23","modified_gmt":"2024-01-31T11:51:23","slug":"archery-tag-valence","status":"publish","type":"product","link":"https:\/\/stagpartynight.com\/fr\/product\/archery-tag-valence\/","title":{"rendered":"Archery Tag Valence"},"content":{"rendered":"<p>Archery Tag Valence. Deux equipes. Un seul objectif : gagner. Profitez de ce jeu de tir \u00e0 l&#8217;arc avec des amis.<\/p>\n<p>Les meilleurs enterrements de vie de gar\u00e7on avec <a href=\"https:\/\/stagpartynight.com\/\">Stagparty<\/a>!<\/p>\n<h2 style=\"text-align: center;\">Archery Tag Valence<strong style=\"color: #666666; font-size: 14px;\">\ud83c\udff9<\/strong><\/h2>\n<h4><strong>Exp\u00e9rience Unique en <a href=\"https:\/\/fr.wikipedia.org\/wiki\/Valence_(Espagne)\">Valence<\/a>: Urban Archery Combat \ud83c\udfaf<\/strong><\/h4>\n<p><em>Plongez dans l&#8217;Action avec le Jeu de Tir \u00e0 l&#8217;Arc le Plus Palpitant!<\/em><\/p>\n<p><strong>D\u00e9couvrez Urban Archery: La Nouvelle Sensation Ludique en Espagne \ud83c\uddea\ud83c\uddf8<\/strong><\/p>\n<p>En cette occasion, nous vous proposons de vivre une exp\u00e9rience unique en Espagne en jouant \u00e0 Urban Archery avec vos amis. Munissez-vous d&#8217;un arc et d\u00e9montrez votre adresse dans ce jeu palpitant. L&#8217;objectif? Frapper tous les cibles adverses avant qu&#8217;ils ne touchent les v\u00f4tres. \ud83c\udff9\ud83d\udca5<\/p>\n<p><strong>Guid\u00e9 par des Moniteurs Experts: Conseils et Astuces pour le Succ\u00e8s \ud83c\udf93<\/strong><\/p>\n<p>Notre \u00e9quipe de moniteurs exp\u00e9riment\u00e9s sera \u00e0 vos c\u00f4t\u00e9s pour vous fournir le mat\u00e9riel n\u00e9cessaire et partager des conseils et astuces cruciaux pour exceller dans ce &#8220;combat&#8221; unique. Vous n&#8217;avez qu&#8217;\u00e0 vous concentrer sur votre strat\u00e9gie et votre pr\u00e9cision, nous nous occupons du reste!<\/p>\n<p><strong>Accessible \u00e0 Tous: Amusement pour Tous les \u00c2ges et Toutes Conditions Physiques \ud83c\udf1f<\/strong><\/p>\n<p>Urban Archery est un jeu qui convient \u00e0 tous les joueurs de plus de 10 ans, sans n\u00e9cessit\u00e9 d&#8217;une condition physique excellente. Chaque participant peut choisir un r\u00f4le adapt\u00e9 \u00e0 ses comp\u00e9tences et pr\u00e9f\u00e9rences, assurant une exp\u00e9rience ludique pour tous.<\/p>\n<p><strong>Adopt\u00e9 par Tous: Parfait pour Entreprises, Familles et Groupes de Jeunes! \ud83e\udd1d\ud83d\udc68\u200d\ud83d\udc69\u200d\ud83d\udc67\u200d\ud83d\udc66<\/strong><\/p>\n<p>Cette activit\u00e9 gagne en popularit\u00e9 aupr\u00e8s des entreprises, des familles et des groupes de jeunes. 100% indolore, extr\u00eamement divertissant et amusant, Urban Archery est le choix id\u00e9al pour des moments m\u00e9morables avec vos proches.<\/p>\n<p>Pr\u00eat \u00e0 relever le d\u00e9fi? R\u00e9servez votre session Urban Archery aujourd&#8217;hui et pr\u00e9parez-vous \u00e0 vivre une aventure inoubliable pleine d&#8217;action et de camaraderie. \ud83c\udf08\u2728<\/p>\n<p style=\"text-align: center;\"><strong>R\u00e9servez Votre Session d\u00e8s Maintenant! \ud83c\udf9f\ufe0f<\/strong><\/p>\n<p style=\"text-align: center;\"><strong style=\"text-align: center;\">\ud83c\udff9<\/strong>R\u00e9servez Archery Tag Valence<strong style=\"text-align: center;\">\ud83c\udff9<\/strong><\/p>\n","protected":false},"excerpt":{"rendered":"<p>Archery Tag Valence. Deux equipes. Un seul objectif : gagner. Profitez de ce jeu de tir \u00e0 l&#8217;arc avec des amis.<\/p>\n","protected":false},"featured_media":3016,"comment_status":"open","ping_status":"closed","template":"","meta":{"_et_pb_use_builder":"","_et_pb_old_content":"","_et_gb_content_width":""},"product_brand":[],"product_cat":[531],"product_tag":[],"class_list":{"0":"post-3015","1":"product","2":"type-product","3":"status-publish","4":"has-post-thumbnail","6":"product_cat-valencia","8":"first","9":"instock","10":"shipping-taxable","11":"product-type-simple"},"yoast_head":"<!-- This site is optimized with the Yoast SEO plugin v26.4 - https:\/\/yoast.com\/wordpress\/plugins\/seo\/ -->\n<title>Archery Tag Valence<\/title>\n<meta name=\"description\" content=\"Archery Tag Valence. Deux equipes. Un seul objectif : gagner. Profitez de ce jeu de tir \u00e0 l&#039;arc avec des amis. Experience unique.\" \/>\n<meta name=\"robots\" content=\"index, follow, max-snippet:-1, max-image-preview:large, max-video-preview:-1\" \/>\n<link rel=\"canonical\" href=\"https:\/\/stagpartynight.com\/fr\/product\/archery-tag-valence\/\" \/>\n<meta property=\"og:locale\" content=\"en_GB\" \/>\n<meta property=\"og:type\" content=\"article\" \/>\n<meta property=\"og:title\" content=\"Archery Tag Valence\" \/>\n<meta property=\"og:description\" content=\"Archery Tag Valence. Deux equipes. Un seul objectif : gagner. Profitez de ce jeu de tir \u00e0 l&#039;arc avec des amis. Experience unique.\" \/>\n<meta property=\"og:url\" content=\"https:\/\/stagpartynight.com\/fr\/product\/archery-tag-valence\/\" \/>\n<meta property=\"og:site_name\" content=\"Nuit de f\u00eate de cerf\" \/>\n<meta property=\"article:modified_time\" content=\"2024-01-31T11:51:23+00:00\" \/>\n<meta property=\"og:image\" content=\"https:\/\/stagpartynight.com\/fr\/wp-content\/uploads\/sites\/3\/2024\/01\/Archery-Tag-Valence.jpg\" \/>\n\t<meta property=\"og:image:width\" content=\"700\" \/>\n\t<meta property=\"og:image:height\" content=\"420\" \/>\n\t<meta property=\"og:image:type\" content=\"image\/jpeg\" \/>\n<meta name=\"twitter:card\" content=\"summary_large_image\" \/>\n<meta name=\"twitter:label1\" content=\"Estimated reading time\" \/>\n\t<meta name=\"twitter:data1\" content=\"2 minutes\" \/>\n<script type=\"application\/ld+json\" class=\"yoast-schema-graph\">{\"@context\":\"https:\/\/schema.org\",\"@graph\":[{\"@type\":\"WebPage\",\"@id\":\"https:\/\/stagpartynight.com\/fr\/product\/archery-tag-valence\/\",\"url\":\"https:\/\/stagpartynight.com\/fr\/product\/archery-tag-valence\/\",\"name\":\"Archery Tag Valence\",\"isPartOf\":{\"@id\":\"https:\/\/stagpartynight.com\/fr\/#website\"},\"primaryImageOfPage\":{\"@id\":\"https:\/\/stagpartynight.com\/fr\/product\/archery-tag-valence\/#primaryimage\"},\"image\":{\"@id\":\"https:\/\/stagpartynight.com\/fr\/product\/archery-tag-valence\/#primaryimage\"},\"thumbnailUrl\":\"https:\/\/stagpartynight.com\/fr\/wp-content\/uploads\/sites\/3\/2024\/01\/Archery-Tag-Valence.jpg\",\"datePublished\":\"2024-01-31T11:51:22+00:00\",\"dateModified\":\"2024-01-31T11:51:23+00:00\",\"description\":\"Archery Tag Valence. Deux equipes. Un seul objectif : gagner. Profitez de ce jeu de tir \u00e0 l'arc avec des amis. Experience unique.\",\"breadcrumb\":{\"@id\":\"https:\/\/stagpartynight.com\/fr\/product\/archery-tag-valence\/#breadcrumb\"},\"inLanguage\":\"en-GB\",\"potentialAction\":[{\"@type\":\"ReadAction\",\"target\":[\"https:\/\/stagpartynight.com\/fr\/product\/archery-tag-valence\/\"]}]},{\"@type\":\"ImageObject\",\"inLanguage\":\"en-GB\",\"@id\":\"https:\/\/stagpartynight.com\/fr\/product\/archery-tag-valence\/#primaryimage\",\"url\":\"https:\/\/stagpartynight.com\/fr\/wp-content\/uploads\/sites\/3\/2024\/01\/Archery-Tag-Valence.jpg\",\"contentUrl\":\"https:\/\/stagpartynight.com\/fr\/wp-content\/uploads\/sites\/3\/2024\/01\/Archery-Tag-Valence.jpg\",\"width\":700,\"height\":420,\"caption\":\"Archery Tag Valence\"},{\"@type\":\"BreadcrumbList\",\"@id\":\"https:\/\/stagpartynight.com\/fr\/product\/archery-tag-valence\/#breadcrumb\",\"itemListElement\":[{\"@type\":\"ListItem\",\"position\":1,\"name\":\"Home\",\"item\":\"https:\/\/stagpartynight.com\/fr\/\"},{\"@type\":\"ListItem\",\"position\":2,\"name\":\"Tienda\",\"item\":\"https:\/\/stagpartynight.com\/fr\/tienda\/\"},{\"@type\":\"ListItem\",\"position\":3,\"name\":\"Archery Tag Valence\"}]},{\"@type\":\"WebSite\",\"@id\":\"https:\/\/stagpartynight.com\/fr\/#website\",\"url\":\"https:\/\/stagpartynight.com\/fr\/\",\"name\":\"Stag Party Night\",\"description\":\"Your Stag Party Customized\",\"publisher\":{\"@id\":\"https:\/\/stagpartynight.com\/fr\/#organization\"},\"potentialAction\":[{\"@type\":\"SearchAction\",\"target\":{\"@type\":\"EntryPoint\",\"urlTemplate\":\"https:\/\/stagpartynight.com\/fr\/?s={search_term_string}\"},\"query-input\":{\"@type\":\"PropertyValueSpecification\",\"valueRequired\":true,\"valueName\":\"search_term_string\"}}],\"inLanguage\":\"en-GB\"},{\"@type\":\"Organization\",\"@id\":\"https:\/\/stagpartynight.com\/fr\/#organization\",\"name\":\"Stag Party Night\",\"url\":\"https:\/\/stagpartynight.com\/fr\/\",\"logo\":{\"@type\":\"ImageObject\",\"inLanguage\":\"en-GB\",\"@id\":\"https:\/\/stagpartynight.com\/fr\/#\/schema\/logo\/image\/\",\"url\":\"https:\/\/stagpartynight.com\/fr\/wp-content\/uploads\/sites\/3\/2019\/12\/stagpartynight-e1578565505687.png\",\"contentUrl\":\"https:\/\/stagpartynight.com\/fr\/wp-content\/uploads\/sites\/3\/2019\/12\/stagpartynight-e1578565505687.png\",\"width\":400,\"height\":400,\"caption\":\"Stag Party Night\"},\"image\":{\"@id\":\"https:\/\/stagpartynight.com\/fr\/#\/schema\/logo\/image\/\"}}]}<\/script>\n<!-- \/ Yoast SEO plugin. -->","yoast_head_json":{"title":"Archery Tag Valence","description":"Archery Tag Valence. Deux equipes. Un seul objectif : gagner. Profitez de ce jeu de tir \u00e0 l'arc avec des amis. Experience unique.","robots":{"index":"index","follow":"follow","max-snippet":"max-snippet:-1","max-image-preview":"max-image-preview:large","max-video-preview":"max-video-preview:-1"},"canonical":"https:\/\/stagpartynight.com\/fr\/product\/archery-tag-valence\/","og_locale":"en_GB","og_type":"article","og_title":"Archery Tag Valence","og_description":"Archery Tag Valence. Deux equipes. Un seul objectif : gagner. Profitez de ce jeu de tir \u00e0 l'arc avec des amis. Experience unique.","og_url":"https:\/\/stagpartynight.com\/fr\/product\/archery-tag-valence\/","og_site_name":"Nuit de f\u00eate de cerf","article_modified_time":"2024-01-31T11:51:23+00:00","og_image":[{"width":700,"height":420,"url":"https:\/\/stagpartynight.com\/fr\/wp-content\/uploads\/sites\/3\/2024\/01\/Archery-Tag-Valence.jpg","type":"image\/jpeg"}],"twitter_card":"summary_large_image","twitter_misc":{"Estimated reading time":"2 minutes"},"schema":{"@context":"https:\/\/schema.org","@graph":[{"@type":"WebPage","@id":"https:\/\/stagpartynight.com\/fr\/product\/archery-tag-valence\/","url":"https:\/\/stagpartynight.com\/fr\/product\/archery-tag-valence\/","name":"Archery Tag Valence","isPartOf":{"@id":"https:\/\/stagpartynight.com\/fr\/#website"},"primaryImageOfPage":{"@id":"https:\/\/stagpartynight.com\/fr\/product\/archery-tag-valence\/#primaryimage"},"image":{"@id":"https:\/\/stagpartynight.com\/fr\/product\/archery-tag-valence\/#primaryimage"},"thumbnailUrl":"https:\/\/stagpartynight.com\/fr\/wp-content\/uploads\/sites\/3\/2024\/01\/Archery-Tag-Valence.jpg","datePublished":"2024-01-31T11:51:22+00:00","dateModified":"2024-01-31T11:51:23+00:00","description":"Archery Tag Valence. Deux equipes. Un seul objectif : gagner. Profitez de ce jeu de tir \u00e0 l'arc avec des amis. Experience unique.","breadcrumb":{"@id":"https:\/\/stagpartynight.com\/fr\/product\/archery-tag-valence\/#breadcrumb"},"inLanguage":"en-GB","potentialAction":[{"@type":"ReadAction","target":["https:\/\/stagpartynight.com\/fr\/product\/archery-tag-valence\/"]}]},{"@type":"ImageObject","inLanguage":"en-GB","@id":"https:\/\/stagpartynight.com\/fr\/product\/archery-tag-valence\/#primaryimage","url":"https:\/\/stagpartynight.com\/fr\/wp-content\/uploads\/sites\/3\/2024\/01\/Archery-Tag-Valence.jpg","contentUrl":"https:\/\/stagpartynight.com\/fr\/wp-content\/uploads\/sites\/3\/2024\/01\/Archery-Tag-Valence.jpg","width":700,"height":420,"caption":"Archery Tag Valence"},{"@type":"BreadcrumbList","@id":"https:\/\/stagpartynight.com\/fr\/product\/archery-tag-valence\/#breadcrumb","itemListElement":[{"@type":"ListItem","position":1,"name":"Home","item":"https:\/\/stagpartynight.com\/fr\/"},{"@type":"ListItem","position":2,"name":"Tienda","item":"https:\/\/stagpartynight.com\/fr\/tienda\/"},{"@type":"ListItem","position":3,"name":"Archery Tag Valence"}]},{"@type":"WebSite","@id":"https:\/\/stagpartynight.com\/fr\/#website","url":"https:\/\/stagpartynight.com\/fr\/","name":"Stag Party Night","description":"Your Stag Party Customized","publisher":{"@id":"https:\/\/stagpartynight.com\/fr\/#organization"},"potentialAction":[{"@type":"SearchAction","target":{"@type":"EntryPoint","urlTemplate":"https:\/\/stagpartynight.com\/fr\/?s={search_term_string}"},"query-input":{"@type":"PropertyValueSpecification","valueRequired":true,"valueName":"search_term_string"}}],"inLanguage":"en-GB"},{"@type":"Organization","@id":"https:\/\/stagpartynight.com\/fr\/#organization","name":"Stag Party Night","url":"https:\/\/stagpartynight.com\/fr\/","logo":{"@type":"ImageObject","inLanguage":"en-GB","@id":"https:\/\/stagpartynight.com\/fr\/#\/schema\/logo\/image\/","url":"https:\/\/stagpartynight.com\/fr\/wp-content\/uploads\/sites\/3\/2019\/12\/stagpartynight-e1578565505687.png","contentUrl":"https:\/\/stagpartynight.com\/fr\/wp-content\/uploads\/sites\/3\/2019\/12\/stagpartynight-e1578565505687.png","width":400,"height":400,"caption":"Stag Party Night"},"image":{"@id":"https:\/\/stagpartynight.com\/fr\/#\/schema\/logo\/image\/"}}]}},"_links":{"self":[{"href":"https:\/\/stagpartynight.com\/fr\/wp-json\/wp\/v2\/product\/3015","targetHints":{"allow":["GET"]}}],"collection":[{"href":"https:\/\/stagpartynight.com\/fr\/wp-json\/wp\/v2\/product"}],"about":[{"href":"https:\/\/stagpartynight.com\/fr\/wp-json\/wp\/v2\/types\/product"}],"replies":[{"embeddable":true,"href":"https:\/\/stagpartynight.com\/fr\/wp-json\/wp\/v2\/comments?post=3015"}],"wp:featuredmedia":[{"embeddable":true,"href":"https:\/\/stagpartynight.com\/fr\/wp-json\/wp\/v2\/media\/3016"}],"wp:attachment":[{"href":"https:\/\/stagpartynight.com\/fr\/wp-json\/wp\/v2\/media?parent=3015"}],"wp:term":[{"taxonomy":"product_brand","embeddable":true,"href":"https:\/\/stagpartynight.com\/fr\/wp-json\/wp\/v2\/product_brand?post=3015"},{"taxonomy":"product_cat","embeddable":true,"href":"https:\/\/stagpartynight.com\/fr\/wp-json\/wp\/v2\/product_cat?post=3015"},{"taxonomy":"product_tag","embeddable":true,"href":"https:\/\/stagpartynight.com\/fr\/wp-json\/wp\/v2\/product_tag?post=3015"}],"curies":[{"name":"wp","href":"https:\/\/api.w.org\/{rel}","templated":true}]}}