{"id":302,"date":"2020-01-08T15:31:54","date_gmt":"2020-01-08T14:31:54","guid":{"rendered":"https:\/\/stagpartynight.com\/fr\/?post_type=product&#038;p=302"},"modified":"2021-01-29T12:44:50","modified_gmt":"2021-01-29T11:44:50","slug":"private-walking-tour-lisboa","status":"publish","type":"product","link":"https:\/\/stagpartynight.com\/fr\/product\/private-walking-tour-lisboa\/","title":{"rendered":"Visite priv\u00e9e \u00e0 pied de Lisbonne"},"content":{"rendered":"<p>Visite guid\u00e9e de 2,5 heures au cours de laquelle vous d\u00e9couvrirez les endroits les plus incroyables de Lisbonne. Vous d\u00e9couvrirez son pass\u00e9 et son histoire, dans une activit\u00e9 de grande qualit\u00e9.<\/p>\n","protected":false},"excerpt":{"rendered":"<p>Visite guid\u00e9e de 2,5 heures au cours de laquelle vous d\u00e9couvrirez les endroits les plus incroyables de Lisbonne. Vous d\u00e9couvrirez son pass\u00e9 et son histoire, dans une activit\u00e9 de grande qualit\u00e9.<\/p>\n","protected":false},"featured_media":303,"comment_status":"open","ping_status":"closed","template":"","meta":{"_et_pb_use_builder":"","_et_pb_old_content":"","_et_gb_content_width":""},"product_brand":[],"product_cat":[148],"product_tag":[278,277,276],"class_list":{"0":"post-302","1":"product","2":"type-product","3":"status-publish","4":"has-post-thumbnail","6":"product_cat-lisboa","7":"product_tag-tours-a-lisbonne","8":"product_tag-tours-lisbonne","9":"product_tag-visite-privee-a-pied-de-lisbonne","11":"first","12":"instock","13":"virtual","14":"product-type-simple"},"yoast_head":"<!-- This site is optimized with the Yoast SEO plugin v26.4 - https:\/\/yoast.com\/wordpress\/plugins\/seo\/ -->\n<title>Visite priv\u00e9e \u00e0 pied de Lisbonne - Tours \u00e0 Lisbonne - Tour Lisbonne<\/title>\n<meta name=\"description\" content=\"Visite priv\u00e9e \u00e0 pied de Lisbonne - Visite guid\u00e9e de 2,5 heures au cours de laquelle vous d\u00e9couvrirez les endroits les plus incroyables de Lisbonne. Vous d\u00e9couvrirez son pass\u00e9 et son histoire, dans une activit\u00e9 de grande qualit\u00e9.\" \/>\n<meta name=\"robots\" content=\"index, follow, max-snippet:-1, max-image-preview:large, max-video-preview:-1\" \/>\n<link rel=\"canonical\" href=\"https:\/\/stagpartynight.com\/fr\/product\/private-walking-tour-lisboa\/\" \/>\n<meta property=\"og:locale\" content=\"en_GB\" \/>\n<meta property=\"og:type\" content=\"article\" \/>\n<meta property=\"og:title\" content=\"Visite priv\u00e9e \u00e0 pied de Lisbonne - Tours \u00e0 Lisbonne - Tour Lisbonne\" \/>\n<meta property=\"og:description\" content=\"Visite priv\u00e9e \u00e0 pied de Lisbonne - Visite guid\u00e9e de 2,5 heures au cours de laquelle vous d\u00e9couvrirez les endroits les plus incroyables de Lisbonne. Vous d\u00e9couvrirez son pass\u00e9 et son histoire, dans une activit\u00e9 de grande qualit\u00e9.\" \/>\n<meta property=\"og:url\" content=\"https:\/\/stagpartynight.com\/fr\/product\/private-walking-tour-lisboa\/\" \/>\n<meta property=\"og:site_name\" content=\"Nuit de f\u00eate de cerf\" \/>\n<meta property=\"article:modified_time\" content=\"2021-01-29T11:44:50+00:00\" \/>\n<meta property=\"og:image\" content=\"https:\/\/stagpartynight.com\/fr\/wp-content\/uploads\/sites\/3\/2020\/01\/Private-Walking-Tour-Lisboa.jpg\" \/>\n\t<meta property=\"og:image:width\" content=\"1200\" \/>\n\t<meta property=\"og:image:height\" content=\"800\" \/>\n\t<meta property=\"og:image:type\" content=\"image\/jpeg\" \/>\n<meta name=\"twitter:card\" content=\"summary_large_image\" \/>\n<script type=\"application\/ld+json\" class=\"yoast-schema-graph\">{\"@context\":\"https:\/\/schema.org\",\"@graph\":[{\"@type\":\"WebPage\",\"@id\":\"https:\/\/stagpartynight.com\/fr\/product\/private-walking-tour-lisboa\/\",\"url\":\"https:\/\/stagpartynight.com\/fr\/product\/private-walking-tour-lisboa\/\",\"name\":\"Visite priv\u00e9e \u00e0 pied de Lisbonne - Tours \u00e0 Lisbonne - Tour Lisbonne\",\"isPartOf\":{\"@id\":\"https:\/\/stagpartynight.com\/fr\/#website\"},\"primaryImageOfPage\":{\"@id\":\"https:\/\/stagpartynight.com\/fr\/product\/private-walking-tour-lisboa\/#primaryimage\"},\"image\":{\"@id\":\"https:\/\/stagpartynight.com\/fr\/product\/private-walking-tour-lisboa\/#primaryimage\"},\"thumbnailUrl\":\"https:\/\/stagpartynight.com\/fr\/wp-content\/uploads\/sites\/3\/2020\/01\/Private-Walking-Tour-Lisboa.jpg\",\"datePublished\":\"2020-01-08T14:31:54+00:00\",\"dateModified\":\"2021-01-29T11:44:50+00:00\",\"description\":\"Visite priv\u00e9e \u00e0 pied de Lisbonne - Visite guid\u00e9e de 2,5 heures au cours de laquelle vous d\u00e9couvrirez les endroits les plus incroyables de Lisbonne. Vous d\u00e9couvrirez son pass\u00e9 et son histoire, dans une activit\u00e9 de grande qualit\u00e9.\",\"breadcrumb\":{\"@id\":\"https:\/\/stagpartynight.com\/fr\/product\/private-walking-tour-lisboa\/#breadcrumb\"},\"inLanguage\":\"en-GB\",\"potentialAction\":[{\"@type\":\"ReadAction\",\"target\":[\"https:\/\/stagpartynight.com\/fr\/product\/private-walking-tour-lisboa\/\"]}]},{\"@type\":\"ImageObject\",\"inLanguage\":\"en-GB\",\"@id\":\"https:\/\/stagpartynight.com\/fr\/product\/private-walking-tour-lisboa\/#primaryimage\",\"url\":\"https:\/\/stagpartynight.com\/fr\/wp-content\/uploads\/sites\/3\/2020\/01\/Private-Walking-Tour-Lisboa.jpg\",\"contentUrl\":\"https:\/\/stagpartynight.com\/fr\/wp-content\/uploads\/sites\/3\/2020\/01\/Private-Walking-Tour-Lisboa.jpg\",\"width\":1200,\"height\":800},{\"@type\":\"BreadcrumbList\",\"@id\":\"https:\/\/stagpartynight.com\/fr\/product\/private-walking-tour-lisboa\/#breadcrumb\",\"itemListElement\":[{\"@type\":\"ListItem\",\"position\":1,\"name\":\"Home\",\"item\":\"https:\/\/stagpartynight.com\/fr\/\"},{\"@type\":\"ListItem\",\"position\":2,\"name\":\"Tienda\",\"item\":\"https:\/\/stagpartynight.com\/fr\/tienda\/\"},{\"@type\":\"ListItem\",\"position\":3,\"name\":\"Visite priv\u00e9e \u00e0 pied de Lisbonne\"}]},{\"@type\":\"WebSite\",\"@id\":\"https:\/\/stagpartynight.com\/fr\/#website\",\"url\":\"https:\/\/stagpartynight.com\/fr\/\",\"name\":\"Stag Party Night\",\"description\":\"Your Stag Party Customized\",\"publisher\":{\"@id\":\"https:\/\/stagpartynight.com\/fr\/#organization\"},\"potentialAction\":[{\"@type\":\"SearchAction\",\"target\":{\"@type\":\"EntryPoint\",\"urlTemplate\":\"https:\/\/stagpartynight.com\/fr\/?s={search_term_string}\"},\"query-input\":{\"@type\":\"PropertyValueSpecification\",\"valueRequired\":true,\"valueName\":\"search_term_string\"}}],\"inLanguage\":\"en-GB\"},{\"@type\":\"Organization\",\"@id\":\"https:\/\/stagpartynight.com\/fr\/#organization\",\"name\":\"Stag Party Night\",\"url\":\"https:\/\/stagpartynight.com\/fr\/\",\"logo\":{\"@type\":\"ImageObject\",\"inLanguage\":\"en-GB\",\"@id\":\"https:\/\/stagpartynight.com\/fr\/#\/schema\/logo\/image\/\",\"url\":\"https:\/\/stagpartynight.com\/fr\/wp-content\/uploads\/sites\/3\/2019\/12\/stagpartynight-e1578565505687.png\",\"contentUrl\":\"https:\/\/stagpartynight.com\/fr\/wp-content\/uploads\/sites\/3\/2019\/12\/stagpartynight-e1578565505687.png\",\"width\":400,\"height\":400,\"caption\":\"Stag Party Night\"},\"image\":{\"@id\":\"https:\/\/stagpartynight.com\/fr\/#\/schema\/logo\/image\/\"}}]}<\/script>\n<!-- \/ Yoast SEO plugin. -->","yoast_head_json":{"title":"Visite priv\u00e9e \u00e0 pied de Lisbonne - Tours \u00e0 Lisbonne - Tour Lisbonne","description":"Visite priv\u00e9e \u00e0 pied de Lisbonne - Visite guid\u00e9e de 2,5 heures au cours de laquelle vous d\u00e9couvrirez les endroits les plus incroyables de Lisbonne. Vous d\u00e9couvrirez son pass\u00e9 et son histoire, dans une activit\u00e9 de grande qualit\u00e9.","robots":{"index":"index","follow":"follow","max-snippet":"max-snippet:-1","max-image-preview":"max-image-preview:large","max-video-preview":"max-video-preview:-1"},"canonical":"https:\/\/stagpartynight.com\/fr\/product\/private-walking-tour-lisboa\/","og_locale":"en_GB","og_type":"article","og_title":"Visite priv\u00e9e \u00e0 pied de Lisbonne - Tours \u00e0 Lisbonne - Tour Lisbonne","og_description":"Visite priv\u00e9e \u00e0 pied de Lisbonne - Visite guid\u00e9e de 2,5 heures au cours de laquelle vous d\u00e9couvrirez les endroits les plus incroyables de Lisbonne. Vous d\u00e9couvrirez son pass\u00e9 et son histoire, dans une activit\u00e9 de grande qualit\u00e9.","og_url":"https:\/\/stagpartynight.com\/fr\/product\/private-walking-tour-lisboa\/","og_site_name":"Nuit de f\u00eate de cerf","article_modified_time":"2021-01-29T11:44:50+00:00","og_image":[{"width":1200,"height":800,"url":"https:\/\/stagpartynight.com\/fr\/wp-content\/uploads\/sites\/3\/2020\/01\/Private-Walking-Tour-Lisboa.jpg","type":"image\/jpeg"}],"twitter_card":"summary_large_image","schema":{"@context":"https:\/\/schema.org","@graph":[{"@type":"WebPage","@id":"https:\/\/stagpartynight.com\/fr\/product\/private-walking-tour-lisboa\/","url":"https:\/\/stagpartynight.com\/fr\/product\/private-walking-tour-lisboa\/","name":"Visite priv\u00e9e \u00e0 pied de Lisbonne - Tours \u00e0 Lisbonne - Tour Lisbonne","isPartOf":{"@id":"https:\/\/stagpartynight.com\/fr\/#website"},"primaryImageOfPage":{"@id":"https:\/\/stagpartynight.com\/fr\/product\/private-walking-tour-lisboa\/#primaryimage"},"image":{"@id":"https:\/\/stagpartynight.com\/fr\/product\/private-walking-tour-lisboa\/#primaryimage"},"thumbnailUrl":"https:\/\/stagpartynight.com\/fr\/wp-content\/uploads\/sites\/3\/2020\/01\/Private-Walking-Tour-Lisboa.jpg","datePublished":"2020-01-08T14:31:54+00:00","dateModified":"2021-01-29T11:44:50+00:00","description":"Visite priv\u00e9e \u00e0 pied de Lisbonne - Visite guid\u00e9e de 2,5 heures au cours de laquelle vous d\u00e9couvrirez les endroits les plus incroyables de Lisbonne. Vous d\u00e9couvrirez son pass\u00e9 et son histoire, dans une activit\u00e9 de grande qualit\u00e9.","breadcrumb":{"@id":"https:\/\/stagpartynight.com\/fr\/product\/private-walking-tour-lisboa\/#breadcrumb"},"inLanguage":"en-GB","potentialAction":[{"@type":"ReadAction","target":["https:\/\/stagpartynight.com\/fr\/product\/private-walking-tour-lisboa\/"]}]},{"@type":"ImageObject","inLanguage":"en-GB","@id":"https:\/\/stagpartynight.com\/fr\/product\/private-walking-tour-lisboa\/#primaryimage","url":"https:\/\/stagpartynight.com\/fr\/wp-content\/uploads\/sites\/3\/2020\/01\/Private-Walking-Tour-Lisboa.jpg","contentUrl":"https:\/\/stagpartynight.com\/fr\/wp-content\/uploads\/sites\/3\/2020\/01\/Private-Walking-Tour-Lisboa.jpg","width":1200,"height":800},{"@type":"BreadcrumbList","@id":"https:\/\/stagpartynight.com\/fr\/product\/private-walking-tour-lisboa\/#breadcrumb","itemListElement":[{"@type":"ListItem","position":1,"name":"Home","item":"https:\/\/stagpartynight.com\/fr\/"},{"@type":"ListItem","position":2,"name":"Tienda","item":"https:\/\/stagpartynight.com\/fr\/tienda\/"},{"@type":"ListItem","position":3,"name":"Visite priv\u00e9e \u00e0 pied de Lisbonne"}]},{"@type":"WebSite","@id":"https:\/\/stagpartynight.com\/fr\/#website","url":"https:\/\/stagpartynight.com\/fr\/","name":"Stag Party Night","description":"Your Stag Party Customized","publisher":{"@id":"https:\/\/stagpartynight.com\/fr\/#organization"},"potentialAction":[{"@type":"SearchAction","target":{"@type":"EntryPoint","urlTemplate":"https:\/\/stagpartynight.com\/fr\/?s={search_term_string}"},"query-input":{"@type":"PropertyValueSpecification","valueRequired":true,"valueName":"search_term_string"}}],"inLanguage":"en-GB"},{"@type":"Organization","@id":"https:\/\/stagpartynight.com\/fr\/#organization","name":"Stag Party Night","url":"https:\/\/stagpartynight.com\/fr\/","logo":{"@type":"ImageObject","inLanguage":"en-GB","@id":"https:\/\/stagpartynight.com\/fr\/#\/schema\/logo\/image\/","url":"https:\/\/stagpartynight.com\/fr\/wp-content\/uploads\/sites\/3\/2019\/12\/stagpartynight-e1578565505687.png","contentUrl":"https:\/\/stagpartynight.com\/fr\/wp-content\/uploads\/sites\/3\/2019\/12\/stagpartynight-e1578565505687.png","width":400,"height":400,"caption":"Stag Party Night"},"image":{"@id":"https:\/\/stagpartynight.com\/fr\/#\/schema\/logo\/image\/"}}]}},"_links":{"self":[{"href":"https:\/\/stagpartynight.com\/fr\/wp-json\/wp\/v2\/product\/302","targetHints":{"allow":["GET"]}}],"collection":[{"href":"https:\/\/stagpartynight.com\/fr\/wp-json\/wp\/v2\/product"}],"about":[{"href":"https:\/\/stagpartynight.com\/fr\/wp-json\/wp\/v2\/types\/product"}],"replies":[{"embeddable":true,"href":"https:\/\/stagpartynight.com\/fr\/wp-json\/wp\/v2\/comments?post=302"}],"wp:featuredmedia":[{"embeddable":true,"href":"https:\/\/stagpartynight.com\/fr\/wp-json\/wp\/v2\/media\/303"}],"wp:attachment":[{"href":"https:\/\/stagpartynight.com\/fr\/wp-json\/wp\/v2\/media?parent=302"}],"wp:term":[{"taxonomy":"product_brand","embeddable":true,"href":"https:\/\/stagpartynight.com\/fr\/wp-json\/wp\/v2\/product_brand?post=302"},{"taxonomy":"product_cat","embeddable":true,"href":"https:\/\/stagpartynight.com\/fr\/wp-json\/wp\/v2\/product_cat?post=302"},{"taxonomy":"product_tag","embeddable":true,"href":"https:\/\/stagpartynight.com\/fr\/wp-json\/wp\/v2\/product_tag?post=302"}],"curies":[{"name":"wp","href":"https:\/\/api.w.org\/{rel}","templated":true}]}}