{"id":3028,"date":"2024-02-02T11:36:10","date_gmt":"2024-02-02T10:36:10","guid":{"rendered":"https:\/\/stagpartynight.com\/fr\/?post_type=product&#038;p=3028"},"modified":"2024-02-02T11:38:35","modified_gmt":"2024-02-02T10:38:35","slug":"sexy-wake-up-madrid","status":"publish","type":"product","link":"https:\/\/stagpartynight.com\/fr\/product\/sexy-wake-up-madrid\/","title":{"rendered":"Sexy Wake Up Madrid"},"content":{"rendered":"<p>Sexy Wake Up Madrid. R\u00e9veillez-vous avec une belle strip-teaseuse. Pouvez-vous imaginer un meilleur r\u00e9veil ?<\/p>\n<p>Les meilleurs enterrements de vie de gar\u00e7on avec <a href=\"https:\/\/stagpartynight.com\/\">StagParty<\/a><\/p>\n<h2 style=\"text-align: center;\">Sexy Wake Up Madrid\ud83d\udd25<\/h2>\n<h5>L&#8217;exp\u00e9rience la plus \u00e9rotique de Madrid\ud83c\udf1f<\/h5>\n<p>Imaginez un instant que vous vous r\u00e9veillez dans votre h\u00f4tel\/villa\/appartement avec une terrible gueule de bois. La veille, vous avez pass\u00e9 la nuit \u00e0 Madrid avec beaucoup d&#8217;alcool et beaucoup de femmes&#8230;<br \/>\nVous vous r\u00e9veillez fatigu\u00e9, avec l&#8217;envie de vous recoucher, mais la chance vous sourit. Une femme belle et chaude vous attend pour vous r\u00e9veiller avec beaucoup d&#8217;affection.<\/p>\n<p>\ud83d\udecc Notre belle femme ira l\u00e0 o\u00f9 vous dormez pour vous donner un r\u00e9veil tr\u00e8s, tr\u00e8s sexy. Avec peu de v\u00eatements et beaucoup de d\u00e9sir, elle vous r\u00e9veillera, et la gueule de bois ne sera plus si terrible.<\/p>\n<p>\ud83d\udcf7 Le show est priv\u00e9 mais vous pouvez prendre des photos pour vous rappeler le meilleur r\u00e9veil de votre vie.<\/p>\n<p style=\"text-align: center;\">\ud83d\udd25 Pendant quinze minutes, vous serez tr\u00e8s heureux d&#8217;avoir des amis merveilleux qui nous ont contact\u00e9s pour vous r\u00e9veiller avec une femme nue.<br \/>\nImaginez que vous ouvriez les yeux et que vous d\u00e9couvriez cette merveille,<\/p>\n<p style=\"text-align: center;\">Profitez de Madrid avec le r\u00e9veil le plus sexy de votre vie !<\/p>\n<p style=\"text-align: center;\">R\u00e9servez Sexy Wake Up <a href=\"https:\/\/es.wikipedia.org\/wiki\/Madrid\">Madrid<\/a>!<\/p>\n<p>&nbsp;<\/p>\n","protected":false},"excerpt":{"rendered":"<p>Sexy Wake Up Madrid. R\u00e9veillez-vous avec une belle strip-teaseuse. Pouvez-vous imaginer un meilleur r\u00e9veil ? Les meilleurs enterrements de vie de gar\u00e7on avec StagParty Sexy Wake Up Madrid\ud83d\udd25 L&#8217;exp\u00e9rience la plus \u00e9rotique de Madrid\ud83c\udf1f Imaginez un instant que vous vous r\u00e9veillez dans votre h\u00f4tel\/villa\/appartement avec une terrible gueule de bois. La veille, vous avez pass\u00e9 [&hellip;]<\/p>\n","protected":false},"featured_media":3029,"comment_status":"open","ping_status":"closed","template":"","meta":{"_et_pb_use_builder":"","_et_pb_old_content":"","_et_gb_content_width":""},"product_brand":[],"product_cat":[218,180],"product_tag":[719,718],"class_list":{"0":"post-3028","1":"product","2":"type-product","3":"status-publish","4":"has-post-thumbnail","6":"product_cat-uncategorised","7":"product_cat-madrid","8":"product_tag-girls-madrid","9":"product_tag-striper-girl-madrid","11":"first","12":"instock","13":"shipping-taxable","14":"product-type-simple"},"yoast_head":"<!-- This site is optimized with the Yoast SEO plugin v26.4 - https:\/\/yoast.com\/wordpress\/plugins\/seo\/ -->\n<title>Sexy Wake Up Madrid<\/title>\n<meta name=\"description\" content=\"Sexy Wake Up Madrid. R\u00e9veillez-vous avec une belle strip-teaseuse. Pouvez-vous imaginer un meilleur r\u00e9veil ? Striper Madrid.\" \/>\n<meta name=\"robots\" content=\"index, follow, max-snippet:-1, max-image-preview:large, max-video-preview:-1\" \/>\n<link rel=\"canonical\" href=\"https:\/\/stagpartynight.com\/fr\/product\/sexy-wake-up-madrid\/\" \/>\n<meta property=\"og:locale\" content=\"en_GB\" \/>\n<meta property=\"og:type\" content=\"article\" \/>\n<meta property=\"og:title\" content=\"Sexy Wake Up Madrid\" \/>\n<meta property=\"og:description\" content=\"Sexy Wake Up Madrid. R\u00e9veillez-vous avec une belle strip-teaseuse. Pouvez-vous imaginer un meilleur r\u00e9veil ? Striper Madrid.\" \/>\n<meta property=\"og:url\" content=\"https:\/\/stagpartynight.com\/fr\/product\/sexy-wake-up-madrid\/\" \/>\n<meta property=\"og:site_name\" content=\"Nuit de f\u00eate de cerf\" \/>\n<meta property=\"article:modified_time\" content=\"2024-02-02T10:38:35+00:00\" \/>\n<meta property=\"og:image\" content=\"https:\/\/stagpartynight.com\/fr\/wp-content\/uploads\/sites\/3\/2024\/02\/Sexy-Wake-Up-Madrid.jpg\" \/>\n\t<meta property=\"og:image:width\" content=\"870\" \/>\n\t<meta property=\"og:image:height\" content=\"356\" \/>\n\t<meta property=\"og:image:type\" content=\"image\/jpeg\" \/>\n<meta name=\"twitter:card\" content=\"summary_large_image\" \/>\n<meta name=\"twitter:label1\" content=\"Estimated reading time\" \/>\n\t<meta name=\"twitter:data1\" content=\"2 minutes\" \/>\n<script type=\"application\/ld+json\" class=\"yoast-schema-graph\">{\"@context\":\"https:\/\/schema.org\",\"@graph\":[{\"@type\":\"WebPage\",\"@id\":\"https:\/\/stagpartynight.com\/fr\/product\/sexy-wake-up-madrid\/\",\"url\":\"https:\/\/stagpartynight.com\/fr\/product\/sexy-wake-up-madrid\/\",\"name\":\"Sexy Wake Up Madrid\",\"isPartOf\":{\"@id\":\"https:\/\/stagpartynight.com\/fr\/#website\"},\"primaryImageOfPage\":{\"@id\":\"https:\/\/stagpartynight.com\/fr\/product\/sexy-wake-up-madrid\/#primaryimage\"},\"image\":{\"@id\":\"https:\/\/stagpartynight.com\/fr\/product\/sexy-wake-up-madrid\/#primaryimage\"},\"thumbnailUrl\":\"https:\/\/stagpartynight.com\/fr\/wp-content\/uploads\/sites\/3\/2024\/02\/Sexy-Wake-Up-Madrid.jpg\",\"datePublished\":\"2024-02-02T10:36:10+00:00\",\"dateModified\":\"2024-02-02T10:38:35+00:00\",\"description\":\"Sexy Wake Up Madrid. R\u00e9veillez-vous avec une belle strip-teaseuse. Pouvez-vous imaginer un meilleur r\u00e9veil ? Striper Madrid.\",\"breadcrumb\":{\"@id\":\"https:\/\/stagpartynight.com\/fr\/product\/sexy-wake-up-madrid\/#breadcrumb\"},\"inLanguage\":\"en-GB\",\"potentialAction\":[{\"@type\":\"ReadAction\",\"target\":[\"https:\/\/stagpartynight.com\/fr\/product\/sexy-wake-up-madrid\/\"]}]},{\"@type\":\"ImageObject\",\"inLanguage\":\"en-GB\",\"@id\":\"https:\/\/stagpartynight.com\/fr\/product\/sexy-wake-up-madrid\/#primaryimage\",\"url\":\"https:\/\/stagpartynight.com\/fr\/wp-content\/uploads\/sites\/3\/2024\/02\/Sexy-Wake-Up-Madrid.jpg\",\"contentUrl\":\"https:\/\/stagpartynight.com\/fr\/wp-content\/uploads\/sites\/3\/2024\/02\/Sexy-Wake-Up-Madrid.jpg\",\"width\":870,\"height\":356,\"caption\":\"Sexy Wake Up Madrid\"},{\"@type\":\"BreadcrumbList\",\"@id\":\"https:\/\/stagpartynight.com\/fr\/product\/sexy-wake-up-madrid\/#breadcrumb\",\"itemListElement\":[{\"@type\":\"ListItem\",\"position\":1,\"name\":\"Home\",\"item\":\"https:\/\/stagpartynight.com\/fr\/\"},{\"@type\":\"ListItem\",\"position\":2,\"name\":\"Tienda\",\"item\":\"https:\/\/stagpartynight.com\/fr\/tienda\/\"},{\"@type\":\"ListItem\",\"position\":3,\"name\":\"Sexy Wake Up Madrid\"}]},{\"@type\":\"WebSite\",\"@id\":\"https:\/\/stagpartynight.com\/fr\/#website\",\"url\":\"https:\/\/stagpartynight.com\/fr\/\",\"name\":\"Stag Party Night\",\"description\":\"Your Stag Party Customized\",\"publisher\":{\"@id\":\"https:\/\/stagpartynight.com\/fr\/#organization\"},\"potentialAction\":[{\"@type\":\"SearchAction\",\"target\":{\"@type\":\"EntryPoint\",\"urlTemplate\":\"https:\/\/stagpartynight.com\/fr\/?s={search_term_string}\"},\"query-input\":{\"@type\":\"PropertyValueSpecification\",\"valueRequired\":true,\"valueName\":\"search_term_string\"}}],\"inLanguage\":\"en-GB\"},{\"@type\":\"Organization\",\"@id\":\"https:\/\/stagpartynight.com\/fr\/#organization\",\"name\":\"Stag Party Night\",\"url\":\"https:\/\/stagpartynight.com\/fr\/\",\"logo\":{\"@type\":\"ImageObject\",\"inLanguage\":\"en-GB\",\"@id\":\"https:\/\/stagpartynight.com\/fr\/#\/schema\/logo\/image\/\",\"url\":\"https:\/\/stagpartynight.com\/fr\/wp-content\/uploads\/sites\/3\/2019\/12\/stagpartynight-e1578565505687.png\",\"contentUrl\":\"https:\/\/stagpartynight.com\/fr\/wp-content\/uploads\/sites\/3\/2019\/12\/stagpartynight-e1578565505687.png\",\"width\":400,\"height\":400,\"caption\":\"Stag Party Night\"},\"image\":{\"@id\":\"https:\/\/stagpartynight.com\/fr\/#\/schema\/logo\/image\/\"}}]}<\/script>\n<!-- \/ Yoast SEO plugin. -->","yoast_head_json":{"title":"Sexy Wake Up Madrid","description":"Sexy Wake Up Madrid. R\u00e9veillez-vous avec une belle strip-teaseuse. Pouvez-vous imaginer un meilleur r\u00e9veil ? Striper Madrid.","robots":{"index":"index","follow":"follow","max-snippet":"max-snippet:-1","max-image-preview":"max-image-preview:large","max-video-preview":"max-video-preview:-1"},"canonical":"https:\/\/stagpartynight.com\/fr\/product\/sexy-wake-up-madrid\/","og_locale":"en_GB","og_type":"article","og_title":"Sexy Wake Up Madrid","og_description":"Sexy Wake Up Madrid. R\u00e9veillez-vous avec une belle strip-teaseuse. Pouvez-vous imaginer un meilleur r\u00e9veil ? Striper Madrid.","og_url":"https:\/\/stagpartynight.com\/fr\/product\/sexy-wake-up-madrid\/","og_site_name":"Nuit de f\u00eate de cerf","article_modified_time":"2024-02-02T10:38:35+00:00","og_image":[{"width":870,"height":356,"url":"https:\/\/stagpartynight.com\/fr\/wp-content\/uploads\/sites\/3\/2024\/02\/Sexy-Wake-Up-Madrid.jpg","type":"image\/jpeg"}],"twitter_card":"summary_large_image","twitter_misc":{"Estimated reading time":"2 minutes"},"schema":{"@context":"https:\/\/schema.org","@graph":[{"@type":"WebPage","@id":"https:\/\/stagpartynight.com\/fr\/product\/sexy-wake-up-madrid\/","url":"https:\/\/stagpartynight.com\/fr\/product\/sexy-wake-up-madrid\/","name":"Sexy Wake Up Madrid","isPartOf":{"@id":"https:\/\/stagpartynight.com\/fr\/#website"},"primaryImageOfPage":{"@id":"https:\/\/stagpartynight.com\/fr\/product\/sexy-wake-up-madrid\/#primaryimage"},"image":{"@id":"https:\/\/stagpartynight.com\/fr\/product\/sexy-wake-up-madrid\/#primaryimage"},"thumbnailUrl":"https:\/\/stagpartynight.com\/fr\/wp-content\/uploads\/sites\/3\/2024\/02\/Sexy-Wake-Up-Madrid.jpg","datePublished":"2024-02-02T10:36:10+00:00","dateModified":"2024-02-02T10:38:35+00:00","description":"Sexy Wake Up Madrid. R\u00e9veillez-vous avec une belle strip-teaseuse. Pouvez-vous imaginer un meilleur r\u00e9veil ? Striper Madrid.","breadcrumb":{"@id":"https:\/\/stagpartynight.com\/fr\/product\/sexy-wake-up-madrid\/#breadcrumb"},"inLanguage":"en-GB","potentialAction":[{"@type":"ReadAction","target":["https:\/\/stagpartynight.com\/fr\/product\/sexy-wake-up-madrid\/"]}]},{"@type":"ImageObject","inLanguage":"en-GB","@id":"https:\/\/stagpartynight.com\/fr\/product\/sexy-wake-up-madrid\/#primaryimage","url":"https:\/\/stagpartynight.com\/fr\/wp-content\/uploads\/sites\/3\/2024\/02\/Sexy-Wake-Up-Madrid.jpg","contentUrl":"https:\/\/stagpartynight.com\/fr\/wp-content\/uploads\/sites\/3\/2024\/02\/Sexy-Wake-Up-Madrid.jpg","width":870,"height":356,"caption":"Sexy Wake Up Madrid"},{"@type":"BreadcrumbList","@id":"https:\/\/stagpartynight.com\/fr\/product\/sexy-wake-up-madrid\/#breadcrumb","itemListElement":[{"@type":"ListItem","position":1,"name":"Home","item":"https:\/\/stagpartynight.com\/fr\/"},{"@type":"ListItem","position":2,"name":"Tienda","item":"https:\/\/stagpartynight.com\/fr\/tienda\/"},{"@type":"ListItem","position":3,"name":"Sexy Wake Up Madrid"}]},{"@type":"WebSite","@id":"https:\/\/stagpartynight.com\/fr\/#website","url":"https:\/\/stagpartynight.com\/fr\/","name":"Stag Party Night","description":"Your Stag Party Customized","publisher":{"@id":"https:\/\/stagpartynight.com\/fr\/#organization"},"potentialAction":[{"@type":"SearchAction","target":{"@type":"EntryPoint","urlTemplate":"https:\/\/stagpartynight.com\/fr\/?s={search_term_string}"},"query-input":{"@type":"PropertyValueSpecification","valueRequired":true,"valueName":"search_term_string"}}],"inLanguage":"en-GB"},{"@type":"Organization","@id":"https:\/\/stagpartynight.com\/fr\/#organization","name":"Stag Party Night","url":"https:\/\/stagpartynight.com\/fr\/","logo":{"@type":"ImageObject","inLanguage":"en-GB","@id":"https:\/\/stagpartynight.com\/fr\/#\/schema\/logo\/image\/","url":"https:\/\/stagpartynight.com\/fr\/wp-content\/uploads\/sites\/3\/2019\/12\/stagpartynight-e1578565505687.png","contentUrl":"https:\/\/stagpartynight.com\/fr\/wp-content\/uploads\/sites\/3\/2019\/12\/stagpartynight-e1578565505687.png","width":400,"height":400,"caption":"Stag Party Night"},"image":{"@id":"https:\/\/stagpartynight.com\/fr\/#\/schema\/logo\/image\/"}}]}},"_links":{"self":[{"href":"https:\/\/stagpartynight.com\/fr\/wp-json\/wp\/v2\/product\/3028","targetHints":{"allow":["GET"]}}],"collection":[{"href":"https:\/\/stagpartynight.com\/fr\/wp-json\/wp\/v2\/product"}],"about":[{"href":"https:\/\/stagpartynight.com\/fr\/wp-json\/wp\/v2\/types\/product"}],"replies":[{"embeddable":true,"href":"https:\/\/stagpartynight.com\/fr\/wp-json\/wp\/v2\/comments?post=3028"}],"wp:featuredmedia":[{"embeddable":true,"href":"https:\/\/stagpartynight.com\/fr\/wp-json\/wp\/v2\/media\/3029"}],"wp:attachment":[{"href":"https:\/\/stagpartynight.com\/fr\/wp-json\/wp\/v2\/media?parent=3028"}],"wp:term":[{"taxonomy":"product_brand","embeddable":true,"href":"https:\/\/stagpartynight.com\/fr\/wp-json\/wp\/v2\/product_brand?post=3028"},{"taxonomy":"product_cat","embeddable":true,"href":"https:\/\/stagpartynight.com\/fr\/wp-json\/wp\/v2\/product_cat?post=3028"},{"taxonomy":"product_tag","embeddable":true,"href":"https:\/\/stagpartynight.com\/fr\/wp-json\/wp\/v2\/product_tag?post=3028"}],"curies":[{"name":"wp","href":"https:\/\/api.w.org\/{rel}","templated":true}]}}