{"id":3039,"date":"2024-02-02T13:33:43","date_gmt":"2024-02-02T12:33:43","guid":{"rendered":"https:\/\/stagpartynight.com\/fr\/?post_type=product&#038;p=3039"},"modified":"2024-02-02T13:33:44","modified_gmt":"2024-02-02T12:33:44","slug":"capeas-madrid","status":"publish","type":"product","link":"https:\/\/stagpartynight.com\/fr\/product\/capeas-madrid\/","title":{"rendered":"Capeas Madrid"},"content":{"rendered":"<p>Capeas Madrid. Il s&#8217;agit notamment de &#8220;tor\u00e9er&#8221; quatre vaches. Une exp\u00e9rience espagnole pleine d&#8217;adr\u00e9naline et de plaisir. Peut inclure de la nourriture et de la bi\u00e8re.<\/p>\n<p>Les meilleurs enterrements de vie de gar\u00e7on avec <a href=\"https:\/\/stagpartynight.com\/\">Stagparty<\/a>!<\/p>\n<h2 style=\"text-align: center;\">Capeas Madrid\ud83d\udc02<\/h2>\n<h4>Vivre l&#8217;Espagne \u00e0 Madrid !<\/h4>\n<p>Les vaches madril\u00e8nes vous attendent ! \ud83c\udf89<\/p>\n<p>D\u00e9couvrez les sensations fortes des Capeas de Madrid, une exp\u00e9rience espagnole authentique qui vous promet une heure et demie de plaisir inoubliable ! \ud83c\udf77\ud83c\udf7b<\/p>\n<h5>\ud83d\udd25 Une tauromachie amusante avec quatre vaches !<\/h5>\n<p>Plongez dans la tradition espagnole en d\u00e9fiant quatre vaches impressionnantes dans une ar\u00e8ne sp\u00e9cialement \u00e9quip\u00e9e. Ressentez la mont\u00e9e d&#8217;adr\u00e9naline en d\u00e9fiant la puissance et la gr\u00e2ce de ces magnifiques cr\u00e9atures &#8211; une exp\u00e9rience unique qui vous permettra de vivre l&#8217;esprit festif de l&#8217;Espagne ! \ud83d\udc03\ud83c\udf89<\/p>\n<h5>\ud83c\udf7d\ufe0f Savourez une authentique cuisine espagnole !<\/h5>\n<p>Apr\u00e8s l&#8217;action palpitante dans l&#8217;ar\u00e8ne, offrez-vous une d\u00e9licieuse s\u00e9lection de plats espagnols traditionnels. De la paella richement aromatis\u00e9e aux d\u00e9licieuses tapas, notre menu est une c\u00e9l\u00e9bration de la gastronomie espagnole &#8211; laissez vos papilles danser au rythme enivrant de la cuisine ib\u00e9rique ! \ud83e\udd58\ud83c\udf64<\/p>\n<h5>\ud83c\udf77 Bar \u00e0 sangria ou \u00e0 bi\u00e8re !<\/h5>\n<p>Pour couronner cette exp\u00e9rience m\u00e9morable, profitez d&#8217;un open bar de sangria rafra\u00eechissante ou de bi\u00e8re espagnole. Pour un petit suppl\u00e9ment, impr\u00e9gnez-vous de l&#8217;atmosph\u00e8re festive et partagez des rires avec vos amis tout en d\u00e9gustant des boissons exquises ! \ud83c\udf79\ud83c\udf7a<\/p>\n<p>Ne manquez pas cette occasion de d\u00e9couvrir l&#8217;Espagne sous un nouvel angle ! R\u00e9servez d\u00e8s maintenant une Capea \u00e0 <a href=\"https:\/\/es.wikipedia.org\/wiki\/Madrid\">Madrid<\/a>, o\u00f9 l&#8217;authenticit\u00e9 et l&#8217;amusement se conjuguent dans une symphonie de couleurs, de saveurs et de rires. ol\u00e9!<\/p>\n","protected":false},"excerpt":{"rendered":"<p>Capeas Madrid. Il s&#8217;agit notamment de &#8220;tor\u00e9er&#8221; quatre vaches. Une exp\u00e9rience espagnole pleine d&#8217;adr\u00e9naline et de plaisir. Peut inclure de la nourriture et de la bi\u00e8re.<\/p>\n","protected":false},"featured_media":3040,"comment_status":"open","ping_status":"closed","template":"","meta":{"_et_pb_use_builder":"","_et_pb_old_content":"","_et_gb_content_width":""},"product_brand":[],"product_cat":[180],"product_tag":[722],"class_list":{"0":"post-3039","1":"product","2":"type-product","3":"status-publish","4":"has-post-thumbnail","6":"product_cat-madrid","7":"product_tag-capeas-madrid","9":"first","10":"instock","11":"shipping-taxable","12":"product-type-simple"},"yoast_head":"<!-- This site is optimized with the Yoast SEO plugin v26.4 - https:\/\/yoast.com\/wordpress\/plugins\/seo\/ -->\n<title>Capeas Madrid<\/title>\n<meta name=\"description\" content=\"Capeas Madrid. Il s&#039;agit notamment de &quot;tor\u00e9er&quot; quatre vaches. Une exp\u00e9rience espagnole pleine d&#039;adr\u00e9naline et de plaisir.\" \/>\n<meta name=\"robots\" content=\"index, follow, max-snippet:-1, max-image-preview:large, max-video-preview:-1\" \/>\n<link rel=\"canonical\" href=\"https:\/\/stagpartynight.com\/fr\/product\/capeas-madrid\/\" \/>\n<meta property=\"og:locale\" content=\"en_GB\" \/>\n<meta property=\"og:type\" content=\"article\" \/>\n<meta property=\"og:title\" content=\"Capeas Madrid\" \/>\n<meta property=\"og:description\" content=\"Capeas Madrid. Il s&#039;agit notamment de &quot;tor\u00e9er&quot; quatre vaches. Une exp\u00e9rience espagnole pleine d&#039;adr\u00e9naline et de plaisir.\" \/>\n<meta property=\"og:url\" content=\"https:\/\/stagpartynight.com\/fr\/product\/capeas-madrid\/\" \/>\n<meta property=\"og:site_name\" content=\"Nuit de f\u00eate de cerf\" \/>\n<meta property=\"article:modified_time\" content=\"2024-02-02T12:33:44+00:00\" \/>\n<meta property=\"og:image\" content=\"https:\/\/stagpartynight.com\/fr\/wp-content\/uploads\/sites\/3\/2024\/02\/Capeas-Madrid.jpg\" \/>\n\t<meta property=\"og:image:width\" content=\"512\" \/>\n\t<meta property=\"og:image:height\" content=\"288\" \/>\n\t<meta property=\"og:image:type\" content=\"image\/jpeg\" \/>\n<meta name=\"twitter:card\" content=\"summary_large_image\" \/>\n<meta name=\"twitter:label1\" content=\"Estimated reading time\" \/>\n\t<meta name=\"twitter:data1\" content=\"2 minutes\" \/>\n<script type=\"application\/ld+json\" class=\"yoast-schema-graph\">{\"@context\":\"https:\/\/schema.org\",\"@graph\":[{\"@type\":\"WebPage\",\"@id\":\"https:\/\/stagpartynight.com\/fr\/product\/capeas-madrid\/\",\"url\":\"https:\/\/stagpartynight.com\/fr\/product\/capeas-madrid\/\",\"name\":\"Capeas Madrid\",\"isPartOf\":{\"@id\":\"https:\/\/stagpartynight.com\/fr\/#website\"},\"primaryImageOfPage\":{\"@id\":\"https:\/\/stagpartynight.com\/fr\/product\/capeas-madrid\/#primaryimage\"},\"image\":{\"@id\":\"https:\/\/stagpartynight.com\/fr\/product\/capeas-madrid\/#primaryimage\"},\"thumbnailUrl\":\"https:\/\/stagpartynight.com\/fr\/wp-content\/uploads\/sites\/3\/2024\/02\/Capeas-Madrid.jpg\",\"datePublished\":\"2024-02-02T12:33:43+00:00\",\"dateModified\":\"2024-02-02T12:33:44+00:00\",\"description\":\"Capeas Madrid. Il s'agit notamment de \\\"tor\u00e9er\\\" quatre vaches. Une exp\u00e9rience espagnole pleine d'adr\u00e9naline et de plaisir.\",\"breadcrumb\":{\"@id\":\"https:\/\/stagpartynight.com\/fr\/product\/capeas-madrid\/#breadcrumb\"},\"inLanguage\":\"en-GB\",\"potentialAction\":[{\"@type\":\"ReadAction\",\"target\":[\"https:\/\/stagpartynight.com\/fr\/product\/capeas-madrid\/\"]}]},{\"@type\":\"ImageObject\",\"inLanguage\":\"en-GB\",\"@id\":\"https:\/\/stagpartynight.com\/fr\/product\/capeas-madrid\/#primaryimage\",\"url\":\"https:\/\/stagpartynight.com\/fr\/wp-content\/uploads\/sites\/3\/2024\/02\/Capeas-Madrid.jpg\",\"contentUrl\":\"https:\/\/stagpartynight.com\/fr\/wp-content\/uploads\/sites\/3\/2024\/02\/Capeas-Madrid.jpg\",\"width\":512,\"height\":288,\"caption\":\"Capeas Madrid\"},{\"@type\":\"BreadcrumbList\",\"@id\":\"https:\/\/stagpartynight.com\/fr\/product\/capeas-madrid\/#breadcrumb\",\"itemListElement\":[{\"@type\":\"ListItem\",\"position\":1,\"name\":\"Home\",\"item\":\"https:\/\/stagpartynight.com\/fr\/\"},{\"@type\":\"ListItem\",\"position\":2,\"name\":\"Tienda\",\"item\":\"https:\/\/stagpartynight.com\/fr\/tienda\/\"},{\"@type\":\"ListItem\",\"position\":3,\"name\":\"Capeas Madrid\"}]},{\"@type\":\"WebSite\",\"@id\":\"https:\/\/stagpartynight.com\/fr\/#website\",\"url\":\"https:\/\/stagpartynight.com\/fr\/\",\"name\":\"Stag Party Night\",\"description\":\"Your Stag Party Customized\",\"publisher\":{\"@id\":\"https:\/\/stagpartynight.com\/fr\/#organization\"},\"potentialAction\":[{\"@type\":\"SearchAction\",\"target\":{\"@type\":\"EntryPoint\",\"urlTemplate\":\"https:\/\/stagpartynight.com\/fr\/?s={search_term_string}\"},\"query-input\":{\"@type\":\"PropertyValueSpecification\",\"valueRequired\":true,\"valueName\":\"search_term_string\"}}],\"inLanguage\":\"en-GB\"},{\"@type\":\"Organization\",\"@id\":\"https:\/\/stagpartynight.com\/fr\/#organization\",\"name\":\"Stag Party Night\",\"url\":\"https:\/\/stagpartynight.com\/fr\/\",\"logo\":{\"@type\":\"ImageObject\",\"inLanguage\":\"en-GB\",\"@id\":\"https:\/\/stagpartynight.com\/fr\/#\/schema\/logo\/image\/\",\"url\":\"https:\/\/stagpartynight.com\/fr\/wp-content\/uploads\/sites\/3\/2019\/12\/stagpartynight-e1578565505687.png\",\"contentUrl\":\"https:\/\/stagpartynight.com\/fr\/wp-content\/uploads\/sites\/3\/2019\/12\/stagpartynight-e1578565505687.png\",\"width\":400,\"height\":400,\"caption\":\"Stag Party Night\"},\"image\":{\"@id\":\"https:\/\/stagpartynight.com\/fr\/#\/schema\/logo\/image\/\"}}]}<\/script>\n<!-- \/ Yoast SEO plugin. -->","yoast_head_json":{"title":"Capeas Madrid","description":"Capeas Madrid. Il s'agit notamment de \"tor\u00e9er\" quatre vaches. Une exp\u00e9rience espagnole pleine d'adr\u00e9naline et de plaisir.","robots":{"index":"index","follow":"follow","max-snippet":"max-snippet:-1","max-image-preview":"max-image-preview:large","max-video-preview":"max-video-preview:-1"},"canonical":"https:\/\/stagpartynight.com\/fr\/product\/capeas-madrid\/","og_locale":"en_GB","og_type":"article","og_title":"Capeas Madrid","og_description":"Capeas Madrid. Il s'agit notamment de \"tor\u00e9er\" quatre vaches. Une exp\u00e9rience espagnole pleine d'adr\u00e9naline et de plaisir.","og_url":"https:\/\/stagpartynight.com\/fr\/product\/capeas-madrid\/","og_site_name":"Nuit de f\u00eate de cerf","article_modified_time":"2024-02-02T12:33:44+00:00","og_image":[{"width":512,"height":288,"url":"https:\/\/stagpartynight.com\/fr\/wp-content\/uploads\/sites\/3\/2024\/02\/Capeas-Madrid.jpg","type":"image\/jpeg"}],"twitter_card":"summary_large_image","twitter_misc":{"Estimated reading time":"2 minutes"},"schema":{"@context":"https:\/\/schema.org","@graph":[{"@type":"WebPage","@id":"https:\/\/stagpartynight.com\/fr\/product\/capeas-madrid\/","url":"https:\/\/stagpartynight.com\/fr\/product\/capeas-madrid\/","name":"Capeas Madrid","isPartOf":{"@id":"https:\/\/stagpartynight.com\/fr\/#website"},"primaryImageOfPage":{"@id":"https:\/\/stagpartynight.com\/fr\/product\/capeas-madrid\/#primaryimage"},"image":{"@id":"https:\/\/stagpartynight.com\/fr\/product\/capeas-madrid\/#primaryimage"},"thumbnailUrl":"https:\/\/stagpartynight.com\/fr\/wp-content\/uploads\/sites\/3\/2024\/02\/Capeas-Madrid.jpg","datePublished":"2024-02-02T12:33:43+00:00","dateModified":"2024-02-02T12:33:44+00:00","description":"Capeas Madrid. Il s'agit notamment de \"tor\u00e9er\" quatre vaches. Une exp\u00e9rience espagnole pleine d'adr\u00e9naline et de plaisir.","breadcrumb":{"@id":"https:\/\/stagpartynight.com\/fr\/product\/capeas-madrid\/#breadcrumb"},"inLanguage":"en-GB","potentialAction":[{"@type":"ReadAction","target":["https:\/\/stagpartynight.com\/fr\/product\/capeas-madrid\/"]}]},{"@type":"ImageObject","inLanguage":"en-GB","@id":"https:\/\/stagpartynight.com\/fr\/product\/capeas-madrid\/#primaryimage","url":"https:\/\/stagpartynight.com\/fr\/wp-content\/uploads\/sites\/3\/2024\/02\/Capeas-Madrid.jpg","contentUrl":"https:\/\/stagpartynight.com\/fr\/wp-content\/uploads\/sites\/3\/2024\/02\/Capeas-Madrid.jpg","width":512,"height":288,"caption":"Capeas Madrid"},{"@type":"BreadcrumbList","@id":"https:\/\/stagpartynight.com\/fr\/product\/capeas-madrid\/#breadcrumb","itemListElement":[{"@type":"ListItem","position":1,"name":"Home","item":"https:\/\/stagpartynight.com\/fr\/"},{"@type":"ListItem","position":2,"name":"Tienda","item":"https:\/\/stagpartynight.com\/fr\/tienda\/"},{"@type":"ListItem","position":3,"name":"Capeas Madrid"}]},{"@type":"WebSite","@id":"https:\/\/stagpartynight.com\/fr\/#website","url":"https:\/\/stagpartynight.com\/fr\/","name":"Stag Party Night","description":"Your Stag Party Customized","publisher":{"@id":"https:\/\/stagpartynight.com\/fr\/#organization"},"potentialAction":[{"@type":"SearchAction","target":{"@type":"EntryPoint","urlTemplate":"https:\/\/stagpartynight.com\/fr\/?s={search_term_string}"},"query-input":{"@type":"PropertyValueSpecification","valueRequired":true,"valueName":"search_term_string"}}],"inLanguage":"en-GB"},{"@type":"Organization","@id":"https:\/\/stagpartynight.com\/fr\/#organization","name":"Stag Party Night","url":"https:\/\/stagpartynight.com\/fr\/","logo":{"@type":"ImageObject","inLanguage":"en-GB","@id":"https:\/\/stagpartynight.com\/fr\/#\/schema\/logo\/image\/","url":"https:\/\/stagpartynight.com\/fr\/wp-content\/uploads\/sites\/3\/2019\/12\/stagpartynight-e1578565505687.png","contentUrl":"https:\/\/stagpartynight.com\/fr\/wp-content\/uploads\/sites\/3\/2019\/12\/stagpartynight-e1578565505687.png","width":400,"height":400,"caption":"Stag Party Night"},"image":{"@id":"https:\/\/stagpartynight.com\/fr\/#\/schema\/logo\/image\/"}}]}},"_links":{"self":[{"href":"https:\/\/stagpartynight.com\/fr\/wp-json\/wp\/v2\/product\/3039","targetHints":{"allow":["GET"]}}],"collection":[{"href":"https:\/\/stagpartynight.com\/fr\/wp-json\/wp\/v2\/product"}],"about":[{"href":"https:\/\/stagpartynight.com\/fr\/wp-json\/wp\/v2\/types\/product"}],"replies":[{"embeddable":true,"href":"https:\/\/stagpartynight.com\/fr\/wp-json\/wp\/v2\/comments?post=3039"}],"wp:featuredmedia":[{"embeddable":true,"href":"https:\/\/stagpartynight.com\/fr\/wp-json\/wp\/v2\/media\/3040"}],"wp:attachment":[{"href":"https:\/\/stagpartynight.com\/fr\/wp-json\/wp\/v2\/media?parent=3039"}],"wp:term":[{"taxonomy":"product_brand","embeddable":true,"href":"https:\/\/stagpartynight.com\/fr\/wp-json\/wp\/v2\/product_brand?post=3039"},{"taxonomy":"product_cat","embeddable":true,"href":"https:\/\/stagpartynight.com\/fr\/wp-json\/wp\/v2\/product_cat?post=3039"},{"taxonomy":"product_tag","embeddable":true,"href":"https:\/\/stagpartynight.com\/fr\/wp-json\/wp\/v2\/product_tag?post=3039"}],"curies":[{"name":"wp","href":"https:\/\/api.w.org\/{rel}","templated":true}]}}