{"id":3044,"date":"2024-02-05T11:26:31","date_gmt":"2024-02-05T10:26:31","guid":{"rendered":"https:\/\/stagpartynight.com\/fr\/?post_type=product&#038;p=3044"},"modified":"2024-02-05T11:26:32","modified_gmt":"2024-02-05T10:26:32","slug":"degustation-de-bieres-madrid","status":"publish","type":"product","link":"https:\/\/stagpartynight.com\/fr\/product\/degustation-de-bieres-madrid\/","title":{"rendered":"D\u00e9gustation de bi\u00e8res Madrid"},"content":{"rendered":"<p>D\u00e9gustation de bi\u00e8res Madrid. Tourn\u00e9e des bi\u00e8res. D\u00e9gustation de diff\u00e9rents types de bi\u00e8res avec explications d&#8217;un sommelier expert. Six d\u00e9gustations et assiette de fromages pour accompagner.<\/p>\n<p>Les meilleurs enterrements de vie de gar\u00e7on avec <a href=\"https:\/\/stagpartynight.com\/\">StagParty<\/a>!<\/p>\n<h2 style=\"text-align: center;\">D\u00e9gustation de bi\u00e8res Madrid<\/h2>\n<h4><strong>\u00a1D\u00e9couvrez l&#8217;art de la bi\u00e8re \u00e0 Madrid! \ud83c\udf7b<\/strong><\/h4>\n<p>Bienvenue \u00e0 notre exp\u00e9rience exclusive de d\u00e9gustation de bi\u00e8res au c\u0153ur de Madrid! Embarquez pour un voyage sensoriel unique, alliant le plaisir de la d\u00e9couverte \u00e0 la richesse des saveurs brassicoles. Notre &#8220;Tour de la Bi\u00e8re \u00e0 Madrid&#8221; est une aventure pour tous les amateurs de bi\u00e8re, initi\u00e9s ou novices, pr\u00eats \u00e0 explorer les d\u00e9lices de cette boisson internationale.<\/p>\n<p>\ud83c\udf0d <strong>Explorez le monde de la bi\u00e8re \u00e0 travers nos six d\u00e9gustations uniques!<\/strong><\/p>\n<p>Accompagn\u00e9 par notre sommelier expert en bi\u00e8re, plongez dans l&#8217;univers diversifi\u00e9 des bi\u00e8res du monde entier. Apprenez \u00e0 distinguer les ar\u00f4mes subtils, d\u00e9couvrez les secrets du brassage et laissez-vous emporter par une exp\u00e9rience immersive. Chaque d\u00e9gustation est une le\u00e7on en soi, offrant une compr\u00e9hension approfondie des diff\u00e9rents styles de bi\u00e8re.<\/p>\n<p>\ud83e\uddc0 <strong>Accords parfaits avec un plateau de fromages exquis!<\/strong><\/p>\n<p>Pour compl\u00e9ter cette exp\u00e9rience gustative, savourez des accords parfaits avec un plateau de fromages s\u00e9lectionn\u00e9s avec soin. Laissez les saveurs de la bi\u00e8re se m\u00ealer aux textures riches des fromages, cr\u00e9ant une symphonie de d\u00e9lices sur votre palais.<\/p>\n<p>\ud83c\udf89 <strong>Profitez de votre s\u00e9jour \u00e0 <a href=\"https:\/\/es.wikipedia.org\/wiki\/Madrid\">Madrid<\/a> avec la boisson la plus internationale: LE BI\u00c8RE!<\/strong><\/p>\n<p>R\u00e9servez d\u00e8s maintenant pour garantir votre place dans cette aventure inoubliable! Que vous soyez un amateur de bi\u00e8re chevronn\u00e9 ou simplement curieux, notre tour de la bi\u00e8re \u00e0 Madrid est une exp\u00e9rience incontournable pour tous les amoureux de la bonne ch\u00e8re. Venez cr\u00e9er des souvenirs m\u00e9morables tout en vous plongeant dans l&#8217;art et la culture de la bi\u00e8re.<\/p>\n<p style=\"text-align: center;\">Sant\u00e9!\ud83c\udf7a<\/p>\n","protected":false},"excerpt":{"rendered":"<p>D\u00e9gustation de bi\u00e8res Madrid. Tourn\u00e9e des bi\u00e8res. D\u00e9gustation de diff\u00e9rents types de bi\u00e8res avec explications d&#8217;un sommelier expert. Six d\u00e9gustations et assiette de fromages pour accompagner.<\/p>\n","protected":false},"featured_media":3045,"comment_status":"open","ping_status":"closed","template":"","meta":{"_et_pb_use_builder":"","_et_pb_old_content":"","_et_gb_content_width":""},"product_brand":[],"product_cat":[180],"product_tag":[725,723,724],"class_list":{"0":"post-3044","1":"product","2":"type-product","3":"status-publish","4":"has-post-thumbnail","6":"product_cat-madrid","7":"product_tag-bieres-madrid","8":"product_tag-degustation-de-bieres-madrid","9":"product_tag-degustation-madrid","11":"first","12":"instock","13":"shipping-taxable","14":"product-type-simple"},"yoast_head":"<!-- This site is optimized with the Yoast SEO plugin v26.4 - https:\/\/yoast.com\/wordpress\/plugins\/seo\/ -->\n<title>D\u00e9gustation de bi\u00e8res Madrid<\/title>\n<meta name=\"description\" content=\"D\u00e9gustation de bi\u00e8res Madrid. Tourn\u00e9e des bi\u00e8res. Six d\u00e9gustations et assiette de fromages pour accompagner. Sommelier expert.\" \/>\n<meta name=\"robots\" content=\"index, follow, max-snippet:-1, max-image-preview:large, max-video-preview:-1\" \/>\n<link rel=\"canonical\" href=\"https:\/\/stagpartynight.com\/fr\/product\/degustation-de-bieres-madrid\/\" \/>\n<meta property=\"og:locale\" content=\"en_GB\" \/>\n<meta property=\"og:type\" content=\"article\" \/>\n<meta property=\"og:title\" content=\"D\u00e9gustation de bi\u00e8res Madrid\" \/>\n<meta property=\"og:description\" content=\"D\u00e9gustation de bi\u00e8res Madrid. Tourn\u00e9e des bi\u00e8res. Six d\u00e9gustations et assiette de fromages pour accompagner. Sommelier expert.\" \/>\n<meta property=\"og:url\" content=\"https:\/\/stagpartynight.com\/fr\/product\/degustation-de-bieres-madrid\/\" \/>\n<meta property=\"og:site_name\" content=\"Nuit de f\u00eate de cerf\" \/>\n<meta property=\"article:modified_time\" content=\"2024-02-05T10:26:32+00:00\" \/>\n<meta property=\"og:image\" content=\"https:\/\/stagpartynight.com\/fr\/wp-content\/uploads\/sites\/3\/2024\/02\/Degustation-de-bieres-Madrid.jpg\" \/>\n\t<meta property=\"og:image:width\" content=\"427\" \/>\n\t<meta property=\"og:image:height\" content=\"640\" \/>\n\t<meta property=\"og:image:type\" content=\"image\/jpeg\" \/>\n<meta name=\"twitter:card\" content=\"summary_large_image\" \/>\n<meta name=\"twitter:label1\" content=\"Estimated reading time\" \/>\n\t<meta name=\"twitter:data1\" content=\"2 minutes\" \/>\n<script type=\"application\/ld+json\" class=\"yoast-schema-graph\">{\"@context\":\"https:\/\/schema.org\",\"@graph\":[{\"@type\":\"WebPage\",\"@id\":\"https:\/\/stagpartynight.com\/fr\/product\/degustation-de-bieres-madrid\/\",\"url\":\"https:\/\/stagpartynight.com\/fr\/product\/degustation-de-bieres-madrid\/\",\"name\":\"D\u00e9gustation de bi\u00e8res Madrid\",\"isPartOf\":{\"@id\":\"https:\/\/stagpartynight.com\/fr\/#website\"},\"primaryImageOfPage\":{\"@id\":\"https:\/\/stagpartynight.com\/fr\/product\/degustation-de-bieres-madrid\/#primaryimage\"},\"image\":{\"@id\":\"https:\/\/stagpartynight.com\/fr\/product\/degustation-de-bieres-madrid\/#primaryimage\"},\"thumbnailUrl\":\"https:\/\/stagpartynight.com\/fr\/wp-content\/uploads\/sites\/3\/2024\/02\/Degustation-de-bieres-Madrid.jpg\",\"datePublished\":\"2024-02-05T10:26:31+00:00\",\"dateModified\":\"2024-02-05T10:26:32+00:00\",\"description\":\"D\u00e9gustation de bi\u00e8res Madrid. Tourn\u00e9e des bi\u00e8res. Six d\u00e9gustations et assiette de fromages pour accompagner. Sommelier expert.\",\"breadcrumb\":{\"@id\":\"https:\/\/stagpartynight.com\/fr\/product\/degustation-de-bieres-madrid\/#breadcrumb\"},\"inLanguage\":\"en-GB\",\"potentialAction\":[{\"@type\":\"ReadAction\",\"target\":[\"https:\/\/stagpartynight.com\/fr\/product\/degustation-de-bieres-madrid\/\"]}]},{\"@type\":\"ImageObject\",\"inLanguage\":\"en-GB\",\"@id\":\"https:\/\/stagpartynight.com\/fr\/product\/degustation-de-bieres-madrid\/#primaryimage\",\"url\":\"https:\/\/stagpartynight.com\/fr\/wp-content\/uploads\/sites\/3\/2024\/02\/Degustation-de-bieres-Madrid.jpg\",\"contentUrl\":\"https:\/\/stagpartynight.com\/fr\/wp-content\/uploads\/sites\/3\/2024\/02\/Degustation-de-bieres-Madrid.jpg\",\"width\":427,\"height\":640,\"caption\":\"D\u00e9gustation de bi\u00e8res Madrid\"},{\"@type\":\"BreadcrumbList\",\"@id\":\"https:\/\/stagpartynight.com\/fr\/product\/degustation-de-bieres-madrid\/#breadcrumb\",\"itemListElement\":[{\"@type\":\"ListItem\",\"position\":1,\"name\":\"Home\",\"item\":\"https:\/\/stagpartynight.com\/fr\/\"},{\"@type\":\"ListItem\",\"position\":2,\"name\":\"Tienda\",\"item\":\"https:\/\/stagpartynight.com\/fr\/tienda\/\"},{\"@type\":\"ListItem\",\"position\":3,\"name\":\"D\u00e9gustation de bi\u00e8res Madrid\"}]},{\"@type\":\"WebSite\",\"@id\":\"https:\/\/stagpartynight.com\/fr\/#website\",\"url\":\"https:\/\/stagpartynight.com\/fr\/\",\"name\":\"Stag Party Night\",\"description\":\"Your Stag Party Customized\",\"publisher\":{\"@id\":\"https:\/\/stagpartynight.com\/fr\/#organization\"},\"potentialAction\":[{\"@type\":\"SearchAction\",\"target\":{\"@type\":\"EntryPoint\",\"urlTemplate\":\"https:\/\/stagpartynight.com\/fr\/?s={search_term_string}\"},\"query-input\":{\"@type\":\"PropertyValueSpecification\",\"valueRequired\":true,\"valueName\":\"search_term_string\"}}],\"inLanguage\":\"en-GB\"},{\"@type\":\"Organization\",\"@id\":\"https:\/\/stagpartynight.com\/fr\/#organization\",\"name\":\"Stag Party Night\",\"url\":\"https:\/\/stagpartynight.com\/fr\/\",\"logo\":{\"@type\":\"ImageObject\",\"inLanguage\":\"en-GB\",\"@id\":\"https:\/\/stagpartynight.com\/fr\/#\/schema\/logo\/image\/\",\"url\":\"https:\/\/stagpartynight.com\/fr\/wp-content\/uploads\/sites\/3\/2019\/12\/stagpartynight-e1578565505687.png\",\"contentUrl\":\"https:\/\/stagpartynight.com\/fr\/wp-content\/uploads\/sites\/3\/2019\/12\/stagpartynight-e1578565505687.png\",\"width\":400,\"height\":400,\"caption\":\"Stag Party Night\"},\"image\":{\"@id\":\"https:\/\/stagpartynight.com\/fr\/#\/schema\/logo\/image\/\"}}]}<\/script>\n<!-- \/ Yoast SEO plugin. -->","yoast_head_json":{"title":"D\u00e9gustation de bi\u00e8res Madrid","description":"D\u00e9gustation de bi\u00e8res Madrid. Tourn\u00e9e des bi\u00e8res. Six d\u00e9gustations et assiette de fromages pour accompagner. Sommelier expert.","robots":{"index":"index","follow":"follow","max-snippet":"max-snippet:-1","max-image-preview":"max-image-preview:large","max-video-preview":"max-video-preview:-1"},"canonical":"https:\/\/stagpartynight.com\/fr\/product\/degustation-de-bieres-madrid\/","og_locale":"en_GB","og_type":"article","og_title":"D\u00e9gustation de bi\u00e8res Madrid","og_description":"D\u00e9gustation de bi\u00e8res Madrid. Tourn\u00e9e des bi\u00e8res. Six d\u00e9gustations et assiette de fromages pour accompagner. Sommelier expert.","og_url":"https:\/\/stagpartynight.com\/fr\/product\/degustation-de-bieres-madrid\/","og_site_name":"Nuit de f\u00eate de cerf","article_modified_time":"2024-02-05T10:26:32+00:00","og_image":[{"width":427,"height":640,"url":"https:\/\/stagpartynight.com\/fr\/wp-content\/uploads\/sites\/3\/2024\/02\/Degustation-de-bieres-Madrid.jpg","type":"image\/jpeg"}],"twitter_card":"summary_large_image","twitter_misc":{"Estimated reading time":"2 minutes"},"schema":{"@context":"https:\/\/schema.org","@graph":[{"@type":"WebPage","@id":"https:\/\/stagpartynight.com\/fr\/product\/degustation-de-bieres-madrid\/","url":"https:\/\/stagpartynight.com\/fr\/product\/degustation-de-bieres-madrid\/","name":"D\u00e9gustation de bi\u00e8res Madrid","isPartOf":{"@id":"https:\/\/stagpartynight.com\/fr\/#website"},"primaryImageOfPage":{"@id":"https:\/\/stagpartynight.com\/fr\/product\/degustation-de-bieres-madrid\/#primaryimage"},"image":{"@id":"https:\/\/stagpartynight.com\/fr\/product\/degustation-de-bieres-madrid\/#primaryimage"},"thumbnailUrl":"https:\/\/stagpartynight.com\/fr\/wp-content\/uploads\/sites\/3\/2024\/02\/Degustation-de-bieres-Madrid.jpg","datePublished":"2024-02-05T10:26:31+00:00","dateModified":"2024-02-05T10:26:32+00:00","description":"D\u00e9gustation de bi\u00e8res Madrid. Tourn\u00e9e des bi\u00e8res. Six d\u00e9gustations et assiette de fromages pour accompagner. Sommelier expert.","breadcrumb":{"@id":"https:\/\/stagpartynight.com\/fr\/product\/degustation-de-bieres-madrid\/#breadcrumb"},"inLanguage":"en-GB","potentialAction":[{"@type":"ReadAction","target":["https:\/\/stagpartynight.com\/fr\/product\/degustation-de-bieres-madrid\/"]}]},{"@type":"ImageObject","inLanguage":"en-GB","@id":"https:\/\/stagpartynight.com\/fr\/product\/degustation-de-bieres-madrid\/#primaryimage","url":"https:\/\/stagpartynight.com\/fr\/wp-content\/uploads\/sites\/3\/2024\/02\/Degustation-de-bieres-Madrid.jpg","contentUrl":"https:\/\/stagpartynight.com\/fr\/wp-content\/uploads\/sites\/3\/2024\/02\/Degustation-de-bieres-Madrid.jpg","width":427,"height":640,"caption":"D\u00e9gustation de bi\u00e8res Madrid"},{"@type":"BreadcrumbList","@id":"https:\/\/stagpartynight.com\/fr\/product\/degustation-de-bieres-madrid\/#breadcrumb","itemListElement":[{"@type":"ListItem","position":1,"name":"Home","item":"https:\/\/stagpartynight.com\/fr\/"},{"@type":"ListItem","position":2,"name":"Tienda","item":"https:\/\/stagpartynight.com\/fr\/tienda\/"},{"@type":"ListItem","position":3,"name":"D\u00e9gustation de bi\u00e8res Madrid"}]},{"@type":"WebSite","@id":"https:\/\/stagpartynight.com\/fr\/#website","url":"https:\/\/stagpartynight.com\/fr\/","name":"Stag Party Night","description":"Your Stag Party Customized","publisher":{"@id":"https:\/\/stagpartynight.com\/fr\/#organization"},"potentialAction":[{"@type":"SearchAction","target":{"@type":"EntryPoint","urlTemplate":"https:\/\/stagpartynight.com\/fr\/?s={search_term_string}"},"query-input":{"@type":"PropertyValueSpecification","valueRequired":true,"valueName":"search_term_string"}}],"inLanguage":"en-GB"},{"@type":"Organization","@id":"https:\/\/stagpartynight.com\/fr\/#organization","name":"Stag Party Night","url":"https:\/\/stagpartynight.com\/fr\/","logo":{"@type":"ImageObject","inLanguage":"en-GB","@id":"https:\/\/stagpartynight.com\/fr\/#\/schema\/logo\/image\/","url":"https:\/\/stagpartynight.com\/fr\/wp-content\/uploads\/sites\/3\/2019\/12\/stagpartynight-e1578565505687.png","contentUrl":"https:\/\/stagpartynight.com\/fr\/wp-content\/uploads\/sites\/3\/2019\/12\/stagpartynight-e1578565505687.png","width":400,"height":400,"caption":"Stag Party Night"},"image":{"@id":"https:\/\/stagpartynight.com\/fr\/#\/schema\/logo\/image\/"}}]}},"_links":{"self":[{"href":"https:\/\/stagpartynight.com\/fr\/wp-json\/wp\/v2\/product\/3044","targetHints":{"allow":["GET"]}}],"collection":[{"href":"https:\/\/stagpartynight.com\/fr\/wp-json\/wp\/v2\/product"}],"about":[{"href":"https:\/\/stagpartynight.com\/fr\/wp-json\/wp\/v2\/types\/product"}],"replies":[{"embeddable":true,"href":"https:\/\/stagpartynight.com\/fr\/wp-json\/wp\/v2\/comments?post=3044"}],"wp:featuredmedia":[{"embeddable":true,"href":"https:\/\/stagpartynight.com\/fr\/wp-json\/wp\/v2\/media\/3045"}],"wp:attachment":[{"href":"https:\/\/stagpartynight.com\/fr\/wp-json\/wp\/v2\/media?parent=3044"}],"wp:term":[{"taxonomy":"product_brand","embeddable":true,"href":"https:\/\/stagpartynight.com\/fr\/wp-json\/wp\/v2\/product_brand?post=3044"},{"taxonomy":"product_cat","embeddable":true,"href":"https:\/\/stagpartynight.com\/fr\/wp-json\/wp\/v2\/product_cat?post=3044"},{"taxonomy":"product_tag","embeddable":true,"href":"https:\/\/stagpartynight.com\/fr\/wp-json\/wp\/v2\/product_tag?post=3044"}],"curies":[{"name":"wp","href":"https:\/\/api.w.org\/{rel}","templated":true}]}}