{"id":3046,"date":"2024-02-05T11:32:42","date_gmt":"2024-02-05T10:32:42","guid":{"rendered":"https:\/\/stagpartynight.com\/fr\/?post_type=product&#038;p=3046"},"modified":"2024-02-05T11:32:42","modified_gmt":"2024-02-05T10:32:42","slug":"degustation-de-vins-madrid","status":"publish","type":"product","link":"https:\/\/stagpartynight.com\/fr\/product\/degustation-de-vins-madrid\/","title":{"rendered":"D\u00e9gustation de Vins Madrid"},"content":{"rendered":"<p>D\u00e9gustation de Vins Madrid. Visite guid\u00e9e du vin. D\u00e9gustation de diff\u00e9rents types de vins avec explications d&#8217;un sommelier expert. Six d\u00e9gustations (vin blanc, vin rouge et vin ros\u00e9).<\/p>\n<p>Les meilleurs enterrements de vie de gar\u00e7on avec <a href=\"https:\/\/stagpartynight.com\/\">StagParty<\/a>!<\/p>\n<h2 style=\"text-align: center;\">D\u00e9gustation de Vins Madrid<\/h2>\n<h4><strong>D\u00e9couvrez l&#8217;art du vin \u00e0 Madrid! \ud83c\udf77<\/strong><\/h4>\n<p>Bienvenue \u00e0 notre exp\u00e9rience exclusive de d\u00e9gustation de vins au c\u0153ur de Madrid! Embarquez pour un voyage sensoriel unique, alliant le plaisir de la d\u00e9couverte \u00e0 la richesse des saveurs vinicoles. Notre &#8220;Tour du Vin \u00e0 Madrid&#8221; est une aventure pour tous les amateurs de vin, initi\u00e9s ou novices, pr\u00eats \u00e0 explorer les d\u00e9lices de cette boisson internationale.<\/p>\n<p>\ud83c\udf0d <strong>Explorez le monde du vin \u00e0 travers nos six d\u00e9gustations uniques!<\/strong><\/p>\n<p>Accompagn\u00e9 par notre sommelier expert en vin, plongez dans l&#8217;univers diversifi\u00e9 des vins du monde entier. Apprenez \u00e0 distinguer les ar\u00f4mes subtils, d\u00e9couvrez les secrets des c\u00e9pages et laissez-vous emporter par une exp\u00e9rience immersive. Chaque d\u00e9gustation est une le\u00e7on en soi, offrant une compr\u00e9hension approfondie des diff\u00e9rents styles de vin.<\/p>\n<p>\ud83c\udf47 <strong>Deux vins blancs, deux vins rouges et deux vins ros\u00e9s &#8211; une palette de saveurs \u00e0 explorer!<\/strong><\/p>\n<p>D\u00e9couvrez la subtilit\u00e9 des vins blancs, l&#8217;\u00e9l\u00e9gance des vins rouges et la fra\u00eecheur des vins ros\u00e9s. Chaque vin est soigneusement s\u00e9lectionn\u00e9 pour vous offrir une exp\u00e9rience gustative inoubliable. Notre sommelier expert partagera des informations fascinantes sur l&#8217;origine, le processus de production et les caract\u00e9ristiques uniques de chaque vin.<\/p>\n<p>\ud83c\udf89 <strong>Profitez de votre s\u00e9jour \u00e0 <a href=\"https:\/\/es.wikipedia.org\/wiki\/Madrid\">Madrid<\/a> avec la boisson la plus internationale: LE VIN!<\/strong><\/p>\n<p>R\u00e9servez d\u00e8s maintenant pour garantir votre place dans cette aventure inoubliable! Que vous soyez un amateur de vin chevronn\u00e9 ou simplement curieux, notre tour du vin \u00e0 Madrid est une exp\u00e9rience incontournable pour tous les amoureux de la bonne ch\u00e8re. Venez cr\u00e9er des souvenirs m\u00e9morables tout en vous plongeant dans l&#8217;art et la culture du vin.<\/p>\n<p style=\"text-align: center;\">Sant\u00e9!\ud83c\udf77<\/p>\n","protected":false},"excerpt":{"rendered":"<p>D\u00e9gustation de Vins Madrid. Visite guid\u00e9e du vin. D\u00e9gustation de diff\u00e9rents types de vins avec explications d&#8217;un sommelier expert. Six d\u00e9gustations (vin blanc, vin rouge et vin ros\u00e9).<\/p>\n","protected":false},"featured_media":3047,"comment_status":"open","ping_status":"closed","template":"","meta":{"_et_pb_use_builder":"","_et_pb_old_content":"","_et_gb_content_width":""},"product_brand":[],"product_cat":[180],"product_tag":[726],"class_list":{"0":"post-3046","1":"product","2":"type-product","3":"status-publish","4":"has-post-thumbnail","6":"product_cat-madrid","7":"product_tag-degustation-de-vins-madrid","9":"first","10":"instock","11":"shipping-taxable","12":"product-type-simple"},"yoast_head":"<!-- This site is optimized with the Yoast SEO plugin v26.4 - https:\/\/yoast.com\/wordpress\/plugins\/seo\/ -->\n<title>D\u00e9gustation de Vins Madrid<\/title>\n<meta name=\"description\" content=\"D\u00e9gustation de Vins Madrid. Visite guid\u00e9e du vin. Un sommelier expert. Six d\u00e9gustations (vin blanc, vin rouge et vin ros\u00e9).\" \/>\n<meta name=\"robots\" content=\"index, follow, max-snippet:-1, max-image-preview:large, max-video-preview:-1\" \/>\n<link rel=\"canonical\" href=\"https:\/\/stagpartynight.com\/fr\/product\/degustation-de-vins-madrid\/\" \/>\n<meta property=\"og:locale\" content=\"en_GB\" \/>\n<meta property=\"og:type\" content=\"article\" \/>\n<meta property=\"og:title\" content=\"D\u00e9gustation de Vins Madrid\" \/>\n<meta property=\"og:description\" content=\"D\u00e9gustation de Vins Madrid. Visite guid\u00e9e du vin. Un sommelier expert. Six d\u00e9gustations (vin blanc, vin rouge et vin ros\u00e9).\" \/>\n<meta property=\"og:url\" content=\"https:\/\/stagpartynight.com\/fr\/product\/degustation-de-vins-madrid\/\" \/>\n<meta property=\"og:site_name\" content=\"Nuit de f\u00eate de cerf\" \/>\n<meta property=\"og:image\" content=\"https:\/\/stagpartynight.com\/fr\/wp-content\/uploads\/sites\/3\/2024\/02\/Degustation-de-Vins-Madrid.jpg\" \/>\n\t<meta property=\"og:image:width\" content=\"640\" \/>\n\t<meta property=\"og:image:height\" content=\"427\" \/>\n\t<meta property=\"og:image:type\" content=\"image\/jpeg\" \/>\n<meta name=\"twitter:card\" content=\"summary_large_image\" \/>\n<meta name=\"twitter:label1\" content=\"Estimated reading time\" \/>\n\t<meta name=\"twitter:data1\" content=\"2 minutes\" \/>\n<script type=\"application\/ld+json\" class=\"yoast-schema-graph\">{\"@context\":\"https:\/\/schema.org\",\"@graph\":[{\"@type\":\"WebPage\",\"@id\":\"https:\/\/stagpartynight.com\/fr\/product\/degustation-de-vins-madrid\/\",\"url\":\"https:\/\/stagpartynight.com\/fr\/product\/degustation-de-vins-madrid\/\",\"name\":\"D\u00e9gustation de Vins Madrid\",\"isPartOf\":{\"@id\":\"https:\/\/stagpartynight.com\/fr\/#website\"},\"primaryImageOfPage\":{\"@id\":\"https:\/\/stagpartynight.com\/fr\/product\/degustation-de-vins-madrid\/#primaryimage\"},\"image\":{\"@id\":\"https:\/\/stagpartynight.com\/fr\/product\/degustation-de-vins-madrid\/#primaryimage\"},\"thumbnailUrl\":\"https:\/\/stagpartynight.com\/fr\/wp-content\/uploads\/sites\/3\/2024\/02\/Degustation-de-Vins-Madrid.jpg\",\"datePublished\":\"2024-02-05T10:32:42+00:00\",\"description\":\"D\u00e9gustation de Vins Madrid. Visite guid\u00e9e du vin. Un sommelier expert. Six d\u00e9gustations (vin blanc, vin rouge et vin ros\u00e9).\",\"breadcrumb\":{\"@id\":\"https:\/\/stagpartynight.com\/fr\/product\/degustation-de-vins-madrid\/#breadcrumb\"},\"inLanguage\":\"en-GB\",\"potentialAction\":[{\"@type\":\"ReadAction\",\"target\":[\"https:\/\/stagpartynight.com\/fr\/product\/degustation-de-vins-madrid\/\"]}]},{\"@type\":\"ImageObject\",\"inLanguage\":\"en-GB\",\"@id\":\"https:\/\/stagpartynight.com\/fr\/product\/degustation-de-vins-madrid\/#primaryimage\",\"url\":\"https:\/\/stagpartynight.com\/fr\/wp-content\/uploads\/sites\/3\/2024\/02\/Degustation-de-Vins-Madrid.jpg\",\"contentUrl\":\"https:\/\/stagpartynight.com\/fr\/wp-content\/uploads\/sites\/3\/2024\/02\/Degustation-de-Vins-Madrid.jpg\",\"width\":640,\"height\":427,\"caption\":\"D\u00e9gustation de Vins Madrid\"},{\"@type\":\"BreadcrumbList\",\"@id\":\"https:\/\/stagpartynight.com\/fr\/product\/degustation-de-vins-madrid\/#breadcrumb\",\"itemListElement\":[{\"@type\":\"ListItem\",\"position\":1,\"name\":\"Home\",\"item\":\"https:\/\/stagpartynight.com\/fr\/\"},{\"@type\":\"ListItem\",\"position\":2,\"name\":\"Tienda\",\"item\":\"https:\/\/stagpartynight.com\/fr\/tienda\/\"},{\"@type\":\"ListItem\",\"position\":3,\"name\":\"D\u00e9gustation de Vins Madrid\"}]},{\"@type\":\"WebSite\",\"@id\":\"https:\/\/stagpartynight.com\/fr\/#website\",\"url\":\"https:\/\/stagpartynight.com\/fr\/\",\"name\":\"Stag Party Night\",\"description\":\"Your Stag Party Customized\",\"publisher\":{\"@id\":\"https:\/\/stagpartynight.com\/fr\/#organization\"},\"potentialAction\":[{\"@type\":\"SearchAction\",\"target\":{\"@type\":\"EntryPoint\",\"urlTemplate\":\"https:\/\/stagpartynight.com\/fr\/?s={search_term_string}\"},\"query-input\":{\"@type\":\"PropertyValueSpecification\",\"valueRequired\":true,\"valueName\":\"search_term_string\"}}],\"inLanguage\":\"en-GB\"},{\"@type\":\"Organization\",\"@id\":\"https:\/\/stagpartynight.com\/fr\/#organization\",\"name\":\"Stag Party Night\",\"url\":\"https:\/\/stagpartynight.com\/fr\/\",\"logo\":{\"@type\":\"ImageObject\",\"inLanguage\":\"en-GB\",\"@id\":\"https:\/\/stagpartynight.com\/fr\/#\/schema\/logo\/image\/\",\"url\":\"https:\/\/stagpartynight.com\/fr\/wp-content\/uploads\/sites\/3\/2019\/12\/stagpartynight-e1578565505687.png\",\"contentUrl\":\"https:\/\/stagpartynight.com\/fr\/wp-content\/uploads\/sites\/3\/2019\/12\/stagpartynight-e1578565505687.png\",\"width\":400,\"height\":400,\"caption\":\"Stag Party Night\"},\"image\":{\"@id\":\"https:\/\/stagpartynight.com\/fr\/#\/schema\/logo\/image\/\"}}]}<\/script>\n<!-- \/ Yoast SEO plugin. -->","yoast_head_json":{"title":"D\u00e9gustation de Vins Madrid","description":"D\u00e9gustation de Vins Madrid. Visite guid\u00e9e du vin. Un sommelier expert. Six d\u00e9gustations (vin blanc, vin rouge et vin ros\u00e9).","robots":{"index":"index","follow":"follow","max-snippet":"max-snippet:-1","max-image-preview":"max-image-preview:large","max-video-preview":"max-video-preview:-1"},"canonical":"https:\/\/stagpartynight.com\/fr\/product\/degustation-de-vins-madrid\/","og_locale":"en_GB","og_type":"article","og_title":"D\u00e9gustation de Vins Madrid","og_description":"D\u00e9gustation de Vins Madrid. Visite guid\u00e9e du vin. Un sommelier expert. Six d\u00e9gustations (vin blanc, vin rouge et vin ros\u00e9).","og_url":"https:\/\/stagpartynight.com\/fr\/product\/degustation-de-vins-madrid\/","og_site_name":"Nuit de f\u00eate de cerf","og_image":[{"width":640,"height":427,"url":"https:\/\/stagpartynight.com\/fr\/wp-content\/uploads\/sites\/3\/2024\/02\/Degustation-de-Vins-Madrid.jpg","type":"image\/jpeg"}],"twitter_card":"summary_large_image","twitter_misc":{"Estimated reading time":"2 minutes"},"schema":{"@context":"https:\/\/schema.org","@graph":[{"@type":"WebPage","@id":"https:\/\/stagpartynight.com\/fr\/product\/degustation-de-vins-madrid\/","url":"https:\/\/stagpartynight.com\/fr\/product\/degustation-de-vins-madrid\/","name":"D\u00e9gustation de Vins Madrid","isPartOf":{"@id":"https:\/\/stagpartynight.com\/fr\/#website"},"primaryImageOfPage":{"@id":"https:\/\/stagpartynight.com\/fr\/product\/degustation-de-vins-madrid\/#primaryimage"},"image":{"@id":"https:\/\/stagpartynight.com\/fr\/product\/degustation-de-vins-madrid\/#primaryimage"},"thumbnailUrl":"https:\/\/stagpartynight.com\/fr\/wp-content\/uploads\/sites\/3\/2024\/02\/Degustation-de-Vins-Madrid.jpg","datePublished":"2024-02-05T10:32:42+00:00","description":"D\u00e9gustation de Vins Madrid. Visite guid\u00e9e du vin. Un sommelier expert. Six d\u00e9gustations (vin blanc, vin rouge et vin ros\u00e9).","breadcrumb":{"@id":"https:\/\/stagpartynight.com\/fr\/product\/degustation-de-vins-madrid\/#breadcrumb"},"inLanguage":"en-GB","potentialAction":[{"@type":"ReadAction","target":["https:\/\/stagpartynight.com\/fr\/product\/degustation-de-vins-madrid\/"]}]},{"@type":"ImageObject","inLanguage":"en-GB","@id":"https:\/\/stagpartynight.com\/fr\/product\/degustation-de-vins-madrid\/#primaryimage","url":"https:\/\/stagpartynight.com\/fr\/wp-content\/uploads\/sites\/3\/2024\/02\/Degustation-de-Vins-Madrid.jpg","contentUrl":"https:\/\/stagpartynight.com\/fr\/wp-content\/uploads\/sites\/3\/2024\/02\/Degustation-de-Vins-Madrid.jpg","width":640,"height":427,"caption":"D\u00e9gustation de Vins Madrid"},{"@type":"BreadcrumbList","@id":"https:\/\/stagpartynight.com\/fr\/product\/degustation-de-vins-madrid\/#breadcrumb","itemListElement":[{"@type":"ListItem","position":1,"name":"Home","item":"https:\/\/stagpartynight.com\/fr\/"},{"@type":"ListItem","position":2,"name":"Tienda","item":"https:\/\/stagpartynight.com\/fr\/tienda\/"},{"@type":"ListItem","position":3,"name":"D\u00e9gustation de Vins Madrid"}]},{"@type":"WebSite","@id":"https:\/\/stagpartynight.com\/fr\/#website","url":"https:\/\/stagpartynight.com\/fr\/","name":"Stag Party Night","description":"Your Stag Party Customized","publisher":{"@id":"https:\/\/stagpartynight.com\/fr\/#organization"},"potentialAction":[{"@type":"SearchAction","target":{"@type":"EntryPoint","urlTemplate":"https:\/\/stagpartynight.com\/fr\/?s={search_term_string}"},"query-input":{"@type":"PropertyValueSpecification","valueRequired":true,"valueName":"search_term_string"}}],"inLanguage":"en-GB"},{"@type":"Organization","@id":"https:\/\/stagpartynight.com\/fr\/#organization","name":"Stag Party Night","url":"https:\/\/stagpartynight.com\/fr\/","logo":{"@type":"ImageObject","inLanguage":"en-GB","@id":"https:\/\/stagpartynight.com\/fr\/#\/schema\/logo\/image\/","url":"https:\/\/stagpartynight.com\/fr\/wp-content\/uploads\/sites\/3\/2019\/12\/stagpartynight-e1578565505687.png","contentUrl":"https:\/\/stagpartynight.com\/fr\/wp-content\/uploads\/sites\/3\/2019\/12\/stagpartynight-e1578565505687.png","width":400,"height":400,"caption":"Stag Party Night"},"image":{"@id":"https:\/\/stagpartynight.com\/fr\/#\/schema\/logo\/image\/"}}]}},"_links":{"self":[{"href":"https:\/\/stagpartynight.com\/fr\/wp-json\/wp\/v2\/product\/3046","targetHints":{"allow":["GET"]}}],"collection":[{"href":"https:\/\/stagpartynight.com\/fr\/wp-json\/wp\/v2\/product"}],"about":[{"href":"https:\/\/stagpartynight.com\/fr\/wp-json\/wp\/v2\/types\/product"}],"replies":[{"embeddable":true,"href":"https:\/\/stagpartynight.com\/fr\/wp-json\/wp\/v2\/comments?post=3046"}],"wp:featuredmedia":[{"embeddable":true,"href":"https:\/\/stagpartynight.com\/fr\/wp-json\/wp\/v2\/media\/3047"}],"wp:attachment":[{"href":"https:\/\/stagpartynight.com\/fr\/wp-json\/wp\/v2\/media?parent=3046"}],"wp:term":[{"taxonomy":"product_brand","embeddable":true,"href":"https:\/\/stagpartynight.com\/fr\/wp-json\/wp\/v2\/product_brand?post=3046"},{"taxonomy":"product_cat","embeddable":true,"href":"https:\/\/stagpartynight.com\/fr\/wp-json\/wp\/v2\/product_cat?post=3046"},{"taxonomy":"product_tag","embeddable":true,"href":"https:\/\/stagpartynight.com\/fr\/wp-json\/wp\/v2\/product_tag?post=3046"}],"curies":[{"name":"wp","href":"https:\/\/api.w.org\/{rel}","templated":true}]}}