{"id":3052,"date":"2024-02-05T11:42:43","date_gmt":"2024-02-05T10:42:43","guid":{"rendered":"https:\/\/stagpartynight.com\/fr\/?post_type=product&#038;p=3052"},"modified":"2024-02-05T11:44:45","modified_gmt":"2024-02-05T10:44:45","slug":"bubble-foot-madrid","status":"publish","type":"product","link":"https:\/\/stagpartynight.com\/fr\/product\/bubble-foot-madrid\/","title":{"rendered":"Bubble Foot Madrid"},"content":{"rendered":"<p>Bubble Foot Madrid. Une activit\u00e9 diff\u00e9rente pour agr\u00e9menter votre f\u00eate. Impossible de ne pas rire et de ne pas appr\u00e9cier cette activit\u00e9. Applaudissez !<\/p>\n<p>Les meilleurs enterrements de vie de gar\u00e7on\u00a0 avec <a href=\"https:\/\/stagpartynight.com\/\">Stagparty<\/a>!<\/p>\n<h2 style=\"text-align: center;\">Bubble Foot Madrid\u26bd<\/h2>\n<h4>Vive une exp\u00e9rience de football unique et hilarante avec le Bubble Football \u00e0 Madrid! \ud83e\udd23<\/h4>\n<p>Parfait pour des moments inoubliables entre amis, cette activit\u00e9 classique devient une aventure hilarante gr\u00e2ce aux bulles gonflables g\u00e9antes.<\/p>\n<p>Envelopp\u00e9 dans votre bulle, pr\u00e9parez-vous \u00e0 des fous rires sur le terrain de football. D\u00e9fendez, attaquez, roulez et rebondissez, le Bubble Football ajoute une touche comique au jeu traditionnel. \ud83c\udf10 Choisissez entre une plage ensoleill\u00e9e, un parc verdoyant ou un terrain de football pour une exp\u00e9rience adapt\u00e9e \u00e0 vos pr\u00e9f\u00e9rences.<\/p>\n<p>Id\u00e9al pour les \u00e9v\u00e9nements sp\u00e9ciaux, le Bubble Football est une option parfaite pour les anniversaires, les enterrements de vie de c\u00e9libataire ou tout simplement pour c\u00e9l\u00e9brer l&#8217;amiti\u00e9.<\/p>\n<p>\ud83c\udf89 Cr\u00e9ez des souvenirs m\u00e9morables tout en vous amusant de mani\u00e8re originale.<\/p>\n<p>R\u00e9servez maintenant votre session de Bubble Football \u00e0 Madrid et plongez dans une aventure sportive o\u00f9 le rire est roi. Profitez d&#8217;une exp\u00e9rience qui combine comp\u00e9tition, camaraderie et \u00e9clats de rire, garantissant une journ\u00e9e m\u00e9morable entre amis.<\/p>\n<p>\u00c0 vos bulles, pr\u00eats, partez! \ud83e\udd29<\/p>\n<p style=\"text-align: center;\">\u26bdR\u00e9servez Bubble Foot <a href=\"https:\/\/es.wikipedia.org\/wiki\/Madrid\">Madrid<\/a>\u26bd<\/p>\n","protected":false},"excerpt":{"rendered":"<p>Une activit\u00e9 diff\u00e9rente pour agr\u00e9menter votre f\u00eate. Impossible de ne pas rire et de ne pas appr\u00e9cier cette activit\u00e9. Applaudissez !<\/p>\n","protected":false},"featured_media":3053,"comment_status":"open","ping_status":"closed","template":"","meta":{"_et_pb_use_builder":"","_et_pb_old_content":"","_et_gb_content_width":""},"product_brand":[],"product_cat":[180],"product_tag":[],"class_list":{"0":"post-3052","1":"product","2":"type-product","3":"status-publish","4":"has-post-thumbnail","6":"product_cat-madrid","8":"first","9":"instock","10":"shipping-taxable","11":"product-type-simple"},"yoast_head":"<!-- This site is optimized with the Yoast SEO Premium plugin v27.5 (Yoast SEO v27.5) - https:\/\/yoast.com\/product\/yoast-seo-premium-wordpress\/ -->\n<title>Bubble Foot Madrid<\/title>\n<meta name=\"description\" content=\"Bubble Foot Madrid. Une activit\u00e9 diff\u00e9rente pour agr\u00e9menter votre f\u00eate. Impossible de ne pas rire et de ne pas appr\u00e9cier cette activit\u00e9. Applaudissez !\" \/>\n<meta name=\"robots\" content=\"index, follow, max-snippet:-1, max-image-preview:large, max-video-preview:-1\" \/>\n<link rel=\"canonical\" href=\"https:\/\/stagpartynight.com\/fr\/product\/bubble-foot-madrid\/\" \/>\n<meta property=\"og:locale\" content=\"en_GB\" \/>\n<meta property=\"og:type\" content=\"article\" \/>\n<meta property=\"og:title\" content=\"Bubble Foot Madrid\" \/>\n<meta property=\"og:description\" content=\"Bubble Foot Madrid. Une activit\u00e9 diff\u00e9rente pour agr\u00e9menter votre f\u00eate. Impossible de ne pas rire et de ne pas appr\u00e9cier cette activit\u00e9. Applaudissez !\" \/>\n<meta property=\"og:url\" content=\"https:\/\/stagpartynight.com\/fr\/product\/bubble-foot-madrid\/\" \/>\n<meta property=\"og:site_name\" content=\"Nuit de f\u00eate de cerf\" \/>\n<meta property=\"article:modified_time\" content=\"2024-02-05T10:44:45+00:00\" \/>\n<meta property=\"og:image\" content=\"https:\/\/stagpartynight.com\/fr\/wp-content\/uploads\/sites\/3\/2024\/02\/Bubble-Foot-Madrid.jpg\" \/>\n\t<meta property=\"og:image:width\" content=\"1600\" \/>\n\t<meta property=\"og:image:height\" content=\"1200\" \/>\n\t<meta property=\"og:image:type\" content=\"image\/jpeg\" \/>\n<meta name=\"twitter:card\" content=\"summary_large_image\" \/>\n<meta name=\"twitter:label1\" content=\"Estimated reading time\" \/>\n\t<meta name=\"twitter:data1\" content=\"2 minutes\" \/>\n<script type=\"application\/ld+json\" class=\"yoast-schema-graph\">{\"@context\":\"https:\\\/\\\/schema.org\",\"@graph\":[{\"@type\":\"WebPage\",\"@id\":\"https:\\\/\\\/stagpartynight.com\\\/fr\\\/product\\\/bubble-foot-madrid\\\/\",\"url\":\"https:\\\/\\\/stagpartynight.com\\\/fr\\\/product\\\/bubble-foot-madrid\\\/\",\"name\":\"Bubble Foot Madrid\",\"isPartOf\":{\"@id\":\"https:\\\/\\\/stagpartynight.com\\\/fr\\\/#website\"},\"primaryImageOfPage\":{\"@id\":\"https:\\\/\\\/stagpartynight.com\\\/fr\\\/product\\\/bubble-foot-madrid\\\/#primaryimage\"},\"image\":{\"@id\":\"https:\\\/\\\/stagpartynight.com\\\/fr\\\/product\\\/bubble-foot-madrid\\\/#primaryimage\"},\"thumbnailUrl\":\"https:\\\/\\\/stagpartynight.com\\\/fr\\\/wp-content\\\/uploads\\\/sites\\\/3\\\/2024\\\/02\\\/Bubble-Foot-Madrid.jpg\",\"datePublished\":\"2024-02-05T10:42:43+00:00\",\"dateModified\":\"2024-02-05T10:44:45+00:00\",\"description\":\"Bubble Foot Madrid. Une activit\u00e9 diff\u00e9rente pour agr\u00e9menter votre f\u00eate. Impossible de ne pas rire et de ne pas appr\u00e9cier cette activit\u00e9. Applaudissez !\",\"breadcrumb\":{\"@id\":\"https:\\\/\\\/stagpartynight.com\\\/fr\\\/product\\\/bubble-foot-madrid\\\/#breadcrumb\"},\"inLanguage\":\"en-GB\",\"potentialAction\":[{\"@type\":\"ReadAction\",\"target\":[\"https:\\\/\\\/stagpartynight.com\\\/fr\\\/product\\\/bubble-foot-madrid\\\/\"]}]},{\"@type\":\"ImageObject\",\"inLanguage\":\"en-GB\",\"@id\":\"https:\\\/\\\/stagpartynight.com\\\/fr\\\/product\\\/bubble-foot-madrid\\\/#primaryimage\",\"url\":\"https:\\\/\\\/stagpartynight.com\\\/fr\\\/wp-content\\\/uploads\\\/sites\\\/3\\\/2024\\\/02\\\/Bubble-Foot-Madrid.jpg\",\"contentUrl\":\"https:\\\/\\\/stagpartynight.com\\\/fr\\\/wp-content\\\/uploads\\\/sites\\\/3\\\/2024\\\/02\\\/Bubble-Foot-Madrid.jpg\",\"width\":1600,\"height\":1200,\"caption\":\"Bubble Foot Madrid\"},{\"@type\":\"BreadcrumbList\",\"@id\":\"https:\\\/\\\/stagpartynight.com\\\/fr\\\/product\\\/bubble-foot-madrid\\\/#breadcrumb\",\"itemListElement\":[{\"@type\":\"ListItem\",\"position\":1,\"name\":\"Home\",\"item\":\"https:\\\/\\\/stagpartynight.com\\\/fr\\\/\"},{\"@type\":\"ListItem\",\"position\":2,\"name\":\"Tienda\",\"item\":\"https:\\\/\\\/stagpartynight.com\\\/fr\\\/tienda\\\/\"},{\"@type\":\"ListItem\",\"position\":3,\"name\":\"Bubble Foot Madrid\"}]},{\"@type\":\"WebSite\",\"@id\":\"https:\\\/\\\/stagpartynight.com\\\/fr\\\/#website\",\"url\":\"https:\\\/\\\/stagpartynight.com\\\/fr\\\/\",\"name\":\"Stag Party Night\",\"description\":\"Your Stag Party Customized\",\"publisher\":{\"@id\":\"https:\\\/\\\/stagpartynight.com\\\/fr\\\/#organization\"},\"potentialAction\":[{\"@type\":\"SearchAction\",\"target\":{\"@type\":\"EntryPoint\",\"urlTemplate\":\"https:\\\/\\\/stagpartynight.com\\\/fr\\\/?s={search_term_string}\"},\"query-input\":{\"@type\":\"PropertyValueSpecification\",\"valueRequired\":true,\"valueName\":\"search_term_string\"}}],\"inLanguage\":\"en-GB\"},{\"@type\":\"Organization\",\"@id\":\"https:\\\/\\\/stagpartynight.com\\\/fr\\\/#organization\",\"name\":\"Stag Party Night\",\"url\":\"https:\\\/\\\/stagpartynight.com\\\/fr\\\/\",\"logo\":{\"@type\":\"ImageObject\",\"inLanguage\":\"en-GB\",\"@id\":\"https:\\\/\\\/stagpartynight.com\\\/fr\\\/#\\\/schema\\\/logo\\\/image\\\/\",\"url\":\"https:\\\/\\\/stagpartynight.com\\\/fr\\\/wp-content\\\/uploads\\\/sites\\\/3\\\/2019\\\/12\\\/stagpartynight-e1578565505687.png\",\"contentUrl\":\"https:\\\/\\\/stagpartynight.com\\\/fr\\\/wp-content\\\/uploads\\\/sites\\\/3\\\/2019\\\/12\\\/stagpartynight-e1578565505687.png\",\"width\":400,\"height\":400,\"caption\":\"Stag Party Night\"},\"image\":{\"@id\":\"https:\\\/\\\/stagpartynight.com\\\/fr\\\/#\\\/schema\\\/logo\\\/image\\\/\"}}]}<\/script>\n<!-- \/ Yoast SEO Premium plugin. -->","yoast_head_json":{"title":"Bubble Foot Madrid","description":"Bubble Foot Madrid. Une activit\u00e9 diff\u00e9rente pour agr\u00e9menter votre f\u00eate. Impossible de ne pas rire et de ne pas appr\u00e9cier cette activit\u00e9. Applaudissez !","robots":{"index":"index","follow":"follow","max-snippet":"max-snippet:-1","max-image-preview":"max-image-preview:large","max-video-preview":"max-video-preview:-1"},"canonical":"https:\/\/stagpartynight.com\/fr\/product\/bubble-foot-madrid\/","og_locale":"en_GB","og_type":"article","og_title":"Bubble Foot Madrid","og_description":"Bubble Foot Madrid. Une activit\u00e9 diff\u00e9rente pour agr\u00e9menter votre f\u00eate. Impossible de ne pas rire et de ne pas appr\u00e9cier cette activit\u00e9. Applaudissez !","og_url":"https:\/\/stagpartynight.com\/fr\/product\/bubble-foot-madrid\/","og_site_name":"Nuit de f\u00eate de cerf","article_modified_time":"2024-02-05T10:44:45+00:00","og_image":[{"width":1600,"height":1200,"url":"https:\/\/stagpartynight.com\/fr\/wp-content\/uploads\/sites\/3\/2024\/02\/Bubble-Foot-Madrid.jpg","type":"image\/jpeg"}],"twitter_card":"summary_large_image","twitter_misc":{"Estimated reading time":"2 minutes"},"schema":{"@context":"https:\/\/schema.org","@graph":[{"@type":"WebPage","@id":"https:\/\/stagpartynight.com\/fr\/product\/bubble-foot-madrid\/","url":"https:\/\/stagpartynight.com\/fr\/product\/bubble-foot-madrid\/","name":"Bubble Foot Madrid","isPartOf":{"@id":"https:\/\/stagpartynight.com\/fr\/#website"},"primaryImageOfPage":{"@id":"https:\/\/stagpartynight.com\/fr\/product\/bubble-foot-madrid\/#primaryimage"},"image":{"@id":"https:\/\/stagpartynight.com\/fr\/product\/bubble-foot-madrid\/#primaryimage"},"thumbnailUrl":"https:\/\/stagpartynight.com\/fr\/wp-content\/uploads\/sites\/3\/2024\/02\/Bubble-Foot-Madrid.jpg","datePublished":"2024-02-05T10:42:43+00:00","dateModified":"2024-02-05T10:44:45+00:00","description":"Bubble Foot Madrid. Une activit\u00e9 diff\u00e9rente pour agr\u00e9menter votre f\u00eate. Impossible de ne pas rire et de ne pas appr\u00e9cier cette activit\u00e9. Applaudissez !","breadcrumb":{"@id":"https:\/\/stagpartynight.com\/fr\/product\/bubble-foot-madrid\/#breadcrumb"},"inLanguage":"en-GB","potentialAction":[{"@type":"ReadAction","target":["https:\/\/stagpartynight.com\/fr\/product\/bubble-foot-madrid\/"]}]},{"@type":"ImageObject","inLanguage":"en-GB","@id":"https:\/\/stagpartynight.com\/fr\/product\/bubble-foot-madrid\/#primaryimage","url":"https:\/\/stagpartynight.com\/fr\/wp-content\/uploads\/sites\/3\/2024\/02\/Bubble-Foot-Madrid.jpg","contentUrl":"https:\/\/stagpartynight.com\/fr\/wp-content\/uploads\/sites\/3\/2024\/02\/Bubble-Foot-Madrid.jpg","width":1600,"height":1200,"caption":"Bubble Foot Madrid"},{"@type":"BreadcrumbList","@id":"https:\/\/stagpartynight.com\/fr\/product\/bubble-foot-madrid\/#breadcrumb","itemListElement":[{"@type":"ListItem","position":1,"name":"Home","item":"https:\/\/stagpartynight.com\/fr\/"},{"@type":"ListItem","position":2,"name":"Tienda","item":"https:\/\/stagpartynight.com\/fr\/tienda\/"},{"@type":"ListItem","position":3,"name":"Bubble Foot Madrid"}]},{"@type":"WebSite","@id":"https:\/\/stagpartynight.com\/fr\/#website","url":"https:\/\/stagpartynight.com\/fr\/","name":"Stag Party Night","description":"Your Stag Party Customized","publisher":{"@id":"https:\/\/stagpartynight.com\/fr\/#organization"},"potentialAction":[{"@type":"SearchAction","target":{"@type":"EntryPoint","urlTemplate":"https:\/\/stagpartynight.com\/fr\/?s={search_term_string}"},"query-input":{"@type":"PropertyValueSpecification","valueRequired":true,"valueName":"search_term_string"}}],"inLanguage":"en-GB"},{"@type":"Organization","@id":"https:\/\/stagpartynight.com\/fr\/#organization","name":"Stag Party Night","url":"https:\/\/stagpartynight.com\/fr\/","logo":{"@type":"ImageObject","inLanguage":"en-GB","@id":"https:\/\/stagpartynight.com\/fr\/#\/schema\/logo\/image\/","url":"https:\/\/stagpartynight.com\/fr\/wp-content\/uploads\/sites\/3\/2019\/12\/stagpartynight-e1578565505687.png","contentUrl":"https:\/\/stagpartynight.com\/fr\/wp-content\/uploads\/sites\/3\/2019\/12\/stagpartynight-e1578565505687.png","width":400,"height":400,"caption":"Stag Party Night"},"image":{"@id":"https:\/\/stagpartynight.com\/fr\/#\/schema\/logo\/image\/"}}]}},"_links":{"self":[{"href":"https:\/\/stagpartynight.com\/fr\/wp-json\/wp\/v2\/product\/3052","targetHints":{"allow":["GET"]}}],"collection":[{"href":"https:\/\/stagpartynight.com\/fr\/wp-json\/wp\/v2\/product"}],"about":[{"href":"https:\/\/stagpartynight.com\/fr\/wp-json\/wp\/v2\/types\/product"}],"replies":[{"embeddable":true,"href":"https:\/\/stagpartynight.com\/fr\/wp-json\/wp\/v2\/comments?post=3052"}],"wp:featuredmedia":[{"embeddable":true,"href":"https:\/\/stagpartynight.com\/fr\/wp-json\/wp\/v2\/media\/3053"}],"wp:attachment":[{"href":"https:\/\/stagpartynight.com\/fr\/wp-json\/wp\/v2\/media?parent=3052"}],"wp:term":[{"taxonomy":"product_brand","embeddable":true,"href":"https:\/\/stagpartynight.com\/fr\/wp-json\/wp\/v2\/product_brand?post=3052"},{"taxonomy":"product_cat","embeddable":true,"href":"https:\/\/stagpartynight.com\/fr\/wp-json\/wp\/v2\/product_cat?post=3052"},{"taxonomy":"product_tag","embeddable":true,"href":"https:\/\/stagpartynight.com\/fr\/wp-json\/wp\/v2\/product_tag?post=3052"}],"curies":[{"name":"wp","href":"https:\/\/api.w.org\/{rel}","templated":true}]}}