{"id":3057,"date":"2024-02-05T11:55:12","date_gmt":"2024-02-05T10:55:12","guid":{"rendered":"https:\/\/stagpartynight.com\/fr\/?post_type=product&#038;p=3057"},"modified":"2024-02-05T12:55:31","modified_gmt":"2024-02-05T11:55:31","slug":"escape-game-madrid","status":"publish","type":"product","link":"https:\/\/stagpartynight.com\/fr\/product\/escape-game-madrid\/","title":{"rendered":"Escape Game Madrid"},"content":{"rendered":"<p>Escape Game Madrid. Scape Room Madrid. Objectif :Retrouvez le t\u00e9moin qui vous a vu kidnapper votre otage, pourrez-vous l&#8217;emp\u00eacher de ruiner vos plans ?<\/p>\n<div><\/div>\n<div>Les meilleurs enterrements de vie de gar\u00e7on avec <a href=\"https:\/\/stagpartynight.com\/\">Stagparty<\/a> !<\/div>\n<p>&nbsp;<\/p>\n<h2 style=\"text-align: center;\">Escape Game Madrid<\/h2>\n<p>\ud83d\udc8e Enqu\u00eatez et trouvez le t\u00e9moin : Scape Room \u00e0 Madrid ! \ud83d\udc8e<\/p>\n<p>Plongez dans l&#8217;intrigue palpitante de notre Scape Room \u00e0 Madrid, une exp\u00e9rience myst\u00e9rieuse et divertissante qui met \u00e0 l&#8217;\u00e9preuve votre esprit d&#8217;\u00e9quipe et votre ing\u00e9niosit\u00e9. Vous \u00eates un dangereux cartel de la drogue. Vous avez enlev\u00e9 un otage mais quelqu&#8217;un vous a rep\u00e9r\u00e9. Votre mission, si vous choisissez de l&#8217;accepter, est de trouver la personne qui pourrait \u00eatre en mesure de faire \u00e9chouer vos plans.<\/p>\n<p>\ud83c\udff0 Le myst\u00e8re commence \ud83d\udddd\ufe0f<\/p>\n<p>Entrez dans un monde de myst\u00e8re et d&#8217;aventure o\u00f9 chaque indice compte. Notre Scape Room vous transporte dans un cadre captivant o\u00f9 le temps est compt\u00e9 et o\u00f9 chaque d\u00e9cision compte. Mettez vos talents d&#8217;enqu\u00eateur \u00e0 l&#8217;\u00e9preuve en r\u00e9solvant les \u00e9nigmes et en \u00e9lucidant les myst\u00e8res cach\u00e9s.<\/p>\n<h6>\ud83e\udd14 Mode Combat Pour les aventuriers audacieux \u2694\ufe0f<\/h6>\n<p>Si vous \u00eates un groupe de plus de douze personnes, plongez dans le mode &#8220;Combat&#8221; avec deux salles s\u00e9par\u00e9es &#8211; c&#8217;est une course contre la montre et contre l&#8217;autre \u00e9quipe ! Qui r\u00e9soudra le myst\u00e8re en premier et gagnera ? La comp\u00e9tition ajoute une dose d&#8217;adr\u00e9naline, transformant l&#8217;aventure en une exp\u00e9rience encore plus palpitante.<\/p>\n<p>\ud83d\udc65 Esprit d&#8217;\u00e9quipe et espi\u00e8glerie \ud83e\udde9 L&#8217;intensit\u00e9 de la mission favorise le renforcement de l&#8217;esprit d&#8217;\u00e9quipe.<\/p>\n<p>L&#8217;intensit\u00e9 de la mission favorise le renforcement des liens au sein de l&#8217;\u00e9quipe. Seuls ceux qui travaillent ensemble sans faille parviendront \u00e0 percer les myst\u00e8res et \u00e0 retrouver le t\u00e9moin. Chaque d\u00e9tail compte, et la victoire d\u00e9pend de votre capacit\u00e9 \u00e0 r\u00e9soudre les \u00e9nigmes ensemble.<\/p>\n<h6><strong>\ud83d\udd13 R\u00e9servez Votre Aventure Aujourd&#8217;hui! \ud83d\udd13<\/strong><\/h6>\n<p>Que vous soyez un amateur d&#8217;\u00e9nigmes ou un passionn\u00e9 d&#8217;aventures, notre Scape Room \u00e0 <a href=\"https:\/\/es.wikipedia.org\/wiki\/Madrid\">Madrid<\/a> est une exp\u00e9rience inoubliable qui m\u00eale myst\u00e8re, intrigue et divertissement. R\u00e9servez d\u00e8s maintenant pour plonger dans une aventure palpitante o\u00f9 la r\u00e9ussite d\u00e9pend de votre esprit d&#8217;\u00e9quipe et de votre capacit\u00e9 \u00e0 percer les myst\u00e8res qui se cachent dans chaque recoin.<\/p>\n<p style=\"text-align: center;\">\ud83d\udd0dPr\u00e9parez-vous \u00e0 une exp\u00e9rience immersive o\u00f9 chaque indice compte et o\u00f9 la victoire n&#8217;appartient qu&#8217;aux plus ing\u00e9nieux! \ud83c\udfc6<\/p>\n","protected":false},"excerpt":{"rendered":"<p>Escape Game Madrid. Scape Room Madrid. Objectif : R\u00e9cup\u00e9rer les bijoux avant qu&#8217;ils ne tombent entre les mains du commanditaire du vol. Myst\u00e9rieux, audacieux et amusant.<\/p>\n","protected":false},"featured_media":3058,"comment_status":"open","ping_status":"closed","template":"","meta":{"_et_pb_use_builder":"","_et_pb_old_content":"","_et_gb_content_width":""},"product_brand":[],"product_cat":[180],"product_tag":[729],"class_list":{"0":"post-3057","1":"product","2":"type-product","3":"status-publish","4":"has-post-thumbnail","6":"product_cat-madrid","7":"product_tag-escape-game-madrid","9":"first","10":"instock","11":"shipping-taxable","12":"product-type-simple"},"yoast_head":"<!-- This site is optimized with the Yoast SEO plugin v26.4 - https:\/\/yoast.com\/wordpress\/plugins\/seo\/ -->\n<title>Escape Game Madrid<\/title>\n<meta name=\"description\" content=\"Escape Game Madrid. Scape Room Madrid. Objectif : R\u00e9cup\u00e9rer les bijoux. Myst\u00e9rieux, audacieux et amusant. Experience \u00e0 Madrid.\" \/>\n<meta name=\"robots\" content=\"index, follow, max-snippet:-1, max-image-preview:large, max-video-preview:-1\" \/>\n<link rel=\"canonical\" href=\"https:\/\/stagpartynight.com\/fr\/product\/escape-game-madrid\/\" \/>\n<meta property=\"og:locale\" content=\"en_GB\" \/>\n<meta property=\"og:type\" content=\"article\" \/>\n<meta property=\"og:title\" content=\"Escape Game Madrid\" \/>\n<meta property=\"og:description\" content=\"Escape Game Madrid. Scape Room Madrid. Objectif : R\u00e9cup\u00e9rer les bijoux. Myst\u00e9rieux, audacieux et amusant. Experience \u00e0 Madrid.\" \/>\n<meta property=\"og:url\" content=\"https:\/\/stagpartynight.com\/fr\/product\/escape-game-madrid\/\" \/>\n<meta property=\"og:site_name\" content=\"Nuit de f\u00eate de cerf\" \/>\n<meta property=\"article:modified_time\" content=\"2024-02-05T11:55:31+00:00\" \/>\n<meta property=\"og:image\" content=\"https:\/\/stagpartynight.com\/fr\/wp-content\/uploads\/sites\/3\/2024\/02\/Escape-Game-Madrid.jpg\" \/>\n\t<meta property=\"og:image:width\" content=\"640\" \/>\n\t<meta property=\"og:image:height\" content=\"360\" \/>\n\t<meta property=\"og:image:type\" content=\"image\/jpeg\" \/>\n<meta name=\"twitter:card\" content=\"summary_large_image\" \/>\n<meta name=\"twitter:label1\" content=\"Estimated reading time\" \/>\n\t<meta name=\"twitter:data1\" content=\"2 minutes\" \/>\n<script type=\"application\/ld+json\" class=\"yoast-schema-graph\">{\"@context\":\"https:\/\/schema.org\",\"@graph\":[{\"@type\":\"WebPage\",\"@id\":\"https:\/\/stagpartynight.com\/fr\/product\/escape-game-madrid\/\",\"url\":\"https:\/\/stagpartynight.com\/fr\/product\/escape-game-madrid\/\",\"name\":\"Escape Game Madrid\",\"isPartOf\":{\"@id\":\"https:\/\/stagpartynight.com\/fr\/#website\"},\"primaryImageOfPage\":{\"@id\":\"https:\/\/stagpartynight.com\/fr\/product\/escape-game-madrid\/#primaryimage\"},\"image\":{\"@id\":\"https:\/\/stagpartynight.com\/fr\/product\/escape-game-madrid\/#primaryimage\"},\"thumbnailUrl\":\"https:\/\/stagpartynight.com\/fr\/wp-content\/uploads\/sites\/3\/2024\/02\/Escape-Game-Madrid.jpg\",\"datePublished\":\"2024-02-05T10:55:12+00:00\",\"dateModified\":\"2024-02-05T11:55:31+00:00\",\"description\":\"Escape Game Madrid. Scape Room Madrid. Objectif : R\u00e9cup\u00e9rer les bijoux. Myst\u00e9rieux, audacieux et amusant. Experience \u00e0 Madrid.\",\"breadcrumb\":{\"@id\":\"https:\/\/stagpartynight.com\/fr\/product\/escape-game-madrid\/#breadcrumb\"},\"inLanguage\":\"en-GB\",\"potentialAction\":[{\"@type\":\"ReadAction\",\"target\":[\"https:\/\/stagpartynight.com\/fr\/product\/escape-game-madrid\/\"]}]},{\"@type\":\"ImageObject\",\"inLanguage\":\"en-GB\",\"@id\":\"https:\/\/stagpartynight.com\/fr\/product\/escape-game-madrid\/#primaryimage\",\"url\":\"https:\/\/stagpartynight.com\/fr\/wp-content\/uploads\/sites\/3\/2024\/02\/Escape-Game-Madrid.jpg\",\"contentUrl\":\"https:\/\/stagpartynight.com\/fr\/wp-content\/uploads\/sites\/3\/2024\/02\/Escape-Game-Madrid.jpg\",\"width\":640,\"height\":360,\"caption\":\"Escape Game Madrid\"},{\"@type\":\"BreadcrumbList\",\"@id\":\"https:\/\/stagpartynight.com\/fr\/product\/escape-game-madrid\/#breadcrumb\",\"itemListElement\":[{\"@type\":\"ListItem\",\"position\":1,\"name\":\"Home\",\"item\":\"https:\/\/stagpartynight.com\/fr\/\"},{\"@type\":\"ListItem\",\"position\":2,\"name\":\"Tienda\",\"item\":\"https:\/\/stagpartynight.com\/fr\/tienda\/\"},{\"@type\":\"ListItem\",\"position\":3,\"name\":\"Escape Game Madrid\"}]},{\"@type\":\"WebSite\",\"@id\":\"https:\/\/stagpartynight.com\/fr\/#website\",\"url\":\"https:\/\/stagpartynight.com\/fr\/\",\"name\":\"Stag Party Night\",\"description\":\"Your Stag Party Customized\",\"publisher\":{\"@id\":\"https:\/\/stagpartynight.com\/fr\/#organization\"},\"potentialAction\":[{\"@type\":\"SearchAction\",\"target\":{\"@type\":\"EntryPoint\",\"urlTemplate\":\"https:\/\/stagpartynight.com\/fr\/?s={search_term_string}\"},\"query-input\":{\"@type\":\"PropertyValueSpecification\",\"valueRequired\":true,\"valueName\":\"search_term_string\"}}],\"inLanguage\":\"en-GB\"},{\"@type\":\"Organization\",\"@id\":\"https:\/\/stagpartynight.com\/fr\/#organization\",\"name\":\"Stag Party Night\",\"url\":\"https:\/\/stagpartynight.com\/fr\/\",\"logo\":{\"@type\":\"ImageObject\",\"inLanguage\":\"en-GB\",\"@id\":\"https:\/\/stagpartynight.com\/fr\/#\/schema\/logo\/image\/\",\"url\":\"https:\/\/stagpartynight.com\/fr\/wp-content\/uploads\/sites\/3\/2019\/12\/stagpartynight-e1578565505687.png\",\"contentUrl\":\"https:\/\/stagpartynight.com\/fr\/wp-content\/uploads\/sites\/3\/2019\/12\/stagpartynight-e1578565505687.png\",\"width\":400,\"height\":400,\"caption\":\"Stag Party Night\"},\"image\":{\"@id\":\"https:\/\/stagpartynight.com\/fr\/#\/schema\/logo\/image\/\"}}]}<\/script>\n<!-- \/ Yoast SEO plugin. -->","yoast_head_json":{"title":"Escape Game Madrid","description":"Escape Game Madrid. Scape Room Madrid. Objectif : R\u00e9cup\u00e9rer les bijoux. Myst\u00e9rieux, audacieux et amusant. Experience \u00e0 Madrid.","robots":{"index":"index","follow":"follow","max-snippet":"max-snippet:-1","max-image-preview":"max-image-preview:large","max-video-preview":"max-video-preview:-1"},"canonical":"https:\/\/stagpartynight.com\/fr\/product\/escape-game-madrid\/","og_locale":"en_GB","og_type":"article","og_title":"Escape Game Madrid","og_description":"Escape Game Madrid. Scape Room Madrid. Objectif : R\u00e9cup\u00e9rer les bijoux. Myst\u00e9rieux, audacieux et amusant. Experience \u00e0 Madrid.","og_url":"https:\/\/stagpartynight.com\/fr\/product\/escape-game-madrid\/","og_site_name":"Nuit de f\u00eate de cerf","article_modified_time":"2024-02-05T11:55:31+00:00","og_image":[{"width":640,"height":360,"url":"https:\/\/stagpartynight.com\/fr\/wp-content\/uploads\/sites\/3\/2024\/02\/Escape-Game-Madrid.jpg","type":"image\/jpeg"}],"twitter_card":"summary_large_image","twitter_misc":{"Estimated reading time":"2 minutes"},"schema":{"@context":"https:\/\/schema.org","@graph":[{"@type":"WebPage","@id":"https:\/\/stagpartynight.com\/fr\/product\/escape-game-madrid\/","url":"https:\/\/stagpartynight.com\/fr\/product\/escape-game-madrid\/","name":"Escape Game Madrid","isPartOf":{"@id":"https:\/\/stagpartynight.com\/fr\/#website"},"primaryImageOfPage":{"@id":"https:\/\/stagpartynight.com\/fr\/product\/escape-game-madrid\/#primaryimage"},"image":{"@id":"https:\/\/stagpartynight.com\/fr\/product\/escape-game-madrid\/#primaryimage"},"thumbnailUrl":"https:\/\/stagpartynight.com\/fr\/wp-content\/uploads\/sites\/3\/2024\/02\/Escape-Game-Madrid.jpg","datePublished":"2024-02-05T10:55:12+00:00","dateModified":"2024-02-05T11:55:31+00:00","description":"Escape Game Madrid. Scape Room Madrid. Objectif : R\u00e9cup\u00e9rer les bijoux. Myst\u00e9rieux, audacieux et amusant. Experience \u00e0 Madrid.","breadcrumb":{"@id":"https:\/\/stagpartynight.com\/fr\/product\/escape-game-madrid\/#breadcrumb"},"inLanguage":"en-GB","potentialAction":[{"@type":"ReadAction","target":["https:\/\/stagpartynight.com\/fr\/product\/escape-game-madrid\/"]}]},{"@type":"ImageObject","inLanguage":"en-GB","@id":"https:\/\/stagpartynight.com\/fr\/product\/escape-game-madrid\/#primaryimage","url":"https:\/\/stagpartynight.com\/fr\/wp-content\/uploads\/sites\/3\/2024\/02\/Escape-Game-Madrid.jpg","contentUrl":"https:\/\/stagpartynight.com\/fr\/wp-content\/uploads\/sites\/3\/2024\/02\/Escape-Game-Madrid.jpg","width":640,"height":360,"caption":"Escape Game Madrid"},{"@type":"BreadcrumbList","@id":"https:\/\/stagpartynight.com\/fr\/product\/escape-game-madrid\/#breadcrumb","itemListElement":[{"@type":"ListItem","position":1,"name":"Home","item":"https:\/\/stagpartynight.com\/fr\/"},{"@type":"ListItem","position":2,"name":"Tienda","item":"https:\/\/stagpartynight.com\/fr\/tienda\/"},{"@type":"ListItem","position":3,"name":"Escape Game Madrid"}]},{"@type":"WebSite","@id":"https:\/\/stagpartynight.com\/fr\/#website","url":"https:\/\/stagpartynight.com\/fr\/","name":"Stag Party Night","description":"Your Stag Party Customized","publisher":{"@id":"https:\/\/stagpartynight.com\/fr\/#organization"},"potentialAction":[{"@type":"SearchAction","target":{"@type":"EntryPoint","urlTemplate":"https:\/\/stagpartynight.com\/fr\/?s={search_term_string}"},"query-input":{"@type":"PropertyValueSpecification","valueRequired":true,"valueName":"search_term_string"}}],"inLanguage":"en-GB"},{"@type":"Organization","@id":"https:\/\/stagpartynight.com\/fr\/#organization","name":"Stag Party Night","url":"https:\/\/stagpartynight.com\/fr\/","logo":{"@type":"ImageObject","inLanguage":"en-GB","@id":"https:\/\/stagpartynight.com\/fr\/#\/schema\/logo\/image\/","url":"https:\/\/stagpartynight.com\/fr\/wp-content\/uploads\/sites\/3\/2019\/12\/stagpartynight-e1578565505687.png","contentUrl":"https:\/\/stagpartynight.com\/fr\/wp-content\/uploads\/sites\/3\/2019\/12\/stagpartynight-e1578565505687.png","width":400,"height":400,"caption":"Stag Party Night"},"image":{"@id":"https:\/\/stagpartynight.com\/fr\/#\/schema\/logo\/image\/"}}]}},"_links":{"self":[{"href":"https:\/\/stagpartynight.com\/fr\/wp-json\/wp\/v2\/product\/3057","targetHints":{"allow":["GET"]}}],"collection":[{"href":"https:\/\/stagpartynight.com\/fr\/wp-json\/wp\/v2\/product"}],"about":[{"href":"https:\/\/stagpartynight.com\/fr\/wp-json\/wp\/v2\/types\/product"}],"replies":[{"embeddable":true,"href":"https:\/\/stagpartynight.com\/fr\/wp-json\/wp\/v2\/comments?post=3057"}],"wp:featuredmedia":[{"embeddable":true,"href":"https:\/\/stagpartynight.com\/fr\/wp-json\/wp\/v2\/media\/3058"}],"wp:attachment":[{"href":"https:\/\/stagpartynight.com\/fr\/wp-json\/wp\/v2\/media?parent=3057"}],"wp:term":[{"taxonomy":"product_brand","embeddable":true,"href":"https:\/\/stagpartynight.com\/fr\/wp-json\/wp\/v2\/product_brand?post=3057"},{"taxonomy":"product_cat","embeddable":true,"href":"https:\/\/stagpartynight.com\/fr\/wp-json\/wp\/v2\/product_cat?post=3057"},{"taxonomy":"product_tag","embeddable":true,"href":"https:\/\/stagpartynight.com\/fr\/wp-json\/wp\/v2\/product_tag?post=3057"}],"curies":[{"name":"wp","href":"https:\/\/api.w.org\/{rel}","templated":true}]}}