{"id":3059,"date":"2024-02-05T13:08:39","date_gmt":"2024-02-05T12:08:39","guid":{"rendered":"https:\/\/stagpartynight.com\/fr\/?post_type=product&#038;p=3059"},"modified":"2024-02-05T13:08:39","modified_gmt":"2024-02-05T12:08:39","slug":"activite-hunger-games-madrid","status":"publish","type":"product","link":"https:\/\/stagpartynight.com\/fr\/product\/activite-hunger-games-madrid\/","title":{"rendered":"Activit\u00e9 Hunger Games Madrid"},"content":{"rendered":"<p>Activit\u00e9 Hunger Games Madrid. Aventure de jeu de r\u00f4le en direct dans une for\u00eat spectaculaire de 40 hectares, qui imite le pays de Panem d\u00e9peint dans le roman. Amusement garanti \u00e0 Madrid.<\/p>\n<p>Les meilleurs enterrements de vie de gar\u00e7on avec <a href=\"https:\/\/stagpartynight.com\/\">StagParty<\/a>!<\/p>\n<h2 style=\"text-align: center;\">Activit\u00e9 Hunger Games Madrid\ud83c\udff9<\/h2>\n<p>D\u00e9couvrez cet incroyable jeu de r\u00f4le \u00e0 Madrid !\u23f3<\/p>\n<p>The Hunger Games est une activit\u00e9 bas\u00e9e sur la trilogie de films du m\u00eame nom et sur les aventures de Katniss Everdeen et son combat pour le District 12 contre le Pr\u00e9sident Snow. C&#8217;est l&#8217;une des activit\u00e9s les plus populaires de NoName Sport en raison du grand nombre de fans de cette saga. Vivez l&#8217;aventure des films \u00e0 la premi\u00e8re personne avec vos amis et surmontez les \u00e9preuves \u00e0 la poursuite de la r\u00e9bellion. Apprenez \u00e0 conna\u00eetre Panem et ses d\u00e9fis et savourez le roman, cette fois-ci en \u00e9tant le personnage principal.\ud83d\udd25<\/p>\n<p>Apr\u00e8s la r\u00e9colte du tribut, vous repr\u00e9senterez votre district et tenterez de surpasser tous vos rivaux dans une v\u00e9ritable aventure des Hunger Games, alors que les secteurs se referment, se remplissant de Mut\u00e9s et d&#8217;autres b\u00eates qui tueront les participants imprudents laiss\u00e9s sur place. Cette activit\u00e9 pleine d&#8217;action vous captivera d\u00e8s le premier instant. \ud83d\udc26<\/p>\n<ul>\n<li>Vous aurez besoin de : Des v\u00eatements confortables et des chaussures de sport.<\/li>\n<li>Inclus : Moniteur, location des installations, \u00e9quipement complet.<\/li>\n<li>Duration: deux heures d&#8217;activit\u00e9 et 30 minutes de pr\u00e9paration.<\/li>\n<\/ul>\n<p style=\"text-align: center;\">\n<p style=\"text-align: center;\">R\u00e9servez l&#8217;activit\u00e9 la plus incroyable \u00e0 <a href=\"https:\/\/es.wikipedia.org\/wiki\/Madrid\">Madrid!<\/a><\/p>\n<p style=\"text-align: center;\">\ud83c\udff9R\u00e9servez pour arr\u00eater la r\u00e9bellion\ud83c\udff9<\/p>\n","protected":false},"excerpt":{"rendered":"<p>Aventure de jeu de r\u00f4le en direct dans une for\u00eat spectaculaire de 40 hectares, qui imite le pays de Panem d\u00e9peint dans le roman. Amusement garanti \u00e0 Madrid.<\/p>\n","protected":false},"featured_media":3060,"comment_status":"open","ping_status":"closed","template":"","meta":{"_et_pb_use_builder":"","_et_pb_old_content":"","_et_gb_content_width":""},"product_brand":[],"product_cat":[180],"product_tag":[730],"class_list":{"0":"post-3059","1":"product","2":"type-product","3":"status-publish","4":"has-post-thumbnail","6":"product_cat-madrid","7":"product_tag-activite-hunger-games-madrid","9":"first","10":"instock","11":"shipping-taxable","12":"product-type-simple"},"yoast_head":"<!-- This site is optimized with the Yoast SEO plugin v26.4 - https:\/\/yoast.com\/wordpress\/plugins\/seo\/ -->\n<title>Activit\u00e9 Hunger Games Madrid<\/title>\n<meta name=\"description\" content=\"Activit\u00e9 Hunger Games Madrid. Aventure de jeu de r\u00f4le en direct dans une for\u00eat spectaculaire de 40 hectares. Amusement garanti \u00e0 Madrid.\" \/>\n<meta name=\"robots\" content=\"index, follow, max-snippet:-1, max-image-preview:large, max-video-preview:-1\" \/>\n<link rel=\"canonical\" href=\"https:\/\/stagpartynight.com\/fr\/product\/activite-hunger-games-madrid\/\" \/>\n<meta property=\"og:locale\" content=\"en_GB\" \/>\n<meta property=\"og:type\" content=\"article\" \/>\n<meta property=\"og:title\" content=\"Activit\u00e9 Hunger Games Madrid\" \/>\n<meta property=\"og:description\" content=\"Activit\u00e9 Hunger Games Madrid. Aventure de jeu de r\u00f4le en direct dans une for\u00eat spectaculaire de 40 hectares. Amusement garanti \u00e0 Madrid.\" \/>\n<meta property=\"og:url\" content=\"https:\/\/stagpartynight.com\/fr\/product\/activite-hunger-games-madrid\/\" \/>\n<meta property=\"og:site_name\" content=\"Nuit de f\u00eate de cerf\" \/>\n<meta property=\"og:image\" content=\"https:\/\/stagpartynight.com\/fr\/wp-content\/uploads\/sites\/3\/2024\/02\/Activite-Hunger-Games-Madrid.jpg\" \/>\n\t<meta property=\"og:image:width\" content=\"1200\" \/>\n\t<meta property=\"og:image:height\" content=\"800\" \/>\n\t<meta property=\"og:image:type\" content=\"image\/jpeg\" \/>\n<meta name=\"twitter:card\" content=\"summary_large_image\" \/>\n<meta name=\"twitter:label1\" content=\"Estimated reading time\" \/>\n\t<meta name=\"twitter:data1\" content=\"2 minutes\" \/>\n<script type=\"application\/ld+json\" class=\"yoast-schema-graph\">{\"@context\":\"https:\/\/schema.org\",\"@graph\":[{\"@type\":\"WebPage\",\"@id\":\"https:\/\/stagpartynight.com\/fr\/product\/activite-hunger-games-madrid\/\",\"url\":\"https:\/\/stagpartynight.com\/fr\/product\/activite-hunger-games-madrid\/\",\"name\":\"Activit\u00e9 Hunger Games Madrid\",\"isPartOf\":{\"@id\":\"https:\/\/stagpartynight.com\/fr\/#website\"},\"primaryImageOfPage\":{\"@id\":\"https:\/\/stagpartynight.com\/fr\/product\/activite-hunger-games-madrid\/#primaryimage\"},\"image\":{\"@id\":\"https:\/\/stagpartynight.com\/fr\/product\/activite-hunger-games-madrid\/#primaryimage\"},\"thumbnailUrl\":\"https:\/\/stagpartynight.com\/fr\/wp-content\/uploads\/sites\/3\/2024\/02\/Activite-Hunger-Games-Madrid.jpg\",\"datePublished\":\"2024-02-05T12:08:39+00:00\",\"description\":\"Activit\u00e9 Hunger Games Madrid. Aventure de jeu de r\u00f4le en direct dans une for\u00eat spectaculaire de 40 hectares. Amusement garanti \u00e0 Madrid.\",\"breadcrumb\":{\"@id\":\"https:\/\/stagpartynight.com\/fr\/product\/activite-hunger-games-madrid\/#breadcrumb\"},\"inLanguage\":\"en-GB\",\"potentialAction\":[{\"@type\":\"ReadAction\",\"target\":[\"https:\/\/stagpartynight.com\/fr\/product\/activite-hunger-games-madrid\/\"]}]},{\"@type\":\"ImageObject\",\"inLanguage\":\"en-GB\",\"@id\":\"https:\/\/stagpartynight.com\/fr\/product\/activite-hunger-games-madrid\/#primaryimage\",\"url\":\"https:\/\/stagpartynight.com\/fr\/wp-content\/uploads\/sites\/3\/2024\/02\/Activite-Hunger-Games-Madrid.jpg\",\"contentUrl\":\"https:\/\/stagpartynight.com\/fr\/wp-content\/uploads\/sites\/3\/2024\/02\/Activite-Hunger-Games-Madrid.jpg\",\"width\":1200,\"height\":800,\"caption\":\"Activit\u00e9 Hunger Games Madrid\"},{\"@type\":\"BreadcrumbList\",\"@id\":\"https:\/\/stagpartynight.com\/fr\/product\/activite-hunger-games-madrid\/#breadcrumb\",\"itemListElement\":[{\"@type\":\"ListItem\",\"position\":1,\"name\":\"Home\",\"item\":\"https:\/\/stagpartynight.com\/fr\/\"},{\"@type\":\"ListItem\",\"position\":2,\"name\":\"Tienda\",\"item\":\"https:\/\/stagpartynight.com\/fr\/tienda\/\"},{\"@type\":\"ListItem\",\"position\":3,\"name\":\"Activit\u00e9 Hunger Games Madrid\"}]},{\"@type\":\"WebSite\",\"@id\":\"https:\/\/stagpartynight.com\/fr\/#website\",\"url\":\"https:\/\/stagpartynight.com\/fr\/\",\"name\":\"Stag Party Night\",\"description\":\"Your Stag Party Customized\",\"publisher\":{\"@id\":\"https:\/\/stagpartynight.com\/fr\/#organization\"},\"potentialAction\":[{\"@type\":\"SearchAction\",\"target\":{\"@type\":\"EntryPoint\",\"urlTemplate\":\"https:\/\/stagpartynight.com\/fr\/?s={search_term_string}\"},\"query-input\":{\"@type\":\"PropertyValueSpecification\",\"valueRequired\":true,\"valueName\":\"search_term_string\"}}],\"inLanguage\":\"en-GB\"},{\"@type\":\"Organization\",\"@id\":\"https:\/\/stagpartynight.com\/fr\/#organization\",\"name\":\"Stag Party Night\",\"url\":\"https:\/\/stagpartynight.com\/fr\/\",\"logo\":{\"@type\":\"ImageObject\",\"inLanguage\":\"en-GB\",\"@id\":\"https:\/\/stagpartynight.com\/fr\/#\/schema\/logo\/image\/\",\"url\":\"https:\/\/stagpartynight.com\/fr\/wp-content\/uploads\/sites\/3\/2019\/12\/stagpartynight-e1578565505687.png\",\"contentUrl\":\"https:\/\/stagpartynight.com\/fr\/wp-content\/uploads\/sites\/3\/2019\/12\/stagpartynight-e1578565505687.png\",\"width\":400,\"height\":400,\"caption\":\"Stag Party Night\"},\"image\":{\"@id\":\"https:\/\/stagpartynight.com\/fr\/#\/schema\/logo\/image\/\"}}]}<\/script>\n<!-- \/ Yoast SEO plugin. -->","yoast_head_json":{"title":"Activit\u00e9 Hunger Games Madrid","description":"Activit\u00e9 Hunger Games Madrid. Aventure de jeu de r\u00f4le en direct dans une for\u00eat spectaculaire de 40 hectares. Amusement garanti \u00e0 Madrid.","robots":{"index":"index","follow":"follow","max-snippet":"max-snippet:-1","max-image-preview":"max-image-preview:large","max-video-preview":"max-video-preview:-1"},"canonical":"https:\/\/stagpartynight.com\/fr\/product\/activite-hunger-games-madrid\/","og_locale":"en_GB","og_type":"article","og_title":"Activit\u00e9 Hunger Games Madrid","og_description":"Activit\u00e9 Hunger Games Madrid. Aventure de jeu de r\u00f4le en direct dans une for\u00eat spectaculaire de 40 hectares. Amusement garanti \u00e0 Madrid.","og_url":"https:\/\/stagpartynight.com\/fr\/product\/activite-hunger-games-madrid\/","og_site_name":"Nuit de f\u00eate de cerf","og_image":[{"width":1200,"height":800,"url":"https:\/\/stagpartynight.com\/fr\/wp-content\/uploads\/sites\/3\/2024\/02\/Activite-Hunger-Games-Madrid.jpg","type":"image\/jpeg"}],"twitter_card":"summary_large_image","twitter_misc":{"Estimated reading time":"2 minutes"},"schema":{"@context":"https:\/\/schema.org","@graph":[{"@type":"WebPage","@id":"https:\/\/stagpartynight.com\/fr\/product\/activite-hunger-games-madrid\/","url":"https:\/\/stagpartynight.com\/fr\/product\/activite-hunger-games-madrid\/","name":"Activit\u00e9 Hunger Games Madrid","isPartOf":{"@id":"https:\/\/stagpartynight.com\/fr\/#website"},"primaryImageOfPage":{"@id":"https:\/\/stagpartynight.com\/fr\/product\/activite-hunger-games-madrid\/#primaryimage"},"image":{"@id":"https:\/\/stagpartynight.com\/fr\/product\/activite-hunger-games-madrid\/#primaryimage"},"thumbnailUrl":"https:\/\/stagpartynight.com\/fr\/wp-content\/uploads\/sites\/3\/2024\/02\/Activite-Hunger-Games-Madrid.jpg","datePublished":"2024-02-05T12:08:39+00:00","description":"Activit\u00e9 Hunger Games Madrid. Aventure de jeu de r\u00f4le en direct dans une for\u00eat spectaculaire de 40 hectares. Amusement garanti \u00e0 Madrid.","breadcrumb":{"@id":"https:\/\/stagpartynight.com\/fr\/product\/activite-hunger-games-madrid\/#breadcrumb"},"inLanguage":"en-GB","potentialAction":[{"@type":"ReadAction","target":["https:\/\/stagpartynight.com\/fr\/product\/activite-hunger-games-madrid\/"]}]},{"@type":"ImageObject","inLanguage":"en-GB","@id":"https:\/\/stagpartynight.com\/fr\/product\/activite-hunger-games-madrid\/#primaryimage","url":"https:\/\/stagpartynight.com\/fr\/wp-content\/uploads\/sites\/3\/2024\/02\/Activite-Hunger-Games-Madrid.jpg","contentUrl":"https:\/\/stagpartynight.com\/fr\/wp-content\/uploads\/sites\/3\/2024\/02\/Activite-Hunger-Games-Madrid.jpg","width":1200,"height":800,"caption":"Activit\u00e9 Hunger Games Madrid"},{"@type":"BreadcrumbList","@id":"https:\/\/stagpartynight.com\/fr\/product\/activite-hunger-games-madrid\/#breadcrumb","itemListElement":[{"@type":"ListItem","position":1,"name":"Home","item":"https:\/\/stagpartynight.com\/fr\/"},{"@type":"ListItem","position":2,"name":"Tienda","item":"https:\/\/stagpartynight.com\/fr\/tienda\/"},{"@type":"ListItem","position":3,"name":"Activit\u00e9 Hunger Games Madrid"}]},{"@type":"WebSite","@id":"https:\/\/stagpartynight.com\/fr\/#website","url":"https:\/\/stagpartynight.com\/fr\/","name":"Stag Party Night","description":"Your Stag Party Customized","publisher":{"@id":"https:\/\/stagpartynight.com\/fr\/#organization"},"potentialAction":[{"@type":"SearchAction","target":{"@type":"EntryPoint","urlTemplate":"https:\/\/stagpartynight.com\/fr\/?s={search_term_string}"},"query-input":{"@type":"PropertyValueSpecification","valueRequired":true,"valueName":"search_term_string"}}],"inLanguage":"en-GB"},{"@type":"Organization","@id":"https:\/\/stagpartynight.com\/fr\/#organization","name":"Stag Party Night","url":"https:\/\/stagpartynight.com\/fr\/","logo":{"@type":"ImageObject","inLanguage":"en-GB","@id":"https:\/\/stagpartynight.com\/fr\/#\/schema\/logo\/image\/","url":"https:\/\/stagpartynight.com\/fr\/wp-content\/uploads\/sites\/3\/2019\/12\/stagpartynight-e1578565505687.png","contentUrl":"https:\/\/stagpartynight.com\/fr\/wp-content\/uploads\/sites\/3\/2019\/12\/stagpartynight-e1578565505687.png","width":400,"height":400,"caption":"Stag Party Night"},"image":{"@id":"https:\/\/stagpartynight.com\/fr\/#\/schema\/logo\/image\/"}}]}},"_links":{"self":[{"href":"https:\/\/stagpartynight.com\/fr\/wp-json\/wp\/v2\/product\/3059","targetHints":{"allow":["GET"]}}],"collection":[{"href":"https:\/\/stagpartynight.com\/fr\/wp-json\/wp\/v2\/product"}],"about":[{"href":"https:\/\/stagpartynight.com\/fr\/wp-json\/wp\/v2\/types\/product"}],"replies":[{"embeddable":true,"href":"https:\/\/stagpartynight.com\/fr\/wp-json\/wp\/v2\/comments?post=3059"}],"wp:featuredmedia":[{"embeddable":true,"href":"https:\/\/stagpartynight.com\/fr\/wp-json\/wp\/v2\/media\/3060"}],"wp:attachment":[{"href":"https:\/\/stagpartynight.com\/fr\/wp-json\/wp\/v2\/media?parent=3059"}],"wp:term":[{"taxonomy":"product_brand","embeddable":true,"href":"https:\/\/stagpartynight.com\/fr\/wp-json\/wp\/v2\/product_brand?post=3059"},{"taxonomy":"product_cat","embeddable":true,"href":"https:\/\/stagpartynight.com\/fr\/wp-json\/wp\/v2\/product_cat?post=3059"},{"taxonomy":"product_tag","embeddable":true,"href":"https:\/\/stagpartynight.com\/fr\/wp-json\/wp\/v2\/product_tag?post=3059"}],"curies":[{"name":"wp","href":"https:\/\/api.w.org\/{rel}","templated":true}]}}