{"id":3061,"date":"2024-02-05T13:15:18","date_gmt":"2024-02-05T12:15:18","guid":{"rendered":"https:\/\/stagpartynight.com\/fr\/?post_type=product&#038;p=3061"},"modified":"2024-02-05T13:27:00","modified_gmt":"2024-02-05T12:27:00","slug":"airsoft-madrid","status":"publish","type":"product","link":"https:\/\/stagpartynight.com\/fr\/product\/airsoft-madrid\/","title":{"rendered":"Airsoft Madrid"},"content":{"rendered":"<p>Airsoft Madrid. Exp\u00e9rience militaire compl\u00e8te. Strat\u00e9gie, \u00e9quipement, missions, armes et combinaisons. Ne manquez pas cette activit\u00e9 \u00e0 Madrid.<\/p>\n<p>Les meilleurs enterrements de vie de gar\u00e7on avec <a href=\"https:\/\/stagpartynight.com\/\">StagParty<\/a>!<\/p>\n<h2 style=\"text-align: center;\">Airsoft Madrid<\/h2>\n<h4><strong>Airsoft \u00e0 Madrid: Plongez dans l&#8217;Action Militaire R\u00e9aliste! \ud83d\udd2b<\/strong><\/h4>\n<p>Vivez une exp\u00e9rience militaire authentique \u00e0 Madrid avec l&#8217;Airsoft, le jeu de r\u00e9cr\u00e9ation militaire par excellence! Si vous avez d\u00e9j\u00e0 go\u00fbt\u00e9 au Paintball ou au Laser, l&#8217;Airsoft vous surprendra par son r\u00e9alisme et la pr\u00e9cision de ses armes.<\/p>\n<p>\ud83c\udf10 <strong>Plongez dans l&#8217;univers militaire en premi\u00e8re personne!<\/strong><\/p>\n<p>L&#8217;Airsoft utilise des r\u00e9pliques imitant non seulement le design mais aussi le poids et la forme des armes r\u00e9elles. Les joueurs r\u00e9guliers adoptent des r\u00f4les comme dans une v\u00e9ritable unit\u00e9 militaire. Ils peuvent arborer l&#8217;\u00e9quipement complet de n&#8217;importe quelle arm\u00e9e du monde et participer \u00e0 des parties bas\u00e9es sur des entra\u00eenements militaires ou recr\u00e9er des batailles r\u00e9elles du pass\u00e9.<\/p>\n<p>\ud83d\udd2b <strong>R\u00e9pliques r\u00e9alistes, jeu passionnant!<\/strong><\/p>\n<p>L&#8217;attention aux d\u00e9tails et la qualit\u00e9 des r\u00e9pliques d&#8217;armes vous immergent dans une exp\u00e9rience o\u00f9 l&#8217;adr\u00e9naline et l&#8217;excitation r\u00e8gnent en ma\u00eetre. Avec un \u00e9quipement complet inclus, plongez dans des sc\u00e9narios captivants o\u00f9 la strat\u00e9gie et la communication sont essentielles pour la victoire.<\/p>\n<p>\ud83c\udf3f <strong>Munitions biodegradables et respect des r\u00e8gles!<\/strong><\/p>\n<p>L&#8217;Airsoft utilise des munitions biodegradables de petit calibre, \u00e9vitant les taches tout en procurant une sensation r\u00e9aliste \u00e0 l&#8217;impact. Contrairement au paintball, l&#8217;honn\u00eatet\u00e9 des joueurs est primordiale, car ils doivent se consid\u00e9rer \u00e9limin\u00e9s d\u00e8s qu&#8217;ils ressentent l&#8217;impact de la bille.<\/p>\n<p>\u23f0 <strong>Exp\u00e9rience immersive de 3 \u00e0 4 heures, tout \u00e9quip\u00e9!<\/strong><\/p>\n<p>Plongez-vous dans cette aventure intense qui dure entre trois et quatre heures, comprenant tout l&#8217;\u00e9quipement n\u00e9cessaire pour une exp\u00e9rience s\u00e9curis\u00e9e et inoubliable.<\/p>\n<p>Relevez le d\u00e9fi de l&#8217;Airsoft et d\u00e9couvrez le frisson de l&#8217;action militaire r\u00e9aliste \u00e0 <a href=\"https:\/\/es.wikipedia.org\/wiki\/Madrid\">Madrid<\/a>! R\u00e9servez d\u00e8s maintenant pour une exp\u00e9rience m\u00e9morable.<\/p>\n<p style=\"text-align: center;\">En avant, soldat!<\/p>\n","protected":false},"excerpt":{"rendered":"<p>Airsoft Madrid. Exp\u00e9rience militaire compl\u00e8te. Strat\u00e9gie, \u00e9quipement, missions, armes et combinaisons. Ne manquez pas cette activit\u00e9 \u00e0 Madrid.<\/p>\n","protected":false},"featured_media":3062,"comment_status":"open","ping_status":"closed","template":"","meta":{"_et_pb_use_builder":"","_et_pb_old_content":"","_et_gb_content_width":""},"product_brand":[],"product_cat":[180],"product_tag":[731],"class_list":{"0":"post-3061","1":"product","2":"type-product","3":"status-publish","4":"has-post-thumbnail","6":"product_cat-madrid","7":"product_tag-airsoft-madrid","9":"first","10":"instock","11":"shipping-taxable","12":"product-type-simple"},"yoast_head":"<!-- This site is optimized with the Yoast SEO plugin v26.4 - https:\/\/yoast.com\/wordpress\/plugins\/seo\/ -->\n<title>Airsoft Madrid<\/title>\n<meta name=\"description\" content=\"Airsoft Madrid. Exp\u00e9rience militaire compl\u00e8te. Strat\u00e9gie, \u00e9quipement, missions, armes et combinaisons. Ne manquez pas cette activit\u00e9 \u00e0 Madrid.\" \/>\n<meta name=\"robots\" content=\"index, follow, max-snippet:-1, max-image-preview:large, max-video-preview:-1\" \/>\n<link rel=\"canonical\" href=\"https:\/\/stagpartynight.com\/fr\/product\/airsoft-madrid\/\" \/>\n<meta property=\"og:locale\" content=\"en_GB\" \/>\n<meta property=\"og:type\" content=\"article\" \/>\n<meta property=\"og:title\" content=\"Airsoft Madrid\" \/>\n<meta property=\"og:description\" content=\"Airsoft Madrid. Exp\u00e9rience militaire compl\u00e8te. Strat\u00e9gie, \u00e9quipement, missions, armes et combinaisons. Ne manquez pas cette activit\u00e9 \u00e0 Madrid.\" \/>\n<meta property=\"og:url\" content=\"https:\/\/stagpartynight.com\/fr\/product\/airsoft-madrid\/\" \/>\n<meta property=\"og:site_name\" content=\"Nuit de f\u00eate de cerf\" \/>\n<meta property=\"article:modified_time\" content=\"2024-02-05T12:27:00+00:00\" \/>\n<meta property=\"og:image\" content=\"https:\/\/stagpartynight.com\/fr\/wp-content\/uploads\/sites\/3\/2024\/02\/Airsoft-Madrid.jpg\" \/>\n\t<meta property=\"og:image:width\" content=\"640\" \/>\n\t<meta property=\"og:image:height\" content=\"427\" \/>\n\t<meta property=\"og:image:type\" content=\"image\/jpeg\" \/>\n<meta name=\"twitter:card\" content=\"summary_large_image\" \/>\n<meta name=\"twitter:label1\" content=\"Estimated reading time\" \/>\n\t<meta name=\"twitter:data1\" content=\"2 minutes\" \/>\n<script type=\"application\/ld+json\" class=\"yoast-schema-graph\">{\"@context\":\"https:\/\/schema.org\",\"@graph\":[{\"@type\":\"WebPage\",\"@id\":\"https:\/\/stagpartynight.com\/fr\/product\/airsoft-madrid\/\",\"url\":\"https:\/\/stagpartynight.com\/fr\/product\/airsoft-madrid\/\",\"name\":\"Airsoft Madrid\",\"isPartOf\":{\"@id\":\"https:\/\/stagpartynight.com\/fr\/#website\"},\"primaryImageOfPage\":{\"@id\":\"https:\/\/stagpartynight.com\/fr\/product\/airsoft-madrid\/#primaryimage\"},\"image\":{\"@id\":\"https:\/\/stagpartynight.com\/fr\/product\/airsoft-madrid\/#primaryimage\"},\"thumbnailUrl\":\"https:\/\/stagpartynight.com\/fr\/wp-content\/uploads\/sites\/3\/2024\/02\/Airsoft-Madrid.jpg\",\"datePublished\":\"2024-02-05T12:15:18+00:00\",\"dateModified\":\"2024-02-05T12:27:00+00:00\",\"description\":\"Airsoft Madrid. Exp\u00e9rience militaire compl\u00e8te. Strat\u00e9gie, \u00e9quipement, missions, armes et combinaisons. Ne manquez pas cette activit\u00e9 \u00e0 Madrid.\",\"breadcrumb\":{\"@id\":\"https:\/\/stagpartynight.com\/fr\/product\/airsoft-madrid\/#breadcrumb\"},\"inLanguage\":\"en-GB\",\"potentialAction\":[{\"@type\":\"ReadAction\",\"target\":[\"https:\/\/stagpartynight.com\/fr\/product\/airsoft-madrid\/\"]}]},{\"@type\":\"ImageObject\",\"inLanguage\":\"en-GB\",\"@id\":\"https:\/\/stagpartynight.com\/fr\/product\/airsoft-madrid\/#primaryimage\",\"url\":\"https:\/\/stagpartynight.com\/fr\/wp-content\/uploads\/sites\/3\/2024\/02\/Airsoft-Madrid.jpg\",\"contentUrl\":\"https:\/\/stagpartynight.com\/fr\/wp-content\/uploads\/sites\/3\/2024\/02\/Airsoft-Madrid.jpg\",\"width\":640,\"height\":427,\"caption\":\"Airsoft Madrid\"},{\"@type\":\"BreadcrumbList\",\"@id\":\"https:\/\/stagpartynight.com\/fr\/product\/airsoft-madrid\/#breadcrumb\",\"itemListElement\":[{\"@type\":\"ListItem\",\"position\":1,\"name\":\"Home\",\"item\":\"https:\/\/stagpartynight.com\/fr\/\"},{\"@type\":\"ListItem\",\"position\":2,\"name\":\"Tienda\",\"item\":\"https:\/\/stagpartynight.com\/fr\/tienda\/\"},{\"@type\":\"ListItem\",\"position\":3,\"name\":\"Airsoft Madrid\"}]},{\"@type\":\"WebSite\",\"@id\":\"https:\/\/stagpartynight.com\/fr\/#website\",\"url\":\"https:\/\/stagpartynight.com\/fr\/\",\"name\":\"Stag Party Night\",\"description\":\"Your Stag Party Customized\",\"publisher\":{\"@id\":\"https:\/\/stagpartynight.com\/fr\/#organization\"},\"potentialAction\":[{\"@type\":\"SearchAction\",\"target\":{\"@type\":\"EntryPoint\",\"urlTemplate\":\"https:\/\/stagpartynight.com\/fr\/?s={search_term_string}\"},\"query-input\":{\"@type\":\"PropertyValueSpecification\",\"valueRequired\":true,\"valueName\":\"search_term_string\"}}],\"inLanguage\":\"en-GB\"},{\"@type\":\"Organization\",\"@id\":\"https:\/\/stagpartynight.com\/fr\/#organization\",\"name\":\"Stag Party Night\",\"url\":\"https:\/\/stagpartynight.com\/fr\/\",\"logo\":{\"@type\":\"ImageObject\",\"inLanguage\":\"en-GB\",\"@id\":\"https:\/\/stagpartynight.com\/fr\/#\/schema\/logo\/image\/\",\"url\":\"https:\/\/stagpartynight.com\/fr\/wp-content\/uploads\/sites\/3\/2019\/12\/stagpartynight-e1578565505687.png\",\"contentUrl\":\"https:\/\/stagpartynight.com\/fr\/wp-content\/uploads\/sites\/3\/2019\/12\/stagpartynight-e1578565505687.png\",\"width\":400,\"height\":400,\"caption\":\"Stag Party Night\"},\"image\":{\"@id\":\"https:\/\/stagpartynight.com\/fr\/#\/schema\/logo\/image\/\"}}]}<\/script>\n<!-- \/ Yoast SEO plugin. -->","yoast_head_json":{"title":"Airsoft Madrid","description":"Airsoft Madrid. Exp\u00e9rience militaire compl\u00e8te. Strat\u00e9gie, \u00e9quipement, missions, armes et combinaisons. Ne manquez pas cette activit\u00e9 \u00e0 Madrid.","robots":{"index":"index","follow":"follow","max-snippet":"max-snippet:-1","max-image-preview":"max-image-preview:large","max-video-preview":"max-video-preview:-1"},"canonical":"https:\/\/stagpartynight.com\/fr\/product\/airsoft-madrid\/","og_locale":"en_GB","og_type":"article","og_title":"Airsoft Madrid","og_description":"Airsoft Madrid. Exp\u00e9rience militaire compl\u00e8te. Strat\u00e9gie, \u00e9quipement, missions, armes et combinaisons. Ne manquez pas cette activit\u00e9 \u00e0 Madrid.","og_url":"https:\/\/stagpartynight.com\/fr\/product\/airsoft-madrid\/","og_site_name":"Nuit de f\u00eate de cerf","article_modified_time":"2024-02-05T12:27:00+00:00","og_image":[{"width":640,"height":427,"url":"https:\/\/stagpartynight.com\/fr\/wp-content\/uploads\/sites\/3\/2024\/02\/Airsoft-Madrid.jpg","type":"image\/jpeg"}],"twitter_card":"summary_large_image","twitter_misc":{"Estimated reading time":"2 minutes"},"schema":{"@context":"https:\/\/schema.org","@graph":[{"@type":"WebPage","@id":"https:\/\/stagpartynight.com\/fr\/product\/airsoft-madrid\/","url":"https:\/\/stagpartynight.com\/fr\/product\/airsoft-madrid\/","name":"Airsoft Madrid","isPartOf":{"@id":"https:\/\/stagpartynight.com\/fr\/#website"},"primaryImageOfPage":{"@id":"https:\/\/stagpartynight.com\/fr\/product\/airsoft-madrid\/#primaryimage"},"image":{"@id":"https:\/\/stagpartynight.com\/fr\/product\/airsoft-madrid\/#primaryimage"},"thumbnailUrl":"https:\/\/stagpartynight.com\/fr\/wp-content\/uploads\/sites\/3\/2024\/02\/Airsoft-Madrid.jpg","datePublished":"2024-02-05T12:15:18+00:00","dateModified":"2024-02-05T12:27:00+00:00","description":"Airsoft Madrid. Exp\u00e9rience militaire compl\u00e8te. Strat\u00e9gie, \u00e9quipement, missions, armes et combinaisons. Ne manquez pas cette activit\u00e9 \u00e0 Madrid.","breadcrumb":{"@id":"https:\/\/stagpartynight.com\/fr\/product\/airsoft-madrid\/#breadcrumb"},"inLanguage":"en-GB","potentialAction":[{"@type":"ReadAction","target":["https:\/\/stagpartynight.com\/fr\/product\/airsoft-madrid\/"]}]},{"@type":"ImageObject","inLanguage":"en-GB","@id":"https:\/\/stagpartynight.com\/fr\/product\/airsoft-madrid\/#primaryimage","url":"https:\/\/stagpartynight.com\/fr\/wp-content\/uploads\/sites\/3\/2024\/02\/Airsoft-Madrid.jpg","contentUrl":"https:\/\/stagpartynight.com\/fr\/wp-content\/uploads\/sites\/3\/2024\/02\/Airsoft-Madrid.jpg","width":640,"height":427,"caption":"Airsoft Madrid"},{"@type":"BreadcrumbList","@id":"https:\/\/stagpartynight.com\/fr\/product\/airsoft-madrid\/#breadcrumb","itemListElement":[{"@type":"ListItem","position":1,"name":"Home","item":"https:\/\/stagpartynight.com\/fr\/"},{"@type":"ListItem","position":2,"name":"Tienda","item":"https:\/\/stagpartynight.com\/fr\/tienda\/"},{"@type":"ListItem","position":3,"name":"Airsoft Madrid"}]},{"@type":"WebSite","@id":"https:\/\/stagpartynight.com\/fr\/#website","url":"https:\/\/stagpartynight.com\/fr\/","name":"Stag Party Night","description":"Your Stag Party Customized","publisher":{"@id":"https:\/\/stagpartynight.com\/fr\/#organization"},"potentialAction":[{"@type":"SearchAction","target":{"@type":"EntryPoint","urlTemplate":"https:\/\/stagpartynight.com\/fr\/?s={search_term_string}"},"query-input":{"@type":"PropertyValueSpecification","valueRequired":true,"valueName":"search_term_string"}}],"inLanguage":"en-GB"},{"@type":"Organization","@id":"https:\/\/stagpartynight.com\/fr\/#organization","name":"Stag Party Night","url":"https:\/\/stagpartynight.com\/fr\/","logo":{"@type":"ImageObject","inLanguage":"en-GB","@id":"https:\/\/stagpartynight.com\/fr\/#\/schema\/logo\/image\/","url":"https:\/\/stagpartynight.com\/fr\/wp-content\/uploads\/sites\/3\/2019\/12\/stagpartynight-e1578565505687.png","contentUrl":"https:\/\/stagpartynight.com\/fr\/wp-content\/uploads\/sites\/3\/2019\/12\/stagpartynight-e1578565505687.png","width":400,"height":400,"caption":"Stag Party Night"},"image":{"@id":"https:\/\/stagpartynight.com\/fr\/#\/schema\/logo\/image\/"}}]}},"_links":{"self":[{"href":"https:\/\/stagpartynight.com\/fr\/wp-json\/wp\/v2\/product\/3061","targetHints":{"allow":["GET"]}}],"collection":[{"href":"https:\/\/stagpartynight.com\/fr\/wp-json\/wp\/v2\/product"}],"about":[{"href":"https:\/\/stagpartynight.com\/fr\/wp-json\/wp\/v2\/types\/product"}],"replies":[{"embeddable":true,"href":"https:\/\/stagpartynight.com\/fr\/wp-json\/wp\/v2\/comments?post=3061"}],"wp:featuredmedia":[{"embeddable":true,"href":"https:\/\/stagpartynight.com\/fr\/wp-json\/wp\/v2\/media\/3062"}],"wp:attachment":[{"href":"https:\/\/stagpartynight.com\/fr\/wp-json\/wp\/v2\/media?parent=3061"}],"wp:term":[{"taxonomy":"product_brand","embeddable":true,"href":"https:\/\/stagpartynight.com\/fr\/wp-json\/wp\/v2\/product_brand?post=3061"},{"taxonomy":"product_cat","embeddable":true,"href":"https:\/\/stagpartynight.com\/fr\/wp-json\/wp\/v2\/product_cat?post=3061"},{"taxonomy":"product_tag","embeddable":true,"href":"https:\/\/stagpartynight.com\/fr\/wp-json\/wp\/v2\/product_tag?post=3061"}],"curies":[{"name":"wp","href":"https:\/\/api.w.org\/{rel}","templated":true}]}}