{"id":3063,"date":"2024-02-05T13:28:55","date_gmt":"2024-02-05T12:28:55","guid":{"rendered":"https:\/\/stagpartynight.com\/fr\/?post_type=product&#038;p=3063"},"modified":"2024-02-05T13:54:21","modified_gmt":"2024-02-05T12:54:21","slug":"cours-de-cocktails-madrid","status":"publish","type":"product","link":"https:\/\/stagpartynight.com\/fr\/product\/cours-de-cocktails-madrid\/","title":{"rendered":"Cours de cocktails Madrid"},"content":{"rendered":"<p>Cours de cocktails Madrid. Devenez un expert. Pr\u00e9parez vos propres cocktails pendant une heure et demie en priv\u00e9.<\/p>\n<p>Les meilleurs enterrements de vie de gar\u00e7on avec <a href=\"https:\/\/stagpartynight.com\/\">Stagparty<\/a>!<\/p>\n<h2 style=\"text-align: center;\">Cours de cocktails \u00e0 Madrid<\/h2>\n<h4 style=\"text-align: left;\">\ud83c\udf79 Atelier de cocktails \u00e0 Madrid : Cr\u00e9ez et d\u00e9gustez vos propres d\u00e9lices ! Trois cocktails .<\/h4>\n<p>\ud83c\udf05 Embarquez pour un voyage de saveurs \u00e0 Madrid avec notre atelier de cocktails. Pr\u00e9parez trois d\u00e9licieuses boissons sous la houlette de notre ma\u00eetre cocktails.<\/p>\n<p>\ud83c\udf78 Au centre de la grande ville de Madrid ! Excellent emplacement !<\/p>\n<p>\ud83c\udf79 M\u00ealez-vous aux ar\u00f4mes exquis et apprenez les techniques de pr\u00e9paration des cocktails, des classiques intemporels aux cr\u00e9ations contemporaines.<\/p>\n<p>\ud83c\udf34 Laissez-vous inspirer par l&#8217;atmosph\u00e8re de l&#8217;\u00eele en pr\u00e9parant vos propres chefs-d&#8217;\u0153uvre liquides. Ravissez votre palais en profitant d&#8217;une vue panoramique \u00e0 couper le souffle.<\/p>\n<p>Une fois les cocktails pr\u00e9par\u00e9s, installez-vous confortablement et d\u00e9gustez vos cr\u00e9ations. Ressentez la satisfaction de savourer un cocktail parfaitement orchestr\u00e9 et r\u00e9alis\u00e9 de vos propres mains.<\/p>\n<p>\ud83c\udf0a L&#8217;exp\u00e9rience unique de Madrid se refl\u00e8te dans chaque gorg\u00e9e lorsque vous savourez vos cr\u00e9ations sur cette terrasse exclusive.<\/p>\n<p>\ud83e\udd42 R\u00e9servez votre place pour une soir\u00e9e inoubliable, alliant l&#8217;art, la vue et le plaisir de cr\u00e9er des cocktails \u00e0 <a href=\"https:\/\/es.wikipedia.org\/wiki\/Madrid\">Madrid<\/a>.<\/p>\n<p>Cr\u00e9ez de d\u00e9licieux souvenirs dans ce cadre exceptionnel. \ud83c\udf05\ud83c\udf79<\/p>\n<p>&nbsp;<\/p>\n","protected":false},"excerpt":{"rendered":"<p>Cours de cocktails Madrid. Devenez un expert. Pr\u00e9parez vos propres cocktails pendant une heure et demie en priv\u00e9. Trois d\u00e9licieux cocktails.<\/p>\n","protected":false},"featured_media":3064,"comment_status":"open","ping_status":"closed","template":"","meta":{"_et_pb_use_builder":"","_et_pb_old_content":"","_et_gb_content_width":""},"product_brand":[],"product_cat":[180],"product_tag":[732],"class_list":{"0":"post-3063","1":"product","2":"type-product","3":"status-publish","4":"has-post-thumbnail","6":"product_cat-madrid","7":"product_tag-cours-de-cocktails-madrid","9":"first","10":"instock","11":"shipping-taxable","12":"product-type-simple"},"yoast_head":"<!-- This site is optimized with the Yoast SEO plugin v26.4 - https:\/\/yoast.com\/wordpress\/plugins\/seo\/ -->\n<title>Cours de cocktails Madrid<\/title>\n<meta name=\"description\" content=\"Cours de cocktails Madrid. Devenez un expert. Pr\u00e9parez vos propres cocktails pendant une heure et demie en priv\u00e9. Trois d\u00e9licieux cocktails.\" \/>\n<meta name=\"robots\" content=\"index, follow, max-snippet:-1, max-image-preview:large, max-video-preview:-1\" \/>\n<link rel=\"canonical\" href=\"https:\/\/stagpartynight.com\/fr\/product\/cours-de-cocktails-madrid\/\" \/>\n<meta property=\"og:locale\" content=\"en_GB\" \/>\n<meta property=\"og:type\" content=\"article\" \/>\n<meta property=\"og:title\" content=\"Cours de cocktails Madrid\" \/>\n<meta property=\"og:description\" content=\"Cours de cocktails Madrid. Devenez un expert. Pr\u00e9parez vos propres cocktails pendant une heure et demie en priv\u00e9. Trois d\u00e9licieux cocktails.\" \/>\n<meta property=\"og:url\" content=\"https:\/\/stagpartynight.com\/fr\/product\/cours-de-cocktails-madrid\/\" \/>\n<meta property=\"og:site_name\" content=\"Nuit de f\u00eate de cerf\" \/>\n<meta property=\"article:modified_time\" content=\"2024-02-05T12:54:21+00:00\" \/>\n<meta property=\"og:image\" content=\"https:\/\/stagpartynight.com\/fr\/wp-content\/uploads\/sites\/3\/2024\/02\/Cours-de-cocktails-Madrid.jpg\" \/>\n\t<meta property=\"og:image:width\" content=\"640\" \/>\n\t<meta property=\"og:image:height\" content=\"427\" \/>\n\t<meta property=\"og:image:type\" content=\"image\/jpeg\" \/>\n<meta name=\"twitter:card\" content=\"summary_large_image\" \/>\n<meta name=\"twitter:label1\" content=\"Estimated reading time\" \/>\n\t<meta name=\"twitter:data1\" content=\"2 minutes\" \/>\n<script type=\"application\/ld+json\" class=\"yoast-schema-graph\">{\"@context\":\"https:\/\/schema.org\",\"@graph\":[{\"@type\":\"WebPage\",\"@id\":\"https:\/\/stagpartynight.com\/fr\/product\/cours-de-cocktails-madrid\/\",\"url\":\"https:\/\/stagpartynight.com\/fr\/product\/cours-de-cocktails-madrid\/\",\"name\":\"Cours de cocktails Madrid\",\"isPartOf\":{\"@id\":\"https:\/\/stagpartynight.com\/fr\/#website\"},\"primaryImageOfPage\":{\"@id\":\"https:\/\/stagpartynight.com\/fr\/product\/cours-de-cocktails-madrid\/#primaryimage\"},\"image\":{\"@id\":\"https:\/\/stagpartynight.com\/fr\/product\/cours-de-cocktails-madrid\/#primaryimage\"},\"thumbnailUrl\":\"https:\/\/stagpartynight.com\/fr\/wp-content\/uploads\/sites\/3\/2024\/02\/Cours-de-cocktails-Madrid.jpg\",\"datePublished\":\"2024-02-05T12:28:55+00:00\",\"dateModified\":\"2024-02-05T12:54:21+00:00\",\"description\":\"Cours de cocktails Madrid. Devenez un expert. Pr\u00e9parez vos propres cocktails pendant une heure et demie en priv\u00e9. Trois d\u00e9licieux cocktails.\",\"breadcrumb\":{\"@id\":\"https:\/\/stagpartynight.com\/fr\/product\/cours-de-cocktails-madrid\/#breadcrumb\"},\"inLanguage\":\"en-GB\",\"potentialAction\":[{\"@type\":\"ReadAction\",\"target\":[\"https:\/\/stagpartynight.com\/fr\/product\/cours-de-cocktails-madrid\/\"]}]},{\"@type\":\"ImageObject\",\"inLanguage\":\"en-GB\",\"@id\":\"https:\/\/stagpartynight.com\/fr\/product\/cours-de-cocktails-madrid\/#primaryimage\",\"url\":\"https:\/\/stagpartynight.com\/fr\/wp-content\/uploads\/sites\/3\/2024\/02\/Cours-de-cocktails-Madrid.jpg\",\"contentUrl\":\"https:\/\/stagpartynight.com\/fr\/wp-content\/uploads\/sites\/3\/2024\/02\/Cours-de-cocktails-Madrid.jpg\",\"width\":640,\"height\":427,\"caption\":\"Cours de cocktails Madrid\"},{\"@type\":\"BreadcrumbList\",\"@id\":\"https:\/\/stagpartynight.com\/fr\/product\/cours-de-cocktails-madrid\/#breadcrumb\",\"itemListElement\":[{\"@type\":\"ListItem\",\"position\":1,\"name\":\"Home\",\"item\":\"https:\/\/stagpartynight.com\/fr\/\"},{\"@type\":\"ListItem\",\"position\":2,\"name\":\"Tienda\",\"item\":\"https:\/\/stagpartynight.com\/fr\/tienda\/\"},{\"@type\":\"ListItem\",\"position\":3,\"name\":\"Cours de cocktails Madrid\"}]},{\"@type\":\"WebSite\",\"@id\":\"https:\/\/stagpartynight.com\/fr\/#website\",\"url\":\"https:\/\/stagpartynight.com\/fr\/\",\"name\":\"Stag Party Night\",\"description\":\"Your Stag Party Customized\",\"publisher\":{\"@id\":\"https:\/\/stagpartynight.com\/fr\/#organization\"},\"potentialAction\":[{\"@type\":\"SearchAction\",\"target\":{\"@type\":\"EntryPoint\",\"urlTemplate\":\"https:\/\/stagpartynight.com\/fr\/?s={search_term_string}\"},\"query-input\":{\"@type\":\"PropertyValueSpecification\",\"valueRequired\":true,\"valueName\":\"search_term_string\"}}],\"inLanguage\":\"en-GB\"},{\"@type\":\"Organization\",\"@id\":\"https:\/\/stagpartynight.com\/fr\/#organization\",\"name\":\"Stag Party Night\",\"url\":\"https:\/\/stagpartynight.com\/fr\/\",\"logo\":{\"@type\":\"ImageObject\",\"inLanguage\":\"en-GB\",\"@id\":\"https:\/\/stagpartynight.com\/fr\/#\/schema\/logo\/image\/\",\"url\":\"https:\/\/stagpartynight.com\/fr\/wp-content\/uploads\/sites\/3\/2019\/12\/stagpartynight-e1578565505687.png\",\"contentUrl\":\"https:\/\/stagpartynight.com\/fr\/wp-content\/uploads\/sites\/3\/2019\/12\/stagpartynight-e1578565505687.png\",\"width\":400,\"height\":400,\"caption\":\"Stag Party Night\"},\"image\":{\"@id\":\"https:\/\/stagpartynight.com\/fr\/#\/schema\/logo\/image\/\"}}]}<\/script>\n<!-- \/ Yoast SEO plugin. -->","yoast_head_json":{"title":"Cours de cocktails Madrid","description":"Cours de cocktails Madrid. Devenez un expert. Pr\u00e9parez vos propres cocktails pendant une heure et demie en priv\u00e9. Trois d\u00e9licieux cocktails.","robots":{"index":"index","follow":"follow","max-snippet":"max-snippet:-1","max-image-preview":"max-image-preview:large","max-video-preview":"max-video-preview:-1"},"canonical":"https:\/\/stagpartynight.com\/fr\/product\/cours-de-cocktails-madrid\/","og_locale":"en_GB","og_type":"article","og_title":"Cours de cocktails Madrid","og_description":"Cours de cocktails Madrid. Devenez un expert. Pr\u00e9parez vos propres cocktails pendant une heure et demie en priv\u00e9. Trois d\u00e9licieux cocktails.","og_url":"https:\/\/stagpartynight.com\/fr\/product\/cours-de-cocktails-madrid\/","og_site_name":"Nuit de f\u00eate de cerf","article_modified_time":"2024-02-05T12:54:21+00:00","og_image":[{"width":640,"height":427,"url":"https:\/\/stagpartynight.com\/fr\/wp-content\/uploads\/sites\/3\/2024\/02\/Cours-de-cocktails-Madrid.jpg","type":"image\/jpeg"}],"twitter_card":"summary_large_image","twitter_misc":{"Estimated reading time":"2 minutes"},"schema":{"@context":"https:\/\/schema.org","@graph":[{"@type":"WebPage","@id":"https:\/\/stagpartynight.com\/fr\/product\/cours-de-cocktails-madrid\/","url":"https:\/\/stagpartynight.com\/fr\/product\/cours-de-cocktails-madrid\/","name":"Cours de cocktails Madrid","isPartOf":{"@id":"https:\/\/stagpartynight.com\/fr\/#website"},"primaryImageOfPage":{"@id":"https:\/\/stagpartynight.com\/fr\/product\/cours-de-cocktails-madrid\/#primaryimage"},"image":{"@id":"https:\/\/stagpartynight.com\/fr\/product\/cours-de-cocktails-madrid\/#primaryimage"},"thumbnailUrl":"https:\/\/stagpartynight.com\/fr\/wp-content\/uploads\/sites\/3\/2024\/02\/Cours-de-cocktails-Madrid.jpg","datePublished":"2024-02-05T12:28:55+00:00","dateModified":"2024-02-05T12:54:21+00:00","description":"Cours de cocktails Madrid. Devenez un expert. Pr\u00e9parez vos propres cocktails pendant une heure et demie en priv\u00e9. Trois d\u00e9licieux cocktails.","breadcrumb":{"@id":"https:\/\/stagpartynight.com\/fr\/product\/cours-de-cocktails-madrid\/#breadcrumb"},"inLanguage":"en-GB","potentialAction":[{"@type":"ReadAction","target":["https:\/\/stagpartynight.com\/fr\/product\/cours-de-cocktails-madrid\/"]}]},{"@type":"ImageObject","inLanguage":"en-GB","@id":"https:\/\/stagpartynight.com\/fr\/product\/cours-de-cocktails-madrid\/#primaryimage","url":"https:\/\/stagpartynight.com\/fr\/wp-content\/uploads\/sites\/3\/2024\/02\/Cours-de-cocktails-Madrid.jpg","contentUrl":"https:\/\/stagpartynight.com\/fr\/wp-content\/uploads\/sites\/3\/2024\/02\/Cours-de-cocktails-Madrid.jpg","width":640,"height":427,"caption":"Cours de cocktails Madrid"},{"@type":"BreadcrumbList","@id":"https:\/\/stagpartynight.com\/fr\/product\/cours-de-cocktails-madrid\/#breadcrumb","itemListElement":[{"@type":"ListItem","position":1,"name":"Home","item":"https:\/\/stagpartynight.com\/fr\/"},{"@type":"ListItem","position":2,"name":"Tienda","item":"https:\/\/stagpartynight.com\/fr\/tienda\/"},{"@type":"ListItem","position":3,"name":"Cours de cocktails Madrid"}]},{"@type":"WebSite","@id":"https:\/\/stagpartynight.com\/fr\/#website","url":"https:\/\/stagpartynight.com\/fr\/","name":"Stag Party Night","description":"Your Stag Party Customized","publisher":{"@id":"https:\/\/stagpartynight.com\/fr\/#organization"},"potentialAction":[{"@type":"SearchAction","target":{"@type":"EntryPoint","urlTemplate":"https:\/\/stagpartynight.com\/fr\/?s={search_term_string}"},"query-input":{"@type":"PropertyValueSpecification","valueRequired":true,"valueName":"search_term_string"}}],"inLanguage":"en-GB"},{"@type":"Organization","@id":"https:\/\/stagpartynight.com\/fr\/#organization","name":"Stag Party Night","url":"https:\/\/stagpartynight.com\/fr\/","logo":{"@type":"ImageObject","inLanguage":"en-GB","@id":"https:\/\/stagpartynight.com\/fr\/#\/schema\/logo\/image\/","url":"https:\/\/stagpartynight.com\/fr\/wp-content\/uploads\/sites\/3\/2019\/12\/stagpartynight-e1578565505687.png","contentUrl":"https:\/\/stagpartynight.com\/fr\/wp-content\/uploads\/sites\/3\/2019\/12\/stagpartynight-e1578565505687.png","width":400,"height":400,"caption":"Stag Party Night"},"image":{"@id":"https:\/\/stagpartynight.com\/fr\/#\/schema\/logo\/image\/"}}]}},"_links":{"self":[{"href":"https:\/\/stagpartynight.com\/fr\/wp-json\/wp\/v2\/product\/3063","targetHints":{"allow":["GET"]}}],"collection":[{"href":"https:\/\/stagpartynight.com\/fr\/wp-json\/wp\/v2\/product"}],"about":[{"href":"https:\/\/stagpartynight.com\/fr\/wp-json\/wp\/v2\/types\/product"}],"replies":[{"embeddable":true,"href":"https:\/\/stagpartynight.com\/fr\/wp-json\/wp\/v2\/comments?post=3063"}],"wp:featuredmedia":[{"embeddable":true,"href":"https:\/\/stagpartynight.com\/fr\/wp-json\/wp\/v2\/media\/3064"}],"wp:attachment":[{"href":"https:\/\/stagpartynight.com\/fr\/wp-json\/wp\/v2\/media?parent=3063"}],"wp:term":[{"taxonomy":"product_brand","embeddable":true,"href":"https:\/\/stagpartynight.com\/fr\/wp-json\/wp\/v2\/product_brand?post=3063"},{"taxonomy":"product_cat","embeddable":true,"href":"https:\/\/stagpartynight.com\/fr\/wp-json\/wp\/v2\/product_cat?post=3063"},{"taxonomy":"product_tag","embeddable":true,"href":"https:\/\/stagpartynight.com\/fr\/wp-json\/wp\/v2\/product_tag?post=3063"}],"curies":[{"name":"wp","href":"https:\/\/api.w.org\/{rel}","templated":true}]}}