{"id":3065,"date":"2024-02-05T13:55:09","date_gmt":"2024-02-05T12:55:09","guid":{"rendered":"https:\/\/stagpartynight.com\/fr\/?post_type=product&#038;p=3065"},"modified":"2024-02-05T14:00:18","modified_gmt":"2024-02-05T13:00:18","slug":"cours-de-paella-madrid","status":"publish","type":"product","link":"https:\/\/stagpartynight.com\/fr\/product\/cours-de-paella-madrid\/","title":{"rendered":"Cours de paella Madrid"},"content":{"rendered":"<p>Cours de paella \u00e0 Madrid. Comprend un ma\u00eetre de la paella et tous les ingr\u00e9dients pour pr\u00e9parer une d\u00e9licieuse paella et la manger !<\/p>\n<p>Les meilleurs enterrements de vie de gar\u00e7on avec <a href=\"https:\/\/stagpartynight.com\/\">Stagparty<\/a> !<\/p>\n<h2 style=\"text-align: center;\">Cours de Paella Madrid<\/h2>\n<h4 style=\"text-align: left;\">Cours de paella : une aventure culinaire inoubliable ! \ud83e\udd58\ud83c\udf72<\/h4>\n<p>Explorez les saveurs authentiques de l&#8217;Espagne avec notre cours de paella exclusif ! Une exp\u00e9rience gastronomique unique \u00e0 Madrid\ud83c\udf1e<\/p>\n<p>\u00c0 cette occasion, nous vous invitons \u00e0 d\u00e9couvrir les secrets de la cuisine espagnole en participant \u00e0 notre cours de paella \u00e0 Madrid. Plongez dans l&#8217;art de pr\u00e9parer la paella, le plat embl\u00e9matique de l&#8217;Espagne, dans une atmosph\u00e8re chaleureuse et accueillante. O\u00f9 mieux que dans la capitale de l&#8217;Espagne pour apprendre ce plat typique ?<\/p>\n<p>Guid\u00e9 par un ma\u00eetre de la paella : d\u00e9couvrez les astuces de la cuisine locale \ud83c\udf36\ufe0f\ud83c\udf64<\/p>\n<p>Notre ma\u00eetre de paella exp\u00e9riment\u00e9 vous guidera \u00e0 travers chaque \u00e9tape de la pr\u00e9paration de la paella, en partageant des astuces et des techniques transmises de g\u00e9n\u00e9ration en g\u00e9n\u00e9ration. Apprenez les secrets de l&#8217;\u00e9quilibre des saveurs et des textures pour cr\u00e9er la paella parfaite. Vous serez en mesure de la reproduire chez vous par la suite, vous pourrez noter la recette !<\/p>\n<p>Une activit\u00e9 pour tous les gourmets \ud83e\udd42.<\/p>\n<p>Que vous soyez novice en cuisine ou amateur de bonne ch\u00e8re, notre cours de paella est con\u00e7u pour tous les niveaux. Profitez de cette exp\u00e9rience gourmande pour apprendre, rire et go\u00fbter aux authentiques saveurs espagnoles.\ud83d\udc69\u200d\ud83c\udf73<\/p>\n<p>Pr\u00eat \u00e0 ravir votre palais ? R\u00e9servez d\u00e8s maintenant votre place pour notre cours de paella \u00e0 <a href=\"https:\/\/es.wikipedia.org\/wiki\/Madrid\">Madrid<\/a>. Une exp\u00e9rience culinaire inoubliable vous attend, o\u00f9 la bonne humeur et la d\u00e9licieuse cuisine espagnole s&#8217;associent pour cr\u00e9er des souvenirs inoubliables.<\/p>\n<p>Si vous vous demandez combien de temps cela dure, laissez-moi vous dire que vous aurez entre deux et trois heures pour profiter des explications, de la pr\u00e9paration et, surtout, de la d\u00e9gustation !<\/p>\n<p style=\"text-align: center;\">Bon app\u00e9tit ! \ud83c\udf1f<\/p>\n<p style=\"text-align: center;\">R\u00e9servez votre place d\u00e8s maintenant ! \ud83c\udf7d\ufe0f<\/p>\n","protected":false},"excerpt":{"rendered":"<p>Cours de paella \u00e0 Madrid. Comprend un ma\u00eetre de la paella et tous les ingr\u00e9dients pour pr\u00e9parer une d\u00e9licieuse paella et la manger !<\/p>\n","protected":false},"featured_media":3066,"comment_status":"open","ping_status":"closed","template":"","meta":{"_et_pb_use_builder":"","_et_pb_old_content":"","_et_gb_content_width":""},"product_brand":[],"product_cat":[180],"product_tag":[733],"class_list":{"0":"post-3065","1":"product","2":"type-product","3":"status-publish","4":"has-post-thumbnail","6":"product_cat-madrid","7":"product_tag-cours-de-paella-madrid","9":"first","10":"instock","11":"shipping-taxable","12":"product-type-simple"},"yoast_head":"<!-- This site is optimized with the Yoast SEO plugin v26.4 - https:\/\/yoast.com\/wordpress\/plugins\/seo\/ -->\n<title>Cours de paella Madrid<\/title>\n<meta name=\"description\" content=\"Cours de paella \u00e0 Madrid. Comprend un ma\u00eetre de la paella et tous les ingr\u00e9dients pour pr\u00e9parer une d\u00e9licieuse paella et la manger !\" \/>\n<meta name=\"robots\" content=\"index, follow, max-snippet:-1, max-image-preview:large, max-video-preview:-1\" \/>\n<link rel=\"canonical\" href=\"https:\/\/stagpartynight.com\/fr\/product\/cours-de-paella-madrid\/\" \/>\n<meta property=\"og:locale\" content=\"en_GB\" \/>\n<meta property=\"og:type\" content=\"article\" \/>\n<meta property=\"og:title\" content=\"Cours de paella Madrid\" \/>\n<meta property=\"og:description\" content=\"Cours de paella \u00e0 Madrid. Comprend un ma\u00eetre de la paella et tous les ingr\u00e9dients pour pr\u00e9parer une d\u00e9licieuse paella et la manger !\" \/>\n<meta property=\"og:url\" content=\"https:\/\/stagpartynight.com\/fr\/product\/cours-de-paella-madrid\/\" \/>\n<meta property=\"og:site_name\" content=\"Nuit de f\u00eate de cerf\" \/>\n<meta property=\"article:modified_time\" content=\"2024-02-05T13:00:18+00:00\" \/>\n<meta property=\"og:image\" content=\"https:\/\/stagpartynight.com\/fr\/wp-content\/uploads\/sites\/3\/2024\/02\/Cours-de-paella-Madrid.jpg\" \/>\n\t<meta property=\"og:image:width\" content=\"640\" \/>\n\t<meta property=\"og:image:height\" content=\"427\" \/>\n\t<meta property=\"og:image:type\" content=\"image\/jpeg\" \/>\n<meta name=\"twitter:card\" content=\"summary_large_image\" \/>\n<meta name=\"twitter:label1\" content=\"Estimated reading time\" \/>\n\t<meta name=\"twitter:data1\" content=\"2 minutes\" \/>\n<script type=\"application\/ld+json\" class=\"yoast-schema-graph\">{\"@context\":\"https:\/\/schema.org\",\"@graph\":[{\"@type\":\"WebPage\",\"@id\":\"https:\/\/stagpartynight.com\/fr\/product\/cours-de-paella-madrid\/\",\"url\":\"https:\/\/stagpartynight.com\/fr\/product\/cours-de-paella-madrid\/\",\"name\":\"Cours de paella Madrid\",\"isPartOf\":{\"@id\":\"https:\/\/stagpartynight.com\/fr\/#website\"},\"primaryImageOfPage\":{\"@id\":\"https:\/\/stagpartynight.com\/fr\/product\/cours-de-paella-madrid\/#primaryimage\"},\"image\":{\"@id\":\"https:\/\/stagpartynight.com\/fr\/product\/cours-de-paella-madrid\/#primaryimage\"},\"thumbnailUrl\":\"https:\/\/stagpartynight.com\/fr\/wp-content\/uploads\/sites\/3\/2024\/02\/Cours-de-paella-Madrid.jpg\",\"datePublished\":\"2024-02-05T12:55:09+00:00\",\"dateModified\":\"2024-02-05T13:00:18+00:00\",\"description\":\"Cours de paella \u00e0 Madrid. Comprend un ma\u00eetre de la paella et tous les ingr\u00e9dients pour pr\u00e9parer une d\u00e9licieuse paella et la manger !\",\"breadcrumb\":{\"@id\":\"https:\/\/stagpartynight.com\/fr\/product\/cours-de-paella-madrid\/#breadcrumb\"},\"inLanguage\":\"en-GB\",\"potentialAction\":[{\"@type\":\"ReadAction\",\"target\":[\"https:\/\/stagpartynight.com\/fr\/product\/cours-de-paella-madrid\/\"]}]},{\"@type\":\"ImageObject\",\"inLanguage\":\"en-GB\",\"@id\":\"https:\/\/stagpartynight.com\/fr\/product\/cours-de-paella-madrid\/#primaryimage\",\"url\":\"https:\/\/stagpartynight.com\/fr\/wp-content\/uploads\/sites\/3\/2024\/02\/Cours-de-paella-Madrid.jpg\",\"contentUrl\":\"https:\/\/stagpartynight.com\/fr\/wp-content\/uploads\/sites\/3\/2024\/02\/Cours-de-paella-Madrid.jpg\",\"width\":640,\"height\":427,\"caption\":\"Cours de paella Madrid\"},{\"@type\":\"BreadcrumbList\",\"@id\":\"https:\/\/stagpartynight.com\/fr\/product\/cours-de-paella-madrid\/#breadcrumb\",\"itemListElement\":[{\"@type\":\"ListItem\",\"position\":1,\"name\":\"Home\",\"item\":\"https:\/\/stagpartynight.com\/fr\/\"},{\"@type\":\"ListItem\",\"position\":2,\"name\":\"Tienda\",\"item\":\"https:\/\/stagpartynight.com\/fr\/tienda\/\"},{\"@type\":\"ListItem\",\"position\":3,\"name\":\"Cours de paella Madrid\"}]},{\"@type\":\"WebSite\",\"@id\":\"https:\/\/stagpartynight.com\/fr\/#website\",\"url\":\"https:\/\/stagpartynight.com\/fr\/\",\"name\":\"Stag Party Night\",\"description\":\"Your Stag Party Customized\",\"publisher\":{\"@id\":\"https:\/\/stagpartynight.com\/fr\/#organization\"},\"potentialAction\":[{\"@type\":\"SearchAction\",\"target\":{\"@type\":\"EntryPoint\",\"urlTemplate\":\"https:\/\/stagpartynight.com\/fr\/?s={search_term_string}\"},\"query-input\":{\"@type\":\"PropertyValueSpecification\",\"valueRequired\":true,\"valueName\":\"search_term_string\"}}],\"inLanguage\":\"en-GB\"},{\"@type\":\"Organization\",\"@id\":\"https:\/\/stagpartynight.com\/fr\/#organization\",\"name\":\"Stag Party Night\",\"url\":\"https:\/\/stagpartynight.com\/fr\/\",\"logo\":{\"@type\":\"ImageObject\",\"inLanguage\":\"en-GB\",\"@id\":\"https:\/\/stagpartynight.com\/fr\/#\/schema\/logo\/image\/\",\"url\":\"https:\/\/stagpartynight.com\/fr\/wp-content\/uploads\/sites\/3\/2019\/12\/stagpartynight-e1578565505687.png\",\"contentUrl\":\"https:\/\/stagpartynight.com\/fr\/wp-content\/uploads\/sites\/3\/2019\/12\/stagpartynight-e1578565505687.png\",\"width\":400,\"height\":400,\"caption\":\"Stag Party Night\"},\"image\":{\"@id\":\"https:\/\/stagpartynight.com\/fr\/#\/schema\/logo\/image\/\"}}]}<\/script>\n<!-- \/ Yoast SEO plugin. -->","yoast_head_json":{"title":"Cours de paella Madrid","description":"Cours de paella \u00e0 Madrid. Comprend un ma\u00eetre de la paella et tous les ingr\u00e9dients pour pr\u00e9parer une d\u00e9licieuse paella et la manger !","robots":{"index":"index","follow":"follow","max-snippet":"max-snippet:-1","max-image-preview":"max-image-preview:large","max-video-preview":"max-video-preview:-1"},"canonical":"https:\/\/stagpartynight.com\/fr\/product\/cours-de-paella-madrid\/","og_locale":"en_GB","og_type":"article","og_title":"Cours de paella Madrid","og_description":"Cours de paella \u00e0 Madrid. Comprend un ma\u00eetre de la paella et tous les ingr\u00e9dients pour pr\u00e9parer une d\u00e9licieuse paella et la manger !","og_url":"https:\/\/stagpartynight.com\/fr\/product\/cours-de-paella-madrid\/","og_site_name":"Nuit de f\u00eate de cerf","article_modified_time":"2024-02-05T13:00:18+00:00","og_image":[{"width":640,"height":427,"url":"https:\/\/stagpartynight.com\/fr\/wp-content\/uploads\/sites\/3\/2024\/02\/Cours-de-paella-Madrid.jpg","type":"image\/jpeg"}],"twitter_card":"summary_large_image","twitter_misc":{"Estimated reading time":"2 minutes"},"schema":{"@context":"https:\/\/schema.org","@graph":[{"@type":"WebPage","@id":"https:\/\/stagpartynight.com\/fr\/product\/cours-de-paella-madrid\/","url":"https:\/\/stagpartynight.com\/fr\/product\/cours-de-paella-madrid\/","name":"Cours de paella Madrid","isPartOf":{"@id":"https:\/\/stagpartynight.com\/fr\/#website"},"primaryImageOfPage":{"@id":"https:\/\/stagpartynight.com\/fr\/product\/cours-de-paella-madrid\/#primaryimage"},"image":{"@id":"https:\/\/stagpartynight.com\/fr\/product\/cours-de-paella-madrid\/#primaryimage"},"thumbnailUrl":"https:\/\/stagpartynight.com\/fr\/wp-content\/uploads\/sites\/3\/2024\/02\/Cours-de-paella-Madrid.jpg","datePublished":"2024-02-05T12:55:09+00:00","dateModified":"2024-02-05T13:00:18+00:00","description":"Cours de paella \u00e0 Madrid. Comprend un ma\u00eetre de la paella et tous les ingr\u00e9dients pour pr\u00e9parer une d\u00e9licieuse paella et la manger !","breadcrumb":{"@id":"https:\/\/stagpartynight.com\/fr\/product\/cours-de-paella-madrid\/#breadcrumb"},"inLanguage":"en-GB","potentialAction":[{"@type":"ReadAction","target":["https:\/\/stagpartynight.com\/fr\/product\/cours-de-paella-madrid\/"]}]},{"@type":"ImageObject","inLanguage":"en-GB","@id":"https:\/\/stagpartynight.com\/fr\/product\/cours-de-paella-madrid\/#primaryimage","url":"https:\/\/stagpartynight.com\/fr\/wp-content\/uploads\/sites\/3\/2024\/02\/Cours-de-paella-Madrid.jpg","contentUrl":"https:\/\/stagpartynight.com\/fr\/wp-content\/uploads\/sites\/3\/2024\/02\/Cours-de-paella-Madrid.jpg","width":640,"height":427,"caption":"Cours de paella Madrid"},{"@type":"BreadcrumbList","@id":"https:\/\/stagpartynight.com\/fr\/product\/cours-de-paella-madrid\/#breadcrumb","itemListElement":[{"@type":"ListItem","position":1,"name":"Home","item":"https:\/\/stagpartynight.com\/fr\/"},{"@type":"ListItem","position":2,"name":"Tienda","item":"https:\/\/stagpartynight.com\/fr\/tienda\/"},{"@type":"ListItem","position":3,"name":"Cours de paella Madrid"}]},{"@type":"WebSite","@id":"https:\/\/stagpartynight.com\/fr\/#website","url":"https:\/\/stagpartynight.com\/fr\/","name":"Stag Party Night","description":"Your Stag Party Customized","publisher":{"@id":"https:\/\/stagpartynight.com\/fr\/#organization"},"potentialAction":[{"@type":"SearchAction","target":{"@type":"EntryPoint","urlTemplate":"https:\/\/stagpartynight.com\/fr\/?s={search_term_string}"},"query-input":{"@type":"PropertyValueSpecification","valueRequired":true,"valueName":"search_term_string"}}],"inLanguage":"en-GB"},{"@type":"Organization","@id":"https:\/\/stagpartynight.com\/fr\/#organization","name":"Stag Party Night","url":"https:\/\/stagpartynight.com\/fr\/","logo":{"@type":"ImageObject","inLanguage":"en-GB","@id":"https:\/\/stagpartynight.com\/fr\/#\/schema\/logo\/image\/","url":"https:\/\/stagpartynight.com\/fr\/wp-content\/uploads\/sites\/3\/2019\/12\/stagpartynight-e1578565505687.png","contentUrl":"https:\/\/stagpartynight.com\/fr\/wp-content\/uploads\/sites\/3\/2019\/12\/stagpartynight-e1578565505687.png","width":400,"height":400,"caption":"Stag Party Night"},"image":{"@id":"https:\/\/stagpartynight.com\/fr\/#\/schema\/logo\/image\/"}}]}},"_links":{"self":[{"href":"https:\/\/stagpartynight.com\/fr\/wp-json\/wp\/v2\/product\/3065","targetHints":{"allow":["GET"]}}],"collection":[{"href":"https:\/\/stagpartynight.com\/fr\/wp-json\/wp\/v2\/product"}],"about":[{"href":"https:\/\/stagpartynight.com\/fr\/wp-json\/wp\/v2\/types\/product"}],"replies":[{"embeddable":true,"href":"https:\/\/stagpartynight.com\/fr\/wp-json\/wp\/v2\/comments?post=3065"}],"wp:featuredmedia":[{"embeddable":true,"href":"https:\/\/stagpartynight.com\/fr\/wp-json\/wp\/v2\/media\/3066"}],"wp:attachment":[{"href":"https:\/\/stagpartynight.com\/fr\/wp-json\/wp\/v2\/media?parent=3065"}],"wp:term":[{"taxonomy":"product_brand","embeddable":true,"href":"https:\/\/stagpartynight.com\/fr\/wp-json\/wp\/v2\/product_brand?post=3065"},{"taxonomy":"product_cat","embeddable":true,"href":"https:\/\/stagpartynight.com\/fr\/wp-json\/wp\/v2\/product_cat?post=3065"},{"taxonomy":"product_tag","embeddable":true,"href":"https:\/\/stagpartynight.com\/fr\/wp-json\/wp\/v2\/product_tag?post=3065"}],"curies":[{"name":"wp","href":"https:\/\/api.w.org\/{rel}","templated":true}]}}