{"id":310,"date":"2020-01-08T15:38:57","date_gmt":"2020-01-08T14:38:57","guid":{"rendered":"https:\/\/stagpartynight.com\/fr\/?post_type=product&#038;p=310"},"modified":"2021-01-29T12:19:57","modified_gmt":"2021-01-29T11:19:57","slug":"velero-private-lisboa","status":"publish","type":"product","link":"https:\/\/stagpartynight.com\/fr\/product\/velero-private-lisboa\/","title":{"rendered":"Voilier Lisbonne"},"content":{"rendered":"<p>Naviguez jusqu&#8217;\u00e0 Lisbonne sur votre voilier priv\u00e9. Profitez de la mer en faisant un tour de 2 heures ou plus. Le capitaine et l&#8217;assurance sont inclus. Les extras possibles tels que la nourriture et les boissons.<\/p>\n","protected":false},"excerpt":{"rendered":"<p>Naviguez jusqu&#8217;\u00e0 Lisbonne sur votre voilier priv\u00e9. Profitez de la mer en faisant un tour de 2 heures ou plus. Le capitaine et l&#8217;assurance sont inclus. Les extras possibles tels que la nourriture et les boissons.<\/p>\n","protected":false},"featured_media":1783,"comment_status":"open","ping_status":"closed","template":"","meta":{"_et_pb_use_builder":"","_et_pb_old_content":"","_et_gb_content_width":""},"product_brand":[],"product_cat":[148],"product_tag":[268,269,267],"class_list":{"0":"post-310","1":"product","2":"type-product","3":"status-publish","4":"has-post-thumbnail","6":"product_cat-lisboa","7":"product_tag-location-de-voilier-lisbonne","8":"product_tag-navires-lisbonne","9":"product_tag-voilier-lisbonne","11":"first","12":"instock","13":"virtual","14":"product-type-simple"},"yoast_head":"<!-- This site is optimized with the Yoast SEO plugin v26.4 - https:\/\/yoast.com\/wordpress\/plugins\/seo\/ -->\n<title>Voilier Lisbonne - Location de voilier \u00e0 Lisbonne - Navires Lisbonne<\/title>\n<meta name=\"description\" content=\"Voilier Lisbonne - Naviguez jusqu&#039;\u00e0 Lisbonne sur votre voilier priv\u00e9. Profitez de la mer en faisant un tour de 2 heures ou plus. Le capitaine et l&#039;assurance sont inclus. Les extras possibles tels que la nourriture et les boissons.\" \/>\n<meta name=\"robots\" content=\"index, follow, max-snippet:-1, max-image-preview:large, max-video-preview:-1\" \/>\n<link rel=\"canonical\" href=\"https:\/\/stagpartynight.com\/fr\/product\/velero-private-lisboa\/\" \/>\n<meta property=\"og:locale\" content=\"en_GB\" \/>\n<meta property=\"og:type\" content=\"article\" \/>\n<meta property=\"og:title\" content=\"Voilier Lisbonne - Location de voilier \u00e0 Lisbonne - Navires Lisbonne\" \/>\n<meta property=\"og:description\" content=\"Voilier Lisbonne - Naviguez jusqu&#039;\u00e0 Lisbonne sur votre voilier priv\u00e9. Profitez de la mer en faisant un tour de 2 heures ou plus. Le capitaine et l&#039;assurance sont inclus. Les extras possibles tels que la nourriture et les boissons.\" \/>\n<meta property=\"og:url\" content=\"https:\/\/stagpartynight.com\/fr\/product\/velero-private-lisboa\/\" \/>\n<meta property=\"og:site_name\" content=\"Nuit de f\u00eate de cerf\" \/>\n<meta property=\"article:modified_time\" content=\"2021-01-29T11:19:57+00:00\" \/>\n<meta property=\"og:image\" content=\"https:\/\/stagpartynight.com\/fr\/wp-content\/uploads\/sites\/3\/2020\/01\/boat-1867124_640.jpg\" \/>\n\t<meta property=\"og:image:width\" content=\"640\" \/>\n\t<meta property=\"og:image:height\" content=\"426\" \/>\n\t<meta property=\"og:image:type\" content=\"image\/jpeg\" \/>\n<meta name=\"twitter:card\" content=\"summary_large_image\" \/>\n<script type=\"application\/ld+json\" class=\"yoast-schema-graph\">{\"@context\":\"https:\/\/schema.org\",\"@graph\":[{\"@type\":\"WebPage\",\"@id\":\"https:\/\/stagpartynight.com\/fr\/product\/velero-private-lisboa\/\",\"url\":\"https:\/\/stagpartynight.com\/fr\/product\/velero-private-lisboa\/\",\"name\":\"Voilier Lisbonne - Location de voilier \u00e0 Lisbonne - Navires Lisbonne\",\"isPartOf\":{\"@id\":\"https:\/\/stagpartynight.com\/fr\/#website\"},\"primaryImageOfPage\":{\"@id\":\"https:\/\/stagpartynight.com\/fr\/product\/velero-private-lisboa\/#primaryimage\"},\"image\":{\"@id\":\"https:\/\/stagpartynight.com\/fr\/product\/velero-private-lisboa\/#primaryimage\"},\"thumbnailUrl\":\"https:\/\/stagpartynight.com\/fr\/wp-content\/uploads\/sites\/3\/2020\/01\/boat-1867124_640.jpg\",\"datePublished\":\"2020-01-08T14:38:57+00:00\",\"dateModified\":\"2021-01-29T11:19:57+00:00\",\"description\":\"Voilier Lisbonne - Naviguez jusqu'\u00e0 Lisbonne sur votre voilier priv\u00e9. Profitez de la mer en faisant un tour de 2 heures ou plus. Le capitaine et l'assurance sont inclus. Les extras possibles tels que la nourriture et les boissons.\",\"breadcrumb\":{\"@id\":\"https:\/\/stagpartynight.com\/fr\/product\/velero-private-lisboa\/#breadcrumb\"},\"inLanguage\":\"en-GB\",\"potentialAction\":[{\"@type\":\"ReadAction\",\"target\":[\"https:\/\/stagpartynight.com\/fr\/product\/velero-private-lisboa\/\"]}]},{\"@type\":\"ImageObject\",\"inLanguage\":\"en-GB\",\"@id\":\"https:\/\/stagpartynight.com\/fr\/product\/velero-private-lisboa\/#primaryimage\",\"url\":\"https:\/\/stagpartynight.com\/fr\/wp-content\/uploads\/sites\/3\/2020\/01\/boat-1867124_640.jpg\",\"contentUrl\":\"https:\/\/stagpartynight.com\/fr\/wp-content\/uploads\/sites\/3\/2020\/01\/boat-1867124_640.jpg\",\"width\":640,\"height\":426},{\"@type\":\"BreadcrumbList\",\"@id\":\"https:\/\/stagpartynight.com\/fr\/product\/velero-private-lisboa\/#breadcrumb\",\"itemListElement\":[{\"@type\":\"ListItem\",\"position\":1,\"name\":\"Home\",\"item\":\"https:\/\/stagpartynight.com\/fr\/\"},{\"@type\":\"ListItem\",\"position\":2,\"name\":\"Tienda\",\"item\":\"https:\/\/stagpartynight.com\/fr\/tienda\/\"},{\"@type\":\"ListItem\",\"position\":3,\"name\":\"Voilier Lisbonne\"}]},{\"@type\":\"WebSite\",\"@id\":\"https:\/\/stagpartynight.com\/fr\/#website\",\"url\":\"https:\/\/stagpartynight.com\/fr\/\",\"name\":\"Stag Party Night\",\"description\":\"Your Stag Party Customized\",\"publisher\":{\"@id\":\"https:\/\/stagpartynight.com\/fr\/#organization\"},\"potentialAction\":[{\"@type\":\"SearchAction\",\"target\":{\"@type\":\"EntryPoint\",\"urlTemplate\":\"https:\/\/stagpartynight.com\/fr\/?s={search_term_string}\"},\"query-input\":{\"@type\":\"PropertyValueSpecification\",\"valueRequired\":true,\"valueName\":\"search_term_string\"}}],\"inLanguage\":\"en-GB\"},{\"@type\":\"Organization\",\"@id\":\"https:\/\/stagpartynight.com\/fr\/#organization\",\"name\":\"Stag Party Night\",\"url\":\"https:\/\/stagpartynight.com\/fr\/\",\"logo\":{\"@type\":\"ImageObject\",\"inLanguage\":\"en-GB\",\"@id\":\"https:\/\/stagpartynight.com\/fr\/#\/schema\/logo\/image\/\",\"url\":\"https:\/\/stagpartynight.com\/fr\/wp-content\/uploads\/sites\/3\/2019\/12\/stagpartynight-e1578565505687.png\",\"contentUrl\":\"https:\/\/stagpartynight.com\/fr\/wp-content\/uploads\/sites\/3\/2019\/12\/stagpartynight-e1578565505687.png\",\"width\":400,\"height\":400,\"caption\":\"Stag Party Night\"},\"image\":{\"@id\":\"https:\/\/stagpartynight.com\/fr\/#\/schema\/logo\/image\/\"}}]}<\/script>\n<!-- \/ Yoast SEO plugin. -->","yoast_head_json":{"title":"Voilier Lisbonne - Location de voilier \u00e0 Lisbonne - Navires Lisbonne","description":"Voilier Lisbonne - Naviguez jusqu'\u00e0 Lisbonne sur votre voilier priv\u00e9. Profitez de la mer en faisant un tour de 2 heures ou plus. Le capitaine et l'assurance sont inclus. Les extras possibles tels que la nourriture et les boissons.","robots":{"index":"index","follow":"follow","max-snippet":"max-snippet:-1","max-image-preview":"max-image-preview:large","max-video-preview":"max-video-preview:-1"},"canonical":"https:\/\/stagpartynight.com\/fr\/product\/velero-private-lisboa\/","og_locale":"en_GB","og_type":"article","og_title":"Voilier Lisbonne - Location de voilier \u00e0 Lisbonne - Navires Lisbonne","og_description":"Voilier Lisbonne - Naviguez jusqu'\u00e0 Lisbonne sur votre voilier priv\u00e9. Profitez de la mer en faisant un tour de 2 heures ou plus. Le capitaine et l'assurance sont inclus. Les extras possibles tels que la nourriture et les boissons.","og_url":"https:\/\/stagpartynight.com\/fr\/product\/velero-private-lisboa\/","og_site_name":"Nuit de f\u00eate de cerf","article_modified_time":"2021-01-29T11:19:57+00:00","og_image":[{"width":640,"height":426,"url":"https:\/\/stagpartynight.com\/fr\/wp-content\/uploads\/sites\/3\/2020\/01\/boat-1867124_640.jpg","type":"image\/jpeg"}],"twitter_card":"summary_large_image","schema":{"@context":"https:\/\/schema.org","@graph":[{"@type":"WebPage","@id":"https:\/\/stagpartynight.com\/fr\/product\/velero-private-lisboa\/","url":"https:\/\/stagpartynight.com\/fr\/product\/velero-private-lisboa\/","name":"Voilier Lisbonne - Location de voilier \u00e0 Lisbonne - Navires Lisbonne","isPartOf":{"@id":"https:\/\/stagpartynight.com\/fr\/#website"},"primaryImageOfPage":{"@id":"https:\/\/stagpartynight.com\/fr\/product\/velero-private-lisboa\/#primaryimage"},"image":{"@id":"https:\/\/stagpartynight.com\/fr\/product\/velero-private-lisboa\/#primaryimage"},"thumbnailUrl":"https:\/\/stagpartynight.com\/fr\/wp-content\/uploads\/sites\/3\/2020\/01\/boat-1867124_640.jpg","datePublished":"2020-01-08T14:38:57+00:00","dateModified":"2021-01-29T11:19:57+00:00","description":"Voilier Lisbonne - Naviguez jusqu'\u00e0 Lisbonne sur votre voilier priv\u00e9. Profitez de la mer en faisant un tour de 2 heures ou plus. Le capitaine et l'assurance sont inclus. Les extras possibles tels que la nourriture et les boissons.","breadcrumb":{"@id":"https:\/\/stagpartynight.com\/fr\/product\/velero-private-lisboa\/#breadcrumb"},"inLanguage":"en-GB","potentialAction":[{"@type":"ReadAction","target":["https:\/\/stagpartynight.com\/fr\/product\/velero-private-lisboa\/"]}]},{"@type":"ImageObject","inLanguage":"en-GB","@id":"https:\/\/stagpartynight.com\/fr\/product\/velero-private-lisboa\/#primaryimage","url":"https:\/\/stagpartynight.com\/fr\/wp-content\/uploads\/sites\/3\/2020\/01\/boat-1867124_640.jpg","contentUrl":"https:\/\/stagpartynight.com\/fr\/wp-content\/uploads\/sites\/3\/2020\/01\/boat-1867124_640.jpg","width":640,"height":426},{"@type":"BreadcrumbList","@id":"https:\/\/stagpartynight.com\/fr\/product\/velero-private-lisboa\/#breadcrumb","itemListElement":[{"@type":"ListItem","position":1,"name":"Home","item":"https:\/\/stagpartynight.com\/fr\/"},{"@type":"ListItem","position":2,"name":"Tienda","item":"https:\/\/stagpartynight.com\/fr\/tienda\/"},{"@type":"ListItem","position":3,"name":"Voilier Lisbonne"}]},{"@type":"WebSite","@id":"https:\/\/stagpartynight.com\/fr\/#website","url":"https:\/\/stagpartynight.com\/fr\/","name":"Stag Party Night","description":"Your Stag Party Customized","publisher":{"@id":"https:\/\/stagpartynight.com\/fr\/#organization"},"potentialAction":[{"@type":"SearchAction","target":{"@type":"EntryPoint","urlTemplate":"https:\/\/stagpartynight.com\/fr\/?s={search_term_string}"},"query-input":{"@type":"PropertyValueSpecification","valueRequired":true,"valueName":"search_term_string"}}],"inLanguage":"en-GB"},{"@type":"Organization","@id":"https:\/\/stagpartynight.com\/fr\/#organization","name":"Stag Party Night","url":"https:\/\/stagpartynight.com\/fr\/","logo":{"@type":"ImageObject","inLanguage":"en-GB","@id":"https:\/\/stagpartynight.com\/fr\/#\/schema\/logo\/image\/","url":"https:\/\/stagpartynight.com\/fr\/wp-content\/uploads\/sites\/3\/2019\/12\/stagpartynight-e1578565505687.png","contentUrl":"https:\/\/stagpartynight.com\/fr\/wp-content\/uploads\/sites\/3\/2019\/12\/stagpartynight-e1578565505687.png","width":400,"height":400,"caption":"Stag Party Night"},"image":{"@id":"https:\/\/stagpartynight.com\/fr\/#\/schema\/logo\/image\/"}}]}},"_links":{"self":[{"href":"https:\/\/stagpartynight.com\/fr\/wp-json\/wp\/v2\/product\/310","targetHints":{"allow":["GET"]}}],"collection":[{"href":"https:\/\/stagpartynight.com\/fr\/wp-json\/wp\/v2\/product"}],"about":[{"href":"https:\/\/stagpartynight.com\/fr\/wp-json\/wp\/v2\/types\/product"}],"replies":[{"embeddable":true,"href":"https:\/\/stagpartynight.com\/fr\/wp-json\/wp\/v2\/comments?post=310"}],"wp:featuredmedia":[{"embeddable":true,"href":"https:\/\/stagpartynight.com\/fr\/wp-json\/wp\/v2\/media\/1783"}],"wp:attachment":[{"href":"https:\/\/stagpartynight.com\/fr\/wp-json\/wp\/v2\/media?parent=310"}],"wp:term":[{"taxonomy":"product_brand","embeddable":true,"href":"https:\/\/stagpartynight.com\/fr\/wp-json\/wp\/v2\/product_brand?post=310"},{"taxonomy":"product_cat","embeddable":true,"href":"https:\/\/stagpartynight.com\/fr\/wp-json\/wp\/v2\/product_cat?post=310"},{"taxonomy":"product_tag","embeddable":true,"href":"https:\/\/stagpartynight.com\/fr\/wp-json\/wp\/v2\/product_tag?post=310"}],"curies":[{"name":"wp","href":"https:\/\/api.w.org\/{rel}","templated":true}]}}