{"id":558,"date":"2020-04-15T20:30:43","date_gmt":"2020-04-15T18:30:43","guid":{"rendered":"https:\/\/stagpartynight.com\/it\/?page_id=558"},"modified":"2020-04-15T20:30:43","modified_gmt":"2020-04-15T18:30:43","slug":"terms-conditions","status":"publish","type":"page","link":"https:\/\/stagpartynight.com\/it\/terms-conditions\/","title":{"rendered":"TERMS &#038; CONDITIONS"},"content":{"rendered":"<p>1. GENERAL DATA<\/p>\n<p><strong>Company name:<\/strong>\u00a0YOURE WELCOME DMC , SL<\/p>\n<p><strong>Chamber of Commerce registration number:<\/strong>\u00a0CIF B67592246<\/p>\n<p><strong>Head office:<\/strong>\u00a0Avenida Barcelona 57 , entresuelo despacho 6.\u00a0 CP 08191 Rubi ( Barcelona ).<\/p>\n<p><strong>Telephone:<\/strong>\u00a0+34604354224<\/p>\n<p><strong>Email:<\/strong> info@stagpartynight.com\/es<\/p>\n<p>2. CONDITIONS OF PROMOTION , SALE OF SERVICES , ACTIVITIES AND PACKS<\/p>\n<p>The conditions for contracting all services, activity and packages will be sent in writing and are established by the service providers and by the special conditions established as organizer and\/or commissioner of Your Welcome DMC , SL.<\/p>\n<p>3. BOOKINGS<\/p>\n<p>All groups will make a deposit as a guarantee of the service, activity or pack contracted, the rest of the payment will be made as agreed in the conditions that you will have in writing by email of these services. When you book with us you agree to pay the prices and conditions quoted at the time of booking. If you do not pay the full amount within the specified time, the reservation will be automatically cancelled and we have the right to keep the deposit made in the full amount of the reservation. In this case, you will be responsible for the cancellation. If the number of participants included in the pack, service or product initially reserved is not reached, those who have confirmed their place and made the reservation may be obliged to pay the full amount of the pack in order to maintain all the services, products or packs contracted as indicated in the reservation.<\/p>\n<p>4. PAYMENT METHODS<\/p>\n<p>Payments and reservations will be made by bank transfer to the account number attached to the email with the conditions, you can also pay by credit card or debit card from the website.<\/p>\n<p>5. CHANGES AND CANCELLATIONS<\/p>\n<p>Any modification or cancellation must be communicated in writing to the email info@stagpartynight.com\/es more communicate it by phone to the assigned commercial manager.<\/p>\n<p><strong>Management costs<\/strong>\u00a0, In all cases of modification, total or partial cancellation, a financial penalty will be charged as a \u00abmanagement fee\u00bb, with a minimum penalty of 20% of the total service, activity or pack contracted .<\/p>\n<p><strong>No presentation or delay of customer<\/strong>\u00a0,there will be a lack of presentation if the consumer does not show up on time and at the scheduled time and does not give sufficient notice of his absence or delay. In this case he loses the right to the service and the refund of the amounts delivered and continues to be obliged to pay those that are pending payment.<\/p>\n<p>If a complaint or problem arises during the service, activity or pack you should immediately call the Youre welcome DMC SL representative at the emergency contact number listed on your itinerary. If you do not call and report any problems or issues for us to resolve, we will not be held responsible for those complaints.<\/p>\n<p>6. CLAIMS<\/p>\n<p>Any claim between the reserved and received services must be communicated in writing both to Youre Welcome DMC SL and to the entity providing the final service. For this purpose, our e-mail address info@stagpartynight.com\/es plus the telephone number of the agency\u2019s assigned sales representative plus the corresponding complaint forms of the final service provider are available. All the services, activities or packages reserved by this agency may be subject to possible variation or changes for reasons beyond the agency\u2019s control. In this case, the agency will try to provide the services most similar to those contracted, informing the clients as far as possible.<\/p>\n<p>In case of cancellation of the service, activity or pack due to \u00bb force majeure \u00ab, the agency will return to the client the amount received to make the deposit minus the management fees.<\/p>\n<p>&nbsp;<\/p>\n<p><strong>ESPA\u00d1OL\u00a0<\/strong><\/p>\n<p>1. DATOS GENERALES<\/p>\n<p><strong>Nombre de la empresa:<\/strong>\u00a0YOURE WELCOME DMC , SL<\/p>\n<p><strong>N\u00famero de registro de la C\u00e1mara de Comercio:<\/strong>\u00a0CIF B67592246<\/p>\n<p><strong>La oficina central:<\/strong>\u00a0Avenida Barcelona 57, entresuelo despacho 6.\u00a0 CP 08191 Rub\u00ed ( Barcelona ).<\/p>\n<p><strong>Tel\u00e9fono:<\/strong>\u00a0+34604354224<\/p>\n<p><strong>Correo electr\u00f3nico:<\/strong> info@stagpartynight.com\/es<\/p>\n<p>2. CONDICIONES DE PROMOCI\u00d3N , VENTA DE SERVICIOS , ACTIVIDADES Y PAQUETES<\/p>\n<p>Las condiciones de contrataci\u00f3n de todos los servicios, actividades y paquetes se enviar\u00e1n por escrito y son establecidas por los prestadores de servicios y por las condiciones especiales establecidas como organizador y\/o comisionado de Your Welcome DMC , SL.<\/p>\n<p>3. RESERVAS<\/p>\n<p>Todos los grupos har\u00e1n un dep\u00f3sito como garant\u00eda del servicio, actividad o pack contratado, el resto del pago se har\u00e1 seg\u00fan lo acordado en las condiciones que tendr\u00e1 por escrito por correo electr\u00f3nico de estos servicios. Al reservar con nosotros se compromete a pagar los precios y condiciones indicados en el momento de la reserva. Si no paga la totalidad del importe en el plazo especificado, la reserva se cancelar\u00e1 autom\u00e1ticamente y tendremos derecho a conservar el dep\u00f3sito realizado\u00a0 por el importe total de la reserva. En este caso, usted ser\u00e1 responsable de la cancelaci\u00f3n. Si no se alcanza el n\u00famero de participantes incluidos en el pack, servicio o producto inicialmente reservado, aquellos que hayan confirmado su plaza y realizado la reserva podr\u00e1n ser obligados a pagar el importe total del pack para mantener todos los servicios, productos o packs contratados tal y como se indica en la reserva.<\/p>\n<p>4. M\u00c9TODOS DE PAGO<\/p>\n<p>Los pagos y las reservas se har\u00e1n por transferencia bancaria al n\u00famero de cuenta que se adjunta al correo electr\u00f3nico con las condiciones, tambi\u00e9n se puede pagar con tarjeta de cr\u00e9dito o de d\u00e9bito desde el sitio web.<\/p>\n<p>5. CAMBIOS Y CANCELACIONES<\/p>\n<p>Cualquier modificaci\u00f3n o cancelaci\u00f3n debe ser comunicada por escrito al correo electr\u00f3nico info@stagpartynight.com\/es m\u00e1s comunicarlo por tel\u00e9fono al gerente comercial asignado.<\/p>\n<p><strong>Gastos de gesti\u00f3n<\/strong>\u00a0, En todos los casos de modificaci\u00f3n, cancelaci\u00f3n total o parcial, se cobrar\u00e1 una penalizaci\u00f3n econ\u00f3mica en concepto de \u201cgastos de gesti\u00f3n\u201d, con una penalizaci\u00f3n m\u00ednima del 20% del total del servicio, actividad o pack contratado .<\/p>\n<p><strong>No presentaci\u00f3n o retraso del cliente<\/strong>\u00a0, habr\u00e1 falta de presentaci\u00f3n si el consumidor no se presenta a tiempo y a la hora prevista y no avisa con suficiente antelaci\u00f3n de su ausencia o retraso. En este caso pierde el derecho al servicio y a la devoluci\u00f3n de las cantidades entregadas y sigue obligado a pagar las que est\u00e1n pendientes de pago.<\/p>\n<p>Si surge alguna queja o problema durante el servicio, actividad o paquete debe llamar inmediatamente al representante de Youre welcome DMC SL al n\u00famero de contacto de emergencia que figura en su itinerario. Si no llama e informa de cualquier problema o asunto para que lo resolvamos, no nos haremos responsables de esas quejas.<\/p>\n<p>6. RECLAMACIONES<\/p>\n<p>Cualquier reclamaci\u00f3n entre los servicios reservados y los recibidos debe ser comunicada por escrito tanto a Youre Welcome DMC SL como a la entidad que presta el servicio final. Para ello se dispone de nuestra direcci\u00f3n de correo electr\u00f3nico info@stagpartynight.com\/es m\u00e1s el tel\u00e9fono del comercial asignado por la agencia y los correspondientes formularios de reclamaci\u00f3n del prestador del servicio final. Todos los servicios, actividades o paquetes reservados por esta agencia pueden estar sujetos a posibles variaciones o cambios por razones ajenas a la agencia. En este caso, la agencia tratar\u00e1 de prestar los servicios m\u00e1s parecidos a los contratados, informando a los clientes en la medida de lo posible.<\/p>\n<p>En caso de cancelaci\u00f3n del servicio, actividad o paquete por \u201cfuerza mayor\u201d, la agencia devolver\u00e1 al cliente la cantidad recibida para realizar el dep\u00f3sito menos los gastos de gesti\u00f3n.<\/p>\n<p>&nbsp;<\/p>\n","protected":false},"excerpt":{"rendered":"<p>1. GENERAL DATA Company name:\u00a0YOURE WELCOME DMC , SL Chamber of Commerce registration number:\u00a0CIF B67592246 Head office:\u00a0Avenida Barcelona 57 , entresuelo despacho 6.\u00a0 CP 08191 Rubi ( Barcelona ). Telephone:\u00a0+34604354224 Email: info@stagpartynight.com\/es 2. CONDITIONS OF PROMOTION , SALE OF SERVICES , ACTIVITIES AND PACKS The conditions for contracting all services, activity and packages will be [&hellip;]<\/p>\n","protected":false},"author":2,"featured_media":0,"parent":0,"menu_order":0,"comment_status":"closed","ping_status":"closed","template":"","meta":{"_et_pb_use_builder":"","_et_pb_old_content":"","_et_gb_content_width":"","footnotes":""},"class_list":["post-558","page","type-page","status-publish","hentry"],"yoast_head":"<!-- This site is optimized with the Yoast SEO plugin v26.4 - https:\/\/yoast.com\/wordpress\/plugins\/seo\/ -->\n<title>TERMS &amp; CONDITIONS - Addii - Scopri le idee pi\u00f9 originali per il tuo prossimo addio<\/title>\n<meta name=\"robots\" content=\"index, follow, max-snippet:-1, max-image-preview:large, max-video-preview:-1\" \/>\n<link rel=\"canonical\" href=\"https:\/\/stagpartynight.com\/it\/terms-conditions\/\" \/>\n<meta property=\"og:locale\" content=\"es_ES\" \/>\n<meta property=\"og:type\" content=\"article\" \/>\n<meta property=\"og:title\" content=\"TERMS &amp; CONDITIONS - Addii - Scopri le idee pi\u00f9 originali per il tuo prossimo addio\" \/>\n<meta property=\"og:description\" content=\"1. GENERAL DATA Company name:\u00a0YOURE WELCOME DMC , SL Chamber of Commerce registration number:\u00a0CIF B67592246 Head office:\u00a0Avenida Barcelona 57 , entresuelo despacho 6.\u00a0 CP 08191 Rubi ( Barcelona ). Telephone:\u00a0+34604354224 Email: info@stagpartynight.com\/es 2. CONDITIONS OF PROMOTION , SALE OF SERVICES , ACTIVITIES AND PACKS The conditions for contracting all services, activity and packages will be [&hellip;]\" \/>\n<meta property=\"og:url\" content=\"https:\/\/stagpartynight.com\/it\/terms-conditions\/\" \/>\n<meta property=\"og:site_name\" content=\"Addii - Scopri le idee pi\u00f9 originali per il tuo prossimo addio\" \/>\n<meta name=\"twitter:card\" content=\"summary_large_image\" \/>\n<meta name=\"twitter:label1\" content=\"Tiempo de lectura\" \/>\n\t<meta name=\"twitter:data1\" content=\"6 minutos\" \/>\n<script type=\"application\/ld+json\" class=\"yoast-schema-graph\">{\"@context\":\"https:\/\/schema.org\",\"@graph\":[{\"@type\":\"WebPage\",\"@id\":\"https:\/\/stagpartynight.com\/it\/terms-conditions\/\",\"url\":\"https:\/\/stagpartynight.com\/it\/terms-conditions\/\",\"name\":\"TERMS & CONDITIONS - Addii - Scopri le idee pi\u00f9 originali per il tuo prossimo addio\",\"isPartOf\":{\"@id\":\"https:\/\/stagpartynight.com\/it\/#website\"},\"datePublished\":\"2020-04-15T18:30:43+00:00\",\"breadcrumb\":{\"@id\":\"https:\/\/stagpartynight.com\/it\/terms-conditions\/#breadcrumb\"},\"inLanguage\":\"es\",\"potentialAction\":[{\"@type\":\"ReadAction\",\"target\":[\"https:\/\/stagpartynight.com\/it\/terms-conditions\/\"]}]},{\"@type\":\"BreadcrumbList\",\"@id\":\"https:\/\/stagpartynight.com\/it\/terms-conditions\/#breadcrumb\",\"itemListElement\":[{\"@type\":\"ListItem\",\"position\":1,\"name\":\"Home\",\"item\":\"https:\/\/stagpartynight.com\/it\/\"},{\"@type\":\"ListItem\",\"position\":2,\"name\":\"TERMS &#038; CONDITIONS\"}]},{\"@type\":\"WebSite\",\"@id\":\"https:\/\/stagpartynight.com\/it\/#website\",\"url\":\"https:\/\/stagpartynight.com\/it\/\",\"name\":\"Stag Party Night\",\"description\":\"Your Stag Party Customized\",\"publisher\":{\"@id\":\"https:\/\/stagpartynight.com\/it\/#organization\"},\"potentialAction\":[{\"@type\":\"SearchAction\",\"target\":{\"@type\":\"EntryPoint\",\"urlTemplate\":\"https:\/\/stagpartynight.com\/it\/?s={search_term_string}\"},\"query-input\":{\"@type\":\"PropertyValueSpecification\",\"valueRequired\":true,\"valueName\":\"search_term_string\"}}],\"inLanguage\":\"es\"},{\"@type\":\"Organization\",\"@id\":\"https:\/\/stagpartynight.com\/it\/#organization\",\"name\":\"Stag Party Night\",\"url\":\"https:\/\/stagpartynight.com\/it\/\",\"logo\":{\"@type\":\"ImageObject\",\"inLanguage\":\"es\",\"@id\":\"https:\/\/stagpartynight.com\/it\/#\/schema\/logo\/image\/\",\"url\":\"https:\/\/stagpartynight.com\/it\/wp-content\/uploads\/sites\/10\/2019\/12\/stagpartynight-e1578565505687.png\",\"contentUrl\":\"https:\/\/stagpartynight.com\/it\/wp-content\/uploads\/sites\/10\/2019\/12\/stagpartynight-e1578565505687.png\",\"width\":400,\"height\":400,\"caption\":\"Stag Party Night\"},\"image\":{\"@id\":\"https:\/\/stagpartynight.com\/it\/#\/schema\/logo\/image\/\"}}]}<\/script>\n<!-- \/ Yoast SEO plugin. -->","yoast_head_json":{"title":"TERMS & CONDITIONS - Addii - Scopri le idee pi\u00f9 originali per il tuo prossimo addio","robots":{"index":"index","follow":"follow","max-snippet":"max-snippet:-1","max-image-preview":"max-image-preview:large","max-video-preview":"max-video-preview:-1"},"canonical":"https:\/\/stagpartynight.com\/it\/terms-conditions\/","og_locale":"es_ES","og_type":"article","og_title":"TERMS & CONDITIONS - Addii - Scopri le idee pi\u00f9 originali per il tuo prossimo addio","og_description":"1. GENERAL DATA Company name:\u00a0YOURE WELCOME DMC , SL Chamber of Commerce registration number:\u00a0CIF B67592246 Head office:\u00a0Avenida Barcelona 57 , entresuelo despacho 6.\u00a0 CP 08191 Rubi ( Barcelona ). Telephone:\u00a0+34604354224 Email: info@stagpartynight.com\/es 2. CONDITIONS OF PROMOTION , SALE OF SERVICES , ACTIVITIES AND PACKS The conditions for contracting all services, activity and packages will be [&hellip;]","og_url":"https:\/\/stagpartynight.com\/it\/terms-conditions\/","og_site_name":"Addii - Scopri le idee pi\u00f9 originali per il tuo prossimo addio","twitter_card":"summary_large_image","twitter_misc":{"Tiempo de lectura":"6 minutos"},"schema":{"@context":"https:\/\/schema.org","@graph":[{"@type":"WebPage","@id":"https:\/\/stagpartynight.com\/it\/terms-conditions\/","url":"https:\/\/stagpartynight.com\/it\/terms-conditions\/","name":"TERMS & CONDITIONS - Addii - Scopri le idee pi\u00f9 originali per il tuo prossimo addio","isPartOf":{"@id":"https:\/\/stagpartynight.com\/it\/#website"},"datePublished":"2020-04-15T18:30:43+00:00","breadcrumb":{"@id":"https:\/\/stagpartynight.com\/it\/terms-conditions\/#breadcrumb"},"inLanguage":"es","potentialAction":[{"@type":"ReadAction","target":["https:\/\/stagpartynight.com\/it\/terms-conditions\/"]}]},{"@type":"BreadcrumbList","@id":"https:\/\/stagpartynight.com\/it\/terms-conditions\/#breadcrumb","itemListElement":[{"@type":"ListItem","position":1,"name":"Home","item":"https:\/\/stagpartynight.com\/it\/"},{"@type":"ListItem","position":2,"name":"TERMS &#038; CONDITIONS"}]},{"@type":"WebSite","@id":"https:\/\/stagpartynight.com\/it\/#website","url":"https:\/\/stagpartynight.com\/it\/","name":"Stag Party Night","description":"Your Stag Party Customized","publisher":{"@id":"https:\/\/stagpartynight.com\/it\/#organization"},"potentialAction":[{"@type":"SearchAction","target":{"@type":"EntryPoint","urlTemplate":"https:\/\/stagpartynight.com\/it\/?s={search_term_string}"},"query-input":{"@type":"PropertyValueSpecification","valueRequired":true,"valueName":"search_term_string"}}],"inLanguage":"es"},{"@type":"Organization","@id":"https:\/\/stagpartynight.com\/it\/#organization","name":"Stag Party Night","url":"https:\/\/stagpartynight.com\/it\/","logo":{"@type":"ImageObject","inLanguage":"es","@id":"https:\/\/stagpartynight.com\/it\/#\/schema\/logo\/image\/","url":"https:\/\/stagpartynight.com\/it\/wp-content\/uploads\/sites\/10\/2019\/12\/stagpartynight-e1578565505687.png","contentUrl":"https:\/\/stagpartynight.com\/it\/wp-content\/uploads\/sites\/10\/2019\/12\/stagpartynight-e1578565505687.png","width":400,"height":400,"caption":"Stag Party Night"},"image":{"@id":"https:\/\/stagpartynight.com\/it\/#\/schema\/logo\/image\/"}}]}},"_links":{"self":[{"href":"https:\/\/stagpartynight.com\/it\/wp-json\/wp\/v2\/pages\/558","targetHints":{"allow":["GET"]}}],"collection":[{"href":"https:\/\/stagpartynight.com\/it\/wp-json\/wp\/v2\/pages"}],"about":[{"href":"https:\/\/stagpartynight.com\/it\/wp-json\/wp\/v2\/types\/page"}],"author":[{"embeddable":true,"href":"https:\/\/stagpartynight.com\/it\/wp-json\/wp\/v2\/users\/2"}],"replies":[{"embeddable":true,"href":"https:\/\/stagpartynight.com\/it\/wp-json\/wp\/v2\/comments?post=558"}],"version-history":[{"count":2,"href":"https:\/\/stagpartynight.com\/it\/wp-json\/wp\/v2\/pages\/558\/revisions"}],"predecessor-version":[{"id":560,"href":"https:\/\/stagpartynight.com\/it\/wp-json\/wp\/v2\/pages\/558\/revisions\/560"}],"wp:attachment":[{"href":"https:\/\/stagpartynight.com\/it\/wp-json\/wp\/v2\/media?parent=558"}],"curies":[{"name":"wp","href":"https:\/\/api.w.org\/{rel}","templated":true}]}}