{"id":175,"date":"2020-01-06T13:05:49","date_gmt":"2020-01-06T12:05:49","guid":{"rendered":"https:\/\/stagpartynight.com\/it\/?post_type=product&#038;p=175"},"modified":"2021-03-10T16:33:19","modified_gmt":"2021-03-10T15:33:19","slug":"flyboard-oporto","status":"publish","type":"product","link":"https:\/\/stagpartynight.com\/it\/product\/flyboard-oporto\/","title":{"rendered":"Flyboard Oporto"},"content":{"rendered":"<p>Attivit\u00e0 in acqua di 15-20 minuti galleggiando nell&#8217;acqua. Include il trasporto privato da e per l&#8217;attivit\u00e0 cos\u00ec come l&#8217;istruttore locale e il materiale necessario per svolgere l&#8217;attivit\u00e0 inclusa.<\/p>\n","protected":false},"excerpt":{"rendered":"<p>Attivit\u00e0 in acqua di 15-20 minuti galleggiando nell&#8217;acqua. Include il trasporto privato da e per l&#8217;attivit\u00e0 cos\u00ec come l&#8217;istruttore locale e il materiale necessario per svolgere l&#8217;attivit\u00e0 inclusa.<\/p>\n","protected":false},"featured_media":176,"comment_status":"open","ping_status":"closed","template":"","meta":{"_et_pb_use_builder":"","_et_pb_old_content":"","_et_gb_content_width":""},"product_brand":[],"product_cat":[20],"product_tag":[1103,1105,1104],"class_list":{"0":"post-175","1":"product","2":"type-product","3":"status-publish","4":"has-post-thumbnail","6":"product_cat-oporto","7":"product_tag-attivita-acquatiche-a-porto","8":"product_tag-flyboard-oporto","9":"product_tag-flyboard-porto","11":"first","12":"instock","13":"virtual","14":"product-type-simple"},"yoast_head":"<!-- This site is optimized with the Yoast SEO plugin v26.4 - https:\/\/yoast.com\/wordpress\/plugins\/seo\/ -->\n<title>Flyboard Oporto - Flyboard Porto - Attivit\u00e0 acquatiche a Porto<\/title>\n<meta name=\"description\" content=\"Flyboard Oporto - Attivit\u00e0 in acqua di 15-20 minuti galleggiando nell&#039;acqua. Include il trasporto privato da e per l&#039;attivit\u00e0 cos\u00ec come l&#039;istruttore locale e il materiale necessario per svolgere l&#039;attivit\u00e0 inclusa.\" \/>\n<meta name=\"robots\" content=\"index, follow, max-snippet:-1, max-image-preview:large, max-video-preview:-1\" \/>\n<link rel=\"canonical\" href=\"https:\/\/stagpartynight.com\/it\/product\/flyboard-oporto\/\" \/>\n<meta property=\"og:locale\" content=\"es_ES\" \/>\n<meta property=\"og:type\" content=\"article\" \/>\n<meta property=\"og:title\" content=\"Flyboard Oporto - Flyboard Porto - Attivit\u00e0 acquatiche a Porto\" \/>\n<meta property=\"og:description\" content=\"Flyboard Oporto - Attivit\u00e0 in acqua di 15-20 minuti galleggiando nell&#039;acqua. Include il trasporto privato da e per l&#039;attivit\u00e0 cos\u00ec come l&#039;istruttore locale e il materiale necessario per svolgere l&#039;attivit\u00e0 inclusa.\" \/>\n<meta property=\"og:url\" content=\"https:\/\/stagpartynight.com\/it\/product\/flyboard-oporto\/\" \/>\n<meta property=\"og:site_name\" content=\"Addii - Scopri le idee pi\u00f9 originali per il tuo prossimo addio\" \/>\n<meta property=\"article:modified_time\" content=\"2021-03-10T15:33:19+00:00\" \/>\n<meta property=\"og:image\" content=\"https:\/\/stagpartynight.com\/it\/wp-content\/uploads\/sites\/10\/2020\/01\/Flyboard-Oporto.jpg\" \/>\n\t<meta property=\"og:image:width\" content=\"640\" \/>\n\t<meta property=\"og:image:height\" content=\"353\" \/>\n\t<meta property=\"og:image:type\" content=\"image\/jpeg\" \/>\n<meta name=\"twitter:card\" content=\"summary_large_image\" \/>\n<meta name=\"twitter:label1\" content=\"Tiempo de lectura\" \/>\n\t<meta name=\"twitter:data1\" content=\"1 minuto\" \/>\n<script type=\"application\/ld+json\" class=\"yoast-schema-graph\">{\"@context\":\"https:\/\/schema.org\",\"@graph\":[{\"@type\":\"WebPage\",\"@id\":\"https:\/\/stagpartynight.com\/it\/product\/flyboard-oporto\/\",\"url\":\"https:\/\/stagpartynight.com\/it\/product\/flyboard-oporto\/\",\"name\":\"Flyboard Oporto - Flyboard Porto - Attivit\u00e0 acquatiche a Porto\",\"isPartOf\":{\"@id\":\"https:\/\/stagpartynight.com\/it\/#website\"},\"primaryImageOfPage\":{\"@id\":\"https:\/\/stagpartynight.com\/it\/product\/flyboard-oporto\/#primaryimage\"},\"image\":{\"@id\":\"https:\/\/stagpartynight.com\/it\/product\/flyboard-oporto\/#primaryimage\"},\"thumbnailUrl\":\"https:\/\/stagpartynight.com\/it\/wp-content\/uploads\/sites\/10\/2020\/01\/Flyboard-Oporto.jpg\",\"datePublished\":\"2020-01-06T12:05:49+00:00\",\"dateModified\":\"2021-03-10T15:33:19+00:00\",\"description\":\"Flyboard Oporto - Attivit\u00e0 in acqua di 15-20 minuti galleggiando nell'acqua. Include il trasporto privato da e per l'attivit\u00e0 cos\u00ec come l'istruttore locale e il materiale necessario per svolgere l'attivit\u00e0 inclusa.\",\"breadcrumb\":{\"@id\":\"https:\/\/stagpartynight.com\/it\/product\/flyboard-oporto\/#breadcrumb\"},\"inLanguage\":\"es\",\"potentialAction\":[{\"@type\":\"ReadAction\",\"target\":[\"https:\/\/stagpartynight.com\/it\/product\/flyboard-oporto\/\"]}]},{\"@type\":\"ImageObject\",\"inLanguage\":\"es\",\"@id\":\"https:\/\/stagpartynight.com\/it\/product\/flyboard-oporto\/#primaryimage\",\"url\":\"https:\/\/stagpartynight.com\/it\/wp-content\/uploads\/sites\/10\/2020\/01\/Flyboard-Oporto.jpg\",\"contentUrl\":\"https:\/\/stagpartynight.com\/it\/wp-content\/uploads\/sites\/10\/2020\/01\/Flyboard-Oporto.jpg\",\"width\":640,\"height\":353},{\"@type\":\"BreadcrumbList\",\"@id\":\"https:\/\/stagpartynight.com\/it\/product\/flyboard-oporto\/#breadcrumb\",\"itemListElement\":[{\"@type\":\"ListItem\",\"position\":1,\"name\":\"Home\",\"item\":\"https:\/\/stagpartynight.com\/it\/\"},{\"@type\":\"ListItem\",\"position\":2,\"name\":\"Tienda\",\"item\":\"https:\/\/stagpartynight.com\/it\/tienda\/\"},{\"@type\":\"ListItem\",\"position\":3,\"name\":\"Flyboard Oporto\"}]},{\"@type\":\"WebSite\",\"@id\":\"https:\/\/stagpartynight.com\/it\/#website\",\"url\":\"https:\/\/stagpartynight.com\/it\/\",\"name\":\"Stag Party Night\",\"description\":\"Your Stag Party Customized\",\"publisher\":{\"@id\":\"https:\/\/stagpartynight.com\/it\/#organization\"},\"potentialAction\":[{\"@type\":\"SearchAction\",\"target\":{\"@type\":\"EntryPoint\",\"urlTemplate\":\"https:\/\/stagpartynight.com\/it\/?s={search_term_string}\"},\"query-input\":{\"@type\":\"PropertyValueSpecification\",\"valueRequired\":true,\"valueName\":\"search_term_string\"}}],\"inLanguage\":\"es\"},{\"@type\":\"Organization\",\"@id\":\"https:\/\/stagpartynight.com\/it\/#organization\",\"name\":\"Stag Party Night\",\"url\":\"https:\/\/stagpartynight.com\/it\/\",\"logo\":{\"@type\":\"ImageObject\",\"inLanguage\":\"es\",\"@id\":\"https:\/\/stagpartynight.com\/it\/#\/schema\/logo\/image\/\",\"url\":\"https:\/\/stagpartynight.com\/it\/wp-content\/uploads\/sites\/10\/2019\/12\/stagpartynight-e1578565505687.png\",\"contentUrl\":\"https:\/\/stagpartynight.com\/it\/wp-content\/uploads\/sites\/10\/2019\/12\/stagpartynight-e1578565505687.png\",\"width\":400,\"height\":400,\"caption\":\"Stag Party Night\"},\"image\":{\"@id\":\"https:\/\/stagpartynight.com\/it\/#\/schema\/logo\/image\/\"}}]}<\/script>\n<!-- \/ Yoast SEO plugin. -->","yoast_head_json":{"title":"Flyboard Oporto - Flyboard Porto - Attivit\u00e0 acquatiche a Porto","description":"Flyboard Oporto - Attivit\u00e0 in acqua di 15-20 minuti galleggiando nell'acqua. Include il trasporto privato da e per l'attivit\u00e0 cos\u00ec come l'istruttore locale e il materiale necessario per svolgere l'attivit\u00e0 inclusa.","robots":{"index":"index","follow":"follow","max-snippet":"max-snippet:-1","max-image-preview":"max-image-preview:large","max-video-preview":"max-video-preview:-1"},"canonical":"https:\/\/stagpartynight.com\/it\/product\/flyboard-oporto\/","og_locale":"es_ES","og_type":"article","og_title":"Flyboard Oporto - Flyboard Porto - Attivit\u00e0 acquatiche a Porto","og_description":"Flyboard Oporto - Attivit\u00e0 in acqua di 15-20 minuti galleggiando nell'acqua. Include il trasporto privato da e per l'attivit\u00e0 cos\u00ec come l'istruttore locale e il materiale necessario per svolgere l'attivit\u00e0 inclusa.","og_url":"https:\/\/stagpartynight.com\/it\/product\/flyboard-oporto\/","og_site_name":"Addii - Scopri le idee pi\u00f9 originali per il tuo prossimo addio","article_modified_time":"2021-03-10T15:33:19+00:00","og_image":[{"width":640,"height":353,"url":"https:\/\/stagpartynight.com\/it\/wp-content\/uploads\/sites\/10\/2020\/01\/Flyboard-Oporto.jpg","type":"image\/jpeg"}],"twitter_card":"summary_large_image","twitter_misc":{"Tiempo de lectura":"1 minuto"},"schema":{"@context":"https:\/\/schema.org","@graph":[{"@type":"WebPage","@id":"https:\/\/stagpartynight.com\/it\/product\/flyboard-oporto\/","url":"https:\/\/stagpartynight.com\/it\/product\/flyboard-oporto\/","name":"Flyboard Oporto - Flyboard Porto - Attivit\u00e0 acquatiche a Porto","isPartOf":{"@id":"https:\/\/stagpartynight.com\/it\/#website"},"primaryImageOfPage":{"@id":"https:\/\/stagpartynight.com\/it\/product\/flyboard-oporto\/#primaryimage"},"image":{"@id":"https:\/\/stagpartynight.com\/it\/product\/flyboard-oporto\/#primaryimage"},"thumbnailUrl":"https:\/\/stagpartynight.com\/it\/wp-content\/uploads\/sites\/10\/2020\/01\/Flyboard-Oporto.jpg","datePublished":"2020-01-06T12:05:49+00:00","dateModified":"2021-03-10T15:33:19+00:00","description":"Flyboard Oporto - Attivit\u00e0 in acqua di 15-20 minuti galleggiando nell'acqua. Include il trasporto privato da e per l'attivit\u00e0 cos\u00ec come l'istruttore locale e il materiale necessario per svolgere l'attivit\u00e0 inclusa.","breadcrumb":{"@id":"https:\/\/stagpartynight.com\/it\/product\/flyboard-oporto\/#breadcrumb"},"inLanguage":"es","potentialAction":[{"@type":"ReadAction","target":["https:\/\/stagpartynight.com\/it\/product\/flyboard-oporto\/"]}]},{"@type":"ImageObject","inLanguage":"es","@id":"https:\/\/stagpartynight.com\/it\/product\/flyboard-oporto\/#primaryimage","url":"https:\/\/stagpartynight.com\/it\/wp-content\/uploads\/sites\/10\/2020\/01\/Flyboard-Oporto.jpg","contentUrl":"https:\/\/stagpartynight.com\/it\/wp-content\/uploads\/sites\/10\/2020\/01\/Flyboard-Oporto.jpg","width":640,"height":353},{"@type":"BreadcrumbList","@id":"https:\/\/stagpartynight.com\/it\/product\/flyboard-oporto\/#breadcrumb","itemListElement":[{"@type":"ListItem","position":1,"name":"Home","item":"https:\/\/stagpartynight.com\/it\/"},{"@type":"ListItem","position":2,"name":"Tienda","item":"https:\/\/stagpartynight.com\/it\/tienda\/"},{"@type":"ListItem","position":3,"name":"Flyboard Oporto"}]},{"@type":"WebSite","@id":"https:\/\/stagpartynight.com\/it\/#website","url":"https:\/\/stagpartynight.com\/it\/","name":"Stag Party Night","description":"Your Stag Party Customized","publisher":{"@id":"https:\/\/stagpartynight.com\/it\/#organization"},"potentialAction":[{"@type":"SearchAction","target":{"@type":"EntryPoint","urlTemplate":"https:\/\/stagpartynight.com\/it\/?s={search_term_string}"},"query-input":{"@type":"PropertyValueSpecification","valueRequired":true,"valueName":"search_term_string"}}],"inLanguage":"es"},{"@type":"Organization","@id":"https:\/\/stagpartynight.com\/it\/#organization","name":"Stag Party Night","url":"https:\/\/stagpartynight.com\/it\/","logo":{"@type":"ImageObject","inLanguage":"es","@id":"https:\/\/stagpartynight.com\/it\/#\/schema\/logo\/image\/","url":"https:\/\/stagpartynight.com\/it\/wp-content\/uploads\/sites\/10\/2019\/12\/stagpartynight-e1578565505687.png","contentUrl":"https:\/\/stagpartynight.com\/it\/wp-content\/uploads\/sites\/10\/2019\/12\/stagpartynight-e1578565505687.png","width":400,"height":400,"caption":"Stag Party Night"},"image":{"@id":"https:\/\/stagpartynight.com\/it\/#\/schema\/logo\/image\/"}}]}},"_links":{"self":[{"href":"https:\/\/stagpartynight.com\/it\/wp-json\/wp\/v2\/product\/175","targetHints":{"allow":["GET"]}}],"collection":[{"href":"https:\/\/stagpartynight.com\/it\/wp-json\/wp\/v2\/product"}],"about":[{"href":"https:\/\/stagpartynight.com\/it\/wp-json\/wp\/v2\/types\/product"}],"replies":[{"embeddable":true,"href":"https:\/\/stagpartynight.com\/it\/wp-json\/wp\/v2\/comments?post=175"}],"wp:featuredmedia":[{"embeddable":true,"href":"https:\/\/stagpartynight.com\/it\/wp-json\/wp\/v2\/media\/176"}],"wp:attachment":[{"href":"https:\/\/stagpartynight.com\/it\/wp-json\/wp\/v2\/media?parent=175"}],"wp:term":[{"taxonomy":"product_brand","embeddable":true,"href":"https:\/\/stagpartynight.com\/it\/wp-json\/wp\/v2\/product_brand?post=175"},{"taxonomy":"product_cat","embeddable":true,"href":"https:\/\/stagpartynight.com\/it\/wp-json\/wp\/v2\/product_cat?post=175"},{"taxonomy":"product_tag","embeddable":true,"href":"https:\/\/stagpartynight.com\/it\/wp-json\/wp\/v2\/product_tag?post=175"}],"curies":[{"name":"wp","href":"https:\/\/api.w.org\/{rel}","templated":true}]}}