{"id":200,"date":"2020-01-08T12:14:32","date_gmt":"2020-01-08T11:14:32","guid":{"rendered":"https:\/\/stagpartynight.com\/it\/?post_type=product&#038;p=200"},"modified":"2021-03-09T18:10:25","modified_gmt":"2021-03-09T17:10:25","slug":"spogliarelliste-lesbiche-a-barcellona","status":"publish","type":"product","link":"https:\/\/stagpartynight.com\/it\/product\/spogliarelliste-lesbiche-a-barcellona\/","title":{"rendered":"Spogliarelliste lesbiche a Barcellona"},"content":{"rendered":"<p>Momento speciale e unico, dove lo sposo non dimenticher\u00e0 mai questo giorno. Spettacolo erotico, festivo e partecipativo per pi\u00f9 persone del gruppo se lo si desidera. Scelta del profilo delle ragazze che con la loro sensualit\u00e0, erotismo ed eleganza fanno uno spettacolo consigliato. Possibilit\u00e0 di esibirsi nel vostro appartamento, limousine, ristorante o bar con sala privata.<\/p>\n","protected":false},"excerpt":{"rendered":"<p>Momento speciale e unico, dove lo sposo non dimenticher\u00e0 mai questo giorno. Spettacolo erotico, festivo e partecipativo per pi\u00f9 persone del gruppo se lo si desidera. Scelta del profilo delle ragazze che con la loro sensualit\u00e0, erotismo ed eleganza fanno uno spettacolo consigliato. Possibilit\u00e0 di esibirsi nel vostro appartamento, limousine, ristorante o bar con sala privata.<\/p>\n","protected":false},"featured_media":2288,"comment_status":"open","ping_status":"closed","template":"","meta":{"_et_pb_use_builder":"","_et_pb_old_content":"","_et_gb_content_width":""},"product_brand":[],"product_cat":[68],"product_tag":[75,1086],"class_list":{"0":"post-200","1":"product","2":"type-product","3":"status-publish","4":"has-post-thumbnail","6":"product_cat-barcelona","7":"product_tag-lesbian-show-barcelona","8":"product_tag-spogliarelliste-lesbiche-a-barcellona","10":"first","11":"instock","12":"virtual","13":"product-type-simple"},"yoast_head":"<!-- This site is optimized with the Yoast SEO plugin v26.4 - https:\/\/yoast.com\/wordpress\/plugins\/seo\/ -->\n<title>Spogliarelliste lesbiche a Barcellona - Lesbian Show Barcelona<\/title>\n<meta name=\"description\" content=\"Spogliarelliste lesbiche a Barcellona per il tuo prossimo addio al celibato. Momento unico, speciale e spettacolare con due super Girls esplosive e piccanti.\" \/>\n<meta name=\"robots\" content=\"index, follow, max-snippet:-1, max-image-preview:large, max-video-preview:-1\" \/>\n<link rel=\"canonical\" href=\"https:\/\/stagpartynight.com\/it\/product\/spogliarelliste-lesbiche-a-barcellona\/\" \/>\n<meta property=\"og:locale\" content=\"es_ES\" \/>\n<meta property=\"og:type\" content=\"article\" \/>\n<meta property=\"og:title\" content=\"Spogliarelliste lesbiche a Barcellona - Lesbian Show Barcelona\" \/>\n<meta property=\"og:description\" content=\"Spogliarelliste lesbiche a Barcellona per il tuo prossimo addio al celibato. Momento unico, speciale e spettacolare con due super Girls esplosive e piccanti.\" \/>\n<meta property=\"og:url\" content=\"https:\/\/stagpartynight.com\/it\/product\/spogliarelliste-lesbiche-a-barcellona\/\" \/>\n<meta property=\"og:site_name\" content=\"Addii - Scopri le idee pi\u00f9 originali per il tuo prossimo addio\" \/>\n<meta property=\"article:modified_time\" content=\"2021-03-09T17:10:25+00:00\" \/>\n<meta property=\"og:image\" content=\"https:\/\/stagpartynight.com\/it\/wp-content\/uploads\/sites\/10\/2021\/01\/lesbian-show.jpg\" \/>\n\t<meta property=\"og:image:width\" content=\"919\" \/>\n\t<meta property=\"og:image:height\" content=\"1074\" \/>\n\t<meta property=\"og:image:type\" content=\"image\/jpeg\" \/>\n<meta name=\"twitter:card\" content=\"summary_large_image\" \/>\n<meta name=\"twitter:label1\" content=\"Tiempo de lectura\" \/>\n\t<meta name=\"twitter:data1\" content=\"1 minuto\" \/>\n<script type=\"application\/ld+json\" class=\"yoast-schema-graph\">{\"@context\":\"https:\/\/schema.org\",\"@graph\":[{\"@type\":\"WebPage\",\"@id\":\"https:\/\/stagpartynight.com\/it\/product\/spogliarelliste-lesbiche-a-barcellona\/\",\"url\":\"https:\/\/stagpartynight.com\/it\/product\/spogliarelliste-lesbiche-a-barcellona\/\",\"name\":\"Spogliarelliste lesbiche a Barcellona - Lesbian Show Barcelona\",\"isPartOf\":{\"@id\":\"https:\/\/stagpartynight.com\/it\/#website\"},\"primaryImageOfPage\":{\"@id\":\"https:\/\/stagpartynight.com\/it\/product\/spogliarelliste-lesbiche-a-barcellona\/#primaryimage\"},\"image\":{\"@id\":\"https:\/\/stagpartynight.com\/it\/product\/spogliarelliste-lesbiche-a-barcellona\/#primaryimage\"},\"thumbnailUrl\":\"https:\/\/stagpartynight.com\/it\/wp-content\/uploads\/sites\/10\/2021\/01\/lesbian-show.jpg\",\"datePublished\":\"2020-01-08T11:14:32+00:00\",\"dateModified\":\"2021-03-09T17:10:25+00:00\",\"description\":\"Spogliarelliste lesbiche a Barcellona per il tuo prossimo addio al celibato. Momento unico, speciale e spettacolare con due super Girls esplosive e piccanti.\",\"breadcrumb\":{\"@id\":\"https:\/\/stagpartynight.com\/it\/product\/spogliarelliste-lesbiche-a-barcellona\/#breadcrumb\"},\"inLanguage\":\"es\",\"potentialAction\":[{\"@type\":\"ReadAction\",\"target\":[\"https:\/\/stagpartynight.com\/it\/product\/spogliarelliste-lesbiche-a-barcellona\/\"]}]},{\"@type\":\"ImageObject\",\"inLanguage\":\"es\",\"@id\":\"https:\/\/stagpartynight.com\/it\/product\/spogliarelliste-lesbiche-a-barcellona\/#primaryimage\",\"url\":\"https:\/\/stagpartynight.com\/it\/wp-content\/uploads\/sites\/10\/2021\/01\/lesbian-show.jpg\",\"contentUrl\":\"https:\/\/stagpartynight.com\/it\/wp-content\/uploads\/sites\/10\/2021\/01\/lesbian-show.jpg\",\"width\":919,\"height\":1074,\"caption\":\"Spogliarello Lesbico a Maiorca\"},{\"@type\":\"BreadcrumbList\",\"@id\":\"https:\/\/stagpartynight.com\/it\/product\/spogliarelliste-lesbiche-a-barcellona\/#breadcrumb\",\"itemListElement\":[{\"@type\":\"ListItem\",\"position\":1,\"name\":\"Home\",\"item\":\"https:\/\/stagpartynight.com\/it\/\"},{\"@type\":\"ListItem\",\"position\":2,\"name\":\"Tienda\",\"item\":\"https:\/\/stagpartynight.com\/it\/tienda\/\"},{\"@type\":\"ListItem\",\"position\":3,\"name\":\"Spogliarelliste lesbiche a Barcellona\"}]},{\"@type\":\"WebSite\",\"@id\":\"https:\/\/stagpartynight.com\/it\/#website\",\"url\":\"https:\/\/stagpartynight.com\/it\/\",\"name\":\"Stag Party Night\",\"description\":\"Your Stag Party Customized\",\"publisher\":{\"@id\":\"https:\/\/stagpartynight.com\/it\/#organization\"},\"potentialAction\":[{\"@type\":\"SearchAction\",\"target\":{\"@type\":\"EntryPoint\",\"urlTemplate\":\"https:\/\/stagpartynight.com\/it\/?s={search_term_string}\"},\"query-input\":{\"@type\":\"PropertyValueSpecification\",\"valueRequired\":true,\"valueName\":\"search_term_string\"}}],\"inLanguage\":\"es\"},{\"@type\":\"Organization\",\"@id\":\"https:\/\/stagpartynight.com\/it\/#organization\",\"name\":\"Stag Party Night\",\"url\":\"https:\/\/stagpartynight.com\/it\/\",\"logo\":{\"@type\":\"ImageObject\",\"inLanguage\":\"es\",\"@id\":\"https:\/\/stagpartynight.com\/it\/#\/schema\/logo\/image\/\",\"url\":\"https:\/\/stagpartynight.com\/it\/wp-content\/uploads\/sites\/10\/2019\/12\/stagpartynight-e1578565505687.png\",\"contentUrl\":\"https:\/\/stagpartynight.com\/it\/wp-content\/uploads\/sites\/10\/2019\/12\/stagpartynight-e1578565505687.png\",\"width\":400,\"height\":400,\"caption\":\"Stag Party Night\"},\"image\":{\"@id\":\"https:\/\/stagpartynight.com\/it\/#\/schema\/logo\/image\/\"}}]}<\/script>\n<!-- \/ Yoast SEO plugin. -->","yoast_head_json":{"title":"Spogliarelliste lesbiche a Barcellona - Lesbian Show Barcelona","description":"Spogliarelliste lesbiche a Barcellona per il tuo prossimo addio al celibato. Momento unico, speciale e spettacolare con due super Girls esplosive e piccanti.","robots":{"index":"index","follow":"follow","max-snippet":"max-snippet:-1","max-image-preview":"max-image-preview:large","max-video-preview":"max-video-preview:-1"},"canonical":"https:\/\/stagpartynight.com\/it\/product\/spogliarelliste-lesbiche-a-barcellona\/","og_locale":"es_ES","og_type":"article","og_title":"Spogliarelliste lesbiche a Barcellona - Lesbian Show Barcelona","og_description":"Spogliarelliste lesbiche a Barcellona per il tuo prossimo addio al celibato. Momento unico, speciale e spettacolare con due super Girls esplosive e piccanti.","og_url":"https:\/\/stagpartynight.com\/it\/product\/spogliarelliste-lesbiche-a-barcellona\/","og_site_name":"Addii - Scopri le idee pi\u00f9 originali per il tuo prossimo addio","article_modified_time":"2021-03-09T17:10:25+00:00","og_image":[{"width":919,"height":1074,"url":"https:\/\/stagpartynight.com\/it\/wp-content\/uploads\/sites\/10\/2021\/01\/lesbian-show.jpg","type":"image\/jpeg"}],"twitter_card":"summary_large_image","twitter_misc":{"Tiempo de lectura":"1 minuto"},"schema":{"@context":"https:\/\/schema.org","@graph":[{"@type":"WebPage","@id":"https:\/\/stagpartynight.com\/it\/product\/spogliarelliste-lesbiche-a-barcellona\/","url":"https:\/\/stagpartynight.com\/it\/product\/spogliarelliste-lesbiche-a-barcellona\/","name":"Spogliarelliste lesbiche a Barcellona - Lesbian Show Barcelona","isPartOf":{"@id":"https:\/\/stagpartynight.com\/it\/#website"},"primaryImageOfPage":{"@id":"https:\/\/stagpartynight.com\/it\/product\/spogliarelliste-lesbiche-a-barcellona\/#primaryimage"},"image":{"@id":"https:\/\/stagpartynight.com\/it\/product\/spogliarelliste-lesbiche-a-barcellona\/#primaryimage"},"thumbnailUrl":"https:\/\/stagpartynight.com\/it\/wp-content\/uploads\/sites\/10\/2021\/01\/lesbian-show.jpg","datePublished":"2020-01-08T11:14:32+00:00","dateModified":"2021-03-09T17:10:25+00:00","description":"Spogliarelliste lesbiche a Barcellona per il tuo prossimo addio al celibato. Momento unico, speciale e spettacolare con due super Girls esplosive e piccanti.","breadcrumb":{"@id":"https:\/\/stagpartynight.com\/it\/product\/spogliarelliste-lesbiche-a-barcellona\/#breadcrumb"},"inLanguage":"es","potentialAction":[{"@type":"ReadAction","target":["https:\/\/stagpartynight.com\/it\/product\/spogliarelliste-lesbiche-a-barcellona\/"]}]},{"@type":"ImageObject","inLanguage":"es","@id":"https:\/\/stagpartynight.com\/it\/product\/spogliarelliste-lesbiche-a-barcellona\/#primaryimage","url":"https:\/\/stagpartynight.com\/it\/wp-content\/uploads\/sites\/10\/2021\/01\/lesbian-show.jpg","contentUrl":"https:\/\/stagpartynight.com\/it\/wp-content\/uploads\/sites\/10\/2021\/01\/lesbian-show.jpg","width":919,"height":1074,"caption":"Spogliarello Lesbico a Maiorca"},{"@type":"BreadcrumbList","@id":"https:\/\/stagpartynight.com\/it\/product\/spogliarelliste-lesbiche-a-barcellona\/#breadcrumb","itemListElement":[{"@type":"ListItem","position":1,"name":"Home","item":"https:\/\/stagpartynight.com\/it\/"},{"@type":"ListItem","position":2,"name":"Tienda","item":"https:\/\/stagpartynight.com\/it\/tienda\/"},{"@type":"ListItem","position":3,"name":"Spogliarelliste lesbiche a Barcellona"}]},{"@type":"WebSite","@id":"https:\/\/stagpartynight.com\/it\/#website","url":"https:\/\/stagpartynight.com\/it\/","name":"Stag Party Night","description":"Your Stag Party Customized","publisher":{"@id":"https:\/\/stagpartynight.com\/it\/#organization"},"potentialAction":[{"@type":"SearchAction","target":{"@type":"EntryPoint","urlTemplate":"https:\/\/stagpartynight.com\/it\/?s={search_term_string}"},"query-input":{"@type":"PropertyValueSpecification","valueRequired":true,"valueName":"search_term_string"}}],"inLanguage":"es"},{"@type":"Organization","@id":"https:\/\/stagpartynight.com\/it\/#organization","name":"Stag Party Night","url":"https:\/\/stagpartynight.com\/it\/","logo":{"@type":"ImageObject","inLanguage":"es","@id":"https:\/\/stagpartynight.com\/it\/#\/schema\/logo\/image\/","url":"https:\/\/stagpartynight.com\/it\/wp-content\/uploads\/sites\/10\/2019\/12\/stagpartynight-e1578565505687.png","contentUrl":"https:\/\/stagpartynight.com\/it\/wp-content\/uploads\/sites\/10\/2019\/12\/stagpartynight-e1578565505687.png","width":400,"height":400,"caption":"Stag Party Night"},"image":{"@id":"https:\/\/stagpartynight.com\/it\/#\/schema\/logo\/image\/"}}]}},"_links":{"self":[{"href":"https:\/\/stagpartynight.com\/it\/wp-json\/wp\/v2\/product\/200","targetHints":{"allow":["GET"]}}],"collection":[{"href":"https:\/\/stagpartynight.com\/it\/wp-json\/wp\/v2\/product"}],"about":[{"href":"https:\/\/stagpartynight.com\/it\/wp-json\/wp\/v2\/types\/product"}],"replies":[{"embeddable":true,"href":"https:\/\/stagpartynight.com\/it\/wp-json\/wp\/v2\/comments?post=200"}],"wp:featuredmedia":[{"embeddable":true,"href":"https:\/\/stagpartynight.com\/it\/wp-json\/wp\/v2\/media\/2288"}],"wp:attachment":[{"href":"https:\/\/stagpartynight.com\/it\/wp-json\/wp\/v2\/media?parent=200"}],"wp:term":[{"taxonomy":"product_brand","embeddable":true,"href":"https:\/\/stagpartynight.com\/it\/wp-json\/wp\/v2\/product_brand?post=200"},{"taxonomy":"product_cat","embeddable":true,"href":"https:\/\/stagpartynight.com\/it\/wp-json\/wp\/v2\/product_cat?post=200"},{"taxonomy":"product_tag","embeddable":true,"href":"https:\/\/stagpartynight.com\/it\/wp-json\/wp\/v2\/product_tag?post=200"}],"curies":[{"name":"wp","href":"https:\/\/api.w.org\/{rel}","templated":true}]}}