{"id":2024,"date":"2021-01-08T10:51:40","date_gmt":"2021-01-08T09:51:40","guid":{"rendered":"https:\/\/stagpartynight.com\/it\/?post_type=product&#038;p=2024"},"modified":"2024-01-18T12:09:56","modified_gmt":"2024-01-18T11:09:56","slug":"trasporto-privato-maiorca","status":"publish","type":"product","link":"https:\/\/stagpartynight.com\/it\/product\/trasporto-privato-maiorca\/","title":{"rendered":"Trasporto privato Maiorca"},"content":{"rendered":"<p>Trasporto Privato Maiorca. Trasporto privato per il tuo gruppo a Maiorca. Possibilit\u00e0 di aggiungere ulteriori servizi.<\/p>\n<p>Le migliori feste di addio al celibato con <a href=\"https:\/\/stagpartynight.com\/\">StagParty<\/a>!<\/p>\n<h2 style=\"text-align: center;\">\ud83c\udf1f Trasporto Privato Maiorca<\/h2>\n<h4 style=\"text-align: left;\">\nViaggia con Stile a Mallorca! \ud83d\ude97<\/h4>\n<p>Stanco dello stress della guida in vacanza? Lasciaci prendere il volante! Con la nostra agenzia, scopri i migliori trasporti privati per te e il tuo gruppo a Maiorca.<\/p>\n<p>\ud83c\udf34 Dimentica lo Stress della Guida: Le vacanze sono fatte per rilassarsi, non per preoccuparsi del traffico. Prenota i nostri trasferimenti privati e lasciaci guidarti, che tu debba andare dall&#8217;aeroporto di Maiorca al tuo alloggio o alle discoteche e alle attivit\u00e0 imperdibili dell&#8217;isola.<\/p>\n<p>\u2708\ufe0f Dal Terminal alla Tua Destinazione: Dal momento in cui atterri, il nostro team dedicato \u00e8 pronto ad accoglierti. Evita le complicazioni e lasciaci organizzare il tuo trasporto, che si tratti di eleganti auto o spaziosi autobus, a seconda delle dimensioni del tuo gruppo.<\/p>\n<p>\ud83c\udf1f Comfort e Comodit\u00e0: Non preoccuparti pi\u00f9 della logistica. Con i nostri servizi di trasporto privato, puoi concentrarti su ci\u00f2 che conta davvero: goderti le vacanze. Prenota ora per un viaggio senza stress a Maiorca!<\/p>\n<p>\ud83d\ude97 Veicoli Adatti alle Tue Esigenze: Che tu viaggi in piccoli gruppi o con un grande gruppo, abbiamo la soluzione perfetta. Opta per il comfort e la tranquillit\u00e0 con i nostri trasporti privati.<\/p>\n<p>Preparati a esplorare Maiorca in tutta serenit\u00e0!<\/p>\n<p>Prenota oggi stesso e vivi una vacanza senza preoccupazioni con i nostri servizi di trasporto privato di qualit\u00e0. \ud83c\udf34<\/p>\n<p style=\"text-align: center;\">Prenota Trasporto Privato <a href=\"http:\/\/calendar.google.com\/calendar\/u\/0\/r\/month\">Maiorca<\/a>!<\/p>\n","protected":false},"excerpt":{"rendered":"<p>Trasporto privato per gruppi dall&#8217;aeroporto al loro alloggio in qualsiasi punto dell&#8217;isola. Possibilit\u00e0 di spostamento dei gruppi in tutti i luoghi desiderati per svolgere le attivit\u00e0.<\/p>\n","protected":false},"featured_media":49,"comment_status":"open","ping_status":"closed","template":"","meta":{"_et_pb_use_builder":"","_et_pb_old_content":"","_et_gb_content_width":""},"product_brand":[],"product_cat":[342],"product_tag":[357,812,813],"class_list":{"0":"post-2024","1":"product","2":"type-product","3":"status-publish","4":"has-post-thumbnail","6":"product_cat-mallorca","7":"product_tag-partybus-mallorca","8":"product_tag-trasporto-privato-a-maiorca","9":"product_tag-trasporto-privato-a-mallorca","11":"first","12":"instock","13":"virtual","14":"product-type-simple"},"yoast_head":"<!-- This site is optimized with the Yoast SEO plugin v26.4 - https:\/\/yoast.com\/wordpress\/plugins\/seo\/ -->\n<title>Trasporto privato Maiorca -Trasporto privato Maiorca<\/title>\n<meta name=\"description\" content=\"Trasporto privato Maiorca per gruppi dall&#039;aeroporto al vostro alloggio. Possibilit\u00e0 di spostamento per attivit\u00e0 concertate. Mallorca\" \/>\n<meta name=\"robots\" content=\"index, follow, max-snippet:-1, max-image-preview:large, max-video-preview:-1\" \/>\n<link rel=\"canonical\" href=\"https:\/\/stagpartynight.com\/it\/product\/trasporto-privato-maiorca\/\" \/>\n<meta property=\"og:locale\" content=\"es_ES\" \/>\n<meta property=\"og:type\" content=\"article\" \/>\n<meta property=\"og:title\" content=\"Trasporto privato Maiorca -Trasporto privato Maiorca\" \/>\n<meta property=\"og:description\" content=\"Trasporto privato Maiorca per gruppi dall&#039;aeroporto al vostro alloggio. Possibilit\u00e0 di spostamento per attivit\u00e0 concertate. Mallorca\" \/>\n<meta property=\"og:url\" content=\"https:\/\/stagpartynight.com\/it\/product\/trasporto-privato-maiorca\/\" \/>\n<meta property=\"og:site_name\" content=\"Addii - Scopri le idee pi\u00f9 originali per il tuo prossimo addio\" \/>\n<meta property=\"article:modified_time\" content=\"2024-01-18T11:09:56+00:00\" \/>\n<meta property=\"og:image\" content=\"https:\/\/stagpartynight.com\/it\/wp-content\/uploads\/sites\/10\/2019\/12\/transportation-services-09.png\" \/>\n\t<meta property=\"og:image:width\" content=\"1920\" \/>\n\t<meta property=\"og:image:height\" content=\"796\" \/>\n\t<meta property=\"og:image:type\" content=\"image\/png\" \/>\n<meta name=\"twitter:card\" content=\"summary_large_image\" \/>\n<meta name=\"twitter:label1\" content=\"Tiempo de lectura\" \/>\n\t<meta name=\"twitter:data1\" content=\"2 minutos\" \/>\n<script type=\"application\/ld+json\" class=\"yoast-schema-graph\">{\"@context\":\"https:\/\/schema.org\",\"@graph\":[{\"@type\":\"WebPage\",\"@id\":\"https:\/\/stagpartynight.com\/it\/product\/trasporto-privato-maiorca\/\",\"url\":\"https:\/\/stagpartynight.com\/it\/product\/trasporto-privato-maiorca\/\",\"name\":\"Trasporto privato Maiorca -Trasporto privato Maiorca\",\"isPartOf\":{\"@id\":\"https:\/\/stagpartynight.com\/it\/#website\"},\"primaryImageOfPage\":{\"@id\":\"https:\/\/stagpartynight.com\/it\/product\/trasporto-privato-maiorca\/#primaryimage\"},\"image\":{\"@id\":\"https:\/\/stagpartynight.com\/it\/product\/trasporto-privato-maiorca\/#primaryimage\"},\"thumbnailUrl\":\"https:\/\/stagpartynight.com\/it\/wp-content\/uploads\/sites\/10\/2019\/12\/transportation-services-09.png\",\"datePublished\":\"2021-01-08T09:51:40+00:00\",\"dateModified\":\"2024-01-18T11:09:56+00:00\",\"description\":\"Trasporto privato Maiorca per gruppi dall'aeroporto al vostro alloggio. Possibilit\u00e0 di spostamento per attivit\u00e0 concertate. Mallorca\",\"breadcrumb\":{\"@id\":\"https:\/\/stagpartynight.com\/it\/product\/trasporto-privato-maiorca\/#breadcrumb\"},\"inLanguage\":\"es\",\"potentialAction\":[{\"@type\":\"ReadAction\",\"target\":[\"https:\/\/stagpartynight.com\/it\/product\/trasporto-privato-maiorca\/\"]}]},{\"@type\":\"ImageObject\",\"inLanguage\":\"es\",\"@id\":\"https:\/\/stagpartynight.com\/it\/product\/trasporto-privato-maiorca\/#primaryimage\",\"url\":\"https:\/\/stagpartynight.com\/it\/wp-content\/uploads\/sites\/10\/2019\/12\/transportation-services-09.png\",\"contentUrl\":\"https:\/\/stagpartynight.com\/it\/wp-content\/uploads\/sites\/10\/2019\/12\/transportation-services-09.png\",\"width\":1920,\"height\":796,\"caption\":\"Trasporto privato Maiorca\"},{\"@type\":\"BreadcrumbList\",\"@id\":\"https:\/\/stagpartynight.com\/it\/product\/trasporto-privato-maiorca\/#breadcrumb\",\"itemListElement\":[{\"@type\":\"ListItem\",\"position\":1,\"name\":\"Home\",\"item\":\"https:\/\/stagpartynight.com\/it\/\"},{\"@type\":\"ListItem\",\"position\":2,\"name\":\"Tienda\",\"item\":\"https:\/\/stagpartynight.com\/it\/tienda\/\"},{\"@type\":\"ListItem\",\"position\":3,\"name\":\"Trasporto privato Maiorca\"}]},{\"@type\":\"WebSite\",\"@id\":\"https:\/\/stagpartynight.com\/it\/#website\",\"url\":\"https:\/\/stagpartynight.com\/it\/\",\"name\":\"Stag Party Night\",\"description\":\"Your Stag Party Customized\",\"publisher\":{\"@id\":\"https:\/\/stagpartynight.com\/it\/#organization\"},\"potentialAction\":[{\"@type\":\"SearchAction\",\"target\":{\"@type\":\"EntryPoint\",\"urlTemplate\":\"https:\/\/stagpartynight.com\/it\/?s={search_term_string}\"},\"query-input\":{\"@type\":\"PropertyValueSpecification\",\"valueRequired\":true,\"valueName\":\"search_term_string\"}}],\"inLanguage\":\"es\"},{\"@type\":\"Organization\",\"@id\":\"https:\/\/stagpartynight.com\/it\/#organization\",\"name\":\"Stag Party Night\",\"url\":\"https:\/\/stagpartynight.com\/it\/\",\"logo\":{\"@type\":\"ImageObject\",\"inLanguage\":\"es\",\"@id\":\"https:\/\/stagpartynight.com\/it\/#\/schema\/logo\/image\/\",\"url\":\"https:\/\/stagpartynight.com\/it\/wp-content\/uploads\/sites\/10\/2019\/12\/stagpartynight-e1578565505687.png\",\"contentUrl\":\"https:\/\/stagpartynight.com\/it\/wp-content\/uploads\/sites\/10\/2019\/12\/stagpartynight-e1578565505687.png\",\"width\":400,\"height\":400,\"caption\":\"Stag Party Night\"},\"image\":{\"@id\":\"https:\/\/stagpartynight.com\/it\/#\/schema\/logo\/image\/\"}}]}<\/script>\n<!-- \/ Yoast SEO plugin. -->","yoast_head_json":{"title":"Trasporto privato Maiorca -Trasporto privato Maiorca","description":"Trasporto privato Maiorca per gruppi dall'aeroporto al vostro alloggio. Possibilit\u00e0 di spostamento per attivit\u00e0 concertate. Mallorca","robots":{"index":"index","follow":"follow","max-snippet":"max-snippet:-1","max-image-preview":"max-image-preview:large","max-video-preview":"max-video-preview:-1"},"canonical":"https:\/\/stagpartynight.com\/it\/product\/trasporto-privato-maiorca\/","og_locale":"es_ES","og_type":"article","og_title":"Trasporto privato Maiorca -Trasporto privato Maiorca","og_description":"Trasporto privato Maiorca per gruppi dall'aeroporto al vostro alloggio. Possibilit\u00e0 di spostamento per attivit\u00e0 concertate. Mallorca","og_url":"https:\/\/stagpartynight.com\/it\/product\/trasporto-privato-maiorca\/","og_site_name":"Addii - Scopri le idee pi\u00f9 originali per il tuo prossimo addio","article_modified_time":"2024-01-18T11:09:56+00:00","og_image":[{"width":1920,"height":796,"url":"https:\/\/stagpartynight.com\/it\/wp-content\/uploads\/sites\/10\/2019\/12\/transportation-services-09.png","type":"image\/png"}],"twitter_card":"summary_large_image","twitter_misc":{"Tiempo de lectura":"2 minutos"},"schema":{"@context":"https:\/\/schema.org","@graph":[{"@type":"WebPage","@id":"https:\/\/stagpartynight.com\/it\/product\/trasporto-privato-maiorca\/","url":"https:\/\/stagpartynight.com\/it\/product\/trasporto-privato-maiorca\/","name":"Trasporto privato Maiorca -Trasporto privato Maiorca","isPartOf":{"@id":"https:\/\/stagpartynight.com\/it\/#website"},"primaryImageOfPage":{"@id":"https:\/\/stagpartynight.com\/it\/product\/trasporto-privato-maiorca\/#primaryimage"},"image":{"@id":"https:\/\/stagpartynight.com\/it\/product\/trasporto-privato-maiorca\/#primaryimage"},"thumbnailUrl":"https:\/\/stagpartynight.com\/it\/wp-content\/uploads\/sites\/10\/2019\/12\/transportation-services-09.png","datePublished":"2021-01-08T09:51:40+00:00","dateModified":"2024-01-18T11:09:56+00:00","description":"Trasporto privato Maiorca per gruppi dall'aeroporto al vostro alloggio. Possibilit\u00e0 di spostamento per attivit\u00e0 concertate. Mallorca","breadcrumb":{"@id":"https:\/\/stagpartynight.com\/it\/product\/trasporto-privato-maiorca\/#breadcrumb"},"inLanguage":"es","potentialAction":[{"@type":"ReadAction","target":["https:\/\/stagpartynight.com\/it\/product\/trasporto-privato-maiorca\/"]}]},{"@type":"ImageObject","inLanguage":"es","@id":"https:\/\/stagpartynight.com\/it\/product\/trasporto-privato-maiorca\/#primaryimage","url":"https:\/\/stagpartynight.com\/it\/wp-content\/uploads\/sites\/10\/2019\/12\/transportation-services-09.png","contentUrl":"https:\/\/stagpartynight.com\/it\/wp-content\/uploads\/sites\/10\/2019\/12\/transportation-services-09.png","width":1920,"height":796,"caption":"Trasporto privato Maiorca"},{"@type":"BreadcrumbList","@id":"https:\/\/stagpartynight.com\/it\/product\/trasporto-privato-maiorca\/#breadcrumb","itemListElement":[{"@type":"ListItem","position":1,"name":"Home","item":"https:\/\/stagpartynight.com\/it\/"},{"@type":"ListItem","position":2,"name":"Tienda","item":"https:\/\/stagpartynight.com\/it\/tienda\/"},{"@type":"ListItem","position":3,"name":"Trasporto privato Maiorca"}]},{"@type":"WebSite","@id":"https:\/\/stagpartynight.com\/it\/#website","url":"https:\/\/stagpartynight.com\/it\/","name":"Stag Party Night","description":"Your Stag Party Customized","publisher":{"@id":"https:\/\/stagpartynight.com\/it\/#organization"},"potentialAction":[{"@type":"SearchAction","target":{"@type":"EntryPoint","urlTemplate":"https:\/\/stagpartynight.com\/it\/?s={search_term_string}"},"query-input":{"@type":"PropertyValueSpecification","valueRequired":true,"valueName":"search_term_string"}}],"inLanguage":"es"},{"@type":"Organization","@id":"https:\/\/stagpartynight.com\/it\/#organization","name":"Stag Party Night","url":"https:\/\/stagpartynight.com\/it\/","logo":{"@type":"ImageObject","inLanguage":"es","@id":"https:\/\/stagpartynight.com\/it\/#\/schema\/logo\/image\/","url":"https:\/\/stagpartynight.com\/it\/wp-content\/uploads\/sites\/10\/2019\/12\/stagpartynight-e1578565505687.png","contentUrl":"https:\/\/stagpartynight.com\/it\/wp-content\/uploads\/sites\/10\/2019\/12\/stagpartynight-e1578565505687.png","width":400,"height":400,"caption":"Stag Party Night"},"image":{"@id":"https:\/\/stagpartynight.com\/it\/#\/schema\/logo\/image\/"}}]}},"_links":{"self":[{"href":"https:\/\/stagpartynight.com\/it\/wp-json\/wp\/v2\/product\/2024","targetHints":{"allow":["GET"]}}],"collection":[{"href":"https:\/\/stagpartynight.com\/it\/wp-json\/wp\/v2\/product"}],"about":[{"href":"https:\/\/stagpartynight.com\/it\/wp-json\/wp\/v2\/types\/product"}],"replies":[{"embeddable":true,"href":"https:\/\/stagpartynight.com\/it\/wp-json\/wp\/v2\/comments?post=2024"}],"wp:featuredmedia":[{"embeddable":true,"href":"https:\/\/stagpartynight.com\/it\/wp-json\/wp\/v2\/media\/49"}],"wp:attachment":[{"href":"https:\/\/stagpartynight.com\/it\/wp-json\/wp\/v2\/media?parent=2024"}],"wp:term":[{"taxonomy":"product_brand","embeddable":true,"href":"https:\/\/stagpartynight.com\/it\/wp-json\/wp\/v2\/product_brand?post=2024"},{"taxonomy":"product_cat","embeddable":true,"href":"https:\/\/stagpartynight.com\/it\/wp-json\/wp\/v2\/product_cat?post=2024"},{"taxonomy":"product_tag","embeddable":true,"href":"https:\/\/stagpartynight.com\/it\/wp-json\/wp\/v2\/product_tag?post=2024"}],"curies":[{"name":"wp","href":"https:\/\/api.w.org\/{rel}","templated":true}]}}