{"id":2026,"date":"2021-01-08T10:57:27","date_gmt":"2021-01-08T09:57:27","guid":{"rendered":"https:\/\/stagpartynight.com\/it\/?post_type=product&#038;p=2026"},"modified":"2024-01-18T12:09:55","modified_gmt":"2024-01-18T11:09:55","slug":"sexy-cameriera-a-maiorca","status":"publish","type":"product","link":"https:\/\/stagpartynight.com\/it\/product\/sexy-cameriera-a-maiorca\/","title":{"rendered":"Sexy Cameriera a Maiorca"},"content":{"rendered":"<p>Sexy Cameriera a Maiorca. Cameriera sexy in top less dove servir\u00e0 drink, scatter\u00e0 foto e sar\u00e0 piccante, attenta e cordiale. Servizio di 1 ora.<\/p>\n<p>Le migliori feste di addio al celibato con <a href=\"https:\/\/stagpartynight.com\/\">StagParty<\/a>!<\/p>\n<h2 style=\"text-align: center;\">Sexy Cameriera a Maiorca\ud83c\udf1f<\/h2>\n<p>Avete deciso di festeggiare il vostro addio al celibato a Maiorca, il paradiso delle Baleari? Rendete l&#8217;esperienza ancora pi\u00f9 memorabile con la nostra offerta esclusiva: una cameriera sensuale pronta a rendere la vostra festa indimenticabile!<\/p>\n<p>\ud83d\udd25 La nostra cameriera sexy \ud83d\udd25<\/p>\n<p>Immaginate una bellezza mediterranea, intraprendente e pronta a sorprendere. La nostra cameriera \u00e8 l&#8217;aggiunta perfetta a una festa spensierata e divertente. Vestita in modo provocante e pronta a deliziarvi con la sua professionalit\u00e0 e il suo fascino, sar\u00e0 l&#8217;elemento che render\u00e0 il vostro addio al celibato un&#8217;esperienza unica.<\/p>\n<p>\ud83c\udf34 Maiorca, la location perfetta \ud83c\udf34<\/p>\n<p>Situata nel cuore del Mediterraneo,<a href=\"https:\/\/es.wikipedia.org\/wiki\/Palma_de_Mallorca\"> Palma<\/a>\/Magaluf offre uno scenario mozzafiato per la vostra festa. Spiagge di sabbia bianca, acque cristalline e una vivace vita notturna creano l&#8217;ambiente perfetto per celebrare un momento speciale.<\/p>\n<p>\ud83d\udcbc Come funziona \ud83d\udcbc<\/p>\n<p>Il nostro servizio \u00e8 semplice e personalizzato per il vostro addio al celibato. Basta contattarci, fornirci i dettagli della vostra festa e lasciarci fare il resto. La nostra cameriera sexy a Maiorca intratterr\u00e0 il gruppo, assicurandosi che ogni momento sia divertente e pieno di sorprese.<\/p>\n<p>Prenotate ora! \ud83d\udcde<\/p>\n<p>Non perdete l&#8217;occasione di rendere il vostro addio al celibato un evento unico. Contattateci oggi stesso per prenotare la vostra cameriera sexy. Siamo qui per trasformare la vostra festa in un ricordo indimenticabile!<\/p>\n<p>Cameriera sexy ed esplosiva a Maiorca che vi servir\u00e0 i drink in biancheria intima e terminer\u00e0 il servizio in top minus. Servizi orari.<\/p>\n<p>\ud83c\udf89 Festa, divertimento e sensualit\u00e0 a Majorque, solo con noi: Stagparty! Pernota ora Sexy Cameriera a Maiorca\ud83c\udf89<\/p>\n","protected":false},"excerpt":{"rendered":"<p>Cameriera sexy, spettacolari ed esplosive. Ti serviranno bevande in lingerie nel tuo appartamento per un&#8217;ora. Servizio piccante e divertente. Possibilit\u00e0 di farlo in un ristorante con sala privata.<\/p>\n","protected":false},"featured_media":1508,"comment_status":"open","ping_status":"closed","template":"","meta":{"_et_pb_use_builder":"","_et_pb_old_content":"","_et_gb_content_width":""},"product_brand":[],"product_cat":[342],"product_tag":[232,806,807],"class_list":{"0":"post-2026","1":"product","2":"type-product","3":"status-publish","4":"has-post-thumbnail","6":"product_cat-mallorca","7":"product_tag-camareras-eroticas","8":"product_tag-cameriera-erotiche","9":"product_tag-sexy-cameriera-a-maiorca","11":"first","12":"instock","13":"virtual","14":"product-type-simple"},"yoast_head":"<!-- This site is optimized with the Yoast SEO Premium plugin v27.5 (Yoast SEO v27.5) - https:\/\/yoast.com\/product\/yoast-seo-premium-wordpress\/ -->\n<title>Sexy Cameriera a Maiorca<\/title>\n<meta name=\"description\" content=\"Sexy Cameriera a Maiorca. Cameriera sexy in top less dove servir\u00e0 drink, scatter\u00e0 foto e sar\u00e0 piccante, attenta e amichevole.\" \/>\n<meta name=\"robots\" content=\"index, follow, max-snippet:-1, max-image-preview:large, max-video-preview:-1\" \/>\n<link rel=\"canonical\" href=\"https:\/\/stagpartynight.com\/it\/product\/sexy-cameriera-a-maiorca\/\" \/>\n<meta property=\"og:locale\" content=\"es_ES\" \/>\n<meta property=\"og:type\" content=\"article\" \/>\n<meta property=\"og:title\" content=\"Sexy Cameriera a Maiorca\" \/>\n<meta property=\"og:description\" content=\"Sexy Cameriera a Maiorca. Cameriera sexy in top less dove servir\u00e0 drink, scatter\u00e0 foto e sar\u00e0 piccante, attenta e amichevole.\" \/>\n<meta property=\"og:url\" content=\"https:\/\/stagpartynight.com\/it\/product\/sexy-cameriera-a-maiorca\/\" \/>\n<meta property=\"og:site_name\" content=\"Addii - Scopri le idee pi\u00f9 originali per il tuo prossimo addio\" \/>\n<meta property=\"article:modified_time\" content=\"2024-01-18T11:09:55+00:00\" \/>\n<meta property=\"og:image\" content=\"https:\/\/stagpartynight.com\/it\/wp-content\/uploads\/sites\/10\/2020\/07\/STRIPPERS.jpg\" \/>\n\t<meta property=\"og:image:width\" content=\"683\" \/>\n\t<meta property=\"og:image:height\" content=\"661\" \/>\n\t<meta property=\"og:image:type\" content=\"image\/jpeg\" \/>\n<meta name=\"twitter:card\" content=\"summary_large_image\" \/>\n<meta name=\"twitter:label1\" content=\"Tiempo de lectura\" \/>\n\t<meta name=\"twitter:data1\" content=\"2 minutos\" \/>\n<script type=\"application\/ld+json\" class=\"yoast-schema-graph\">{\"@context\":\"https:\\\/\\\/schema.org\",\"@graph\":[{\"@type\":\"WebPage\",\"@id\":\"https:\\\/\\\/stagpartynight.com\\\/it\\\/product\\\/sexy-cameriera-a-maiorca\\\/\",\"url\":\"https:\\\/\\\/stagpartynight.com\\\/it\\\/product\\\/sexy-cameriera-a-maiorca\\\/\",\"name\":\"Sexy Cameriera a Maiorca\",\"isPartOf\":{\"@id\":\"https:\\\/\\\/stagpartynight.com\\\/it\\\/#website\"},\"primaryImageOfPage\":{\"@id\":\"https:\\\/\\\/stagpartynight.com\\\/it\\\/product\\\/sexy-cameriera-a-maiorca\\\/#primaryimage\"},\"image\":{\"@id\":\"https:\\\/\\\/stagpartynight.com\\\/it\\\/product\\\/sexy-cameriera-a-maiorca\\\/#primaryimage\"},\"thumbnailUrl\":\"https:\\\/\\\/stagpartynight.com\\\/it\\\/wp-content\\\/uploads\\\/sites\\\/10\\\/2020\\\/07\\\/STRIPPERS.jpg\",\"datePublished\":\"2021-01-08T09:57:27+00:00\",\"dateModified\":\"2024-01-18T11:09:55+00:00\",\"description\":\"Sexy Cameriera a Maiorca. Cameriera sexy in top less dove servir\u00e0 drink, scatter\u00e0 foto e sar\u00e0 piccante, attenta e amichevole.\",\"breadcrumb\":{\"@id\":\"https:\\\/\\\/stagpartynight.com\\\/it\\\/product\\\/sexy-cameriera-a-maiorca\\\/#breadcrumb\"},\"inLanguage\":\"es\",\"potentialAction\":[{\"@type\":\"ReadAction\",\"target\":[\"https:\\\/\\\/stagpartynight.com\\\/it\\\/product\\\/sexy-cameriera-a-maiorca\\\/\"]}]},{\"@type\":\"ImageObject\",\"inLanguage\":\"es\",\"@id\":\"https:\\\/\\\/stagpartynight.com\\\/it\\\/product\\\/sexy-cameriera-a-maiorca\\\/#primaryimage\",\"url\":\"https:\\\/\\\/stagpartynight.com\\\/it\\\/wp-content\\\/uploads\\\/sites\\\/10\\\/2020\\\/07\\\/STRIPPERS.jpg\",\"contentUrl\":\"https:\\\/\\\/stagpartynight.com\\\/it\\\/wp-content\\\/uploads\\\/sites\\\/10\\\/2020\\\/07\\\/STRIPPERS.jpg\",\"width\":683,\"height\":661,\"caption\":\"Sexy Cameriera a Maiorca\"},{\"@type\":\"BreadcrumbList\",\"@id\":\"https:\\\/\\\/stagpartynight.com\\\/it\\\/product\\\/sexy-cameriera-a-maiorca\\\/#breadcrumb\",\"itemListElement\":[{\"@type\":\"ListItem\",\"position\":1,\"name\":\"Home\",\"item\":\"https:\\\/\\\/stagpartynight.com\\\/it\\\/\"},{\"@type\":\"ListItem\",\"position\":2,\"name\":\"Tienda\",\"item\":\"https:\\\/\\\/stagpartynight.com\\\/it\\\/tienda\\\/\"},{\"@type\":\"ListItem\",\"position\":3,\"name\":\"Sexy Cameriera a Maiorca\"}]},{\"@type\":\"WebSite\",\"@id\":\"https:\\\/\\\/stagpartynight.com\\\/it\\\/#website\",\"url\":\"https:\\\/\\\/stagpartynight.com\\\/it\\\/\",\"name\":\"Stag Party Night\",\"description\":\"Your Stag Party Customized\",\"publisher\":{\"@id\":\"https:\\\/\\\/stagpartynight.com\\\/it\\\/#organization\"},\"potentialAction\":[{\"@type\":\"SearchAction\",\"target\":{\"@type\":\"EntryPoint\",\"urlTemplate\":\"https:\\\/\\\/stagpartynight.com\\\/it\\\/?s={search_term_string}\"},\"query-input\":{\"@type\":\"PropertyValueSpecification\",\"valueRequired\":true,\"valueName\":\"search_term_string\"}}],\"inLanguage\":\"es\"},{\"@type\":\"Organization\",\"@id\":\"https:\\\/\\\/stagpartynight.com\\\/it\\\/#organization\",\"name\":\"Stag Party Night\",\"url\":\"https:\\\/\\\/stagpartynight.com\\\/it\\\/\",\"logo\":{\"@type\":\"ImageObject\",\"inLanguage\":\"es\",\"@id\":\"https:\\\/\\\/stagpartynight.com\\\/it\\\/#\\\/schema\\\/logo\\\/image\\\/\",\"url\":\"https:\\\/\\\/stagpartynight.com\\\/it\\\/wp-content\\\/uploads\\\/sites\\\/10\\\/2019\\\/12\\\/stagpartynight-e1578565505687.png\",\"contentUrl\":\"https:\\\/\\\/stagpartynight.com\\\/it\\\/wp-content\\\/uploads\\\/sites\\\/10\\\/2019\\\/12\\\/stagpartynight-e1578565505687.png\",\"width\":400,\"height\":400,\"caption\":\"Stag Party Night\"},\"image\":{\"@id\":\"https:\\\/\\\/stagpartynight.com\\\/it\\\/#\\\/schema\\\/logo\\\/image\\\/\"}}]}<\/script>\n<!-- \/ Yoast SEO Premium plugin. -->","yoast_head_json":{"title":"Sexy Cameriera a Maiorca","description":"Sexy Cameriera a Maiorca. Cameriera sexy in top less dove servir\u00e0 drink, scatter\u00e0 foto e sar\u00e0 piccante, attenta e amichevole.","robots":{"index":"index","follow":"follow","max-snippet":"max-snippet:-1","max-image-preview":"max-image-preview:large","max-video-preview":"max-video-preview:-1"},"canonical":"https:\/\/stagpartynight.com\/it\/product\/sexy-cameriera-a-maiorca\/","og_locale":"es_ES","og_type":"article","og_title":"Sexy Cameriera a Maiorca","og_description":"Sexy Cameriera a Maiorca. Cameriera sexy in top less dove servir\u00e0 drink, scatter\u00e0 foto e sar\u00e0 piccante, attenta e amichevole.","og_url":"https:\/\/stagpartynight.com\/it\/product\/sexy-cameriera-a-maiorca\/","og_site_name":"Addii - Scopri le idee pi\u00f9 originali per il tuo prossimo addio","article_modified_time":"2024-01-18T11:09:55+00:00","og_image":[{"width":683,"height":661,"url":"https:\/\/stagpartynight.com\/it\/wp-content\/uploads\/sites\/10\/2020\/07\/STRIPPERS.jpg","type":"image\/jpeg"}],"twitter_card":"summary_large_image","twitter_misc":{"Tiempo de lectura":"2 minutos"},"schema":{"@context":"https:\/\/schema.org","@graph":[{"@type":"WebPage","@id":"https:\/\/stagpartynight.com\/it\/product\/sexy-cameriera-a-maiorca\/","url":"https:\/\/stagpartynight.com\/it\/product\/sexy-cameriera-a-maiorca\/","name":"Sexy Cameriera a Maiorca","isPartOf":{"@id":"https:\/\/stagpartynight.com\/it\/#website"},"primaryImageOfPage":{"@id":"https:\/\/stagpartynight.com\/it\/product\/sexy-cameriera-a-maiorca\/#primaryimage"},"image":{"@id":"https:\/\/stagpartynight.com\/it\/product\/sexy-cameriera-a-maiorca\/#primaryimage"},"thumbnailUrl":"https:\/\/stagpartynight.com\/it\/wp-content\/uploads\/sites\/10\/2020\/07\/STRIPPERS.jpg","datePublished":"2021-01-08T09:57:27+00:00","dateModified":"2024-01-18T11:09:55+00:00","description":"Sexy Cameriera a Maiorca. Cameriera sexy in top less dove servir\u00e0 drink, scatter\u00e0 foto e sar\u00e0 piccante, attenta e amichevole.","breadcrumb":{"@id":"https:\/\/stagpartynight.com\/it\/product\/sexy-cameriera-a-maiorca\/#breadcrumb"},"inLanguage":"es","potentialAction":[{"@type":"ReadAction","target":["https:\/\/stagpartynight.com\/it\/product\/sexy-cameriera-a-maiorca\/"]}]},{"@type":"ImageObject","inLanguage":"es","@id":"https:\/\/stagpartynight.com\/it\/product\/sexy-cameriera-a-maiorca\/#primaryimage","url":"https:\/\/stagpartynight.com\/it\/wp-content\/uploads\/sites\/10\/2020\/07\/STRIPPERS.jpg","contentUrl":"https:\/\/stagpartynight.com\/it\/wp-content\/uploads\/sites\/10\/2020\/07\/STRIPPERS.jpg","width":683,"height":661,"caption":"Sexy Cameriera a Maiorca"},{"@type":"BreadcrumbList","@id":"https:\/\/stagpartynight.com\/it\/product\/sexy-cameriera-a-maiorca\/#breadcrumb","itemListElement":[{"@type":"ListItem","position":1,"name":"Home","item":"https:\/\/stagpartynight.com\/it\/"},{"@type":"ListItem","position":2,"name":"Tienda","item":"https:\/\/stagpartynight.com\/it\/tienda\/"},{"@type":"ListItem","position":3,"name":"Sexy Cameriera a Maiorca"}]},{"@type":"WebSite","@id":"https:\/\/stagpartynight.com\/it\/#website","url":"https:\/\/stagpartynight.com\/it\/","name":"Stag Party Night","description":"Your Stag Party Customized","publisher":{"@id":"https:\/\/stagpartynight.com\/it\/#organization"},"potentialAction":[{"@type":"SearchAction","target":{"@type":"EntryPoint","urlTemplate":"https:\/\/stagpartynight.com\/it\/?s={search_term_string}"},"query-input":{"@type":"PropertyValueSpecification","valueRequired":true,"valueName":"search_term_string"}}],"inLanguage":"es"},{"@type":"Organization","@id":"https:\/\/stagpartynight.com\/it\/#organization","name":"Stag Party Night","url":"https:\/\/stagpartynight.com\/it\/","logo":{"@type":"ImageObject","inLanguage":"es","@id":"https:\/\/stagpartynight.com\/it\/#\/schema\/logo\/image\/","url":"https:\/\/stagpartynight.com\/it\/wp-content\/uploads\/sites\/10\/2019\/12\/stagpartynight-e1578565505687.png","contentUrl":"https:\/\/stagpartynight.com\/it\/wp-content\/uploads\/sites\/10\/2019\/12\/stagpartynight-e1578565505687.png","width":400,"height":400,"caption":"Stag Party Night"},"image":{"@id":"https:\/\/stagpartynight.com\/it\/#\/schema\/logo\/image\/"}}]}},"_links":{"self":[{"href":"https:\/\/stagpartynight.com\/it\/wp-json\/wp\/v2\/product\/2026","targetHints":{"allow":["GET"]}}],"collection":[{"href":"https:\/\/stagpartynight.com\/it\/wp-json\/wp\/v2\/product"}],"about":[{"href":"https:\/\/stagpartynight.com\/it\/wp-json\/wp\/v2\/types\/product"}],"replies":[{"embeddable":true,"href":"https:\/\/stagpartynight.com\/it\/wp-json\/wp\/v2\/comments?post=2026"}],"wp:featuredmedia":[{"embeddable":true,"href":"https:\/\/stagpartynight.com\/it\/wp-json\/wp\/v2\/media\/1508"}],"wp:attachment":[{"href":"https:\/\/stagpartynight.com\/it\/wp-json\/wp\/v2\/media?parent=2026"}],"wp:term":[{"taxonomy":"product_brand","embeddable":true,"href":"https:\/\/stagpartynight.com\/it\/wp-json\/wp\/v2\/product_brand?post=2026"},{"taxonomy":"product_cat","embeddable":true,"href":"https:\/\/stagpartynight.com\/it\/wp-json\/wp\/v2\/product_cat?post=2026"},{"taxonomy":"product_tag","embeddable":true,"href":"https:\/\/stagpartynight.com\/it\/wp-json\/wp\/v2\/product_tag?post=2026"}],"curies":[{"name":"wp","href":"https:\/\/api.w.org\/{rel}","templated":true}]}}