{"id":262,"date":"2020-01-08T14:28:54","date_gmt":"2020-01-08T13:28:54","guid":{"rendered":"https:\/\/stagpartynight.com\/it\/?post_type=product&#038;p=262"},"modified":"2024-01-30T10:52:37","modified_gmt":"2024-01-30T09:52:37","slug":"festa-in-piscina-ibiza","status":"publish","type":"product","link":"https:\/\/stagpartynight.com\/it\/product\/festa-in-piscina-ibiza\/","title":{"rendered":"Festa in piscina Ibiza"},"content":{"rendered":"<p>Festa in piscina Ibiza. Pool Party Ibiza. Beach Club festa privata in piscina con DJ, intrattenimento e pi\u00f9 gruppi. Godetevi un&#8217;atmosfera magica con una posizione emblematica. Ingresso con bevanda inclusa.<\/p>\n<p>Le migliori feste di addio al celibatoo con <a href=\"https:\/\/stagpartynight.com\/\">StagParty<\/a>!<\/p>\n<h2 style=\"text-align: center;\">Festa in piscina Ibiza<strong style=\"color: #666666; font-size: 14px;\">\ud83c\udf89<\/strong><\/h2>\n<h4><strong>Sirene in Festa: Una Esperienzia Incantata in Piscina a Ibiza \ud83c\udf0a<\/strong><\/h4>\n<p>Dichiarate guerra al caldo estivo e immergetevi nella freschezza di \u00abSirene in Festa\u00bb! \ud83e\udddc\u200d\u2640\ufe0f<\/p>\n<p>\u2728 Questa \u00e8 la vostra esclusiva invito a una festa unica in piscina, ospitata nel cuore del mitico Beach Club di Ibiza.<\/p>\n<p>\ud83c\udfb6 <strong>DJ Set da Sogno:<\/strong> Le note incantevoli del nostro DJ trasformeranno la piscina in una pista da ballo galleggiante. Ballate sotto la luna e lasciatevi trasportare dalla magia della musica che vi circonda! \ud83c\udf19\ud83d\udc83<\/p>\n<p>\ud83e\udd39 <strong>Animazione Scatenata:<\/strong> La nostra animazione vi far\u00e0 vivere momenti indimenticabili con giochi, danze e sorprese inaspettate. Lasciatevi coinvolgere in un turbine di divertimento che render\u00e0 la vostra serata ancora pi\u00f9 speciale! \ud83c\udfad\ud83d\udd7a<\/p>\n<p>\ud83d\udc6d <strong>Gruppi Coinvolgenti:<\/strong> Diversi gruppi si esibiranno, offrendo una variet\u00e0 di generi musicali per soddisfare tutti i gusti. Dalle sonorit\u00e0 tropicali ai ritmi vibranti, ogni esibizione render\u00e0 la vostra notte unica! \ud83c\udfa4\ud83c\udf34<\/p>\n<p>\ud83c\udf1f <strong>Ambiente Magico in un Luogo Emblematico:<\/strong> Il Beach Club di Ibiza, con la sua atmosfera incantevole e vista mozzafiato sull&#8217;oceano, sar\u00e0 la cornice perfetta per una serata magica. Un&#8217;esperienza indimenticabile in un luogo davvero emblematico! \ud83c\udf05\ud83c\udfdd\ufe0f<\/p>\n<p>\ud83e\udd42 <strong>Entrata con Bevanda Inclusa:<\/strong> La vostra esperienza inizia con una bevanda rinfrescante in mano! Un benvenuto in stile \u00abSirene in Festa\u00bb per iniziare la notte con il piede giusto! \ud83c\udf79\ud83c\udf89<\/p>\n<p style=\"text-align: left;\">Non perdete l&#8217;opportunit\u00e0 di immergervi in questa notte incantata.<\/p>\n<p style=\"text-align: center;\">Prenotate ora e preparatevi per una festa in piscina che rimarr\u00e0 nei vostri ricordi per sempre!<\/p>\n<p style=\"text-align: center;\">\u2728 Prenota ora Festa in Piscina <a href=\"https:\/\/es.wikipedia.org\/wiki\/Ibiza\">Ibiza<\/a>!\u2728<\/p>\n<p>&nbsp;<\/p>\n","protected":false},"excerpt":{"rendered":"<p>Beach Club festa privata in piscina con DJ, intrattenimento e pi\u00f9 gruppi. Godetevi un&#8217;atmosfera magica con una posizione emblematica. Ingresso con bevanda inclusa<\/p>\n","protected":false},"featured_media":2209,"comment_status":"open","ping_status":"closed","template":"","meta":{"_et_pb_use_builder":"","_et_pb_old_content":"","_et_gb_content_width":""},"product_brand":[],"product_cat":[113],"product_tag":[1020,124],"class_list":{"0":"post-262","1":"product","2":"type-product","3":"status-publish","4":"has-post-thumbnail","6":"product_cat-ibiza","7":"product_tag-festa-in-piscina-a-ibiza","8":"product_tag-pool-party-ibiza","10":"first","11":"instock","12":"virtual","13":"product-type-simple"},"yoast_head":"<!-- This site is optimized with the Yoast SEO plugin v26.4 - https:\/\/yoast.com\/wordpress\/plugins\/seo\/ -->\n<title>Festa in piscina Ibiza<\/title>\n<meta name=\"description\" content=\"Festa in piscina Ibiza con i migliori DJ e intrattenimento internazionale. Godetevi un&#039;atmosfera magica con una posizione emblematica.\" \/>\n<meta name=\"robots\" content=\"index, follow, max-snippet:-1, max-image-preview:large, max-video-preview:-1\" \/>\n<link rel=\"canonical\" href=\"https:\/\/stagpartynight.com\/it\/product\/festa-in-piscina-ibiza\/\" \/>\n<meta property=\"og:locale\" content=\"es_ES\" \/>\n<meta property=\"og:type\" content=\"article\" \/>\n<meta property=\"og:title\" content=\"Festa in piscina Ibiza\" \/>\n<meta property=\"og:description\" content=\"Festa in piscina Ibiza con i migliori DJ e intrattenimento internazionale. Godetevi un&#039;atmosfera magica con una posizione emblematica.\" \/>\n<meta property=\"og:url\" content=\"https:\/\/stagpartynight.com\/it\/product\/festa-in-piscina-ibiza\/\" \/>\n<meta property=\"og:site_name\" content=\"Addii - Scopri le idee pi\u00f9 originali per il tuo prossimo addio\" \/>\n<meta property=\"article:modified_time\" content=\"2024-01-30T09:52:37+00:00\" \/>\n<meta property=\"og:image\" content=\"https:\/\/stagpartynight.com\/it\/wp-content\/uploads\/sites\/10\/2020\/01\/Fiesta-en-el-Beach-Hotel-Ushuaia-de-Ibiza7-1.jpg\" \/>\n\t<meta property=\"og:image:width\" content=\"720\" \/>\n\t<meta property=\"og:image:height\" content=\"446\" \/>\n\t<meta property=\"og:image:type\" content=\"image\/jpeg\" \/>\n<meta name=\"twitter:card\" content=\"summary_large_image\" \/>\n<meta name=\"twitter:label1\" content=\"Tiempo de lectura\" \/>\n\t<meta name=\"twitter:data1\" content=\"2 minutos\" \/>\n<script type=\"application\/ld+json\" class=\"yoast-schema-graph\">{\"@context\":\"https:\/\/schema.org\",\"@graph\":[{\"@type\":\"WebPage\",\"@id\":\"https:\/\/stagpartynight.com\/it\/product\/festa-in-piscina-ibiza\/\",\"url\":\"https:\/\/stagpartynight.com\/it\/product\/festa-in-piscina-ibiza\/\",\"name\":\"Festa in piscina Ibiza\",\"isPartOf\":{\"@id\":\"https:\/\/stagpartynight.com\/it\/#website\"},\"primaryImageOfPage\":{\"@id\":\"https:\/\/stagpartynight.com\/it\/product\/festa-in-piscina-ibiza\/#primaryimage\"},\"image\":{\"@id\":\"https:\/\/stagpartynight.com\/it\/product\/festa-in-piscina-ibiza\/#primaryimage\"},\"thumbnailUrl\":\"https:\/\/stagpartynight.com\/it\/wp-content\/uploads\/sites\/10\/2020\/01\/Fiesta-en-el-Beach-Hotel-Ushuaia-de-Ibiza7-1.jpg\",\"datePublished\":\"2020-01-08T13:28:54+00:00\",\"dateModified\":\"2024-01-30T09:52:37+00:00\",\"description\":\"Festa in piscina Ibiza con i migliori DJ e intrattenimento internazionale. Godetevi un'atmosfera magica con una posizione emblematica.\",\"breadcrumb\":{\"@id\":\"https:\/\/stagpartynight.com\/it\/product\/festa-in-piscina-ibiza\/#breadcrumb\"},\"inLanguage\":\"es\",\"potentialAction\":[{\"@type\":\"ReadAction\",\"target\":[\"https:\/\/stagpartynight.com\/it\/product\/festa-in-piscina-ibiza\/\"]}]},{\"@type\":\"ImageObject\",\"inLanguage\":\"es\",\"@id\":\"https:\/\/stagpartynight.com\/it\/product\/festa-in-piscina-ibiza\/#primaryimage\",\"url\":\"https:\/\/stagpartynight.com\/it\/wp-content\/uploads\/sites\/10\/2020\/01\/Fiesta-en-el-Beach-Hotel-Ushuaia-de-Ibiza7-1.jpg\",\"contentUrl\":\"https:\/\/stagpartynight.com\/it\/wp-content\/uploads\/sites\/10\/2020\/01\/Fiesta-en-el-Beach-Hotel-Ushuaia-de-Ibiza7-1.jpg\",\"width\":720,\"height\":446,\"caption\":\"Festa in piscina Ibiza\"},{\"@type\":\"BreadcrumbList\",\"@id\":\"https:\/\/stagpartynight.com\/it\/product\/festa-in-piscina-ibiza\/#breadcrumb\",\"itemListElement\":[{\"@type\":\"ListItem\",\"position\":1,\"name\":\"Home\",\"item\":\"https:\/\/stagpartynight.com\/it\/\"},{\"@type\":\"ListItem\",\"position\":2,\"name\":\"Tienda\",\"item\":\"https:\/\/stagpartynight.com\/it\/tienda\/\"},{\"@type\":\"ListItem\",\"position\":3,\"name\":\"Festa in piscina Ibiza\"}]},{\"@type\":\"WebSite\",\"@id\":\"https:\/\/stagpartynight.com\/it\/#website\",\"url\":\"https:\/\/stagpartynight.com\/it\/\",\"name\":\"Stag Party Night\",\"description\":\"Your Stag Party Customized\",\"publisher\":{\"@id\":\"https:\/\/stagpartynight.com\/it\/#organization\"},\"potentialAction\":[{\"@type\":\"SearchAction\",\"target\":{\"@type\":\"EntryPoint\",\"urlTemplate\":\"https:\/\/stagpartynight.com\/it\/?s={search_term_string}\"},\"query-input\":{\"@type\":\"PropertyValueSpecification\",\"valueRequired\":true,\"valueName\":\"search_term_string\"}}],\"inLanguage\":\"es\"},{\"@type\":\"Organization\",\"@id\":\"https:\/\/stagpartynight.com\/it\/#organization\",\"name\":\"Stag Party Night\",\"url\":\"https:\/\/stagpartynight.com\/it\/\",\"logo\":{\"@type\":\"ImageObject\",\"inLanguage\":\"es\",\"@id\":\"https:\/\/stagpartynight.com\/it\/#\/schema\/logo\/image\/\",\"url\":\"https:\/\/stagpartynight.com\/it\/wp-content\/uploads\/sites\/10\/2019\/12\/stagpartynight-e1578565505687.png\",\"contentUrl\":\"https:\/\/stagpartynight.com\/it\/wp-content\/uploads\/sites\/10\/2019\/12\/stagpartynight-e1578565505687.png\",\"width\":400,\"height\":400,\"caption\":\"Stag Party Night\"},\"image\":{\"@id\":\"https:\/\/stagpartynight.com\/it\/#\/schema\/logo\/image\/\"}}]}<\/script>\n<!-- \/ Yoast SEO plugin. -->","yoast_head_json":{"title":"Festa in piscina Ibiza","description":"Festa in piscina Ibiza con i migliori DJ e intrattenimento internazionale. Godetevi un'atmosfera magica con una posizione emblematica.","robots":{"index":"index","follow":"follow","max-snippet":"max-snippet:-1","max-image-preview":"max-image-preview:large","max-video-preview":"max-video-preview:-1"},"canonical":"https:\/\/stagpartynight.com\/it\/product\/festa-in-piscina-ibiza\/","og_locale":"es_ES","og_type":"article","og_title":"Festa in piscina Ibiza","og_description":"Festa in piscina Ibiza con i migliori DJ e intrattenimento internazionale. Godetevi un'atmosfera magica con una posizione emblematica.","og_url":"https:\/\/stagpartynight.com\/it\/product\/festa-in-piscina-ibiza\/","og_site_name":"Addii - Scopri le idee pi\u00f9 originali per il tuo prossimo addio","article_modified_time":"2024-01-30T09:52:37+00:00","og_image":[{"width":720,"height":446,"url":"https:\/\/stagpartynight.com\/it\/wp-content\/uploads\/sites\/10\/2020\/01\/Fiesta-en-el-Beach-Hotel-Ushuaia-de-Ibiza7-1.jpg","type":"image\/jpeg"}],"twitter_card":"summary_large_image","twitter_misc":{"Tiempo de lectura":"2 minutos"},"schema":{"@context":"https:\/\/schema.org","@graph":[{"@type":"WebPage","@id":"https:\/\/stagpartynight.com\/it\/product\/festa-in-piscina-ibiza\/","url":"https:\/\/stagpartynight.com\/it\/product\/festa-in-piscina-ibiza\/","name":"Festa in piscina Ibiza","isPartOf":{"@id":"https:\/\/stagpartynight.com\/it\/#website"},"primaryImageOfPage":{"@id":"https:\/\/stagpartynight.com\/it\/product\/festa-in-piscina-ibiza\/#primaryimage"},"image":{"@id":"https:\/\/stagpartynight.com\/it\/product\/festa-in-piscina-ibiza\/#primaryimage"},"thumbnailUrl":"https:\/\/stagpartynight.com\/it\/wp-content\/uploads\/sites\/10\/2020\/01\/Fiesta-en-el-Beach-Hotel-Ushuaia-de-Ibiza7-1.jpg","datePublished":"2020-01-08T13:28:54+00:00","dateModified":"2024-01-30T09:52:37+00:00","description":"Festa in piscina Ibiza con i migliori DJ e intrattenimento internazionale. Godetevi un'atmosfera magica con una posizione emblematica.","breadcrumb":{"@id":"https:\/\/stagpartynight.com\/it\/product\/festa-in-piscina-ibiza\/#breadcrumb"},"inLanguage":"es","potentialAction":[{"@type":"ReadAction","target":["https:\/\/stagpartynight.com\/it\/product\/festa-in-piscina-ibiza\/"]}]},{"@type":"ImageObject","inLanguage":"es","@id":"https:\/\/stagpartynight.com\/it\/product\/festa-in-piscina-ibiza\/#primaryimage","url":"https:\/\/stagpartynight.com\/it\/wp-content\/uploads\/sites\/10\/2020\/01\/Fiesta-en-el-Beach-Hotel-Ushuaia-de-Ibiza7-1.jpg","contentUrl":"https:\/\/stagpartynight.com\/it\/wp-content\/uploads\/sites\/10\/2020\/01\/Fiesta-en-el-Beach-Hotel-Ushuaia-de-Ibiza7-1.jpg","width":720,"height":446,"caption":"Festa in piscina Ibiza"},{"@type":"BreadcrumbList","@id":"https:\/\/stagpartynight.com\/it\/product\/festa-in-piscina-ibiza\/#breadcrumb","itemListElement":[{"@type":"ListItem","position":1,"name":"Home","item":"https:\/\/stagpartynight.com\/it\/"},{"@type":"ListItem","position":2,"name":"Tienda","item":"https:\/\/stagpartynight.com\/it\/tienda\/"},{"@type":"ListItem","position":3,"name":"Festa in piscina Ibiza"}]},{"@type":"WebSite","@id":"https:\/\/stagpartynight.com\/it\/#website","url":"https:\/\/stagpartynight.com\/it\/","name":"Stag Party Night","description":"Your Stag Party Customized","publisher":{"@id":"https:\/\/stagpartynight.com\/it\/#organization"},"potentialAction":[{"@type":"SearchAction","target":{"@type":"EntryPoint","urlTemplate":"https:\/\/stagpartynight.com\/it\/?s={search_term_string}"},"query-input":{"@type":"PropertyValueSpecification","valueRequired":true,"valueName":"search_term_string"}}],"inLanguage":"es"},{"@type":"Organization","@id":"https:\/\/stagpartynight.com\/it\/#organization","name":"Stag Party Night","url":"https:\/\/stagpartynight.com\/it\/","logo":{"@type":"ImageObject","inLanguage":"es","@id":"https:\/\/stagpartynight.com\/it\/#\/schema\/logo\/image\/","url":"https:\/\/stagpartynight.com\/it\/wp-content\/uploads\/sites\/10\/2019\/12\/stagpartynight-e1578565505687.png","contentUrl":"https:\/\/stagpartynight.com\/it\/wp-content\/uploads\/sites\/10\/2019\/12\/stagpartynight-e1578565505687.png","width":400,"height":400,"caption":"Stag Party Night"},"image":{"@id":"https:\/\/stagpartynight.com\/it\/#\/schema\/logo\/image\/"}}]}},"_links":{"self":[{"href":"https:\/\/stagpartynight.com\/it\/wp-json\/wp\/v2\/product\/262","targetHints":{"allow":["GET"]}}],"collection":[{"href":"https:\/\/stagpartynight.com\/it\/wp-json\/wp\/v2\/product"}],"about":[{"href":"https:\/\/stagpartynight.com\/it\/wp-json\/wp\/v2\/types\/product"}],"replies":[{"embeddable":true,"href":"https:\/\/stagpartynight.com\/it\/wp-json\/wp\/v2\/comments?post=262"}],"wp:featuredmedia":[{"embeddable":true,"href":"https:\/\/stagpartynight.com\/it\/wp-json\/wp\/v2\/media\/2209"}],"wp:attachment":[{"href":"https:\/\/stagpartynight.com\/it\/wp-json\/wp\/v2\/media?parent=262"}],"wp:term":[{"taxonomy":"product_brand","embeddable":true,"href":"https:\/\/stagpartynight.com\/it\/wp-json\/wp\/v2\/product_brand?post=262"},{"taxonomy":"product_cat","embeddable":true,"href":"https:\/\/stagpartynight.com\/it\/wp-json\/wp\/v2\/product_cat?post=262"},{"taxonomy":"product_tag","embeddable":true,"href":"https:\/\/stagpartynight.com\/it\/wp-json\/wp\/v2\/product_tag?post=262"}],"curies":[{"name":"wp","href":"https:\/\/api.w.org\/{rel}","templated":true}]}}