{"id":283,"date":"2020-01-08T14:58:00","date_gmt":"2020-01-08T13:58:00","guid":{"rendered":"https:\/\/stagpartynight.com\/it\/?post_type=product&#038;p=283"},"modified":"2024-04-23T12:00:20","modified_gmt":"2024-04-23T10:00:20","slug":"beach-club-ushuaia-ibiza","status":"publish","type":"product","link":"https:\/\/stagpartynight.com\/it\/product\/beach-club-ushuaia-ibiza\/","title":{"rendered":"Beach Club + Ushuaia Ibiza"},"content":{"rendered":"<p>Pranzo al Beach Club sulla spiaggia. Riservato nei letti balinesi in piscina e spiaggia privata + 1 drink nell&#8217;area riservata. Ingresso all&#8217;Ushuaia senza limiti di tempo. <strong>Beach Club + Ushuaia Ibiza.<\/strong><\/p>\n<h2 style=\"text-align: center;\"><strong>Beach Club + Ushuaia Ibiza<\/strong><\/h2>\n<p>Esplora <a href=\"https:\/\/stagpartynight.com\/it\/addio-al-celibato\/ibiza\/\">addio al celibato<\/a> dei tuoi sogni nell&#8217;isola pi\u00f9 vivace ed emozionante del Mediterraneo: Ibiza! Immergiti in un&#8217;esperienza unica con il nostro esclusivo pacchetto Beach Club + Ushuaia Ibiza, progettato per offrirti un addio al celibato indimenticabile. Ibiza.<\/p>\n<p><strong>Giorno di Relax al Beach Club:<\/strong><\/p>\n<p>Immagina le tue giornate bagnate dal sole sulle spiagge di sabbia fine di Ibiza, con il suono del Mar Mediterraneo come sottofondo e un drink rinfrescante in mano. Il nostro pacchetto include l&#8217;accesso esclusivo a uno dei Beach Club pi\u00f9 prestigiosi dell&#8217;isola. Goditi lettini balinesi, cocktail squisiti e un servizio impeccabile mentre ti rilassi con i tuoi amici, preparandoti per la notte epica che ti attende.<\/p>\n<p><strong>Serata Indimenticabile a Ushuaia Ibiza:<\/strong><\/p>\n<p>Quando il sole tramonta, la vera festa inizia a <a href=\"https:\/\/www.instagram.com\/ushuaiaibiza\/?hl=es\">Ushuaia Ibiza<\/a>, il tempio della musica elettronica e della vita notturna sfrenata. Il tuo pacchetto garantisce l&#8217;accesso VIP a questo luogo iconico, dove le migliori DJ si esibiscono in uno spettacolo mozzafiato. Balla sotto le stelle e crea ricordi indelebili con i tuoi amici in questa notte che sar\u00e0 il punto culminante del tuo addio al celibato.<\/p>\n<p>Beach Club + Ushuaia Ibiza<strong>. <\/strong>Ibiza \u00e8 il luogo perfetto per una festa di <a href=\"https:\/\/stagpartynight.com\/it\/addio-al-celibato\/\">Addio al celibato<\/a>, offrendo un mix irresistibile di bellezza naturale, atmosfera rilassata e vita notturna sfrenata. L&#8217;isola, situata nel cuore del Mar Mediterraneo, \u00e8 celebre per essere un paradiso per i festaioli e un&#8217;oasi di divertimento. Ecco perch\u00e9 Ibiza \u00e8 la scelta ideale per celebrare l&#8217;addio al celibato. Amplia il tuo pacchetto con <a href=\"https:\/\/stagpartynight.com\/it\/product\/limousine-hummer-ibiza\/\">limousine<\/a>, <a href=\"https:\/\/stagpartynight.com\/it\/product\/festa-in-barca-festa-in-piscina-a-ibiza\/\">festa in barca<\/a> e molto altro. Con Stag Party Night.<\/p>\n<p><strong>Spiagge Paradisiache<\/strong><\/p>\n<p><strong>Vita Notturna Iconica<\/strong><\/p>\n<p><strong>Atmosfera Unica e Rilassata<\/strong><\/p>\n<p><strong>Eventi Esclusivi<\/strong><\/p>\n","protected":false},"excerpt":{"rendered":"<p>Pranzo al Beach Club sulla spiaggia. Riservato nei letti balinesi in piscina e spiaggia privata + 1 drink nell&#8217;area riservata. Ingresso all&#8217;Ushuaia senza limiti di tempo.<\/p>\n","protected":false},"featured_media":2189,"comment_status":"open","ping_status":"closed","template":"","meta":{"_et_pb_use_builder":"","_et_pb_old_content":"","_et_gb_content_width":""},"product_brand":[],"product_cat":[113],"product_tag":[540,143,541],"class_list":{"0":"post-283","1":"product","2":"type-product","3":"status-publish","4":"has-post-thumbnail","6":"product_cat-ibiza","7":"product_tag-beach-clubs-en-ibiza","8":"product_tag-pack-beach-club-ushuaia-ibiza","9":"product_tag-ushuaia-de-ibiza","11":"first","12":"instock","13":"virtual","14":"product-type-simple"},"yoast_head":"<!-- This site is optimized with the Yoast SEO Premium plugin v27.5 (Yoast SEO v27.5) - https:\/\/yoast.com\/product\/yoast-seo-premium-wordpress\/ -->\n<title>Beach Club + Ushuaia Ibiza - Pacchetti Festa d&#039; Addio a Ibiza<\/title>\n<meta name=\"description\" content=\"Beach Club + Ushuaia Ibiza - Scopri tutte le attivit\u00e0 e i pacchetti disponibili. Siamo specialisti in feste di addio al celibato e nubilato a Ibiza\" \/>\n<meta name=\"robots\" content=\"index, follow, max-snippet:-1, max-image-preview:large, max-video-preview:-1\" \/>\n<link rel=\"canonical\" href=\"https:\/\/stagpartynight.com\/it\/product\/beach-club-ushuaia-ibiza\/\" \/>\n<meta property=\"og:locale\" content=\"es_ES\" \/>\n<meta property=\"og:type\" content=\"article\" \/>\n<meta property=\"og:title\" content=\"Beach Club + Ushuaia Ibiza\" \/>\n<meta property=\"og:description\" content=\"Beach Club + Ushuaia Ibiza - Scopri tutte le attivit\u00e0 e i pacchetti disponibili. Siamo specialisti in feste di addio al celibato e nubilato a Ibiza\" \/>\n<meta property=\"og:url\" content=\"https:\/\/stagpartynight.com\/it\/product\/beach-club-ushuaia-ibiza\/\" \/>\n<meta property=\"og:site_name\" content=\"Addii - Scopri le idee pi\u00f9 originali per il tuo prossimo addio\" \/>\n<meta property=\"article:modified_time\" content=\"2024-04-23T10:00:20+00:00\" \/>\n<meta property=\"og:image\" content=\"https:\/\/stagpartynight.com\/it\/wp-content\/uploads\/sites\/10\/2020\/01\/bali-beach-1.jpg\" \/>\n\t<meta property=\"og:image:width\" content=\"720\" \/>\n\t<meta property=\"og:image:height\" content=\"479\" \/>\n\t<meta property=\"og:image:type\" content=\"image\/jpeg\" \/>\n<meta name=\"twitter:card\" content=\"summary_large_image\" \/>\n<meta name=\"twitter:label1\" content=\"Tiempo de lectura\" \/>\n\t<meta name=\"twitter:data1\" content=\"2 minutos\" \/>\n<script type=\"application\/ld+json\" class=\"yoast-schema-graph\">{\"@context\":\"https:\\\/\\\/schema.org\",\"@graph\":[{\"@type\":\"WebPage\",\"@id\":\"https:\\\/\\\/stagpartynight.com\\\/it\\\/product\\\/beach-club-ushuaia-ibiza\\\/\",\"url\":\"https:\\\/\\\/stagpartynight.com\\\/it\\\/product\\\/beach-club-ushuaia-ibiza\\\/\",\"name\":\"Beach Club + Ushuaia Ibiza - Pacchetti Festa d' Addio a Ibiza\",\"isPartOf\":{\"@id\":\"https:\\\/\\\/stagpartynight.com\\\/it\\\/#website\"},\"primaryImageOfPage\":{\"@id\":\"https:\\\/\\\/stagpartynight.com\\\/it\\\/product\\\/beach-club-ushuaia-ibiza\\\/#primaryimage\"},\"image\":{\"@id\":\"https:\\\/\\\/stagpartynight.com\\\/it\\\/product\\\/beach-club-ushuaia-ibiza\\\/#primaryimage\"},\"thumbnailUrl\":\"https:\\\/\\\/stagpartynight.com\\\/it\\\/wp-content\\\/uploads\\\/sites\\\/10\\\/2020\\\/01\\\/bali-beach-1.jpg\",\"datePublished\":\"2020-01-08T13:58:00+00:00\",\"dateModified\":\"2024-04-23T10:00:20+00:00\",\"description\":\"Beach Club + Ushuaia Ibiza - Scopri tutte le attivit\u00e0 e i pacchetti disponibili. Siamo specialisti in feste di addio al celibato e nubilato a Ibiza\",\"breadcrumb\":{\"@id\":\"https:\\\/\\\/stagpartynight.com\\\/it\\\/product\\\/beach-club-ushuaia-ibiza\\\/#breadcrumb\"},\"inLanguage\":\"es\",\"potentialAction\":[{\"@type\":\"ReadAction\",\"target\":[\"https:\\\/\\\/stagpartynight.com\\\/it\\\/product\\\/beach-club-ushuaia-ibiza\\\/\"]}]},{\"@type\":\"ImageObject\",\"inLanguage\":\"es\",\"@id\":\"https:\\\/\\\/stagpartynight.com\\\/it\\\/product\\\/beach-club-ushuaia-ibiza\\\/#primaryimage\",\"url\":\"https:\\\/\\\/stagpartynight.com\\\/it\\\/wp-content\\\/uploads\\\/sites\\\/10\\\/2020\\\/01\\\/bali-beach-1.jpg\",\"contentUrl\":\"https:\\\/\\\/stagpartynight.com\\\/it\\\/wp-content\\\/uploads\\\/sites\\\/10\\\/2020\\\/01\\\/bali-beach-1.jpg\",\"width\":720,\"height\":479,\"caption\":\"Beach Club + Ushuaia Ibiza imagen\"},{\"@type\":\"BreadcrumbList\",\"@id\":\"https:\\\/\\\/stagpartynight.com\\\/it\\\/product\\\/beach-club-ushuaia-ibiza\\\/#breadcrumb\",\"itemListElement\":[{\"@type\":\"ListItem\",\"position\":1,\"name\":\"Home\",\"item\":\"https:\\\/\\\/stagpartynight.com\\\/it\\\/\"},{\"@type\":\"ListItem\",\"position\":2,\"name\":\"Tienda\",\"item\":\"https:\\\/\\\/stagpartynight.com\\\/it\\\/tienda\\\/\"},{\"@type\":\"ListItem\",\"position\":3,\"name\":\"Beach Club + Ushuaia Ibiza\"}]},{\"@type\":\"WebSite\",\"@id\":\"https:\\\/\\\/stagpartynight.com\\\/it\\\/#website\",\"url\":\"https:\\\/\\\/stagpartynight.com\\\/it\\\/\",\"name\":\"Stag Party Night\",\"description\":\"Your Stag Party Customized\",\"publisher\":{\"@id\":\"https:\\\/\\\/stagpartynight.com\\\/it\\\/#organization\"},\"potentialAction\":[{\"@type\":\"SearchAction\",\"target\":{\"@type\":\"EntryPoint\",\"urlTemplate\":\"https:\\\/\\\/stagpartynight.com\\\/it\\\/?s={search_term_string}\"},\"query-input\":{\"@type\":\"PropertyValueSpecification\",\"valueRequired\":true,\"valueName\":\"search_term_string\"}}],\"inLanguage\":\"es\"},{\"@type\":\"Organization\",\"@id\":\"https:\\\/\\\/stagpartynight.com\\\/it\\\/#organization\",\"name\":\"Stag Party Night\",\"url\":\"https:\\\/\\\/stagpartynight.com\\\/it\\\/\",\"logo\":{\"@type\":\"ImageObject\",\"inLanguage\":\"es\",\"@id\":\"https:\\\/\\\/stagpartynight.com\\\/it\\\/#\\\/schema\\\/logo\\\/image\\\/\",\"url\":\"https:\\\/\\\/stagpartynight.com\\\/it\\\/wp-content\\\/uploads\\\/sites\\\/10\\\/2019\\\/12\\\/stagpartynight-e1578565505687.png\",\"contentUrl\":\"https:\\\/\\\/stagpartynight.com\\\/it\\\/wp-content\\\/uploads\\\/sites\\\/10\\\/2019\\\/12\\\/stagpartynight-e1578565505687.png\",\"width\":400,\"height\":400,\"caption\":\"Stag Party Night\"},\"image\":{\"@id\":\"https:\\\/\\\/stagpartynight.com\\\/it\\\/#\\\/schema\\\/logo\\\/image\\\/\"}}]}<\/script>\n<!-- \/ Yoast SEO Premium plugin. -->","yoast_head_json":{"title":"Beach Club + Ushuaia Ibiza - Pacchetti Festa d' Addio a Ibiza","description":"Beach Club + Ushuaia Ibiza - Scopri tutte le attivit\u00e0 e i pacchetti disponibili. Siamo specialisti in feste di addio al celibato e nubilato a Ibiza","robots":{"index":"index","follow":"follow","max-snippet":"max-snippet:-1","max-image-preview":"max-image-preview:large","max-video-preview":"max-video-preview:-1"},"canonical":"https:\/\/stagpartynight.com\/it\/product\/beach-club-ushuaia-ibiza\/","og_locale":"es_ES","og_type":"article","og_title":"Beach Club + Ushuaia Ibiza","og_description":"Beach Club + Ushuaia Ibiza - Scopri tutte le attivit\u00e0 e i pacchetti disponibili. Siamo specialisti in feste di addio al celibato e nubilato a Ibiza","og_url":"https:\/\/stagpartynight.com\/it\/product\/beach-club-ushuaia-ibiza\/","og_site_name":"Addii - Scopri le idee pi\u00f9 originali per il tuo prossimo addio","article_modified_time":"2024-04-23T10:00:20+00:00","og_image":[{"width":720,"height":479,"url":"https:\/\/stagpartynight.com\/it\/wp-content\/uploads\/sites\/10\/2020\/01\/bali-beach-1.jpg","type":"image\/jpeg"}],"twitter_card":"summary_large_image","twitter_misc":{"Tiempo de lectura":"2 minutos"},"schema":{"@context":"https:\/\/schema.org","@graph":[{"@type":"WebPage","@id":"https:\/\/stagpartynight.com\/it\/product\/beach-club-ushuaia-ibiza\/","url":"https:\/\/stagpartynight.com\/it\/product\/beach-club-ushuaia-ibiza\/","name":"Beach Club + Ushuaia Ibiza - Pacchetti Festa d' Addio a Ibiza","isPartOf":{"@id":"https:\/\/stagpartynight.com\/it\/#website"},"primaryImageOfPage":{"@id":"https:\/\/stagpartynight.com\/it\/product\/beach-club-ushuaia-ibiza\/#primaryimage"},"image":{"@id":"https:\/\/stagpartynight.com\/it\/product\/beach-club-ushuaia-ibiza\/#primaryimage"},"thumbnailUrl":"https:\/\/stagpartynight.com\/it\/wp-content\/uploads\/sites\/10\/2020\/01\/bali-beach-1.jpg","datePublished":"2020-01-08T13:58:00+00:00","dateModified":"2024-04-23T10:00:20+00:00","description":"Beach Club + Ushuaia Ibiza - Scopri tutte le attivit\u00e0 e i pacchetti disponibili. Siamo specialisti in feste di addio al celibato e nubilato a Ibiza","breadcrumb":{"@id":"https:\/\/stagpartynight.com\/it\/product\/beach-club-ushuaia-ibiza\/#breadcrumb"},"inLanguage":"es","potentialAction":[{"@type":"ReadAction","target":["https:\/\/stagpartynight.com\/it\/product\/beach-club-ushuaia-ibiza\/"]}]},{"@type":"ImageObject","inLanguage":"es","@id":"https:\/\/stagpartynight.com\/it\/product\/beach-club-ushuaia-ibiza\/#primaryimage","url":"https:\/\/stagpartynight.com\/it\/wp-content\/uploads\/sites\/10\/2020\/01\/bali-beach-1.jpg","contentUrl":"https:\/\/stagpartynight.com\/it\/wp-content\/uploads\/sites\/10\/2020\/01\/bali-beach-1.jpg","width":720,"height":479,"caption":"Beach Club + Ushuaia Ibiza imagen"},{"@type":"BreadcrumbList","@id":"https:\/\/stagpartynight.com\/it\/product\/beach-club-ushuaia-ibiza\/#breadcrumb","itemListElement":[{"@type":"ListItem","position":1,"name":"Home","item":"https:\/\/stagpartynight.com\/it\/"},{"@type":"ListItem","position":2,"name":"Tienda","item":"https:\/\/stagpartynight.com\/it\/tienda\/"},{"@type":"ListItem","position":3,"name":"Beach Club + Ushuaia Ibiza"}]},{"@type":"WebSite","@id":"https:\/\/stagpartynight.com\/it\/#website","url":"https:\/\/stagpartynight.com\/it\/","name":"Stag Party Night","description":"Your Stag Party Customized","publisher":{"@id":"https:\/\/stagpartynight.com\/it\/#organization"},"potentialAction":[{"@type":"SearchAction","target":{"@type":"EntryPoint","urlTemplate":"https:\/\/stagpartynight.com\/it\/?s={search_term_string}"},"query-input":{"@type":"PropertyValueSpecification","valueRequired":true,"valueName":"search_term_string"}}],"inLanguage":"es"},{"@type":"Organization","@id":"https:\/\/stagpartynight.com\/it\/#organization","name":"Stag Party Night","url":"https:\/\/stagpartynight.com\/it\/","logo":{"@type":"ImageObject","inLanguage":"es","@id":"https:\/\/stagpartynight.com\/it\/#\/schema\/logo\/image\/","url":"https:\/\/stagpartynight.com\/it\/wp-content\/uploads\/sites\/10\/2019\/12\/stagpartynight-e1578565505687.png","contentUrl":"https:\/\/stagpartynight.com\/it\/wp-content\/uploads\/sites\/10\/2019\/12\/stagpartynight-e1578565505687.png","width":400,"height":400,"caption":"Stag Party Night"},"image":{"@id":"https:\/\/stagpartynight.com\/it\/#\/schema\/logo\/image\/"}}]}},"_links":{"self":[{"href":"https:\/\/stagpartynight.com\/it\/wp-json\/wp\/v2\/product\/283","targetHints":{"allow":["GET"]}}],"collection":[{"href":"https:\/\/stagpartynight.com\/it\/wp-json\/wp\/v2\/product"}],"about":[{"href":"https:\/\/stagpartynight.com\/it\/wp-json\/wp\/v2\/types\/product"}],"replies":[{"embeddable":true,"href":"https:\/\/stagpartynight.com\/it\/wp-json\/wp\/v2\/comments?post=283"}],"wp:featuredmedia":[{"embeddable":true,"href":"https:\/\/stagpartynight.com\/it\/wp-json\/wp\/v2\/media\/2189"}],"wp:attachment":[{"href":"https:\/\/stagpartynight.com\/it\/wp-json\/wp\/v2\/media?parent=283"}],"wp:term":[{"taxonomy":"product_brand","embeddable":true,"href":"https:\/\/stagpartynight.com\/it\/wp-json\/wp\/v2\/product_brand?post=283"},{"taxonomy":"product_cat","embeddable":true,"href":"https:\/\/stagpartynight.com\/it\/wp-json\/wp\/v2\/product_cat?post=283"},{"taxonomy":"product_tag","embeddable":true,"href":"https:\/\/stagpartynight.com\/it\/wp-json\/wp\/v2\/product_tag?post=283"}],"curies":[{"name":"wp","href":"https:\/\/api.w.org\/{rel}","templated":true}]}}