{"id":286,"date":"2020-01-08T15:03:28","date_gmt":"2020-01-08T14:03:28","guid":{"rendered":"https:\/\/stagpartynight.com\/it\/?post_type=product&#038;p=286"},"modified":"2024-01-30T10:52:27","modified_gmt":"2024-01-30T09:52:27","slug":"hummer-limousine-beach-club-ushaia-ibiza","status":"publish","type":"product","link":"https:\/\/stagpartynight.com\/it\/product\/hummer-limousine-beach-club-ushaia-ibiza\/","title":{"rendered":"Hummer Limousine + Beach Club + Ushuaia Ibiza"},"content":{"rendered":"<p>Pranzo o cena a scelta al Beach Club con letti balinesi a bordo piscina e spiaggia privata. Drink nell&#8217;area riservata + Ants Party a Ushuaia senza orario di arrivo + Tour in limousine Hummer con 2 bottiglie di cava incluse. <strong>Hummer Limousine + Beach Club + Ushuaia Ibiza.<\/strong><\/p>\n<div class=\"group w-full text-token-text-primary border-b border-black\/10 gizmo:border-0 dark:border-gray-900\/50 gizmo:dark:border-0 bg-gray-50 gizmo:bg-transparent dark:bg-[#444654] gizmo:dark:bg-transparent\" data-testid=\"conversation-turn-7\">\n<div class=\"p-4 gizmo:py-2 justify-center text-base md:gap-6 md:py-6 m-auto\">\n<div class=\"flex flex-1 gap-4 text-base mx-auto md:gap-6 gizmo:gap-3 gizmo:md:px-5 gizmo:lg:px-1 gizmo:xl:px-5 md:max-w-2xl lg:max-w-[38rem] gizmo:md:max-w-3xl gizmo:lg:max-w-[40rem] gizmo:xl:max-w-[48rem] xl:max-w-3xl }\">\n<div class=\"relative flex w-[calc(100%-50px)] flex-col gizmo:w-full lg:w-[calc(100%-115px)] agent-turn\">\n<div class=\"flex-col gap-1 md:gap-3\">\n<div class=\"flex flex-grow flex-col max-w-full gap-3 gizmo:gap-0\">\n<div class=\"min-h-[20px] text-message peer flex flex-col items-start gap-3 whitespace-pre-wrap break-words peer-[.text-message]:mt-5 overflow-x-auto\" data-message-author-role=\"assistant\" data-message-id=\"20810c67-6b8b-409a-a273-b86fdd4e5777\">\n<div class=\"markdown prose w-full break-words dark:prose-invert light\">\n<h2><\/h2>\n<h2 style=\"text-align: center;\"><strong>Celebra il tuo addio al celibato con stile e sfarzo: Hummer Limousine + Beach Club + Ushuaia Ibiza<\/strong><\/h2>\n<p>Grazie a Stag Party Night &#8211; l&#8217;architetto di feste indimenticabili! Il nostro esclusivo pacchetto <a href=\"https:\/\/stagpartynight.com\/it\/addio-al-celibato\/ibiza\/\">Addio al Celibato Ibiza<\/a> o addio al nubilato Ibiza ti offre un&#8217;esperienza senza pari, un mix esplosivo di lusso, divertimento e indimenticabili avventure.<\/p>\n<p>Immagina di iniziare la tua festa a bordo di una<a href=\"https:\/\/stagpartynight.com\/it\/product\/limousine-hummer-ibiza\/\"> Limousine Hummer<\/a>, un simbolo di eleganza e sofisticatezza. Con Stag Party Night, il viaggio verso la notte dei tuoi sogni sar\u00e0 un&#8217;esperienza di lusso e comfort, un&#8217;anticipazione di ci\u00f2 che ti attende.<\/p>\n<p>Il tuo percorso epico ci porter\u00e0 poi a un Beach Club esclusivo e <a href=\"https:\/\/stagpartynight.com\/it\/product\/stripclub-ibiza\/\">stripclub Ibiza<\/a>, dove le onde cullano la spiaggia e la brezza marina crea l&#8217;atmosfera perfetta per celebrare. Tuffati nell&#8217;energia vibrante, sorseggia cocktail esclusivi e goditi la compagnia dei tuoi amici pi\u00f9 fidati.<\/p>\n<p>E per la ciliegina sulla torta, ci dirigiamo verso la gemma delle feste a Ibiza: <a href=\"https:\/\/www.instagram.com\/ushuaiaibiza\/?hl=es\">Ushua\u00efa<\/a>. Preparati a vivere la vita notturna in tutto il suo splendore, circondato da musica avvincente, luci mozzafiato e un&#8217;atmosfera unica. Stag Party Night si prende cura di ogni dettaglio, affinch\u00e9 tu possa rilassarti e goderti al massimo il tuo addio al celibato.<\/p>\n<p>Rendi questo momento speciale indimenticabile <a href=\"https:\/\/stagpartynight.com\/it\/addio-al-celibato\/\">addio al celibato<\/a>. Contattaci oggi stesso e scopri come Stag Party Night pu\u00f2 trasformare il tuo addio al celibato in un&#8217;esperienza semplicemente perfetta. Celebra con stile e crea ricordi destinati a durare per tutta la vita<\/p>\n<\/div>\n<\/div>\n<\/div>\n<\/div>\n<\/div>\n<\/div>\n<\/div>\n<\/div>\n<p>&nbsp;<\/p>\n<h3 style=\"text-align: center;\"><strong>Limousine Hummer Ibiza<\/strong><\/h3>\n<div class=\"group w-full text-token-text-primary border-b border-black\/10 gizmo:border-0 dark:border-gray-900\/50 gizmo:dark:border-0 bg-gray-50 gizmo:bg-transparent dark:bg-[#444654] gizmo:dark:bg-transparent\" data-testid=\"conversation-turn-9\">\n<div class=\"p-4 gizmo:py-2 justify-center text-base md:gap-6 md:py-6 m-auto\">\n<div class=\"flex flex-1 gap-4 text-base mx-auto md:gap-6 gizmo:gap-3 gizmo:md:px-5 gizmo:lg:px-1 gizmo:xl:px-5 md:max-w-2xl lg:max-w-[38rem] gizmo:md:max-w-3xl gizmo:lg:max-w-[40rem] gizmo:xl:max-w-[48rem] xl:max-w-3xl }\">\n<div class=\"relative flex w-[calc(100%-50px)] flex-col gizmo:w-full lg:w-[calc(100%-115px)] agent-turn\">\n<div class=\"flex-col gap-1 md:gap-3\">\n<div class=\"flex flex-grow flex-col max-w-full gap-3 gizmo:gap-0\">\n<div class=\"min-h-[20px] text-message peer flex flex-col items-start gap-3 whitespace-pre-wrap break-words peer-[.text-message]:mt-5 overflow-x-auto\" data-message-author-role=\"assistant\" data-message-id=\"f0ac036f-ed65-4d1f-9470-a2905df1ace3\">\n<div class=\"markdown prose w-full break-words dark:prose-invert light\">\n<p>Se sei interessato, possiamo offrirti un&#8217;esperienza da sogno con la nostra Hummer Limousine con piscina. Immagina di viaggiare per le strade di Ibiza nel massimo lusso, godendo di ogni momento nella nostra limousine hummer esclusiva, arricchita da una piscina che render\u00e0 il tuo addio al celibato un&#8217;esperienza unica.<\/p>\n<p>La tua avventura non finisce qui. Con <a href=\"https:\/\/stagpartynight.com\/it\/\">Stag Party Night<\/a>, ti portiamo al miglior strip club di Ibiza, dove l&#8217;atmosfera \u00e8 elettrica e l&#8217;intrattenimento \u00e8 di prima classe. I tuoi desideri diventano realt\u00e0 mentre celebri il tuo addio al celibato in uno stile senza compromessi.<\/p>\n<p>Ma non \u00e8 tutto. Offriamo molto di pi\u00f9 per assicurarci che la tua festa sia indimenticabile. Dai dettagli pi\u00f9 piccoli alla cura di ogni aspetto, Stag Party Night \u00e8 qui per garantire che il tuo addio al celibato sia perfetto sotto ogni aspetto.<\/p>\n<p>Se desideri un&#8217;esperienza esclusiva, contattaci ora e scopri come possiamo personalizzare il tuo addio al celibato con la Hummer Limousine con piscina, il miglior strip club di Ibiza e molto altro. La tua festa da sogno sta aspettando di prendere vita con Stag Party Night!<\/p>\n<p>Abbiamo anche la possibilit\u00e0 di <a href=\"https:\/\/stagpartynight.com\/it\/product\/barca-privado-beach-club-disco-ibiza\/\">barca privado<\/a> + <a href=\"https:\/\/stagpartynight.com\/it\/product\/sexy-cameriera-striptease-ibiza\/\">sexy cameriera<\/a>. Scegli quello che ti piace.<\/p>\n<\/div>\n<\/div>\n<\/div>\n<\/div>\n<\/div>\n<\/div>\n<\/div>\n<\/div>\n","protected":false},"excerpt":{"rendered":"<p>Pranzo o cena a scelta al Beach Club con letti balinesi a bordo piscina e spiaggia privata. Drink nell&#8217;area riservata + Ants Party a Ushuaia senza orario di arrivo + Tour in limousine Hummer con 2 bottiglie di cava incluse.<\/p>\n","protected":false},"featured_media":2217,"comment_status":"open","ping_status":"closed","template":"","meta":{"_et_pb_use_builder":"","_et_pb_old_content":"","_et_gb_content_width":""},"product_brand":[],"product_cat":[113],"product_tag":[146,529,531,530],"class_list":{"0":"post-286","1":"product","2":"type-product","3":"status-publish","4":"has-post-thumbnail","6":"product_cat-ibiza","7":"product_tag-hummer-limousine-beach-club-ushaia-ibiza","8":"product_tag-limos-ibiza","9":"product_tag-limosinas-ibiza","10":"product_tag-limusinas-ibiza","12":"first","13":"instock","14":"virtual","15":"product-type-simple"},"yoast_head":"<!-- This site is optimized with the Yoast SEO plugin v26.4 - https:\/\/yoast.com\/wordpress\/plugins\/seo\/ -->\n<title>Hummer Limousine + Beach Club + Ushuaia Ibiza - Packs in Ibiza<\/title>\n<meta name=\"description\" content=\"Hummer Limousine + Beach Club + Ushuaia Ibiza - Scopri i pacchetti di Ibiza disponibili per il tuo prossimo addio al celibato\" \/>\n<meta name=\"robots\" content=\"index, follow, max-snippet:-1, max-image-preview:large, max-video-preview:-1\" \/>\n<link rel=\"canonical\" href=\"https:\/\/stagpartynight.com\/it\/product\/hummer-limousine-beach-club-ushaia-ibiza\/\" \/>\n<meta property=\"og:locale\" content=\"es_ES\" \/>\n<meta property=\"og:type\" content=\"article\" \/>\n<meta property=\"og:title\" content=\"Hummer Limousine + Beach Club + Ushuaia Ibiza - Packs in Ibiza\" \/>\n<meta property=\"og:description\" content=\"Hummer Limousine + Beach Club + Ushuaia Ibiza - Scopri i pacchetti di Ibiza disponibili per il tuo prossimo addio al celibato\" \/>\n<meta property=\"og:url\" content=\"https:\/\/stagpartynight.com\/it\/product\/hummer-limousine-beach-club-ushaia-ibiza\/\" \/>\n<meta property=\"og:site_name\" content=\"Addii - Scopri le idee pi\u00f9 originali per il tuo prossimo addio\" \/>\n<meta property=\"article:modified_time\" content=\"2024-01-30T09:52:27+00:00\" \/>\n<meta property=\"og:image\" content=\"https:\/\/stagpartynight.com\/it\/wp-content\/uploads\/sites\/10\/2020\/01\/limo.jpeg\" \/>\n\t<meta property=\"og:image:width\" content=\"1600\" \/>\n\t<meta property=\"og:image:height\" content=\"1200\" \/>\n\t<meta property=\"og:image:type\" content=\"image\/jpeg\" \/>\n<meta name=\"twitter:card\" content=\"summary_large_image\" \/>\n<meta name=\"twitter:label1\" content=\"Tiempo de lectura\" \/>\n\t<meta name=\"twitter:data1\" content=\"3 minutos\" \/>\n<script type=\"application\/ld+json\" class=\"yoast-schema-graph\">{\"@context\":\"https:\/\/schema.org\",\"@graph\":[{\"@type\":\"WebPage\",\"@id\":\"https:\/\/stagpartynight.com\/it\/product\/hummer-limousine-beach-club-ushaia-ibiza\/\",\"url\":\"https:\/\/stagpartynight.com\/it\/product\/hummer-limousine-beach-club-ushaia-ibiza\/\",\"name\":\"Hummer Limousine + Beach Club + Ushuaia Ibiza - Packs in Ibiza\",\"isPartOf\":{\"@id\":\"https:\/\/stagpartynight.com\/it\/#website\"},\"primaryImageOfPage\":{\"@id\":\"https:\/\/stagpartynight.com\/it\/product\/hummer-limousine-beach-club-ushaia-ibiza\/#primaryimage\"},\"image\":{\"@id\":\"https:\/\/stagpartynight.com\/it\/product\/hummer-limousine-beach-club-ushaia-ibiza\/#primaryimage\"},\"thumbnailUrl\":\"https:\/\/stagpartynight.com\/it\/wp-content\/uploads\/sites\/10\/2020\/01\/limo.jpeg\",\"datePublished\":\"2020-01-08T14:03:28+00:00\",\"dateModified\":\"2024-01-30T09:52:27+00:00\",\"description\":\"Hummer Limousine + Beach Club + Ushuaia Ibiza - Scopri i pacchetti di Ibiza disponibili per il tuo prossimo addio al celibato\",\"breadcrumb\":{\"@id\":\"https:\/\/stagpartynight.com\/it\/product\/hummer-limousine-beach-club-ushaia-ibiza\/#breadcrumb\"},\"inLanguage\":\"es\",\"potentialAction\":[{\"@type\":\"ReadAction\",\"target\":[\"https:\/\/stagpartynight.com\/it\/product\/hummer-limousine-beach-club-ushaia-ibiza\/\"]}]},{\"@type\":\"ImageObject\",\"inLanguage\":\"es\",\"@id\":\"https:\/\/stagpartynight.com\/it\/product\/hummer-limousine-beach-club-ushaia-ibiza\/#primaryimage\",\"url\":\"https:\/\/stagpartynight.com\/it\/wp-content\/uploads\/sites\/10\/2020\/01\/limo.jpeg\",\"contentUrl\":\"https:\/\/stagpartynight.com\/it\/wp-content\/uploads\/sites\/10\/2020\/01\/limo.jpeg\",\"width\":1600,\"height\":1200,\"caption\":\"Hummer limousine + beach club +ushuaia ibiza\"},{\"@type\":\"BreadcrumbList\",\"@id\":\"https:\/\/stagpartynight.com\/it\/product\/hummer-limousine-beach-club-ushaia-ibiza\/#breadcrumb\",\"itemListElement\":[{\"@type\":\"ListItem\",\"position\":1,\"name\":\"Home\",\"item\":\"https:\/\/stagpartynight.com\/it\/\"},{\"@type\":\"ListItem\",\"position\":2,\"name\":\"Tienda\",\"item\":\"https:\/\/stagpartynight.com\/it\/tienda\/\"},{\"@type\":\"ListItem\",\"position\":3,\"name\":\"Hummer Limousine + Beach Club + Ushuaia Ibiza\"}]},{\"@type\":\"WebSite\",\"@id\":\"https:\/\/stagpartynight.com\/it\/#website\",\"url\":\"https:\/\/stagpartynight.com\/it\/\",\"name\":\"Stag Party Night\",\"description\":\"Your Stag Party Customized\",\"publisher\":{\"@id\":\"https:\/\/stagpartynight.com\/it\/#organization\"},\"potentialAction\":[{\"@type\":\"SearchAction\",\"target\":{\"@type\":\"EntryPoint\",\"urlTemplate\":\"https:\/\/stagpartynight.com\/it\/?s={search_term_string}\"},\"query-input\":{\"@type\":\"PropertyValueSpecification\",\"valueRequired\":true,\"valueName\":\"search_term_string\"}}],\"inLanguage\":\"es\"},{\"@type\":\"Organization\",\"@id\":\"https:\/\/stagpartynight.com\/it\/#organization\",\"name\":\"Stag Party Night\",\"url\":\"https:\/\/stagpartynight.com\/it\/\",\"logo\":{\"@type\":\"ImageObject\",\"inLanguage\":\"es\",\"@id\":\"https:\/\/stagpartynight.com\/it\/#\/schema\/logo\/image\/\",\"url\":\"https:\/\/stagpartynight.com\/it\/wp-content\/uploads\/sites\/10\/2019\/12\/stagpartynight-e1578565505687.png\",\"contentUrl\":\"https:\/\/stagpartynight.com\/it\/wp-content\/uploads\/sites\/10\/2019\/12\/stagpartynight-e1578565505687.png\",\"width\":400,\"height\":400,\"caption\":\"Stag Party Night\"},\"image\":{\"@id\":\"https:\/\/stagpartynight.com\/it\/#\/schema\/logo\/image\/\"}}]}<\/script>\n<!-- \/ Yoast SEO plugin. -->","yoast_head_json":{"title":"Hummer Limousine + Beach Club + Ushuaia Ibiza - Packs in Ibiza","description":"Hummer Limousine + Beach Club + Ushuaia Ibiza - Scopri i pacchetti di Ibiza disponibili per il tuo prossimo addio al celibato","robots":{"index":"index","follow":"follow","max-snippet":"max-snippet:-1","max-image-preview":"max-image-preview:large","max-video-preview":"max-video-preview:-1"},"canonical":"https:\/\/stagpartynight.com\/it\/product\/hummer-limousine-beach-club-ushaia-ibiza\/","og_locale":"es_ES","og_type":"article","og_title":"Hummer Limousine + Beach Club + Ushuaia Ibiza - Packs in Ibiza","og_description":"Hummer Limousine + Beach Club + Ushuaia Ibiza - Scopri i pacchetti di Ibiza disponibili per il tuo prossimo addio al celibato","og_url":"https:\/\/stagpartynight.com\/it\/product\/hummer-limousine-beach-club-ushaia-ibiza\/","og_site_name":"Addii - Scopri le idee pi\u00f9 originali per il tuo prossimo addio","article_modified_time":"2024-01-30T09:52:27+00:00","og_image":[{"width":1600,"height":1200,"url":"https:\/\/stagpartynight.com\/it\/wp-content\/uploads\/sites\/10\/2020\/01\/limo.jpeg","type":"image\/jpeg"}],"twitter_card":"summary_large_image","twitter_misc":{"Tiempo de lectura":"3 minutos"},"schema":{"@context":"https:\/\/schema.org","@graph":[{"@type":"WebPage","@id":"https:\/\/stagpartynight.com\/it\/product\/hummer-limousine-beach-club-ushaia-ibiza\/","url":"https:\/\/stagpartynight.com\/it\/product\/hummer-limousine-beach-club-ushaia-ibiza\/","name":"Hummer Limousine + Beach Club + Ushuaia Ibiza - Packs in Ibiza","isPartOf":{"@id":"https:\/\/stagpartynight.com\/it\/#website"},"primaryImageOfPage":{"@id":"https:\/\/stagpartynight.com\/it\/product\/hummer-limousine-beach-club-ushaia-ibiza\/#primaryimage"},"image":{"@id":"https:\/\/stagpartynight.com\/it\/product\/hummer-limousine-beach-club-ushaia-ibiza\/#primaryimage"},"thumbnailUrl":"https:\/\/stagpartynight.com\/it\/wp-content\/uploads\/sites\/10\/2020\/01\/limo.jpeg","datePublished":"2020-01-08T14:03:28+00:00","dateModified":"2024-01-30T09:52:27+00:00","description":"Hummer Limousine + Beach Club + Ushuaia Ibiza - Scopri i pacchetti di Ibiza disponibili per il tuo prossimo addio al celibato","breadcrumb":{"@id":"https:\/\/stagpartynight.com\/it\/product\/hummer-limousine-beach-club-ushaia-ibiza\/#breadcrumb"},"inLanguage":"es","potentialAction":[{"@type":"ReadAction","target":["https:\/\/stagpartynight.com\/it\/product\/hummer-limousine-beach-club-ushaia-ibiza\/"]}]},{"@type":"ImageObject","inLanguage":"es","@id":"https:\/\/stagpartynight.com\/it\/product\/hummer-limousine-beach-club-ushaia-ibiza\/#primaryimage","url":"https:\/\/stagpartynight.com\/it\/wp-content\/uploads\/sites\/10\/2020\/01\/limo.jpeg","contentUrl":"https:\/\/stagpartynight.com\/it\/wp-content\/uploads\/sites\/10\/2020\/01\/limo.jpeg","width":1600,"height":1200,"caption":"Hummer limousine + beach club +ushuaia ibiza"},{"@type":"BreadcrumbList","@id":"https:\/\/stagpartynight.com\/it\/product\/hummer-limousine-beach-club-ushaia-ibiza\/#breadcrumb","itemListElement":[{"@type":"ListItem","position":1,"name":"Home","item":"https:\/\/stagpartynight.com\/it\/"},{"@type":"ListItem","position":2,"name":"Tienda","item":"https:\/\/stagpartynight.com\/it\/tienda\/"},{"@type":"ListItem","position":3,"name":"Hummer Limousine + Beach Club + Ushuaia Ibiza"}]},{"@type":"WebSite","@id":"https:\/\/stagpartynight.com\/it\/#website","url":"https:\/\/stagpartynight.com\/it\/","name":"Stag Party Night","description":"Your Stag Party Customized","publisher":{"@id":"https:\/\/stagpartynight.com\/it\/#organization"},"potentialAction":[{"@type":"SearchAction","target":{"@type":"EntryPoint","urlTemplate":"https:\/\/stagpartynight.com\/it\/?s={search_term_string}"},"query-input":{"@type":"PropertyValueSpecification","valueRequired":true,"valueName":"search_term_string"}}],"inLanguage":"es"},{"@type":"Organization","@id":"https:\/\/stagpartynight.com\/it\/#organization","name":"Stag Party Night","url":"https:\/\/stagpartynight.com\/it\/","logo":{"@type":"ImageObject","inLanguage":"es","@id":"https:\/\/stagpartynight.com\/it\/#\/schema\/logo\/image\/","url":"https:\/\/stagpartynight.com\/it\/wp-content\/uploads\/sites\/10\/2019\/12\/stagpartynight-e1578565505687.png","contentUrl":"https:\/\/stagpartynight.com\/it\/wp-content\/uploads\/sites\/10\/2019\/12\/stagpartynight-e1578565505687.png","width":400,"height":400,"caption":"Stag Party Night"},"image":{"@id":"https:\/\/stagpartynight.com\/it\/#\/schema\/logo\/image\/"}}]}},"_links":{"self":[{"href":"https:\/\/stagpartynight.com\/it\/wp-json\/wp\/v2\/product\/286","targetHints":{"allow":["GET"]}}],"collection":[{"href":"https:\/\/stagpartynight.com\/it\/wp-json\/wp\/v2\/product"}],"about":[{"href":"https:\/\/stagpartynight.com\/it\/wp-json\/wp\/v2\/types\/product"}],"replies":[{"embeddable":true,"href":"https:\/\/stagpartynight.com\/it\/wp-json\/wp\/v2\/comments?post=286"}],"wp:featuredmedia":[{"embeddable":true,"href":"https:\/\/stagpartynight.com\/it\/wp-json\/wp\/v2\/media\/2217"}],"wp:attachment":[{"href":"https:\/\/stagpartynight.com\/it\/wp-json\/wp\/v2\/media?parent=286"}],"wp:term":[{"taxonomy":"product_brand","embeddable":true,"href":"https:\/\/stagpartynight.com\/it\/wp-json\/wp\/v2\/product_brand?post=286"},{"taxonomy":"product_cat","embeddable":true,"href":"https:\/\/stagpartynight.com\/it\/wp-json\/wp\/v2\/product_cat?post=286"},{"taxonomy":"product_tag","embeddable":true,"href":"https:\/\/stagpartynight.com\/it\/wp-json\/wp\/v2\/product_tag?post=286"}],"curies":[{"name":"wp","href":"https:\/\/api.w.org\/{rel}","templated":true}]}}