{"id":3669,"date":"2023-12-14T13:27:11","date_gmt":"2023-12-14T12:27:11","guid":{"rendered":"https:\/\/stagpartynight.com\/it\/?post_type=product&#038;p=3669"},"modified":"2024-01-30T10:52:11","modified_gmt":"2024-01-30T09:52:11","slug":"dominatrice-ibiza","status":"publish","type":"product","link":"https:\/\/stagpartynight.com\/it\/product\/dominatrice-ibiza\/","title":{"rendered":"Dominatrice Ibiza"},"content":{"rendered":"<p>Dominatrice Ibiza. La nostra dominatrice verr\u00e0 nel vostro hotel\/alloggio per offrirvi uno spettacolo totalmente privato. Erotico e crudele.<\/p>\n<p>Le migliori feste di addio al celibato con <a href=\"https:\/\/stagpartynight.com\/\">StagParty<\/a><\/p>\n<h2>Dominatrice Ibiza<\/h2>\n<p>Il nostro spettacolo di dominazione \u00e8 il modo perfetto per mettere lo sposo al suo posto durante il suo grande addio al celibato a Ibiza.<\/p>\n<p>Lo sposo ha bisogno di essere punito e quale modo migliore di educarlo se non offrendogli un bello spettacolo di dominazione? Dopo tutto, un po&#8217; di sadomasochismo non fa male a nessuno&#8230;<br \/>\nLa nostra spettacolare ragazza vestita di pelle nera far\u00e0 molto male al suo fidanzato, sar\u00e0 cos\u00ec stanca di dominarlo che a un certo punto dovr\u00e0 togliersi qualche vestito&#8230;<br \/>\nSperiamo che allo sposo piaccia il mix di umiliazione ed erotismo, perch\u00e9 \u00e8 esattamente quello che fa la nostra Dominatrice.<\/p>\n<p>Lo spettacolo dura 15 minuti in totale. Se lo desiderate, potete aggiungere una seconda dominatrice o qualche altro tipo di spettacolo a completamento (lesbo, striptis&#8230;).<br \/>\nAvete il coraggio di vivere un&#8217;esperienza cos\u00ec sexy e crudele allo stesso tempo nella capitale del peccato, <a href=\"https:\/\/es.wikipedia.org\/wiki\/Ibiza\">Ibiza<\/a>?<\/p>\n<p>&nbsp;<\/p>\n","protected":false},"excerpt":{"rendered":"<p>Dominatrice Ibiza. La nostra dominatrice verr\u00e0 nel vostro hotel\/alloggio per offrirvi uno spettacolo totalmente privato. Erotico e crudele. Le migliori feste di addio al celibato con StagParty Dominatrice Ibiza Il nostro spettacolo di dominazione \u00e8 il modo perfetto per mettere lo sposo al suo posto durante il suo grande addio al celibato a Ibiza. Lo [&hellip;]<\/p>\n","protected":false},"featured_media":3670,"comment_status":"open","ping_status":"closed","template":"","meta":{"_et_pb_use_builder":"","_et_pb_old_content":"","_et_gb_content_width":""},"product_brand":[],"product_cat":[19,113],"product_tag":[],"class_list":{"0":"post-3669","1":"product","2":"type-product","3":"status-publish","4":"has-post-thumbnail","6":"product_cat-sin-categorizar","7":"product_cat-ibiza","9":"first","10":"instock","11":"shipping-taxable","12":"product-type-simple"},"yoast_head":"<!-- This site is optimized with the Yoast SEO plugin v26.4 - https:\/\/yoast.com\/wordpress\/plugins\/seo\/ -->\n<title>Dominatrice Ibiza<\/title>\n<meta name=\"description\" content=\"Dominatrice Ibiza. La nostra dominatrice verr\u00e0 nel vostro hotel\/alloggio per offrirvi uno spettacolo totalmente privato. Erotico e crudele.\" \/>\n<meta name=\"robots\" content=\"index, follow, max-snippet:-1, max-image-preview:large, max-video-preview:-1\" \/>\n<link rel=\"canonical\" href=\"https:\/\/stagpartynight.com\/it\/product\/dominatrice-ibiza\/\" \/>\n<meta property=\"og:locale\" content=\"es_ES\" \/>\n<meta property=\"og:type\" content=\"article\" \/>\n<meta property=\"og:title\" content=\"Dominatrice Ibiza\" \/>\n<meta property=\"og:description\" content=\"Dominatrice Ibiza. La nostra dominatrice verr\u00e0 nel vostro hotel\/alloggio per offrirvi uno spettacolo totalmente privato. Erotico e crudele.\" \/>\n<meta property=\"og:url\" content=\"https:\/\/stagpartynight.com\/it\/product\/dominatrice-ibiza\/\" \/>\n<meta property=\"og:site_name\" content=\"Addii - Scopri le idee pi\u00f9 originali per il tuo prossimo addio\" \/>\n<meta property=\"article:modified_time\" content=\"2024-01-30T09:52:11+00:00\" \/>\n<meta property=\"og:image\" content=\"https:\/\/stagpartynight.com\/it\/wp-content\/uploads\/sites\/10\/2023\/12\/Dominatrice-Ibiza.jpg\" \/>\n\t<meta property=\"og:image:width\" content=\"1280\" \/>\n\t<meta property=\"og:image:height\" content=\"960\" \/>\n\t<meta property=\"og:image:type\" content=\"image\/jpeg\" \/>\n<meta name=\"twitter:card\" content=\"summary_large_image\" \/>\n<meta name=\"twitter:label1\" content=\"Tiempo de lectura\" \/>\n\t<meta name=\"twitter:data1\" content=\"1 minuto\" \/>\n<script type=\"application\/ld+json\" class=\"yoast-schema-graph\">{\"@context\":\"https:\/\/schema.org\",\"@graph\":[{\"@type\":\"WebPage\",\"@id\":\"https:\/\/stagpartynight.com\/it\/product\/dominatrice-ibiza\/\",\"url\":\"https:\/\/stagpartynight.com\/it\/product\/dominatrice-ibiza\/\",\"name\":\"Dominatrice Ibiza\",\"isPartOf\":{\"@id\":\"https:\/\/stagpartynight.com\/it\/#website\"},\"primaryImageOfPage\":{\"@id\":\"https:\/\/stagpartynight.com\/it\/product\/dominatrice-ibiza\/#primaryimage\"},\"image\":{\"@id\":\"https:\/\/stagpartynight.com\/it\/product\/dominatrice-ibiza\/#primaryimage\"},\"thumbnailUrl\":\"https:\/\/stagpartynight.com\/it\/wp-content\/uploads\/sites\/10\/2023\/12\/Dominatrice-Ibiza.jpg\",\"datePublished\":\"2023-12-14T12:27:11+00:00\",\"dateModified\":\"2024-01-30T09:52:11+00:00\",\"description\":\"Dominatrice Ibiza. La nostra dominatrice verr\u00e0 nel vostro hotel\/alloggio per offrirvi uno spettacolo totalmente privato. Erotico e crudele.\",\"breadcrumb\":{\"@id\":\"https:\/\/stagpartynight.com\/it\/product\/dominatrice-ibiza\/#breadcrumb\"},\"inLanguage\":\"es\",\"potentialAction\":[{\"@type\":\"ReadAction\",\"target\":[\"https:\/\/stagpartynight.com\/it\/product\/dominatrice-ibiza\/\"]}]},{\"@type\":\"ImageObject\",\"inLanguage\":\"es\",\"@id\":\"https:\/\/stagpartynight.com\/it\/product\/dominatrice-ibiza\/#primaryimage\",\"url\":\"https:\/\/stagpartynight.com\/it\/wp-content\/uploads\/sites\/10\/2023\/12\/Dominatrice-Ibiza.jpg\",\"contentUrl\":\"https:\/\/stagpartynight.com\/it\/wp-content\/uploads\/sites\/10\/2023\/12\/Dominatrice-Ibiza.jpg\",\"width\":1280,\"height\":960,\"caption\":\"Dominatrice Ibiza\"},{\"@type\":\"BreadcrumbList\",\"@id\":\"https:\/\/stagpartynight.com\/it\/product\/dominatrice-ibiza\/#breadcrumb\",\"itemListElement\":[{\"@type\":\"ListItem\",\"position\":1,\"name\":\"Home\",\"item\":\"https:\/\/stagpartynight.com\/it\/\"},{\"@type\":\"ListItem\",\"position\":2,\"name\":\"Tienda\",\"item\":\"https:\/\/stagpartynight.com\/it\/tienda\/\"},{\"@type\":\"ListItem\",\"position\":3,\"name\":\"Dominatrice Ibiza\"}]},{\"@type\":\"WebSite\",\"@id\":\"https:\/\/stagpartynight.com\/it\/#website\",\"url\":\"https:\/\/stagpartynight.com\/it\/\",\"name\":\"Stag Party Night\",\"description\":\"Your Stag Party Customized\",\"publisher\":{\"@id\":\"https:\/\/stagpartynight.com\/it\/#organization\"},\"potentialAction\":[{\"@type\":\"SearchAction\",\"target\":{\"@type\":\"EntryPoint\",\"urlTemplate\":\"https:\/\/stagpartynight.com\/it\/?s={search_term_string}\"},\"query-input\":{\"@type\":\"PropertyValueSpecification\",\"valueRequired\":true,\"valueName\":\"search_term_string\"}}],\"inLanguage\":\"es\"},{\"@type\":\"Organization\",\"@id\":\"https:\/\/stagpartynight.com\/it\/#organization\",\"name\":\"Stag Party Night\",\"url\":\"https:\/\/stagpartynight.com\/it\/\",\"logo\":{\"@type\":\"ImageObject\",\"inLanguage\":\"es\",\"@id\":\"https:\/\/stagpartynight.com\/it\/#\/schema\/logo\/image\/\",\"url\":\"https:\/\/stagpartynight.com\/it\/wp-content\/uploads\/sites\/10\/2019\/12\/stagpartynight-e1578565505687.png\",\"contentUrl\":\"https:\/\/stagpartynight.com\/it\/wp-content\/uploads\/sites\/10\/2019\/12\/stagpartynight-e1578565505687.png\",\"width\":400,\"height\":400,\"caption\":\"Stag Party Night\"},\"image\":{\"@id\":\"https:\/\/stagpartynight.com\/it\/#\/schema\/logo\/image\/\"}}]}<\/script>\n<!-- \/ Yoast SEO plugin. -->","yoast_head_json":{"title":"Dominatrice Ibiza","description":"Dominatrice Ibiza. La nostra dominatrice verr\u00e0 nel vostro hotel\/alloggio per offrirvi uno spettacolo totalmente privato. Erotico e crudele.","robots":{"index":"index","follow":"follow","max-snippet":"max-snippet:-1","max-image-preview":"max-image-preview:large","max-video-preview":"max-video-preview:-1"},"canonical":"https:\/\/stagpartynight.com\/it\/product\/dominatrice-ibiza\/","og_locale":"es_ES","og_type":"article","og_title":"Dominatrice Ibiza","og_description":"Dominatrice Ibiza. La nostra dominatrice verr\u00e0 nel vostro hotel\/alloggio per offrirvi uno spettacolo totalmente privato. Erotico e crudele.","og_url":"https:\/\/stagpartynight.com\/it\/product\/dominatrice-ibiza\/","og_site_name":"Addii - Scopri le idee pi\u00f9 originali per il tuo prossimo addio","article_modified_time":"2024-01-30T09:52:11+00:00","og_image":[{"width":1280,"height":960,"url":"https:\/\/stagpartynight.com\/it\/wp-content\/uploads\/sites\/10\/2023\/12\/Dominatrice-Ibiza.jpg","type":"image\/jpeg"}],"twitter_card":"summary_large_image","twitter_misc":{"Tiempo de lectura":"1 minuto"},"schema":{"@context":"https:\/\/schema.org","@graph":[{"@type":"WebPage","@id":"https:\/\/stagpartynight.com\/it\/product\/dominatrice-ibiza\/","url":"https:\/\/stagpartynight.com\/it\/product\/dominatrice-ibiza\/","name":"Dominatrice Ibiza","isPartOf":{"@id":"https:\/\/stagpartynight.com\/it\/#website"},"primaryImageOfPage":{"@id":"https:\/\/stagpartynight.com\/it\/product\/dominatrice-ibiza\/#primaryimage"},"image":{"@id":"https:\/\/stagpartynight.com\/it\/product\/dominatrice-ibiza\/#primaryimage"},"thumbnailUrl":"https:\/\/stagpartynight.com\/it\/wp-content\/uploads\/sites\/10\/2023\/12\/Dominatrice-Ibiza.jpg","datePublished":"2023-12-14T12:27:11+00:00","dateModified":"2024-01-30T09:52:11+00:00","description":"Dominatrice Ibiza. La nostra dominatrice verr\u00e0 nel vostro hotel\/alloggio per offrirvi uno spettacolo totalmente privato. Erotico e crudele.","breadcrumb":{"@id":"https:\/\/stagpartynight.com\/it\/product\/dominatrice-ibiza\/#breadcrumb"},"inLanguage":"es","potentialAction":[{"@type":"ReadAction","target":["https:\/\/stagpartynight.com\/it\/product\/dominatrice-ibiza\/"]}]},{"@type":"ImageObject","inLanguage":"es","@id":"https:\/\/stagpartynight.com\/it\/product\/dominatrice-ibiza\/#primaryimage","url":"https:\/\/stagpartynight.com\/it\/wp-content\/uploads\/sites\/10\/2023\/12\/Dominatrice-Ibiza.jpg","contentUrl":"https:\/\/stagpartynight.com\/it\/wp-content\/uploads\/sites\/10\/2023\/12\/Dominatrice-Ibiza.jpg","width":1280,"height":960,"caption":"Dominatrice Ibiza"},{"@type":"BreadcrumbList","@id":"https:\/\/stagpartynight.com\/it\/product\/dominatrice-ibiza\/#breadcrumb","itemListElement":[{"@type":"ListItem","position":1,"name":"Home","item":"https:\/\/stagpartynight.com\/it\/"},{"@type":"ListItem","position":2,"name":"Tienda","item":"https:\/\/stagpartynight.com\/it\/tienda\/"},{"@type":"ListItem","position":3,"name":"Dominatrice Ibiza"}]},{"@type":"WebSite","@id":"https:\/\/stagpartynight.com\/it\/#website","url":"https:\/\/stagpartynight.com\/it\/","name":"Stag Party Night","description":"Your Stag Party Customized","publisher":{"@id":"https:\/\/stagpartynight.com\/it\/#organization"},"potentialAction":[{"@type":"SearchAction","target":{"@type":"EntryPoint","urlTemplate":"https:\/\/stagpartynight.com\/it\/?s={search_term_string}"},"query-input":{"@type":"PropertyValueSpecification","valueRequired":true,"valueName":"search_term_string"}}],"inLanguage":"es"},{"@type":"Organization","@id":"https:\/\/stagpartynight.com\/it\/#organization","name":"Stag Party Night","url":"https:\/\/stagpartynight.com\/it\/","logo":{"@type":"ImageObject","inLanguage":"es","@id":"https:\/\/stagpartynight.com\/it\/#\/schema\/logo\/image\/","url":"https:\/\/stagpartynight.com\/it\/wp-content\/uploads\/sites\/10\/2019\/12\/stagpartynight-e1578565505687.png","contentUrl":"https:\/\/stagpartynight.com\/it\/wp-content\/uploads\/sites\/10\/2019\/12\/stagpartynight-e1578565505687.png","width":400,"height":400,"caption":"Stag Party Night"},"image":{"@id":"https:\/\/stagpartynight.com\/it\/#\/schema\/logo\/image\/"}}]}},"_links":{"self":[{"href":"https:\/\/stagpartynight.com\/it\/wp-json\/wp\/v2\/product\/3669","targetHints":{"allow":["GET"]}}],"collection":[{"href":"https:\/\/stagpartynight.com\/it\/wp-json\/wp\/v2\/product"}],"about":[{"href":"https:\/\/stagpartynight.com\/it\/wp-json\/wp\/v2\/types\/product"}],"replies":[{"embeddable":true,"href":"https:\/\/stagpartynight.com\/it\/wp-json\/wp\/v2\/comments?post=3669"}],"wp:featuredmedia":[{"embeddable":true,"href":"https:\/\/stagpartynight.com\/it\/wp-json\/wp\/v2\/media\/3670"}],"wp:attachment":[{"href":"https:\/\/stagpartynight.com\/it\/wp-json\/wp\/v2\/media?parent=3669"}],"wp:term":[{"taxonomy":"product_brand","embeddable":true,"href":"https:\/\/stagpartynight.com\/it\/wp-json\/wp\/v2\/product_brand?post=3669"},{"taxonomy":"product_cat","embeddable":true,"href":"https:\/\/stagpartynight.com\/it\/wp-json\/wp\/v2\/product_cat?post=3669"},{"taxonomy":"product_tag","embeddable":true,"href":"https:\/\/stagpartynight.com\/it\/wp-json\/wp\/v2\/product_tag?post=3669"}],"curies":[{"name":"wp","href":"https:\/\/api.w.org\/{rel}","templated":true}]}}