{"id":3673,"date":"2023-12-14T13:48:28","date_gmt":"2023-12-14T12:48:28","guid":{"rendered":"https:\/\/stagpartynight.com\/it\/?post_type=product&#038;p=3673"},"modified":"2024-01-30T10:52:11","modified_gmt":"2024-01-30T09:52:11","slug":"spogliarellista-maschio-ibiza","status":"publish","type":"product","link":"https:\/\/stagpartynight.com\/it\/product\/spogliarellista-maschio-ibiza\/","title":{"rendered":"Spogliarellista maschio Ibiza"},"content":{"rendered":"<p>Spogliarellista maschio Ibiza. Alza il tiro con la ballerina sexy che far\u00e0 pensare alla sposa di sposarsi. Puro muscolo e puro fuoco.<\/p>\n<p>Le migliori feste di addio al celibato con <a href=\"https:\/\/stagpartynight.com\/\">StagParty<\/a><\/p>\n<h2>Spogliarellista maschio Ibiza<\/h2>\n<p>Provate la sensualit\u00e0 e il divertimento: un uomo davvero sexy pronto a sedurre la sposa! \ud83d\udc83\ud83c\udfb6\ud83d\udd25<\/p>\n<p>Prenotate un momento di puro erotismo e divertimento con il nostro esclusivo spettacolo di danza sensuale di quindici minuti. Un uomo con un corpo da urlo pronto a dimostrare alla sposa che forse sposarsi non \u00e8 l&#8217;idea migliore&#8230;.<\/p>\n<p>\ud83c\udf1f Erotismo puro:<\/p>\n<p>Il nostro uomo non solo user\u00e0 una sedia per accogliere la sposa, ma la far\u00e0 anche ballare al ritmo della musica pi\u00f9 sensuale. La temperatura salir\u00e0 cos\u00ec tanto che lui dovr\u00e0 iniziare a togliersi i vestiti&#8230;.<\/p>\n<p>\ud83d\udc83 Un&#8217;esperienza su misura per voi:<\/p>\n<p>Questo spettacolo ruota intorno alla sposa. La ballerina si muover\u00e0 dove vorrete, garantendovi un&#8217;esperienza personalizzata e unica. In un ambiente intimo a casa vostra o in un luogo speciale, preparatevi a essere protagonisti di uno spettacolo indimenticabile.<\/p>\n<p>\ud83d\udd25 Uno spettacolo che lascia il segno:<\/p>\n<p>L&#8217;atmosfera sensuale, l&#8217;aumento della temperatura e tutte le vostre amiche che guardano le mosse sexy del ragazzo. Ogni movimento \u00e8 studiato per eccitare&#8230;<br \/>\nGodetevi il peccato a <a href=\"https:\/\/es.wikipedia.org\/wiki\/Ibiza\">Ibiza<\/a><\/p>\n","protected":false},"excerpt":{"rendered":"<p>Spogliarellista maschio Ibiza. Alza il tiro con la ballerina sexy che far\u00e0 pensare alla sposa di sposarsi. Puro muscolo e puro fuoco. Le migliori feste di addio al celibato con StagParty Spogliarellista maschio Ibiza Provate la sensualit\u00e0 e il divertimento: un uomo davvero sexy pronto a sedurre la sposa! \ud83d\udc83\ud83c\udfb6\ud83d\udd25 Prenotate un momento di puro [&hellip;]<\/p>\n","protected":false},"featured_media":3674,"comment_status":"open","ping_status":"closed","template":"","meta":{"_et_pb_use_builder":"","_et_pb_old_content":"","_et_gb_content_width":""},"product_brand":[],"product_cat":[19,113],"product_tag":[],"class_list":{"0":"post-3673","1":"product","2":"type-product","3":"status-publish","4":"has-post-thumbnail","6":"product_cat-sin-categorizar","7":"product_cat-ibiza","9":"first","10":"instock","11":"shipping-taxable","12":"product-type-simple"},"yoast_head":"<!-- This site is optimized with the Yoast SEO plugin v26.4 - https:\/\/yoast.com\/wordpress\/plugins\/seo\/ -->\n<title>Spogliarellista maschio Ibiza<\/title>\n<meta name=\"description\" content=\"Spogliarellista maschio Ibiza. Alza il tiro con la ballerina sexy che far\u00e0 pensare alla sposa di sposarsi. Puro muscolo e puro fuoco.\u00a0\" \/>\n<meta name=\"robots\" content=\"index, follow, max-snippet:-1, max-image-preview:large, max-video-preview:-1\" \/>\n<link rel=\"canonical\" href=\"https:\/\/stagpartynight.com\/it\/product\/spogliarellista-maschio-ibiza\/\" \/>\n<meta property=\"og:locale\" content=\"es_ES\" \/>\n<meta property=\"og:type\" content=\"article\" \/>\n<meta property=\"og:title\" content=\"Spogliarellista maschio Ibiza\" \/>\n<meta property=\"og:description\" content=\"Spogliarellista maschio Ibiza. Alza il tiro con la ballerina sexy che far\u00e0 pensare alla sposa di sposarsi. Puro muscolo e puro fuoco.\u00a0\" \/>\n<meta property=\"og:url\" content=\"https:\/\/stagpartynight.com\/it\/product\/spogliarellista-maschio-ibiza\/\" \/>\n<meta property=\"og:site_name\" content=\"Addii - Scopri le idee pi\u00f9 originali per il tuo prossimo addio\" \/>\n<meta property=\"article:modified_time\" content=\"2024-01-30T09:52:11+00:00\" \/>\n<meta property=\"og:image\" content=\"https:\/\/stagpartynight.com\/it\/wp-content\/uploads\/sites\/10\/2023\/12\/Spogliarellista-maschio-Ibiza.jpg\" \/>\n\t<meta property=\"og:image:width\" content=\"236\" \/>\n\t<meta property=\"og:image:height\" content=\"354\" \/>\n\t<meta property=\"og:image:type\" content=\"image\/jpeg\" \/>\n<meta name=\"twitter:card\" content=\"summary_large_image\" \/>\n<meta name=\"twitter:label1\" content=\"Tiempo de lectura\" \/>\n\t<meta name=\"twitter:data1\" content=\"1 minuto\" \/>\n<script type=\"application\/ld+json\" class=\"yoast-schema-graph\">{\"@context\":\"https:\/\/schema.org\",\"@graph\":[{\"@type\":\"WebPage\",\"@id\":\"https:\/\/stagpartynight.com\/it\/product\/spogliarellista-maschio-ibiza\/\",\"url\":\"https:\/\/stagpartynight.com\/it\/product\/spogliarellista-maschio-ibiza\/\",\"name\":\"Spogliarellista maschio Ibiza\",\"isPartOf\":{\"@id\":\"https:\/\/stagpartynight.com\/it\/#website\"},\"primaryImageOfPage\":{\"@id\":\"https:\/\/stagpartynight.com\/it\/product\/spogliarellista-maschio-ibiza\/#primaryimage\"},\"image\":{\"@id\":\"https:\/\/stagpartynight.com\/it\/product\/spogliarellista-maschio-ibiza\/#primaryimage\"},\"thumbnailUrl\":\"https:\/\/stagpartynight.com\/it\/wp-content\/uploads\/sites\/10\/2023\/12\/Spogliarellista-maschio-Ibiza.jpg\",\"datePublished\":\"2023-12-14T12:48:28+00:00\",\"dateModified\":\"2024-01-30T09:52:11+00:00\",\"description\":\"Spogliarellista maschio Ibiza. Alza il tiro con la ballerina sexy che far\u00e0 pensare alla sposa di sposarsi. Puro muscolo e puro fuoco.\u00a0\",\"breadcrumb\":{\"@id\":\"https:\/\/stagpartynight.com\/it\/product\/spogliarellista-maschio-ibiza\/#breadcrumb\"},\"inLanguage\":\"es\",\"potentialAction\":[{\"@type\":\"ReadAction\",\"target\":[\"https:\/\/stagpartynight.com\/it\/product\/spogliarellista-maschio-ibiza\/\"]}]},{\"@type\":\"ImageObject\",\"inLanguage\":\"es\",\"@id\":\"https:\/\/stagpartynight.com\/it\/product\/spogliarellista-maschio-ibiza\/#primaryimage\",\"url\":\"https:\/\/stagpartynight.com\/it\/wp-content\/uploads\/sites\/10\/2023\/12\/Spogliarellista-maschio-Ibiza.jpg\",\"contentUrl\":\"https:\/\/stagpartynight.com\/it\/wp-content\/uploads\/sites\/10\/2023\/12\/Spogliarellista-maschio-Ibiza.jpg\",\"width\":236,\"height\":354,\"caption\":\"Spogliarellista maschio Ibiza\"},{\"@type\":\"BreadcrumbList\",\"@id\":\"https:\/\/stagpartynight.com\/it\/product\/spogliarellista-maschio-ibiza\/#breadcrumb\",\"itemListElement\":[{\"@type\":\"ListItem\",\"position\":1,\"name\":\"Home\",\"item\":\"https:\/\/stagpartynight.com\/it\/\"},{\"@type\":\"ListItem\",\"position\":2,\"name\":\"Tienda\",\"item\":\"https:\/\/stagpartynight.com\/it\/tienda\/\"},{\"@type\":\"ListItem\",\"position\":3,\"name\":\"Spogliarellista maschio Ibiza\"}]},{\"@type\":\"WebSite\",\"@id\":\"https:\/\/stagpartynight.com\/it\/#website\",\"url\":\"https:\/\/stagpartynight.com\/it\/\",\"name\":\"Stag Party Night\",\"description\":\"Your Stag Party Customized\",\"publisher\":{\"@id\":\"https:\/\/stagpartynight.com\/it\/#organization\"},\"potentialAction\":[{\"@type\":\"SearchAction\",\"target\":{\"@type\":\"EntryPoint\",\"urlTemplate\":\"https:\/\/stagpartynight.com\/it\/?s={search_term_string}\"},\"query-input\":{\"@type\":\"PropertyValueSpecification\",\"valueRequired\":true,\"valueName\":\"search_term_string\"}}],\"inLanguage\":\"es\"},{\"@type\":\"Organization\",\"@id\":\"https:\/\/stagpartynight.com\/it\/#organization\",\"name\":\"Stag Party Night\",\"url\":\"https:\/\/stagpartynight.com\/it\/\",\"logo\":{\"@type\":\"ImageObject\",\"inLanguage\":\"es\",\"@id\":\"https:\/\/stagpartynight.com\/it\/#\/schema\/logo\/image\/\",\"url\":\"https:\/\/stagpartynight.com\/it\/wp-content\/uploads\/sites\/10\/2019\/12\/stagpartynight-e1578565505687.png\",\"contentUrl\":\"https:\/\/stagpartynight.com\/it\/wp-content\/uploads\/sites\/10\/2019\/12\/stagpartynight-e1578565505687.png\",\"width\":400,\"height\":400,\"caption\":\"Stag Party Night\"},\"image\":{\"@id\":\"https:\/\/stagpartynight.com\/it\/#\/schema\/logo\/image\/\"}}]}<\/script>\n<!-- \/ Yoast SEO plugin. -->","yoast_head_json":{"title":"Spogliarellista maschio Ibiza","description":"Spogliarellista maschio Ibiza. Alza il tiro con la ballerina sexy che far\u00e0 pensare alla sposa di sposarsi. Puro muscolo e puro fuoco.\u00a0","robots":{"index":"index","follow":"follow","max-snippet":"max-snippet:-1","max-image-preview":"max-image-preview:large","max-video-preview":"max-video-preview:-1"},"canonical":"https:\/\/stagpartynight.com\/it\/product\/spogliarellista-maschio-ibiza\/","og_locale":"es_ES","og_type":"article","og_title":"Spogliarellista maschio Ibiza","og_description":"Spogliarellista maschio Ibiza. Alza il tiro con la ballerina sexy che far\u00e0 pensare alla sposa di sposarsi. Puro muscolo e puro fuoco.\u00a0","og_url":"https:\/\/stagpartynight.com\/it\/product\/spogliarellista-maschio-ibiza\/","og_site_name":"Addii - Scopri le idee pi\u00f9 originali per il tuo prossimo addio","article_modified_time":"2024-01-30T09:52:11+00:00","og_image":[{"width":236,"height":354,"url":"https:\/\/stagpartynight.com\/it\/wp-content\/uploads\/sites\/10\/2023\/12\/Spogliarellista-maschio-Ibiza.jpg","type":"image\/jpeg"}],"twitter_card":"summary_large_image","twitter_misc":{"Tiempo de lectura":"1 minuto"},"schema":{"@context":"https:\/\/schema.org","@graph":[{"@type":"WebPage","@id":"https:\/\/stagpartynight.com\/it\/product\/spogliarellista-maschio-ibiza\/","url":"https:\/\/stagpartynight.com\/it\/product\/spogliarellista-maschio-ibiza\/","name":"Spogliarellista maschio Ibiza","isPartOf":{"@id":"https:\/\/stagpartynight.com\/it\/#website"},"primaryImageOfPage":{"@id":"https:\/\/stagpartynight.com\/it\/product\/spogliarellista-maschio-ibiza\/#primaryimage"},"image":{"@id":"https:\/\/stagpartynight.com\/it\/product\/spogliarellista-maschio-ibiza\/#primaryimage"},"thumbnailUrl":"https:\/\/stagpartynight.com\/it\/wp-content\/uploads\/sites\/10\/2023\/12\/Spogliarellista-maschio-Ibiza.jpg","datePublished":"2023-12-14T12:48:28+00:00","dateModified":"2024-01-30T09:52:11+00:00","description":"Spogliarellista maschio Ibiza. Alza il tiro con la ballerina sexy che far\u00e0 pensare alla sposa di sposarsi. Puro muscolo e puro fuoco.\u00a0","breadcrumb":{"@id":"https:\/\/stagpartynight.com\/it\/product\/spogliarellista-maschio-ibiza\/#breadcrumb"},"inLanguage":"es","potentialAction":[{"@type":"ReadAction","target":["https:\/\/stagpartynight.com\/it\/product\/spogliarellista-maschio-ibiza\/"]}]},{"@type":"ImageObject","inLanguage":"es","@id":"https:\/\/stagpartynight.com\/it\/product\/spogliarellista-maschio-ibiza\/#primaryimage","url":"https:\/\/stagpartynight.com\/it\/wp-content\/uploads\/sites\/10\/2023\/12\/Spogliarellista-maschio-Ibiza.jpg","contentUrl":"https:\/\/stagpartynight.com\/it\/wp-content\/uploads\/sites\/10\/2023\/12\/Spogliarellista-maschio-Ibiza.jpg","width":236,"height":354,"caption":"Spogliarellista maschio Ibiza"},{"@type":"BreadcrumbList","@id":"https:\/\/stagpartynight.com\/it\/product\/spogliarellista-maschio-ibiza\/#breadcrumb","itemListElement":[{"@type":"ListItem","position":1,"name":"Home","item":"https:\/\/stagpartynight.com\/it\/"},{"@type":"ListItem","position":2,"name":"Tienda","item":"https:\/\/stagpartynight.com\/it\/tienda\/"},{"@type":"ListItem","position":3,"name":"Spogliarellista maschio Ibiza"}]},{"@type":"WebSite","@id":"https:\/\/stagpartynight.com\/it\/#website","url":"https:\/\/stagpartynight.com\/it\/","name":"Stag Party Night","description":"Your Stag Party Customized","publisher":{"@id":"https:\/\/stagpartynight.com\/it\/#organization"},"potentialAction":[{"@type":"SearchAction","target":{"@type":"EntryPoint","urlTemplate":"https:\/\/stagpartynight.com\/it\/?s={search_term_string}"},"query-input":{"@type":"PropertyValueSpecification","valueRequired":true,"valueName":"search_term_string"}}],"inLanguage":"es"},{"@type":"Organization","@id":"https:\/\/stagpartynight.com\/it\/#organization","name":"Stag Party Night","url":"https:\/\/stagpartynight.com\/it\/","logo":{"@type":"ImageObject","inLanguage":"es","@id":"https:\/\/stagpartynight.com\/it\/#\/schema\/logo\/image\/","url":"https:\/\/stagpartynight.com\/it\/wp-content\/uploads\/sites\/10\/2019\/12\/stagpartynight-e1578565505687.png","contentUrl":"https:\/\/stagpartynight.com\/it\/wp-content\/uploads\/sites\/10\/2019\/12\/stagpartynight-e1578565505687.png","width":400,"height":400,"caption":"Stag Party Night"},"image":{"@id":"https:\/\/stagpartynight.com\/it\/#\/schema\/logo\/image\/"}}]}},"_links":{"self":[{"href":"https:\/\/stagpartynight.com\/it\/wp-json\/wp\/v2\/product\/3673","targetHints":{"allow":["GET"]}}],"collection":[{"href":"https:\/\/stagpartynight.com\/it\/wp-json\/wp\/v2\/product"}],"about":[{"href":"https:\/\/stagpartynight.com\/it\/wp-json\/wp\/v2\/types\/product"}],"replies":[{"embeddable":true,"href":"https:\/\/stagpartynight.com\/it\/wp-json\/wp\/v2\/comments?post=3673"}],"wp:featuredmedia":[{"embeddable":true,"href":"https:\/\/stagpartynight.com\/it\/wp-json\/wp\/v2\/media\/3674"}],"wp:attachment":[{"href":"https:\/\/stagpartynight.com\/it\/wp-json\/wp\/v2\/media?parent=3673"}],"wp:term":[{"taxonomy":"product_brand","embeddable":true,"href":"https:\/\/stagpartynight.com\/it\/wp-json\/wp\/v2\/product_brand?post=3673"},{"taxonomy":"product_cat","embeddable":true,"href":"https:\/\/stagpartynight.com\/it\/wp-json\/wp\/v2\/product_cat?post=3673"},{"taxonomy":"product_tag","embeddable":true,"href":"https:\/\/stagpartynight.com\/it\/wp-json\/wp\/v2\/product_tag?post=3673"}],"curies":[{"name":"wp","href":"https:\/\/api.w.org\/{rel}","templated":true}]}}