{"id":3678,"date":"2023-12-27T11:29:22","date_gmt":"2023-12-27T10:29:22","guid":{"rendered":"https:\/\/stagpartynight.com\/it\/?post_type=product&#038;p=3678"},"modified":"2024-01-30T10:52:10","modified_gmt":"2024-01-30T09:52:10","slug":"sexy-majordome-de-ibiza","status":"publish","type":"product","link":"https:\/\/stagpartynight.com\/it\/product\/sexy-majordome-de-ibiza\/","title":{"rendered":"Sexy Majordome de Ibiza"},"content":{"rendered":"<p>Sexy Majordome de Ibiza. Siete pronti a godervi un&#8217;ora con un maggiordomo svestito pronto a servirvi?<\/p>\n<p>Le migliori feste di addio al celibato e al nubilato con <a href=\"https:\/\/stagpartynight.com\/\">StagParty<\/a><\/p>\n<h2>Sexy Majordome de Ibiza\ud83d\udd25<\/h2>\n<p>Godetevi un&#8217;ora di maggiordomo che sar\u00e0 al vostro servizio per qualsiasi cosa&#8230;<\/p>\n<h5><strong>Come?\ud83d\udd14<\/strong><\/h5>\n<p>Vi assicuriamo che il nostro maggiordomo vi lascer\u00e0 a bocca aperta e alzer\u00e0 la temperatura della stanza non appena varcher\u00e0 la porta.<br \/>\nUna fantasia erotica che diventa realt\u00e0: un uomo di muscoli, fuoco e pochi vestiti. Il nostro maggiordomo indossa solo un grembiule (che copre solo la parte anteriore del corpo&#8230;), con un papillon e senza biancheria intima.<br \/>\nA chi non piacerebbe avere un maggiordomo senza vestiti per un&#8217;ora?<\/p>\n<p>&nbsp;<\/p>\n<h5>Quando?<\/h5>\n<p>Durante la vostra vacanza a Ibiza. L&#8217;isola \u00e8 puro fuoco, puro divertimento. Il maggiordomo \u00e8 disponibile tutti i giorni a tutte le ore. Non pensateci due volte e trasformate la vostra vacanza a Ibiza in un sogno che diventa realt\u00e0.<\/p>\n<p>&nbsp;<\/p>\n<h5>Dove?\u2708\ufe0f<\/h5>\n<p>Il nostro maggiordomo \u00e8 cos\u00ec attento&#8230; Verr\u00e0 nel vostro hotel o nella vostra villa. Un servizio totalmente privato.<\/p>\n<p>&nbsp;<\/p>\n<h5>Perch\u00e9?<\/h5>\n<p>Ogni donna vorrebbe avere un uomo totalmente al proprio servizio per un&#8217;ora. Ma se gli togliamo i vestiti&#8230; diventa ancora pi\u00f9 bello!<br \/>\nUn&#8217;esperienza erotica, divertente e unica per vivere <a href=\"https:\/\/es.wikipedia.org\/wiki\/Ibiza\">Ibiza<\/a> in modo originale.\ud83d\udd25<\/p>\n<p>&nbsp;<\/p>\n<p>&nbsp;<\/p>\n","protected":false},"excerpt":{"rendered":"<p>Sexy Majordome de Ibiza. Siete pronti a godervi un&#8217;ora con un maggiordomo svestito pronto a servirvi? Le migliori feste di addio al celibato e al nubilato con StagParty Sexy Majordome de Ibiza\ud83d\udd25 Godetevi un&#8217;ora di maggiordomo che sar\u00e0 al vostro servizio per qualsiasi cosa&#8230; Come?\ud83d\udd14 Vi assicuriamo che il nostro maggiordomo vi lascer\u00e0 a bocca [&hellip;]<\/p>\n","protected":false},"featured_media":3679,"comment_status":"open","ping_status":"closed","template":"","meta":{"_et_pb_use_builder":"","_et_pb_old_content":"","_et_gb_content_width":""},"product_brand":[],"product_cat":[19,113],"product_tag":[],"class_list":{"0":"post-3678","1":"product","2":"type-product","3":"status-publish","4":"has-post-thumbnail","6":"product_cat-sin-categorizar","7":"product_cat-ibiza","9":"first","10":"instock","11":"shipping-taxable","12":"product-type-simple"},"yoast_head":"<!-- This site is optimized with the Yoast SEO plugin v26.4 - https:\/\/yoast.com\/wordpress\/plugins\/seo\/ -->\n<title>Sexy Majordome de Ibiza<\/title>\n<meta name=\"description\" content=\"Sexy Majordome de Ibiza. Siete pronti a godervi un&#039;ora con un maggiordomo svestito pronto a servirvi? Servizio privato e a domicilio.\" \/>\n<meta name=\"robots\" content=\"index, follow, max-snippet:-1, max-image-preview:large, max-video-preview:-1\" \/>\n<link rel=\"canonical\" href=\"https:\/\/stagpartynight.com\/it\/product\/sexy-majordome-de-ibiza\/\" \/>\n<meta property=\"og:locale\" content=\"es_ES\" \/>\n<meta property=\"og:type\" content=\"article\" \/>\n<meta property=\"og:title\" content=\"Sexy Majordome de Ibiza\" \/>\n<meta property=\"og:description\" content=\"Sexy Majordome de Ibiza. Siete pronti a godervi un&#039;ora con un maggiordomo svestito pronto a servirvi? Servizio privato e a domicilio.\" \/>\n<meta property=\"og:url\" content=\"https:\/\/stagpartynight.com\/it\/product\/sexy-majordome-de-ibiza\/\" \/>\n<meta property=\"og:site_name\" content=\"Addii - Scopri le idee pi\u00f9 originali per il tuo prossimo addio\" \/>\n<meta property=\"article:modified_time\" content=\"2024-01-30T09:52:10+00:00\" \/>\n<meta property=\"og:image\" content=\"https:\/\/stagpartynight.com\/it\/wp-content\/uploads\/sites\/10\/2023\/12\/Sexy-Majordome-de-Ibiza.jpg\" \/>\n\t<meta property=\"og:image:width\" content=\"900\" \/>\n\t<meta property=\"og:image:height\" content=\"720\" \/>\n\t<meta property=\"og:image:type\" content=\"image\/jpeg\" \/>\n<meta name=\"twitter:card\" content=\"summary_large_image\" \/>\n<meta name=\"twitter:label1\" content=\"Tiempo de lectura\" \/>\n\t<meta name=\"twitter:data1\" content=\"1 minuto\" \/>\n<script type=\"application\/ld+json\" class=\"yoast-schema-graph\">{\"@context\":\"https:\/\/schema.org\",\"@graph\":[{\"@type\":\"WebPage\",\"@id\":\"https:\/\/stagpartynight.com\/it\/product\/sexy-majordome-de-ibiza\/\",\"url\":\"https:\/\/stagpartynight.com\/it\/product\/sexy-majordome-de-ibiza\/\",\"name\":\"Sexy Majordome de Ibiza\",\"isPartOf\":{\"@id\":\"https:\/\/stagpartynight.com\/it\/#website\"},\"primaryImageOfPage\":{\"@id\":\"https:\/\/stagpartynight.com\/it\/product\/sexy-majordome-de-ibiza\/#primaryimage\"},\"image\":{\"@id\":\"https:\/\/stagpartynight.com\/it\/product\/sexy-majordome-de-ibiza\/#primaryimage\"},\"thumbnailUrl\":\"https:\/\/stagpartynight.com\/it\/wp-content\/uploads\/sites\/10\/2023\/12\/Sexy-Majordome-de-Ibiza.jpg\",\"datePublished\":\"2023-12-27T10:29:22+00:00\",\"dateModified\":\"2024-01-30T09:52:10+00:00\",\"description\":\"Sexy Majordome de Ibiza. Siete pronti a godervi un'ora con un maggiordomo svestito pronto a servirvi? Servizio privato e a domicilio.\",\"breadcrumb\":{\"@id\":\"https:\/\/stagpartynight.com\/it\/product\/sexy-majordome-de-ibiza\/#breadcrumb\"},\"inLanguage\":\"es\",\"potentialAction\":[{\"@type\":\"ReadAction\",\"target\":[\"https:\/\/stagpartynight.com\/it\/product\/sexy-majordome-de-ibiza\/\"]}]},{\"@type\":\"ImageObject\",\"inLanguage\":\"es\",\"@id\":\"https:\/\/stagpartynight.com\/it\/product\/sexy-majordome-de-ibiza\/#primaryimage\",\"url\":\"https:\/\/stagpartynight.com\/it\/wp-content\/uploads\/sites\/10\/2023\/12\/Sexy-Majordome-de-Ibiza.jpg\",\"contentUrl\":\"https:\/\/stagpartynight.com\/it\/wp-content\/uploads\/sites\/10\/2023\/12\/Sexy-Majordome-de-Ibiza.jpg\",\"width\":900,\"height\":720,\"caption\":\"Maggiordomo Sexy Maiorca\"},{\"@type\":\"BreadcrumbList\",\"@id\":\"https:\/\/stagpartynight.com\/it\/product\/sexy-majordome-de-ibiza\/#breadcrumb\",\"itemListElement\":[{\"@type\":\"ListItem\",\"position\":1,\"name\":\"Home\",\"item\":\"https:\/\/stagpartynight.com\/it\/\"},{\"@type\":\"ListItem\",\"position\":2,\"name\":\"Tienda\",\"item\":\"https:\/\/stagpartynight.com\/it\/tienda\/\"},{\"@type\":\"ListItem\",\"position\":3,\"name\":\"Sexy Majordome de Ibiza\"}]},{\"@type\":\"WebSite\",\"@id\":\"https:\/\/stagpartynight.com\/it\/#website\",\"url\":\"https:\/\/stagpartynight.com\/it\/\",\"name\":\"Stag Party Night\",\"description\":\"Your Stag Party Customized\",\"publisher\":{\"@id\":\"https:\/\/stagpartynight.com\/it\/#organization\"},\"potentialAction\":[{\"@type\":\"SearchAction\",\"target\":{\"@type\":\"EntryPoint\",\"urlTemplate\":\"https:\/\/stagpartynight.com\/it\/?s={search_term_string}\"},\"query-input\":{\"@type\":\"PropertyValueSpecification\",\"valueRequired\":true,\"valueName\":\"search_term_string\"}}],\"inLanguage\":\"es\"},{\"@type\":\"Organization\",\"@id\":\"https:\/\/stagpartynight.com\/it\/#organization\",\"name\":\"Stag Party Night\",\"url\":\"https:\/\/stagpartynight.com\/it\/\",\"logo\":{\"@type\":\"ImageObject\",\"inLanguage\":\"es\",\"@id\":\"https:\/\/stagpartynight.com\/it\/#\/schema\/logo\/image\/\",\"url\":\"https:\/\/stagpartynight.com\/it\/wp-content\/uploads\/sites\/10\/2019\/12\/stagpartynight-e1578565505687.png\",\"contentUrl\":\"https:\/\/stagpartynight.com\/it\/wp-content\/uploads\/sites\/10\/2019\/12\/stagpartynight-e1578565505687.png\",\"width\":400,\"height\":400,\"caption\":\"Stag Party Night\"},\"image\":{\"@id\":\"https:\/\/stagpartynight.com\/it\/#\/schema\/logo\/image\/\"}}]}<\/script>\n<!-- \/ Yoast SEO plugin. -->","yoast_head_json":{"title":"Sexy Majordome de Ibiza","description":"Sexy Majordome de Ibiza. Siete pronti a godervi un'ora con un maggiordomo svestito pronto a servirvi? Servizio privato e a domicilio.","robots":{"index":"index","follow":"follow","max-snippet":"max-snippet:-1","max-image-preview":"max-image-preview:large","max-video-preview":"max-video-preview:-1"},"canonical":"https:\/\/stagpartynight.com\/it\/product\/sexy-majordome-de-ibiza\/","og_locale":"es_ES","og_type":"article","og_title":"Sexy Majordome de Ibiza","og_description":"Sexy Majordome de Ibiza. Siete pronti a godervi un'ora con un maggiordomo svestito pronto a servirvi? Servizio privato e a domicilio.","og_url":"https:\/\/stagpartynight.com\/it\/product\/sexy-majordome-de-ibiza\/","og_site_name":"Addii - Scopri le idee pi\u00f9 originali per il tuo prossimo addio","article_modified_time":"2024-01-30T09:52:10+00:00","og_image":[{"width":900,"height":720,"url":"https:\/\/stagpartynight.com\/it\/wp-content\/uploads\/sites\/10\/2023\/12\/Sexy-Majordome-de-Ibiza.jpg","type":"image\/jpeg"}],"twitter_card":"summary_large_image","twitter_misc":{"Tiempo de lectura":"1 minuto"},"schema":{"@context":"https:\/\/schema.org","@graph":[{"@type":"WebPage","@id":"https:\/\/stagpartynight.com\/it\/product\/sexy-majordome-de-ibiza\/","url":"https:\/\/stagpartynight.com\/it\/product\/sexy-majordome-de-ibiza\/","name":"Sexy Majordome de Ibiza","isPartOf":{"@id":"https:\/\/stagpartynight.com\/it\/#website"},"primaryImageOfPage":{"@id":"https:\/\/stagpartynight.com\/it\/product\/sexy-majordome-de-ibiza\/#primaryimage"},"image":{"@id":"https:\/\/stagpartynight.com\/it\/product\/sexy-majordome-de-ibiza\/#primaryimage"},"thumbnailUrl":"https:\/\/stagpartynight.com\/it\/wp-content\/uploads\/sites\/10\/2023\/12\/Sexy-Majordome-de-Ibiza.jpg","datePublished":"2023-12-27T10:29:22+00:00","dateModified":"2024-01-30T09:52:10+00:00","description":"Sexy Majordome de Ibiza. Siete pronti a godervi un'ora con un maggiordomo svestito pronto a servirvi? Servizio privato e a domicilio.","breadcrumb":{"@id":"https:\/\/stagpartynight.com\/it\/product\/sexy-majordome-de-ibiza\/#breadcrumb"},"inLanguage":"es","potentialAction":[{"@type":"ReadAction","target":["https:\/\/stagpartynight.com\/it\/product\/sexy-majordome-de-ibiza\/"]}]},{"@type":"ImageObject","inLanguage":"es","@id":"https:\/\/stagpartynight.com\/it\/product\/sexy-majordome-de-ibiza\/#primaryimage","url":"https:\/\/stagpartynight.com\/it\/wp-content\/uploads\/sites\/10\/2023\/12\/Sexy-Majordome-de-Ibiza.jpg","contentUrl":"https:\/\/stagpartynight.com\/it\/wp-content\/uploads\/sites\/10\/2023\/12\/Sexy-Majordome-de-Ibiza.jpg","width":900,"height":720,"caption":"Maggiordomo Sexy Maiorca"},{"@type":"BreadcrumbList","@id":"https:\/\/stagpartynight.com\/it\/product\/sexy-majordome-de-ibiza\/#breadcrumb","itemListElement":[{"@type":"ListItem","position":1,"name":"Home","item":"https:\/\/stagpartynight.com\/it\/"},{"@type":"ListItem","position":2,"name":"Tienda","item":"https:\/\/stagpartynight.com\/it\/tienda\/"},{"@type":"ListItem","position":3,"name":"Sexy Majordome de Ibiza"}]},{"@type":"WebSite","@id":"https:\/\/stagpartynight.com\/it\/#website","url":"https:\/\/stagpartynight.com\/it\/","name":"Stag Party Night","description":"Your Stag Party Customized","publisher":{"@id":"https:\/\/stagpartynight.com\/it\/#organization"},"potentialAction":[{"@type":"SearchAction","target":{"@type":"EntryPoint","urlTemplate":"https:\/\/stagpartynight.com\/it\/?s={search_term_string}"},"query-input":{"@type":"PropertyValueSpecification","valueRequired":true,"valueName":"search_term_string"}}],"inLanguage":"es"},{"@type":"Organization","@id":"https:\/\/stagpartynight.com\/it\/#organization","name":"Stag Party Night","url":"https:\/\/stagpartynight.com\/it\/","logo":{"@type":"ImageObject","inLanguage":"es","@id":"https:\/\/stagpartynight.com\/it\/#\/schema\/logo\/image\/","url":"https:\/\/stagpartynight.com\/it\/wp-content\/uploads\/sites\/10\/2019\/12\/stagpartynight-e1578565505687.png","contentUrl":"https:\/\/stagpartynight.com\/it\/wp-content\/uploads\/sites\/10\/2019\/12\/stagpartynight-e1578565505687.png","width":400,"height":400,"caption":"Stag Party Night"},"image":{"@id":"https:\/\/stagpartynight.com\/it\/#\/schema\/logo\/image\/"}}]}},"_links":{"self":[{"href":"https:\/\/stagpartynight.com\/it\/wp-json\/wp\/v2\/product\/3678","targetHints":{"allow":["GET"]}}],"collection":[{"href":"https:\/\/stagpartynight.com\/it\/wp-json\/wp\/v2\/product"}],"about":[{"href":"https:\/\/stagpartynight.com\/it\/wp-json\/wp\/v2\/types\/product"}],"replies":[{"embeddable":true,"href":"https:\/\/stagpartynight.com\/it\/wp-json\/wp\/v2\/comments?post=3678"}],"wp:featuredmedia":[{"embeddable":true,"href":"https:\/\/stagpartynight.com\/it\/wp-json\/wp\/v2\/media\/3679"}],"wp:attachment":[{"href":"https:\/\/stagpartynight.com\/it\/wp-json\/wp\/v2\/media?parent=3678"}],"wp:term":[{"taxonomy":"product_brand","embeddable":true,"href":"https:\/\/stagpartynight.com\/it\/wp-json\/wp\/v2\/product_brand?post=3678"},{"taxonomy":"product_cat","embeddable":true,"href":"https:\/\/stagpartynight.com\/it\/wp-json\/wp\/v2\/product_cat?post=3678"},{"taxonomy":"product_tag","embeddable":true,"href":"https:\/\/stagpartynight.com\/it\/wp-json\/wp\/v2\/product_tag?post=3678"}],"curies":[{"name":"wp","href":"https:\/\/api.w.org\/{rel}","templated":true}]}}