{"id":3718,"date":"2024-01-02T13:40:29","date_gmt":"2024-01-02T12:40:29","guid":{"rendered":"https:\/\/stagpartynight.com\/it\/?post_type=product&#038;p=3718"},"modified":"2024-01-18T12:09:49","modified_gmt":"2024-01-18T11:09:49","slug":"discoteca-bcm-maiorca","status":"publish","type":"product","link":"https:\/\/stagpartynight.com\/it\/product\/discoteca-bcm-maiorca\/","title":{"rendered":"Discoteca BCM Maiorca"},"content":{"rendered":"<p>Discoteca BCM Maiorca. Una notte a Maiorca \u00e8 d&#8217;obbligo. Prenotate i vostri biglietti per il BCM, bevande incluse!<\/p>\n<p>Le migliori feste di addio al celibato con <a href=\"https:\/\/stagpartynight.com\/\">Stagparty<\/a>!<\/p>\n<h2 style=\"text-align: center;\">Discoteca BCM Maiorca\ud83c\udf89<\/h2>\n<h4>\ud83c\udf89 Tuffatevi nella notte elettrica di Mallorque al BCM! \ud83c\udf34<\/h4>\n<p>Preparatevi per un&#8217;indimenticabile esperienza di vita notturna al BCM, l&#8217;iconica discoteca di Maiorca! \ud83d\udd7a<\/p>\n<p>Prenotate con noi per un ingresso anticipato che include un accesso VIP privilegiato e bevande incluse, garantendovi una serata memorabile in una delle destinazioni pi\u00f9 popolari della vita notturna mediterranea.<\/p>\n<p>Il BCM \u00e8 rinomato per la sua atmosfera elettrica, i suoi top DJ e gli spettacoli dal vivo che infiammano la pista da ballo. Con la nostra offerta speciale, potrete partecipare alla festa fin dall&#8217;inizio, evitando le code e godendo di un trattamento VIP esclusivo.<\/p>\n<p>La vostra serata sar\u00e0 scandita dai ritmi vivaci dei DJ internazionali, creando un&#8217;atmosfera vibrante e infuocata. Ballate le ultime hit e i classici senza tempo, circondati da una folla dinamica ed entusiasta.<\/p>\n<p>Prenotate subito la vostra esperienza al BCM e preparatevi a una notte di festa indimenticabile. Il BCM \u00e8 molto pi\u00f9 di una discoteca, \u00e8 una vera e propria destinazione dove musica, energia ed eccitazione si fondono per creare ricordi notturni eccezionali.<\/p>\n<p>Non perdete l&#8217;occasione di partecipare a questa avventura festosa. Discoteca BCM a <a href=\"https:\/\/es.wikipedia.org\/wiki\/Mallorca\">Maiorca<\/a>! \ud83c\udf1f\ud83c\udfb6\ud83c\udf79<\/p>\n","protected":false},"excerpt":{"rendered":"<p>Discoteca BCM Maiorca. Una notte a Maiorca \u00e8 d&#8217;obbligo. Prenotate i vostri biglietti per il BCM, bevande incluse! Le migliori feste di addio al celibato con Stagparty! Discoteca BCM Maiorca\ud83c\udf89 \ud83c\udf89 Tuffatevi nella notte elettrica di Mallorque al BCM! \ud83c\udf34 Preparatevi per un&#8217;indimenticabile esperienza di vita notturna al BCM, l&#8217;iconica discoteca di Maiorca! \ud83d\udd7a Prenotate [&hellip;]<\/p>\n","protected":false},"featured_media":3719,"comment_status":"open","ping_status":"closed","template":"","meta":{"_et_pb_use_builder":"","_et_pb_old_content":"","_et_gb_content_width":""},"product_brand":[],"product_cat":[19,342],"product_tag":[],"class_list":{"0":"post-3718","1":"product","2":"type-product","3":"status-publish","4":"has-post-thumbnail","6":"product_cat-sin-categorizar","7":"product_cat-mallorca","9":"first","10":"instock","11":"shipping-taxable","12":"product-type-simple"},"yoast_head":"<!-- This site is optimized with the Yoast SEO plugin v26.4 - https:\/\/yoast.com\/wordpress\/plugins\/seo\/ -->\n<title>Discoteca BCM Maiorca<\/title>\n<meta name=\"description\" content=\"Discoteca BCM Maiorca. Una notte a Maiorca \u00e8 d&#039;obbligo. Prenotate i vostri biglietti per il BCM, bevande incluse! Disco Maiorca.\" \/>\n<meta name=\"robots\" content=\"index, follow, max-snippet:-1, max-image-preview:large, max-video-preview:-1\" \/>\n<link rel=\"canonical\" href=\"https:\/\/stagpartynight.com\/it\/product\/discoteca-bcm-maiorca\/\" \/>\n<meta property=\"og:locale\" content=\"es_ES\" \/>\n<meta property=\"og:type\" content=\"article\" \/>\n<meta property=\"og:title\" content=\"Discoteca BCM Maiorca\" \/>\n<meta property=\"og:description\" content=\"Discoteca BCM Maiorca. Una notte a Maiorca \u00e8 d&#039;obbligo. Prenotate i vostri biglietti per il BCM, bevande incluse! Disco Maiorca.\" \/>\n<meta property=\"og:url\" content=\"https:\/\/stagpartynight.com\/it\/product\/discoteca-bcm-maiorca\/\" \/>\n<meta property=\"og:site_name\" content=\"Addii - Scopri le idee pi\u00f9 originali per il tuo prossimo addio\" \/>\n<meta property=\"article:modified_time\" content=\"2024-01-18T11:09:49+00:00\" \/>\n<meta property=\"og:image\" content=\"https:\/\/stagpartynight.com\/it\/wp-content\/uploads\/sites\/10\/2024\/01\/Discoteca-BCM-Maiorca.jpg\" \/>\n\t<meta property=\"og:image:width\" content=\"955\" \/>\n\t<meta property=\"og:image:height\" content=\"505\" \/>\n\t<meta property=\"og:image:type\" content=\"image\/jpeg\" \/>\n<meta name=\"twitter:card\" content=\"summary_large_image\" \/>\n<meta name=\"twitter:label1\" content=\"Tiempo de lectura\" \/>\n\t<meta name=\"twitter:data1\" content=\"1 minuto\" \/>\n<script type=\"application\/ld+json\" class=\"yoast-schema-graph\">{\"@context\":\"https:\/\/schema.org\",\"@graph\":[{\"@type\":\"WebPage\",\"@id\":\"https:\/\/stagpartynight.com\/it\/product\/discoteca-bcm-maiorca\/\",\"url\":\"https:\/\/stagpartynight.com\/it\/product\/discoteca-bcm-maiorca\/\",\"name\":\"Discoteca BCM Maiorca\",\"isPartOf\":{\"@id\":\"https:\/\/stagpartynight.com\/it\/#website\"},\"primaryImageOfPage\":{\"@id\":\"https:\/\/stagpartynight.com\/it\/product\/discoteca-bcm-maiorca\/#primaryimage\"},\"image\":{\"@id\":\"https:\/\/stagpartynight.com\/it\/product\/discoteca-bcm-maiorca\/#primaryimage\"},\"thumbnailUrl\":\"https:\/\/stagpartynight.com\/it\/wp-content\/uploads\/sites\/10\/2024\/01\/Discoteca-BCM-Maiorca.jpg\",\"datePublished\":\"2024-01-02T12:40:29+00:00\",\"dateModified\":\"2024-01-18T11:09:49+00:00\",\"description\":\"Discoteca BCM Maiorca. Una notte a Maiorca \u00e8 d'obbligo. Prenotate i vostri biglietti per il BCM, bevande incluse! Disco Maiorca.\",\"breadcrumb\":{\"@id\":\"https:\/\/stagpartynight.com\/it\/product\/discoteca-bcm-maiorca\/#breadcrumb\"},\"inLanguage\":\"es\",\"potentialAction\":[{\"@type\":\"ReadAction\",\"target\":[\"https:\/\/stagpartynight.com\/it\/product\/discoteca-bcm-maiorca\/\"]}]},{\"@type\":\"ImageObject\",\"inLanguage\":\"es\",\"@id\":\"https:\/\/stagpartynight.com\/it\/product\/discoteca-bcm-maiorca\/#primaryimage\",\"url\":\"https:\/\/stagpartynight.com\/it\/wp-content\/uploads\/sites\/10\/2024\/01\/Discoteca-BCM-Maiorca.jpg\",\"contentUrl\":\"https:\/\/stagpartynight.com\/it\/wp-content\/uploads\/sites\/10\/2024\/01\/Discoteca-BCM-Maiorca.jpg\",\"width\":955,\"height\":505,\"caption\":\"Discoteca BCM Maiorca\"},{\"@type\":\"BreadcrumbList\",\"@id\":\"https:\/\/stagpartynight.com\/it\/product\/discoteca-bcm-maiorca\/#breadcrumb\",\"itemListElement\":[{\"@type\":\"ListItem\",\"position\":1,\"name\":\"Home\",\"item\":\"https:\/\/stagpartynight.com\/it\/\"},{\"@type\":\"ListItem\",\"position\":2,\"name\":\"Tienda\",\"item\":\"https:\/\/stagpartynight.com\/it\/tienda\/\"},{\"@type\":\"ListItem\",\"position\":3,\"name\":\"Discoteca BCM Maiorca\"}]},{\"@type\":\"WebSite\",\"@id\":\"https:\/\/stagpartynight.com\/it\/#website\",\"url\":\"https:\/\/stagpartynight.com\/it\/\",\"name\":\"Stag Party Night\",\"description\":\"Your Stag Party Customized\",\"publisher\":{\"@id\":\"https:\/\/stagpartynight.com\/it\/#organization\"},\"potentialAction\":[{\"@type\":\"SearchAction\",\"target\":{\"@type\":\"EntryPoint\",\"urlTemplate\":\"https:\/\/stagpartynight.com\/it\/?s={search_term_string}\"},\"query-input\":{\"@type\":\"PropertyValueSpecification\",\"valueRequired\":true,\"valueName\":\"search_term_string\"}}],\"inLanguage\":\"es\"},{\"@type\":\"Organization\",\"@id\":\"https:\/\/stagpartynight.com\/it\/#organization\",\"name\":\"Stag Party Night\",\"url\":\"https:\/\/stagpartynight.com\/it\/\",\"logo\":{\"@type\":\"ImageObject\",\"inLanguage\":\"es\",\"@id\":\"https:\/\/stagpartynight.com\/it\/#\/schema\/logo\/image\/\",\"url\":\"https:\/\/stagpartynight.com\/it\/wp-content\/uploads\/sites\/10\/2019\/12\/stagpartynight-e1578565505687.png\",\"contentUrl\":\"https:\/\/stagpartynight.com\/it\/wp-content\/uploads\/sites\/10\/2019\/12\/stagpartynight-e1578565505687.png\",\"width\":400,\"height\":400,\"caption\":\"Stag Party Night\"},\"image\":{\"@id\":\"https:\/\/stagpartynight.com\/it\/#\/schema\/logo\/image\/\"}}]}<\/script>\n<!-- \/ Yoast SEO plugin. -->","yoast_head_json":{"title":"Discoteca BCM Maiorca","description":"Discoteca BCM Maiorca. Una notte a Maiorca \u00e8 d'obbligo. Prenotate i vostri biglietti per il BCM, bevande incluse! Disco Maiorca.","robots":{"index":"index","follow":"follow","max-snippet":"max-snippet:-1","max-image-preview":"max-image-preview:large","max-video-preview":"max-video-preview:-1"},"canonical":"https:\/\/stagpartynight.com\/it\/product\/discoteca-bcm-maiorca\/","og_locale":"es_ES","og_type":"article","og_title":"Discoteca BCM Maiorca","og_description":"Discoteca BCM Maiorca. Una notte a Maiorca \u00e8 d'obbligo. Prenotate i vostri biglietti per il BCM, bevande incluse! Disco Maiorca.","og_url":"https:\/\/stagpartynight.com\/it\/product\/discoteca-bcm-maiorca\/","og_site_name":"Addii - Scopri le idee pi\u00f9 originali per il tuo prossimo addio","article_modified_time":"2024-01-18T11:09:49+00:00","og_image":[{"width":955,"height":505,"url":"https:\/\/stagpartynight.com\/it\/wp-content\/uploads\/sites\/10\/2024\/01\/Discoteca-BCM-Maiorca.jpg","type":"image\/jpeg"}],"twitter_card":"summary_large_image","twitter_misc":{"Tiempo de lectura":"1 minuto"},"schema":{"@context":"https:\/\/schema.org","@graph":[{"@type":"WebPage","@id":"https:\/\/stagpartynight.com\/it\/product\/discoteca-bcm-maiorca\/","url":"https:\/\/stagpartynight.com\/it\/product\/discoteca-bcm-maiorca\/","name":"Discoteca BCM Maiorca","isPartOf":{"@id":"https:\/\/stagpartynight.com\/it\/#website"},"primaryImageOfPage":{"@id":"https:\/\/stagpartynight.com\/it\/product\/discoteca-bcm-maiorca\/#primaryimage"},"image":{"@id":"https:\/\/stagpartynight.com\/it\/product\/discoteca-bcm-maiorca\/#primaryimage"},"thumbnailUrl":"https:\/\/stagpartynight.com\/it\/wp-content\/uploads\/sites\/10\/2024\/01\/Discoteca-BCM-Maiorca.jpg","datePublished":"2024-01-02T12:40:29+00:00","dateModified":"2024-01-18T11:09:49+00:00","description":"Discoteca BCM Maiorca. Una notte a Maiorca \u00e8 d'obbligo. Prenotate i vostri biglietti per il BCM, bevande incluse! Disco Maiorca.","breadcrumb":{"@id":"https:\/\/stagpartynight.com\/it\/product\/discoteca-bcm-maiorca\/#breadcrumb"},"inLanguage":"es","potentialAction":[{"@type":"ReadAction","target":["https:\/\/stagpartynight.com\/it\/product\/discoteca-bcm-maiorca\/"]}]},{"@type":"ImageObject","inLanguage":"es","@id":"https:\/\/stagpartynight.com\/it\/product\/discoteca-bcm-maiorca\/#primaryimage","url":"https:\/\/stagpartynight.com\/it\/wp-content\/uploads\/sites\/10\/2024\/01\/Discoteca-BCM-Maiorca.jpg","contentUrl":"https:\/\/stagpartynight.com\/it\/wp-content\/uploads\/sites\/10\/2024\/01\/Discoteca-BCM-Maiorca.jpg","width":955,"height":505,"caption":"Discoteca BCM Maiorca"},{"@type":"BreadcrumbList","@id":"https:\/\/stagpartynight.com\/it\/product\/discoteca-bcm-maiorca\/#breadcrumb","itemListElement":[{"@type":"ListItem","position":1,"name":"Home","item":"https:\/\/stagpartynight.com\/it\/"},{"@type":"ListItem","position":2,"name":"Tienda","item":"https:\/\/stagpartynight.com\/it\/tienda\/"},{"@type":"ListItem","position":3,"name":"Discoteca BCM Maiorca"}]},{"@type":"WebSite","@id":"https:\/\/stagpartynight.com\/it\/#website","url":"https:\/\/stagpartynight.com\/it\/","name":"Stag Party Night","description":"Your Stag Party Customized","publisher":{"@id":"https:\/\/stagpartynight.com\/it\/#organization"},"potentialAction":[{"@type":"SearchAction","target":{"@type":"EntryPoint","urlTemplate":"https:\/\/stagpartynight.com\/it\/?s={search_term_string}"},"query-input":{"@type":"PropertyValueSpecification","valueRequired":true,"valueName":"search_term_string"}}],"inLanguage":"es"},{"@type":"Organization","@id":"https:\/\/stagpartynight.com\/it\/#organization","name":"Stag Party Night","url":"https:\/\/stagpartynight.com\/it\/","logo":{"@type":"ImageObject","inLanguage":"es","@id":"https:\/\/stagpartynight.com\/it\/#\/schema\/logo\/image\/","url":"https:\/\/stagpartynight.com\/it\/wp-content\/uploads\/sites\/10\/2019\/12\/stagpartynight-e1578565505687.png","contentUrl":"https:\/\/stagpartynight.com\/it\/wp-content\/uploads\/sites\/10\/2019\/12\/stagpartynight-e1578565505687.png","width":400,"height":400,"caption":"Stag Party Night"},"image":{"@id":"https:\/\/stagpartynight.com\/it\/#\/schema\/logo\/image\/"}}]}},"_links":{"self":[{"href":"https:\/\/stagpartynight.com\/it\/wp-json\/wp\/v2\/product\/3718","targetHints":{"allow":["GET"]}}],"collection":[{"href":"https:\/\/stagpartynight.com\/it\/wp-json\/wp\/v2\/product"}],"about":[{"href":"https:\/\/stagpartynight.com\/it\/wp-json\/wp\/v2\/types\/product"}],"replies":[{"embeddable":true,"href":"https:\/\/stagpartynight.com\/it\/wp-json\/wp\/v2\/comments?post=3718"}],"wp:featuredmedia":[{"embeddable":true,"href":"https:\/\/stagpartynight.com\/it\/wp-json\/wp\/v2\/media\/3719"}],"wp:attachment":[{"href":"https:\/\/stagpartynight.com\/it\/wp-json\/wp\/v2\/media?parent=3718"}],"wp:term":[{"taxonomy":"product_brand","embeddable":true,"href":"https:\/\/stagpartynight.com\/it\/wp-json\/wp\/v2\/product_brand?post=3718"},{"taxonomy":"product_cat","embeddable":true,"href":"https:\/\/stagpartynight.com\/it\/wp-json\/wp\/v2\/product_cat?post=3718"},{"taxonomy":"product_tag","embeddable":true,"href":"https:\/\/stagpartynight.com\/it\/wp-json\/wp\/v2\/product_tag?post=3718"}],"curies":[{"name":"wp","href":"https:\/\/api.w.org\/{rel}","templated":true}]}}