{"id":3744,"date":"2024-01-03T12:01:57","date_gmt":"2024-01-03T11:01:57","guid":{"rendered":"https:\/\/stagpartynight.com\/it\/?post_type=product&#038;p=3744"},"modified":"2024-01-18T12:09:40","modified_gmt":"2024-01-18T11:09:40","slug":"kayak-senza-guida-maiorca","status":"publish","type":"product","link":"https:\/\/stagpartynight.com\/it\/product\/kayak-senza-guida-maiorca\/","title":{"rendered":"Kayak senza guida Maiorca"},"content":{"rendered":"<p>Kayak senza guida a Maiorca. Se sei un&#8217;anima libera, noleggia un kayak con i tuoi amici per un&#8217;ora senza guida, decidete voi il percorso.<\/p>\n<p>Le migliori feste di addio al celibato con <a href=\"https:\/\/stagpartynight.com\/\">StagParty<\/a>!<\/p>\n<h2 style=\"text-align: center;\">Kayak senza guida Maiorca \ud83c\udf0a<\/h2>\n<h4 style=\"text-align: left;\">\ud83d\udea3\u200d\u2642\ufe0f Esplora le Acque Cristalline di Palma de Mallorca in Kayak! \ud83c\udf0a\ud83c\udf34<\/h4>\n<p>\ud83c\udf1eImbarcati per un&#8217;avventura marina in totale libert\u00e0 con il noleggio kayak a Palma de Mallorca! \ud83d\udea3\u200d\u2640\ufe0f<\/p>\n<p>\ud83d\udef6 Noleggio Senza Guida: Opta per la massima libert\u00e0 noleggiando un kayak senza guida. Esplora le magnifiche acque cristalline di Palma de Mallorca al tuo ritmo, circondato dalla bellezza naturale che caratterizza questa isola mediterranea.<\/p>\n<p>\ud83d\udc6b Kayak Doppi per un Gruppo Perfetto: I kayak doppi sono perfetti per un&#8217;esperienza condivisa. Raduna i tuoi amici e immergiti nell&#8217;avventura, poich\u00e9 i kayak doppi richiedono un numero pari per navigare in armonia. Condividi momenti indimenticabili con il tuo compagno di bordo.<\/p>\n<p>\ud83d\udd52 Noleggio Flessibile: Opta per un noleggio di un&#8217;ora o pi\u00f9, a seconda del tuo desiderio. Trascorri una mattina soleggiata o goditi un pomeriggio rilassato pagaiando attraverso le acque scintillanti del Mediterraneo.<\/p>\n<p>\ud83c\udf1e Scopri la Magia di <a href=\"https:\/\/es.wikipedia.org\/wiki\/Palma_de_Mallorca\">Palma de Mallorca<\/a>: Pagaia lungo la costa, esplora insenature nascoste e assorbi il fascino naturale di Palma de Mallorca. Questa attivit\u00e0 di kayak ti permette di scoprire l&#8217;isola in modo unico.<\/p>\n<p>Imbarcati per un&#8217;esperienza di kayak che unisce esplorazione, libert\u00e0 e convivialit\u00e0. Il noleggio kayak senza guida a Palma de Mallorca offre un&#8217;opportunit\u00e0 ideale per vivere l&#8217;isola in modo autentico e memorabile. \ud83d\udea3\u200d\u2642\ufe0f\ud83c\udf05<\/p>\n<p style=\"text-align: center;\">\ud83c\udf0a Prenota Ora per un&#8217;Avventura Acquatica KAYAK SENZA GUIDA MAIORCA\ud83c\udf0a<\/p>\n","protected":false},"excerpt":{"rendered":"<p>Kayak senza guida a Maiorca. Se sei un&#8217;anima libera, noleggia un kayak con i tuoi amici per un&#8217;ora senza guida, decidete voi il percorso. Le migliori feste di addio al celibato con StagParty! Kayak senza guida Maiorca \ud83c\udf0a \ud83d\udea3\u200d\u2642\ufe0f Esplora le Acque Cristalline di Palma de Mallorca in Kayak! \ud83c\udf0a\ud83c\udf34 \ud83c\udf1eImbarcati per un&#8217;avventura marina in [&hellip;]<\/p>\n","protected":false},"featured_media":3745,"comment_status":"open","ping_status":"closed","template":"","meta":{"_et_pb_use_builder":"","_et_pb_old_content":"","_et_gb_content_width":""},"product_brand":[],"product_cat":[19,342],"product_tag":[],"class_list":{"0":"post-3744","1":"product","2":"type-product","3":"status-publish","4":"has-post-thumbnail","6":"product_cat-sin-categorizar","7":"product_cat-mallorca","9":"first","10":"instock","11":"shipping-taxable","12":"product-type-simple"},"yoast_head":"<!-- This site is optimized with the Yoast SEO plugin v26.4 - https:\/\/yoast.com\/wordpress\/plugins\/seo\/ -->\n<title>Kayak senza guida Maiorca<\/title>\n<meta name=\"description\" content=\"Kayak senza guida Maiorca. Se sei un&#039;anima libera, noleggia un kayak con i tuoi amici per un&#039;ora senza guida, decidete voi il percorso.\" \/>\n<meta name=\"robots\" content=\"index, follow, max-snippet:-1, max-image-preview:large, max-video-preview:-1\" \/>\n<link rel=\"canonical\" href=\"https:\/\/stagpartynight.com\/it\/product\/kayak-senza-guida-maiorca\/\" \/>\n<meta property=\"og:locale\" content=\"es_ES\" \/>\n<meta property=\"og:type\" content=\"article\" \/>\n<meta property=\"og:title\" content=\"Kayak senza guida Maiorca\" \/>\n<meta property=\"og:description\" content=\"Kayak senza guida Maiorca. Se sei un&#039;anima libera, noleggia un kayak con i tuoi amici per un&#039;ora senza guida, decidete voi il percorso.\" \/>\n<meta property=\"og:url\" content=\"https:\/\/stagpartynight.com\/it\/product\/kayak-senza-guida-maiorca\/\" \/>\n<meta property=\"og:site_name\" content=\"Addii - Scopri le idee pi\u00f9 originali per il tuo prossimo addio\" \/>\n<meta property=\"article:modified_time\" content=\"2024-01-18T11:09:40+00:00\" \/>\n<meta property=\"og:image\" content=\"https:\/\/stagpartynight.com\/it\/wp-content\/uploads\/sites\/10\/2024\/01\/Kayak-senza-guida-Maiorca.jpg\" \/>\n\t<meta property=\"og:image:width\" content=\"1280\" \/>\n\t<meta property=\"og:image:height\" content=\"1920\" \/>\n\t<meta property=\"og:image:type\" content=\"image\/jpeg\" \/>\n<meta name=\"twitter:card\" content=\"summary_large_image\" \/>\n<meta name=\"twitter:label1\" content=\"Tiempo de lectura\" \/>\n\t<meta name=\"twitter:data1\" content=\"2 minutos\" \/>\n<script type=\"application\/ld+json\" class=\"yoast-schema-graph\">{\"@context\":\"https:\/\/schema.org\",\"@graph\":[{\"@type\":\"WebPage\",\"@id\":\"https:\/\/stagpartynight.com\/it\/product\/kayak-senza-guida-maiorca\/\",\"url\":\"https:\/\/stagpartynight.com\/it\/product\/kayak-senza-guida-maiorca\/\",\"name\":\"Kayak senza guida Maiorca\",\"isPartOf\":{\"@id\":\"https:\/\/stagpartynight.com\/it\/#website\"},\"primaryImageOfPage\":{\"@id\":\"https:\/\/stagpartynight.com\/it\/product\/kayak-senza-guida-maiorca\/#primaryimage\"},\"image\":{\"@id\":\"https:\/\/stagpartynight.com\/it\/product\/kayak-senza-guida-maiorca\/#primaryimage\"},\"thumbnailUrl\":\"https:\/\/stagpartynight.com\/it\/wp-content\/uploads\/sites\/10\/2024\/01\/Kayak-senza-guida-Maiorca.jpg\",\"datePublished\":\"2024-01-03T11:01:57+00:00\",\"dateModified\":\"2024-01-18T11:09:40+00:00\",\"description\":\"Kayak senza guida Maiorca. Se sei un'anima libera, noleggia un kayak con i tuoi amici per un'ora senza guida, decidete voi il percorso.\",\"breadcrumb\":{\"@id\":\"https:\/\/stagpartynight.com\/it\/product\/kayak-senza-guida-maiorca\/#breadcrumb\"},\"inLanguage\":\"es\",\"potentialAction\":[{\"@type\":\"ReadAction\",\"target\":[\"https:\/\/stagpartynight.com\/it\/product\/kayak-senza-guida-maiorca\/\"]}]},{\"@type\":\"ImageObject\",\"inLanguage\":\"es\",\"@id\":\"https:\/\/stagpartynight.com\/it\/product\/kayak-senza-guida-maiorca\/#primaryimage\",\"url\":\"https:\/\/stagpartynight.com\/it\/wp-content\/uploads\/sites\/10\/2024\/01\/Kayak-senza-guida-Maiorca.jpg\",\"contentUrl\":\"https:\/\/stagpartynight.com\/it\/wp-content\/uploads\/sites\/10\/2024\/01\/Kayak-senza-guida-Maiorca.jpg\",\"width\":1280,\"height\":1920,\"caption\":\"Kayak senza guida Maiorca\"},{\"@type\":\"BreadcrumbList\",\"@id\":\"https:\/\/stagpartynight.com\/it\/product\/kayak-senza-guida-maiorca\/#breadcrumb\",\"itemListElement\":[{\"@type\":\"ListItem\",\"position\":1,\"name\":\"Home\",\"item\":\"https:\/\/stagpartynight.com\/it\/\"},{\"@type\":\"ListItem\",\"position\":2,\"name\":\"Tienda\",\"item\":\"https:\/\/stagpartynight.com\/it\/tienda\/\"},{\"@type\":\"ListItem\",\"position\":3,\"name\":\"Kayak senza guida Maiorca\"}]},{\"@type\":\"WebSite\",\"@id\":\"https:\/\/stagpartynight.com\/it\/#website\",\"url\":\"https:\/\/stagpartynight.com\/it\/\",\"name\":\"Stag Party Night\",\"description\":\"Your Stag Party Customized\",\"publisher\":{\"@id\":\"https:\/\/stagpartynight.com\/it\/#organization\"},\"potentialAction\":[{\"@type\":\"SearchAction\",\"target\":{\"@type\":\"EntryPoint\",\"urlTemplate\":\"https:\/\/stagpartynight.com\/it\/?s={search_term_string}\"},\"query-input\":{\"@type\":\"PropertyValueSpecification\",\"valueRequired\":true,\"valueName\":\"search_term_string\"}}],\"inLanguage\":\"es\"},{\"@type\":\"Organization\",\"@id\":\"https:\/\/stagpartynight.com\/it\/#organization\",\"name\":\"Stag Party Night\",\"url\":\"https:\/\/stagpartynight.com\/it\/\",\"logo\":{\"@type\":\"ImageObject\",\"inLanguage\":\"es\",\"@id\":\"https:\/\/stagpartynight.com\/it\/#\/schema\/logo\/image\/\",\"url\":\"https:\/\/stagpartynight.com\/it\/wp-content\/uploads\/sites\/10\/2019\/12\/stagpartynight-e1578565505687.png\",\"contentUrl\":\"https:\/\/stagpartynight.com\/it\/wp-content\/uploads\/sites\/10\/2019\/12\/stagpartynight-e1578565505687.png\",\"width\":400,\"height\":400,\"caption\":\"Stag Party Night\"},\"image\":{\"@id\":\"https:\/\/stagpartynight.com\/it\/#\/schema\/logo\/image\/\"}}]}<\/script>\n<!-- \/ Yoast SEO plugin. -->","yoast_head_json":{"title":"Kayak senza guida Maiorca","description":"Kayak senza guida Maiorca. Se sei un'anima libera, noleggia un kayak con i tuoi amici per un'ora senza guida, decidete voi il percorso.","robots":{"index":"index","follow":"follow","max-snippet":"max-snippet:-1","max-image-preview":"max-image-preview:large","max-video-preview":"max-video-preview:-1"},"canonical":"https:\/\/stagpartynight.com\/it\/product\/kayak-senza-guida-maiorca\/","og_locale":"es_ES","og_type":"article","og_title":"Kayak senza guida Maiorca","og_description":"Kayak senza guida Maiorca. Se sei un'anima libera, noleggia un kayak con i tuoi amici per un'ora senza guida, decidete voi il percorso.","og_url":"https:\/\/stagpartynight.com\/it\/product\/kayak-senza-guida-maiorca\/","og_site_name":"Addii - Scopri le idee pi\u00f9 originali per il tuo prossimo addio","article_modified_time":"2024-01-18T11:09:40+00:00","og_image":[{"width":1280,"height":1920,"url":"https:\/\/stagpartynight.com\/it\/wp-content\/uploads\/sites\/10\/2024\/01\/Kayak-senza-guida-Maiorca.jpg","type":"image\/jpeg"}],"twitter_card":"summary_large_image","twitter_misc":{"Tiempo de lectura":"2 minutos"},"schema":{"@context":"https:\/\/schema.org","@graph":[{"@type":"WebPage","@id":"https:\/\/stagpartynight.com\/it\/product\/kayak-senza-guida-maiorca\/","url":"https:\/\/stagpartynight.com\/it\/product\/kayak-senza-guida-maiorca\/","name":"Kayak senza guida Maiorca","isPartOf":{"@id":"https:\/\/stagpartynight.com\/it\/#website"},"primaryImageOfPage":{"@id":"https:\/\/stagpartynight.com\/it\/product\/kayak-senza-guida-maiorca\/#primaryimage"},"image":{"@id":"https:\/\/stagpartynight.com\/it\/product\/kayak-senza-guida-maiorca\/#primaryimage"},"thumbnailUrl":"https:\/\/stagpartynight.com\/it\/wp-content\/uploads\/sites\/10\/2024\/01\/Kayak-senza-guida-Maiorca.jpg","datePublished":"2024-01-03T11:01:57+00:00","dateModified":"2024-01-18T11:09:40+00:00","description":"Kayak senza guida Maiorca. Se sei un'anima libera, noleggia un kayak con i tuoi amici per un'ora senza guida, decidete voi il percorso.","breadcrumb":{"@id":"https:\/\/stagpartynight.com\/it\/product\/kayak-senza-guida-maiorca\/#breadcrumb"},"inLanguage":"es","potentialAction":[{"@type":"ReadAction","target":["https:\/\/stagpartynight.com\/it\/product\/kayak-senza-guida-maiorca\/"]}]},{"@type":"ImageObject","inLanguage":"es","@id":"https:\/\/stagpartynight.com\/it\/product\/kayak-senza-guida-maiorca\/#primaryimage","url":"https:\/\/stagpartynight.com\/it\/wp-content\/uploads\/sites\/10\/2024\/01\/Kayak-senza-guida-Maiorca.jpg","contentUrl":"https:\/\/stagpartynight.com\/it\/wp-content\/uploads\/sites\/10\/2024\/01\/Kayak-senza-guida-Maiorca.jpg","width":1280,"height":1920,"caption":"Kayak senza guida Maiorca"},{"@type":"BreadcrumbList","@id":"https:\/\/stagpartynight.com\/it\/product\/kayak-senza-guida-maiorca\/#breadcrumb","itemListElement":[{"@type":"ListItem","position":1,"name":"Home","item":"https:\/\/stagpartynight.com\/it\/"},{"@type":"ListItem","position":2,"name":"Tienda","item":"https:\/\/stagpartynight.com\/it\/tienda\/"},{"@type":"ListItem","position":3,"name":"Kayak senza guida Maiorca"}]},{"@type":"WebSite","@id":"https:\/\/stagpartynight.com\/it\/#website","url":"https:\/\/stagpartynight.com\/it\/","name":"Stag Party Night","description":"Your Stag Party Customized","publisher":{"@id":"https:\/\/stagpartynight.com\/it\/#organization"},"potentialAction":[{"@type":"SearchAction","target":{"@type":"EntryPoint","urlTemplate":"https:\/\/stagpartynight.com\/it\/?s={search_term_string}"},"query-input":{"@type":"PropertyValueSpecification","valueRequired":true,"valueName":"search_term_string"}}],"inLanguage":"es"},{"@type":"Organization","@id":"https:\/\/stagpartynight.com\/it\/#organization","name":"Stag Party Night","url":"https:\/\/stagpartynight.com\/it\/","logo":{"@type":"ImageObject","inLanguage":"es","@id":"https:\/\/stagpartynight.com\/it\/#\/schema\/logo\/image\/","url":"https:\/\/stagpartynight.com\/it\/wp-content\/uploads\/sites\/10\/2019\/12\/stagpartynight-e1578565505687.png","contentUrl":"https:\/\/stagpartynight.com\/it\/wp-content\/uploads\/sites\/10\/2019\/12\/stagpartynight-e1578565505687.png","width":400,"height":400,"caption":"Stag Party Night"},"image":{"@id":"https:\/\/stagpartynight.com\/it\/#\/schema\/logo\/image\/"}}]}},"_links":{"self":[{"href":"https:\/\/stagpartynight.com\/it\/wp-json\/wp\/v2\/product\/3744","targetHints":{"allow":["GET"]}}],"collection":[{"href":"https:\/\/stagpartynight.com\/it\/wp-json\/wp\/v2\/product"}],"about":[{"href":"https:\/\/stagpartynight.com\/it\/wp-json\/wp\/v2\/types\/product"}],"replies":[{"embeddable":true,"href":"https:\/\/stagpartynight.com\/it\/wp-json\/wp\/v2\/comments?post=3744"}],"wp:featuredmedia":[{"embeddable":true,"href":"https:\/\/stagpartynight.com\/it\/wp-json\/wp\/v2\/media\/3745"}],"wp:attachment":[{"href":"https:\/\/stagpartynight.com\/it\/wp-json\/wp\/v2\/media?parent=3744"}],"wp:term":[{"taxonomy":"product_brand","embeddable":true,"href":"https:\/\/stagpartynight.com\/it\/wp-json\/wp\/v2\/product_brand?post=3744"},{"taxonomy":"product_cat","embeddable":true,"href":"https:\/\/stagpartynight.com\/it\/wp-json\/wp\/v2\/product_cat?post=3744"},{"taxonomy":"product_tag","embeddable":true,"href":"https:\/\/stagpartynight.com\/it\/wp-json\/wp\/v2\/product_tag?post=3744"}],"curies":[{"name":"wp","href":"https:\/\/api.w.org\/{rel}","templated":true}]}}