{"id":3748,"date":"2024-01-03T12:11:21","date_gmt":"2024-01-03T11:11:21","guid":{"rendered":"https:\/\/stagpartynight.com\/it\/?post_type=product&#038;p=3748"},"modified":"2024-01-18T12:09:39","modified_gmt":"2024-01-18T11:09:39","slug":"spogliarellista-maschio-maiorca","status":"publish","type":"product","link":"https:\/\/stagpartynight.com\/it\/product\/spogliarellista-maschio-maiorca\/","title":{"rendered":"Spogliarellista maschio Maiorca"},"content":{"rendered":"<p>Spogliarellista maschio Maiorca. Striper Main Maiorca. Alzate la temperatura con il ballerino sexy che far\u00e0 pensare alla sposa se sposarsi sia davvero la migliore idea. Muscoli e fuoco allo stato puro.<\/p>\n<p>Le migliori feste di addio al celibato e al nubilato con <a href=\"https:\/\/stagpartynight.com\/\">StagParty<\/a>!<\/p>\n<h2 style=\"text-align: center;\">Spogliarellista maschio Maiorca\ud83d\udd25<\/h2>\n<h4 style=\"text-align: left;\">Vivi l&#8217;esperienza della sensualit\u00e0 e del divertimento: un uomo veramente sexy pronto a sedurre la tua futura sposa! \ud83c\udfb6<\/h4>\n<p>Prenota un momento di puro erotismo e piacere con il nostro esclusivo spettacolo di danza sensuale della durata di quindici minuti. Un uomo con un corpo da urlo pronto a far capire alla sposa che forse sposarsi non \u00e8 la migliore idea&#8230;..<\/p>\n<p>\ud83c\udf1f Erotismo allo stato puro:<\/p>\n<p>Il nostro uomo non si limiter\u00e0 ad usare una sedia per accogliere la sposa, la far\u00e0 anche ballare al ritmo della musica pi\u00f9 sensuale. La temperatura salir\u00e0 cos\u00ec tanto che sar\u00e0 costretto a iniziare a spogliarsi&#8230;.<\/p>\n<p>\ud83d\udc83 Un&#8217;esperienza su misura:<\/p>\n<p>Questo spettacolo ruota attorno alla sposa. Il ballerino si sposter\u00e0 dove desiderate, garantendo un&#8217;esperienza personalizzata e unica. In un ambiente intimo a casa o in un luogo speciale, preparatevi a essere le protagoniste di uno spettacolo indimenticabile.<\/p>\n<p>\ud83d\udd25 Uno spettacolo che lascia il segno:<\/p>\n<p>L&#8217;atmosfera sensuale, la temperatura che sale e tutte le vostre amiche che osservano i movimenti sexy dell&#8217;uomo. Ogni movimento \u00e8 studiato per eccitare&#8230;<br \/>\nGodetevi il peccato a Maiorca. Godetevi Spogliarellista maschio Maiorca!<\/p>\n<p style=\"text-align: center;\">Scelta tra <a href=\"https:\/\/es.wikipedia.org\/wiki\/Palma_de_Mallorca\">Palma<\/a> e Magaluf (prezzi variabili).<\/p>\n","protected":false},"excerpt":{"rendered":"<p>Spogliarellista maschio Maiorca. Striper Main Maiorca. Alzate la temperatura con il ballerino sexy che far\u00e0 pensare alla sposa se sposarsi sia davvero la migliore idea. Muscoli e fuoco allo stato puro. Le migliori feste di addio al celibato e al nubilato con StagParty! Spogliarellista maschio Maiorca\ud83d\udd25 Vivi l&#8217;esperienza della sensualit\u00e0 e del divertimento: un uomo [&hellip;]<\/p>\n","protected":false},"featured_media":3679,"comment_status":"open","ping_status":"closed","template":"","meta":{"_et_pb_use_builder":"","_et_pb_old_content":"","_et_gb_content_width":""},"product_brand":[],"product_cat":[19,342],"product_tag":[],"class_list":{"0":"post-3748","1":"product","2":"type-product","3":"status-publish","4":"has-post-thumbnail","6":"product_cat-sin-categorizar","7":"product_cat-mallorca","9":"first","10":"instock","11":"shipping-taxable","12":"product-type-simple"},"yoast_head":"<!-- This site is optimized with the Yoast SEO plugin v26.4 - https:\/\/yoast.com\/wordpress\/plugins\/seo\/ -->\n<title>Spogliarellista maschio Maiorca<\/title>\n<meta name=\"description\" content=\"Spogliarellista maschio Maiorca. Striper Maiorca. Alzate la temperatura con il ballerino sexy. Muscoli e fuoco allo stato puro.\" \/>\n<meta name=\"robots\" content=\"index, follow, max-snippet:-1, max-image-preview:large, max-video-preview:-1\" \/>\n<link rel=\"canonical\" href=\"https:\/\/stagpartynight.com\/it\/product\/spogliarellista-maschio-maiorca\/\" \/>\n<meta property=\"og:locale\" content=\"es_ES\" \/>\n<meta property=\"og:type\" content=\"article\" \/>\n<meta property=\"og:title\" content=\"Spogliarellista maschio Maiorca\" \/>\n<meta property=\"og:description\" content=\"Spogliarellista maschio Maiorca. Striper Maiorca. Alzate la temperatura con il ballerino sexy. Muscoli e fuoco allo stato puro.\" \/>\n<meta property=\"og:url\" content=\"https:\/\/stagpartynight.com\/it\/product\/spogliarellista-maschio-maiorca\/\" \/>\n<meta property=\"og:site_name\" content=\"Addii - Scopri le idee pi\u00f9 originali per il tuo prossimo addio\" \/>\n<meta property=\"article:modified_time\" content=\"2024-01-18T11:09:39+00:00\" \/>\n<meta property=\"og:image\" content=\"https:\/\/stagpartynight.com\/it\/wp-content\/uploads\/sites\/10\/2023\/12\/Sexy-Majordome-de-Ibiza.jpg\" \/>\n\t<meta property=\"og:image:width\" content=\"900\" \/>\n\t<meta property=\"og:image:height\" content=\"720\" \/>\n\t<meta property=\"og:image:type\" content=\"image\/jpeg\" \/>\n<meta name=\"twitter:card\" content=\"summary_large_image\" \/>\n<meta name=\"twitter:label1\" content=\"Tiempo de lectura\" \/>\n\t<meta name=\"twitter:data1\" content=\"2 minutos\" \/>\n<script type=\"application\/ld+json\" class=\"yoast-schema-graph\">{\"@context\":\"https:\/\/schema.org\",\"@graph\":[{\"@type\":\"WebPage\",\"@id\":\"https:\/\/stagpartynight.com\/it\/product\/spogliarellista-maschio-maiorca\/\",\"url\":\"https:\/\/stagpartynight.com\/it\/product\/spogliarellista-maschio-maiorca\/\",\"name\":\"Spogliarellista maschio Maiorca\",\"isPartOf\":{\"@id\":\"https:\/\/stagpartynight.com\/it\/#website\"},\"primaryImageOfPage\":{\"@id\":\"https:\/\/stagpartynight.com\/it\/product\/spogliarellista-maschio-maiorca\/#primaryimage\"},\"image\":{\"@id\":\"https:\/\/stagpartynight.com\/it\/product\/spogliarellista-maschio-maiorca\/#primaryimage\"},\"thumbnailUrl\":\"https:\/\/stagpartynight.com\/it\/wp-content\/uploads\/sites\/10\/2023\/12\/Sexy-Majordome-de-Ibiza.jpg\",\"datePublished\":\"2024-01-03T11:11:21+00:00\",\"dateModified\":\"2024-01-18T11:09:39+00:00\",\"description\":\"Spogliarellista maschio Maiorca. Striper Maiorca. Alzate la temperatura con il ballerino sexy. Muscoli e fuoco allo stato puro.\",\"breadcrumb\":{\"@id\":\"https:\/\/stagpartynight.com\/it\/product\/spogliarellista-maschio-maiorca\/#breadcrumb\"},\"inLanguage\":\"es\",\"potentialAction\":[{\"@type\":\"ReadAction\",\"target\":[\"https:\/\/stagpartynight.com\/it\/product\/spogliarellista-maschio-maiorca\/\"]}]},{\"@type\":\"ImageObject\",\"inLanguage\":\"es\",\"@id\":\"https:\/\/stagpartynight.com\/it\/product\/spogliarellista-maschio-maiorca\/#primaryimage\",\"url\":\"https:\/\/stagpartynight.com\/it\/wp-content\/uploads\/sites\/10\/2023\/12\/Sexy-Majordome-de-Ibiza.jpg\",\"contentUrl\":\"https:\/\/stagpartynight.com\/it\/wp-content\/uploads\/sites\/10\/2023\/12\/Sexy-Majordome-de-Ibiza.jpg\",\"width\":900,\"height\":720,\"caption\":\"Maggiordomo Sexy Maiorca\"},{\"@type\":\"BreadcrumbList\",\"@id\":\"https:\/\/stagpartynight.com\/it\/product\/spogliarellista-maschio-maiorca\/#breadcrumb\",\"itemListElement\":[{\"@type\":\"ListItem\",\"position\":1,\"name\":\"Home\",\"item\":\"https:\/\/stagpartynight.com\/it\/\"},{\"@type\":\"ListItem\",\"position\":2,\"name\":\"Tienda\",\"item\":\"https:\/\/stagpartynight.com\/it\/tienda\/\"},{\"@type\":\"ListItem\",\"position\":3,\"name\":\"Spogliarellista maschio Maiorca\"}]},{\"@type\":\"WebSite\",\"@id\":\"https:\/\/stagpartynight.com\/it\/#website\",\"url\":\"https:\/\/stagpartynight.com\/it\/\",\"name\":\"Stag Party Night\",\"description\":\"Your Stag Party Customized\",\"publisher\":{\"@id\":\"https:\/\/stagpartynight.com\/it\/#organization\"},\"potentialAction\":[{\"@type\":\"SearchAction\",\"target\":{\"@type\":\"EntryPoint\",\"urlTemplate\":\"https:\/\/stagpartynight.com\/it\/?s={search_term_string}\"},\"query-input\":{\"@type\":\"PropertyValueSpecification\",\"valueRequired\":true,\"valueName\":\"search_term_string\"}}],\"inLanguage\":\"es\"},{\"@type\":\"Organization\",\"@id\":\"https:\/\/stagpartynight.com\/it\/#organization\",\"name\":\"Stag Party Night\",\"url\":\"https:\/\/stagpartynight.com\/it\/\",\"logo\":{\"@type\":\"ImageObject\",\"inLanguage\":\"es\",\"@id\":\"https:\/\/stagpartynight.com\/it\/#\/schema\/logo\/image\/\",\"url\":\"https:\/\/stagpartynight.com\/it\/wp-content\/uploads\/sites\/10\/2019\/12\/stagpartynight-e1578565505687.png\",\"contentUrl\":\"https:\/\/stagpartynight.com\/it\/wp-content\/uploads\/sites\/10\/2019\/12\/stagpartynight-e1578565505687.png\",\"width\":400,\"height\":400,\"caption\":\"Stag Party Night\"},\"image\":{\"@id\":\"https:\/\/stagpartynight.com\/it\/#\/schema\/logo\/image\/\"}}]}<\/script>\n<!-- \/ Yoast SEO plugin. -->","yoast_head_json":{"title":"Spogliarellista maschio Maiorca","description":"Spogliarellista maschio Maiorca. Striper Maiorca. Alzate la temperatura con il ballerino sexy. Muscoli e fuoco allo stato puro.","robots":{"index":"index","follow":"follow","max-snippet":"max-snippet:-1","max-image-preview":"max-image-preview:large","max-video-preview":"max-video-preview:-1"},"canonical":"https:\/\/stagpartynight.com\/it\/product\/spogliarellista-maschio-maiorca\/","og_locale":"es_ES","og_type":"article","og_title":"Spogliarellista maschio Maiorca","og_description":"Spogliarellista maschio Maiorca. Striper Maiorca. Alzate la temperatura con il ballerino sexy. Muscoli e fuoco allo stato puro.","og_url":"https:\/\/stagpartynight.com\/it\/product\/spogliarellista-maschio-maiorca\/","og_site_name":"Addii - Scopri le idee pi\u00f9 originali per il tuo prossimo addio","article_modified_time":"2024-01-18T11:09:39+00:00","og_image":[{"width":900,"height":720,"url":"https:\/\/stagpartynight.com\/it\/wp-content\/uploads\/sites\/10\/2023\/12\/Sexy-Majordome-de-Ibiza.jpg","type":"image\/jpeg"}],"twitter_card":"summary_large_image","twitter_misc":{"Tiempo de lectura":"2 minutos"},"schema":{"@context":"https:\/\/schema.org","@graph":[{"@type":"WebPage","@id":"https:\/\/stagpartynight.com\/it\/product\/spogliarellista-maschio-maiorca\/","url":"https:\/\/stagpartynight.com\/it\/product\/spogliarellista-maschio-maiorca\/","name":"Spogliarellista maschio Maiorca","isPartOf":{"@id":"https:\/\/stagpartynight.com\/it\/#website"},"primaryImageOfPage":{"@id":"https:\/\/stagpartynight.com\/it\/product\/spogliarellista-maschio-maiorca\/#primaryimage"},"image":{"@id":"https:\/\/stagpartynight.com\/it\/product\/spogliarellista-maschio-maiorca\/#primaryimage"},"thumbnailUrl":"https:\/\/stagpartynight.com\/it\/wp-content\/uploads\/sites\/10\/2023\/12\/Sexy-Majordome-de-Ibiza.jpg","datePublished":"2024-01-03T11:11:21+00:00","dateModified":"2024-01-18T11:09:39+00:00","description":"Spogliarellista maschio Maiorca. Striper Maiorca. Alzate la temperatura con il ballerino sexy. Muscoli e fuoco allo stato puro.","breadcrumb":{"@id":"https:\/\/stagpartynight.com\/it\/product\/spogliarellista-maschio-maiorca\/#breadcrumb"},"inLanguage":"es","potentialAction":[{"@type":"ReadAction","target":["https:\/\/stagpartynight.com\/it\/product\/spogliarellista-maschio-maiorca\/"]}]},{"@type":"ImageObject","inLanguage":"es","@id":"https:\/\/stagpartynight.com\/it\/product\/spogliarellista-maschio-maiorca\/#primaryimage","url":"https:\/\/stagpartynight.com\/it\/wp-content\/uploads\/sites\/10\/2023\/12\/Sexy-Majordome-de-Ibiza.jpg","contentUrl":"https:\/\/stagpartynight.com\/it\/wp-content\/uploads\/sites\/10\/2023\/12\/Sexy-Majordome-de-Ibiza.jpg","width":900,"height":720,"caption":"Maggiordomo Sexy Maiorca"},{"@type":"BreadcrumbList","@id":"https:\/\/stagpartynight.com\/it\/product\/spogliarellista-maschio-maiorca\/#breadcrumb","itemListElement":[{"@type":"ListItem","position":1,"name":"Home","item":"https:\/\/stagpartynight.com\/it\/"},{"@type":"ListItem","position":2,"name":"Tienda","item":"https:\/\/stagpartynight.com\/it\/tienda\/"},{"@type":"ListItem","position":3,"name":"Spogliarellista maschio Maiorca"}]},{"@type":"WebSite","@id":"https:\/\/stagpartynight.com\/it\/#website","url":"https:\/\/stagpartynight.com\/it\/","name":"Stag Party Night","description":"Your Stag Party Customized","publisher":{"@id":"https:\/\/stagpartynight.com\/it\/#organization"},"potentialAction":[{"@type":"SearchAction","target":{"@type":"EntryPoint","urlTemplate":"https:\/\/stagpartynight.com\/it\/?s={search_term_string}"},"query-input":{"@type":"PropertyValueSpecification","valueRequired":true,"valueName":"search_term_string"}}],"inLanguage":"es"},{"@type":"Organization","@id":"https:\/\/stagpartynight.com\/it\/#organization","name":"Stag Party Night","url":"https:\/\/stagpartynight.com\/it\/","logo":{"@type":"ImageObject","inLanguage":"es","@id":"https:\/\/stagpartynight.com\/it\/#\/schema\/logo\/image\/","url":"https:\/\/stagpartynight.com\/it\/wp-content\/uploads\/sites\/10\/2019\/12\/stagpartynight-e1578565505687.png","contentUrl":"https:\/\/stagpartynight.com\/it\/wp-content\/uploads\/sites\/10\/2019\/12\/stagpartynight-e1578565505687.png","width":400,"height":400,"caption":"Stag Party Night"},"image":{"@id":"https:\/\/stagpartynight.com\/it\/#\/schema\/logo\/image\/"}}]}},"_links":{"self":[{"href":"https:\/\/stagpartynight.com\/it\/wp-json\/wp\/v2\/product\/3748","targetHints":{"allow":["GET"]}}],"collection":[{"href":"https:\/\/stagpartynight.com\/it\/wp-json\/wp\/v2\/product"}],"about":[{"href":"https:\/\/stagpartynight.com\/it\/wp-json\/wp\/v2\/types\/product"}],"replies":[{"embeddable":true,"href":"https:\/\/stagpartynight.com\/it\/wp-json\/wp\/v2\/comments?post=3748"}],"wp:featuredmedia":[{"embeddable":true,"href":"https:\/\/stagpartynight.com\/it\/wp-json\/wp\/v2\/media\/3679"}],"wp:attachment":[{"href":"https:\/\/stagpartynight.com\/it\/wp-json\/wp\/v2\/media?parent=3748"}],"wp:term":[{"taxonomy":"product_brand","embeddable":true,"href":"https:\/\/stagpartynight.com\/it\/wp-json\/wp\/v2\/product_brand?post=3748"},{"taxonomy":"product_cat","embeddable":true,"href":"https:\/\/stagpartynight.com\/it\/wp-json\/wp\/v2\/product_cat?post=3748"},{"taxonomy":"product_tag","embeddable":true,"href":"https:\/\/stagpartynight.com\/it\/wp-json\/wp\/v2\/product_tag?post=3748"}],"curies":[{"name":"wp","href":"https:\/\/api.w.org\/{rel}","templated":true}]}}