{"id":3753,"date":"2024-01-03T12:30:56","date_gmt":"2024-01-03T11:30:56","guid":{"rendered":"https:\/\/stagpartynight.com\/it\/?post_type=product&#038;p=3753"},"modified":"2024-01-30T10:52:09","modified_gmt":"2024-01-30T09:52:09","slug":"maggiordomo-sexy-maiorca","status":"publish","type":"product","link":"https:\/\/stagpartynight.com\/it\/product\/maggiordomo-sexy-maiorca\/","title":{"rendered":"Maggiordomo Sexy Maiorca"},"content":{"rendered":"<p>Maggiordomo Sexy Maiorca. Un&#8217;ora di servizio con un maggiordomo spogliato, pronto a servirti? Servizio privato a domicilio.<\/p>\n<p>I migliori addii al celibato e alle celibate con <a href=\"https:\/\/stagpartynight.com\/\">StagParty<\/a>!<\/p>\n<h2 style=\"text-align: center;\">\ud83d\udd25 MaggiordomoSexy Maiorca \ud83d\udd25<\/h2>\n<h4>Goditi un&#8217;ora con un maggiordomo pronto a soddisfare ogni tuo desiderio&#8230;<\/h4>\n<p>Come? \ud83d\udd14<br \/>\nTi garantiamo che il nostro maggiordomo ti lascer\u00e0 senza parole e far\u00e0 salire la temperatura della stanza non appena varcher\u00e0 la porta.<br \/>\nUna fantasia erotica diventata realt\u00e0: un uomo di muscoli puri e fuoco, con pochi vestiti. Il nostro maggiordomo indossa solo un grembiule (che copre solo il davanti del suo corpo&#8230;), una papillon e nessun intimo.<br \/>\nChi non vorrebbe avere un maggiordomo senza vestiti per un&#8217;ora?<\/p>\n<p>Quando lo faresti tu?<br \/>\nDurante la tua vacanza a Ibiza. L&#8217;isola \u00e8 una vera e propria festa. Il maggiordomo \u00e8 disponibile tutti i giorni e a qualsiasi ora. Non pensarci due volte e rendi le tue vacanze a Ibiza un sogno che si avvera.<\/p>\n<p>Cos&#8217;\u00e8? \u2708\ufe0f<br \/>\nIl nostro maggiordomo \u00e8 cos\u00ec attento&#8230; Si recher\u00e0 al tuo hotel o villa. Un servizio completamente privato.<\/p>\n<p>Perch\u00e9?<br \/>\nTutte le donne vorrebbero avere un uomo completamente al loro servizio per un&#8217;ora. Ma se gli togliamo i vestiti&#8230; \u00e8 ancora meglio!<br \/>\nUn&#8217;esperienza erotica, divertente e unica per goderti Maiorca in modo molto originale. \ud83d\udd25<\/p>\n<p style=\"text-align: center;\">Scelta tra <a href=\"https:\/\/es.wikipedia.org\/wiki\/Palma_de_Mallorca\">Palma<\/a> e Magaluf (prezzi variabili).<\/p>\n<p style=\"text-align: center;\">Prenota ora Maggiordomo Sexy Maiorca!\ud83d\udd25<\/p>\n","protected":false},"excerpt":{"rendered":"<p>Maggiordomo Sexy Maiorca. Un&#8217;ora di servizio con un maggiordomo spogliato, pronto a servirti? Servizio privato a domicilio. I migliori addii al celibato e alle celibate con StagParty! \ud83d\udd25 MaggiordomoSexy Maiorca \ud83d\udd25 Goditi un&#8217;ora con un maggiordomo pronto a soddisfare ogni tuo desiderio&#8230; Come? \ud83d\udd14 Ti garantiamo che il nostro maggiordomo ti lascer\u00e0 senza parole e [&hellip;]<\/p>\n","protected":false},"featured_media":3679,"comment_status":"open","ping_status":"closed","template":"","meta":{"_et_pb_use_builder":"","_et_pb_old_content":"","_et_gb_content_width":""},"product_brand":[],"product_cat":[19,113,342],"product_tag":[],"class_list":{"0":"post-3753","1":"product","2":"type-product","3":"status-publish","4":"has-post-thumbnail","6":"product_cat-sin-categorizar","7":"product_cat-ibiza","8":"product_cat-mallorca","10":"first","11":"instock","12":"shipping-taxable","13":"product-type-simple"},"yoast_head":"<!-- This site is optimized with the Yoast SEO plugin v26.4 - https:\/\/yoast.com\/wordpress\/plugins\/seo\/ -->\n<title>Maggiordomo Sexy Maiorca<\/title>\n<meta name=\"description\" content=\"Maggiordomo Sexy Maiorca. Cheeky Butler. Un&#039;ora di servizio con un maggiordomo spogliato, pronto a servirti? Servizio privato a domicilio.\" \/>\n<meta name=\"robots\" content=\"index, follow, max-snippet:-1, max-image-preview:large, max-video-preview:-1\" \/>\n<link rel=\"canonical\" href=\"https:\/\/stagpartynight.com\/it\/product\/maggiordomo-sexy-maiorca\/\" \/>\n<meta property=\"og:locale\" content=\"es_ES\" \/>\n<meta property=\"og:type\" content=\"article\" \/>\n<meta property=\"og:title\" content=\"Maggiordomo Sexy Maiorca\" \/>\n<meta property=\"og:description\" content=\"Maggiordomo Sexy Maiorca. Cheeky Butler. Un&#039;ora di servizio con un maggiordomo spogliato, pronto a servirti? Servizio privato a domicilio.\" \/>\n<meta property=\"og:url\" content=\"https:\/\/stagpartynight.com\/it\/product\/maggiordomo-sexy-maiorca\/\" \/>\n<meta property=\"og:site_name\" content=\"Addii - Scopri le idee pi\u00f9 originali per il tuo prossimo addio\" \/>\n<meta property=\"article:modified_time\" content=\"2024-01-30T09:52:09+00:00\" \/>\n<meta property=\"og:image\" content=\"https:\/\/stagpartynight.com\/it\/wp-content\/uploads\/sites\/10\/2023\/12\/Sexy-Majordome-de-Ibiza.jpg\" \/>\n\t<meta property=\"og:image:width\" content=\"900\" \/>\n\t<meta property=\"og:image:height\" content=\"720\" \/>\n\t<meta property=\"og:image:type\" content=\"image\/jpeg\" \/>\n<meta name=\"twitter:card\" content=\"summary_large_image\" \/>\n<meta name=\"twitter:label1\" content=\"Tiempo de lectura\" \/>\n\t<meta name=\"twitter:data1\" content=\"2 minutos\" \/>\n<script type=\"application\/ld+json\" class=\"yoast-schema-graph\">{\"@context\":\"https:\/\/schema.org\",\"@graph\":[{\"@type\":\"WebPage\",\"@id\":\"https:\/\/stagpartynight.com\/it\/product\/maggiordomo-sexy-maiorca\/\",\"url\":\"https:\/\/stagpartynight.com\/it\/product\/maggiordomo-sexy-maiorca\/\",\"name\":\"Maggiordomo Sexy Maiorca\",\"isPartOf\":{\"@id\":\"https:\/\/stagpartynight.com\/it\/#website\"},\"primaryImageOfPage\":{\"@id\":\"https:\/\/stagpartynight.com\/it\/product\/maggiordomo-sexy-maiorca\/#primaryimage\"},\"image\":{\"@id\":\"https:\/\/stagpartynight.com\/it\/product\/maggiordomo-sexy-maiorca\/#primaryimage\"},\"thumbnailUrl\":\"https:\/\/stagpartynight.com\/it\/wp-content\/uploads\/sites\/10\/2023\/12\/Sexy-Majordome-de-Ibiza.jpg\",\"datePublished\":\"2024-01-03T11:30:56+00:00\",\"dateModified\":\"2024-01-30T09:52:09+00:00\",\"description\":\"Maggiordomo Sexy Maiorca. Cheeky Butler. Un'ora di servizio con un maggiordomo spogliato, pronto a servirti? Servizio privato a domicilio.\",\"breadcrumb\":{\"@id\":\"https:\/\/stagpartynight.com\/it\/product\/maggiordomo-sexy-maiorca\/#breadcrumb\"},\"inLanguage\":\"es\",\"potentialAction\":[{\"@type\":\"ReadAction\",\"target\":[\"https:\/\/stagpartynight.com\/it\/product\/maggiordomo-sexy-maiorca\/\"]}]},{\"@type\":\"ImageObject\",\"inLanguage\":\"es\",\"@id\":\"https:\/\/stagpartynight.com\/it\/product\/maggiordomo-sexy-maiorca\/#primaryimage\",\"url\":\"https:\/\/stagpartynight.com\/it\/wp-content\/uploads\/sites\/10\/2023\/12\/Sexy-Majordome-de-Ibiza.jpg\",\"contentUrl\":\"https:\/\/stagpartynight.com\/it\/wp-content\/uploads\/sites\/10\/2023\/12\/Sexy-Majordome-de-Ibiza.jpg\",\"width\":900,\"height\":720,\"caption\":\"Maggiordomo Sexy Maiorca\"},{\"@type\":\"BreadcrumbList\",\"@id\":\"https:\/\/stagpartynight.com\/it\/product\/maggiordomo-sexy-maiorca\/#breadcrumb\",\"itemListElement\":[{\"@type\":\"ListItem\",\"position\":1,\"name\":\"Home\",\"item\":\"https:\/\/stagpartynight.com\/it\/\"},{\"@type\":\"ListItem\",\"position\":2,\"name\":\"Tienda\",\"item\":\"https:\/\/stagpartynight.com\/it\/tienda\/\"},{\"@type\":\"ListItem\",\"position\":3,\"name\":\"Maggiordomo Sexy Maiorca\"}]},{\"@type\":\"WebSite\",\"@id\":\"https:\/\/stagpartynight.com\/it\/#website\",\"url\":\"https:\/\/stagpartynight.com\/it\/\",\"name\":\"Stag Party Night\",\"description\":\"Your Stag Party Customized\",\"publisher\":{\"@id\":\"https:\/\/stagpartynight.com\/it\/#organization\"},\"potentialAction\":[{\"@type\":\"SearchAction\",\"target\":{\"@type\":\"EntryPoint\",\"urlTemplate\":\"https:\/\/stagpartynight.com\/it\/?s={search_term_string}\"},\"query-input\":{\"@type\":\"PropertyValueSpecification\",\"valueRequired\":true,\"valueName\":\"search_term_string\"}}],\"inLanguage\":\"es\"},{\"@type\":\"Organization\",\"@id\":\"https:\/\/stagpartynight.com\/it\/#organization\",\"name\":\"Stag Party Night\",\"url\":\"https:\/\/stagpartynight.com\/it\/\",\"logo\":{\"@type\":\"ImageObject\",\"inLanguage\":\"es\",\"@id\":\"https:\/\/stagpartynight.com\/it\/#\/schema\/logo\/image\/\",\"url\":\"https:\/\/stagpartynight.com\/it\/wp-content\/uploads\/sites\/10\/2019\/12\/stagpartynight-e1578565505687.png\",\"contentUrl\":\"https:\/\/stagpartynight.com\/it\/wp-content\/uploads\/sites\/10\/2019\/12\/stagpartynight-e1578565505687.png\",\"width\":400,\"height\":400,\"caption\":\"Stag Party Night\"},\"image\":{\"@id\":\"https:\/\/stagpartynight.com\/it\/#\/schema\/logo\/image\/\"}}]}<\/script>\n<!-- \/ Yoast SEO plugin. -->","yoast_head_json":{"title":"Maggiordomo Sexy Maiorca","description":"Maggiordomo Sexy Maiorca. Cheeky Butler. Un'ora di servizio con un maggiordomo spogliato, pronto a servirti? Servizio privato a domicilio.","robots":{"index":"index","follow":"follow","max-snippet":"max-snippet:-1","max-image-preview":"max-image-preview:large","max-video-preview":"max-video-preview:-1"},"canonical":"https:\/\/stagpartynight.com\/it\/product\/maggiordomo-sexy-maiorca\/","og_locale":"es_ES","og_type":"article","og_title":"Maggiordomo Sexy Maiorca","og_description":"Maggiordomo Sexy Maiorca. Cheeky Butler. Un'ora di servizio con un maggiordomo spogliato, pronto a servirti? Servizio privato a domicilio.","og_url":"https:\/\/stagpartynight.com\/it\/product\/maggiordomo-sexy-maiorca\/","og_site_name":"Addii - Scopri le idee pi\u00f9 originali per il tuo prossimo addio","article_modified_time":"2024-01-30T09:52:09+00:00","og_image":[{"width":900,"height":720,"url":"https:\/\/stagpartynight.com\/it\/wp-content\/uploads\/sites\/10\/2023\/12\/Sexy-Majordome-de-Ibiza.jpg","type":"image\/jpeg"}],"twitter_card":"summary_large_image","twitter_misc":{"Tiempo de lectura":"2 minutos"},"schema":{"@context":"https:\/\/schema.org","@graph":[{"@type":"WebPage","@id":"https:\/\/stagpartynight.com\/it\/product\/maggiordomo-sexy-maiorca\/","url":"https:\/\/stagpartynight.com\/it\/product\/maggiordomo-sexy-maiorca\/","name":"Maggiordomo Sexy Maiorca","isPartOf":{"@id":"https:\/\/stagpartynight.com\/it\/#website"},"primaryImageOfPage":{"@id":"https:\/\/stagpartynight.com\/it\/product\/maggiordomo-sexy-maiorca\/#primaryimage"},"image":{"@id":"https:\/\/stagpartynight.com\/it\/product\/maggiordomo-sexy-maiorca\/#primaryimage"},"thumbnailUrl":"https:\/\/stagpartynight.com\/it\/wp-content\/uploads\/sites\/10\/2023\/12\/Sexy-Majordome-de-Ibiza.jpg","datePublished":"2024-01-03T11:30:56+00:00","dateModified":"2024-01-30T09:52:09+00:00","description":"Maggiordomo Sexy Maiorca. Cheeky Butler. Un'ora di servizio con un maggiordomo spogliato, pronto a servirti? Servizio privato a domicilio.","breadcrumb":{"@id":"https:\/\/stagpartynight.com\/it\/product\/maggiordomo-sexy-maiorca\/#breadcrumb"},"inLanguage":"es","potentialAction":[{"@type":"ReadAction","target":["https:\/\/stagpartynight.com\/it\/product\/maggiordomo-sexy-maiorca\/"]}]},{"@type":"ImageObject","inLanguage":"es","@id":"https:\/\/stagpartynight.com\/it\/product\/maggiordomo-sexy-maiorca\/#primaryimage","url":"https:\/\/stagpartynight.com\/it\/wp-content\/uploads\/sites\/10\/2023\/12\/Sexy-Majordome-de-Ibiza.jpg","contentUrl":"https:\/\/stagpartynight.com\/it\/wp-content\/uploads\/sites\/10\/2023\/12\/Sexy-Majordome-de-Ibiza.jpg","width":900,"height":720,"caption":"Maggiordomo Sexy Maiorca"},{"@type":"BreadcrumbList","@id":"https:\/\/stagpartynight.com\/it\/product\/maggiordomo-sexy-maiorca\/#breadcrumb","itemListElement":[{"@type":"ListItem","position":1,"name":"Home","item":"https:\/\/stagpartynight.com\/it\/"},{"@type":"ListItem","position":2,"name":"Tienda","item":"https:\/\/stagpartynight.com\/it\/tienda\/"},{"@type":"ListItem","position":3,"name":"Maggiordomo Sexy Maiorca"}]},{"@type":"WebSite","@id":"https:\/\/stagpartynight.com\/it\/#website","url":"https:\/\/stagpartynight.com\/it\/","name":"Stag Party Night","description":"Your Stag Party Customized","publisher":{"@id":"https:\/\/stagpartynight.com\/it\/#organization"},"potentialAction":[{"@type":"SearchAction","target":{"@type":"EntryPoint","urlTemplate":"https:\/\/stagpartynight.com\/it\/?s={search_term_string}"},"query-input":{"@type":"PropertyValueSpecification","valueRequired":true,"valueName":"search_term_string"}}],"inLanguage":"es"},{"@type":"Organization","@id":"https:\/\/stagpartynight.com\/it\/#organization","name":"Stag Party Night","url":"https:\/\/stagpartynight.com\/it\/","logo":{"@type":"ImageObject","inLanguage":"es","@id":"https:\/\/stagpartynight.com\/it\/#\/schema\/logo\/image\/","url":"https:\/\/stagpartynight.com\/it\/wp-content\/uploads\/sites\/10\/2019\/12\/stagpartynight-e1578565505687.png","contentUrl":"https:\/\/stagpartynight.com\/it\/wp-content\/uploads\/sites\/10\/2019\/12\/stagpartynight-e1578565505687.png","width":400,"height":400,"caption":"Stag Party Night"},"image":{"@id":"https:\/\/stagpartynight.com\/it\/#\/schema\/logo\/image\/"}}]}},"_links":{"self":[{"href":"https:\/\/stagpartynight.com\/it\/wp-json\/wp\/v2\/product\/3753","targetHints":{"allow":["GET"]}}],"collection":[{"href":"https:\/\/stagpartynight.com\/it\/wp-json\/wp\/v2\/product"}],"about":[{"href":"https:\/\/stagpartynight.com\/it\/wp-json\/wp\/v2\/types\/product"}],"replies":[{"embeddable":true,"href":"https:\/\/stagpartynight.com\/it\/wp-json\/wp\/v2\/comments?post=3753"}],"wp:featuredmedia":[{"embeddable":true,"href":"https:\/\/stagpartynight.com\/it\/wp-json\/wp\/v2\/media\/3679"}],"wp:attachment":[{"href":"https:\/\/stagpartynight.com\/it\/wp-json\/wp\/v2\/media?parent=3753"}],"wp:term":[{"taxonomy":"product_brand","embeddable":true,"href":"https:\/\/stagpartynight.com\/it\/wp-json\/wp\/v2\/product_brand?post=3753"},{"taxonomy":"product_cat","embeddable":true,"href":"https:\/\/stagpartynight.com\/it\/wp-json\/wp\/v2\/product_cat?post=3753"},{"taxonomy":"product_tag","embeddable":true,"href":"https:\/\/stagpartynight.com\/it\/wp-json\/wp\/v2\/product_tag?post=3753"}],"curies":[{"name":"wp","href":"https:\/\/api.w.org\/{rel}","templated":true}]}}